{"id":88417,"date":"2026-05-01T08:32:45","date_gmt":"2026-05-01T13:32:45","guid":{"rendered":"https:\/\/efficiencymb.ca\/?page_id=88417"},"modified":"2026-05-01T08:33:42","modified_gmt":"2026-05-01T13:33:42","slug":"ashp-foire-aux-questions","status":"publish","type":"page","link":"https:\/\/efficiencymb.ca\/fr\/thermopompes-a-air\/ashp-foire-aux-questions\/","title":{"rendered":"Foire aux questions remise sur les thermopompes \u00e0 air"},"content":{"rendered":"\n<div class=\"wp-block-group is-style-content-columns\"><div class=\"wp-block-group__inner-container is-layout-flow wp-block-group-is-layout-flow\">\n<h1 class=\"wp-block-heading has-text-align-center is-style-hero-heading\">FOIRE AUX QUESTIONS<\/h1>\n\n\n\n<h2 class=\"wp-block-heading has-text-align-center is-style-hero-heading-grey\">REMISE SUR LES THERMOPOMPES \u00c0 AIR<\/h2>\n\n\n\n<p class=\"has-text-align-center\">Vous trouverez ci-dessous des r\u00e9ponses \u00e0 certaines questions fr\u00e9quemment pos\u00e9es au sujet de la prime de fournisseur pour les remises sur les thermopompes \u00e0 air.<\/p>\n\n\n\n<h4 class=\"wp-block-heading\">QU\u2019EST-CE QUE LA PRIME DE FOURNISSEUR F280?<\/h4>\n\n\n\n<p>Nous offrons une prime de 100 $ aux fournisseurs inscrits pour chaque demande de remise pour thermopompe \u00e0 air qu\u2019ils remplissent au nom d\u2019un client avant le 31 mars \u00a02027 et qui comprend le calcul de la charge thermique selon la norme CSA-F280-12. Une seule prime de fournisseur est admissible par adresse de projet.<\/p>\n\n\n\n<h4 class=\"wp-block-heading\">LE CALCUL DE LA CHARGE THERMIQUE SELON LA NORME CSA-F280 SERA-T-IL EXIG\u00c9 POUR CHAQUE DEMANDE?<\/h4>\n\n\n\n<p>\u00c0 compter du<strong> 1<sup>er<\/sup> avril 2027<\/strong>, toutes les demandes de remise pour thermopompe \u00e0 air doivent comprendre le calcul de la charge thermique selon la norme CSA F280-12 pour \u00eatre admissibles.<\/p>\n\n\n\n<h4 class=\"wp-block-heading\">\u00c0 QUI SERA ENVOY\u00c9E LA PRIME DE FOURNISSEUR?<\/h4>\n\n\n\n<p>La prime de fournisseur sera envoy\u00e9e \u00e0 l\u2019entreprise ayant pr\u00e9sent\u00e9 la demande.<\/p>\n\n\n\n<h4 class=\"wp-block-heading\">VAIS-JE OBTENIR LA PRIME DE FOURNISSEUR M\u00caME SI J\u2019AI D\u00c9J\u00c0 ENVOY\u00c9 UNE DEMANDE QUI A \u00c9T\u00c9 APPROUV\u00c9E?<\/h4>\n\n\n\n<p>Oui! Les projets achev\u00e9s le 1<sup>er<\/sup> mai 2026 ou apr\u00e8s cette date seront admissibles \u00e0 la prime de fournisseur.<\/p>\n\n\n\n<h4 class=\"wp-block-heading\">JE VIENS DE TERMINER UN PROJET. PUIS-JE ENCORE OBTENIR LA PRIME DE FOURNISSEUR?<\/h4>\n\n\n\n<p>Malheureusement, nous ne pouvons pas offrir de primes de fournisseur pour les projets qui ont d\u00e9j\u00e0 \u00e9t\u00e9 pay\u00e9s.<\/p>\n\n\n\n<h4 class=\"wp-block-heading\">PUIS-JE RECEVOIR PLUSIEURS PRIMES DE FOURNISSEUR?\u00a0<\/h4>\n\n\n\n<p>Oui! Toutefois, une seule prime de fournisseur sera vers\u00e9e par adresse de projet. S\u2019il y a plusieurs demandes pour la m\u00eame adresse, nous examinerons votre admissibilit\u00e9 \u00e0 la prime de fournisseur.\u00a0<\/p>\n\n\n\n<h4 class=\"wp-block-heading\">ET SI JE NE SUIS PAS UN FOURNISSEUR INSCRIT?\u00a0<\/h4>\n\n\n\n<p>Si vous n\u2019\u00eates pas un fournisseur inscrit aupr\u00e8s d\u2019Efficacit\u00e9 Manitoba, il n\u2019est pas trop tard! Envoyez un <a href=\"https:\/\/emsupplier.visiondsm.com\/register?_gl=1*1hwp8t*_gcl_au*MTMyNzY1NTM2NS4xNzcxODU3NzE4\" target=\"_blank\" rel=\"noreferrer noopener\">formulaire d\u2019inscription de fournisseur <\/a>(en anglais) d\u00e8s aujourd\u2019hui.\u00a0\u00a0<\/p>\n\n\n\n<div style=\"height:100px\" aria-hidden=\"true\" class=\"wp-block-spacer\"><\/div>\n<\/div><\/div>\n","protected":false},"excerpt":{"rendered":"<p>Voici certaines r\u00e9ponses \u00e0 des questions fr\u00e9quemment pos\u00e9es au sujet de la prime de fournisseur pour les remises sur les thermopompes \u00e0 air.<\/p>\n","protected":false},"author":10,"featured_media":67307,"parent":18563,"menu_order":0,"comment_status":"closed","ping_status":"closed","template":"","meta":{"_acf_changed":false,"footnotes":""},"class_list":["post-88417","page","type-page","status-publish","has-post-thumbnail","hentry","page_cat-programs"],"acf":[],"yoast_head":"<!-- This site is optimized with the Yoast SEO plugin v27.3 - https:\/\/yoast.com\/product\/yoast-seo-wordpress\/ -->\n<title>Foire aux questions remise sur les thermopompes \u00e0 air &#8212; Efficiency Manitoba<\/title>\n<meta name=\"description\" content=\"Voici certaines r\u00e9ponses \u00e0 des questions fr\u00e9quemment pos\u00e9es au sujet de la prime de fournisseur pour les remises sur les thermopompes \u00e0 air.\" \/>\n<meta name=\"robots\" content=\"index, follow, max-snippet:-1, max-image-preview:large, max-video-preview:-1\" \/>\n<link rel=\"canonical\" href=\"https:\/\/efficiencymb.ca\/fr\/thermopompes-a-air\/ashp-foire-aux-questions\/\" \/>\n<meta property=\"og:locale\" content=\"fr_FR\" \/>\n<meta property=\"og:type\" content=\"article\" \/>\n<meta property=\"og:title\" content=\"Foire aux questions remise sur les thermopompes \u00e0 air &#8212; Efficiency Manitoba\" \/>\n<meta property=\"og:description\" content=\"Voici certaines r\u00e9ponses \u00e0 des questions fr\u00e9quemment pos\u00e9es au sujet de la prime de fournisseur pour les remises sur les thermopompes \u00e0 air.\" \/>\n<meta property=\"og:url\" content=\"https:\/\/efficiencymb.ca\/fr\/thermopompes-a-air\/ashp-foire-aux-questions\/\" \/>\n<meta property=\"og:site_name\" content=\"Efficiency Manitoba\" \/>\n<meta property=\"article:modified_time\" content=\"2026-05-01T13:33:42+00:00\" \/>\n<meta property=\"og:image\" content=\"https:\/\/efficiencymb.ca\/wp-content\/uploads\/using-and-maintaining-your-air-source-heat-pump-GettyImages-1460235294-scaled-e1744920516383.jpg\" \/>\n\t<meta property=\"og:image:width\" content=\"2400\" \/>\n\t<meta property=\"og:image:height\" content=\"1350\" \/>\n\t<meta property=\"og:image:type\" content=\"image\/jpeg\" \/>\n<meta name=\"twitter:card\" content=\"summary_large_image\" \/>\n<meta name=\"twitter:label1\" content=\"Dur\u00e9e de lecture estim\u00e9e\" \/>\n\t<meta name=\"twitter:data1\" content=\"2 minutes\" \/>\n<script type=\"application\/ld+json\" class=\"yoast-schema-graph\">{\"@context\":\"https:\\\/\\\/schema.org\",\"@graph\":[{\"@type\":\"WebPage\",\"@id\":\"https:\\\/\\\/efficiencymb.ca\\\/fr\\\/thermopompes-a-air\\\/ashp-foire-aux-questions\\\/\",\"url\":\"https:\\\/\\\/efficiencymb.ca\\\/fr\\\/thermopompes-a-air\\\/ashp-foire-aux-questions\\\/\",\"name\":\"Foire aux questions remise sur les thermopompes \u00e0 air &#8212; Efficiency Manitoba\",\"isPartOf\":{\"@id\":\"https:\\\/\\\/efficiencymb.ca\\\/#website\"},\"primaryImageOfPage\":{\"@id\":\"https:\\\/\\\/efficiencymb.ca\\\/fr\\\/thermopompes-a-air\\\/ashp-foire-aux-questions\\\/#primaryimage\"},\"image\":{\"@id\":\"https:\\\/\\\/efficiencymb.ca\\\/fr\\\/thermopompes-a-air\\\/ashp-foire-aux-questions\\\/#primaryimage\"},\"thumbnailUrl\":\"https:\\\/\\\/efficiencymb.ca\\\/wp-content\\\/uploads\\\/using-and-maintaining-your-air-source-heat-pump-GettyImages-1460235294-scaled-e1744920516383.jpg\",\"datePublished\":\"2026-05-01T13:32:45+00:00\",\"dateModified\":\"2026-05-01T13:33:42+00:00\",\"description\":\"Voici certaines r\u00e9ponses \u00e0 des questions fr\u00e9quemment pos\u00e9es au sujet de la prime de fournisseur pour les remises sur les thermopompes \u00e0 air.\",\"breadcrumb\":{\"@id\":\"https:\\\/\\\/efficiencymb.ca\\\/fr\\\/thermopompes-a-air\\\/ashp-foire-aux-questions\\\/#breadcrumb\"},\"inLanguage\":\"fr-FR\",\"potentialAction\":[{\"@type\":\"ReadAction\",\"target\":[\"https:\\\/\\\/efficiencymb.ca\\\/fr\\\/thermopompes-a-air\\\/ashp-foire-aux-questions\\\/\"]}]},{\"@type\":\"ImageObject\",\"inLanguage\":\"fr-FR\",\"@id\":\"https:\\\/\\\/efficiencymb.ca\\\/fr\\\/thermopompes-a-air\\\/ashp-foire-aux-questions\\\/#primaryimage\",\"url\":\"https:\\\/\\\/efficiencymb.ca\\\/wp-content\\\/uploads\\\/using-and-maintaining-your-air-source-heat-pump-GettyImages-1460235294-scaled-e1744920516383.jpg\",\"contentUrl\":\"https:\\\/\\\/efficiencymb.ca\\\/wp-content\\\/uploads\\\/using-and-maintaining-your-air-source-heat-pump-GettyImages-1460235294-scaled-e1744920516383.jpg\",\"width\":2400,\"height\":1350,\"caption\":\"Heat pump or air conditioning outdoor unit in modern house of future using green electric energy, heat pump - efficient source of heat\"},{\"@type\":\"BreadcrumbList\",\"@id\":\"https:\\\/\\\/efficiencymb.ca\\\/fr\\\/thermopompes-a-air\\\/ashp-foire-aux-questions\\\/#breadcrumb\",\"itemListElement\":[{\"@type\":\"ListItem\",\"position\":1,\"name\":\"Home\",\"item\":\"https:\\\/\\\/efficiencymb.ca\\\/fr\\\/\"},{\"@type\":\"ListItem\",\"position\":2,\"name\":\"Remise Sur Les Thermopompes \u00e0 air\",\"item\":\"https:\\\/\\\/efficiencymb.ca\\\/fr\\\/thermopompes-a-air\\\/\"},{\"@type\":\"ListItem\",\"position\":3,\"name\":\"Foire aux questions remise sur les thermopompes \u00e0 air\"}]},{\"@type\":\"WebSite\",\"@id\":\"https:\\\/\\\/efficiencymb.ca\\\/#website\",\"url\":\"https:\\\/\\\/efficiencymb.ca\\\/\",\"name\":\"Efficiency Manitoba\",\"description\":\"\",\"publisher\":{\"@id\":\"https:\\\/\\\/efficiencymb.ca\\\/#organization\"},\"potentialAction\":[{\"@type\":\"SearchAction\",\"target\":{\"@type\":\"EntryPoint\",\"urlTemplate\":\"https:\\\/\\\/efficiencymb.ca\\\/?s={search_term_string}\"},\"query-input\":{\"@type\":\"PropertyValueSpecification\",\"valueRequired\":true,\"valueName\":\"search_term_string\"}}],\"inLanguage\":\"fr-FR\"},{\"@type\":\"Organization\",\"@id\":\"https:\\\/\\\/efficiencymb.ca\\\/#organization\",\"name\":\"Efficiency Manitoba\",\"url\":\"https:\\\/\\\/efficiencymb.ca\\\/\",\"logo\":{\"@type\":\"ImageObject\",\"inLanguage\":\"fr-FR\",\"@id\":\"https:\\\/\\\/efficiencymb.ca\\\/#\\\/schema\\\/logo\\\/image\\\/\",\"url\":\"https:\\\/\\\/efficiencymb.ca\\\/wp-content\\\/uploads\\\/em-logo-white-en.png\",\"contentUrl\":\"https:\\\/\\\/efficiencymb.ca\\\/wp-content\\\/uploads\\\/em-logo-white-en.png\",\"width\":388,\"height\":91,\"caption\":\"Efficiency Manitoba\"},\"image\":{\"@id\":\"https:\\\/\\\/efficiencymb.ca\\\/#\\\/schema\\\/logo\\\/image\\\/\"}}]}<\/script>\n<!-- \/ Yoast SEO plugin. -->","yoast_head_json":{"title":"Foire aux questions remise sur les thermopompes \u00e0 air &#8212; Efficiency Manitoba","description":"Voici certaines r\u00e9ponses \u00e0 des questions fr\u00e9quemment pos\u00e9es au sujet de la prime de fournisseur pour les remises sur les thermopompes \u00e0 air.","robots":{"index":"index","follow":"follow","max-snippet":"max-snippet:-1","max-image-preview":"max-image-preview:large","max-video-preview":"max-video-preview:-1"},"canonical":"https:\/\/efficiencymb.ca\/fr\/thermopompes-a-air\/ashp-foire-aux-questions\/","og_locale":"fr_FR","og_type":"article","og_title":"Foire aux questions remise sur les thermopompes \u00e0 air &#8212; Efficiency Manitoba","og_description":"Voici certaines r\u00e9ponses \u00e0 des questions fr\u00e9quemment pos\u00e9es au sujet de la prime de fournisseur pour les remises sur les thermopompes \u00e0 air.","og_url":"https:\/\/efficiencymb.ca\/fr\/thermopompes-a-air\/ashp-foire-aux-questions\/","og_site_name":"Efficiency Manitoba","article_modified_time":"2026-05-01T13:33:42+00:00","og_image":[{"width":2400,"height":1350,"url":"https:\/\/efficiencymb.ca\/wp-content\/uploads\/using-and-maintaining-your-air-source-heat-pump-GettyImages-1460235294-scaled-e1744920516383.jpg","type":"image\/jpeg"}],"twitter_card":"summary_large_image","twitter_misc":{"Dur\u00e9e de lecture estim\u00e9e":"2 minutes"},"schema":{"@context":"https:\/\/schema.org","@graph":[{"@type":"WebPage","@id":"https:\/\/efficiencymb.ca\/fr\/thermopompes-a-air\/ashp-foire-aux-questions\/","url":"https:\/\/efficiencymb.ca\/fr\/thermopompes-a-air\/ashp-foire-aux-questions\/","name":"Foire aux questions remise sur les thermopompes \u00e0 air &#8212; Efficiency Manitoba","isPartOf":{"@id":"https:\/\/efficiencymb.ca\/#website"},"primaryImageOfPage":{"@id":"https:\/\/efficiencymb.ca\/fr\/thermopompes-a-air\/ashp-foire-aux-questions\/#primaryimage"},"image":{"@id":"https:\/\/efficiencymb.ca\/fr\/thermopompes-a-air\/ashp-foire-aux-questions\/#primaryimage"},"thumbnailUrl":"https:\/\/efficiencymb.ca\/wp-content\/uploads\/using-and-maintaining-your-air-source-heat-pump-GettyImages-1460235294-scaled-e1744920516383.jpg","datePublished":"2026-05-01T13:32:45+00:00","dateModified":"2026-05-01T13:33:42+00:00","description":"Voici certaines r\u00e9ponses \u00e0 des questions fr\u00e9quemment pos\u00e9es au sujet de la prime de fournisseur pour les remises sur les thermopompes \u00e0 air.","breadcrumb":{"@id":"https:\/\/efficiencymb.ca\/fr\/thermopompes-a-air\/ashp-foire-aux-questions\/#breadcrumb"},"inLanguage":"fr-FR","potentialAction":[{"@type":"ReadAction","target":["https:\/\/efficiencymb.ca\/fr\/thermopompes-a-air\/ashp-foire-aux-questions\/"]}]},{"@type":"ImageObject","inLanguage":"fr-FR","@id":"https:\/\/efficiencymb.ca\/fr\/thermopompes-a-air\/ashp-foire-aux-questions\/#primaryimage","url":"https:\/\/efficiencymb.ca\/wp-content\/uploads\/using-and-maintaining-your-air-source-heat-pump-GettyImages-1460235294-scaled-e1744920516383.jpg","contentUrl":"https:\/\/efficiencymb.ca\/wp-content\/uploads\/using-and-maintaining-your-air-source-heat-pump-GettyImages-1460235294-scaled-e1744920516383.jpg","width":2400,"height":1350,"caption":"Heat pump or air conditioning outdoor unit in modern house of future using green electric energy, heat pump - efficient source of heat"},{"@type":"BreadcrumbList","@id":"https:\/\/efficiencymb.ca\/fr\/thermopompes-a-air\/ashp-foire-aux-questions\/#breadcrumb","itemListElement":[{"@type":"ListItem","position":1,"name":"Home","item":"https:\/\/efficiencymb.ca\/fr\/"},{"@type":"ListItem","position":2,"name":"Remise Sur Les Thermopompes \u00e0 air","item":"https:\/\/efficiencymb.ca\/fr\/thermopompes-a-air\/"},{"@type":"ListItem","position":3,"name":"Foire aux questions remise sur les thermopompes \u00e0 air"}]},{"@type":"WebSite","@id":"https:\/\/efficiencymb.ca\/#website","url":"https:\/\/efficiencymb.ca\/","name":"Efficiency Manitoba","description":"","publisher":{"@id":"https:\/\/efficiencymb.ca\/#organization"},"potentialAction":[{"@type":"SearchAction","target":{"@type":"EntryPoint","urlTemplate":"https:\/\/efficiencymb.ca\/?s={search_term_string}"},"query-input":{"@type":"PropertyValueSpecification","valueRequired":true,"valueName":"search_term_string"}}],"inLanguage":"fr-FR"},{"@type":"Organization","@id":"https:\/\/efficiencymb.ca\/#organization","name":"Efficiency Manitoba","url":"https:\/\/efficiencymb.ca\/","logo":{"@type":"ImageObject","inLanguage":"fr-FR","@id":"https:\/\/efficiencymb.ca\/#\/schema\/logo\/image\/","url":"https:\/\/efficiencymb.ca\/wp-content\/uploads\/em-logo-white-en.png","contentUrl":"https:\/\/efficiencymb.ca\/wp-content\/uploads\/em-logo-white-en.png","width":388,"height":91,"caption":"Efficiency Manitoba"},"image":{"@id":"https:\/\/efficiencymb.ca\/#\/schema\/logo\/image\/"}}]}},"_links":{"self":[{"href":"https:\/\/efficiencymb.ca\/fr\/wp-json\/wp\/v2\/pages\/88417","targetHints":{"allow":["GET"]}}],"collection":[{"href":"https:\/\/efficiencymb.ca\/fr\/wp-json\/wp\/v2\/pages"}],"about":[{"href":"https:\/\/efficiencymb.ca\/fr\/wp-json\/wp\/v2\/types\/page"}],"author":[{"embeddable":true,"href":"https:\/\/efficiencymb.ca\/fr\/wp-json\/wp\/v2\/users\/10"}],"replies":[{"embeddable":true,"href":"https:\/\/efficiencymb.ca\/fr\/wp-json\/wp\/v2\/comments?post=88417"}],"version-history":[{"count":2,"href":"https:\/\/efficiencymb.ca\/fr\/wp-json\/wp\/v2\/pages\/88417\/revisions"}],"predecessor-version":[{"id":88423,"href":"https:\/\/efficiencymb.ca\/fr\/wp-json\/wp\/v2\/pages\/88417\/revisions\/88423"}],"up":[{"embeddable":true,"href":"https:\/\/efficiencymb.ca\/fr\/wp-json\/wp\/v2\/pages\/18563"}],"wp:featuredmedia":[{"embeddable":true,"href":"https:\/\/efficiencymb.ca\/fr\/wp-json\/wp\/v2\/media\/67307"}],"wp:attachment":[{"href":"https:\/\/efficiencymb.ca\/fr\/wp-json\/wp\/v2\/media?parent=88417"}],"curies":[{"name":"wp","href":"https:\/\/api.w.org\/{rel}","templated":true}]}}