{"id":870,"date":"2020-03-05T15:35:14","date_gmt":"2020-03-05T21:35:14","guid":{"rendered":"https:\/\/efficiencymb.ca\/articles\/news-releases\/"},"modified":"2023-06-05T01:08:11","modified_gmt":"2023-06-05T06:08:11","slug":"news-releases","status":"publish","type":"page","link":"https:\/\/efficiencymb.ca\/fr\/articles\/news-releases\/","title":{"rendered":"Communiqu\u00e9 de Presse"},"content":{"rendered":"\n<div class=\"wp-block-group articles-nav light-grey\"><div class=\"wp-block-group__inner-container is-layout-flow wp-block-group-is-layout-flow\">\n<div class=\"wp-block-columns container light-grey is-layout-flex wp-container-core-columns-is-layout-9d6595d7 wp-block-columns-is-layout-flex\">\n<div class=\"wp-block-column is-layout-flow wp-block-column-is-layout-flow\">\n<h2 class=\"has-text-align-center wp-block-heading\"><a href=\"https:\/\/efficiencymb.ca\/fr\/articles\/\">TOUS<\/a><\/h2>\n<\/div>\n\n\n\n<div class=\"wp-block-column is-layout-flow wp-block-column-is-layout-flow\">\n<h2 class=\"has-text-align-center wp-block-heading\"><a href=\"https:\/\/efficiencymb.ca\/fr\/articles\/categories\/\">CAT\u00c9GORIES<\/a><\/h2>\n<\/div>\n\n\n\n<div class=\"wp-block-column is-layout-flow wp-block-column-is-layout-flow\">\n<h2 class=\"has-text-align-center wp-block-heading\"><a href=\"https:\/\/efficiencymb.ca\/fr\/articles\/tags\/\">MOTS CL\u00c9S<\/a><\/h2>\n<\/div>\n<\/div>\n<\/div><\/div>\n\n\n\n<h1 class=\"has-text-align-center hero-title text-center wp-block-heading\">COMMUNIQU\u00c9 DE PRESSE<\/h1>\n\n\n\n<p class=\"has-text-align-center\">Toutes les publications de la cat\u00e9gorie : Communiqu\u00e9 de presse<\/p>\n\n\n\n\n\n<div style=\"height:100px\" aria-hidden=\"true\" class=\"wp-block-spacer\"><\/div>\n","protected":false},"excerpt":{"rendered":"<p>COMMUNIQU\u00c9 DE PRESSE Toutes les publications de la cat\u00e9gorie : Communiqu\u00e9 de presse<\/p>\n","protected":false},"author":10,"featured_media":0,"parent":699,"menu_order":0,"comment_status":"closed","ping_status":"closed","template":"page-blog.php","meta":{"_acf_changed":false,"footnotes":""},"class_list":["post-870","page","type-page","status-publish","hentry"],"acf":[],"yoast_head":"<!-- This site is optimized with the Yoast SEO plugin v27.3 - https:\/\/yoast.com\/product\/yoast-seo-wordpress\/ -->\n<title>Communiqu\u00e9 de Presse &#8212; Efficiency Manitoba<\/title>\n<meta name=\"robots\" content=\"index, follow, max-snippet:-1, max-image-preview:large, max-video-preview:-1\" \/>\n<link rel=\"canonical\" href=\"https:\/\/efficiencymb.ca\/fr\/articles\/news-releases\/\" \/>\n<meta property=\"og:locale\" content=\"fr_FR\" \/>\n<meta property=\"og:type\" content=\"article\" \/>\n<meta property=\"og:title\" content=\"Communiqu\u00e9 de Presse &#8212; Efficiency Manitoba\" \/>\n<meta property=\"og:description\" content=\"COMMUNIQU\u00c9 DE PRESSE Toutes les publications de la cat\u00e9gorie : Communiqu\u00e9 de presse\" \/>\n<meta property=\"og:url\" content=\"https:\/\/efficiencymb.ca\/fr\/articles\/news-releases\/\" \/>\n<meta property=\"og:site_name\" content=\"Efficiency Manitoba\" \/>\n<meta property=\"article:modified_time\" content=\"2023-06-05T06:08:11+00:00\" \/>\n<meta name=\"twitter:card\" content=\"summary_large_image\" \/>\n<script type=\"application\/ld+json\" class=\"yoast-schema-graph\">{\"@context\":\"https:\\\/\\\/schema.org\",\"@graph\":[{\"@type\":\"WebPage\",\"@id\":\"https:\\\/\\\/efficiencymb.ca\\\/fr\\\/articles\\\/news-releases\\\/\",\"url\":\"https:\\\/\\\/efficiencymb.ca\\\/fr\\\/articles\\\/news-releases\\\/\",\"name\":\"Communiqu\u00e9 de Presse &#8212; Efficiency Manitoba\",\"isPartOf\":{\"@id\":\"https:\\\/\\\/efficiencymb.ca\\\/#website\"},\"datePublished\":\"2020-03-05T21:35:14+00:00\",\"dateModified\":\"2023-06-05T06:08:11+00:00\",\"breadcrumb\":{\"@id\":\"https:\\\/\\\/efficiencymb.ca\\\/fr\\\/articles\\\/news-releases\\\/#breadcrumb\"},\"inLanguage\":\"fr-FR\",\"potentialAction\":[{\"@type\":\"ReadAction\",\"target\":[\"https:\\\/\\\/efficiencymb.ca\\\/fr\\\/articles\\\/news-releases\\\/\"]}]},{\"@type\":\"BreadcrumbList\",\"@id\":\"https:\\\/\\\/efficiencymb.ca\\\/fr\\\/articles\\\/news-releases\\\/#breadcrumb\",\"itemListElement\":[{\"@type\":\"ListItem\",\"position\":1,\"name\":\"Home\",\"item\":\"https:\\\/\\\/efficiencymb.ca\\\/fr\\\/\"},{\"@type\":\"ListItem\",\"position\":2,\"name\":\"Articles\",\"item\":\"https:\\\/\\\/efficiencymb.ca\\\/fr\\\/articles\\\/\"},{\"@type\":\"ListItem\",\"position\":3,\"name\":\"Communiqu\u00e9 de Presse\"}]},{\"@type\":\"WebSite\",\"@id\":\"https:\\\/\\\/efficiencymb.ca\\\/#website\",\"url\":\"https:\\\/\\\/efficiencymb.ca\\\/\",\"name\":\"Efficiency Manitoba\",\"description\":\"\",\"publisher\":{\"@id\":\"https:\\\/\\\/efficiencymb.ca\\\/#organization\"},\"potentialAction\":[{\"@type\":\"SearchAction\",\"target\":{\"@type\":\"EntryPoint\",\"urlTemplate\":\"https:\\\/\\\/efficiencymb.ca\\\/?s={search_term_string}\"},\"query-input\":{\"@type\":\"PropertyValueSpecification\",\"valueRequired\":true,\"valueName\":\"search_term_string\"}}],\"inLanguage\":\"fr-FR\"},{\"@type\":\"Organization\",\"@id\":\"https:\\\/\\\/efficiencymb.ca\\\/#organization\",\"name\":\"Efficiency Manitoba\",\"url\":\"https:\\\/\\\/efficiencymb.ca\\\/\",\"logo\":{\"@type\":\"ImageObject\",\"inLanguage\":\"fr-FR\",\"@id\":\"https:\\\/\\\/efficiencymb.ca\\\/#\\\/schema\\\/logo\\\/image\\\/\",\"url\":\"https:\\\/\\\/efficiencymb.ca\\\/wp-content\\\/uploads\\\/em-logo-white-en.png\",\"contentUrl\":\"https:\\\/\\\/efficiencymb.ca\\\/wp-content\\\/uploads\\\/em-logo-white-en.png\",\"width\":388,\"height\":91,\"caption\":\"Efficiency Manitoba\"},\"image\":{\"@id\":\"https:\\\/\\\/efficiencymb.ca\\\/#\\\/schema\\\/logo\\\/image\\\/\"}}]}<\/script>\n<!-- \/ Yoast SEO plugin. -->","yoast_head_json":{"title":"Communiqu\u00e9 de Presse &#8212; Efficiency Manitoba","robots":{"index":"index","follow":"follow","max-snippet":"max-snippet:-1","max-image-preview":"max-image-preview:large","max-video-preview":"max-video-preview:-1"},"canonical":"https:\/\/efficiencymb.ca\/fr\/articles\/news-releases\/","og_locale":"fr_FR","og_type":"article","og_title":"Communiqu\u00e9 de Presse &#8212; Efficiency Manitoba","og_description":"COMMUNIQU\u00c9 DE PRESSE Toutes les publications de la cat\u00e9gorie : Communiqu\u00e9 de presse","og_url":"https:\/\/efficiencymb.ca\/fr\/articles\/news-releases\/","og_site_name":"Efficiency Manitoba","article_modified_time":"2023-06-05T06:08:11+00:00","twitter_card":"summary_large_image","schema":{"@context":"https:\/\/schema.org","@graph":[{"@type":"WebPage","@id":"https:\/\/efficiencymb.ca\/fr\/articles\/news-releases\/","url":"https:\/\/efficiencymb.ca\/fr\/articles\/news-releases\/","name":"Communiqu\u00e9 de Presse &#8212; Efficiency Manitoba","isPartOf":{"@id":"https:\/\/efficiencymb.ca\/#website"},"datePublished":"2020-03-05T21:35:14+00:00","dateModified":"2023-06-05T06:08:11+00:00","breadcrumb":{"@id":"https:\/\/efficiencymb.ca\/fr\/articles\/news-releases\/#breadcrumb"},"inLanguage":"fr-FR","potentialAction":[{"@type":"ReadAction","target":["https:\/\/efficiencymb.ca\/fr\/articles\/news-releases\/"]}]},{"@type":"BreadcrumbList","@id":"https:\/\/efficiencymb.ca\/fr\/articles\/news-releases\/#breadcrumb","itemListElement":[{"@type":"ListItem","position":1,"name":"Home","item":"https:\/\/efficiencymb.ca\/fr\/"},{"@type":"ListItem","position":2,"name":"Articles","item":"https:\/\/efficiencymb.ca\/fr\/articles\/"},{"@type":"ListItem","position":3,"name":"Communiqu\u00e9 de Presse"}]},{"@type":"WebSite","@id":"https:\/\/efficiencymb.ca\/#website","url":"https:\/\/efficiencymb.ca\/","name":"Efficiency Manitoba","description":"","publisher":{"@id":"https:\/\/efficiencymb.ca\/#organization"},"potentialAction":[{"@type":"SearchAction","target":{"@type":"EntryPoint","urlTemplate":"https:\/\/efficiencymb.ca\/?s={search_term_string}"},"query-input":{"@type":"PropertyValueSpecification","valueRequired":true,"valueName":"search_term_string"}}],"inLanguage":"fr-FR"},{"@type":"Organization","@id":"https:\/\/efficiencymb.ca\/#organization","name":"Efficiency Manitoba","url":"https:\/\/efficiencymb.ca\/","logo":{"@type":"ImageObject","inLanguage":"fr-FR","@id":"https:\/\/efficiencymb.ca\/#\/schema\/logo\/image\/","url":"https:\/\/efficiencymb.ca\/wp-content\/uploads\/em-logo-white-en.png","contentUrl":"https:\/\/efficiencymb.ca\/wp-content\/uploads\/em-logo-white-en.png","width":388,"height":91,"caption":"Efficiency Manitoba"},"image":{"@id":"https:\/\/efficiencymb.ca\/#\/schema\/logo\/image\/"}}]}},"_links":{"self":[{"href":"https:\/\/efficiencymb.ca\/fr\/wp-json\/wp\/v2\/pages\/870","targetHints":{"allow":["GET"]}}],"collection":[{"href":"https:\/\/efficiencymb.ca\/fr\/wp-json\/wp\/v2\/pages"}],"about":[{"href":"https:\/\/efficiencymb.ca\/fr\/wp-json\/wp\/v2\/types\/page"}],"author":[{"embeddable":true,"href":"https:\/\/efficiencymb.ca\/fr\/wp-json\/wp\/v2\/users\/10"}],"replies":[{"embeddable":true,"href":"https:\/\/efficiencymb.ca\/fr\/wp-json\/wp\/v2\/comments?post=870"}],"version-history":[{"count":5,"href":"https:\/\/efficiencymb.ca\/fr\/wp-json\/wp\/v2\/pages\/870\/revisions"}],"predecessor-version":[{"id":26645,"href":"https:\/\/efficiencymb.ca\/fr\/wp-json\/wp\/v2\/pages\/870\/revisions\/26645"}],"up":[{"embeddable":true,"href":"https:\/\/efficiencymb.ca\/fr\/wp-json\/wp\/v2\/pages\/699"}],"wp:attachment":[{"href":"https:\/\/efficiencymb.ca\/fr\/wp-json\/wp\/v2\/media?parent=870"}],"curies":[{"name":"wp","href":"https:\/\/api.w.org\/{rel}","templated":true}]}}