{"id":86643,"date":"2026-05-01T12:34:00","date_gmt":"2026-05-01T17:34:00","guid":{"rendered":"https:\/\/efficiencymb.ca\/?page_id=86643"},"modified":"2026-05-04T11:04:22","modified_gmt":"2026-05-04T16:04:22","slug":"remise-thermostat-intelligent","status":"publish","type":"page","link":"https:\/\/efficiencymb.ca\/fr\/ma-maison\/remise-thermostat-intelligent\/","title":{"rendered":"Remise Sur Les thermostats intelligents"},"content":{"rendered":"\n<div class=\"wp-block-group container is-style-content-wide\"><div class=\"wp-block-group__inner-container is-layout-flow wp-block-group-is-layout-flow\">\n<h2 class=\"wp-block-heading has-text-align-center hero-title no-border grey text-center\" id=\"obtenez-une-remise-a-l-achat-de-certaines-portes-et-fenetres-homologuees-energy-starmd\"><strong>INSTALLEZ-EN UN ET \u00c9CONOMISEZ<\/strong><\/h2>\n\n\n\n<p class=\"has-text-align-center intro-copy text-center has-medium-font-size\">\u00c9conomisez de l\u2019\u00e9nergie, maintenez votre confort et obtenez une remise de 50 $ lorsque vous achetez et installez un thermostat intelligent certifi\u00e9 ENERGY STAR<sup>\u00ae<\/sup>. Ces appareils, qui sont connect\u00e9s au Wi-Fi, peuvent \u00eatre r\u00e9gl\u00e9s pour modifier automatiquement la temp\u00e9rature de votre maison en fonction de votre horaire et permettront de r\u00e9duire vos factures \u00e9nerg\u00e9tiques et d\u2019am\u00e9liorer le confort de votre maison. De nombreux thermostats intelligents peuvent \u00e9galement \u00eatre contr\u00f4l\u00e9s \u00e0 partir de votre t\u00e9l\u00e9phone. Vous g\u00e9rerez ainsi le confort de votre maison, peu importe l\u2019endroit o\u00f9 vous vous trouvez.<\/p>\n\n\n\n<p class=\"has-text-align-center has-medium-font-size\"><a href=\"#\u00caTES-VOUS-ADMISSIBLE\">V\u00e9rifiez votre admissibilit\u00e9<\/a>, puis achetez et installez un thermostat intelligent admissible et demandez une remise.<\/p>\n<\/div><\/div>\n\n\n\n<figure class=\"wp-block-image size-full slant\"><img loading=\"lazy\" decoding=\"async\" width=\"2000\" height=\"400\" src=\"https:\/\/efficiencymb.ca\/wp-content\/uploads\/bg-two-tone-green@2x.png\" alt=\"\" class=\"wp-image-592\" srcset=\"https:\/\/efficiencymb.ca\/wp-content\/uploads\/bg-two-tone-green@2x.png 2000w, https:\/\/efficiencymb.ca\/wp-content\/uploads\/bg-two-tone-green@2x-479x96.png 479w, https:\/\/efficiencymb.ca\/wp-content\/uploads\/bg-two-tone-green@2x-1024x205.png 1024w, https:\/\/efficiencymb.ca\/wp-content\/uploads\/bg-two-tone-green@2x-768x154.png 768w, https:\/\/efficiencymb.ca\/wp-content\/uploads\/bg-two-tone-green@2x-1536x307.png 1536w\" sizes=\"auto, (max-width: 2000px) 100vw, 2000px\" \/><\/figure>\n\n\n\n<div class=\"wp-block-group has-background\" style=\"background-color:#f4f3f3\"><div class=\"wp-block-group__inner-container is-layout-flow wp-block-group-is-layout-flow\">\n<h2 class=\"wp-block-heading has-text-align-center is-style-hero-heading\" id=\"verifiez-votre-admissibilite\"><strong>\u00c9TAPES POUR PARTICIPER<\/strong><\/h2>\n\n\n\n<ol class=\"iconic-list large\">\n<li>\n<h3><strong>V\u00c9RIFIEZ<\/strong> SI VOUS \u00caTES ADMISSIBLE<\/h3>\n<p><a href=\"#\u00caTES-VOUS-ADMISSIBLE\">Lisez les renseignements sur l\u2019admissibilit\u00e9 pour voir si vous avez droit \u00e0 une remise.<\/a><u><br \/><\/u>Vous pourriez \u00eatre admissible \u00e0 un thermostat intelligent gratuit dans le cadre d\u2019une de nos offres aux Autochtones ou fond\u00e9es sur le revenu. V\u00e9rifiez si vous \u00eates admissible par l\u2019entremise de notre <u><a href=\"https:\/\/efficiencymb.ca\/fr\/ma-maison\/programme-d-aide-a-lefficacite-energetique\/\">Programme d\u2019aide \u00e0 l\u2019efficacit\u00e9 \u00e9nerg\u00e9tique<\/a>,<\/u> nos <u><a href=\"https:\/\/efficiencymb.ca\/fr\/ma-maison\/offres-defficacite-energetique-pour-les-metis\/\">Offres d\u2019efficacit\u00e9 \u00e9nerg\u00e9tique pour les M\u00e9tis<\/a><\/u> ou notre <u><a href=\"https:\/\/efficiencymb.ca\/fr\/ma-maison\/isolation-et-installation-directe\/\">Programme \u00e9co\u00e9nerg\u00e9tique pour les Premi\u00e8res Nations<\/a>.<\/u> Si vous louez un appartement ou g\u00e9rez un immeuble d\u2019habitation, jetez un coup d\u2019\u0153il \u00e0 notre <u><a href=\"https:\/\/efficiencymb.ca\/fr\/programme-ecoenergetique-dans-les-appartements\/\">Programme \u00e9co\u00e9nerg\u00e9tique pour les appartements et les condos<\/a>.<\/u><\/p>\n<\/li>\n<li>\n<h3><strong>ACHETEZ<\/strong> ET INSTALLEZ DES PRODUITS ADMISSIBLES<\/h3>\n<p><a href=\"https:\/\/efficiencymb.ca\/fr\/ma-maison\/remise-thermostats-intelligents-produits-admissibles\/\" target=\"_blank\" rel=\"noopener\">Des remises sont offertes pour les thermostats intelligents certifi\u00e9s ENERGY STAR<\/a>. Pour \u00eatre admissibles, ils doivent \u00eatre neufs ou remis \u00e0 neuf (avec certification) et avoir \u00e9t\u00e9 achet\u00e9s au Canada aupr\u00e8s d\u2019un d\u00e9taillant ou d\u2019un entrepreneur. Assurez-vous d\u2019installer vos produits avant de demander une remise. Conservez votre re\u00e7u et le num\u00e9ro du mod\u00e8le du produit jusqu\u2019\u00e0 ce que vous ayez re\u00e7u votre remise, puisque nous pourrions demander des photos pour v\u00e9rifier les renseignements concernant le produit.<\/p>\n<p>Rappelez-vous de v\u00e9rifier la compatibilit\u00e9 du thermostat intelligent que vous d\u00e9sirez acheter avec votre syst\u00e8me actuel. Si vous pr\u00e9voyez moderniser votre syst\u00e8me de chauffage, envisagez de retarder l\u2019achat d\u2019un thermostat intelligent pour vous assurer de sa compatibilit\u00e9.<\/p>\n<\/li>\n<li>\n<h3><strong>DEMANDEZ<\/strong> VOTRE REMISE<\/h3>\n<p>Remplissez notre formulaire de demande en ligne et joignez votre re\u00e7u pour demander votre remise. Veuillez installer votre thermostat et demander votre remise dans les 90 jours suivant l\u2019achat. Vous pouvez \u00e9galement <a href=\"https:\/\/efficiencymb.ca\/fr\/se-connecter\/\">nous contacter<\/a> pour pr\u00e9senter une demande sur papier.<\/p>\n<\/li>\n<\/ol>\n\n\n<div class=\"theme-button wp-block-button aligncenter\">\r\n\t<a target=\"_blank\" class=\"wp-block-button__link has-background no-border-radius button cta button-large\" href=\"https:\/\/st.visiondsm.com\/\"><strong>DEMANDEZ VOTRE <\/strong><br>REMISE (en anglais)<\/a>\r\n<\/div>\n\n\n<div style=\"height:15px\" aria-hidden=\"true\" class=\"wp-block-spacer\"><\/div>\n\n\n\n<div class=\"wp-block-group is-style-content\"><div class=\"wp-block-group__inner-container is-layout-constrained wp-block-group-is-layout-constrained\">\n<p>N\u2019oubliez pas que chaque fabricant de thermostats intelligents propose ses propres instructions de r\u00e9glage, param\u00e8tres d\u2019installation et caract\u00e9ristiques. Assurez-vous de consulter le manuel d\u2019utilisateur du thermostat ou le site Web pour d\u00e9couvrir les particularit\u00e9s de votre produit. Communiquez avec l\u2019autorit\u00e9 locale comp\u00e9tente (Manitoba Hydro ou la Ville de Winnipeg) concernant tout r\u00e8glement de s\u00e9curit\u00e9 particulier susceptible de s\u2019appliquer \u00e0 l\u2019installation.<\/p>\n<\/div><\/div>\n\n\n\n<div style=\"height:30px\" aria-hidden=\"true\" class=\"wp-block-spacer\"><\/div>\n<\/div><\/div>\n\n\n\n<figure class=\"wp-block-image size-full slant\"><img loading=\"lazy\" decoding=\"async\" width=\"2000\" height=\"400\" src=\"https:\/\/efficiencymb.ca\/wp-content\/uploads\/bg-two-tone-green-bottom@2x.png\" alt=\"\" class=\"wp-image-609\" srcset=\"https:\/\/efficiencymb.ca\/wp-content\/uploads\/bg-two-tone-green-bottom@2x.png 2000w, https:\/\/efficiencymb.ca\/wp-content\/uploads\/bg-two-tone-green-bottom@2x-479x96.png 479w, https:\/\/efficiencymb.ca\/wp-content\/uploads\/bg-two-tone-green-bottom@2x-1024x205.png 1024w, https:\/\/efficiencymb.ca\/wp-content\/uploads\/bg-two-tone-green-bottom@2x-768x154.png 768w, https:\/\/efficiencymb.ca\/wp-content\/uploads\/bg-two-tone-green-bottom@2x-1536x307.png 1536w\" sizes=\"auto, (max-width: 2000px) 100vw, 2000px\" \/><\/figure>\n\n\n\n<div class=\"wp-block-group is-style-content-wide\"><div class=\"wp-block-group__inner-container is-layout-flow wp-block-group-is-layout-flow\">\n<h2 class=\"wp-block-heading has-text-align-center is-style-hero-heading\" id=\"\u00caTES-VOUS-ADMISSIBLE\"><meta charset=\"utf-8\">\u00caTES-VOUS ADMISSIBLE ?<\/h2>\n\n\n\n<ul class=\"wp-block-list is-style-medium has-medium-font-size\">\n<li>Votre thermostat intelligent doit \u00eatre certifi\u00e9 ENERGY STAR et figurer sur notre <a href=\"https:\/\/efficiencymb.ca\/fr\/ma-maison\/remise-thermostats-intelligents-produits-admissibles\/\" target=\"_blank\" rel=\"noreferrer noopener\">liste de produits admissibles<\/a>.<\/li>\n\n\n\n<li>Votre demande et votre remise doivent avoir \u00e9t\u00e9 re\u00e7ues dans les 90 jours suivant l\u2019achat du produit.&nbsp;&nbsp;&nbsp;&nbsp;&nbsp;&nbsp;&nbsp;&nbsp;&nbsp;&nbsp;&nbsp;&nbsp;&nbsp;&nbsp;&nbsp;&nbsp;&nbsp;&nbsp;&nbsp;&nbsp;&nbsp;&nbsp;&nbsp;&nbsp;&nbsp;&nbsp;&nbsp;&nbsp;&nbsp;&nbsp;&nbsp;&nbsp;&nbsp;&nbsp;&nbsp;&nbsp;&nbsp;&nbsp;&nbsp;&nbsp;&nbsp;&nbsp;&nbsp;&nbsp;&nbsp;&nbsp;&nbsp;&nbsp;&nbsp;&nbsp;&nbsp;&nbsp;&nbsp;&nbsp;&nbsp;&nbsp;&nbsp;&nbsp;&nbsp;&nbsp;&nbsp;&nbsp;&nbsp;&nbsp;&nbsp;&nbsp;&nbsp;&nbsp;&nbsp;&nbsp;&nbsp;&nbsp;&nbsp;&nbsp;&nbsp;&nbsp;&nbsp;&nbsp;&nbsp;<\/li>\n\n\n\n<li>Vos produits sont install\u00e9s dans une r\u00e9sidence principale (la v\u00f4tre ou celle de votre locataire) ou dans un chalet chauff\u00e9 toute l\u2019ann\u00e9e.<\/li>\n<\/ul>\n\n\n\n<h2 class=\"wp-block-heading has-text-align-center\">PROJETS INADMISSIBLES<\/h2>\n\n\n\n<ul class=\"wp-block-list is-style-medium--x\">\n<li class=\"has-medium-font-size\">Les r\u00e9sidences saisonni\u00e8res, les appartements, les h\u00e9bergements de vacances, les maisons vacantes, les propri\u00e9t\u00e9s commerciales, les garages et les d\u00e9pendances.<\/li>\n\n\n\n<li class=\"has-medium-font-size\">Les maisons neuves qui demeureront vacantes dans les six mois suivant la pr\u00e9sentation de la demande.<\/li>\n\n\n\n<li class=\"has-medium-font-size\">Les thermostats intelligents \u00e0 tension de secteur ne sont pas admissibles pour une remise.<\/li>\n<\/ul>\n<\/div><\/div>\n\n\n\n<p class=\"has-text-align-center\">Pour obtenir la liste compl\u00e8te des crit\u00e8res d\u2019admissibilit\u00e9, <a href=\"https:\/\/efficiencymb.ca\/wp-content\/uploads\/FR_SmartThermostat_TermsandConditions.pdf\" target=\"_blank\" rel=\"noreferrer noopener\">veuillez lire les modalit\u00e9s<\/a>.<\/p>\n\n\n\n<div class=\"wp-block-group is-style-content-wide\"><div class=\"wp-block-group__inner-container is-layout-constrained wp-block-group-is-layout-constrained\">\n<h2 class=\"wp-block-heading has-text-align-center is-style-hero-heading-grey\">EN SAVOIR PLUS<\/h2>\n\n\n\n<p class=\"has-text-align-center has-medium-font-size\">Vous voulez en savoir plus? Consultez ces ressources pour obtenir de plus amples renseignements au sujet des thermostats intelligents.<\/p>\n<\/div><\/div>\n\n\n\n<div class=\"featured-post-block\">\n\t<div class=\"featured-post-block-items\" data-slidesToShow=\"2\" data-auto=\"\" data-autoplayspeed=\"\">\n\t\t\t\t\t<div class=\"featured-post-block-item\">\n\t\t\t\t<div class=\"featured-post-block-item-img\">\n\t\t\t\t\t<a class=\"featured-post-block-item-more\" href=\"https:\/\/efficiencymb.ca\/fr\/articles\/get-smart-with-your-smart-thermostat\/\"><img loading=\"lazy\" decoding=\"async\" width=\"2400\" height=\"1350\" src=\"https:\/\/efficiencymb.ca\/wp-content\/uploads\/2020\/03\/banner-blog-smart-thermostats-101_2x.jpg\" class=\"attachment-post-thumbnail size-post-thumbnail wp-post-image\" alt=\"Soyez intelligent avec votre thermostat intelligent\" srcset=\"https:\/\/efficiencymb.ca\/wp-content\/uploads\/2020\/03\/banner-blog-smart-thermostats-101_2x.jpg 2400w, https:\/\/efficiencymb.ca\/wp-content\/uploads\/2020\/03\/banner-blog-smart-thermostats-101_2x-479x269.jpg 479w, https:\/\/efficiencymb.ca\/wp-content\/uploads\/2020\/03\/banner-blog-smart-thermostats-101_2x-1024x576.jpg 1024w, https:\/\/efficiencymb.ca\/wp-content\/uploads\/2020\/03\/banner-blog-smart-thermostats-101_2x-768x432.jpg 768w, https:\/\/efficiencymb.ca\/wp-content\/uploads\/2020\/03\/banner-blog-smart-thermostats-101_2x-1536x864.jpg 1536w, https:\/\/efficiencymb.ca\/wp-content\/uploads\/2020\/03\/banner-blog-smart-thermostats-101_2x-2048x1152.jpg 2048w, https:\/\/efficiencymb.ca\/wp-content\/uploads\/2020\/03\/banner-blog-smart-thermostats-101_2x-1920x1080.jpg 1920w\" sizes=\"auto, (max-width: 2400px) 100vw, 2400px\" \/><\/a>\n\t\t\t\t<\/div>\n\t\t\t\t<div class=\"featured-post-block-item-content\">\n\t\t\t\t\t<h3 class=\"wp-block-getwid-template-post-title\"><a href=\"https:\/\/efficiencymb.ca\/fr\/articles\/get-smart-with-your-smart-thermostat\/\">Soyez intelligent avec votre thermostat intelligent<\/a><\/h3>\n\t\t\t\t\t<div class=\"featured-post-block-item-excerpt\">\n\t\t\t\t\t\tDe plus en plus de Manitobains et Manitobaines ach\u00e8tent des thermostats intelligents pour leur maison. Ces appareils connect\u00e9s au Wi-Fi sont tr\u00e8s \u00e9l\u00e9gants et faciles \u00e0 utiliser. Mais pour \u00e9conomiser\u2026\t\t\t\t\t<\/div>\n\t\t\t\t\t<!-- <a class=\"featured-post-block-item-more\" href=\"\"><\/a> -->\n\t\t\t\t\t<a class=\"featured-post-block-item-more\" href=\"https:\/\/efficiencymb.ca\/fr\/articles\/get-smart-with-your-smart-thermostat\/\" aria-label=\"Poursuivre la lecture... Soyez intelligent avec votre thermostat intelligent\">Poursuivre la lecture&#8230;<\/a>\n\t\t\t\t<\/div>\n\t\t\t<\/div>\n\t\t\t<\/div>\n<\/div>\n\n\n\n<figure class=\"wp-block-image size-full\"><img loading=\"lazy\" decoding=\"async\" width=\"2000\" height=\"400\" src=\"https:\/\/efficiencymb.ca\/wp-content\/uploads\/bg-two-tone-green@2x.png\" alt=\"\" class=\"wp-image-592\" srcset=\"https:\/\/efficiencymb.ca\/wp-content\/uploads\/bg-two-tone-green@2x.png 2000w, https:\/\/efficiencymb.ca\/wp-content\/uploads\/bg-two-tone-green@2x-479x96.png 479w, https:\/\/efficiencymb.ca\/wp-content\/uploads\/bg-two-tone-green@2x-1024x205.png 1024w, https:\/\/efficiencymb.ca\/wp-content\/uploads\/bg-two-tone-green@2x-768x154.png 768w, https:\/\/efficiencymb.ca\/wp-content\/uploads\/bg-two-tone-green@2x-1536x307.png 1536w\" sizes=\"auto, (max-width: 2000px) 100vw, 2000px\" \/><\/figure>\n","protected":false},"excerpt":{"rendered":"<p>\u00c9conomisez de l\u2019\u00e9nergie et maintenez votre confort gr\u00e2ce \u00e0 un thermostat intelligent certifi\u00e9 ENERGY STAR\u00ae \u2014 et obtenez une remise de 50 $!<\/p>\n","protected":false},"author":10,"featured_media":87031,"parent":13101,"menu_order":0,"comment_status":"closed","ping_status":"closed","template":"","meta":{"_acf_changed":false,"footnotes":""},"class_list":["post-86643","page","type-page","status-publish","has-post-thumbnail","hentry","page_cat-programs"],"acf":[],"yoast_head":"<!-- This site is optimized with the Yoast SEO plugin v27.3 - https:\/\/yoast.com\/product\/yoast-seo-wordpress\/ -->\n<title>Remise Sur Les thermostats intelligents &#8212; Efficiency Manitoba<\/title>\n<meta name=\"description\" content=\"\u00c9conomisez de l\u2019\u00e9nergie et maintenez votre confort gr\u00e2ce \u00e0 un thermostat intelligent certifi\u00e9 ENERGY STAR\u00ae \u2014 et obtenez une remise de 50 $!\" \/>\n<meta name=\"robots\" content=\"index, follow, max-snippet:-1, max-image-preview:large, max-video-preview:-1\" \/>\n<link rel=\"canonical\" href=\"https:\/\/efficiencymb.ca\/fr\/ma-maison\/remise-thermostat-intelligent\/\" \/>\n<meta property=\"og:locale\" content=\"fr_FR\" \/>\n<meta property=\"og:type\" content=\"article\" \/>\n<meta property=\"og:title\" content=\"Remise Sur Les thermostats intelligents &#8212; Efficiency Manitoba\" \/>\n<meta property=\"og:description\" content=\"\u00c9conomisez de l\u2019\u00e9nergie et maintenez votre confort gr\u00e2ce \u00e0 un thermostat intelligent certifi\u00e9 ENERGY STAR\u00ae \u2014 et obtenez une remise de 50 $!\" \/>\n<meta property=\"og:url\" content=\"https:\/\/efficiencymb.ca\/fr\/ma-maison\/remise-thermostat-intelligent\/\" \/>\n<meta property=\"og:site_name\" content=\"Efficiency Manitoba\" \/>\n<meta property=\"article:modified_time\" content=\"2026-05-04T16:04:22+00:00\" \/>\n<meta property=\"og:image\" content=\"https:\/\/efficiencymb.ca\/wp-content\/uploads\/Smart-thermostat-rebate-web-banner-2400x1350-rev.jpg\" \/>\n\t<meta property=\"og:image:width\" content=\"2400\" \/>\n\t<meta property=\"og:image:height\" content=\"1350\" \/>\n\t<meta property=\"og:image:type\" content=\"image\/jpeg\" \/>\n<meta name=\"twitter:card\" content=\"summary_large_image\" \/>\n<meta name=\"twitter:label1\" content=\"Dur\u00e9e de lecture estim\u00e9e\" \/>\n\t<meta name=\"twitter:data1\" content=\"4 minutes\" \/>\n<script type=\"application\/ld+json\" class=\"yoast-schema-graph\">{\"@context\":\"https:\\\/\\\/schema.org\",\"@graph\":[{\"@type\":\"WebPage\",\"@id\":\"https:\\\/\\\/efficiencymb.ca\\\/fr\\\/ma-maison\\\/remise-thermostat-intelligent\\\/\",\"url\":\"https:\\\/\\\/efficiencymb.ca\\\/fr\\\/ma-maison\\\/remise-thermostat-intelligent\\\/\",\"name\":\"Remise Sur Les thermostats intelligents &#8212; Efficiency Manitoba\",\"isPartOf\":{\"@id\":\"https:\\\/\\\/efficiencymb.ca\\\/#website\"},\"primaryImageOfPage\":{\"@id\":\"https:\\\/\\\/efficiencymb.ca\\\/fr\\\/ma-maison\\\/remise-thermostat-intelligent\\\/#primaryimage\"},\"image\":{\"@id\":\"https:\\\/\\\/efficiencymb.ca\\\/fr\\\/ma-maison\\\/remise-thermostat-intelligent\\\/#primaryimage\"},\"thumbnailUrl\":\"https:\\\/\\\/efficiencymb.ca\\\/wp-content\\\/uploads\\\/Smart-thermostat-rebate-web-banner-2400x1350-rev.jpg\",\"datePublished\":\"2026-05-01T17:34:00+00:00\",\"dateModified\":\"2026-05-04T16:04:22+00:00\",\"description\":\"\u00c9conomisez de l\u2019\u00e9nergie et maintenez votre confort gr\u00e2ce \u00e0 un thermostat intelligent certifi\u00e9 ENERGY STAR\u00ae \u2014 et obtenez une remise de 50 $!\",\"breadcrumb\":{\"@id\":\"https:\\\/\\\/efficiencymb.ca\\\/fr\\\/ma-maison\\\/remise-thermostat-intelligent\\\/#breadcrumb\"},\"inLanguage\":\"fr-FR\",\"potentialAction\":[{\"@type\":\"ReadAction\",\"target\":[\"https:\\\/\\\/efficiencymb.ca\\\/fr\\\/ma-maison\\\/remise-thermostat-intelligent\\\/\"]}]},{\"@type\":\"ImageObject\",\"inLanguage\":\"fr-FR\",\"@id\":\"https:\\\/\\\/efficiencymb.ca\\\/fr\\\/ma-maison\\\/remise-thermostat-intelligent\\\/#primaryimage\",\"url\":\"https:\\\/\\\/efficiencymb.ca\\\/wp-content\\\/uploads\\\/Smart-thermostat-rebate-web-banner-2400x1350-rev.jpg\",\"contentUrl\":\"https:\\\/\\\/efficiencymb.ca\\\/wp-content\\\/uploads\\\/Smart-thermostat-rebate-web-banner-2400x1350-rev.jpg\",\"width\":2400,\"height\":1350},{\"@type\":\"BreadcrumbList\",\"@id\":\"https:\\\/\\\/efficiencymb.ca\\\/fr\\\/ma-maison\\\/remise-thermostat-intelligent\\\/#breadcrumb\",\"itemListElement\":[{\"@type\":\"ListItem\",\"position\":1,\"name\":\"Home\",\"item\":\"https:\\\/\\\/efficiencymb.ca\\\/fr\\\/\"},{\"@type\":\"ListItem\",\"position\":2,\"name\":\"Ma Maison\",\"item\":\"https:\\\/\\\/efficiencymb.ca\\\/fr\\\/ma-maison\\\/\"},{\"@type\":\"ListItem\",\"position\":3,\"name\":\"Remise Sur Les thermostats intelligents\"}]},{\"@type\":\"WebSite\",\"@id\":\"https:\\\/\\\/efficiencymb.ca\\\/#website\",\"url\":\"https:\\\/\\\/efficiencymb.ca\\\/\",\"name\":\"Efficiency Manitoba\",\"description\":\"\",\"publisher\":{\"@id\":\"https:\\\/\\\/efficiencymb.ca\\\/#organization\"},\"potentialAction\":[{\"@type\":\"SearchAction\",\"target\":{\"@type\":\"EntryPoint\",\"urlTemplate\":\"https:\\\/\\\/efficiencymb.ca\\\/?s={search_term_string}\"},\"query-input\":{\"@type\":\"PropertyValueSpecification\",\"valueRequired\":true,\"valueName\":\"search_term_string\"}}],\"inLanguage\":\"fr-FR\"},{\"@type\":\"Organization\",\"@id\":\"https:\\\/\\\/efficiencymb.ca\\\/#organization\",\"name\":\"Efficiency Manitoba\",\"url\":\"https:\\\/\\\/efficiencymb.ca\\\/\",\"logo\":{\"@type\":\"ImageObject\",\"inLanguage\":\"fr-FR\",\"@id\":\"https:\\\/\\\/efficiencymb.ca\\\/#\\\/schema\\\/logo\\\/image\\\/\",\"url\":\"https:\\\/\\\/efficiencymb.ca\\\/wp-content\\\/uploads\\\/em-logo-white-en.png\",\"contentUrl\":\"https:\\\/\\\/efficiencymb.ca\\\/wp-content\\\/uploads\\\/em-logo-white-en.png\",\"width\":388,\"height\":91,\"caption\":\"Efficiency Manitoba\"},\"image\":{\"@id\":\"https:\\\/\\\/efficiencymb.ca\\\/#\\\/schema\\\/logo\\\/image\\\/\"}}]}<\/script>\n<!-- \/ Yoast SEO plugin. -->","yoast_head_json":{"title":"Remise Sur Les thermostats intelligents &#8212; Efficiency Manitoba","description":"\u00c9conomisez de l\u2019\u00e9nergie et maintenez votre confort gr\u00e2ce \u00e0 un thermostat intelligent certifi\u00e9 ENERGY STAR\u00ae \u2014 et obtenez une remise de 50 $!","robots":{"index":"index","follow":"follow","max-snippet":"max-snippet:-1","max-image-preview":"max-image-preview:large","max-video-preview":"max-video-preview:-1"},"canonical":"https:\/\/efficiencymb.ca\/fr\/ma-maison\/remise-thermostat-intelligent\/","og_locale":"fr_FR","og_type":"article","og_title":"Remise Sur Les thermostats intelligents &#8212; Efficiency Manitoba","og_description":"\u00c9conomisez de l\u2019\u00e9nergie et maintenez votre confort gr\u00e2ce \u00e0 un thermostat intelligent certifi\u00e9 ENERGY STAR\u00ae \u2014 et obtenez une remise de 50 $!","og_url":"https:\/\/efficiencymb.ca\/fr\/ma-maison\/remise-thermostat-intelligent\/","og_site_name":"Efficiency Manitoba","article_modified_time":"2026-05-04T16:04:22+00:00","og_image":[{"width":2400,"height":1350,"url":"https:\/\/efficiencymb.ca\/wp-content\/uploads\/Smart-thermostat-rebate-web-banner-2400x1350-rev.jpg","type":"image\/jpeg"}],"twitter_card":"summary_large_image","twitter_misc":{"Dur\u00e9e de lecture estim\u00e9e":"4 minutes"},"schema":{"@context":"https:\/\/schema.org","@graph":[{"@type":"WebPage","@id":"https:\/\/efficiencymb.ca\/fr\/ma-maison\/remise-thermostat-intelligent\/","url":"https:\/\/efficiencymb.ca\/fr\/ma-maison\/remise-thermostat-intelligent\/","name":"Remise Sur Les thermostats intelligents &#8212; Efficiency Manitoba","isPartOf":{"@id":"https:\/\/efficiencymb.ca\/#website"},"primaryImageOfPage":{"@id":"https:\/\/efficiencymb.ca\/fr\/ma-maison\/remise-thermostat-intelligent\/#primaryimage"},"image":{"@id":"https:\/\/efficiencymb.ca\/fr\/ma-maison\/remise-thermostat-intelligent\/#primaryimage"},"thumbnailUrl":"https:\/\/efficiencymb.ca\/wp-content\/uploads\/Smart-thermostat-rebate-web-banner-2400x1350-rev.jpg","datePublished":"2026-05-01T17:34:00+00:00","dateModified":"2026-05-04T16:04:22+00:00","description":"\u00c9conomisez de l\u2019\u00e9nergie et maintenez votre confort gr\u00e2ce \u00e0 un thermostat intelligent certifi\u00e9 ENERGY STAR\u00ae \u2014 et obtenez une remise de 50 $!","breadcrumb":{"@id":"https:\/\/efficiencymb.ca\/fr\/ma-maison\/remise-thermostat-intelligent\/#breadcrumb"},"inLanguage":"fr-FR","potentialAction":[{"@type":"ReadAction","target":["https:\/\/efficiencymb.ca\/fr\/ma-maison\/remise-thermostat-intelligent\/"]}]},{"@type":"ImageObject","inLanguage":"fr-FR","@id":"https:\/\/efficiencymb.ca\/fr\/ma-maison\/remise-thermostat-intelligent\/#primaryimage","url":"https:\/\/efficiencymb.ca\/wp-content\/uploads\/Smart-thermostat-rebate-web-banner-2400x1350-rev.jpg","contentUrl":"https:\/\/efficiencymb.ca\/wp-content\/uploads\/Smart-thermostat-rebate-web-banner-2400x1350-rev.jpg","width":2400,"height":1350},{"@type":"BreadcrumbList","@id":"https:\/\/efficiencymb.ca\/fr\/ma-maison\/remise-thermostat-intelligent\/#breadcrumb","itemListElement":[{"@type":"ListItem","position":1,"name":"Home","item":"https:\/\/efficiencymb.ca\/fr\/"},{"@type":"ListItem","position":2,"name":"Ma Maison","item":"https:\/\/efficiencymb.ca\/fr\/ma-maison\/"},{"@type":"ListItem","position":3,"name":"Remise Sur Les thermostats intelligents"}]},{"@type":"WebSite","@id":"https:\/\/efficiencymb.ca\/#website","url":"https:\/\/efficiencymb.ca\/","name":"Efficiency Manitoba","description":"","publisher":{"@id":"https:\/\/efficiencymb.ca\/#organization"},"potentialAction":[{"@type":"SearchAction","target":{"@type":"EntryPoint","urlTemplate":"https:\/\/efficiencymb.ca\/?s={search_term_string}"},"query-input":{"@type":"PropertyValueSpecification","valueRequired":true,"valueName":"search_term_string"}}],"inLanguage":"fr-FR"},{"@type":"Organization","@id":"https:\/\/efficiencymb.ca\/#organization","name":"Efficiency Manitoba","url":"https:\/\/efficiencymb.ca\/","logo":{"@type":"ImageObject","inLanguage":"fr-FR","@id":"https:\/\/efficiencymb.ca\/#\/schema\/logo\/image\/","url":"https:\/\/efficiencymb.ca\/wp-content\/uploads\/em-logo-white-en.png","contentUrl":"https:\/\/efficiencymb.ca\/wp-content\/uploads\/em-logo-white-en.png","width":388,"height":91,"caption":"Efficiency Manitoba"},"image":{"@id":"https:\/\/efficiencymb.ca\/#\/schema\/logo\/image\/"}}]}},"_links":{"self":[{"href":"https:\/\/efficiencymb.ca\/fr\/wp-json\/wp\/v2\/pages\/86643","targetHints":{"allow":["GET"]}}],"collection":[{"href":"https:\/\/efficiencymb.ca\/fr\/wp-json\/wp\/v2\/pages"}],"about":[{"href":"https:\/\/efficiencymb.ca\/fr\/wp-json\/wp\/v2\/types\/page"}],"author":[{"embeddable":true,"href":"https:\/\/efficiencymb.ca\/fr\/wp-json\/wp\/v2\/users\/10"}],"replies":[{"embeddable":true,"href":"https:\/\/efficiencymb.ca\/fr\/wp-json\/wp\/v2\/comments?post=86643"}],"version-history":[{"count":8,"href":"https:\/\/efficiencymb.ca\/fr\/wp-json\/wp\/v2\/pages\/86643\/revisions"}],"predecessor-version":[{"id":88509,"href":"https:\/\/efficiencymb.ca\/fr\/wp-json\/wp\/v2\/pages\/86643\/revisions\/88509"}],"up":[{"embeddable":true,"href":"https:\/\/efficiencymb.ca\/fr\/wp-json\/wp\/v2\/pages\/13101"}],"wp:featuredmedia":[{"embeddable":true,"href":"https:\/\/efficiencymb.ca\/fr\/wp-json\/wp\/v2\/media\/87031"}],"wp:attachment":[{"href":"https:\/\/efficiencymb.ca\/fr\/wp-json\/wp\/v2\/media?parent=86643"}],"curies":[{"name":"wp","href":"https:\/\/api.w.org\/{rel}","templated":true}]}}