{"id":86534,"date":"2026-03-24T13:30:00","date_gmt":"2026-03-24T18:30:00","guid":{"rendered":"https:\/\/efficiencymb.ca\/?page_id=86534"},"modified":"2026-03-24T13:30:29","modified_gmt":"2026-03-24T18:30:29","slug":"sondage-plan-efficacite","status":"publish","type":"page","link":"https:\/\/efficiencymb.ca\/fr\/sondage-plan-efficacite\/","title":{"rendered":"Contribuez \u00e0 l\u2019\u00e9laboration de notre prochain plan d\u2019efficacit\u00e9 \u00e9nerg\u00e9tique"},"content":{"rendered":"\n<div class=\"wp-block-group is-style-content-wide\"><div class=\"wp-block-group__inner-container is-layout-constrained wp-block-group-is-layout-constrained\">\n<h2 class=\"wp-block-heading has-text-align-center\">Faites part de vos suggestions dans notre sondage en ligne<\/h2>\n\n\n\n<div style=\"height:50px\" aria-hidden=\"true\" class=\"wp-block-spacer\"><\/div>\n\n\n\n<p class=\"has-text-align-center has-medium-font-size\">Efficacit\u00e9 Manitoba travaille \u00e0 l\u2019\u00e9laboration de son prochain plan d\u2019efficacit\u00e9 \u00e9nerg\u00e9tique 2027-2030, qui orientera les programmes et les services offerts dans l\u2019ensemble de la province. Nous d\u00e9sirons recevoir vos opinions afin que le plan tienne compte de vos besoins, de vos priorit\u00e9s et de vos exp\u00e9riences. Le sondage est un moyen de recueillir vos suggestions dans le cadre de notre processus de mobilisation.<\/p>\n\n\n\n<p class=\"has-text-align-center has-medium-font-size\">Nous aimerions particuli\u00e8rement obtenir des commentaires sur ce qui suit :<\/p>\n\n\n\n<ul class=\"wp-block-list is-style-medium\">\n<li class=\"has-medium-font-size\">le contenu qui devrait faire partie du prochain plan d\u2019efficacit\u00e9 \u00e9nerg\u00e9tique d\u2019Efficacit\u00e9 Manitoba;&nbsp;<\/li>\n\n\n\n<li class=\"has-medium-font-size\">vos besoins ou id\u00e9es pour accro\u00eetre la participation \u00e0 l\u2019efficacit\u00e9 \u00e9nerg\u00e9tique au Manitoba;<\/li>\n\n\n\n<li class=\"has-medium-font-size\">les meilleures fa\u00e7ons d\u2019entrer en contact avec vous ou votre collectivit\u00e9;<\/li>\n\n\n\n<li class=\"has-medium-font-size\">ce qui peut freiner la participation et les mesures de soutien pouvant \u00eatre utiles. <\/li>\n<\/ul>\n\n\n<div class=\"theme-button wp-block-button aligncenter\">\r\n\t<a  class=\"wp-block-button__link has-background no-border-radius button cta button-large\" href=\"https:\/\/ca1.voxco.com\/S2\/rs?vx-skey=4294f075-2ae9-45cd-8f90-1f67bd8ee879\"><strong>R\u00e9pondre au sondage<\/strong><br>(en anglais)<\/a>\r\n<\/div>\n\n\n<div style=\"height:50px\" aria-hidden=\"true\" class=\"wp-block-spacer\"><\/div>\n\n\n\n<p class=\"has-text-align-center has-medium-font-size\">Probe Research r\u00e9alise le sondage au nom d\u2019Efficacit\u00e9 Manitoba. Vos commentaires, tout comme les id\u00e9es pr\u00e9sent\u00e9es lors d\u2019autres activit\u00e9s de mobilisation, seront examin\u00e9s de pr\u00e8s et nous aideront \u00e0 orienter notre plan d\u2019efficacit\u00e9 \u00e9nerg\u00e9tique 2027-2030. Nous pr\u00eatons l\u2019oreille \u00e0 vos suggestions, qui serviront ensuite \u00e0 \u00e9laborer le plan.<\/p>\n<\/div><\/div>\n\n\n\n<div style=\"height:50px\" aria-hidden=\"true\" class=\"wp-block-spacer\"><\/div>\n\n\n\n<figure class=\"wp-block-image size-full\"><img loading=\"lazy\" decoding=\"async\" width=\"2000\" height=\"400\" src=\"https:\/\/efficiencymb.ca\/wp-content\/uploads\/bg-two-tone-green@2x-edited-4.png\" alt=\"\" class=\"wp-image-66516\" srcset=\"https:\/\/efficiencymb.ca\/wp-content\/uploads\/bg-two-tone-green@2x-edited-4.png 2000w, https:\/\/efficiencymb.ca\/wp-content\/uploads\/bg-two-tone-green@2x-edited-4-479x96.png 479w, https:\/\/efficiencymb.ca\/wp-content\/uploads\/bg-two-tone-green@2x-edited-4-1024x205.png 1024w, https:\/\/efficiencymb.ca\/wp-content\/uploads\/bg-two-tone-green@2x-edited-4-768x154.png 768w, https:\/\/efficiencymb.ca\/wp-content\/uploads\/bg-two-tone-green@2x-edited-4-1536x307.png 1536w\" sizes=\"auto, (max-width: 2000px) 100vw, 2000px\" \/><\/figure>\n","protected":false},"excerpt":{"rendered":"<p>Nous recueillons des id\u00e9es dans le cadre de notre processus de mobilisation et nous d\u00e9sirons obtenir vos commentaires pour nous aider \u00e0 \u00e9laborer notre plan d\u2019efficacit\u00e9 \u00e9nerg\u00e9tique 2027-2030.<\/p>\n","protected":false},"author":10,"featured_media":86627,"parent":0,"menu_order":0,"comment_status":"closed","ping_status":"closed","template":"","meta":{"_acf_changed":false,"footnotes":""},"class_list":["post-86534","page","type-page","status-publish","has-post-thumbnail","hentry","page_cat-exclude-algolia-search"],"acf":[],"yoast_head":"<!-- This site is optimized with the Yoast SEO plugin v27.3 - https:\/\/yoast.com\/product\/yoast-seo-wordpress\/ -->\n<title>Contribuez \u00e0 l\u2019\u00e9laboration de notre prochain plan d\u2019efficacit\u00e9 \u00e9nerg\u00e9tique &#8212; Efficiency Manitoba<\/title>\n<meta name=\"description\" content=\"Nous recueillons des id\u00e9es dans le cadre de notre processus de mobilisation et nous d\u00e9sirons obtenir vos commentaires pour nous aider \u00e0 \u00e9laborer notre plan d\u2019efficacit\u00e9 \u00e9nerg\u00e9tique 2027-2030.\" \/>\n<meta name=\"robots\" content=\"index, follow, max-snippet:-1, max-image-preview:large, max-video-preview:-1\" \/>\n<link rel=\"canonical\" href=\"https:\/\/efficiencymb.ca\/fr\/sondage-plan-efficacite\/\" \/>\n<meta property=\"og:locale\" content=\"fr_FR\" \/>\n<meta property=\"og:type\" content=\"article\" \/>\n<meta property=\"og:title\" content=\"Contribuez \u00e0 l\u2019\u00e9laboration de notre prochain plan d\u2019efficacit\u00e9 \u00e9nerg\u00e9tique &#8212; Efficiency Manitoba\" \/>\n<meta property=\"og:description\" content=\"Nous recueillons des id\u00e9es dans le cadre de notre processus de mobilisation et nous d\u00e9sirons obtenir vos commentaires pour nous aider \u00e0 \u00e9laborer notre plan d\u2019efficacit\u00e9 \u00e9nerg\u00e9tique 2027-2030.\" \/>\n<meta property=\"og:url\" content=\"https:\/\/efficiencymb.ca\/fr\/sondage-plan-efficacite\/\" \/>\n<meta property=\"og:site_name\" content=\"Efficiency Manitoba\" \/>\n<meta property=\"article:modified_time\" content=\"2026-03-24T18:30:29+00:00\" \/>\n<meta property=\"og:image\" content=\"https:\/\/efficiencymb.ca\/wp-content\/uploads\/energy-efficiency-plan-web-banner-2400x1350-rev.jpg\" \/>\n\t<meta property=\"og:image:width\" content=\"2400\" \/>\n\t<meta property=\"og:image:height\" content=\"1350\" \/>\n\t<meta property=\"og:image:type\" content=\"image\/jpeg\" \/>\n<meta name=\"twitter:card\" content=\"summary_large_image\" \/>\n<meta name=\"twitter:label1\" content=\"Dur\u00e9e de lecture estim\u00e9e\" \/>\n\t<meta name=\"twitter:data1\" content=\"2 minutes\" \/>\n<script type=\"application\/ld+json\" class=\"yoast-schema-graph\">{\"@context\":\"https:\\\/\\\/schema.org\",\"@graph\":[{\"@type\":\"WebPage\",\"@id\":\"https:\\\/\\\/efficiencymb.ca\\\/fr\\\/sondage-plan-efficacite\\\/\",\"url\":\"https:\\\/\\\/efficiencymb.ca\\\/fr\\\/sondage-plan-efficacite\\\/\",\"name\":\"Contribuez \u00e0 l\u2019\u00e9laboration de notre prochain plan d\u2019efficacit\u00e9 \u00e9nerg\u00e9tique &#8212; Efficiency Manitoba\",\"isPartOf\":{\"@id\":\"https:\\\/\\\/efficiencymb.ca\\\/#website\"},\"primaryImageOfPage\":{\"@id\":\"https:\\\/\\\/efficiencymb.ca\\\/fr\\\/sondage-plan-efficacite\\\/#primaryimage\"},\"image\":{\"@id\":\"https:\\\/\\\/efficiencymb.ca\\\/fr\\\/sondage-plan-efficacite\\\/#primaryimage\"},\"thumbnailUrl\":\"https:\\\/\\\/efficiencymb.ca\\\/wp-content\\\/uploads\\\/energy-efficiency-plan-web-banner-2400x1350-rev.jpg\",\"datePublished\":\"2026-03-24T18:30:00+00:00\",\"dateModified\":\"2026-03-24T18:30:29+00:00\",\"description\":\"Nous recueillons des id\u00e9es dans le cadre de notre processus de mobilisation et nous d\u00e9sirons obtenir vos commentaires pour nous aider \u00e0 \u00e9laborer notre plan d\u2019efficacit\u00e9 \u00e9nerg\u00e9tique 2027-2030.\",\"breadcrumb\":{\"@id\":\"https:\\\/\\\/efficiencymb.ca\\\/fr\\\/sondage-plan-efficacite\\\/#breadcrumb\"},\"inLanguage\":\"fr-FR\",\"potentialAction\":[{\"@type\":\"ReadAction\",\"target\":[\"https:\\\/\\\/efficiencymb.ca\\\/fr\\\/sondage-plan-efficacite\\\/\"]}]},{\"@type\":\"ImageObject\",\"inLanguage\":\"fr-FR\",\"@id\":\"https:\\\/\\\/efficiencymb.ca\\\/fr\\\/sondage-plan-efficacite\\\/#primaryimage\",\"url\":\"https:\\\/\\\/efficiencymb.ca\\\/wp-content\\\/uploads\\\/energy-efficiency-plan-web-banner-2400x1350-rev.jpg\",\"contentUrl\":\"https:\\\/\\\/efficiencymb.ca\\\/wp-content\\\/uploads\\\/energy-efficiency-plan-web-banner-2400x1350-rev.jpg\",\"width\":2400,\"height\":1350},{\"@type\":\"BreadcrumbList\",\"@id\":\"https:\\\/\\\/efficiencymb.ca\\\/fr\\\/sondage-plan-efficacite\\\/#breadcrumb\",\"itemListElement\":[{\"@type\":\"ListItem\",\"position\":1,\"name\":\"Home\",\"item\":\"https:\\\/\\\/efficiencymb.ca\\\/fr\\\/\"},{\"@type\":\"ListItem\",\"position\":2,\"name\":\"Contribuez \u00e0 l\u2019\u00e9laboration de notre prochain plan d\u2019efficacit\u00e9 \u00e9nerg\u00e9tique\"}]},{\"@type\":\"WebSite\",\"@id\":\"https:\\\/\\\/efficiencymb.ca\\\/#website\",\"url\":\"https:\\\/\\\/efficiencymb.ca\\\/\",\"name\":\"Efficiency Manitoba\",\"description\":\"\",\"publisher\":{\"@id\":\"https:\\\/\\\/efficiencymb.ca\\\/#organization\"},\"potentialAction\":[{\"@type\":\"SearchAction\",\"target\":{\"@type\":\"EntryPoint\",\"urlTemplate\":\"https:\\\/\\\/efficiencymb.ca\\\/?s={search_term_string}\"},\"query-input\":{\"@type\":\"PropertyValueSpecification\",\"valueRequired\":true,\"valueName\":\"search_term_string\"}}],\"inLanguage\":\"fr-FR\"},{\"@type\":\"Organization\",\"@id\":\"https:\\\/\\\/efficiencymb.ca\\\/#organization\",\"name\":\"Efficiency Manitoba\",\"url\":\"https:\\\/\\\/efficiencymb.ca\\\/\",\"logo\":{\"@type\":\"ImageObject\",\"inLanguage\":\"fr-FR\",\"@id\":\"https:\\\/\\\/efficiencymb.ca\\\/#\\\/schema\\\/logo\\\/image\\\/\",\"url\":\"https:\\\/\\\/efficiencymb.ca\\\/wp-content\\\/uploads\\\/em-logo-white-en.png\",\"contentUrl\":\"https:\\\/\\\/efficiencymb.ca\\\/wp-content\\\/uploads\\\/em-logo-white-en.png\",\"width\":388,\"height\":91,\"caption\":\"Efficiency Manitoba\"},\"image\":{\"@id\":\"https:\\\/\\\/efficiencymb.ca\\\/#\\\/schema\\\/logo\\\/image\\\/\"}}]}<\/script>\n<!-- \/ Yoast SEO plugin. -->","yoast_head_json":{"title":"Contribuez \u00e0 l\u2019\u00e9laboration de notre prochain plan d\u2019efficacit\u00e9 \u00e9nerg\u00e9tique &#8212; Efficiency Manitoba","description":"Nous recueillons des id\u00e9es dans le cadre de notre processus de mobilisation et nous d\u00e9sirons obtenir vos commentaires pour nous aider \u00e0 \u00e9laborer notre plan d\u2019efficacit\u00e9 \u00e9nerg\u00e9tique 2027-2030.","robots":{"index":"index","follow":"follow","max-snippet":"max-snippet:-1","max-image-preview":"max-image-preview:large","max-video-preview":"max-video-preview:-1"},"canonical":"https:\/\/efficiencymb.ca\/fr\/sondage-plan-efficacite\/","og_locale":"fr_FR","og_type":"article","og_title":"Contribuez \u00e0 l\u2019\u00e9laboration de notre prochain plan d\u2019efficacit\u00e9 \u00e9nerg\u00e9tique &#8212; Efficiency Manitoba","og_description":"Nous recueillons des id\u00e9es dans le cadre de notre processus de mobilisation et nous d\u00e9sirons obtenir vos commentaires pour nous aider \u00e0 \u00e9laborer notre plan d\u2019efficacit\u00e9 \u00e9nerg\u00e9tique 2027-2030.","og_url":"https:\/\/efficiencymb.ca\/fr\/sondage-plan-efficacite\/","og_site_name":"Efficiency Manitoba","article_modified_time":"2026-03-24T18:30:29+00:00","og_image":[{"width":2400,"height":1350,"url":"https:\/\/efficiencymb.ca\/wp-content\/uploads\/energy-efficiency-plan-web-banner-2400x1350-rev.jpg","type":"image\/jpeg"}],"twitter_card":"summary_large_image","twitter_misc":{"Dur\u00e9e de lecture estim\u00e9e":"2 minutes"},"schema":{"@context":"https:\/\/schema.org","@graph":[{"@type":"WebPage","@id":"https:\/\/efficiencymb.ca\/fr\/sondage-plan-efficacite\/","url":"https:\/\/efficiencymb.ca\/fr\/sondage-plan-efficacite\/","name":"Contribuez \u00e0 l\u2019\u00e9laboration de notre prochain plan d\u2019efficacit\u00e9 \u00e9nerg\u00e9tique &#8212; Efficiency Manitoba","isPartOf":{"@id":"https:\/\/efficiencymb.ca\/#website"},"primaryImageOfPage":{"@id":"https:\/\/efficiencymb.ca\/fr\/sondage-plan-efficacite\/#primaryimage"},"image":{"@id":"https:\/\/efficiencymb.ca\/fr\/sondage-plan-efficacite\/#primaryimage"},"thumbnailUrl":"https:\/\/efficiencymb.ca\/wp-content\/uploads\/energy-efficiency-plan-web-banner-2400x1350-rev.jpg","datePublished":"2026-03-24T18:30:00+00:00","dateModified":"2026-03-24T18:30:29+00:00","description":"Nous recueillons des id\u00e9es dans le cadre de notre processus de mobilisation et nous d\u00e9sirons obtenir vos commentaires pour nous aider \u00e0 \u00e9laborer notre plan d\u2019efficacit\u00e9 \u00e9nerg\u00e9tique 2027-2030.","breadcrumb":{"@id":"https:\/\/efficiencymb.ca\/fr\/sondage-plan-efficacite\/#breadcrumb"},"inLanguage":"fr-FR","potentialAction":[{"@type":"ReadAction","target":["https:\/\/efficiencymb.ca\/fr\/sondage-plan-efficacite\/"]}]},{"@type":"ImageObject","inLanguage":"fr-FR","@id":"https:\/\/efficiencymb.ca\/fr\/sondage-plan-efficacite\/#primaryimage","url":"https:\/\/efficiencymb.ca\/wp-content\/uploads\/energy-efficiency-plan-web-banner-2400x1350-rev.jpg","contentUrl":"https:\/\/efficiencymb.ca\/wp-content\/uploads\/energy-efficiency-plan-web-banner-2400x1350-rev.jpg","width":2400,"height":1350},{"@type":"BreadcrumbList","@id":"https:\/\/efficiencymb.ca\/fr\/sondage-plan-efficacite\/#breadcrumb","itemListElement":[{"@type":"ListItem","position":1,"name":"Home","item":"https:\/\/efficiencymb.ca\/fr\/"},{"@type":"ListItem","position":2,"name":"Contribuez \u00e0 l\u2019\u00e9laboration de notre prochain plan d\u2019efficacit\u00e9 \u00e9nerg\u00e9tique"}]},{"@type":"WebSite","@id":"https:\/\/efficiencymb.ca\/#website","url":"https:\/\/efficiencymb.ca\/","name":"Efficiency Manitoba","description":"","publisher":{"@id":"https:\/\/efficiencymb.ca\/#organization"},"potentialAction":[{"@type":"SearchAction","target":{"@type":"EntryPoint","urlTemplate":"https:\/\/efficiencymb.ca\/?s={search_term_string}"},"query-input":{"@type":"PropertyValueSpecification","valueRequired":true,"valueName":"search_term_string"}}],"inLanguage":"fr-FR"},{"@type":"Organization","@id":"https:\/\/efficiencymb.ca\/#organization","name":"Efficiency Manitoba","url":"https:\/\/efficiencymb.ca\/","logo":{"@type":"ImageObject","inLanguage":"fr-FR","@id":"https:\/\/efficiencymb.ca\/#\/schema\/logo\/image\/","url":"https:\/\/efficiencymb.ca\/wp-content\/uploads\/em-logo-white-en.png","contentUrl":"https:\/\/efficiencymb.ca\/wp-content\/uploads\/em-logo-white-en.png","width":388,"height":91,"caption":"Efficiency Manitoba"},"image":{"@id":"https:\/\/efficiencymb.ca\/#\/schema\/logo\/image\/"}}]}},"_links":{"self":[{"href":"https:\/\/efficiencymb.ca\/fr\/wp-json\/wp\/v2\/pages\/86534","targetHints":{"allow":["GET"]}}],"collection":[{"href":"https:\/\/efficiencymb.ca\/fr\/wp-json\/wp\/v2\/pages"}],"about":[{"href":"https:\/\/efficiencymb.ca\/fr\/wp-json\/wp\/v2\/types\/page"}],"author":[{"embeddable":true,"href":"https:\/\/efficiencymb.ca\/fr\/wp-json\/wp\/v2\/users\/10"}],"replies":[{"embeddable":true,"href":"https:\/\/efficiencymb.ca\/fr\/wp-json\/wp\/v2\/comments?post=86534"}],"version-history":[{"count":7,"href":"https:\/\/efficiencymb.ca\/fr\/wp-json\/wp\/v2\/pages\/86534\/revisions"}],"predecessor-version":[{"id":86936,"href":"https:\/\/efficiencymb.ca\/fr\/wp-json\/wp\/v2\/pages\/86534\/revisions\/86936"}],"wp:featuredmedia":[{"embeddable":true,"href":"https:\/\/efficiencymb.ca\/fr\/wp-json\/wp\/v2\/media\/86627"}],"wp:attachment":[{"href":"https:\/\/efficiencymb.ca\/fr\/wp-json\/wp\/v2\/media?parent=86534"}],"curies":[{"name":"wp","href":"https:\/\/api.w.org\/{rel}","templated":true}]}}