{"id":86427,"date":"2026-03-11T15:11:25","date_gmt":"2026-03-11T20:11:25","guid":{"rendered":"https:\/\/efficiencymb.ca\/?page_id=86427"},"modified":"2026-03-26T07:14:16","modified_gmt":"2026-03-26T12:14:16","slug":"organismes-de-service-energuide","status":"publish","type":"page","link":"https:\/\/efficiencymb.ca\/fr\/organismes-de-service-energuide\/","title":{"rendered":"ORGANISMES DE SERVICE \u00c9NERGUIDE"},"content":{"rendered":"\n<div class=\"wp-block-group is-style-content-wide\"><div class=\"wp-block-group__inner-container is-layout-constrained wp-block-group-is-layout-constrained\">\n<p class=\"has-text-align-center has-medium-font-size\">Vous d\u00e9sirez construire une nouvelle maison ou apporter des am\u00e9liorations \u00e0 votre maison actuelle?\u00a0Un organisme de service \u00c9nerGuide\u00a0offre des services de mod\u00e9lisation \u00e9nerg\u00e9tique et peut mener une \u00e9valuation r\u00e9sidentielle afin de vous aider \u00e0 planifier les am\u00e9liorations \u00e9co\u00e9nerg\u00e9tiques \u00e0 apporter \u00e0 votre maison neuve ou actuelle. Communiquez avec un organisme de service figurant dans la liste ci-dessous pour amorcer le processus.<\/p>\n\n\n\n<figure class=\"wp-block-flexible-table-block-table is-content-justification-center is-style-regular\"><table class=\"has-fixed-layout is-sticky-first-column\"><tbody><tr><td style=\"color:#ffffff;background-color:#2493d1;line-height:1.2;font-size:18px;text-align:center;width:275px\"><strong>ORGANISATION<\/strong><\/td><td style=\"background-color:#2493d1;color:#ffffff;line-height:1.2;text-align:center;font-size:18px\"><strong>ZONE DE SERVICE<\/strong><\/td><td style=\"background-color:#2493d1;color:#ffffff;line-height:1.2;font-size:18px;text-align:center\"><strong>MAISON ACTUELLE<\/strong><\/td><td style=\"background-color:#2493d1;color:#ffffff;line-height:1.2;text-align:center;font-size:18px\"><strong>MAISON NEUVE<\/strong><\/td><\/tr><tr><td style=\"line-height:1.2\"><strong>AllClimate Consulting<br><\/strong>204-930-3737<br><a href=\"mailto:norm@allclimateph.com\">norm@allclimateph.com<\/a><br><a href=\"http:\/\/allclimateconsulting.com\" type=\"link\" id=\"allclimateconsulting.com\" target=\"_blank\" rel=\"noreferrer noopener\">allclimateconsulting.com<\/a><\/td><td style=\"line-height:1.2\">Tout le Manitoba<\/td><td style=\"text-align:center\"><img loading=\"lazy\" decoding=\"async\" width=\"40\" height=\"40\" class=\"wp-image-76025\" style=\"width: 40px;\" src=\"https:\/\/efficiencymb.ca\/wp-content\/uploads\/icon-check-green.svg\" alt=\"\"><\/td><td style=\"text-align:center\"><img loading=\"lazy\" decoding=\"async\" width=\"40\" height=\"40\" class=\"wp-image-76025\" style=\"width: 40px;\" src=\"https:\/\/efficiencymb.ca\/wp-content\/uploads\/icon-check-green.svg\" alt=\"\"><\/td><\/tr><tr><td style=\"line-height:1.2\"><strong>Building Expert Consulting Services<\/strong><br>1-833-876-1212<br><a href=\"mailto:info@buildingexpert.ca\">info@buildingexpert.ca<\/a><br><a href=\"http:\/\/buildingexpert.ca\" type=\"link\" id=\"buildingexpert.ca\" target=\"_blank\" rel=\"noreferrer noopener\">buildingexpert.ca<\/a><\/td><td style=\"line-height:1.2\">Plaines centrales, Eastman, Entre-les-Lacs, vall\u00e9e de Pembina, Steinbach, Westman, Winnipeg<\/td><td style=\"text-align:center\"><img loading=\"lazy\" decoding=\"async\" width=\"40\" height=\"40\" class=\"wp-image-76025\" style=\"width: 40px;\" src=\"https:\/\/efficiencymb.ca\/wp-content\/uploads\/icon-check-green.svg\" alt=\"\"><\/td><td style=\"text-align:center\"><img loading=\"lazy\" decoding=\"async\" width=\"40\" height=\"40\" class=\"wp-image-76025\" style=\"width: 40px;\" src=\"https:\/\/efficiencymb.ca\/wp-content\/uploads\/icon-check-green.svg\" alt=\"\"><\/td><\/tr><tr><td style=\"line-height:1.2\"><strong>CoEfficient Building Science Ltd.<\/strong><br>1-800-604-0234<br><a href=\"mailto:info@coeff.ca\">info@coeff.ca<\/a><br><a href=\"http:\/\/coeff.ca\" type=\"link\" id=\"coeff.ca\" target=\"_blank\" rel=\"noreferrer noopener\">coeff.ca<\/a><\/td><td style=\"line-height:1.2\">Tout le Manitoba<\/td><td style=\"text-align:center\"><img loading=\"lazy\" decoding=\"async\" width=\"40\" height=\"40\" class=\"wp-image-76025\" style=\"width: 40px;\" src=\"https:\/\/efficiencymb.ca\/wp-content\/uploads\/icon-check-green.svg\" alt=\"\"><\/td><td style=\"color:#ffffff;text-align:center\"><\/td><\/tr><tr><td style=\"line-height:1.2\"><strong>Energuy<\/strong><br>1-403-909-5971<br><a href=\"mailto:patrick.m@energuy.com\">patrick.m@energuy.com<\/a><br><a href=\"http:\/\/energuy.ca\" type=\"link\" id=\"energuy.ca\" target=\"_blank\" rel=\"noreferrer noopener\">energuy.ca<\/a><\/td><td style=\"line-height:1.2\">Steinbach, Winnipeg<\/td><td style=\"text-align:center\"><img loading=\"lazy\" decoding=\"async\" width=\"40\" height=\"40\" class=\"wp-image-76025\" style=\"width: 40px;\" src=\"https:\/\/efficiencymb.ca\/wp-content\/uploads\/icon-check-green.svg\" alt=\"\"><\/td><td style=\"text-align:center\"><\/td><\/tr><tr><td style=\"line-height:1.2;width:300px\"><strong>Energy Werx Manitoba<\/strong><br>204-390-3064<br><a href=\"mailto:manitoba@energywerx.ca\">manitoba@energywerx.ca<\/a><br><a href=\"https:\/\/efficiencymb.ca\/fr\/organismes-de-service-energuide\/\" target=\"_blank\" rel=\"noreferrer noopener\">mb.energywerx.ca<\/a><\/td><td style=\"line-height:1.2\">Tout le Manitoba<\/td><td style=\"text-align:center\"><img loading=\"lazy\" decoding=\"async\" width=\"40\" height=\"40\" class=\"wp-image-76025\" style=\"width: 40px;\" src=\"https:\/\/efficiencymb.ca\/wp-content\/uploads\/icon-check-green.svg\" alt=\"\"><\/td><td style=\"text-align:center\"><img loading=\"lazy\" decoding=\"async\" width=\"40\" height=\"40\" class=\"wp-image-76025\" style=\"width: 40px;\" src=\"https:\/\/efficiencymb.ca\/wp-content\/uploads\/icon-check-green.svg\" alt=\"\"><\/td><\/tr><tr><td style=\"line-height:1.2\"><strong>EnerSolution Inc<\/strong>.<br>1-800-203-4395<br><a href=\"mailto:greenerhome@enersolution.ca\">greenerhome@enersolution.ca<\/a><br><a href=\"http:\/\/enersolution.ca\" type=\"link\" id=\"enersolution.ca\" target=\"_blank\" rel=\"noreferrer noopener\">enersolution.ca<\/a><\/td><td style=\"line-height:1.2\">Tout le Manitoba<\/td><td style=\"text-align:center\"><img loading=\"lazy\" decoding=\"async\" width=\"40\" height=\"40\" class=\"wp-image-76025\" style=\"width: 40px;\" src=\"https:\/\/efficiencymb.ca\/wp-content\/uploads\/icon-check-green.svg\" alt=\"\"><\/td><td style=\"text-align:center\"><img loading=\"lazy\" decoding=\"async\" width=\"40\" height=\"40\" class=\"wp-image-76025\" style=\"width: 40px;\" src=\"https:\/\/efficiencymb.ca\/wp-content\/uploads\/icon-check-green.svg\" alt=\"\"><\/td><\/tr><tr><td style=\"line-height:1.2\"><strong>Greenbrain Inc<\/strong>.<br>1-866-848-4998<br><a href=\"mailto:info@greenbraininc.com\">info@greenbraininc.com<\/a><br><a href=\"http:\/\/greenbraininc.com\" type=\"link\" id=\"greenbraininc.com\" target=\"_blank\" rel=\"noreferrer noopener\">greenbraininc.com<\/a><\/td><td style=\"line-height:1.2\">Brandon, Winnipeg<\/td><td style=\"text-align:center\"><img loading=\"lazy\" decoding=\"async\" width=\"40\" height=\"40\" class=\"wp-image-76025\" style=\"width: 40px;\" src=\"https:\/\/efficiencymb.ca\/wp-content\/uploads\/icon-check-green.svg\" alt=\"\"><\/td><td style=\"text-align:center\"><\/td><\/tr><tr><td style=\"line-height:1.2\"><strong>Green Think Inc.<\/strong><br>1-877-394-6589<br><a href=\"mailto:info@greenthinkinc.com\">info@greenthinkinc.com<\/a><br><a href=\"http:\/\/greenthinkinc.com\" type=\"link\" id=\"greenthinkinc.com\" target=\"_blank\" rel=\"noreferrer noopener\">greenthinkinc.com<\/a><\/td><td style=\"line-height:1.2\">Winnipeg<\/td><td style=\"text-align:center\"><img loading=\"lazy\" decoding=\"async\" width=\"40\" height=\"40\" class=\"wp-image-76025\" style=\"width: 40px;\" src=\"https:\/\/efficiencymb.ca\/wp-content\/uploads\/icon-check-green.svg\" alt=\"\"><\/td><td style=\"text-align:center\"><\/td><\/tr><tr><td style=\"line-height:1.2\"><strong>NetZero Residential Green (NRG) Inspections<\/strong><br>1-833-895-1333<br><a href=\"mailto:nrg@sasktel.net\">nrg@sasktel.net<\/a><br><a href=\"http:\/\/nrgmb.com\" type=\"link\" id=\"nrgmb.com\" target=\"_blank\" rel=\"noreferrer noopener\">nrgmb.com<\/a><\/td><td style=\"line-height:1.2\">Brandon, Plaines centrales, Eastman, Entre-les-Lacs, Parkland, vall\u00e9e de la Pembina, Steinbach, Westman, Winnipeg<\/td><td style=\"text-align:center\"><img loading=\"lazy\" decoding=\"async\" width=\"40\" height=\"40\" class=\"wp-image-76025\" style=\"width: 40px;\" src=\"https:\/\/efficiencymb.ca\/wp-content\/uploads\/icon-check-green.svg\" alt=\"\"><\/td><td style=\"text-align:center\"><\/td><\/tr><tr><td style=\"line-height:1.2\"><strong>prairieHOUSE Performance Inc.<\/strong><br>1-204-221-5725<br><a href=\"mailto:info@prairiehouse.ca\">info@prairiehouse.ca<\/a><br><a href=\"http:\/\/prairiehouse.ca\" type=\"link\" id=\"prairiehouse.ca\" target=\"_blank\" rel=\"noreferrer noopener\">prairiehouse.ca<\/a><\/td><td style=\"line-height:1.2\">Tout le Manitoba<\/td><td style=\"text-align:center\"><img loading=\"lazy\" decoding=\"async\" width=\"40\" height=\"40\" class=\"wp-image-76025\" style=\"width: 40px;\" src=\"https:\/\/efficiencymb.ca\/wp-content\/uploads\/icon-check-green.svg\" alt=\"\"><\/td><td style=\"text-align:center\"><img loading=\"lazy\" decoding=\"async\" width=\"40\" height=\"40\" class=\"wp-image-76025\" style=\"width: 40px;\" src=\"https:\/\/efficiencymb.ca\/wp-content\/uploads\/icon-check-green.svg\" alt=\"\"><\/td><\/tr><\/tbody><\/table><\/figure>\n\n\n\n<p>Les organismes de service \u00c9nerGuide\u00a0sont des entreprises ind\u00e9pendantes enregistr\u00e9es aupr\u00e8s de Ressources naturelles Canada (RNCan) pour mener des \u00e9valuations r\u00e9sidentielles en utilisant le Syst\u00e8me de cote \u00c9nerguide. Leur inclusion dans la liste ne constitue pas une attestation de la qualit\u00e9 de leur travail ou de leurs activit\u00e9s par RNCan ou Efficacit\u00e9 Manitoba. Nous vous recommandons d\u2019effectuer des recherches concernant au moins trois organismes de services afin de conna\u00eetre leurs prix, leur disponibilit\u00e9, les services offerts et les critiques d\u2019anciens clients.<\/p>\n\n\n\n<div style=\"height:100px\" aria-hidden=\"true\" class=\"wp-block-spacer\"><\/div>\n<\/div><\/div>\n","protected":false},"excerpt":{"rendered":"<p>Les organismes de service \u00c9nerGuide offrent des services de mod\u00e9lisation \u00e9nerg\u00e9tique et m\u00e8nent des \u00e9valuations r\u00e9sidentielles afin de vous aider \u00e0 planifier les am\u00e9liorations \u00e9co\u00e9nerg\u00e9tiques \u00e0 apporter. Trouvez un organisme de service pr\u00e8s de chez vous. <\/p>\n","protected":false},"author":10,"featured_media":86423,"parent":0,"menu_order":0,"comment_status":"closed","ping_status":"closed","template":"","meta":{"_acf_changed":false,"footnotes":""},"class_list":["post-86427","page","type-page","status-publish","has-post-thumbnail","hentry"],"acf":[],"yoast_head":"<!-- This site is optimized with the Yoast SEO plugin v27.3 - https:\/\/yoast.com\/product\/yoast-seo-wordpress\/ -->\n<title>ORGANISMES DE SERVICE \u00c9NERGUIDE &#8212; Efficiency Manitoba<\/title>\n<meta name=\"description\" content=\"Les organismes de service \u00c9nerGuide offrent des services de mod\u00e9lisation \u00e9nerg\u00e9tique et m\u00e8nent des \u00e9valuations r\u00e9sidentielles afin de vous aider \u00e0 planifier les am\u00e9liorations \u00e9co\u00e9nerg\u00e9tiques \u00e0 apporter. Trouvez un organisme de service pr\u00e8s de chez vous.\" \/>\n<meta name=\"robots\" content=\"index, follow, max-snippet:-1, max-image-preview:large, max-video-preview:-1\" \/>\n<link rel=\"canonical\" href=\"https:\/\/efficiencymb.ca\/fr\/organismes-de-service-energuide\/\" \/>\n<meta property=\"og:locale\" content=\"fr_FR\" \/>\n<meta property=\"og:type\" content=\"article\" \/>\n<meta property=\"og:title\" content=\"ORGANISMES DE SERVICE \u00c9NERGUIDE &#8212; Efficiency Manitoba\" \/>\n<meta property=\"og:description\" content=\"Les organismes de service \u00c9nerGuide offrent des services de mod\u00e9lisation \u00e9nerg\u00e9tique et m\u00e8nent des \u00e9valuations r\u00e9sidentielles afin de vous aider \u00e0 planifier les am\u00e9liorations \u00e9co\u00e9nerg\u00e9tiques \u00e0 apporter. Trouvez un organisme de service pr\u00e8s de chez vous.\" \/>\n<meta property=\"og:url\" content=\"https:\/\/efficiencymb.ca\/fr\/organismes-de-service-energuide\/\" \/>\n<meta property=\"og:site_name\" content=\"Efficiency Manitoba\" \/>\n<meta property=\"article:modified_time\" content=\"2026-03-26T12:14:16+00:00\" \/>\n<meta property=\"og:image\" content=\"https:\/\/efficiencymb.ca\/wp-content\/uploads\/EnerGuide-service-providers-2400x1350-1.jpg\" \/>\n\t<meta property=\"og:image:width\" content=\"2400\" \/>\n\t<meta property=\"og:image:height\" content=\"1350\" \/>\n\t<meta property=\"og:image:type\" content=\"image\/jpeg\" \/>\n<meta name=\"twitter:card\" content=\"summary_large_image\" \/>\n<meta name=\"twitter:label1\" content=\"Dur\u00e9e de lecture estim\u00e9e\" \/>\n\t<meta name=\"twitter:data1\" content=\"5 minutes\" \/>\n<script type=\"application\/ld+json\" class=\"yoast-schema-graph\">{\"@context\":\"https:\\\/\\\/schema.org\",\"@graph\":[{\"@type\":\"WebPage\",\"@id\":\"https:\\\/\\\/efficiencymb.ca\\\/fr\\\/organismes-de-service-energuide\\\/\",\"url\":\"https:\\\/\\\/efficiencymb.ca\\\/fr\\\/organismes-de-service-energuide\\\/\",\"name\":\"ORGANISMES DE SERVICE \u00c9NERGUIDE &#8212; Efficiency Manitoba\",\"isPartOf\":{\"@id\":\"https:\\\/\\\/efficiencymb.ca\\\/#website\"},\"primaryImageOfPage\":{\"@id\":\"https:\\\/\\\/efficiencymb.ca\\\/fr\\\/organismes-de-service-energuide\\\/#primaryimage\"},\"image\":{\"@id\":\"https:\\\/\\\/efficiencymb.ca\\\/fr\\\/organismes-de-service-energuide\\\/#primaryimage\"},\"thumbnailUrl\":\"https:\\\/\\\/efficiencymb.ca\\\/wp-content\\\/uploads\\\/EnerGuide-service-providers-2400x1350-1.jpg\",\"datePublished\":\"2026-03-11T20:11:25+00:00\",\"dateModified\":\"2026-03-26T12:14:16+00:00\",\"description\":\"Les organismes de service \u00c9nerGuide offrent des services de mod\u00e9lisation \u00e9nerg\u00e9tique et m\u00e8nent des \u00e9valuations r\u00e9sidentielles afin de vous aider \u00e0 planifier les am\u00e9liorations \u00e9co\u00e9nerg\u00e9tiques \u00e0 apporter. Trouvez un organisme de service pr\u00e8s de chez vous.\",\"breadcrumb\":{\"@id\":\"https:\\\/\\\/efficiencymb.ca\\\/fr\\\/organismes-de-service-energuide\\\/#breadcrumb\"},\"inLanguage\":\"fr-FR\",\"potentialAction\":[{\"@type\":\"ReadAction\",\"target\":[\"https:\\\/\\\/efficiencymb.ca\\\/fr\\\/organismes-de-service-energuide\\\/\"]}]},{\"@type\":\"ImageObject\",\"inLanguage\":\"fr-FR\",\"@id\":\"https:\\\/\\\/efficiencymb.ca\\\/fr\\\/organismes-de-service-energuide\\\/#primaryimage\",\"url\":\"https:\\\/\\\/efficiencymb.ca\\\/wp-content\\\/uploads\\\/EnerGuide-service-providers-2400x1350-1.jpg\",\"contentUrl\":\"https:\\\/\\\/efficiencymb.ca\\\/wp-content\\\/uploads\\\/EnerGuide-service-providers-2400x1350-1.jpg\",\"width\":2400,\"height\":1350},{\"@type\":\"BreadcrumbList\",\"@id\":\"https:\\\/\\\/efficiencymb.ca\\\/fr\\\/organismes-de-service-energuide\\\/#breadcrumb\",\"itemListElement\":[{\"@type\":\"ListItem\",\"position\":1,\"name\":\"Home\",\"item\":\"https:\\\/\\\/efficiencymb.ca\\\/fr\\\/\"},{\"@type\":\"ListItem\",\"position\":2,\"name\":\"ORGANISMES DE SERVICE \u00c9NERGUIDE\"}]},{\"@type\":\"WebSite\",\"@id\":\"https:\\\/\\\/efficiencymb.ca\\\/#website\",\"url\":\"https:\\\/\\\/efficiencymb.ca\\\/\",\"name\":\"Efficiency Manitoba\",\"description\":\"\",\"publisher\":{\"@id\":\"https:\\\/\\\/efficiencymb.ca\\\/#organization\"},\"potentialAction\":[{\"@type\":\"SearchAction\",\"target\":{\"@type\":\"EntryPoint\",\"urlTemplate\":\"https:\\\/\\\/efficiencymb.ca\\\/?s={search_term_string}\"},\"query-input\":{\"@type\":\"PropertyValueSpecification\",\"valueRequired\":true,\"valueName\":\"search_term_string\"}}],\"inLanguage\":\"fr-FR\"},{\"@type\":\"Organization\",\"@id\":\"https:\\\/\\\/efficiencymb.ca\\\/#organization\",\"name\":\"Efficiency Manitoba\",\"url\":\"https:\\\/\\\/efficiencymb.ca\\\/\",\"logo\":{\"@type\":\"ImageObject\",\"inLanguage\":\"fr-FR\",\"@id\":\"https:\\\/\\\/efficiencymb.ca\\\/#\\\/schema\\\/logo\\\/image\\\/\",\"url\":\"https:\\\/\\\/efficiencymb.ca\\\/wp-content\\\/uploads\\\/em-logo-white-en.png\",\"contentUrl\":\"https:\\\/\\\/efficiencymb.ca\\\/wp-content\\\/uploads\\\/em-logo-white-en.png\",\"width\":388,\"height\":91,\"caption\":\"Efficiency Manitoba\"},\"image\":{\"@id\":\"https:\\\/\\\/efficiencymb.ca\\\/#\\\/schema\\\/logo\\\/image\\\/\"}}]}<\/script>\n<!-- \/ Yoast SEO plugin. -->","yoast_head_json":{"title":"ORGANISMES DE SERVICE \u00c9NERGUIDE &#8212; Efficiency Manitoba","description":"Les organismes de service \u00c9nerGuide offrent des services de mod\u00e9lisation \u00e9nerg\u00e9tique et m\u00e8nent des \u00e9valuations r\u00e9sidentielles afin de vous aider \u00e0 planifier les am\u00e9liorations \u00e9co\u00e9nerg\u00e9tiques \u00e0 apporter. Trouvez un organisme de service pr\u00e8s de chez vous.","robots":{"index":"index","follow":"follow","max-snippet":"max-snippet:-1","max-image-preview":"max-image-preview:large","max-video-preview":"max-video-preview:-1"},"canonical":"https:\/\/efficiencymb.ca\/fr\/organismes-de-service-energuide\/","og_locale":"fr_FR","og_type":"article","og_title":"ORGANISMES DE SERVICE \u00c9NERGUIDE &#8212; Efficiency Manitoba","og_description":"Les organismes de service \u00c9nerGuide offrent des services de mod\u00e9lisation \u00e9nerg\u00e9tique et m\u00e8nent des \u00e9valuations r\u00e9sidentielles afin de vous aider \u00e0 planifier les am\u00e9liorations \u00e9co\u00e9nerg\u00e9tiques \u00e0 apporter. Trouvez un organisme de service pr\u00e8s de chez vous.","og_url":"https:\/\/efficiencymb.ca\/fr\/organismes-de-service-energuide\/","og_site_name":"Efficiency Manitoba","article_modified_time":"2026-03-26T12:14:16+00:00","og_image":[{"width":2400,"height":1350,"url":"https:\/\/efficiencymb.ca\/wp-content\/uploads\/EnerGuide-service-providers-2400x1350-1.jpg","type":"image\/jpeg"}],"twitter_card":"summary_large_image","twitter_misc":{"Dur\u00e9e de lecture estim\u00e9e":"5 minutes"},"schema":{"@context":"https:\/\/schema.org","@graph":[{"@type":"WebPage","@id":"https:\/\/efficiencymb.ca\/fr\/organismes-de-service-energuide\/","url":"https:\/\/efficiencymb.ca\/fr\/organismes-de-service-energuide\/","name":"ORGANISMES DE SERVICE \u00c9NERGUIDE &#8212; Efficiency Manitoba","isPartOf":{"@id":"https:\/\/efficiencymb.ca\/#website"},"primaryImageOfPage":{"@id":"https:\/\/efficiencymb.ca\/fr\/organismes-de-service-energuide\/#primaryimage"},"image":{"@id":"https:\/\/efficiencymb.ca\/fr\/organismes-de-service-energuide\/#primaryimage"},"thumbnailUrl":"https:\/\/efficiencymb.ca\/wp-content\/uploads\/EnerGuide-service-providers-2400x1350-1.jpg","datePublished":"2026-03-11T20:11:25+00:00","dateModified":"2026-03-26T12:14:16+00:00","description":"Les organismes de service \u00c9nerGuide offrent des services de mod\u00e9lisation \u00e9nerg\u00e9tique et m\u00e8nent des \u00e9valuations r\u00e9sidentielles afin de vous aider \u00e0 planifier les am\u00e9liorations \u00e9co\u00e9nerg\u00e9tiques \u00e0 apporter. Trouvez un organisme de service pr\u00e8s de chez vous.","breadcrumb":{"@id":"https:\/\/efficiencymb.ca\/fr\/organismes-de-service-energuide\/#breadcrumb"},"inLanguage":"fr-FR","potentialAction":[{"@type":"ReadAction","target":["https:\/\/efficiencymb.ca\/fr\/organismes-de-service-energuide\/"]}]},{"@type":"ImageObject","inLanguage":"fr-FR","@id":"https:\/\/efficiencymb.ca\/fr\/organismes-de-service-energuide\/#primaryimage","url":"https:\/\/efficiencymb.ca\/wp-content\/uploads\/EnerGuide-service-providers-2400x1350-1.jpg","contentUrl":"https:\/\/efficiencymb.ca\/wp-content\/uploads\/EnerGuide-service-providers-2400x1350-1.jpg","width":2400,"height":1350},{"@type":"BreadcrumbList","@id":"https:\/\/efficiencymb.ca\/fr\/organismes-de-service-energuide\/#breadcrumb","itemListElement":[{"@type":"ListItem","position":1,"name":"Home","item":"https:\/\/efficiencymb.ca\/fr\/"},{"@type":"ListItem","position":2,"name":"ORGANISMES DE SERVICE \u00c9NERGUIDE"}]},{"@type":"WebSite","@id":"https:\/\/efficiencymb.ca\/#website","url":"https:\/\/efficiencymb.ca\/","name":"Efficiency Manitoba","description":"","publisher":{"@id":"https:\/\/efficiencymb.ca\/#organization"},"potentialAction":[{"@type":"SearchAction","target":{"@type":"EntryPoint","urlTemplate":"https:\/\/efficiencymb.ca\/?s={search_term_string}"},"query-input":{"@type":"PropertyValueSpecification","valueRequired":true,"valueName":"search_term_string"}}],"inLanguage":"fr-FR"},{"@type":"Organization","@id":"https:\/\/efficiencymb.ca\/#organization","name":"Efficiency Manitoba","url":"https:\/\/efficiencymb.ca\/","logo":{"@type":"ImageObject","inLanguage":"fr-FR","@id":"https:\/\/efficiencymb.ca\/#\/schema\/logo\/image\/","url":"https:\/\/efficiencymb.ca\/wp-content\/uploads\/em-logo-white-en.png","contentUrl":"https:\/\/efficiencymb.ca\/wp-content\/uploads\/em-logo-white-en.png","width":388,"height":91,"caption":"Efficiency Manitoba"},"image":{"@id":"https:\/\/efficiencymb.ca\/#\/schema\/logo\/image\/"}}]}},"_links":{"self":[{"href":"https:\/\/efficiencymb.ca\/fr\/wp-json\/wp\/v2\/pages\/86427","targetHints":{"allow":["GET"]}}],"collection":[{"href":"https:\/\/efficiencymb.ca\/fr\/wp-json\/wp\/v2\/pages"}],"about":[{"href":"https:\/\/efficiencymb.ca\/fr\/wp-json\/wp\/v2\/types\/page"}],"author":[{"embeddable":true,"href":"https:\/\/efficiencymb.ca\/fr\/wp-json\/wp\/v2\/users\/10"}],"replies":[{"embeddable":true,"href":"https:\/\/efficiencymb.ca\/fr\/wp-json\/wp\/v2\/comments?post=86427"}],"version-history":[{"count":10,"href":"https:\/\/efficiencymb.ca\/fr\/wp-json\/wp\/v2\/pages\/86427\/revisions"}],"predecessor-version":[{"id":87073,"href":"https:\/\/efficiencymb.ca\/fr\/wp-json\/wp\/v2\/pages\/86427\/revisions\/87073"}],"wp:featuredmedia":[{"embeddable":true,"href":"https:\/\/efficiencymb.ca\/fr\/wp-json\/wp\/v2\/media\/86423"}],"wp:attachment":[{"href":"https:\/\/efficiencymb.ca\/fr\/wp-json\/wp\/v2\/media?parent=86427"}],"curies":[{"name":"wp","href":"https:\/\/api.w.org\/{rel}","templated":true}]}}