{"id":863,"date":"2020-03-05T15:15:46","date_gmt":"2020-03-05T15:15:46","guid":{"rendered":"https:\/\/efficiencymb.ca\/about\/"},"modified":"2024-04-01T11:46:47","modified_gmt":"2024-04-01T16:46:47","slug":"about","status":"publish","type":"page","link":"https:\/\/efficiencymb.ca\/fr\/about\/","title":{"rendered":"\u00c0 propos de nous"},"content":{"rendered":"\n<div class=\"wp-block-group container is-style-content-wide\"><div class=\"wp-block-group__inner-container is-layout-flow wp-block-group-is-layout-flow\">\n<p class=\"has-text-align-center has-medium-font-size\">Efficacit\u00e9 Manitoba est une soci\u00e9t\u00e9 d\u2019\u00c9tat qui s\u2019engage \u00e0 atteindre des objectifs d\u2019\u00e9conomie d\u2019\u00e9nergie \u00e0 long terme en offrant des programmes et des services rentables \u00e0 la population manitobaine. Nous sommes une \u00e9quipe d\u00e9termin\u00e9e qui unit ses forces pour servir un but plus grand que chacun de nous, et votre participation sera le moteur de notre r\u00e9ussite collective.<\/p>\n\n\n\n<p class=\"has-text-align-center has-medium-font-size\">Notre mandat l\u00e9gislatif consiste \u00e0 \u00e9laborer et \u00e0 soutenir des initiatives d\u2019efficacit\u00e9 \u00e9nerg\u00e9tique qui r\u00e9duiront la consommation provinciale d\u2019\u00e9lectricit\u00e9 de 1,5&nbsp;% et la consommation provinciale de gaz naturel de 0,75&nbsp;% par ann\u00e9e. L\u2019abaissement de la consommation provinciale de gaz naturel entra\u00eene d\u2019importantes r\u00e9ductions des \u00e9missions de gaz \u00e0 effet de serre.<\/p>\n\n\n\n<p class=\"has-text-align-center has-medium-font-size\">Le paysage \u00e9nerg\u00e9tique \u00e9volue pour s\u2019attaquer \u00e0 la crise climatique et il est plus important que jamais d\u2019accorder la priorit\u00e9 \u00e0 l\u2019efficacit\u00e9 \u00e9nerg\u00e9tique. En profitant de nos programmes et services, vous pouvez g\u00e9rer votre consommation d\u2019\u00e9nergie et avoir un effet concret sur vos factures d\u2019\u00e9nergie et, plus globalement, sur l\u2019environnement.<\/p>\n\n\n\n<p class=\"has-text-align-center has-medium-font-size\">Au-del\u00e0 des factures d&rsquo;\u00e9nergie moins \u00e9lev\u00e9es et des bienfaits pour l&rsquo;environnement, l&rsquo;efficacit\u00e9 \u00e9nerg\u00e9tique pr\u00e9sente de nombreux autres avantages&nbsp;: confort accru des maisons et des b\u00e2timents, accroissement de la comp\u00e9titivit\u00e9 des entreprises, formation et emploi pour les nombreux Manitobains et les entreprises qui travaillent d\u00e9j\u00e0 (ou auront l&rsquo;occasion de le faire) \u00e0 nos c\u00f4t\u00e9s pour mettre en \u0153uvre l&rsquo;efficacit\u00e9 \u00e9nerg\u00e9tique dans toute la province. Nous sommes ravis de continuer \u00e0 susciter des changements positifs et \u00e0 nourrir un sens accru des responsabilit\u00e9s pour un Manitoba plus durable et plus soucieux de l&rsquo;\u00e9nergie.<\/p>\n\n\n\n<p class=\"has-text-align-center has-medium-font-size\">Nous sommes l\u00e0 pour vous aider \u00e0 agir et \u00e0 profiter des avantages d&rsquo;un mode de vie \u00e9co\u00e9nerg\u00e9tique!<\/p>\n\n\n\n<h2 class=\"wp-block-heading has-text-align-center is-style-hero-heading-grey\"><strong><strong>NOTRE VISION<\/strong><\/strong><\/h2>\n\n\n\n<p class=\"has-text-align-center has-medium-font-size\">Nous servons de catalyseur pour un Manitoba \u00e9co\u00e9nerg\u00e9tique. Les Manitobains et Manitobaines nous reconnaissent pour notre leadership en mati\u00e8re d\u2019efficacit\u00e9 \u00e9nerg\u00e9tique et les partenariats que nous cr\u00e9ons.\u00a0<\/p>\n\n\n\n<h2 class=\"wp-block-heading has-text-align-center is-style-hero-heading-grey\"><strong><strong>NOTRE MISSION<\/strong><\/strong><\/h2>\n\n\n\n<p class=\"has-text-align-center has-medium-font-size\">Efficacit\u00e9 Manitoba r\u00e9duit la consommation d\u2019\u00e9nergie \u00e0 l\u2019aide d\u2019approches novatrices qui respectent l\u2019environnement et entra\u00eenent des avantages \u00e9conomiques pour toute la population manitobaine.\u00a0<\/p>\n\n\n\n<h2 class=\"wp-block-heading has-text-align-center is-style-hero-heading-grey\"><strong><strong>NOS OBJECTIFS STRAT\u00c9GIQUES<\/strong><\/strong><\/h2>\n\n\n\n<ul class=\"is-style-medium wp-block-list\">\n<li class=\"has-medium-font-size\">Atteindre l\u2019excellence dans nos programmes et\u202fservices.\u00a0<\/li>\n\n\n\n<li class=\"has-medium-font-size\">Cr\u00e9er une base solide pour b\u00e2tir une organisation prosp\u00e8re.\u00a0<\/li>\n\n\n\n<li class=\"has-medium-font-size\">\u00c9tablir et maintenir des partenariats fructueux ax\u00e9s sur la client\u00e8le.<\/li>\n\n\n\n<li class=\"has-medium-font-size\">Transformer les attitudes envers l\u2019efficacit\u00e9 \u00e9nerg\u00e9tique.<\/li>\n<\/ul>\n\n\n\n<p><\/p>\n<\/div><\/div>\n\n\n\n<figure class=\"wp-block-image size-full\"><img loading=\"lazy\" decoding=\"async\" width=\"2000\" height=\"400\" src=\"https:\/\/efficiencymb.ca\/wp-content\/uploads\/bg-bottom-only-blue-green@2x.png\" alt=\"\" class=\"wp-image-612\" srcset=\"https:\/\/efficiencymb.ca\/wp-content\/uploads\/bg-bottom-only-blue-green@2x.png 2000w, https:\/\/efficiencymb.ca\/wp-content\/uploads\/bg-bottom-only-blue-green@2x-479x96.png 479w, https:\/\/efficiencymb.ca\/wp-content\/uploads\/bg-bottom-only-blue-green@2x-1024x205.png 1024w, https:\/\/efficiencymb.ca\/wp-content\/uploads\/bg-bottom-only-blue-green@2x-768x154.png 768w, https:\/\/efficiencymb.ca\/wp-content\/uploads\/bg-bottom-only-blue-green@2x-1536x307.png 1536w\" sizes=\"auto, (max-width: 2000px) 100vw, 2000px\" \/><\/figure>\n","protected":false},"excerpt":{"rendered":"<p>Efficacit\u00e9 Manitoba est une soci\u00e9t\u00e9 d\u2019\u00c9tat qui s\u2019engage \u00e0 atteindre des objectifs d\u2019\u00e9conomie d\u2019\u00e9nergie \u00e0 long terme en offrant des programmes et des services rentables \u00e0 la population manitobaine. Nous sommes une \u00e9quipe d\u00e9termin\u00e9e qui unit ses forces pour servir un but plus grand que chacun de nous, et votre participation sera le moteur decontinue-reading<\/p>\n","protected":false},"author":10,"featured_media":865,"parent":0,"menu_order":0,"comment_status":"closed","ping_status":"closed","template":"","meta":{"_acf_changed":false,"footnotes":""},"class_list":["post-863","page","type-page","status-publish","has-post-thumbnail","hentry"],"acf":[],"yoast_head":"<!-- This site is optimized with the Yoast SEO plugin v27.3 - https:\/\/yoast.com\/product\/yoast-seo-wordpress\/ -->\n<title>\u00c0 propos de nous &#8212; Efficiency Manitoba<\/title>\n<meta name=\"robots\" content=\"index, follow, max-snippet:-1, max-image-preview:large, max-video-preview:-1\" \/>\n<link rel=\"canonical\" href=\"https:\/\/efficiencymb.ca\/fr\/about\/\" \/>\n<meta property=\"og:locale\" content=\"fr_FR\" \/>\n<meta property=\"og:type\" content=\"article\" \/>\n<meta property=\"og:title\" content=\"\u00c0 propos de nous &#8212; Efficiency Manitoba\" \/>\n<meta property=\"og:description\" content=\"Efficacit\u00e9 Manitoba est une soci\u00e9t\u00e9 d\u2019\u00c9tat qui s\u2019engage \u00e0 atteindre des objectifs d\u2019\u00e9conomie d\u2019\u00e9nergie \u00e0 long terme en offrant des programmes et des services rentables \u00e0 la population manitobaine. Nous sommes une \u00e9quipe d\u00e9termin\u00e9e qui unit ses forces pour servir un but plus grand que chacun de nous, et votre participation sera le moteur decontinue-reading\" \/>\n<meta property=\"og:url\" content=\"https:\/\/efficiencymb.ca\/fr\/about\/\" \/>\n<meta property=\"og:site_name\" content=\"Efficiency Manitoba\" \/>\n<meta property=\"article:modified_time\" content=\"2024-04-01T16:46:47+00:00\" \/>\n<meta property=\"og:image\" content=\"https:\/\/efficiencymb.ca\/wp-content\/uploads\/banner-about-fr_2x.jpg\" \/>\n\t<meta property=\"og:image:width\" content=\"2400\" \/>\n\t<meta property=\"og:image:height\" content=\"1350\" \/>\n\t<meta property=\"og:image:type\" content=\"image\/jpeg\" \/>\n<meta name=\"twitter:card\" content=\"summary_large_image\" \/>\n<meta name=\"twitter:label1\" content=\"Dur\u00e9e de lecture estim\u00e9e\" \/>\n\t<meta name=\"twitter:data1\" content=\"2 minutes\" \/>\n<script type=\"application\/ld+json\" class=\"yoast-schema-graph\">{\"@context\":\"https:\\\/\\\/schema.org\",\"@graph\":[{\"@type\":\"WebPage\",\"@id\":\"https:\\\/\\\/efficiencymb.ca\\\/fr\\\/about\\\/\",\"url\":\"https:\\\/\\\/efficiencymb.ca\\\/fr\\\/about\\\/\",\"name\":\"\u00c0 propos de nous &#8212; Efficiency Manitoba\",\"isPartOf\":{\"@id\":\"https:\\\/\\\/efficiencymb.ca\\\/#website\"},\"primaryImageOfPage\":{\"@id\":\"https:\\\/\\\/efficiencymb.ca\\\/fr\\\/about\\\/#primaryimage\"},\"image\":{\"@id\":\"https:\\\/\\\/efficiencymb.ca\\\/fr\\\/about\\\/#primaryimage\"},\"thumbnailUrl\":\"https:\\\/\\\/efficiencymb.ca\\\/wp-content\\\/uploads\\\/banner-about-fr_2x.jpg\",\"datePublished\":\"2020-03-05T15:15:46+00:00\",\"dateModified\":\"2024-04-01T16:46:47+00:00\",\"breadcrumb\":{\"@id\":\"https:\\\/\\\/efficiencymb.ca\\\/fr\\\/about\\\/#breadcrumb\"},\"inLanguage\":\"fr-FR\",\"potentialAction\":[{\"@type\":\"ReadAction\",\"target\":[\"https:\\\/\\\/efficiencymb.ca\\\/fr\\\/about\\\/\"]}]},{\"@type\":\"ImageObject\",\"inLanguage\":\"fr-FR\",\"@id\":\"https:\\\/\\\/efficiencymb.ca\\\/fr\\\/about\\\/#primaryimage\",\"url\":\"https:\\\/\\\/efficiencymb.ca\\\/wp-content\\\/uploads\\\/banner-about-fr_2x.jpg\",\"contentUrl\":\"https:\\\/\\\/efficiencymb.ca\\\/wp-content\\\/uploads\\\/banner-about-fr_2x.jpg\",\"width\":2400,\"height\":1350,\"caption\":\"Logo Efficacit\u00e9 Manitoba\"},{\"@type\":\"BreadcrumbList\",\"@id\":\"https:\\\/\\\/efficiencymb.ca\\\/fr\\\/about\\\/#breadcrumb\",\"itemListElement\":[{\"@type\":\"ListItem\",\"position\":1,\"name\":\"Home\",\"item\":\"https:\\\/\\\/efficiencymb.ca\\\/fr\\\/\"},{\"@type\":\"ListItem\",\"position\":2,\"name\":\"\u00c0 propos de nous\"}]},{\"@type\":\"WebSite\",\"@id\":\"https:\\\/\\\/efficiencymb.ca\\\/#website\",\"url\":\"https:\\\/\\\/efficiencymb.ca\\\/\",\"name\":\"Efficiency Manitoba\",\"description\":\"\",\"publisher\":{\"@id\":\"https:\\\/\\\/efficiencymb.ca\\\/#organization\"},\"potentialAction\":[{\"@type\":\"SearchAction\",\"target\":{\"@type\":\"EntryPoint\",\"urlTemplate\":\"https:\\\/\\\/efficiencymb.ca\\\/?s={search_term_string}\"},\"query-input\":{\"@type\":\"PropertyValueSpecification\",\"valueRequired\":true,\"valueName\":\"search_term_string\"}}],\"inLanguage\":\"fr-FR\"},{\"@type\":\"Organization\",\"@id\":\"https:\\\/\\\/efficiencymb.ca\\\/#organization\",\"name\":\"Efficiency Manitoba\",\"url\":\"https:\\\/\\\/efficiencymb.ca\\\/\",\"logo\":{\"@type\":\"ImageObject\",\"inLanguage\":\"fr-FR\",\"@id\":\"https:\\\/\\\/efficiencymb.ca\\\/#\\\/schema\\\/logo\\\/image\\\/\",\"url\":\"https:\\\/\\\/efficiencymb.ca\\\/wp-content\\\/uploads\\\/em-logo-white-en.png\",\"contentUrl\":\"https:\\\/\\\/efficiencymb.ca\\\/wp-content\\\/uploads\\\/em-logo-white-en.png\",\"width\":388,\"height\":91,\"caption\":\"Efficiency Manitoba\"},\"image\":{\"@id\":\"https:\\\/\\\/efficiencymb.ca\\\/#\\\/schema\\\/logo\\\/image\\\/\"}}]}<\/script>\n<!-- \/ Yoast SEO plugin. -->","yoast_head_json":{"title":"\u00c0 propos de nous &#8212; Efficiency Manitoba","robots":{"index":"index","follow":"follow","max-snippet":"max-snippet:-1","max-image-preview":"max-image-preview:large","max-video-preview":"max-video-preview:-1"},"canonical":"https:\/\/efficiencymb.ca\/fr\/about\/","og_locale":"fr_FR","og_type":"article","og_title":"\u00c0 propos de nous &#8212; Efficiency Manitoba","og_description":"Efficacit\u00e9 Manitoba est une soci\u00e9t\u00e9 d\u2019\u00c9tat qui s\u2019engage \u00e0 atteindre des objectifs d\u2019\u00e9conomie d\u2019\u00e9nergie \u00e0 long terme en offrant des programmes et des services rentables \u00e0 la population manitobaine. Nous sommes une \u00e9quipe d\u00e9termin\u00e9e qui unit ses forces pour servir un but plus grand que chacun de nous, et votre participation sera le moteur decontinue-reading","og_url":"https:\/\/efficiencymb.ca\/fr\/about\/","og_site_name":"Efficiency Manitoba","article_modified_time":"2024-04-01T16:46:47+00:00","og_image":[{"width":2400,"height":1350,"url":"https:\/\/efficiencymb.ca\/wp-content\/uploads\/banner-about-fr_2x.jpg","type":"image\/jpeg"}],"twitter_card":"summary_large_image","twitter_misc":{"Dur\u00e9e de lecture estim\u00e9e":"2 minutes"},"schema":{"@context":"https:\/\/schema.org","@graph":[{"@type":"WebPage","@id":"https:\/\/efficiencymb.ca\/fr\/about\/","url":"https:\/\/efficiencymb.ca\/fr\/about\/","name":"\u00c0 propos de nous &#8212; Efficiency Manitoba","isPartOf":{"@id":"https:\/\/efficiencymb.ca\/#website"},"primaryImageOfPage":{"@id":"https:\/\/efficiencymb.ca\/fr\/about\/#primaryimage"},"image":{"@id":"https:\/\/efficiencymb.ca\/fr\/about\/#primaryimage"},"thumbnailUrl":"https:\/\/efficiencymb.ca\/wp-content\/uploads\/banner-about-fr_2x.jpg","datePublished":"2020-03-05T15:15:46+00:00","dateModified":"2024-04-01T16:46:47+00:00","breadcrumb":{"@id":"https:\/\/efficiencymb.ca\/fr\/about\/#breadcrumb"},"inLanguage":"fr-FR","potentialAction":[{"@type":"ReadAction","target":["https:\/\/efficiencymb.ca\/fr\/about\/"]}]},{"@type":"ImageObject","inLanguage":"fr-FR","@id":"https:\/\/efficiencymb.ca\/fr\/about\/#primaryimage","url":"https:\/\/efficiencymb.ca\/wp-content\/uploads\/banner-about-fr_2x.jpg","contentUrl":"https:\/\/efficiencymb.ca\/wp-content\/uploads\/banner-about-fr_2x.jpg","width":2400,"height":1350,"caption":"Logo Efficacit\u00e9 Manitoba"},{"@type":"BreadcrumbList","@id":"https:\/\/efficiencymb.ca\/fr\/about\/#breadcrumb","itemListElement":[{"@type":"ListItem","position":1,"name":"Home","item":"https:\/\/efficiencymb.ca\/fr\/"},{"@type":"ListItem","position":2,"name":"\u00c0 propos de nous"}]},{"@type":"WebSite","@id":"https:\/\/efficiencymb.ca\/#website","url":"https:\/\/efficiencymb.ca\/","name":"Efficiency Manitoba","description":"","publisher":{"@id":"https:\/\/efficiencymb.ca\/#organization"},"potentialAction":[{"@type":"SearchAction","target":{"@type":"EntryPoint","urlTemplate":"https:\/\/efficiencymb.ca\/?s={search_term_string}"},"query-input":{"@type":"PropertyValueSpecification","valueRequired":true,"valueName":"search_term_string"}}],"inLanguage":"fr-FR"},{"@type":"Organization","@id":"https:\/\/efficiencymb.ca\/#organization","name":"Efficiency Manitoba","url":"https:\/\/efficiencymb.ca\/","logo":{"@type":"ImageObject","inLanguage":"fr-FR","@id":"https:\/\/efficiencymb.ca\/#\/schema\/logo\/image\/","url":"https:\/\/efficiencymb.ca\/wp-content\/uploads\/em-logo-white-en.png","contentUrl":"https:\/\/efficiencymb.ca\/wp-content\/uploads\/em-logo-white-en.png","width":388,"height":91,"caption":"Efficiency Manitoba"},"image":{"@id":"https:\/\/efficiencymb.ca\/#\/schema\/logo\/image\/"}}]}},"_links":{"self":[{"href":"https:\/\/efficiencymb.ca\/fr\/wp-json\/wp\/v2\/pages\/863","targetHints":{"allow":["GET"]}}],"collection":[{"href":"https:\/\/efficiencymb.ca\/fr\/wp-json\/wp\/v2\/pages"}],"about":[{"href":"https:\/\/efficiencymb.ca\/fr\/wp-json\/wp\/v2\/types\/page"}],"author":[{"embeddable":true,"href":"https:\/\/efficiencymb.ca\/fr\/wp-json\/wp\/v2\/users\/10"}],"replies":[{"embeddable":true,"href":"https:\/\/efficiencymb.ca\/fr\/wp-json\/wp\/v2\/comments?post=863"}],"version-history":[{"count":21,"href":"https:\/\/efficiencymb.ca\/fr\/wp-json\/wp\/v2\/pages\/863\/revisions"}],"predecessor-version":[{"id":62982,"href":"https:\/\/efficiencymb.ca\/fr\/wp-json\/wp\/v2\/pages\/863\/revisions\/62982"}],"wp:featuredmedia":[{"embeddable":true,"href":"https:\/\/efficiencymb.ca\/fr\/wp-json\/wp\/v2\/media\/865"}],"wp:attachment":[{"href":"https:\/\/efficiencymb.ca\/fr\/wp-json\/wp\/v2\/media?parent=863"}],"curies":[{"name":"wp","href":"https:\/\/api.w.org\/{rel}","templated":true}]}}