{"id":859,"date":"2020-03-10T15:20:37","date_gmt":"2020-03-10T15:20:37","guid":{"rendered":"https:\/\/efficiencymb.ca\/?page_id=859"},"modified":"2026-03-10T08:55:26","modified_gmt":"2026-03-10T13:55:26","slug":"carrieres","status":"publish","type":"page","link":"https:\/\/efficiencymb.ca\/fr\/carrieres\/","title":{"rendered":"Carri\u00e8res"},"content":{"rendered":"\n<div class=\"wp-block-group container\"><div class=\"wp-block-group__inner-container is-layout-flow wp-block-group-is-layout-flow\">\n<div class=\"wp-block-columns is-layout-flex wp-container-core-columns-is-layout-9d6595d7 wp-block-columns-is-layout-flex\">\n<div class=\"wp-block-column is-layout-flow wp-block-column-is-layout-flow\" style=\"flex-basis:85%\">\n<p class=\"has-medium-font-size\">\u00c0 Efficacit\u00e9 Manitoba, nous formons une \u00e9quipe transparente, diversifi\u00e9e et ax\u00e9e sur la collaboration, qui s\u2019engage \u00e0 aider la population manitobaine \u00e0 \u00e9conomiser de l\u2019\u00e9nergie et de l\u2019argent et \u00e0 prot\u00e9ger l\u2019environnement. Notre personnel est tr\u00e8s fier du travail que nous accomplissons et de notre impact dans l\u2019ensemble de la province. Dans un sondage sur l\u2019engagement des employ\u00e9s r\u00e9alis\u00e9 en 2025, 100 % des membres de notre \u00e9quipe ont indiqu\u00e9 \u00eatre d\u00e9termin\u00e9s \u00e0 assurer la r\u00e9ussite d\u2019Efficacit\u00e9 Manitoba. Forts de notre culture ax\u00e9e sur les objectifs et de notre volont\u00e9 de mettre les employ\u00e9s au premier plan, nous sommes fiers de figurer parmi les <a href=\"https:\/\/reviews.canadastop100.com\/top-employer-efficiency-manitoba\" target=\"_blank\" rel=\"noreferrer noopener\">meilleurs employeurs du Manitoba en 2026<\/a> (en anglais).<\/p>\n<\/div>\n\n\n\n<div class=\"wp-block-column is-layout-flow wp-block-column-is-layout-flow\" style=\"flex-basis:15%\">\n<figure class=\"wp-block-image size-full is-resized\"><img loading=\"lazy\" decoding=\"async\" width=\"385\" height=\"750\" src=\"https:\/\/efficiencymb.ca\/wp-content\/uploads\/2026_mb_regular_standard-transparent_fr.png\" alt=\"\" class=\"wp-image-86344\" style=\"width:100px\" srcset=\"https:\/\/efficiencymb.ca\/wp-content\/uploads\/2026_mb_regular_standard-transparent_fr.png 385w, https:\/\/efficiencymb.ca\/wp-content\/uploads\/2026_mb_regular_standard-transparent_fr-138x269.png 138w\" sizes=\"auto, (max-width: 385px) 100vw, 385px\" \/><\/figure>\n<\/div>\n<\/div>\n\n\n\n<p class=\"has-text-align-center has-medium-font-size\">Le paysage \u00e9nerg\u00e9tique \u00e9volue et il est plus important que jamais d\u2019accorder la priorit\u00e9 \u00e0 l\u2019efficacit\u00e9 \u00e9nerg\u00e9tique. En vous joignant \u00e0 Efficacit\u00e9 Manitoba, vous serez \u00e0 l\u2019avant-garde &nbsp;de ce changement, en donnant aux Manitobaines et Manitobains des solutions novatrices pour g\u00e9rer leur consommation d\u2019\u00e9nergie tout en ayant un impact important sur leurs factures d\u2019\u00e9nergie et l\u2019environnement.<\/p>\n\n\n\n<p class=\"has-medium-font-size\">En tant que membre de notre \u00e9quipe, vous contribuerez \u00e0 la r\u00e9alisation de notre mandat, qui consiste \u00e0 r\u00e9duire la consommation d\u2019\u00e9lectricit\u00e9 et de gaz naturel dans toute la province. Notre travail permet de r\u00e9duire les \u00e9missions de gaz \u00e0 effet de serre et d\u2019ouvrir la voie \u00e0 un avenir plus vert.<\/p>\n\n\n\n<p class=\"has-text-align-center has-medium-font-size\">Si la possibilit\u00e9 de vous joindre \u00e0 une organisation passionnante et orient\u00e9e vers l\u2019action vous int\u00e9resse, veuillez nous faire signe!<\/p>\n\n\n\n<p class=\"has-text-align-center has-medium-font-size\"><a href=\"https:\/\/efficiencymb.ca\/fr\/carrieres\/\"><\/a><a href=\"mailto:careers@efficiencymb.ca\">careers@efficiencymb.ca<\/a><\/p>\n\n\n\n<div style=\"height:100px\" aria-hidden=\"true\" class=\"wp-block-spacer\"><\/div>\n\n\n\n<h2 class=\"wp-block-heading has-text-align-center is-style-hero-heading\">POSSIBILIT\u00c9S ACTUELLES<\/h2>\n\n\n\n<p class=\"has-text-align-center\">Veuillez consulter la version anglaise de notre site pour voir les <a href=\"https:\/\/efficiencymb.ca\/fr\/carrieres\/\">offres d\u2019emploi actuelles<\/a>.<\/p>\n<\/div><\/div>\n\n\n\n<div class=\"wp-block-columns is-layout-flex wp-container-core-columns-is-layout-9d6595d7 wp-block-columns-is-layout-flex\">\n<div class=\"wp-block-column is-layout-flow wp-block-column-is-layout-flow\"><\/div>\n\n\n\n<div class=\"wp-block-column is-layout-flow wp-block-column-is-layout-flow\"><\/div>\n\n\n\n<div class=\"wp-block-column is-layout-flow wp-block-column-is-layout-flow\"><div class=\"wp-block-image\">\n<figure class=\"alignright size-full is-resized\"><img loading=\"lazy\" decoding=\"async\" width=\"245\" height=\"441\" src=\"https:\/\/efficiencymb.ca\/wp-content\/uploads\/2025_mb_regular_print_en-01-1.png\" alt=\"\" class=\"wp-image-74341\" style=\"width:100px\" srcset=\"https:\/\/efficiencymb.ca\/wp-content\/uploads\/2025_mb_regular_print_en-01-1.png 245w, https:\/\/efficiencymb.ca\/wp-content\/uploads\/2025_mb_regular_print_en-01-1-149x269.png 149w\" sizes=\"auto, (max-width: 245px) 100vw, 245px\" \/><\/figure>\n<\/div><\/div>\n<\/div>\n\n\n\n<div style=\"height:100px\" aria-hidden=\"true\" class=\"wp-block-spacer\"><\/div>\n","protected":false},"excerpt":{"rendered":"<p>\u00c0 Efficacit\u00e9 Manitoba, nous formons une \u00e9quipe transparente, diversifi\u00e9e et ax\u00e9e sur la collaboration, qui s\u2019engage \u00e0 aider la population manitobaine \u00e0 \u00e9conomiser de l\u2019\u00e9nergie et de l\u2019argent et \u00e0 prot\u00e9ger l\u2019environnement. Notre personnel est tr\u00e8s fier du travail que nous accomplissons et de notre impact dans l\u2019ensemble de la province. Dans un sondage surcontinue-reading<\/p>\n","protected":false},"author":10,"featured_media":77607,"parent":0,"menu_order":0,"comment_status":"closed","ping_status":"closed","template":"","meta":{"_acf_changed":false,"footnotes":""},"class_list":["post-859","page","type-page","status-publish","has-post-thumbnail","hentry"],"acf":[],"yoast_head":"<!-- This site is optimized with the Yoast SEO plugin v27.3 - https:\/\/yoast.com\/product\/yoast-seo-wordpress\/ -->\n<title>Carri\u00e8res &#8212; Efficiency Manitoba<\/title>\n<meta name=\"robots\" content=\"index, follow, max-snippet:-1, max-image-preview:large, max-video-preview:-1\" \/>\n<link rel=\"canonical\" href=\"https:\/\/efficiencymb.ca\/fr\/carrieres\/\" \/>\n<meta property=\"og:locale\" content=\"fr_FR\" \/>\n<meta property=\"og:type\" content=\"article\" \/>\n<meta property=\"og:title\" content=\"Carri\u00e8res &#8212; Efficiency Manitoba\" \/>\n<meta property=\"og:description\" content=\"\u00c0 Efficacit\u00e9 Manitoba, nous formons une \u00e9quipe transparente, diversifi\u00e9e et ax\u00e9e sur la collaboration, qui s\u2019engage \u00e0 aider la population manitobaine \u00e0 \u00e9conomiser de l\u2019\u00e9nergie et de l\u2019argent et \u00e0 prot\u00e9ger l\u2019environnement. Notre personnel est tr\u00e8s fier du travail que nous accomplissons et de notre impact dans l\u2019ensemble de la province. Dans un sondage surcontinue-reading\" \/>\n<meta property=\"og:url\" content=\"https:\/\/efficiencymb.ca\/fr\/carrieres\/\" \/>\n<meta property=\"og:site_name\" content=\"Efficiency Manitoba\" \/>\n<meta property=\"article:modified_time\" content=\"2026-03-10T13:55:26+00:00\" \/>\n<meta property=\"og:image\" content=\"https:\/\/efficiencymb.ca\/wp-content\/uploads\/Efficacite-Manitoba-banner-image.jpg\" \/>\n\t<meta property=\"og:image:width\" content=\"1920\" \/>\n\t<meta property=\"og:image:height\" content=\"1080\" \/>\n\t<meta property=\"og:image:type\" content=\"image\/jpeg\" \/>\n<meta name=\"twitter:card\" content=\"summary_large_image\" \/>\n<meta name=\"twitter:label1\" content=\"Dur\u00e9e de lecture estim\u00e9e\" \/>\n\t<meta name=\"twitter:data1\" content=\"2 minutes\" \/>\n<script type=\"application\/ld+json\" class=\"yoast-schema-graph\">{\"@context\":\"https:\\\/\\\/schema.org\",\"@graph\":[{\"@type\":\"WebPage\",\"@id\":\"https:\\\/\\\/efficiencymb.ca\\\/fr\\\/carrieres\\\/\",\"url\":\"https:\\\/\\\/efficiencymb.ca\\\/fr\\\/carrieres\\\/\",\"name\":\"Carri\u00e8res &#8212; Efficiency Manitoba\",\"isPartOf\":{\"@id\":\"https:\\\/\\\/efficiencymb.ca\\\/#website\"},\"primaryImageOfPage\":{\"@id\":\"https:\\\/\\\/efficiencymb.ca\\\/fr\\\/carrieres\\\/#primaryimage\"},\"image\":{\"@id\":\"https:\\\/\\\/efficiencymb.ca\\\/fr\\\/carrieres\\\/#primaryimage\"},\"thumbnailUrl\":\"https:\\\/\\\/efficiencymb.ca\\\/wp-content\\\/uploads\\\/Efficacite-Manitoba-banner-image.jpg\",\"datePublished\":\"2020-03-10T15:20:37+00:00\",\"dateModified\":\"2026-03-10T13:55:26+00:00\",\"breadcrumb\":{\"@id\":\"https:\\\/\\\/efficiencymb.ca\\\/fr\\\/carrieres\\\/#breadcrumb\"},\"inLanguage\":\"fr-FR\",\"potentialAction\":[{\"@type\":\"ReadAction\",\"target\":[\"https:\\\/\\\/efficiencymb.ca\\\/fr\\\/carrieres\\\/\"]}]},{\"@type\":\"ImageObject\",\"inLanguage\":\"fr-FR\",\"@id\":\"https:\\\/\\\/efficiencymb.ca\\\/fr\\\/carrieres\\\/#primaryimage\",\"url\":\"https:\\\/\\\/efficiencymb.ca\\\/wp-content\\\/uploads\\\/Efficacite-Manitoba-banner-image.jpg\",\"contentUrl\":\"https:\\\/\\\/efficiencymb.ca\\\/wp-content\\\/uploads\\\/Efficacite-Manitoba-banner-image.jpg\",\"width\":1920,\"height\":1080},{\"@type\":\"BreadcrumbList\",\"@id\":\"https:\\\/\\\/efficiencymb.ca\\\/fr\\\/carrieres\\\/#breadcrumb\",\"itemListElement\":[{\"@type\":\"ListItem\",\"position\":1,\"name\":\"Home\",\"item\":\"https:\\\/\\\/efficiencymb.ca\\\/fr\\\/\"},{\"@type\":\"ListItem\",\"position\":2,\"name\":\"Carri\u00e8res\"}]},{\"@type\":\"WebSite\",\"@id\":\"https:\\\/\\\/efficiencymb.ca\\\/#website\",\"url\":\"https:\\\/\\\/efficiencymb.ca\\\/\",\"name\":\"Efficiency Manitoba\",\"description\":\"\",\"publisher\":{\"@id\":\"https:\\\/\\\/efficiencymb.ca\\\/#organization\"},\"potentialAction\":[{\"@type\":\"SearchAction\",\"target\":{\"@type\":\"EntryPoint\",\"urlTemplate\":\"https:\\\/\\\/efficiencymb.ca\\\/?s={search_term_string}\"},\"query-input\":{\"@type\":\"PropertyValueSpecification\",\"valueRequired\":true,\"valueName\":\"search_term_string\"}}],\"inLanguage\":\"fr-FR\"},{\"@type\":\"Organization\",\"@id\":\"https:\\\/\\\/efficiencymb.ca\\\/#organization\",\"name\":\"Efficiency Manitoba\",\"url\":\"https:\\\/\\\/efficiencymb.ca\\\/\",\"logo\":{\"@type\":\"ImageObject\",\"inLanguage\":\"fr-FR\",\"@id\":\"https:\\\/\\\/efficiencymb.ca\\\/#\\\/schema\\\/logo\\\/image\\\/\",\"url\":\"https:\\\/\\\/efficiencymb.ca\\\/wp-content\\\/uploads\\\/em-logo-white-en.png\",\"contentUrl\":\"https:\\\/\\\/efficiencymb.ca\\\/wp-content\\\/uploads\\\/em-logo-white-en.png\",\"width\":388,\"height\":91,\"caption\":\"Efficiency Manitoba\"},\"image\":{\"@id\":\"https:\\\/\\\/efficiencymb.ca\\\/#\\\/schema\\\/logo\\\/image\\\/\"}}]}<\/script>\n<!-- \/ Yoast SEO plugin. -->","yoast_head_json":{"title":"Carri\u00e8res &#8212; Efficiency Manitoba","robots":{"index":"index","follow":"follow","max-snippet":"max-snippet:-1","max-image-preview":"max-image-preview:large","max-video-preview":"max-video-preview:-1"},"canonical":"https:\/\/efficiencymb.ca\/fr\/carrieres\/","og_locale":"fr_FR","og_type":"article","og_title":"Carri\u00e8res &#8212; Efficiency Manitoba","og_description":"\u00c0 Efficacit\u00e9 Manitoba, nous formons une \u00e9quipe transparente, diversifi\u00e9e et ax\u00e9e sur la collaboration, qui s\u2019engage \u00e0 aider la population manitobaine \u00e0 \u00e9conomiser de l\u2019\u00e9nergie et de l\u2019argent et \u00e0 prot\u00e9ger l\u2019environnement. Notre personnel est tr\u00e8s fier du travail que nous accomplissons et de notre impact dans l\u2019ensemble de la province. Dans un sondage surcontinue-reading","og_url":"https:\/\/efficiencymb.ca\/fr\/carrieres\/","og_site_name":"Efficiency Manitoba","article_modified_time":"2026-03-10T13:55:26+00:00","og_image":[{"width":1920,"height":1080,"url":"https:\/\/efficiencymb.ca\/wp-content\/uploads\/Efficacite-Manitoba-banner-image.jpg","type":"image\/jpeg"}],"twitter_card":"summary_large_image","twitter_misc":{"Dur\u00e9e de lecture estim\u00e9e":"2 minutes"},"schema":{"@context":"https:\/\/schema.org","@graph":[{"@type":"WebPage","@id":"https:\/\/efficiencymb.ca\/fr\/carrieres\/","url":"https:\/\/efficiencymb.ca\/fr\/carrieres\/","name":"Carri\u00e8res &#8212; Efficiency Manitoba","isPartOf":{"@id":"https:\/\/efficiencymb.ca\/#website"},"primaryImageOfPage":{"@id":"https:\/\/efficiencymb.ca\/fr\/carrieres\/#primaryimage"},"image":{"@id":"https:\/\/efficiencymb.ca\/fr\/carrieres\/#primaryimage"},"thumbnailUrl":"https:\/\/efficiencymb.ca\/wp-content\/uploads\/Efficacite-Manitoba-banner-image.jpg","datePublished":"2020-03-10T15:20:37+00:00","dateModified":"2026-03-10T13:55:26+00:00","breadcrumb":{"@id":"https:\/\/efficiencymb.ca\/fr\/carrieres\/#breadcrumb"},"inLanguage":"fr-FR","potentialAction":[{"@type":"ReadAction","target":["https:\/\/efficiencymb.ca\/fr\/carrieres\/"]}]},{"@type":"ImageObject","inLanguage":"fr-FR","@id":"https:\/\/efficiencymb.ca\/fr\/carrieres\/#primaryimage","url":"https:\/\/efficiencymb.ca\/wp-content\/uploads\/Efficacite-Manitoba-banner-image.jpg","contentUrl":"https:\/\/efficiencymb.ca\/wp-content\/uploads\/Efficacite-Manitoba-banner-image.jpg","width":1920,"height":1080},{"@type":"BreadcrumbList","@id":"https:\/\/efficiencymb.ca\/fr\/carrieres\/#breadcrumb","itemListElement":[{"@type":"ListItem","position":1,"name":"Home","item":"https:\/\/efficiencymb.ca\/fr\/"},{"@type":"ListItem","position":2,"name":"Carri\u00e8res"}]},{"@type":"WebSite","@id":"https:\/\/efficiencymb.ca\/#website","url":"https:\/\/efficiencymb.ca\/","name":"Efficiency Manitoba","description":"","publisher":{"@id":"https:\/\/efficiencymb.ca\/#organization"},"potentialAction":[{"@type":"SearchAction","target":{"@type":"EntryPoint","urlTemplate":"https:\/\/efficiencymb.ca\/?s={search_term_string}"},"query-input":{"@type":"PropertyValueSpecification","valueRequired":true,"valueName":"search_term_string"}}],"inLanguage":"fr-FR"},{"@type":"Organization","@id":"https:\/\/efficiencymb.ca\/#organization","name":"Efficiency Manitoba","url":"https:\/\/efficiencymb.ca\/","logo":{"@type":"ImageObject","inLanguage":"fr-FR","@id":"https:\/\/efficiencymb.ca\/#\/schema\/logo\/image\/","url":"https:\/\/efficiencymb.ca\/wp-content\/uploads\/em-logo-white-en.png","contentUrl":"https:\/\/efficiencymb.ca\/wp-content\/uploads\/em-logo-white-en.png","width":388,"height":91,"caption":"Efficiency Manitoba"},"image":{"@id":"https:\/\/efficiencymb.ca\/#\/schema\/logo\/image\/"}}]}},"_links":{"self":[{"href":"https:\/\/efficiencymb.ca\/fr\/wp-json\/wp\/v2\/pages\/859","targetHints":{"allow":["GET"]}}],"collection":[{"href":"https:\/\/efficiencymb.ca\/fr\/wp-json\/wp\/v2\/pages"}],"about":[{"href":"https:\/\/efficiencymb.ca\/fr\/wp-json\/wp\/v2\/types\/page"}],"author":[{"embeddable":true,"href":"https:\/\/efficiencymb.ca\/fr\/wp-json\/wp\/v2\/users\/10"}],"replies":[{"embeddable":true,"href":"https:\/\/efficiencymb.ca\/fr\/wp-json\/wp\/v2\/comments?post=859"}],"version-history":[{"count":20,"href":"https:\/\/efficiencymb.ca\/fr\/wp-json\/wp\/v2\/pages\/859\/revisions"}],"predecessor-version":[{"id":86346,"href":"https:\/\/efficiencymb.ca\/fr\/wp-json\/wp\/v2\/pages\/859\/revisions\/86346"}],"wp:featuredmedia":[{"embeddable":true,"href":"https:\/\/efficiencymb.ca\/fr\/wp-json\/wp\/v2\/media\/77607"}],"wp:attachment":[{"href":"https:\/\/efficiencymb.ca\/fr\/wp-json\/wp\/v2\/media?parent=859"}],"curies":[{"name":"wp","href":"https:\/\/api.w.org\/{rel}","templated":true}]}}