{"id":85397,"date":"2026-03-30T15:00:00","date_gmt":"2026-03-30T20:00:00","guid":{"rendered":"https:\/\/efficiencymb.ca\/?page_id=85397"},"modified":"2026-03-30T15:39:20","modified_gmt":"2026-03-30T20:39:20","slug":"commandite-investissement-communautaire","status":"publish","type":"page","link":"https:\/\/efficiencymb.ca\/fr\/commandite-investissement-communautaire\/","title":{"rendered":"Commandite et investissement communautaire"},"content":{"rendered":"\n<div class=\"wp-block-group is-style-content-wide\"><div class=\"wp-block-group__inner-container is-layout-flow wp-block-group-is-layout-flow\">\n<h1 class=\"wp-block-heading has-text-align-center is-style-hero-heading-grey\">SOUTENIR LES \u00c9V\u00c9NEMENTS ET INITIATIVES COMMUNAUTAIRES<\/h1>\n\n\n\n<p class=\"has-text-align-center has-medium-font-size\">Nous sommes fiers de soutenir des \u00e9v\u00e9nements et des initiatives qui contribuent \u00e0 faire progresser l\u2019efficacit\u00e9 \u00e9nerg\u00e9tique dans l\u2019ensemble de la province. Nous examinerons les occasions de commandite et d\u2019investissement communautaire qui sont clairement profitables \u00e0 la fois pour Efficacit\u00e9 Manitoba et les collectivit\u00e9s que nous desservons.<\/p>\n\n\n\n<p class=\"has-text-align-center has-medium-font-size\">Les occasions qui aident \u00e0 accro\u00eetre la sensibilisation concernant l\u2019efficacit\u00e9 \u00e9nerg\u00e9tique, \u00e0 mieux faire comprendre notre travail et \u00e0 fa\u00e7onner de mani\u00e8re positive les perceptions \u00e0 l\u2019\u00e9gard d\u2019Efficacit\u00e9 Manitoba dans la collectivit\u00e9 au sens large nous int\u00e9ressent tout particuli\u00e8rement.<\/p>\n\n\n\n<p class=\"has-text-align-center has-medium-font-size\">Les occasions de commandite comprennent des conf\u00e9rences, des s\u00e9minaires et d\u2019autres \u00e9v\u00e9nements en personne ou en mode virtuel auxquels des repr\u00e9sentants d\u2019Efficacit\u00e9 Manitoba peuvent activement participer et o\u00f9 ces derniers peuvent tisser des liens avec les participants et s\u2019entretenir avec des clients, des partenaires de l\u2019industrie et d\u2019autres parties.<\/p>\n\n\n\n<p class=\"has-text-align-center has-medium-font-size\">Nous examinerons un large \u00e9ventail d\u2019occasions, qu\u2019il s\u2019agisse d\u2019initiatives de grande envergure ayant une vaste port\u00e9e ou d\u2019activit\u00e9s plus cibl\u00e9es qui sont propices \u00e0 une mobilisation utile et \u00e0 l\u2019\u00e9tablissement de liens plus profonds avec certains publics. Chaque demande fera l\u2019objet d\u2019une \u00e9valuation individuelle selon ses propres caract\u00e9ristiques.<\/p>\n\n\n\n<p class=\"has-text-align-center has-medium-font-size\">La priorit\u00e9 sera accord\u00e9e aux occasions qui cadrent avec <a href=\"https:\/\/efficiencymb.ca\/fr\/about\/\" target=\"_blank\" rel=\"noreferrer noopener\">le mandat, la mission, la vision et les objectifs strat\u00e9giques<\/a> d\u2019Efficacit\u00e9 Manitoba. Les demandes qui d\u00e9montrent clairement un alignement et des avantages mutuels sont plus susceptibles d\u2019\u00eatre retenues.<\/p>\n\n\n\n<h2 class=\"wp-block-heading has-text-align-center is-style-hero-heading\"><strong>Comment pr\u00e9senter une demande<\/strong><\/h2>\n\n\n\n<p class=\"has-text-align-center has-medium-font-size\">V\u00e9rifiez d\u2019abord si votre demande respecte nos lignes directrices relatives au financement, qui sont \u00e9nonc\u00e9es ci-dessous. Si c\u2019est le cas, pr\u00e9sentez une demande en ligne.<\/p>\n\n\n\n<p class=\"has-text-align-center has-medium-font-size\">Veuillez envoyer les propositions de commandite au moins 30 jours avant l\u2019\u00e9v\u00e9nement. Les d\u00e9lais d\u2019\u00e9valuation d\u00e9pendent de la longueur, de la port\u00e9e et de la nature de la demande. Malheureusement, les demandes ne sont pas toutes retenues et nous communiquerons seulement avec les requ\u00e9rants dont la demande est approuv\u00e9e.<\/p>\n\n\n\n<h2 class=\"wp-block-heading has-text-align-center is-style-hero-heading-grey\"><strong>Lignes directrices relatives au financement<\/strong><\/h2>\n\n\n\n<p class=\"has-medium-font-size\">Nous examinerons les demandes de commandite et d\u2019investissement communautaire qui :<\/p>\n\n\n\n<ul class=\"wp-block-list has-medium-font-size\">\n<li>encouragent l\u2019efficacit\u00e9 \u00e9nerg\u00e9tique et la durabilit\u00e9;<\/li>\n\n\n\n<li>rejoignent nos publics cibles (p. ex., propri\u00e9taires de maison, petites entreprises, industrie, collectivit\u00e9s);<\/li>\n\n\n\n<li>soutiennent notre mission d\u2019aider les Manitobaines et les Manitobains \u00e0 \u00e9conomiser de l\u2019\u00e9nergie;<\/li>\n\n\n\n<li>offrent une reconnaissance utile ou des possibilit\u00e9s de collaboration pour Efficacit\u00e9 Manitoba.<\/li>\n<\/ul>\n\n\n\n<h2 class=\"wp-block-heading has-text-align-center is-style-hero-heading-grey\"><strong>Exclusions du financement<\/strong><\/h2>\n\n\n\n<p class=\"has-medium-font-size\">Nous ne sommes pas en mesure d\u2019offrir du soutien aux&nbsp;:<\/p>\n\n\n\n<ul class=\"wp-block-list\">\n<li class=\"has-medium-font-size\">entreprises priv\u00e9es;<\/li>\n\n\n\n<li class=\"has-medium-font-size\">\u00e9quipes sportives professionnelles;<\/li>\n\n\n\n<li class=\"has-medium-font-size\">centres de loisirs communautaires, \u00e9coles, garderies ou \u00e9quipes sportives&nbsp;;<\/li>\n\n\n\n<li class=\"has-medium-font-size\">organismes de bienfaisance non canadiens;<\/li>\n\n\n\n<li class=\"has-medium-font-size\">collectes de fonds individuelles ou d\u2019\u00e9quipes (p. ex., activit\u00e9s sociales).<\/li>\n<\/ul>\n\n\n<div class=\"theme-button wp-block-button aligncenter\">\r\n\t<a  class=\"wp-block-button__link has-background no-border-radius button cta button-large\" href=\"https:\/\/efficiencymb.ca\/fr\/demande-commandite-et-investissement-communautaire\/\"><strong>PR\u00c9SENTEZ UNE<\/strong><br>DEMANDE EN LIGNE<\/a>\r\n<\/div><\/div><\/div>\n\n\n\n<p><\/p>\n","protected":false},"excerpt":{"rendered":"<p>Nous sommes fiers de soutenir des \u00e9v\u00e9nements et des initiatives communautaires qui cadrent avec notre mandat de vous aider \u00e0 \u00e9conomiser de l\u2019\u00e9nergie et de promouvoir la durabilit\u00e9.<\/p>\n","protected":false},"author":10,"featured_media":85828,"parent":0,"menu_order":0,"comment_status":"closed","ping_status":"closed","template":"","meta":{"_acf_changed":false,"footnotes":""},"class_list":["post-85397","page","type-page","status-publish","has-post-thumbnail","hentry"],"acf":[],"yoast_head":"<!-- This site is optimized with the Yoast SEO plugin v27.3 - https:\/\/yoast.com\/product\/yoast-seo-wordpress\/ -->\n<title>Commandite et investissement communautaire &#8212; Efficiency Manitoba<\/title>\n<meta name=\"description\" content=\"Nous sommes fiers de soutenir des \u00e9v\u00e9nements et des initiatives communautaires qui cadrent avec notre mandat de vous aider \u00e0 \u00e9conomiser de l\u2019\u00e9nergie et de promouvoir la durabilit\u00e9.\" \/>\n<meta name=\"robots\" content=\"index, follow, max-snippet:-1, max-image-preview:large, max-video-preview:-1\" \/>\n<link rel=\"canonical\" href=\"https:\/\/efficiencymb.ca\/fr\/commandite-investissement-communautaire\/\" \/>\n<meta property=\"og:locale\" content=\"fr_FR\" \/>\n<meta property=\"og:type\" content=\"article\" \/>\n<meta property=\"og:title\" content=\"Commandite et investissement communautaire &#8212; Efficiency Manitoba\" \/>\n<meta property=\"og:description\" content=\"Nous sommes fiers de soutenir des \u00e9v\u00e9nements et des initiatives communautaires qui cadrent avec notre mandat de vous aider \u00e0 \u00e9conomiser de l\u2019\u00e9nergie et de promouvoir la durabilit\u00e9.\" \/>\n<meta property=\"og:url\" content=\"https:\/\/efficiencymb.ca\/fr\/commandite-investissement-communautaire\/\" \/>\n<meta property=\"og:site_name\" content=\"Efficiency Manitoba\" \/>\n<meta property=\"article:modified_time\" content=\"2026-03-30T20:39:20+00:00\" \/>\n<meta property=\"og:image\" content=\"https:\/\/efficiencymb.ca\/wp-content\/uploads\/sponsorship-and-community-investment-web-banner-2400x1350-1.jpg\" \/>\n\t<meta property=\"og:image:width\" content=\"2400\" \/>\n\t<meta property=\"og:image:height\" content=\"1350\" \/>\n\t<meta property=\"og:image:type\" content=\"image\/jpeg\" \/>\n<meta name=\"twitter:card\" content=\"summary_large_image\" \/>\n<meta name=\"twitter:label1\" content=\"Dur\u00e9e de lecture estim\u00e9e\" \/>\n\t<meta name=\"twitter:data1\" content=\"2 minutes\" \/>\n<script type=\"application\/ld+json\" class=\"yoast-schema-graph\">{\"@context\":\"https:\\\/\\\/schema.org\",\"@graph\":[{\"@type\":\"WebPage\",\"@id\":\"https:\\\/\\\/efficiencymb.ca\\\/fr\\\/commandite-investissement-communautaire\\\/\",\"url\":\"https:\\\/\\\/efficiencymb.ca\\\/fr\\\/commandite-investissement-communautaire\\\/\",\"name\":\"Commandite et investissement communautaire &#8212; Efficiency Manitoba\",\"isPartOf\":{\"@id\":\"https:\\\/\\\/efficiencymb.ca\\\/#website\"},\"primaryImageOfPage\":{\"@id\":\"https:\\\/\\\/efficiencymb.ca\\\/fr\\\/commandite-investissement-communautaire\\\/#primaryimage\"},\"image\":{\"@id\":\"https:\\\/\\\/efficiencymb.ca\\\/fr\\\/commandite-investissement-communautaire\\\/#primaryimage\"},\"thumbnailUrl\":\"https:\\\/\\\/efficiencymb.ca\\\/wp-content\\\/uploads\\\/sponsorship-and-community-investment-web-banner-2400x1350-1.jpg\",\"datePublished\":\"2026-03-30T20:00:00+00:00\",\"dateModified\":\"2026-03-30T20:39:20+00:00\",\"description\":\"Nous sommes fiers de soutenir des \u00e9v\u00e9nements et des initiatives communautaires qui cadrent avec notre mandat de vous aider \u00e0 \u00e9conomiser de l\u2019\u00e9nergie et de promouvoir la durabilit\u00e9.\",\"breadcrumb\":{\"@id\":\"https:\\\/\\\/efficiencymb.ca\\\/fr\\\/commandite-investissement-communautaire\\\/#breadcrumb\"},\"inLanguage\":\"fr-FR\",\"potentialAction\":[{\"@type\":\"ReadAction\",\"target\":[\"https:\\\/\\\/efficiencymb.ca\\\/fr\\\/commandite-investissement-communautaire\\\/\"]}]},{\"@type\":\"ImageObject\",\"inLanguage\":\"fr-FR\",\"@id\":\"https:\\\/\\\/efficiencymb.ca\\\/fr\\\/commandite-investissement-communautaire\\\/#primaryimage\",\"url\":\"https:\\\/\\\/efficiencymb.ca\\\/wp-content\\\/uploads\\\/sponsorship-and-community-investment-web-banner-2400x1350-1.jpg\",\"contentUrl\":\"https:\\\/\\\/efficiencymb.ca\\\/wp-content\\\/uploads\\\/sponsorship-and-community-investment-web-banner-2400x1350-1.jpg\",\"width\":2400,\"height\":1350},{\"@type\":\"BreadcrumbList\",\"@id\":\"https:\\\/\\\/efficiencymb.ca\\\/fr\\\/commandite-investissement-communautaire\\\/#breadcrumb\",\"itemListElement\":[{\"@type\":\"ListItem\",\"position\":1,\"name\":\"Home\",\"item\":\"https:\\\/\\\/efficiencymb.ca\\\/fr\\\/\"},{\"@type\":\"ListItem\",\"position\":2,\"name\":\"Commandite et investissement communautaire\"}]},{\"@type\":\"WebSite\",\"@id\":\"https:\\\/\\\/efficiencymb.ca\\\/#website\",\"url\":\"https:\\\/\\\/efficiencymb.ca\\\/\",\"name\":\"Efficiency Manitoba\",\"description\":\"\",\"publisher\":{\"@id\":\"https:\\\/\\\/efficiencymb.ca\\\/#organization\"},\"potentialAction\":[{\"@type\":\"SearchAction\",\"target\":{\"@type\":\"EntryPoint\",\"urlTemplate\":\"https:\\\/\\\/efficiencymb.ca\\\/?s={search_term_string}\"},\"query-input\":{\"@type\":\"PropertyValueSpecification\",\"valueRequired\":true,\"valueName\":\"search_term_string\"}}],\"inLanguage\":\"fr-FR\"},{\"@type\":\"Organization\",\"@id\":\"https:\\\/\\\/efficiencymb.ca\\\/#organization\",\"name\":\"Efficiency Manitoba\",\"url\":\"https:\\\/\\\/efficiencymb.ca\\\/\",\"logo\":{\"@type\":\"ImageObject\",\"inLanguage\":\"fr-FR\",\"@id\":\"https:\\\/\\\/efficiencymb.ca\\\/#\\\/schema\\\/logo\\\/image\\\/\",\"url\":\"https:\\\/\\\/efficiencymb.ca\\\/wp-content\\\/uploads\\\/em-logo-white-en.png\",\"contentUrl\":\"https:\\\/\\\/efficiencymb.ca\\\/wp-content\\\/uploads\\\/em-logo-white-en.png\",\"width\":388,\"height\":91,\"caption\":\"Efficiency Manitoba\"},\"image\":{\"@id\":\"https:\\\/\\\/efficiencymb.ca\\\/#\\\/schema\\\/logo\\\/image\\\/\"}}]}<\/script>\n<!-- \/ Yoast SEO plugin. -->","yoast_head_json":{"title":"Commandite et investissement communautaire &#8212; Efficiency Manitoba","description":"Nous sommes fiers de soutenir des \u00e9v\u00e9nements et des initiatives communautaires qui cadrent avec notre mandat de vous aider \u00e0 \u00e9conomiser de l\u2019\u00e9nergie et de promouvoir la durabilit\u00e9.","robots":{"index":"index","follow":"follow","max-snippet":"max-snippet:-1","max-image-preview":"max-image-preview:large","max-video-preview":"max-video-preview:-1"},"canonical":"https:\/\/efficiencymb.ca\/fr\/commandite-investissement-communautaire\/","og_locale":"fr_FR","og_type":"article","og_title":"Commandite et investissement communautaire &#8212; Efficiency Manitoba","og_description":"Nous sommes fiers de soutenir des \u00e9v\u00e9nements et des initiatives communautaires qui cadrent avec notre mandat de vous aider \u00e0 \u00e9conomiser de l\u2019\u00e9nergie et de promouvoir la durabilit\u00e9.","og_url":"https:\/\/efficiencymb.ca\/fr\/commandite-investissement-communautaire\/","og_site_name":"Efficiency Manitoba","article_modified_time":"2026-03-30T20:39:20+00:00","og_image":[{"width":2400,"height":1350,"url":"https:\/\/efficiencymb.ca\/wp-content\/uploads\/sponsorship-and-community-investment-web-banner-2400x1350-1.jpg","type":"image\/jpeg"}],"twitter_card":"summary_large_image","twitter_misc":{"Dur\u00e9e de lecture estim\u00e9e":"2 minutes"},"schema":{"@context":"https:\/\/schema.org","@graph":[{"@type":"WebPage","@id":"https:\/\/efficiencymb.ca\/fr\/commandite-investissement-communautaire\/","url":"https:\/\/efficiencymb.ca\/fr\/commandite-investissement-communautaire\/","name":"Commandite et investissement communautaire &#8212; Efficiency Manitoba","isPartOf":{"@id":"https:\/\/efficiencymb.ca\/#website"},"primaryImageOfPage":{"@id":"https:\/\/efficiencymb.ca\/fr\/commandite-investissement-communautaire\/#primaryimage"},"image":{"@id":"https:\/\/efficiencymb.ca\/fr\/commandite-investissement-communautaire\/#primaryimage"},"thumbnailUrl":"https:\/\/efficiencymb.ca\/wp-content\/uploads\/sponsorship-and-community-investment-web-banner-2400x1350-1.jpg","datePublished":"2026-03-30T20:00:00+00:00","dateModified":"2026-03-30T20:39:20+00:00","description":"Nous sommes fiers de soutenir des \u00e9v\u00e9nements et des initiatives communautaires qui cadrent avec notre mandat de vous aider \u00e0 \u00e9conomiser de l\u2019\u00e9nergie et de promouvoir la durabilit\u00e9.","breadcrumb":{"@id":"https:\/\/efficiencymb.ca\/fr\/commandite-investissement-communautaire\/#breadcrumb"},"inLanguage":"fr-FR","potentialAction":[{"@type":"ReadAction","target":["https:\/\/efficiencymb.ca\/fr\/commandite-investissement-communautaire\/"]}]},{"@type":"ImageObject","inLanguage":"fr-FR","@id":"https:\/\/efficiencymb.ca\/fr\/commandite-investissement-communautaire\/#primaryimage","url":"https:\/\/efficiencymb.ca\/wp-content\/uploads\/sponsorship-and-community-investment-web-banner-2400x1350-1.jpg","contentUrl":"https:\/\/efficiencymb.ca\/wp-content\/uploads\/sponsorship-and-community-investment-web-banner-2400x1350-1.jpg","width":2400,"height":1350},{"@type":"BreadcrumbList","@id":"https:\/\/efficiencymb.ca\/fr\/commandite-investissement-communautaire\/#breadcrumb","itemListElement":[{"@type":"ListItem","position":1,"name":"Home","item":"https:\/\/efficiencymb.ca\/fr\/"},{"@type":"ListItem","position":2,"name":"Commandite et investissement communautaire"}]},{"@type":"WebSite","@id":"https:\/\/efficiencymb.ca\/#website","url":"https:\/\/efficiencymb.ca\/","name":"Efficiency Manitoba","description":"","publisher":{"@id":"https:\/\/efficiencymb.ca\/#organization"},"potentialAction":[{"@type":"SearchAction","target":{"@type":"EntryPoint","urlTemplate":"https:\/\/efficiencymb.ca\/?s={search_term_string}"},"query-input":{"@type":"PropertyValueSpecification","valueRequired":true,"valueName":"search_term_string"}}],"inLanguage":"fr-FR"},{"@type":"Organization","@id":"https:\/\/efficiencymb.ca\/#organization","name":"Efficiency Manitoba","url":"https:\/\/efficiencymb.ca\/","logo":{"@type":"ImageObject","inLanguage":"fr-FR","@id":"https:\/\/efficiencymb.ca\/#\/schema\/logo\/image\/","url":"https:\/\/efficiencymb.ca\/wp-content\/uploads\/em-logo-white-en.png","contentUrl":"https:\/\/efficiencymb.ca\/wp-content\/uploads\/em-logo-white-en.png","width":388,"height":91,"caption":"Efficiency Manitoba"},"image":{"@id":"https:\/\/efficiencymb.ca\/#\/schema\/logo\/image\/"}}]}},"_links":{"self":[{"href":"https:\/\/efficiencymb.ca\/fr\/wp-json\/wp\/v2\/pages\/85397","targetHints":{"allow":["GET"]}}],"collection":[{"href":"https:\/\/efficiencymb.ca\/fr\/wp-json\/wp\/v2\/pages"}],"about":[{"href":"https:\/\/efficiencymb.ca\/fr\/wp-json\/wp\/v2\/types\/page"}],"author":[{"embeddable":true,"href":"https:\/\/efficiencymb.ca\/fr\/wp-json\/wp\/v2\/users\/10"}],"replies":[{"embeddable":true,"href":"https:\/\/efficiencymb.ca\/fr\/wp-json\/wp\/v2\/comments?post=85397"}],"version-history":[{"count":2,"href":"https:\/\/efficiencymb.ca\/fr\/wp-json\/wp\/v2\/pages\/85397\/revisions"}],"predecessor-version":[{"id":87087,"href":"https:\/\/efficiencymb.ca\/fr\/wp-json\/wp\/v2\/pages\/85397\/revisions\/87087"}],"wp:featuredmedia":[{"embeddable":true,"href":"https:\/\/efficiencymb.ca\/fr\/wp-json\/wp\/v2\/media\/85828"}],"wp:attachment":[{"href":"https:\/\/efficiencymb.ca\/fr\/wp-json\/wp\/v2\/media?parent=85397"}],"curies":[{"name":"wp","href":"https:\/\/api.w.org\/{rel}","templated":true}]}}