{"id":85073,"date":"2026-02-13T09:00:00","date_gmt":"2026-02-13T15:00:00","guid":{"rendered":"https:\/\/efficiencymb.ca\/?page_id=85073"},"modified":"2026-02-13T08:16:21","modified_gmt":"2026-02-13T14:16:21","slug":"di-merci-initiative-eclairage-ecoles-manitoba","status":"publish","type":"page","link":"https:\/\/efficiencymb.ca\/fr\/business\/programme-d-eclairage-commercial\/di-merci-initiative-eclairage-ecoles-manitoba\/","title":{"rendered":"INITIATIVE D\u2019\u00c9CLAIRAGE DES \u00c9COLES DU MANITOBA"},"content":{"rendered":"\n<div class=\"wp-block-group is-style-content-wide\"><div class=\"wp-block-group__inner-container is-layout-flow wp-block-group-is-layout-flow\">\n<h1 class=\"wp-block-heading has-text-align-center is-style-hero-heading\">MERCI POUR VOTRE D\u00c9CLARATION D\u2019INT\u00c9R\u00caT<\/h1>\n\n\n\n<p class=\"has-text-align-center has-medium-font-size\">Nous vous remercions d\u2019avoir soumis une d\u00e9claration d\u2019int\u00e9r\u00eat dans le cadre de notre Initiative d\u2019\u00e9clairage des \u00e9coles du Manitoba. Toutes les d\u00e9clarations d\u2019int\u00e9r\u00eat seront examin\u00e9es et \u00e9valu\u00e9es \u00e0 l\u2019aide d\u2019un syst\u00e8me de pointage appliqu\u00e9 \u00e0 tous les demandeurs. Si votre projet est retenu, nous vous en informerons d\u2019ici le 15 mai 2026. &nbsp;<\/p>\n\n\n\n<p class=\"has-text-align-center has-medium-font-size\">Les projets non retenus pendant la premi\u00e8re p\u00e9riode de r\u00e9ception des demandes demeureront dans le bassin et seront pris en consid\u00e9ration lors de la prochaine p\u00e9riode de r\u00e9ception des demandes.<\/p>\n\n\n\n<p class=\"has-text-align-center has-medium-font-size\">Obtenez de plus amples renseignements au sujet du <a href=\"https:\/\/efficiencymb.ca\/fr\/business\/programme-d-eclairage-commercial\/\" target=\"_blank\" rel=\"noreferrer noopener\">Programme d\u2019\u00e9clairage pour entreprises<\/a>.<\/p>\n<\/div><\/div>\n\n\n\n<div style=\"height:100px\" aria-hidden=\"true\" class=\"wp-block-spacer\"><\/div>\n\n\n\n<figure class=\"wp-block-image size-full slant\"><img loading=\"lazy\" decoding=\"async\" width=\"2000\" height=\"400\" src=\"https:\/\/efficiencymb.ca\/wp-content\/uploads\/bg-two-tone-green@2x.png\" alt=\"\" class=\"wp-image-592\" srcset=\"https:\/\/efficiencymb.ca\/wp-content\/uploads\/bg-two-tone-green@2x.png 2000w, https:\/\/efficiencymb.ca\/wp-content\/uploads\/bg-two-tone-green@2x-479x96.png 479w, https:\/\/efficiencymb.ca\/wp-content\/uploads\/bg-two-tone-green@2x-1024x205.png 1024w, https:\/\/efficiencymb.ca\/wp-content\/uploads\/bg-two-tone-green@2x-768x154.png 768w, https:\/\/efficiencymb.ca\/wp-content\/uploads\/bg-two-tone-green@2x-1536x307.png 1536w\" sizes=\"auto, (max-width: 2000px) 100vw, 2000px\" \/><\/figure>\n","protected":false},"excerpt":{"rendered":"<p>L\u2019Initiative d\u2019\u00e9clairage des \u00e9coles du Manitoba est une initiative \u00e0 dur\u00e9e limit\u00e9e visant \u00e0 aider les \u00e9coles \u00e0 r\u00e9duire leurs factures \u00e9nerg\u00e9tiques et \u00e0 am\u00e9liorer la qualit\u00e9 de leur \u00e9clairage.<\/p>\n","protected":false},"author":10,"featured_media":85375,"parent":13237,"menu_order":0,"comment_status":"closed","ping_status":"closed","template":"","meta":{"_acf_changed":false,"footnotes":""},"class_list":["post-85073","page","type-page","status-publish","has-post-thumbnail","hentry","page_cat-exclude-algolia-search"],"acf":[],"yoast_head":"<!-- This site is optimized with the Yoast SEO plugin v27.3 - https:\/\/yoast.com\/product\/yoast-seo-wordpress\/ -->\n<title>INITIATIVE D\u2019\u00c9CLAIRAGE DES \u00c9COLES DU MANITOBA &#8212; Efficiency Manitoba<\/title>\n<meta name=\"description\" content=\"L\u2019Initiative d\u2019\u00e9clairage des \u00e9coles du Manitoba est une initiative \u00e0 dur\u00e9e limit\u00e9e visant \u00e0 aider les \u00e9coles \u00e0 r\u00e9duire leurs factures \u00e9nerg\u00e9tiques et \u00e0 am\u00e9liorer la qualit\u00e9 de leur \u00e9clairage.\" \/>\n<meta name=\"robots\" content=\"index, follow, max-snippet:-1, max-image-preview:large, max-video-preview:-1\" \/>\n<link rel=\"canonical\" href=\"https:\/\/efficiencymb.ca\/business\/business-lighting\/manitoba-schools-lighting-initiative-eoi-thanks\/\" \/>\n<meta property=\"og:locale\" content=\"fr_FR\" \/>\n<meta property=\"og:type\" content=\"article\" \/>\n<meta property=\"og:title\" content=\"INITIATIVE D\u2019\u00c9CLAIRAGE DES \u00c9COLES DU MANITOBA &#8212; Efficiency Manitoba\" \/>\n<meta property=\"og:description\" content=\"L\u2019Initiative d\u2019\u00e9clairage des \u00e9coles du Manitoba est une initiative \u00e0 dur\u00e9e limit\u00e9e visant \u00e0 aider les \u00e9coles \u00e0 r\u00e9duire leurs factures \u00e9nerg\u00e9tiques et \u00e0 am\u00e9liorer la qualit\u00e9 de leur \u00e9clairage.\" \/>\n<meta property=\"og:url\" content=\"https:\/\/efficiencymb.ca\/business\/business-lighting\/manitoba-schools-lighting-initiative-eoi-thanks\/\" \/>\n<meta property=\"og:site_name\" content=\"Efficiency Manitoba\" \/>\n<meta property=\"og:image\" content=\"https:\/\/efficiencymb.ca\/wp-content\/uploads\/Manitoba-Schools-Lighting-Initiative-Business-Lighting-Program-banner-GettyImages-967906804.jpg\" \/>\n\t<meta property=\"og:image:width\" content=\"2400\" \/>\n\t<meta property=\"og:image:height\" content=\"1350\" \/>\n\t<meta property=\"og:image:type\" content=\"image\/jpeg\" \/>\n<meta name=\"twitter:card\" content=\"summary_large_image\" \/>\n<meta name=\"twitter:label1\" content=\"Dur\u00e9e de lecture estim\u00e9e\" \/>\n\t<meta name=\"twitter:data1\" content=\"1 minute\" \/>\n<script type=\"application\/ld+json\" class=\"yoast-schema-graph\">{\"@context\":\"https:\\\/\\\/schema.org\",\"@graph\":[{\"@type\":\"WebPage\",\"@id\":\"https:\\\/\\\/efficiencymb.ca\\\/business\\\/business-lighting\\\/manitoba-schools-lighting-initiative-eoi-thanks\\\/\",\"url\":\"https:\\\/\\\/efficiencymb.ca\\\/business\\\/business-lighting\\\/manitoba-schools-lighting-initiative-eoi-thanks\\\/\",\"name\":\"INITIATIVE D\u2019\u00c9CLAIRAGE DES \u00c9COLES DU MANITOBA &#8212; Efficiency Manitoba\",\"isPartOf\":{\"@id\":\"https:\\\/\\\/efficiencymb.ca\\\/#website\"},\"primaryImageOfPage\":{\"@id\":\"https:\\\/\\\/efficiencymb.ca\\\/business\\\/business-lighting\\\/manitoba-schools-lighting-initiative-eoi-thanks\\\/#primaryimage\"},\"image\":{\"@id\":\"https:\\\/\\\/efficiencymb.ca\\\/business\\\/business-lighting\\\/manitoba-schools-lighting-initiative-eoi-thanks\\\/#primaryimage\"},\"thumbnailUrl\":\"https:\\\/\\\/efficiencymb.ca\\\/wp-content\\\/uploads\\\/Manitoba-Schools-Lighting-Initiative-Business-Lighting-Program-banner-GettyImages-967906804.jpg\",\"datePublished\":\"2026-02-13T15:00:00+00:00\",\"description\":\"L\u2019Initiative d\u2019\u00e9clairage des \u00e9coles du Manitoba est une initiative \u00e0 dur\u00e9e limit\u00e9e visant \u00e0 aider les \u00e9coles \u00e0 r\u00e9duire leurs factures \u00e9nerg\u00e9tiques et \u00e0 am\u00e9liorer la qualit\u00e9 de leur \u00e9clairage.\",\"breadcrumb\":{\"@id\":\"https:\\\/\\\/efficiencymb.ca\\\/business\\\/business-lighting\\\/manitoba-schools-lighting-initiative-eoi-thanks\\\/#breadcrumb\"},\"inLanguage\":\"fr-FR\",\"potentialAction\":[{\"@type\":\"ReadAction\",\"target\":[\"https:\\\/\\\/efficiencymb.ca\\\/business\\\/business-lighting\\\/manitoba-schools-lighting-initiative-eoi-thanks\\\/\"]}]},{\"@type\":\"ImageObject\",\"inLanguage\":\"fr-FR\",\"@id\":\"https:\\\/\\\/efficiencymb.ca\\\/business\\\/business-lighting\\\/manitoba-schools-lighting-initiative-eoi-thanks\\\/#primaryimage\",\"url\":\"https:\\\/\\\/efficiencymb.ca\\\/wp-content\\\/uploads\\\/Manitoba-Schools-Lighting-Initiative-Business-Lighting-Program-banner-GettyImages-967906804.jpg\",\"contentUrl\":\"https:\\\/\\\/efficiencymb.ca\\\/wp-content\\\/uploads\\\/Manitoba-Schools-Lighting-Initiative-Business-Lighting-Program-banner-GettyImages-967906804.jpg\",\"width\":2400,\"height\":1350},{\"@type\":\"BreadcrumbList\",\"@id\":\"https:\\\/\\\/efficiencymb.ca\\\/business\\\/business-lighting\\\/manitoba-schools-lighting-initiative-eoi-thanks\\\/#breadcrumb\",\"itemListElement\":[{\"@type\":\"ListItem\",\"position\":1,\"name\":\"Home\",\"item\":\"https:\\\/\\\/efficiencymb.ca\\\/fr\\\/\"},{\"@type\":\"ListItem\",\"position\":2,\"name\":\"MON ENTREPRISE\",\"item\":\"https:\\\/\\\/efficiencymb.ca\\\/fr\\\/business\\\/\"},{\"@type\":\"ListItem\",\"position\":3,\"name\":\"Programme d&#8217;\u00e9clairage pour enterprises\",\"item\":\"https:\\\/\\\/efficiencymb.ca\\\/fr\\\/business\\\/programme-d-eclairage-commercial\\\/\"},{\"@type\":\"ListItem\",\"position\":4,\"name\":\"INITIATIVE D\u2019\u00c9CLAIRAGE DES \u00c9COLES DU MANITOBA\"}]},{\"@type\":\"WebSite\",\"@id\":\"https:\\\/\\\/efficiencymb.ca\\\/#website\",\"url\":\"https:\\\/\\\/efficiencymb.ca\\\/\",\"name\":\"Efficiency Manitoba\",\"description\":\"\",\"publisher\":{\"@id\":\"https:\\\/\\\/efficiencymb.ca\\\/#organization\"},\"potentialAction\":[{\"@type\":\"SearchAction\",\"target\":{\"@type\":\"EntryPoint\",\"urlTemplate\":\"https:\\\/\\\/efficiencymb.ca\\\/?s={search_term_string}\"},\"query-input\":{\"@type\":\"PropertyValueSpecification\",\"valueRequired\":true,\"valueName\":\"search_term_string\"}}],\"inLanguage\":\"fr-FR\"},{\"@type\":\"Organization\",\"@id\":\"https:\\\/\\\/efficiencymb.ca\\\/#organization\",\"name\":\"Efficiency Manitoba\",\"url\":\"https:\\\/\\\/efficiencymb.ca\\\/\",\"logo\":{\"@type\":\"ImageObject\",\"inLanguage\":\"fr-FR\",\"@id\":\"https:\\\/\\\/efficiencymb.ca\\\/#\\\/schema\\\/logo\\\/image\\\/\",\"url\":\"https:\\\/\\\/efficiencymb.ca\\\/wp-content\\\/uploads\\\/em-logo-white-en.png\",\"contentUrl\":\"https:\\\/\\\/efficiencymb.ca\\\/wp-content\\\/uploads\\\/em-logo-white-en.png\",\"width\":388,\"height\":91,\"caption\":\"Efficiency Manitoba\"},\"image\":{\"@id\":\"https:\\\/\\\/efficiencymb.ca\\\/#\\\/schema\\\/logo\\\/image\\\/\"}}]}<\/script>\n<!-- \/ Yoast SEO plugin. -->","yoast_head_json":{"title":"INITIATIVE D\u2019\u00c9CLAIRAGE DES \u00c9COLES DU MANITOBA &#8212; Efficiency Manitoba","description":"L\u2019Initiative d\u2019\u00e9clairage des \u00e9coles du Manitoba est une initiative \u00e0 dur\u00e9e limit\u00e9e visant \u00e0 aider les \u00e9coles \u00e0 r\u00e9duire leurs factures \u00e9nerg\u00e9tiques et \u00e0 am\u00e9liorer la qualit\u00e9 de leur \u00e9clairage.","robots":{"index":"index","follow":"follow","max-snippet":"max-snippet:-1","max-image-preview":"max-image-preview:large","max-video-preview":"max-video-preview:-1"},"canonical":"https:\/\/efficiencymb.ca\/business\/business-lighting\/manitoba-schools-lighting-initiative-eoi-thanks\/","og_locale":"fr_FR","og_type":"article","og_title":"INITIATIVE D\u2019\u00c9CLAIRAGE DES \u00c9COLES DU MANITOBA &#8212; Efficiency Manitoba","og_description":"L\u2019Initiative d\u2019\u00e9clairage des \u00e9coles du Manitoba est une initiative \u00e0 dur\u00e9e limit\u00e9e visant \u00e0 aider les \u00e9coles \u00e0 r\u00e9duire leurs factures \u00e9nerg\u00e9tiques et \u00e0 am\u00e9liorer la qualit\u00e9 de leur \u00e9clairage.","og_url":"https:\/\/efficiencymb.ca\/business\/business-lighting\/manitoba-schools-lighting-initiative-eoi-thanks\/","og_site_name":"Efficiency Manitoba","og_image":[{"width":2400,"height":1350,"url":"https:\/\/efficiencymb.ca\/wp-content\/uploads\/Manitoba-Schools-Lighting-Initiative-Business-Lighting-Program-banner-GettyImages-967906804.jpg","type":"image\/jpeg"}],"twitter_card":"summary_large_image","twitter_misc":{"Dur\u00e9e de lecture estim\u00e9e":"1 minute"},"schema":{"@context":"https:\/\/schema.org","@graph":[{"@type":"WebPage","@id":"https:\/\/efficiencymb.ca\/business\/business-lighting\/manitoba-schools-lighting-initiative-eoi-thanks\/","url":"https:\/\/efficiencymb.ca\/business\/business-lighting\/manitoba-schools-lighting-initiative-eoi-thanks\/","name":"INITIATIVE D\u2019\u00c9CLAIRAGE DES \u00c9COLES DU MANITOBA &#8212; Efficiency Manitoba","isPartOf":{"@id":"https:\/\/efficiencymb.ca\/#website"},"primaryImageOfPage":{"@id":"https:\/\/efficiencymb.ca\/business\/business-lighting\/manitoba-schools-lighting-initiative-eoi-thanks\/#primaryimage"},"image":{"@id":"https:\/\/efficiencymb.ca\/business\/business-lighting\/manitoba-schools-lighting-initiative-eoi-thanks\/#primaryimage"},"thumbnailUrl":"https:\/\/efficiencymb.ca\/wp-content\/uploads\/Manitoba-Schools-Lighting-Initiative-Business-Lighting-Program-banner-GettyImages-967906804.jpg","datePublished":"2026-02-13T15:00:00+00:00","description":"L\u2019Initiative d\u2019\u00e9clairage des \u00e9coles du Manitoba est une initiative \u00e0 dur\u00e9e limit\u00e9e visant \u00e0 aider les \u00e9coles \u00e0 r\u00e9duire leurs factures \u00e9nerg\u00e9tiques et \u00e0 am\u00e9liorer la qualit\u00e9 de leur \u00e9clairage.","breadcrumb":{"@id":"https:\/\/efficiencymb.ca\/business\/business-lighting\/manitoba-schools-lighting-initiative-eoi-thanks\/#breadcrumb"},"inLanguage":"fr-FR","potentialAction":[{"@type":"ReadAction","target":["https:\/\/efficiencymb.ca\/business\/business-lighting\/manitoba-schools-lighting-initiative-eoi-thanks\/"]}]},{"@type":"ImageObject","inLanguage":"fr-FR","@id":"https:\/\/efficiencymb.ca\/business\/business-lighting\/manitoba-schools-lighting-initiative-eoi-thanks\/#primaryimage","url":"https:\/\/efficiencymb.ca\/wp-content\/uploads\/Manitoba-Schools-Lighting-Initiative-Business-Lighting-Program-banner-GettyImages-967906804.jpg","contentUrl":"https:\/\/efficiencymb.ca\/wp-content\/uploads\/Manitoba-Schools-Lighting-Initiative-Business-Lighting-Program-banner-GettyImages-967906804.jpg","width":2400,"height":1350},{"@type":"BreadcrumbList","@id":"https:\/\/efficiencymb.ca\/business\/business-lighting\/manitoba-schools-lighting-initiative-eoi-thanks\/#breadcrumb","itemListElement":[{"@type":"ListItem","position":1,"name":"Home","item":"https:\/\/efficiencymb.ca\/fr\/"},{"@type":"ListItem","position":2,"name":"MON ENTREPRISE","item":"https:\/\/efficiencymb.ca\/fr\/business\/"},{"@type":"ListItem","position":3,"name":"Programme d&#8217;\u00e9clairage pour enterprises","item":"https:\/\/efficiencymb.ca\/fr\/business\/programme-d-eclairage-commercial\/"},{"@type":"ListItem","position":4,"name":"INITIATIVE D\u2019\u00c9CLAIRAGE DES \u00c9COLES DU MANITOBA"}]},{"@type":"WebSite","@id":"https:\/\/efficiencymb.ca\/#website","url":"https:\/\/efficiencymb.ca\/","name":"Efficiency Manitoba","description":"","publisher":{"@id":"https:\/\/efficiencymb.ca\/#organization"},"potentialAction":[{"@type":"SearchAction","target":{"@type":"EntryPoint","urlTemplate":"https:\/\/efficiencymb.ca\/?s={search_term_string}"},"query-input":{"@type":"PropertyValueSpecification","valueRequired":true,"valueName":"search_term_string"}}],"inLanguage":"fr-FR"},{"@type":"Organization","@id":"https:\/\/efficiencymb.ca\/#organization","name":"Efficiency Manitoba","url":"https:\/\/efficiencymb.ca\/","logo":{"@type":"ImageObject","inLanguage":"fr-FR","@id":"https:\/\/efficiencymb.ca\/#\/schema\/logo\/image\/","url":"https:\/\/efficiencymb.ca\/wp-content\/uploads\/em-logo-white-en.png","contentUrl":"https:\/\/efficiencymb.ca\/wp-content\/uploads\/em-logo-white-en.png","width":388,"height":91,"caption":"Efficiency Manitoba"},"image":{"@id":"https:\/\/efficiencymb.ca\/#\/schema\/logo\/image\/"}}]}},"_links":{"self":[{"href":"https:\/\/efficiencymb.ca\/fr\/wp-json\/wp\/v2\/pages\/85073","targetHints":{"allow":["GET"]}}],"collection":[{"href":"https:\/\/efficiencymb.ca\/fr\/wp-json\/wp\/v2\/pages"}],"about":[{"href":"https:\/\/efficiencymb.ca\/fr\/wp-json\/wp\/v2\/types\/page"}],"author":[{"embeddable":true,"href":"https:\/\/efficiencymb.ca\/fr\/wp-json\/wp\/v2\/users\/10"}],"replies":[{"embeddable":true,"href":"https:\/\/efficiencymb.ca\/fr\/wp-json\/wp\/v2\/comments?post=85073"}],"version-history":[{"count":3,"href":"https:\/\/efficiencymb.ca\/fr\/wp-json\/wp\/v2\/pages\/85073\/revisions"}],"predecessor-version":[{"id":85578,"href":"https:\/\/efficiencymb.ca\/fr\/wp-json\/wp\/v2\/pages\/85073\/revisions\/85578"}],"up":[{"embeddable":true,"href":"https:\/\/efficiencymb.ca\/fr\/wp-json\/wp\/v2\/pages\/13237"}],"wp:featuredmedia":[{"embeddable":true,"href":"https:\/\/efficiencymb.ca\/fr\/wp-json\/wp\/v2\/media\/85375"}],"wp:attachment":[{"href":"https:\/\/efficiencymb.ca\/fr\/wp-json\/wp\/v2\/media?parent=85073"}],"curies":[{"name":"wp","href":"https:\/\/api.w.org\/{rel}","templated":true}]}}