{"id":85035,"date":"2026-02-13T09:00:00","date_gmt":"2026-02-13T15:00:00","guid":{"rendered":"https:\/\/efficiencymb.ca\/?page_id=85035"},"modified":"2026-03-05T07:47:07","modified_gmt":"2026-03-05T13:47:07","slug":"initiative-eclairage-ecoles-manitoba","status":"publish","type":"page","link":"https:\/\/efficiencymb.ca\/fr\/business\/programme-d-eclairage-commercial\/initiative-eclairage-ecoles-manitoba\/","title":{"rendered":"INITIATIVE D\u2019\u00c9CLAIRAGE DES \u00c9COLES DU MANITOBA"},"content":{"rendered":"\n<div class=\"wp-block-group is-style-content-wide\"><div class=\"wp-block-group__inner-container is-layout-flow wp-block-group-is-layout-flow\">\n<h1 class=\"wp-block-heading has-text-align-center is-style-hero-heading\">D\u00c9CLARATION D\u2019INT\u00c9R\u00caT<\/h1>\n\n\n\n<p class=\"has-text-align-center has-medium-font-size\">L\u2019Initiative d\u2019\u00e9clairage des \u00e9coles du Manitoba est une nouvelle offre \u00e0 dur\u00e9e limit\u00e9e visant \u00e0 aider les \u00e9coles de la province qui accueillent des \u00e9l\u00e8ves de la maternelle \u00e0 la 12<sup>e<\/sup> ann\u00e9e \u00e0 consommer moins d\u2019\u00e9nergie, \u00e0 r\u00e9duire leurs factures \u00e9nerg\u00e9tiques et \u00e0 am\u00e9liorer la qualit\u00e9 de leur \u00e9clairage. Gr\u00e2ce \u00e0 cette initiative, les \u00e9coles du Manitoba, y compris celles des collectivit\u00e9s urbaines, rurales et nordiques ainsi que des communaut\u00e9s des Premi\u00e8res Nations, peuvent pr\u00e9senter une demande pour recevoir du financement couvrant jusqu\u2019\u00e0 100&nbsp;% des co\u00fbts admissibles de l\u2019\u00e9clairage \u00e0 DEL, des commandes d\u2019\u00e9clairage et de la main-d\u2019\u0153uvre connexe pour apporter des am\u00e9liorations \u00e9co\u00e9nerg\u00e9tiques en mati\u00e8re d\u2019\u00e9clairage.<\/p>\n\n\n\n<p class=\"has-text-align-center has-medium-font-size\">Du 13 f\u00e9vrier au 13 avril 2026, nous accepterons les d\u00e9clarations d\u2019int\u00e9r\u00eat (DI) de demandeurs admissibles. Les projets retenus seront communiqu\u00e9s d\u2019ici le 15 mai 2026. Les \u00e9coles s\u00e9lectionn\u00e9es seront invit\u00e9es \u00e0 soumettre une demande compl\u00e8te.&nbsp;<\/p>\n\n\n\n<p class=\"has-text-align-center has-medium-font-size\">Les projets approuv\u00e9s seront administr\u00e9s par l\u2019entremise de notre <a href=\"https:\/\/efficiencymb.ca\/fr\/business\/programme-d-eclairage-commercial\/\" target=\"_blank\" rel=\"noreferrer noopener\">Programme d\u2019\u00e9clairage pour entreprises<\/a>. Un incitatif suppl\u00e9mentaire sera offert par l\u2019Initiative d\u2019\u00e9clairage des \u00e9coles du Manitoba. Les \u00e9coles doivent recevoir une approbation officielle de notre part avant d\u2019acheter le mat\u00e9riel ou de commencer les travaux.<\/p>\n\n\n\n<h2 class=\"wp-block-heading has-text-align-center is-style-hero-heading\">PRINCIPAUX FAITS<\/h2>\n\n\n\n<h3 class=\"wp-block-heading is-style-hero-heading-grey\"><strong>PROJETS ADMISSIBLES<\/strong><\/h3>\n\n\n\n<p class=\"has-medium-font-size\">Les \u00e9coles du Manitoba accueillant des \u00e9l\u00e8ves de la maternelle \u00e0 la 12<sup>e<\/sup>&nbsp;ann\u00e9e qui d\u00e9sirent apporter des am\u00e9liorations \u00e9co\u00e9nerg\u00e9tiques \u00e0 leur \u00e9clairage gr\u00e2ce au Programme d\u2019\u00e9clairage pour entreprises sont admissibles. Les projets doivent inclure l\u2019installation de commandes d\u2019\u00e9clairage qui respectent la version actuelle du Code de l\u2019\u00e9nergie pour les b\u00e2timents du Manitoba (CEBM), en plus de pr\u00e9voir le remplacement de l\u2019\u00e9quipement inefficace par un \u00e9clairage \u00e0 DEL admissible.<\/p>\n\n\n\n<h3 class=\"wp-block-heading is-style-hero-heading-grey\"><strong>DEMANDEURS ADMISSIBLES<\/strong><\/h3>\n\n\n\n<p class=\"has-medium-font-size\">Les d\u00e9clarations d\u2019int\u00e9r\u00eat peuvent \u00eatre soumises par le repr\u00e9sentant d\u00e9sign\u00e9 de la division scolaire ou de l\u2019\u00e9cole, ou par un fournisseur pour le compte de l\u2019\u00e9cole.<\/p>\n\n\n\n<h3 class=\"wp-block-heading is-style-hero-heading-grey\"><strong>OFFRES DE FINANCEMENT<\/strong><\/h3>\n\n\n\n<p class=\"has-medium-font-size\">Nous couvrirons jusqu\u2019\u00e0 100 % des co\u00fbts raisonnables de l\u2019\u00e9clairage \u00e0 DEL, des commandes d\u2019\u00e9clairage et de la main-d\u2019\u0153uvre.<\/p>\n\n\n\n<h3 class=\"wp-block-heading is-style-hero-heading-grey\">Processus de demande<\/h3>\n\n\n\n<ol style=\"list-style-type:1\" class=\"wp-block-list has-medium-font-size\">\n<li>Lisez le <a href=\"https:\/\/efficiencymb.ca\/wp-content\/uploads\/Business_Lighting_Program_guide_FNL.pdf\" target=\"_blank\" rel=\"noreferrer noopener\">Guide du Programme d\u2019\u00e9clairage pour entreprises<\/a> (en anglais seulement) pour vous assurer que l\u2019\u00e9quipement d\u2019\u00e9clairage propos\u00e9 r\u00e9pond \u00e0 nos crit\u00e8res d\u2019admissibilit\u00e9.<\/li>\n\n\n\n<li><a href=\"https:\/\/efficiencymb.ca\/fr\/business\/programme-d-eclairage-commercial\/di-initiative-eclairage-ecoles-manitoba\/\" target=\"_blank\" rel=\"noreferrer noopener\">Soumettez la DI pendant<\/a> la p\u00e9riode de r\u00e9ception des demandes. Un devis de projet n\u2019est pas exig\u00e9 \u00e0 cette \u00e9tape-ci, mais peut \u00eatre soumis s\u2019il est disponible.<\/li>\n\n\n\n<li>Toutes les DI seront examin\u00e9es et \u00e9valu\u00e9es \u00e0 l\u2019aide d\u2019un syst\u00e8me de pointage appliqu\u00e9 \u00e0 tous les demandeurs.<\/li>\n\n\n\n<li>Les \u00e9coles choisies dans le cadre du processus de DI seront invit\u00e9es \u00e0 soumettre une demande au Programme d\u2019\u00e9clairage pour entreprises. &nbsp;<\/li>\n<\/ol>\n<\/div><\/div>\n\n\n<div class=\"theme-button wp-block-button aligncenter\">\r\n\t<a target=\"_blank\" class=\"wp-block-button__link has-background no-border-radius button cta button-large\" href=\"https:\/\/efficiencymb.ca\/fr\/business\/programme-d-eclairage-commercial\/di-initiative-eclairage-ecoles-manitoba\/\"><strong>PR\u00c9SENTEZ UNE DEMANDE<\/strong><br>D\u00c8S MAINTENANT<\/a>\r\n<\/div>\n\n\n<div style=\"height:50px\" aria-hidden=\"true\" class=\"wp-block-spacer\"><\/div>\n\n\n\n<div class=\"wp-block-group is-style-content-wide\"><div class=\"wp-block-group__inner-container is-layout-constrained wp-block-group-is-layout-constrained\">\n<p class=\"has-text-align-center has-medium-font-size\">Nous examinerons et \u00e9valuerons toutes les DI soumises au cours de la p\u00e9riode de r\u00e9ception des demandes. Nous choisirons les projets en fonction de facteurs comme la r\u00e9duction attendue de la consommation d\u2019\u00e9nergie, la quantit\u00e9 de lumi\u00e8res remplac\u00e9es, l\u2019\u00e9tat de pr\u00e9paration du projet, l\u2019inclusion de commandes d\u2019\u00e9clairage, la non-n\u00e9cessit\u00e9 d\u2019apporter des am\u00e9liorations \u00e0 de grandes infrastructures et la diversit\u00e9 r\u00e9gionale.<\/p>\n\n\n\n<p class=\"has-text-align-center has-medium-font-size\">Pour en savoir davantage sur notre Initiative d\u2019\u00e9clairage des \u00e9coles du Manitoba, consultez notre <a href=\"https:\/\/efficiencymb.ca\/fr\/business\/programme-d-eclairage-commercial\/faq-initiative-eclairage-ecoles-manitoba\/\" target=\"_blank\" rel=\"noreferrer noopener\">foire aux questions<\/a>.<\/p>\n<\/div><\/div>\n\n\n\n<figure class=\"wp-block-image size-full\"><img loading=\"lazy\" decoding=\"async\" width=\"2000\" height=\"400\" src=\"https:\/\/efficiencymb.ca\/wp-content\/uploads\/bg-bottom-only-blue-green@2x.png\" alt=\"\" class=\"wp-image-829\" srcset=\"https:\/\/efficiencymb.ca\/wp-content\/uploads\/bg-bottom-only-blue-green@2x.png 2000w, https:\/\/efficiencymb.ca\/wp-content\/uploads\/bg-bottom-only-blue-green@2x-479x96.png 479w, https:\/\/efficiencymb.ca\/wp-content\/uploads\/bg-bottom-only-blue-green@2x-1024x205.png 1024w, https:\/\/efficiencymb.ca\/wp-content\/uploads\/bg-bottom-only-blue-green@2x-768x154.png 768w, https:\/\/efficiencymb.ca\/wp-content\/uploads\/bg-bottom-only-blue-green@2x-1536x307.png 1536w\" sizes=\"auto, (max-width: 2000px) 100vw, 2000px\" \/><\/figure>\n","protected":false},"excerpt":{"rendered":"<p>L\u2019Initiative d\u2019\u00e9clairage des \u00e9coles du Manitoba est une initiative \u00e0 dur\u00e9e limit\u00e9e visant \u00e0 aider les \u00e9coles \u00e0 r\u00e9duire leurs factures \u00e9nerg\u00e9tiques et \u00e0 am\u00e9liorer la qualit\u00e9 de leur \u00e9clairage.<\/p>\n","protected":false},"author":10,"featured_media":85375,"parent":13237,"menu_order":0,"comment_status":"closed","ping_status":"closed","template":"","meta":{"_acf_changed":false,"footnotes":""},"class_list":["post-85035","page","type-page","status-publish","has-post-thumbnail","hentry"],"acf":[],"yoast_head":"<!-- This site is optimized with the Yoast SEO plugin v27.3 - https:\/\/yoast.com\/product\/yoast-seo-wordpress\/ -->\n<title>INITIATIVE D\u2019\u00c9CLAIRAGE DES \u00c9COLES DU MANITOBA &#8212; Efficiency Manitoba<\/title>\n<meta name=\"description\" content=\"L\u2019Initiative d\u2019\u00e9clairage des patinoires communautaires est une initiative d\u2019une dur\u00e9e limit\u00e9e visant \u00e0 aider les collectivit\u00e9s de la province \u00e0 r\u00e9duire leurs factures \u00e9nerg\u00e9tiques et leurs co\u00fbts d\u2019exploitation.\" \/>\n<meta name=\"robots\" content=\"index, follow, max-snippet:-1, max-image-preview:large, max-video-preview:-1\" \/>\n<link rel=\"canonical\" href=\"https:\/\/efficiencymb.ca\/fr\/business\/programme-d-eclairage-commercial\/initiative-eclairage-ecoles-manitoba\/\" \/>\n<meta property=\"og:locale\" content=\"fr_FR\" \/>\n<meta property=\"og:type\" content=\"article\" \/>\n<meta property=\"og:title\" content=\"INITIATIVE D\u2019\u00c9CLAIRAGE DES \u00c9COLES DU MANITOBA &#8212; Efficiency Manitoba\" \/>\n<meta property=\"og:description\" content=\"L\u2019Initiative d\u2019\u00e9clairage des patinoires communautaires est une initiative d\u2019une dur\u00e9e limit\u00e9e visant \u00e0 aider les collectivit\u00e9s de la province \u00e0 r\u00e9duire leurs factures \u00e9nerg\u00e9tiques et leurs co\u00fbts d\u2019exploitation.\" \/>\n<meta property=\"og:url\" content=\"https:\/\/efficiencymb.ca\/fr\/business\/programme-d-eclairage-commercial\/initiative-eclairage-ecoles-manitoba\/\" \/>\n<meta property=\"og:site_name\" content=\"Efficiency Manitoba\" \/>\n<meta property=\"article:modified_time\" content=\"2026-03-05T13:47:07+00:00\" \/>\n<meta property=\"og:image\" content=\"https:\/\/efficiencymb.ca\/wp-content\/uploads\/Manitoba-Schools-Lighting-Initiative-Business-Lighting-Program-banner-GettyImages-967906804.jpg\" \/>\n\t<meta property=\"og:image:width\" content=\"2400\" \/>\n\t<meta property=\"og:image:height\" content=\"1350\" \/>\n\t<meta property=\"og:image:type\" content=\"image\/jpeg\" \/>\n<meta name=\"twitter:card\" content=\"summary_large_image\" \/>\n<meta name=\"twitter:label1\" content=\"Dur\u00e9e de lecture estim\u00e9e\" \/>\n\t<meta name=\"twitter:data1\" content=\"3 minutes\" \/>\n<script type=\"application\/ld+json\" class=\"yoast-schema-graph\">{\"@context\":\"https:\\\/\\\/schema.org\",\"@graph\":[{\"@type\":\"WebPage\",\"@id\":\"https:\\\/\\\/efficiencymb.ca\\\/fr\\\/business\\\/programme-d-eclairage-commercial\\\/initiative-eclairage-ecoles-manitoba\\\/\",\"url\":\"https:\\\/\\\/efficiencymb.ca\\\/fr\\\/business\\\/programme-d-eclairage-commercial\\\/initiative-eclairage-ecoles-manitoba\\\/\",\"name\":\"INITIATIVE D\u2019\u00c9CLAIRAGE DES \u00c9COLES DU MANITOBA &#8212; Efficiency Manitoba\",\"isPartOf\":{\"@id\":\"https:\\\/\\\/efficiencymb.ca\\\/#website\"},\"primaryImageOfPage\":{\"@id\":\"https:\\\/\\\/efficiencymb.ca\\\/fr\\\/business\\\/programme-d-eclairage-commercial\\\/initiative-eclairage-ecoles-manitoba\\\/#primaryimage\"},\"image\":{\"@id\":\"https:\\\/\\\/efficiencymb.ca\\\/fr\\\/business\\\/programme-d-eclairage-commercial\\\/initiative-eclairage-ecoles-manitoba\\\/#primaryimage\"},\"thumbnailUrl\":\"https:\\\/\\\/efficiencymb.ca\\\/wp-content\\\/uploads\\\/Manitoba-Schools-Lighting-Initiative-Business-Lighting-Program-banner-GettyImages-967906804.jpg\",\"datePublished\":\"2026-02-13T15:00:00+00:00\",\"dateModified\":\"2026-03-05T13:47:07+00:00\",\"description\":\"L\u2019Initiative d\u2019\u00e9clairage des patinoires communautaires est une initiative d\u2019une dur\u00e9e limit\u00e9e visant \u00e0 aider les collectivit\u00e9s de la province \u00e0 r\u00e9duire leurs factures \u00e9nerg\u00e9tiques et leurs co\u00fbts d\u2019exploitation.\",\"breadcrumb\":{\"@id\":\"https:\\\/\\\/efficiencymb.ca\\\/fr\\\/business\\\/programme-d-eclairage-commercial\\\/initiative-eclairage-ecoles-manitoba\\\/#breadcrumb\"},\"inLanguage\":\"fr-FR\",\"potentialAction\":[{\"@type\":\"ReadAction\",\"target\":[\"https:\\\/\\\/efficiencymb.ca\\\/fr\\\/business\\\/programme-d-eclairage-commercial\\\/initiative-eclairage-ecoles-manitoba\\\/\"]}]},{\"@type\":\"ImageObject\",\"inLanguage\":\"fr-FR\",\"@id\":\"https:\\\/\\\/efficiencymb.ca\\\/fr\\\/business\\\/programme-d-eclairage-commercial\\\/initiative-eclairage-ecoles-manitoba\\\/#primaryimage\",\"url\":\"https:\\\/\\\/efficiencymb.ca\\\/wp-content\\\/uploads\\\/Manitoba-Schools-Lighting-Initiative-Business-Lighting-Program-banner-GettyImages-967906804.jpg\",\"contentUrl\":\"https:\\\/\\\/efficiencymb.ca\\\/wp-content\\\/uploads\\\/Manitoba-Schools-Lighting-Initiative-Business-Lighting-Program-banner-GettyImages-967906804.jpg\",\"width\":2400,\"height\":1350},{\"@type\":\"BreadcrumbList\",\"@id\":\"https:\\\/\\\/efficiencymb.ca\\\/fr\\\/business\\\/programme-d-eclairage-commercial\\\/initiative-eclairage-ecoles-manitoba\\\/#breadcrumb\",\"itemListElement\":[{\"@type\":\"ListItem\",\"position\":1,\"name\":\"Home\",\"item\":\"https:\\\/\\\/efficiencymb.ca\\\/fr\\\/\"},{\"@type\":\"ListItem\",\"position\":2,\"name\":\"MON ENTREPRISE\",\"item\":\"https:\\\/\\\/efficiencymb.ca\\\/fr\\\/business\\\/\"},{\"@type\":\"ListItem\",\"position\":3,\"name\":\"Programme d&#8217;\u00e9clairage pour enterprises\",\"item\":\"https:\\\/\\\/efficiencymb.ca\\\/fr\\\/business\\\/programme-d-eclairage-commercial\\\/\"},{\"@type\":\"ListItem\",\"position\":4,\"name\":\"INITIATIVE D\u2019\u00c9CLAIRAGE DES \u00c9COLES DU MANITOBA\"}]},{\"@type\":\"WebSite\",\"@id\":\"https:\\\/\\\/efficiencymb.ca\\\/#website\",\"url\":\"https:\\\/\\\/efficiencymb.ca\\\/\",\"name\":\"Efficiency Manitoba\",\"description\":\"\",\"publisher\":{\"@id\":\"https:\\\/\\\/efficiencymb.ca\\\/#organization\"},\"potentialAction\":[{\"@type\":\"SearchAction\",\"target\":{\"@type\":\"EntryPoint\",\"urlTemplate\":\"https:\\\/\\\/efficiencymb.ca\\\/?s={search_term_string}\"},\"query-input\":{\"@type\":\"PropertyValueSpecification\",\"valueRequired\":true,\"valueName\":\"search_term_string\"}}],\"inLanguage\":\"fr-FR\"},{\"@type\":\"Organization\",\"@id\":\"https:\\\/\\\/efficiencymb.ca\\\/#organization\",\"name\":\"Efficiency Manitoba\",\"url\":\"https:\\\/\\\/efficiencymb.ca\\\/\",\"logo\":{\"@type\":\"ImageObject\",\"inLanguage\":\"fr-FR\",\"@id\":\"https:\\\/\\\/efficiencymb.ca\\\/#\\\/schema\\\/logo\\\/image\\\/\",\"url\":\"https:\\\/\\\/efficiencymb.ca\\\/wp-content\\\/uploads\\\/em-logo-white-en.png\",\"contentUrl\":\"https:\\\/\\\/efficiencymb.ca\\\/wp-content\\\/uploads\\\/em-logo-white-en.png\",\"width\":388,\"height\":91,\"caption\":\"Efficiency Manitoba\"},\"image\":{\"@id\":\"https:\\\/\\\/efficiencymb.ca\\\/#\\\/schema\\\/logo\\\/image\\\/\"}}]}<\/script>\n<!-- \/ Yoast SEO plugin. -->","yoast_head_json":{"title":"INITIATIVE D\u2019\u00c9CLAIRAGE DES \u00c9COLES DU MANITOBA &#8212; Efficiency Manitoba","description":"L\u2019Initiative d\u2019\u00e9clairage des patinoires communautaires est une initiative d\u2019une dur\u00e9e limit\u00e9e visant \u00e0 aider les collectivit\u00e9s de la province \u00e0 r\u00e9duire leurs factures \u00e9nerg\u00e9tiques et leurs co\u00fbts d\u2019exploitation.","robots":{"index":"index","follow":"follow","max-snippet":"max-snippet:-1","max-image-preview":"max-image-preview:large","max-video-preview":"max-video-preview:-1"},"canonical":"https:\/\/efficiencymb.ca\/fr\/business\/programme-d-eclairage-commercial\/initiative-eclairage-ecoles-manitoba\/","og_locale":"fr_FR","og_type":"article","og_title":"INITIATIVE D\u2019\u00c9CLAIRAGE DES \u00c9COLES DU MANITOBA &#8212; Efficiency Manitoba","og_description":"L\u2019Initiative d\u2019\u00e9clairage des patinoires communautaires est une initiative d\u2019une dur\u00e9e limit\u00e9e visant \u00e0 aider les collectivit\u00e9s de la province \u00e0 r\u00e9duire leurs factures \u00e9nerg\u00e9tiques et leurs co\u00fbts d\u2019exploitation.","og_url":"https:\/\/efficiencymb.ca\/fr\/business\/programme-d-eclairage-commercial\/initiative-eclairage-ecoles-manitoba\/","og_site_name":"Efficiency Manitoba","article_modified_time":"2026-03-05T13:47:07+00:00","og_image":[{"width":2400,"height":1350,"url":"https:\/\/efficiencymb.ca\/wp-content\/uploads\/Manitoba-Schools-Lighting-Initiative-Business-Lighting-Program-banner-GettyImages-967906804.jpg","type":"image\/jpeg"}],"twitter_card":"summary_large_image","twitter_misc":{"Dur\u00e9e de lecture estim\u00e9e":"3 minutes"},"schema":{"@context":"https:\/\/schema.org","@graph":[{"@type":"WebPage","@id":"https:\/\/efficiencymb.ca\/fr\/business\/programme-d-eclairage-commercial\/initiative-eclairage-ecoles-manitoba\/","url":"https:\/\/efficiencymb.ca\/fr\/business\/programme-d-eclairage-commercial\/initiative-eclairage-ecoles-manitoba\/","name":"INITIATIVE D\u2019\u00c9CLAIRAGE DES \u00c9COLES DU MANITOBA &#8212; Efficiency Manitoba","isPartOf":{"@id":"https:\/\/efficiencymb.ca\/#website"},"primaryImageOfPage":{"@id":"https:\/\/efficiencymb.ca\/fr\/business\/programme-d-eclairage-commercial\/initiative-eclairage-ecoles-manitoba\/#primaryimage"},"image":{"@id":"https:\/\/efficiencymb.ca\/fr\/business\/programme-d-eclairage-commercial\/initiative-eclairage-ecoles-manitoba\/#primaryimage"},"thumbnailUrl":"https:\/\/efficiencymb.ca\/wp-content\/uploads\/Manitoba-Schools-Lighting-Initiative-Business-Lighting-Program-banner-GettyImages-967906804.jpg","datePublished":"2026-02-13T15:00:00+00:00","dateModified":"2026-03-05T13:47:07+00:00","description":"L\u2019Initiative d\u2019\u00e9clairage des patinoires communautaires est une initiative d\u2019une dur\u00e9e limit\u00e9e visant \u00e0 aider les collectivit\u00e9s de la province \u00e0 r\u00e9duire leurs factures \u00e9nerg\u00e9tiques et leurs co\u00fbts d\u2019exploitation.","breadcrumb":{"@id":"https:\/\/efficiencymb.ca\/fr\/business\/programme-d-eclairage-commercial\/initiative-eclairage-ecoles-manitoba\/#breadcrumb"},"inLanguage":"fr-FR","potentialAction":[{"@type":"ReadAction","target":["https:\/\/efficiencymb.ca\/fr\/business\/programme-d-eclairage-commercial\/initiative-eclairage-ecoles-manitoba\/"]}]},{"@type":"ImageObject","inLanguage":"fr-FR","@id":"https:\/\/efficiencymb.ca\/fr\/business\/programme-d-eclairage-commercial\/initiative-eclairage-ecoles-manitoba\/#primaryimage","url":"https:\/\/efficiencymb.ca\/wp-content\/uploads\/Manitoba-Schools-Lighting-Initiative-Business-Lighting-Program-banner-GettyImages-967906804.jpg","contentUrl":"https:\/\/efficiencymb.ca\/wp-content\/uploads\/Manitoba-Schools-Lighting-Initiative-Business-Lighting-Program-banner-GettyImages-967906804.jpg","width":2400,"height":1350},{"@type":"BreadcrumbList","@id":"https:\/\/efficiencymb.ca\/fr\/business\/programme-d-eclairage-commercial\/initiative-eclairage-ecoles-manitoba\/#breadcrumb","itemListElement":[{"@type":"ListItem","position":1,"name":"Home","item":"https:\/\/efficiencymb.ca\/fr\/"},{"@type":"ListItem","position":2,"name":"MON ENTREPRISE","item":"https:\/\/efficiencymb.ca\/fr\/business\/"},{"@type":"ListItem","position":3,"name":"Programme d&#8217;\u00e9clairage pour enterprises","item":"https:\/\/efficiencymb.ca\/fr\/business\/programme-d-eclairage-commercial\/"},{"@type":"ListItem","position":4,"name":"INITIATIVE D\u2019\u00c9CLAIRAGE DES \u00c9COLES DU MANITOBA"}]},{"@type":"WebSite","@id":"https:\/\/efficiencymb.ca\/#website","url":"https:\/\/efficiencymb.ca\/","name":"Efficiency Manitoba","description":"","publisher":{"@id":"https:\/\/efficiencymb.ca\/#organization"},"potentialAction":[{"@type":"SearchAction","target":{"@type":"EntryPoint","urlTemplate":"https:\/\/efficiencymb.ca\/?s={search_term_string}"},"query-input":{"@type":"PropertyValueSpecification","valueRequired":true,"valueName":"search_term_string"}}],"inLanguage":"fr-FR"},{"@type":"Organization","@id":"https:\/\/efficiencymb.ca\/#organization","name":"Efficiency Manitoba","url":"https:\/\/efficiencymb.ca\/","logo":{"@type":"ImageObject","inLanguage":"fr-FR","@id":"https:\/\/efficiencymb.ca\/#\/schema\/logo\/image\/","url":"https:\/\/efficiencymb.ca\/wp-content\/uploads\/em-logo-white-en.png","contentUrl":"https:\/\/efficiencymb.ca\/wp-content\/uploads\/em-logo-white-en.png","width":388,"height":91,"caption":"Efficiency Manitoba"},"image":{"@id":"https:\/\/efficiencymb.ca\/#\/schema\/logo\/image\/"}}]}},"_links":{"self":[{"href":"https:\/\/efficiencymb.ca\/fr\/wp-json\/wp\/v2\/pages\/85035","targetHints":{"allow":["GET"]}}],"collection":[{"href":"https:\/\/efficiencymb.ca\/fr\/wp-json\/wp\/v2\/pages"}],"about":[{"href":"https:\/\/efficiencymb.ca\/fr\/wp-json\/wp\/v2\/types\/page"}],"author":[{"embeddable":true,"href":"https:\/\/efficiencymb.ca\/fr\/wp-json\/wp\/v2\/users\/10"}],"replies":[{"embeddable":true,"href":"https:\/\/efficiencymb.ca\/fr\/wp-json\/wp\/v2\/comments?post=85035"}],"version-history":[{"count":10,"href":"https:\/\/efficiencymb.ca\/fr\/wp-json\/wp\/v2\/pages\/85035\/revisions"}],"predecessor-version":[{"id":86215,"href":"https:\/\/efficiencymb.ca\/fr\/wp-json\/wp\/v2\/pages\/85035\/revisions\/86215"}],"up":[{"embeddable":true,"href":"https:\/\/efficiencymb.ca\/fr\/wp-json\/wp\/v2\/pages\/13237"}],"wp:featuredmedia":[{"embeddable":true,"href":"https:\/\/efficiencymb.ca\/fr\/wp-json\/wp\/v2\/media\/85375"}],"wp:attachment":[{"href":"https:\/\/efficiencymb.ca\/fr\/wp-json\/wp\/v2\/media?parent=85035"}],"curies":[{"name":"wp","href":"https:\/\/api.w.org\/{rel}","templated":true}]}}