{"id":83171,"date":"2025-11-18T14:11:30","date_gmt":"2025-11-18T20:11:30","guid":{"rendered":"https:\/\/efficiencymb.ca\/?page_id=83171"},"modified":"2025-11-18T14:11:34","modified_gmt":"2025-11-18T20:11:34","slug":"examen-virtuel-vous-etes-desabonne","status":"publish","type":"page","link":"https:\/\/efficiencymb.ca\/fr\/examen-virtuel-vous-etes-desabonne\/","title":{"rendered":"Examen Virtuel De La Consommation D\u2019\u00e9nergie"},"content":{"rendered":"\n<div class=\"wp-block-group is-style-content-wide\"><div class=\"wp-block-group__inner-container is-layout-flow wp-block-group-is-layout-flow\">\n<h2 class=\"wp-block-heading has-text-align-center is-style-hero-heading-grey\">VOUS \u00caTES D\u00c9SABONN\u00c9(E)<\/h2>\n\n\n\n<p class=\"has-text-align-center has-medium-font-size\">Vous vous \u00eates d\u00e9sabonn\u00e9(e) des communications transmises par courriel concernant l\u2019examen virtuel de la consommation d\u2019\u00e9nergie.<\/p>\n\n\n\n<h2 class=\"wp-block-heading has-text-align-center is-style-hero-heading-grey\">D\u2019autres moyens d\u2019\u00e9conomiser<\/h2>\n\n\n\n<p class=\"has-text-align-center has-medium-font-size\">Nous n\u2019offrirons plus notre outil d\u2019examen virtuel de la consommation d\u2019\u00e9nergie, mais nous demeurons engag\u00e9s \u00e0 aider la population manitobaine \u00e0 \u00e9conomiser de l\u2019argent et de l\u2019\u00e9nergie. Nous proposons une gamme de programmes et de remises pour vous aider \u00e0 r\u00e9duire votre consommation d\u2019\u00e9nergie et \u00e0 \u00e9conomiser de l\u2019argent. Si vous ne savez pas par o\u00f9 commencer, <a href=\"https:\/\/efficiencymb.ca\/fr\/ma-maison\/passons-a-laction\/\" target=\"_blank\" rel=\"noreferrer noopener\">nous pouvons vous aider<\/a>!<\/p>\n\n\n<div class=\"wp-block-image\">\n<figure class=\"aligncenter size-medium\"><a href=\"https:\/\/efficiencymb.ca\/fr\/ma-maison\/passons-a-laction\/\" target=\"_blank\" rel=\" noreferrer noopener\"><img loading=\"lazy\" decoding=\"async\" width=\"350\" height=\"269\" src=\"https:\/\/efficiencymb.ca\/wp-content\/uploads\/couple-looking-at-laptop-in-kitchen-at-home-GettyImages-504274084-350x269.jpg\" alt=\"Couple \u00e0 la maison sur un portable\" class=\"wp-image-22700\" srcset=\"https:\/\/efficiencymb.ca\/wp-content\/uploads\/couple-looking-at-laptop-in-kitchen-at-home-GettyImages-504274084-350x269.jpg 350w, https:\/\/efficiencymb.ca\/wp-content\/uploads\/couple-looking-at-laptop-in-kitchen-at-home-GettyImages-504274084-1024x787.jpg 1024w, https:\/\/efficiencymb.ca\/wp-content\/uploads\/couple-looking-at-laptop-in-kitchen-at-home-GettyImages-504274084-768x590.jpg 768w, https:\/\/efficiencymb.ca\/wp-content\/uploads\/couple-looking-at-laptop-in-kitchen-at-home-GettyImages-504274084-1536x1181.jpg 1536w, https:\/\/efficiencymb.ca\/wp-content\/uploads\/couple-looking-at-laptop-in-kitchen-at-home-GettyImages-504274084-2048x1574.jpg 2048w\" sizes=\"auto, (max-width: 350px) 100vw, 350px\" \/><\/a><\/figure>\n<\/div>\n\n\n<h2 class=\"wp-block-heading has-text-align-center is-style-hero-heading-grey\"><a href=\"https:\/\/efficiencymb.ca\/fr\/ma-maison\/passons-a-laction\/\" target=\"_blank\" rel=\"noreferrer noopener\">PASSONS \u00c0 L\u2019ACTION<\/a><\/h2>\n\n\n\n<p class=\"has-text-align-center has-medium-font-size\">Vous souhaitez am\u00e9liorer l\u2019efficacit\u00e9 \u00e9nerg\u00e9tique de votre maison, mais vous ne savez pas par o\u00f9 commencer? Nous pouvons vous aider! Comprendre comment votre maison consomme de l\u2019\u00e9nergie est un excellent premier pas vers la cr\u00e9ation d\u2019une maison \u00e9co\u00e9nerg\u00e9tique.<\/p>\n<\/div><\/div>\n\n\n<div class=\"theme-button wp-block-button aligncenter\">\r\n\t<a target=\"_blank\" class=\"wp-block-button__link has-background no-border-radius button cta button-large\" href=\"https:\/\/efficiencymb.ca\/fr\/ma-maison\/passons-a-laction\/\"><strong>PASSER \u00c0 L&rsquo;ACTION<\/strong><\/a>\r\n<\/div>\n\n<div class=\"wp-block-image\">\n<figure class=\"aligncenter size-full\"><img loading=\"lazy\" decoding=\"async\" width=\"2000\" height=\"400\" src=\"https:\/\/efficiencymb.ca\/wp-content\/uploads\/bg-bottom-only-blue-green@2x.png\" alt=\"\" class=\"wp-image-829\" srcset=\"https:\/\/efficiencymb.ca\/wp-content\/uploads\/bg-bottom-only-blue-green@2x.png 2000w, https:\/\/efficiencymb.ca\/wp-content\/uploads\/bg-bottom-only-blue-green@2x-479x96.png 479w, https:\/\/efficiencymb.ca\/wp-content\/uploads\/bg-bottom-only-blue-green@2x-1024x205.png 1024w, https:\/\/efficiencymb.ca\/wp-content\/uploads\/bg-bottom-only-blue-green@2x-768x154.png 768w, https:\/\/efficiencymb.ca\/wp-content\/uploads\/bg-bottom-only-blue-green@2x-1536x307.png 1536w\" sizes=\"auto, (max-width: 2000px) 100vw, 2000px\" \/><\/figure>\n<\/div>","protected":false},"excerpt":{"rendered":"<p>Vous vous \u00eates d\u00e9sabonn\u00e9(e) des communications transmises par courriel concernant l\u2019examen virtuel de la consommation d\u2019\u00e9nergie.<\/p>\n","protected":false},"author":10,"featured_media":10679,"parent":0,"menu_order":0,"comment_status":"closed","ping_status":"closed","template":"","meta":{"_acf_changed":false,"footnotes":""},"class_list":["post-83171","page","type-page","status-publish","has-post-thumbnail","hentry","page_cat-exclude-algolia-search"],"acf":[],"yoast_head":"<!-- This site is optimized with the Yoast SEO plugin v27.3 - https:\/\/yoast.com\/product\/yoast-seo-wordpress\/ -->\n<title>Examen Virtuel De La Consommation D\u2019\u00e9nergie &#8212; Efficiency Manitoba<\/title>\n<meta name=\"description\" content=\"Vous vous \u00eates d\u00e9sabonn\u00e9(e) des communications transmises par courriel concernant l\u2019examen virtuel de la consommation d\u2019\u00e9nergie.\" \/>\n<meta name=\"robots\" content=\"index, follow, max-snippet:-1, max-image-preview:large, max-video-preview:-1\" \/>\n<link rel=\"canonical\" href=\"https:\/\/efficiencymb.ca\/fr\/examen-virtuel-vous-etes-desabonne\/\" \/>\n<meta property=\"og:locale\" content=\"fr_FR\" \/>\n<meta property=\"og:type\" content=\"article\" \/>\n<meta property=\"og:title\" content=\"Examen Virtuel De La Consommation D\u2019\u00e9nergie &#8212; Efficiency Manitoba\" \/>\n<meta property=\"og:description\" content=\"Vous vous \u00eates d\u00e9sabonn\u00e9(e) des communications transmises par courriel concernant l\u2019examen virtuel de la consommation d\u2019\u00e9nergie.\" \/>\n<meta property=\"og:url\" content=\"https:\/\/efficiencymb.ca\/fr\/examen-virtuel-vous-etes-desabonne\/\" \/>\n<meta property=\"og:site_name\" content=\"Efficiency Manitoba\" \/>\n<meta property=\"article:modified_time\" content=\"2025-11-18T20:11:34+00:00\" \/>\n<meta property=\"og:image\" content=\"https:\/\/efficiencymb.ca\/wp-content\/uploads\/Efficiency-Manitoba-Virtual-Energy-Review.jpeg\" \/>\n\t<meta property=\"og:image:width\" content=\"2400\" \/>\n\t<meta property=\"og:image:height\" content=\"1350\" \/>\n\t<meta property=\"og:image:type\" content=\"image\/jpeg\" \/>\n<meta name=\"twitter:card\" content=\"summary_large_image\" \/>\n<meta name=\"twitter:label1\" content=\"Dur\u00e9e de lecture estim\u00e9e\" \/>\n\t<meta name=\"twitter:data1\" content=\"2 minutes\" \/>\n<script type=\"application\/ld+json\" class=\"yoast-schema-graph\">{\"@context\":\"https:\\\/\\\/schema.org\",\"@graph\":[{\"@type\":\"WebPage\",\"@id\":\"https:\\\/\\\/efficiencymb.ca\\\/fr\\\/examen-virtuel-vous-etes-desabonne\\\/\",\"url\":\"https:\\\/\\\/efficiencymb.ca\\\/fr\\\/examen-virtuel-vous-etes-desabonne\\\/\",\"name\":\"Examen Virtuel De La Consommation D\u2019\u00e9nergie &#8212; Efficiency Manitoba\",\"isPartOf\":{\"@id\":\"https:\\\/\\\/efficiencymb.ca\\\/#website\"},\"primaryImageOfPage\":{\"@id\":\"https:\\\/\\\/efficiencymb.ca\\\/fr\\\/examen-virtuel-vous-etes-desabonne\\\/#primaryimage\"},\"image\":{\"@id\":\"https:\\\/\\\/efficiencymb.ca\\\/fr\\\/examen-virtuel-vous-etes-desabonne\\\/#primaryimage\"},\"thumbnailUrl\":\"https:\\\/\\\/efficiencymb.ca\\\/wp-content\\\/uploads\\\/Efficiency-Manitoba-Virtual-Energy-Review.jpeg\",\"datePublished\":\"2025-11-18T20:11:30+00:00\",\"dateModified\":\"2025-11-18T20:11:34+00:00\",\"description\":\"Vous vous \u00eates d\u00e9sabonn\u00e9(e) des communications transmises par courriel concernant l\u2019examen virtuel de la consommation d\u2019\u00e9nergie.\",\"breadcrumb\":{\"@id\":\"https:\\\/\\\/efficiencymb.ca\\\/fr\\\/examen-virtuel-vous-etes-desabonne\\\/#breadcrumb\"},\"inLanguage\":\"fr-FR\",\"potentialAction\":[{\"@type\":\"ReadAction\",\"target\":[\"https:\\\/\\\/efficiencymb.ca\\\/fr\\\/examen-virtuel-vous-etes-desabonne\\\/\"]}]},{\"@type\":\"ImageObject\",\"inLanguage\":\"fr-FR\",\"@id\":\"https:\\\/\\\/efficiencymb.ca\\\/fr\\\/examen-virtuel-vous-etes-desabonne\\\/#primaryimage\",\"url\":\"https:\\\/\\\/efficiencymb.ca\\\/wp-content\\\/uploads\\\/Efficiency-Manitoba-Virtual-Energy-Review.jpeg\",\"contentUrl\":\"https:\\\/\\\/efficiencymb.ca\\\/wp-content\\\/uploads\\\/Efficiency-Manitoba-Virtual-Energy-Review.jpeg\",\"width\":2400,\"height\":1350,\"caption\":\"Personne utilisant un ordinateur portable\"},{\"@type\":\"BreadcrumbList\",\"@id\":\"https:\\\/\\\/efficiencymb.ca\\\/fr\\\/examen-virtuel-vous-etes-desabonne\\\/#breadcrumb\",\"itemListElement\":[{\"@type\":\"ListItem\",\"position\":1,\"name\":\"Home\",\"item\":\"https:\\\/\\\/efficiencymb.ca\\\/fr\\\/\"},{\"@type\":\"ListItem\",\"position\":2,\"name\":\"Examen Virtuel De La Consommation D\u2019\u00e9nergie\"}]},{\"@type\":\"WebSite\",\"@id\":\"https:\\\/\\\/efficiencymb.ca\\\/#website\",\"url\":\"https:\\\/\\\/efficiencymb.ca\\\/\",\"name\":\"Efficiency Manitoba\",\"description\":\"\",\"publisher\":{\"@id\":\"https:\\\/\\\/efficiencymb.ca\\\/#organization\"},\"potentialAction\":[{\"@type\":\"SearchAction\",\"target\":{\"@type\":\"EntryPoint\",\"urlTemplate\":\"https:\\\/\\\/efficiencymb.ca\\\/?s={search_term_string}\"},\"query-input\":{\"@type\":\"PropertyValueSpecification\",\"valueRequired\":true,\"valueName\":\"search_term_string\"}}],\"inLanguage\":\"fr-FR\"},{\"@type\":\"Organization\",\"@id\":\"https:\\\/\\\/efficiencymb.ca\\\/#organization\",\"name\":\"Efficiency Manitoba\",\"url\":\"https:\\\/\\\/efficiencymb.ca\\\/\",\"logo\":{\"@type\":\"ImageObject\",\"inLanguage\":\"fr-FR\",\"@id\":\"https:\\\/\\\/efficiencymb.ca\\\/#\\\/schema\\\/logo\\\/image\\\/\",\"url\":\"https:\\\/\\\/efficiencymb.ca\\\/wp-content\\\/uploads\\\/em-logo-white-en.png\",\"contentUrl\":\"https:\\\/\\\/efficiencymb.ca\\\/wp-content\\\/uploads\\\/em-logo-white-en.png\",\"width\":388,\"height\":91,\"caption\":\"Efficiency Manitoba\"},\"image\":{\"@id\":\"https:\\\/\\\/efficiencymb.ca\\\/#\\\/schema\\\/logo\\\/image\\\/\"}}]}<\/script>\n<!-- \/ Yoast SEO plugin. -->","yoast_head_json":{"title":"Examen Virtuel De La Consommation D\u2019\u00e9nergie &#8212; Efficiency Manitoba","description":"Vous vous \u00eates d\u00e9sabonn\u00e9(e) des communications transmises par courriel concernant l\u2019examen virtuel de la consommation d\u2019\u00e9nergie.","robots":{"index":"index","follow":"follow","max-snippet":"max-snippet:-1","max-image-preview":"max-image-preview:large","max-video-preview":"max-video-preview:-1"},"canonical":"https:\/\/efficiencymb.ca\/fr\/examen-virtuel-vous-etes-desabonne\/","og_locale":"fr_FR","og_type":"article","og_title":"Examen Virtuel De La Consommation D\u2019\u00e9nergie &#8212; Efficiency Manitoba","og_description":"Vous vous \u00eates d\u00e9sabonn\u00e9(e) des communications transmises par courriel concernant l\u2019examen virtuel de la consommation d\u2019\u00e9nergie.","og_url":"https:\/\/efficiencymb.ca\/fr\/examen-virtuel-vous-etes-desabonne\/","og_site_name":"Efficiency Manitoba","article_modified_time":"2025-11-18T20:11:34+00:00","og_image":[{"width":2400,"height":1350,"url":"https:\/\/efficiencymb.ca\/wp-content\/uploads\/Efficiency-Manitoba-Virtual-Energy-Review.jpeg","type":"image\/jpeg"}],"twitter_card":"summary_large_image","twitter_misc":{"Dur\u00e9e de lecture estim\u00e9e":"2 minutes"},"schema":{"@context":"https:\/\/schema.org","@graph":[{"@type":"WebPage","@id":"https:\/\/efficiencymb.ca\/fr\/examen-virtuel-vous-etes-desabonne\/","url":"https:\/\/efficiencymb.ca\/fr\/examen-virtuel-vous-etes-desabonne\/","name":"Examen Virtuel De La Consommation D\u2019\u00e9nergie &#8212; Efficiency Manitoba","isPartOf":{"@id":"https:\/\/efficiencymb.ca\/#website"},"primaryImageOfPage":{"@id":"https:\/\/efficiencymb.ca\/fr\/examen-virtuel-vous-etes-desabonne\/#primaryimage"},"image":{"@id":"https:\/\/efficiencymb.ca\/fr\/examen-virtuel-vous-etes-desabonne\/#primaryimage"},"thumbnailUrl":"https:\/\/efficiencymb.ca\/wp-content\/uploads\/Efficiency-Manitoba-Virtual-Energy-Review.jpeg","datePublished":"2025-11-18T20:11:30+00:00","dateModified":"2025-11-18T20:11:34+00:00","description":"Vous vous \u00eates d\u00e9sabonn\u00e9(e) des communications transmises par courriel concernant l\u2019examen virtuel de la consommation d\u2019\u00e9nergie.","breadcrumb":{"@id":"https:\/\/efficiencymb.ca\/fr\/examen-virtuel-vous-etes-desabonne\/#breadcrumb"},"inLanguage":"fr-FR","potentialAction":[{"@type":"ReadAction","target":["https:\/\/efficiencymb.ca\/fr\/examen-virtuel-vous-etes-desabonne\/"]}]},{"@type":"ImageObject","inLanguage":"fr-FR","@id":"https:\/\/efficiencymb.ca\/fr\/examen-virtuel-vous-etes-desabonne\/#primaryimage","url":"https:\/\/efficiencymb.ca\/wp-content\/uploads\/Efficiency-Manitoba-Virtual-Energy-Review.jpeg","contentUrl":"https:\/\/efficiencymb.ca\/wp-content\/uploads\/Efficiency-Manitoba-Virtual-Energy-Review.jpeg","width":2400,"height":1350,"caption":"Personne utilisant un ordinateur portable"},{"@type":"BreadcrumbList","@id":"https:\/\/efficiencymb.ca\/fr\/examen-virtuel-vous-etes-desabonne\/#breadcrumb","itemListElement":[{"@type":"ListItem","position":1,"name":"Home","item":"https:\/\/efficiencymb.ca\/fr\/"},{"@type":"ListItem","position":2,"name":"Examen Virtuel De La Consommation D\u2019\u00e9nergie"}]},{"@type":"WebSite","@id":"https:\/\/efficiencymb.ca\/#website","url":"https:\/\/efficiencymb.ca\/","name":"Efficiency Manitoba","description":"","publisher":{"@id":"https:\/\/efficiencymb.ca\/#organization"},"potentialAction":[{"@type":"SearchAction","target":{"@type":"EntryPoint","urlTemplate":"https:\/\/efficiencymb.ca\/?s={search_term_string}"},"query-input":{"@type":"PropertyValueSpecification","valueRequired":true,"valueName":"search_term_string"}}],"inLanguage":"fr-FR"},{"@type":"Organization","@id":"https:\/\/efficiencymb.ca\/#organization","name":"Efficiency Manitoba","url":"https:\/\/efficiencymb.ca\/","logo":{"@type":"ImageObject","inLanguage":"fr-FR","@id":"https:\/\/efficiencymb.ca\/#\/schema\/logo\/image\/","url":"https:\/\/efficiencymb.ca\/wp-content\/uploads\/em-logo-white-en.png","contentUrl":"https:\/\/efficiencymb.ca\/wp-content\/uploads\/em-logo-white-en.png","width":388,"height":91,"caption":"Efficiency Manitoba"},"image":{"@id":"https:\/\/efficiencymb.ca\/#\/schema\/logo\/image\/"}}]}},"_links":{"self":[{"href":"https:\/\/efficiencymb.ca\/fr\/wp-json\/wp\/v2\/pages\/83171","targetHints":{"allow":["GET"]}}],"collection":[{"href":"https:\/\/efficiencymb.ca\/fr\/wp-json\/wp\/v2\/pages"}],"about":[{"href":"https:\/\/efficiencymb.ca\/fr\/wp-json\/wp\/v2\/types\/page"}],"author":[{"embeddable":true,"href":"https:\/\/efficiencymb.ca\/fr\/wp-json\/wp\/v2\/users\/10"}],"replies":[{"embeddable":true,"href":"https:\/\/efficiencymb.ca\/fr\/wp-json\/wp\/v2\/comments?post=83171"}],"version-history":[{"count":3,"href":"https:\/\/efficiencymb.ca\/fr\/wp-json\/wp\/v2\/pages\/83171\/revisions"}],"predecessor-version":[{"id":83349,"href":"https:\/\/efficiencymb.ca\/fr\/wp-json\/wp\/v2\/pages\/83171\/revisions\/83349"}],"wp:featuredmedia":[{"embeddable":true,"href":"https:\/\/efficiencymb.ca\/fr\/wp-json\/wp\/v2\/media\/10679"}],"wp:attachment":[{"href":"https:\/\/efficiencymb.ca\/fr\/wp-json\/wp\/v2\/media?parent=83171"}],"curies":[{"name":"wp","href":"https:\/\/api.w.org\/{rel}","templated":true}]}}