{"id":80604,"date":"2025-09-12T11:00:00","date_gmt":"2025-09-12T16:00:00","guid":{"rendered":"https:\/\/efficiencymb.ca\/?page_id=80604"},"modified":"2025-09-12T07:45:26","modified_gmt":"2025-09-12T12:45:26","slug":"programme-canadien-pour-les-des-maisons-abordables-plus-vertes-foire-aux-questions","status":"publish","type":"page","link":"https:\/\/efficiencymb.ca\/fr\/programme-canadien-pour-les-des-maisons-abordables-plus-vertes-foire-aux-questions\/","title":{"rendered":"PROGRAMME canadien pour des maisons abordables plus vertes"},"content":{"rendered":"\n<div class=\"wp-block-group is-style-content-wide\"><div class=\"wp-block-group__inner-container is-layout-flow wp-block-group-is-layout-flow\">\n<h1 class=\"wp-block-heading has-text-align-center is-style-hero-heading\">Foire aux questions<\/h1>\n\n\n\n<div style=\"height:15px\" aria-hidden=\"true\" class=\"wp-block-spacer\"><\/div>\n\n\n\n<p class=\"has-medium-font-size\">Le Programme canadien pour des maisons abordables plus vertes permet aux Manitobains d\u2019\u00e9conomiser plus facilement de l\u2019\u00e9nergie et de l\u2019argent gr\u00e2ce \u00e0 des am\u00e9liorations gratuites apport\u00e9es \u00e0 leur maison. Vous trouverez ci-dessous les r\u00e9ponses aux questions les plus courantes sur le fonctionnement du programme, les personnes admissibles et la mani\u00e8re dont il peut vous aider \u00e0 rendre votre maison plus abordable et plus confortable.<\/p>\n\n\n\n<p class=\"has-medium-font-size\"><strong>Qu\u2019est-ce que le Programme canadien pour des maisons abordables plus vertes?<\/strong><\/p>\n\n\n\n<p class=\"has-medium-font-size\">Le Programme canadien pour des maisons abordables plus vertes est une initiative du gouvernement du Canada qui offre un mod\u00e8le d\u2019installation directe d\u2019am\u00e9liorations \u00e9co\u00e9nerg\u00e9tiques \u00e0 des m\u00e9nages \u00e0 revenu faible ou moyen, ce qui signifie qu\u2019il n\u2019y a donc pas de frais initiaux, de pr\u00eats ou de paiements \u00e0 effectuer. Les am\u00e9liorations sont adapt\u00e9es aux besoins de chaque maison et peuvent inclure l\u2019isolation, l\u2019\u00e9tanch\u00e9isation et l\u2019installation d\u2019une thermopompe.<\/p>\n\n\n\n<p class=\"has-medium-font-size\"><strong>Quel est le r\u00f4le d\u2019Efficacit\u00e9 Manitoba dans le programme?<\/strong><\/p>\n\n\n\n<p class=\"has-medium-font-size\">Efficacit\u00e9 Manitoba mettra en \u0153uvre le programme au Manitoba en utilisant ses programmes et partenariats existants. Cela comprend la coordination avec des entrepreneurs sp\u00e9cialis\u00e9s, des organismes de revalorisation des collectivit\u00e9s et des conseillers locaux en mati\u00e8re d\u2019\u00e9nergie afin de toucher un plus grand nombre de m\u00e9nages dans toute la province.<\/p>\n\n\n\n<p class=\"has-medium-font-size\">Efficacit\u00e9 Manitoba utilisera ce financement pour tirer parti du succ\u00e8s de deux programmes existants destin\u00e9s aux m\u00e9nages \u00e0 revenu faible ou moyen&nbsp;: le <a href=\"https:\/\/efficiencymb.ca\/fr\/ma-maison\/programme-d-aide-a-lefficacite-energetique\/\" target=\"_blank\" rel=\"noreferrer noopener\">Programme d\u2019aide \u00e0 l\u2019efficacit\u00e9 \u00e9nerg\u00e9tique<\/a> et les <a href=\"https:\/\/efficiencymb.ca\/fr\/ma-maison\/offres-defficacite-energetique-pour-les-metis\/\" target=\"_blank\" rel=\"noreferrer noopener\">Offres d\u2019efficacit\u00e9 \u00e9nerg\u00e9tique pour les M\u00e9tis<\/a>. <\/p>\n\n\n\n<p class=\"has-medium-font-size\"><strong>Quel est le montant du financement disponible?<\/strong><\/p>\n\n\n\n<p class=\"has-medium-font-size\">Le gouvernement du Canada a allou\u00e9 une somme de plus de 29,8&nbsp;millions de dollars au Manitoba jusqu\u2019en 2030. Ces fonds permettent \u00e0 Efficacit\u00e9 Manitoba d\u2019\u00e9tendre les programmes existants, d\u2019am\u00e9liorer les r\u00e9novations et d\u2019aider davantage de familles, tout en r\u00e9duisant les co\u00fbts pour les contribuables du Manitoba.<\/p>\n\n\n\n<p class=\"has-medium-font-size\"><strong>Qu\u2019est-ce que cela signifie pour les Manitobains?<\/strong><\/p>\n\n\n\n<p class=\"has-medium-font-size\">Le programme rend les am\u00e9liorations \u00e9co\u00e9nerg\u00e9tiques plus accessibles et plus \u00e9quitables. Les propri\u00e9taires et les locataires qui paient leurs factures \u00e9nerg\u00e9tiques peuvent b\u00e9n\u00e9ficier de ces r\u00e9novations, ce qui \u00e9largit l\u2019acc\u00e8s \u00e0 un plus grand nombre de Canadiens \u00e0 revenu faible ou moyen.<\/p>\n\n\n\n<p class=\"has-medium-font-size\">Les Manitobains admissibles peuvent b\u00e9n\u00e9ficier&nbsp;:<\/p>\n\n\n\n<ul class=\"wp-block-list is-style-medium\">\n<li class=\"has-medium-font-size\">de r\u00e9novations gratuites de leur logement, telles que l\u2019isolation, l\u2019\u00e9tanch\u00e9isation et l\u2019installation d\u2019une thermopompe;<\/li>\n\n\n\n<li class=\"has-medium-font-size\">de factures \u00e9nerg\u00e9tiques mensuelles moins \u00e9lev\u00e9es; et<\/li>\n\n\n\n<li class=\"has-medium-font-size\">de logements plus confortables.<\/li>\n<\/ul>\n\n\n\n<div style=\"height:10px\" aria-hidden=\"true\" class=\"wp-block-spacer\"><\/div>\n\n\n\n<p class=\"has-medium-font-size\"><strong>Si les am\u00e9liorations sont gratuites, pourquoi existe-t-il encore un pr\u00eat pour les appareils de chauffage central au gaz naturel?<\/strong><\/p>\n\n\n\n<p class=\"has-medium-font-size\">Le Programme canadien pour des maisons abordables plus vertes vise \u00e0 r\u00e9duire les \u00e9missions de gaz \u00e0 effet de serre, ce qui signifie que les syst\u00e8mes de chauffage au gaz naturel ne sont pas admissibles. Cependant, la mise \u00e0 niveau des appareils de chauffage central au gaz naturel est toujours offerte dans le cadre du Programme d\u2019aide \u00e0 l\u2019efficacit\u00e9 \u00e9nerg\u00e9tique et des Offres d\u2019efficacit\u00e9 \u00e9nerg\u00e9tique pour les M\u00e9tis.<\/p>\n\n\n\n<p class=\"has-medium-font-size\"><strong>Quel est le lien avec le Programme d\u2019\u00e9nergie domestique abordable?<\/strong><\/p>\n\n\n\n<p class=\"has-medium-font-size\">Le Programme canadien pour des maisons abordables plus vertes renforce le Programme d\u2019\u00e9nergie domestique abordable en couvrant enti\u00e8rement le co\u00fbt des thermopompes g\u00e9othermiques. Gr\u00e2ce \u00e0 cette aide, il n\u2019est plus n\u00e9cessaire de demander un pr\u00eat bas\u00e9 sur le revenu pour les thermopompes g\u00e9othermiques&nbsp;: le co\u00fbt total est couvert d\u00e8s le d\u00e9part, ce qui rend ces syst\u00e8mes gratuits pour les propri\u00e9taires et les locataires admissibles.<\/p>\n\n\n\n<p class=\"has-medium-font-size\"><strong>Le Programme canadien pour des maisons abordables plus vertes fonctionne-t-il de pair avec le programme pour la Conversion abordable du mazout \u00e0 la thermopompe?<\/strong><\/p>\n\n\n\n<p class=\"has-medium-font-size\">Le Programme canadien pour des maisons abordables plus vertes compl\u00e8te le programme pour la Conversion abordable du mazout \u00e0 la thermopompe. Les Manitobains peuvent d\u00e9sormais pr\u00e9senter une demande pour les deux programmes, qui combinent une aide pour couvrir les co\u00fbts de r\u00e9novation et le passage du chauffage au mazout \u00e0 une thermopompe.<\/p>\n\n\n\n<p class=\"has-medium-font-size\">Dans le cadre du <a href=\"https:\/\/ressources-naturelles.canada.ca\/efficacite-energetique\/efficacite-energetique-maison\/initiative-canadienne-maisons-plus-vertes\/programme-conversion-abordable-mazout-thermopompe?_gl=1*w1jv55*_ga*NjE0ODg4ODQzLjE3NDExMTcxMDQ.*_ga_C2N57Y7DX5*czE3NTc2MjIyNjQkbzI0JGcxJHQxNzU3NjIyNTIzJGo2MCRsMCRoMA..\" target=\"_blank\" rel=\"noreferrer noopener\">programme pour la Conversion abordable du mazout \u00e0 la thermopompe<\/a>, les familles peuvent b\u00e9n\u00e9ficier d\u2019une aide initiale pouvant atteindre 20\u2009000\u00a0$ pour l\u2019installation d\u2019un syst\u00e8me de thermopompe. De plus, gr\u00e2ce au Programme canadien pour des maisons abordables plus vertes, d\u2019autres am\u00e9liorations sont fournies gratuitement. Ensemble, ces programmes rendent l\u2019efficacit\u00e9 \u00e9nerg\u00e9tique plus accessible et plus abordable.<\/p>\n<\/div><\/div>\n\n\n<div class=\"wp-block-image\">\n<figure class=\"aligncenter size-full\"><img loading=\"lazy\" decoding=\"async\" width=\"2000\" height=\"400\" src=\"https:\/\/efficiencymb.ca\/wp-content\/uploads\/bg-two-tone-green@2x-edited-4.png\" alt=\"\" class=\"wp-image-66517\" srcset=\"https:\/\/efficiencymb.ca\/wp-content\/uploads\/bg-two-tone-green@2x-edited-4.png 2000w, https:\/\/efficiencymb.ca\/wp-content\/uploads\/bg-two-tone-green@2x-edited-4-479x96.png 479w, https:\/\/efficiencymb.ca\/wp-content\/uploads\/bg-two-tone-green@2x-edited-4-1024x205.png 1024w, https:\/\/efficiencymb.ca\/wp-content\/uploads\/bg-two-tone-green@2x-edited-4-768x154.png 768w, https:\/\/efficiencymb.ca\/wp-content\/uploads\/bg-two-tone-green@2x-edited-4-1536x307.png 1536w\" sizes=\"auto, (max-width: 2000px) 100vw, 2000px\" \/><\/figure>\n<\/div>","protected":false},"excerpt":{"rendered":"<p>Voici quelques r\u00e9ponses aux questions que nous recevons couramment au sujet de notre Programme canadien pour des les maisons abordable plus vertes.<\/p>\n","protected":false},"author":10,"featured_media":80635,"parent":0,"menu_order":0,"comment_status":"closed","ping_status":"closed","template":"","meta":{"_acf_changed":false,"footnotes":""},"class_list":["post-80604","page","type-page","status-publish","has-post-thumbnail","hentry","page_cat-programs"],"acf":[],"yoast_head":"<!-- This site is optimized with the Yoast SEO plugin v27.3 - https:\/\/yoast.com\/product\/yoast-seo-wordpress\/ -->\n<title>PROGRAMME canadien pour des maisons abordables plus vertes &#8212; Efficiency Manitoba<\/title>\n<meta name=\"description\" content=\"Voici quelques r\u00e9ponses aux questions que nous recevons couramment au sujet de notre Programme canadien pour des les maisons abordable plus vertes.\" \/>\n<meta name=\"robots\" content=\"index, follow, max-snippet:-1, max-image-preview:large, max-video-preview:-1\" \/>\n<link rel=\"canonical\" href=\"https:\/\/efficiencymb.ca\/canada-greener-homes-affordability-program-faq\/\" \/>\n<meta property=\"og:locale\" content=\"fr_FR\" \/>\n<meta property=\"og:type\" content=\"article\" \/>\n<meta property=\"og:title\" content=\"PROGRAMME canadien pour des maisons abordables plus vertes &#8212; Efficiency Manitoba\" \/>\n<meta property=\"og:description\" content=\"Voici quelques r\u00e9ponses aux questions que nous recevons couramment au sujet de notre Programme canadien pour des les maisons abordable plus vertes.\" \/>\n<meta property=\"og:url\" content=\"https:\/\/efficiencymb.ca\/canada-greener-homes-affordability-program-faq\/\" \/>\n<meta property=\"og:site_name\" content=\"Efficiency Manitoba\" \/>\n<meta property=\"og:image\" content=\"https:\/\/efficiencymb.ca\/wp-content\/uploads\/laughing-daughter-embracing-mother-while-sitting-on-couch-with-family-in-living-room-canada-greener-homes-affordability-program-banner-GettyImages-1217002349.jpg\" \/>\n\t<meta property=\"og:image:width\" content=\"2400\" \/>\n\t<meta property=\"og:image:height\" content=\"1350\" \/>\n\t<meta property=\"og:image:type\" content=\"image\/jpeg\" \/>\n<meta name=\"twitter:card\" content=\"summary_large_image\" \/>\n<meta name=\"twitter:label1\" content=\"Dur\u00e9e de lecture estim\u00e9e\" \/>\n\t<meta name=\"twitter:data1\" content=\"4 minutes\" \/>\n<script type=\"application\/ld+json\" class=\"yoast-schema-graph\">{\"@context\":\"https:\\\/\\\/schema.org\",\"@graph\":[{\"@type\":\"WebPage\",\"@id\":\"https:\\\/\\\/efficiencymb.ca\\\/canada-greener-homes-affordability-program-faq\\\/\",\"url\":\"https:\\\/\\\/efficiencymb.ca\\\/canada-greener-homes-affordability-program-faq\\\/\",\"name\":\"PROGRAMME canadien pour des maisons abordables plus vertes &#8212; Efficiency Manitoba\",\"isPartOf\":{\"@id\":\"https:\\\/\\\/efficiencymb.ca\\\/#website\"},\"primaryImageOfPage\":{\"@id\":\"https:\\\/\\\/efficiencymb.ca\\\/canada-greener-homes-affordability-program-faq\\\/#primaryimage\"},\"image\":{\"@id\":\"https:\\\/\\\/efficiencymb.ca\\\/canada-greener-homes-affordability-program-faq\\\/#primaryimage\"},\"thumbnailUrl\":\"https:\\\/\\\/efficiencymb.ca\\\/wp-content\\\/uploads\\\/laughing-daughter-embracing-mother-while-sitting-on-couch-with-family-in-living-room-canada-greener-homes-affordability-program-banner-GettyImages-1217002349.jpg\",\"datePublished\":\"2025-09-12T16:00:00+00:00\",\"description\":\"Voici quelques r\u00e9ponses aux questions que nous recevons couramment au sujet de notre Programme canadien pour des les maisons abordable plus vertes.\",\"breadcrumb\":{\"@id\":\"https:\\\/\\\/efficiencymb.ca\\\/canada-greener-homes-affordability-program-faq\\\/#breadcrumb\"},\"inLanguage\":\"fr-FR\",\"potentialAction\":[{\"@type\":\"ReadAction\",\"target\":[\"https:\\\/\\\/efficiencymb.ca\\\/canada-greener-homes-affordability-program-faq\\\/\"]}]},{\"@type\":\"ImageObject\",\"inLanguage\":\"fr-FR\",\"@id\":\"https:\\\/\\\/efficiencymb.ca\\\/canada-greener-homes-affordability-program-faq\\\/#primaryimage\",\"url\":\"https:\\\/\\\/efficiencymb.ca\\\/wp-content\\\/uploads\\\/laughing-daughter-embracing-mother-while-sitting-on-couch-with-family-in-living-room-canada-greener-homes-affordability-program-banner-GettyImages-1217002349.jpg\",\"contentUrl\":\"https:\\\/\\\/efficiencymb.ca\\\/wp-content\\\/uploads\\\/laughing-daughter-embracing-mother-while-sitting-on-couch-with-family-in-living-room-canada-greener-homes-affordability-program-banner-GettyImages-1217002349.jpg\",\"width\":2400,\"height\":1350},{\"@type\":\"BreadcrumbList\",\"@id\":\"https:\\\/\\\/efficiencymb.ca\\\/canada-greener-homes-affordability-program-faq\\\/#breadcrumb\",\"itemListElement\":[{\"@type\":\"ListItem\",\"position\":1,\"name\":\"Home\",\"item\":\"https:\\\/\\\/efficiencymb.ca\\\/fr\\\/\"},{\"@type\":\"ListItem\",\"position\":2,\"name\":\"PROGRAMME canadien pour des maisons abordables plus vertes\"}]},{\"@type\":\"WebSite\",\"@id\":\"https:\\\/\\\/efficiencymb.ca\\\/#website\",\"url\":\"https:\\\/\\\/efficiencymb.ca\\\/\",\"name\":\"Efficiency Manitoba\",\"description\":\"\",\"publisher\":{\"@id\":\"https:\\\/\\\/efficiencymb.ca\\\/#organization\"},\"potentialAction\":[{\"@type\":\"SearchAction\",\"target\":{\"@type\":\"EntryPoint\",\"urlTemplate\":\"https:\\\/\\\/efficiencymb.ca\\\/?s={search_term_string}\"},\"query-input\":{\"@type\":\"PropertyValueSpecification\",\"valueRequired\":true,\"valueName\":\"search_term_string\"}}],\"inLanguage\":\"fr-FR\"},{\"@type\":\"Organization\",\"@id\":\"https:\\\/\\\/efficiencymb.ca\\\/#organization\",\"name\":\"Efficiency Manitoba\",\"url\":\"https:\\\/\\\/efficiencymb.ca\\\/\",\"logo\":{\"@type\":\"ImageObject\",\"inLanguage\":\"fr-FR\",\"@id\":\"https:\\\/\\\/efficiencymb.ca\\\/#\\\/schema\\\/logo\\\/image\\\/\",\"url\":\"https:\\\/\\\/efficiencymb.ca\\\/wp-content\\\/uploads\\\/em-logo-white-en.png\",\"contentUrl\":\"https:\\\/\\\/efficiencymb.ca\\\/wp-content\\\/uploads\\\/em-logo-white-en.png\",\"width\":388,\"height\":91,\"caption\":\"Efficiency Manitoba\"},\"image\":{\"@id\":\"https:\\\/\\\/efficiencymb.ca\\\/#\\\/schema\\\/logo\\\/image\\\/\"}}]}<\/script>\n<!-- \/ Yoast SEO plugin. -->","yoast_head_json":{"title":"PROGRAMME canadien pour des maisons abordables plus vertes &#8212; Efficiency Manitoba","description":"Voici quelques r\u00e9ponses aux questions que nous recevons couramment au sujet de notre Programme canadien pour des les maisons abordable plus vertes.","robots":{"index":"index","follow":"follow","max-snippet":"max-snippet:-1","max-image-preview":"max-image-preview:large","max-video-preview":"max-video-preview:-1"},"canonical":"https:\/\/efficiencymb.ca\/canada-greener-homes-affordability-program-faq\/","og_locale":"fr_FR","og_type":"article","og_title":"PROGRAMME canadien pour des maisons abordables plus vertes &#8212; Efficiency Manitoba","og_description":"Voici quelques r\u00e9ponses aux questions que nous recevons couramment au sujet de notre Programme canadien pour des les maisons abordable plus vertes.","og_url":"https:\/\/efficiencymb.ca\/canada-greener-homes-affordability-program-faq\/","og_site_name":"Efficiency Manitoba","og_image":[{"width":2400,"height":1350,"url":"https:\/\/efficiencymb.ca\/wp-content\/uploads\/laughing-daughter-embracing-mother-while-sitting-on-couch-with-family-in-living-room-canada-greener-homes-affordability-program-banner-GettyImages-1217002349.jpg","type":"image\/jpeg"}],"twitter_card":"summary_large_image","twitter_misc":{"Dur\u00e9e de lecture estim\u00e9e":"4 minutes"},"schema":{"@context":"https:\/\/schema.org","@graph":[{"@type":"WebPage","@id":"https:\/\/efficiencymb.ca\/canada-greener-homes-affordability-program-faq\/","url":"https:\/\/efficiencymb.ca\/canada-greener-homes-affordability-program-faq\/","name":"PROGRAMME canadien pour des maisons abordables plus vertes &#8212; Efficiency Manitoba","isPartOf":{"@id":"https:\/\/efficiencymb.ca\/#website"},"primaryImageOfPage":{"@id":"https:\/\/efficiencymb.ca\/canada-greener-homes-affordability-program-faq\/#primaryimage"},"image":{"@id":"https:\/\/efficiencymb.ca\/canada-greener-homes-affordability-program-faq\/#primaryimage"},"thumbnailUrl":"https:\/\/efficiencymb.ca\/wp-content\/uploads\/laughing-daughter-embracing-mother-while-sitting-on-couch-with-family-in-living-room-canada-greener-homes-affordability-program-banner-GettyImages-1217002349.jpg","datePublished":"2025-09-12T16:00:00+00:00","description":"Voici quelques r\u00e9ponses aux questions que nous recevons couramment au sujet de notre Programme canadien pour des les maisons abordable plus vertes.","breadcrumb":{"@id":"https:\/\/efficiencymb.ca\/canada-greener-homes-affordability-program-faq\/#breadcrumb"},"inLanguage":"fr-FR","potentialAction":[{"@type":"ReadAction","target":["https:\/\/efficiencymb.ca\/canada-greener-homes-affordability-program-faq\/"]}]},{"@type":"ImageObject","inLanguage":"fr-FR","@id":"https:\/\/efficiencymb.ca\/canada-greener-homes-affordability-program-faq\/#primaryimage","url":"https:\/\/efficiencymb.ca\/wp-content\/uploads\/laughing-daughter-embracing-mother-while-sitting-on-couch-with-family-in-living-room-canada-greener-homes-affordability-program-banner-GettyImages-1217002349.jpg","contentUrl":"https:\/\/efficiencymb.ca\/wp-content\/uploads\/laughing-daughter-embracing-mother-while-sitting-on-couch-with-family-in-living-room-canada-greener-homes-affordability-program-banner-GettyImages-1217002349.jpg","width":2400,"height":1350},{"@type":"BreadcrumbList","@id":"https:\/\/efficiencymb.ca\/canada-greener-homes-affordability-program-faq\/#breadcrumb","itemListElement":[{"@type":"ListItem","position":1,"name":"Home","item":"https:\/\/efficiencymb.ca\/fr\/"},{"@type":"ListItem","position":2,"name":"PROGRAMME canadien pour des maisons abordables plus vertes"}]},{"@type":"WebSite","@id":"https:\/\/efficiencymb.ca\/#website","url":"https:\/\/efficiencymb.ca\/","name":"Efficiency Manitoba","description":"","publisher":{"@id":"https:\/\/efficiencymb.ca\/#organization"},"potentialAction":[{"@type":"SearchAction","target":{"@type":"EntryPoint","urlTemplate":"https:\/\/efficiencymb.ca\/?s={search_term_string}"},"query-input":{"@type":"PropertyValueSpecification","valueRequired":true,"valueName":"search_term_string"}}],"inLanguage":"fr-FR"},{"@type":"Organization","@id":"https:\/\/efficiencymb.ca\/#organization","name":"Efficiency Manitoba","url":"https:\/\/efficiencymb.ca\/","logo":{"@type":"ImageObject","inLanguage":"fr-FR","@id":"https:\/\/efficiencymb.ca\/#\/schema\/logo\/image\/","url":"https:\/\/efficiencymb.ca\/wp-content\/uploads\/em-logo-white-en.png","contentUrl":"https:\/\/efficiencymb.ca\/wp-content\/uploads\/em-logo-white-en.png","width":388,"height":91,"caption":"Efficiency Manitoba"},"image":{"@id":"https:\/\/efficiencymb.ca\/#\/schema\/logo\/image\/"}}]}},"_links":{"self":[{"href":"https:\/\/efficiencymb.ca\/fr\/wp-json\/wp\/v2\/pages\/80604","targetHints":{"allow":["GET"]}}],"collection":[{"href":"https:\/\/efficiencymb.ca\/fr\/wp-json\/wp\/v2\/pages"}],"about":[{"href":"https:\/\/efficiencymb.ca\/fr\/wp-json\/wp\/v2\/types\/page"}],"author":[{"embeddable":true,"href":"https:\/\/efficiencymb.ca\/fr\/wp-json\/wp\/v2\/users\/10"}],"replies":[{"embeddable":true,"href":"https:\/\/efficiencymb.ca\/fr\/wp-json\/wp\/v2\/comments?post=80604"}],"version-history":[{"count":4,"href":"https:\/\/efficiencymb.ca\/fr\/wp-json\/wp\/v2\/pages\/80604\/revisions"}],"predecessor-version":[{"id":80618,"href":"https:\/\/efficiencymb.ca\/fr\/wp-json\/wp\/v2\/pages\/80604\/revisions\/80618"}],"wp:featuredmedia":[{"embeddable":true,"href":"https:\/\/efficiencymb.ca\/fr\/wp-json\/wp\/v2\/media\/80635"}],"wp:attachment":[{"href":"https:\/\/efficiencymb.ca\/fr\/wp-json\/wp\/v2\/media?parent=80604"}],"curies":[{"name":"wp","href":"https:\/\/api.w.org\/{rel}","templated":true}]}}