{"id":78889,"date":"2025-09-02T09:00:00","date_gmt":"2025-09-02T14:00:00","guid":{"rendered":"https:\/\/efficiencymb.ca\/?page_id=78889"},"modified":"2025-08-29T13:19:05","modified_gmt":"2025-08-29T18:19:05","slug":"programme-evaluation-reparation-fuites","status":"publish","type":"page","link":"https:\/\/efficiencymb.ca\/fr\/business\/programme-evaluation-reparation-fuites\/","title":{"rendered":"PROGRAMME D\u2019\u00c9VALUATION ET DE R\u00c9PARATION DES FUITES"},"content":{"rendered":"\n<div class=\"wp-block-group is-style-content-wide\"><div class=\"wp-block-group__inner-container is-layout-flow wp-block-group-is-layout-flow\">\n<h2 class=\"wp-block-heading has-text-align-center is-style-hero-heading-grey\"><strong>D\u00c9TECTEZ ET R\u00c9PAREZ LES FUITES POUR R\u00c9DUIRE VOS d\u00e9penses \u00c9NERG\u00c9TIQUES<\/strong><\/h2>\n\n\n\n<p class=\"has-text-align-center has-medium-font-size\">De nouvelles fuites se produisent constamment dans vos installations, ce qui entra\u00eene une perte d\u2019\u00e9nergie et d\u2019argent. Comme ces fuites passent souvent inaper\u00e7ues, il faut r\u00e9guli\u00e8rement proc\u00e9der \u00e0 des inspections et \u00e0 des r\u00e9parations pour \u00e9conomiser de l\u2019\u00e9nergie et r\u00e9duire les co\u00fbts d\u2019exploitation.&nbsp;<\/p>\n\n\n\n<p class=\"has-text-align-center has-medium-font-size\">Nous paierons 50 % des frais d\u2019une \u00e9valuation des fuites et nous offrons des incitatifs pour r\u00e9parer les fuites.<strong>&nbsp;<\/strong><\/p>\n\n\n\n<p class=\"has-text-align-center has-medium-font-size\">Nos&nbsp;<a href=\"https:\/\/efficiencymb.ca\/wp-content\/uploads\/Leak-assessment-and-repair-service-providers.pdf\" target=\"_blank\" rel=\"noreferrer noopener\">fournisseurs de services pr\u00e9qualifi\u00e9s<\/a>&nbsp;(liste en anglais seulement) visiteront vos installations et d\u00e9c\u00e8leront les fuites, quantifieront les avantages et vous aideront \u00e0 obtenir les incitatifs auxquels vous avez droit.&nbsp;&nbsp;<\/p>\n\n\n\n<p class=\"has-text-align-center has-medium-font-size\">Ce programme est id\u00e9al pour les installations industrielles, commerciales et agricoles qui consomment de vastes quantit\u00e9s d\u2019\u00e9nergie pour l\u2019air comprim\u00e9 ou qui exploitent de grandes chaudi\u00e8res \u00e0 vapeur et des syst\u00e8mes de distribution dot\u00e9s de nombreux purgeurs de vapeur d\u2019eau pour le chauffage ou le traitement.<\/p>\n\n\n\n<div style=\"height:15px\" aria-hidden=\"true\" class=\"wp-block-spacer\"><\/div>\n\n\n\n<div class=\"wp-block-columns is-layout-flex wp-container-core-columns-is-layout-9d6595d7 wp-block-columns-is-layout-flex\">\n<div class=\"wp-block-column is-layout-flow wp-block-column-is-layout-flow\">\n<h3 class=\"wp-block-heading has-text-align-center\">AIR COMPRIM\u00c9<\/h3>\n\n\n\n<p class=\"has-text-align-center has-medium-font-size\">Si elles ne sont pas g\u00e9r\u00e9es correctement, les fuites d\u2019air comprim\u00e9 peuvent repr\u00e9senter 30 % de la charge totale d\u2019un syst\u00e8me. En r\u00e9parant les fuites et en am\u00e9liorant votre syst\u00e8me, vous pourrez r\u00e9duire la consommation d\u2019\u00e9nergie et les co\u00fbts, augmenter la fiabilit\u00e9 et accro\u00eetre la s\u00e9curit\u00e9, en plus de corriger des probl\u00e8mes tels que la faible pression d\u2019air, l\u2019humidit\u00e9 dans les conduites d\u2019air et les arr\u00eats de production.<\/p>\n<\/div>\n\n\n\n<div class=\"wp-block-column is-layout-flow wp-block-column-is-layout-flow\">\n<h3 class=\"wp-block-heading has-text-align-center\">PURGEURS DE VAPEUR D\u2019EAU<\/h3>\n\n\n\n<p class=\"has-text-align-center has-medium-font-size\">Jusqu\u2019\u00e0 30 % des purgeurs de vapeur d\u2019eau peuvent subir des d\u00e9faillances lorsque les syst\u00e8mes n\u2019ont pas \u00e9t\u00e9 entretenus. La r\u00e9paration ou le remplacement des purgeurs peut r\u00e9duire les d\u00e9penses \u00e9nerg\u00e9tiques, accro\u00eetre la s\u00e9curit\u00e9, augmenter l\u2019efficacit\u00e9 de l\u2019\u00e9quipement et r\u00e9duire la consommation de gaz naturel ou d\u2019\u00e9lectricit\u00e9.<\/p>\n<\/div>\n<\/div>\n<\/div><\/div>\n\n\n\n<div class=\"wp-block-group is-style-content-wide\"><div class=\"wp-block-group__inner-container is-layout-constrained wp-block-group-is-layout-constrained\">\n<h2 class=\"wp-block-heading has-text-align-center\">INCITATIFS<\/h2>\n\n\n\n<figure class=\"wp-block-flexible-table-block-table\"><table class=\"has-fixed-layout\"><tbody><tr><td style=\"font-size:20px;color:#ffffff;background-color:#2493d1;text-align:center;line-height:1.2\"><strong>INCITATIFS<\/strong><\/td><td style=\"font-size:20px;color:#ffffff;background-color:#2493d1;text-align:center;line-height:1.2\"><strong>AIR COMPRIM\u00c9<\/strong><\/td><td style=\"font-size:20px;color:#ffffff;background-color:#2493d1;text-align:center;line-height:1.2\"><strong>PURGEURS DE VAPEUR D&rsquo;EAU<\/strong><\/td><\/tr><tr><td style=\"background-color:#81c241;line-height:1.2;text-align:center\"><strong>D\u00c9TECTER<\/strong><\/td><td colspan=\"2\" style=\"text-align:center;line-height:1.2\">50 % des frais de l&rsquo;\u00e9valuation<\/td><\/tr><tr><td style=\"background-color:#81c241;line-height:1.2;text-align:center\"><strong>R\u00c9PARER<\/strong><\/td><td style=\"text-align:center;line-height:1.2\">100 $ pour chaque fuite r\u00e9par\u00e9e<\/td><td style=\"text-align:center;line-height:1.2\">150 $ pour chaque fuite r\u00e9par\u00e9e<\/td><\/tr><tr><td colspan=\"3\" style=\"font-size:12px;line-height:1.2\">Incitatif total pour les r\u00e9parations et les remplacements : maximum de 50 % des frais de l\u2019\u00e9valuation.<br>Les installations peuvent pr\u00e9senter une demande pour effectuer leur propre \u00e9valuation et seront admissibles aux incitatifs pour les r\u00e9parations ou les remplacements indiqu\u00e9s ci-dessus, jusqu\u2019\u00e0 concurrence de 20 000 $.<\/td><\/tr><\/tbody><\/table><\/figure>\n\n\n\n<div style=\"height:15px\" aria-hidden=\"true\" class=\"wp-block-spacer\"><\/div>\n\n\n\n<p class=\"has-text-align-center has-medium-font-size\">Puisque de nouvelles fuites se produisent constamment, les clients peuvent participer chaque ann\u00e9e pour d\u00e9celer et r\u00e9parer de nouvelles fuites afin d\u2019\u00e9conomiser de l\u2019\u00e9nergie et de l\u2019argent.<\/p>\n<\/div><\/div>\n\n\n\n<div style=\"height:100px\" aria-hidden=\"true\" class=\"wp-block-spacer\"><\/div>\n\n\n\n<figure class=\"wp-block-image size-full slant\"><img loading=\"lazy\" decoding=\"async\" width=\"2000\" height=\"400\" src=\"https:\/\/efficiencymb.ca\/wp-content\/uploads\/bg-two-tone-green@2x.png\" alt=\"\" class=\"wp-image-592\" srcset=\"https:\/\/efficiencymb.ca\/wp-content\/uploads\/bg-two-tone-green@2x.png 2000w, https:\/\/efficiencymb.ca\/wp-content\/uploads\/bg-two-tone-green@2x-479x96.png 479w, https:\/\/efficiencymb.ca\/wp-content\/uploads\/bg-two-tone-green@2x-1024x205.png 1024w, https:\/\/efficiencymb.ca\/wp-content\/uploads\/bg-two-tone-green@2x-768x154.png 768w, https:\/\/efficiencymb.ca\/wp-content\/uploads\/bg-two-tone-green@2x-1536x307.png 1536w\" sizes=\"auto, (max-width: 2000px) 100vw, 2000px\" \/><\/figure>\n\n\n\n<div class=\"wp-block-group has-background\" style=\"background-color:#f4f3f3\"><div class=\"wp-block-group__inner-container is-layout-flow wp-block-group-is-layout-flow\">\n<div class=\"wp-block-group is-style-content-columns\"><div class=\"wp-block-group__inner-container is-layout-flow wp-block-group-is-layout-flow\">\n<h2 class=\"wp-block-heading has-text-align-center hero-title text-center single-col-text is-style-hero-heading\">\u00c9TAPES POUR PARTICIPER<\/h2>\n<\/div><\/div>\n\n\n\n<ol class=\"iconic-list large\">\n<li>\n<h3><strong>CONTACTEZ-NOUS<\/strong><\/h3>\n<p><a href=\"http:\/\/efficiencymb.ca\/fr\/evaluation-reparation-fuites-contact\" target=\"_blank\" rel=\"noopener\">Contactez-nous<\/a>\u00a0pour savoir si vos installations sont admissibles.<\/p>\n<\/li>\n<li>\n<h3><strong>CHOISISSEZ<\/strong> UN FOURNISSEUR DE SERVICES PR\u00c9QUALIFI\u00c9 POUR EFFECTUER UNE \u00c9VALUATION DES FUITES<\/h3>\n<p>Une fois que nous aurons d\u00e9termin\u00e9 votre admissibilit\u00e9 au programme, choisissez un fournisseur de services figurant dans notre liste de <a href=\"https:\/\/efficiencymb.ca\/wp-content\/uploads\/Leak-assessment-and-repair-service-providers.pdf\" target=\"_blank\" rel=\"noopener\">fournisseurs de services pr\u00e9qualifi\u00e9s<\/a> (en anglais seulement) et communiquez avec lui pour d\u00e9marrer le projet. Il travaillera avec vous pour obtenir l\u2019approbation pr\u00e9alable de votre projet.<\/p>\n<\/li>\n<li>\n<h3><strong>OBTENEZ<\/strong> UNE \u00c9VALUATION<\/h3>\n<p>Votre fournisseur de services effectuera une \u00e9valuation des fuites, vous indiquera o\u00f9 elles se trouvent et fournira un rapport contenant plus de renseignements sur les fuites et pr\u00e9cisant la quantit\u00e9 et le co\u00fbt de l\u2019\u00e9nergie gaspill\u00e9e.\u00a0Vous devrez payer 50 % des frais de l\u2019\u00e9valuation des fuites et Efficacit\u00e9 Manitoba se chargera de l\u2019autre moiti\u00e9.<\/p>\n<\/li>\n<li>\n<h3><strong>R\u00c9PAREZ LES<\/strong> FUITES<\/h3>\n<p>R\u00e9parez les fuites ou remplacez les purgeurs de vapeur d\u2019eau d\u00e9faillants ou qui fuient pour \u00e9conomiser de l\u2019\u00e9nergie. Assurez-vous d\u2019achever les travaux dans les six mois suivant l\u2019\u00e9valuation.<\/p>\n<\/li>\n<li>\n<h3><strong>RECEVEZ<\/strong> DES INCITATIFS<\/h3>\n<p>EVotre fournisseur de services v\u00e9rifiera les fuites qui ont \u00e9t\u00e9 r\u00e9par\u00e9es et d\u00e9terminera la quantit\u00e9 d\u2019\u00e9nergie \u00e9conomis\u00e9e.\u00a0Apr\u00e8s avoir confirm\u00e9 les r\u00e9parations ou les remplacements, nous vous fournirons un incitatif pour chaque fuite r\u00e9par\u00e9e, jusqu\u2019\u00e0 concurrence du montant \u00e9quivalant \u00e0 50 % des frais de l\u2019\u00e9valuation des fuites.<\/p>\n<\/li>\n<\/ol>\n\n\n<div class=\"theme-button wp-block-button aligncenter\">\r\n\t<a target=\"_blank\" class=\"wp-block-button__link has-background no-border-radius button cta button-large\" href=\"https:\/\/efficiencymb.ca\/fr\/business\/programme-evaluation-reparation-fuites\/\"><strong>CONTACTEZ-NOUS POUR<\/strong><br>COMMENCER \u00c0 \u00c9CONOMISER (en anglais)<\/a>\r\n<\/div><\/div><\/div>\n\n\n\n<figure class=\"wp-block-image size-full\"><img loading=\"lazy\" decoding=\"async\" width=\"2000\" height=\"400\" src=\"https:\/\/efficiencymb.ca\/wp-content\/uploads\/bg-two-tone-green@2x-edited-1.png\" alt=\"\" class=\"wp-image-12078\" srcset=\"https:\/\/efficiencymb.ca\/wp-content\/uploads\/bg-two-tone-green@2x-edited-1.png 2000w, https:\/\/efficiencymb.ca\/wp-content\/uploads\/bg-two-tone-green@2x-edited-1-479x96.png 479w, https:\/\/efficiencymb.ca\/wp-content\/uploads\/bg-two-tone-green@2x-edited-1-1024x205.png 1024w, https:\/\/efficiencymb.ca\/wp-content\/uploads\/bg-two-tone-green@2x-edited-1-768x154.png 768w, https:\/\/efficiencymb.ca\/wp-content\/uploads\/bg-two-tone-green@2x-edited-1-1536x307.png 1536w\" sizes=\"auto, (max-width: 2000px) 100vw, 2000px\" \/><\/figure>\n\n\n\n<p><\/p>\n","protected":false},"excerpt":{"rendered":"<p>\u00c9valuez et r\u00e9parez les fuites dans vos installations industrielles, commerciales ou agricoles afin de recevoir des incitatifs financiers et d\u2019\u00e9conomiser de l\u2019\u00e9nergie.<\/p>\n","protected":false},"author":10,"featured_media":78891,"parent":13103,"menu_order":0,"comment_status":"closed","ping_status":"closed","template":"","meta":{"_acf_changed":false,"footnotes":""},"class_list":["post-78889","page","type-page","status-publish","has-post-thumbnail","hentry","page_cat-programs"],"acf":[],"yoast_head":"<!-- This site is optimized with the Yoast SEO plugin v27.3 - https:\/\/yoast.com\/product\/yoast-seo-wordpress\/ -->\n<title>PROGRAMME D\u2019\u00c9VALUATION ET DE R\u00c9PARATION DES FUITES &#8212; Efficiency Manitoba<\/title>\n<meta name=\"description\" content=\"\u00c9valuez et r\u00e9parez les fuites dans vos installations industrielles, commerciales ou agricoles afin de recevoir des incitatifs financiers et d\u2019\u00e9conomiser de l\u2019\u00e9nergie.\" \/>\n<meta name=\"robots\" content=\"index, follow, max-snippet:-1, max-image-preview:large, max-video-preview:-1\" \/>\n<link rel=\"canonical\" href=\"https:\/\/efficiencymb.ca\/business\/leak-assessment-repair-program\/\" \/>\n<meta property=\"og:locale\" content=\"fr_FR\" \/>\n<meta property=\"og:type\" content=\"article\" \/>\n<meta property=\"og:title\" content=\"PROGRAMME D\u2019\u00c9VALUATION ET DE R\u00c9PARATION DES FUITES &#8212; Efficiency Manitoba\" \/>\n<meta property=\"og:description\" content=\"\u00c9valuez et r\u00e9parez les fuites dans vos installations industrielles, commerciales ou agricoles afin de recevoir des incitatifs financiers et d\u2019\u00e9conomiser de l\u2019\u00e9nergie.\" \/>\n<meta property=\"og:url\" content=\"https:\/\/efficiencymb.ca\/business\/leak-assessment-repair-program\/\" \/>\n<meta property=\"og:site_name\" content=\"Efficiency Manitoba\" \/>\n<meta property=\"og:image\" content=\"https:\/\/efficiencymb.ca\/wp-content\/uploads\/GettyImages-936167698-scaled-e1752786288257.jpg\" \/>\n\t<meta property=\"og:image:width\" content=\"2560\" \/>\n\t<meta property=\"og:image:height\" content=\"1707\" \/>\n\t<meta property=\"og:image:type\" content=\"image\/jpeg\" \/>\n<meta name=\"twitter:card\" content=\"summary_large_image\" \/>\n<meta name=\"twitter:label1\" content=\"Dur\u00e9e de lecture estim\u00e9e\" \/>\n\t<meta name=\"twitter:data1\" content=\"4 minutes\" \/>\n<script type=\"application\/ld+json\" class=\"yoast-schema-graph\">{\"@context\":\"https:\\\/\\\/schema.org\",\"@graph\":[{\"@type\":\"WebPage\",\"@id\":\"https:\\\/\\\/efficiencymb.ca\\\/business\\\/leak-assessment-repair-program\\\/\",\"url\":\"https:\\\/\\\/efficiencymb.ca\\\/business\\\/leak-assessment-repair-program\\\/\",\"name\":\"PROGRAMME D\u2019\u00c9VALUATION ET DE R\u00c9PARATION DES FUITES &#8212; Efficiency Manitoba\",\"isPartOf\":{\"@id\":\"https:\\\/\\\/efficiencymb.ca\\\/#website\"},\"primaryImageOfPage\":{\"@id\":\"https:\\\/\\\/efficiencymb.ca\\\/business\\\/leak-assessment-repair-program\\\/#primaryimage\"},\"image\":{\"@id\":\"https:\\\/\\\/efficiencymb.ca\\\/business\\\/leak-assessment-repair-program\\\/#primaryimage\"},\"thumbnailUrl\":\"https:\\\/\\\/efficiencymb.ca\\\/wp-content\\\/uploads\\\/GettyImages-936167698-scaled-e1752786288257.jpg\",\"datePublished\":\"2025-09-02T14:00:00+00:00\",\"description\":\"\u00c9valuez et r\u00e9parez les fuites dans vos installations industrielles, commerciales ou agricoles afin de recevoir des incitatifs financiers et d\u2019\u00e9conomiser de l\u2019\u00e9nergie.\",\"breadcrumb\":{\"@id\":\"https:\\\/\\\/efficiencymb.ca\\\/business\\\/leak-assessment-repair-program\\\/#breadcrumb\"},\"inLanguage\":\"fr-FR\",\"potentialAction\":[{\"@type\":\"ReadAction\",\"target\":[\"https:\\\/\\\/efficiencymb.ca\\\/business\\\/leak-assessment-repair-program\\\/\"]}]},{\"@type\":\"ImageObject\",\"inLanguage\":\"fr-FR\",\"@id\":\"https:\\\/\\\/efficiencymb.ca\\\/business\\\/leak-assessment-repair-program\\\/#primaryimage\",\"url\":\"https:\\\/\\\/efficiencymb.ca\\\/wp-content\\\/uploads\\\/GettyImages-936167698-scaled-e1752786288257.jpg\",\"contentUrl\":\"https:\\\/\\\/efficiencymb.ca\\\/wp-content\\\/uploads\\\/GettyImages-936167698-scaled-e1752786288257.jpg\",\"width\":2560,\"height\":1707},{\"@type\":\"BreadcrumbList\",\"@id\":\"https:\\\/\\\/efficiencymb.ca\\\/business\\\/leak-assessment-repair-program\\\/#breadcrumb\",\"itemListElement\":[{\"@type\":\"ListItem\",\"position\":1,\"name\":\"Home\",\"item\":\"https:\\\/\\\/efficiencymb.ca\\\/fr\\\/\"},{\"@type\":\"ListItem\",\"position\":2,\"name\":\"MON ENTREPRISE\",\"item\":\"https:\\\/\\\/efficiencymb.ca\\\/fr\\\/business\\\/\"},{\"@type\":\"ListItem\",\"position\":3,\"name\":\"PROGRAMME D\u2019\u00c9VALUATION ET DE R\u00c9PARATION DES FUITES\"}]},{\"@type\":\"WebSite\",\"@id\":\"https:\\\/\\\/efficiencymb.ca\\\/#website\",\"url\":\"https:\\\/\\\/efficiencymb.ca\\\/\",\"name\":\"Efficiency Manitoba\",\"description\":\"\",\"publisher\":{\"@id\":\"https:\\\/\\\/efficiencymb.ca\\\/#organization\"},\"potentialAction\":[{\"@type\":\"SearchAction\",\"target\":{\"@type\":\"EntryPoint\",\"urlTemplate\":\"https:\\\/\\\/efficiencymb.ca\\\/?s={search_term_string}\"},\"query-input\":{\"@type\":\"PropertyValueSpecification\",\"valueRequired\":true,\"valueName\":\"search_term_string\"}}],\"inLanguage\":\"fr-FR\"},{\"@type\":\"Organization\",\"@id\":\"https:\\\/\\\/efficiencymb.ca\\\/#organization\",\"name\":\"Efficiency Manitoba\",\"url\":\"https:\\\/\\\/efficiencymb.ca\\\/\",\"logo\":{\"@type\":\"ImageObject\",\"inLanguage\":\"fr-FR\",\"@id\":\"https:\\\/\\\/efficiencymb.ca\\\/#\\\/schema\\\/logo\\\/image\\\/\",\"url\":\"https:\\\/\\\/efficiencymb.ca\\\/wp-content\\\/uploads\\\/em-logo-white-en.png\",\"contentUrl\":\"https:\\\/\\\/efficiencymb.ca\\\/wp-content\\\/uploads\\\/em-logo-white-en.png\",\"width\":388,\"height\":91,\"caption\":\"Efficiency Manitoba\"},\"image\":{\"@id\":\"https:\\\/\\\/efficiencymb.ca\\\/#\\\/schema\\\/logo\\\/image\\\/\"}}]}<\/script>\n<!-- \/ Yoast SEO plugin. -->","yoast_head_json":{"title":"PROGRAMME D\u2019\u00c9VALUATION ET DE R\u00c9PARATION DES FUITES &#8212; Efficiency Manitoba","description":"\u00c9valuez et r\u00e9parez les fuites dans vos installations industrielles, commerciales ou agricoles afin de recevoir des incitatifs financiers et d\u2019\u00e9conomiser de l\u2019\u00e9nergie.","robots":{"index":"index","follow":"follow","max-snippet":"max-snippet:-1","max-image-preview":"max-image-preview:large","max-video-preview":"max-video-preview:-1"},"canonical":"https:\/\/efficiencymb.ca\/business\/leak-assessment-repair-program\/","og_locale":"fr_FR","og_type":"article","og_title":"PROGRAMME D\u2019\u00c9VALUATION ET DE R\u00c9PARATION DES FUITES &#8212; Efficiency Manitoba","og_description":"\u00c9valuez et r\u00e9parez les fuites dans vos installations industrielles, commerciales ou agricoles afin de recevoir des incitatifs financiers et d\u2019\u00e9conomiser de l\u2019\u00e9nergie.","og_url":"https:\/\/efficiencymb.ca\/business\/leak-assessment-repair-program\/","og_site_name":"Efficiency Manitoba","og_image":[{"width":2560,"height":1707,"url":"https:\/\/efficiencymb.ca\/wp-content\/uploads\/GettyImages-936167698-scaled-e1752786288257.jpg","type":"image\/jpeg"}],"twitter_card":"summary_large_image","twitter_misc":{"Dur\u00e9e de lecture estim\u00e9e":"4 minutes"},"schema":{"@context":"https:\/\/schema.org","@graph":[{"@type":"WebPage","@id":"https:\/\/efficiencymb.ca\/business\/leak-assessment-repair-program\/","url":"https:\/\/efficiencymb.ca\/business\/leak-assessment-repair-program\/","name":"PROGRAMME D\u2019\u00c9VALUATION ET DE R\u00c9PARATION DES FUITES &#8212; Efficiency Manitoba","isPartOf":{"@id":"https:\/\/efficiencymb.ca\/#website"},"primaryImageOfPage":{"@id":"https:\/\/efficiencymb.ca\/business\/leak-assessment-repair-program\/#primaryimage"},"image":{"@id":"https:\/\/efficiencymb.ca\/business\/leak-assessment-repair-program\/#primaryimage"},"thumbnailUrl":"https:\/\/efficiencymb.ca\/wp-content\/uploads\/GettyImages-936167698-scaled-e1752786288257.jpg","datePublished":"2025-09-02T14:00:00+00:00","description":"\u00c9valuez et r\u00e9parez les fuites dans vos installations industrielles, commerciales ou agricoles afin de recevoir des incitatifs financiers et d\u2019\u00e9conomiser de l\u2019\u00e9nergie.","breadcrumb":{"@id":"https:\/\/efficiencymb.ca\/business\/leak-assessment-repair-program\/#breadcrumb"},"inLanguage":"fr-FR","potentialAction":[{"@type":"ReadAction","target":["https:\/\/efficiencymb.ca\/business\/leak-assessment-repair-program\/"]}]},{"@type":"ImageObject","inLanguage":"fr-FR","@id":"https:\/\/efficiencymb.ca\/business\/leak-assessment-repair-program\/#primaryimage","url":"https:\/\/efficiencymb.ca\/wp-content\/uploads\/GettyImages-936167698-scaled-e1752786288257.jpg","contentUrl":"https:\/\/efficiencymb.ca\/wp-content\/uploads\/GettyImages-936167698-scaled-e1752786288257.jpg","width":2560,"height":1707},{"@type":"BreadcrumbList","@id":"https:\/\/efficiencymb.ca\/business\/leak-assessment-repair-program\/#breadcrumb","itemListElement":[{"@type":"ListItem","position":1,"name":"Home","item":"https:\/\/efficiencymb.ca\/fr\/"},{"@type":"ListItem","position":2,"name":"MON ENTREPRISE","item":"https:\/\/efficiencymb.ca\/fr\/business\/"},{"@type":"ListItem","position":3,"name":"PROGRAMME D\u2019\u00c9VALUATION ET DE R\u00c9PARATION DES FUITES"}]},{"@type":"WebSite","@id":"https:\/\/efficiencymb.ca\/#website","url":"https:\/\/efficiencymb.ca\/","name":"Efficiency Manitoba","description":"","publisher":{"@id":"https:\/\/efficiencymb.ca\/#organization"},"potentialAction":[{"@type":"SearchAction","target":{"@type":"EntryPoint","urlTemplate":"https:\/\/efficiencymb.ca\/?s={search_term_string}"},"query-input":{"@type":"PropertyValueSpecification","valueRequired":true,"valueName":"search_term_string"}}],"inLanguage":"fr-FR"},{"@type":"Organization","@id":"https:\/\/efficiencymb.ca\/#organization","name":"Efficiency Manitoba","url":"https:\/\/efficiencymb.ca\/","logo":{"@type":"ImageObject","inLanguage":"fr-FR","@id":"https:\/\/efficiencymb.ca\/#\/schema\/logo\/image\/","url":"https:\/\/efficiencymb.ca\/wp-content\/uploads\/em-logo-white-en.png","contentUrl":"https:\/\/efficiencymb.ca\/wp-content\/uploads\/em-logo-white-en.png","width":388,"height":91,"caption":"Efficiency Manitoba"},"image":{"@id":"https:\/\/efficiencymb.ca\/#\/schema\/logo\/image\/"}}]}},"_links":{"self":[{"href":"https:\/\/efficiencymb.ca\/fr\/wp-json\/wp\/v2\/pages\/78889","targetHints":{"allow":["GET"]}}],"collection":[{"href":"https:\/\/efficiencymb.ca\/fr\/wp-json\/wp\/v2\/pages"}],"about":[{"href":"https:\/\/efficiencymb.ca\/fr\/wp-json\/wp\/v2\/types\/page"}],"author":[{"embeddable":true,"href":"https:\/\/efficiencymb.ca\/fr\/wp-json\/wp\/v2\/users\/10"}],"replies":[{"embeddable":true,"href":"https:\/\/efficiencymb.ca\/fr\/wp-json\/wp\/v2\/comments?post=78889"}],"version-history":[{"count":13,"href":"https:\/\/efficiencymb.ca\/fr\/wp-json\/wp\/v2\/pages\/78889\/revisions"}],"predecessor-version":[{"id":80129,"href":"https:\/\/efficiencymb.ca\/fr\/wp-json\/wp\/v2\/pages\/78889\/revisions\/80129"}],"up":[{"embeddable":true,"href":"https:\/\/efficiencymb.ca\/fr\/wp-json\/wp\/v2\/pages\/13103"}],"wp:featuredmedia":[{"embeddable":true,"href":"https:\/\/efficiencymb.ca\/fr\/wp-json\/wp\/v2\/media\/78891"}],"wp:attachment":[{"href":"https:\/\/efficiencymb.ca\/fr\/wp-json\/wp\/v2\/media?parent=78889"}],"curies":[{"name":"wp","href":"https:\/\/api.w.org\/{rel}","templated":true}]}}