{"id":77453,"date":"2025-06-23T16:00:00","date_gmt":"2025-06-23T21:00:00","guid":{"rendered":"https:\/\/efficiencymb.ca\/?page_id=77453"},"modified":"2025-11-20T10:29:38","modified_gmt":"2025-11-20T16:29:38","slug":"foire-aux-questions","status":"publish","type":"page","link":"https:\/\/efficiencymb.ca\/fr\/energie-domestique-abordable\/foire-aux-questions\/","title":{"rendered":"PROGREAMME D&rsquo;\u00c9NERGIE DOMESTIQUE ABORDABLE"},"content":{"rendered":"\n<div class=\"wp-block-group is-style-content-wide\"><div class=\"wp-block-group__inner-container is-layout-flow wp-block-group-is-layout-flow\">\n<h1 class=\"wp-block-heading has-text-align-center is-style-hero-heading\">Foire aux questions<\/h1>\n\n\n\n<p class=\"has-text-align-center\">Le Programme d\u2019\u00e9nergie domestique abordable permet aux Manitobains et aux Manitobaines de passer plus facilement \u00e0 des syst\u00e8mes de thermopompes \u00e9co\u00e9nerg\u00e9tiques, sans frais initiaux. Nous r\u00e9pondons ci-dessous \u00e0 certaines des questions les plus courantes concernant le fonctionnement du programme, les personnes admissibles, les incitatifs offerts et les fa\u00e7ons dont le programme peut vous aider \u00e0 \u00e9conomiser de l\u2019\u00e9nergie et de l\u2019argent, tout en soutenant un Manitoba plus propre et plus durable.<\/p>\n\n\n\n<h4 class=\"wp-block-heading\"><strong>Qu&rsquo;est-ce que le Programme d&rsquo;\u00e9nergie domestique abordable?<\/strong><\/h4>\n\n\n\n<p>Le Programme d\u2019\u00e9nergie domestique abordable, une initiative cl\u00e9 du plan d\u2019\u00e9nergie abordable du Manitoba, vise \u00e0 r\u00e9duire les factures \u00e9nerg\u00e9tiques gr\u00e2ce \u00e0 l\u2019installation de nouvelles thermopompes pour chauffer et climatiser les maisons de 5 000 familles manitobaines.<\/p>\n\n\n\n<h4 class=\"wp-block-heading\"><strong>Quel r\u00f4le joue Efficacit\u00e9 Manitoba au sein du programme?<\/strong><\/h4>\n\n\n\n<p>Efficacit\u00e9 Manitoba appuie la prestation du Programme d\u2019\u00e9nergie domestique abordable en fournissant un soutien sur les plans de l\u2019administration, des finances et du marketing pour l\u2019installation de syst\u00e8mes de thermopompes \u00e9co\u00e9nerg\u00e9tiques dans les maisons et les immeubles r\u00e9sidentiels \u00e0 logements multiples du Manitoba.<\/p>\n\n\n\n<h4 class=\"wp-block-heading\"><strong>Quels sont les avantages du programme?<\/strong><\/h4>\n\n\n\n<p>Le programme offre une gamme d\u2019avantages \u00e0 la population manitobaine et au secteur de l\u2019\u00e9nergie propre, notamment&nbsp;les suivants :<\/p>\n\n\n\n<ul class=\"wp-block-list is-style-small\">\n<li>r\u00e9duire les factures \u00e9nerg\u00e9tiques des m\u00e9nages qui chauffent \u00e0 l\u2019\u00e9lectricit\u00e9 gr\u00e2ce \u00e0 des \u00e9conomies imm\u00e9diates;<\/li>\n\n\n\n<li>rendre l\u2019installation de thermopompes g\u00e9othermiques plus accessible dans l\u2019ensemble de la province;<\/li>\n\n\n\n<li>accro\u00eetre le confort et le rendement \u00e9nerg\u00e9tique dans les maisons;<\/li>\n\n\n\n<li>offrir des options souples et personnalis\u00e9es pour r\u00e9pondre aux besoins particuliers des diff\u00e9rents m\u00e9nages et communaut\u00e9s;<\/li>\n\n\n\n<li>soutenir les objectifs \u00e9nerg\u00e9tiques et climatiques du Manitoba en r\u00e9duisant la demande d\u2019\u00e9lectricit\u00e9, en particulier pendant les p\u00e9riodes de pointe;<\/li>\n\n\n\n<li>cr\u00e9er de nouvelles possibilit\u00e9s d\u2019emploi et soutenir le perfectionnement de la main-d\u2019\u0153uvre dans le secteur de l\u2019\u00e9nergie propre, ce qui contribue \u00e0 l\u2019\u00e9conomie verte du Manitoba.<\/li>\n<\/ul>\n\n\n\n<h4 class=\"wp-block-heading\"><strong>Quels types d\u2019incitatif ou de remise Efficacit\u00e9 Manitoba offre-t-il pour les thermopompes g\u00e9othermiques?<\/strong><\/h4>\n\n\n\n<p>Efficacit\u00e9 Manitoba propose de nombreuses offres pour aider les Manitobains et les Manitobaines \u00e0 remplacer leur syst\u00e8me de chauffage r\u00e9sidentiel par une thermopompe g\u00e9othermique.&nbsp;Pour chaque offre, des crit\u00e8res d\u2019admissibilit\u00e9 particuliers et des niveaux d\u2019incitatif ont \u00e9t\u00e9 \u00e9tablis en fonction de plusieurs facteurs, tels que le revenu du m\u00e9nage. Les Manitobains et les Manitobaines peuvent trouver l\u2019offre qui leur convient le mieux \u00e0 l\u2019adresse <a href=\"https:\/\/efficiencymb.ca\/fr\/energie-domestique-abordable\/\">https:\/\/efficiencymb.ca\/fr\/energie-domestique-abordable\/<\/a>.&nbsp;<\/p>\n\n\n\n<figure class=\"wp-block-flexible-table-block-table\"><table class=\"has-fixed-layout\"><tbody><tr><td colspan=\"2\" style=\"background-color:#2493d1;color:#ffffff;font-size:20px;line-height:1.2\"><strong>PROGRAMME D&rsquo;\u00c9NERGIE DOMESTIQUE ABORDABLE<\/strong><\/td><td style=\"font-size:20px;color:#ffffff;background-color:#2493d1;line-height:1.2\"><strong>RENSEIGNEMENTS D\u00c9TAILL\u00c9S CONCERNANT L&rsquo;OFFRE<\/strong><\/td><\/tr><tr><td rowspan=\"2\" style=\"color:#ffffff;background-color:#2493d1;line-height:1.2\"><strong>Clients \u00e0 revenu admissible (propri\u00e9taires ou locataires)<\/strong><\/td><td style=\"line-height:1.2\">Programme d\u2019aide \u00e0 l\u2019efficacit\u00e9 \u00e9nerg\u00e9tique&nbsp;<\/td><td rowspan=\"2\" style=\"line-height:1.2\">Les m\u00e9nages admissibles peuvent faire installer gratuitement une thermopompe g\u00e9othermique.<\/td><\/tr><tr><td style=\"line-height:1.2\">Offres d\u2019efficacit\u00e9 \u00e9nerg\u00e9tique pour les M\u00e9tis&nbsp;<\/td><\/tr><tr><td style=\"color:#ffffff;background-color:#2493d1;line-height:1.2\"><strong><strong>Communaut\u00e9s des Premi\u00e8res Nations&nbsp;<\/strong><\/strong><\/td><td style=\"line-height:1.2\">Programme de thermopompes pour les communaut\u00e9s&nbsp;&nbsp;<\/td><td style=\"line-height:1.2\">Aucun co\u00fbt initial pour le volet Entente de r\u00e9sultats ax\u00e9s sur les besoins communautaires (incitatifs estim\u00e9s = 10 000 $ \u00e0 15 000 $ pour les thermopompes g\u00e9othermiques et 7 500 $ pour les thermopompes \u00e0 air pour climat froid), en tirant parti d\u2019autres partenariats qui fournissent du financement.<\/td><\/tr><tr><td style=\"color:#ffffff;background-color:#2493d1;line-height:1.2\"><strong>Clients r\u00e9sidentiels<\/strong><\/td><td style=\"line-height:1.2\">Programme de thermopompes g\u00e9othermiques<\/td><td style=\"line-height:1.2\">Contribution du client de 75 $ par mois pendant 15 ans = 13 500 $.&nbsp; Estimation de l\u2019incitatif = 21&nbsp;200 $; admissible au cumul avec le montant accord\u00e9 pour des maisons neuves; le plafond s\u2019applique aux syst\u00e8mes dont le co\u00fbt d\u2019installation s\u2019\u00e9l\u00e8ve \u00e0 plus de 38 000 $.<\/td><\/tr><tr><td rowspan=\"2\" style=\"color:#ffffff;background-color:#2493d1;line-height:1.2\"><strong>Projet commercial d\u2019immeuble r\u00e9sidentiel \u00e0 logements multiples<\/strong><\/td><td style=\"line-height:1.2\">R\u00e9novations \u00e9co\u00e9nerg\u00e9tiques en profondeur &nbsp;<\/td><td rowspan=\"2\" style=\"line-height:1.2\">Prime de client 100 % sur l\u2019incitatif de performance pour les projets int\u00e9grant des thermopompes g\u00e9othermiques.<\/td><\/tr><tr><td style=\"line-height:1.2\">Programme pour les nouveaux b\u00e2timents&nbsp;&nbsp;<\/td><\/tr><tr><td style=\"color:#ffffff;background-color:#2493d1;line-height:1.2\"><strong>Syst\u00e8mes de district de thermopompes g\u00e9othermiques&nbsp;<\/strong><\/td><td style=\"line-height:1.2\">Fonds d\u2019innovation<\/td><td style=\"line-height:1.2\">Jusqu\u2019\u00e0 50 % des incitatifs pour l\u2019\u00e9tude de faisabilit\u00e9.&nbsp;Incitatifs pour les immobilisations pouvant totaliser 2,50 $ le pied carr\u00e9 pour la construction du syst\u00e8me.<\/td><\/tr><\/tbody><\/table><\/figure>\n\n\n\n<h4 class=\"wp-block-heading\"><strong>Pourquoi les niveaux d\u2019incitatifs et le soutien d\u2019Efficacit\u00e9 Manitoba sont-ils diff\u00e9rents pour chaque segment de client\u00e8le du programme?<\/strong><\/h4>\n\n\n\n<p>Les niveaux d\u2019incitatifs et le soutien d\u2019Efficacit\u00e9 Manitoba varient selon le segment de client\u00e8le afin que le programme soit accessible et \u00e9quitable pour tous les Manitobains et Manitobaines. Chaque offre est con\u00e7ue pour tenir compte des besoins particuliers, des circonstances financi\u00e8res et de la situation au regard du logement de diff\u00e9rents groupes, tels que les m\u00e9nages \u00e0 revenu admissible, les communaut\u00e9s autochtones, les propri\u00e9taires de maison dans un march\u00e9 de masse et les immeubles r\u00e9sidentiels \u00e0 logements multiples. Cette approche sur mesure permet d\u2019accro\u00eetre la participation, les \u00e9conomies d\u2019\u00e9nergie et les retomb\u00e9es globales dans l\u2019ensemble de la province.<\/p>\n\n\n\n<h4 class=\"wp-block-heading\"><strong>Qu&rsquo;est-ce qu\u2019une thermopompe g\u00e9othermique?<\/strong><\/h4>\n\n\n\n<p>Les thermopompes g\u00e9othermiques (parfois appel\u00e9es \u00ab pompes g\u00e9othermiques \u00bb) sont des syst\u00e8mes de chauffage et de climatisation \u00e9co\u00e9nerg\u00e9tiques et respectueux de l\u2019environnement. Les thermopompes g\u00e9othermiques sont vraiment efficaces parce qu\u2019elles propulsent la chaleur ambiante dans le sol ou l\u2019en extraient, plut\u00f4t que de produire de la chaleur en br\u00fblant des combustibles fossiles ou en alimentant un \u00e9l\u00e9ment \u00e9lectrique.<\/p>\n\n\n\n<h4 class=\"wp-block-heading\"><strong>Comment fonctionne une thermopompe g\u00e9othermique?<\/strong><\/h4>\n\n\n\n<p>Une pompe \u00e9lectrique fait circuler un fluide caloporteur dans une boucle de tuyaux qui sont g\u00e9n\u00e9ralement enfouis sous terre. En mode chauffage, le fluide \u00e0 l\u2019int\u00e9rieur de la boucle absorbe la chaleur du sol, qui reste \u00e0 une temp\u00e9rature stable, quelle que soit la temp\u00e9rature au-dessus du sol. Le fluide chauff\u00e9 passe ensuite par un \u00e9changeur de chaleur dans la thermopompe, o\u00f9 la chaleur est extraite et transmise \u00e0 un ventilo-convecteur ou \u00e0 un syst\u00e8me de radiateur dans le b\u00e2timent. Ce processus s\u2019inverse lorsque le syst\u00e8me fonctionne en mode refroidissement et que la chaleur du b\u00e2timent est redistribu\u00e9e dans le sol.<\/p>\n\n\n\n<h4 class=\"wp-block-heading\"><strong>Quels sont les avantages des thermopompes g\u00e9othermiques?&nbsp;<\/strong><\/h4>\n\n\n\n<p>Une thermopompe g\u00e9othermique est le moyen le plus \u00e9co\u00e9nerg\u00e9tique de chauffer et de climatiser votre maison dans le climat froid du Manitoba. Les clients qui d\u00e9laissent le chauffage par r\u00e9sistance \u00e9lectrique pour une thermopompe g\u00e9othermique peuvent r\u00e9aliser des \u00e9conomies d\u2019\u00e9nergie de chauffage allant jusqu\u2019\u00e0 60 %.<\/p>\n\n\n\n<h4 class=\"wp-block-heading\"><strong>Combien d\u2019\u00e9nergie une thermopompe g\u00e9othermique permet-elle d\u2019\u00e9conomiser?<\/strong><\/h4>\n\n\n\n<p>Les \u00e9conomies d\u2019\u00e9nergie r\u00e9elles par maison varient en fonction de divers facteurs, notamment le type, l\u2019\u00e2ge et la source de combustible du syst\u00e8me remplac\u00e9, la qualit\u00e9 de l\u2019enveloppe du b\u00e2timent (isolation, \u00e9tanch\u00e9it\u00e9 \u00e0 l\u2019air, fen\u00eatres et portes) et les caract\u00e9ristiques et comportements uniques des propri\u00e9taires (nombre d\u2019occupants, r\u00e9glages du thermostat, etc.).<\/p>\n\n\n\n<h4 class=\"wp-block-heading\"><strong>\u00c0 combien s\u2019\u00e9l\u00e8vera la participation de la population manitobaine \u00e0 ce programme?&nbsp;<\/strong><\/h4>\n\n\n\n<p>Les propri\u00e9taires peuvent faire installer une thermopompe g\u00e9othermique sans frais initiaux. Le programme a \u00e9t\u00e9 con\u00e7u pour que les paiements mensuels des pr\u00eats soient compens\u00e9s par des \u00e9conomies d\u2019\u00e9nergie, ce qui signifie que les propri\u00e9taires qui chauffaient leur maison \u00e0 l\u2019\u00e9lectricit\u00e9 verront imm\u00e9diatement une r\u00e9duction nette de leurs factures \u00e9nerg\u00e9tiques.<\/p>\n\n\n\n<p>Le Programme d\u2019\u00e9nergie domestique abordable offre de nombreuses options de soutien financier qui couvrent une partie importante des frais d\u2019installation. Les am\u00e9liorations \u00e9co\u00e9nerg\u00e9tiques sont donc plus accessibles et abordables pour les familles manitobaines.<\/p>\n\n\n\n<h4 class=\"wp-block-heading\"><strong>Quel r\u00f4le jouera le groupe de travail sur l\u2019industrie des thermopompes g\u00e9othermiques?<\/strong><\/h4>\n\n\n\n<p>Efficacit\u00e9 Manitoba appuie la cr\u00e9ation d\u2019un groupe de travail sur l\u2019industrie des thermopompes g\u00e9othermiques. Ce groupe \u00e9valuera l\u2019\u00e9tat de pr\u00e9paration de la main-d\u2019\u0153uvre, cernera les lacunes en mati\u00e8re de formation et veillera \u00e0 ce que le Manitoba puisse r\u00e9pondre \u00e0 la demande croissante avec des talents locaux comp\u00e9tents. Par l\u2019entremise de son Fonds d\u2019innovation, Efficacit\u00e9 Manitoba a investi 200 000 $ dans le Conseil sectoriel de la construction du Manitoba pour diriger ces travaux importants.<\/p>\n<\/div><\/div>\n","protected":false},"excerpt":{"rendered":"<p>Voici quelques r\u00e9ponses aux questions que nous recevons couramment au sujet de notre Programme d\u2019\u00e9nergie domestique abordable.<\/p>\n","protected":false},"author":10,"featured_media":75343,"parent":74964,"menu_order":0,"comment_status":"closed","ping_status":"closed","template":"","meta":{"_acf_changed":false,"footnotes":""},"class_list":["post-77453","page","type-page","status-publish","has-post-thumbnail","hentry","page_cat-programs"],"acf":[],"yoast_head":"<!-- This site is optimized with the Yoast SEO plugin v27.3 - https:\/\/yoast.com\/product\/yoast-seo-wordpress\/ -->\n<title>PROGREAMME D&#039;\u00c9NERGIE DOMESTIQUE ABORDABLE &#8212; Efficiency Manitoba<\/title>\n<meta name=\"description\" content=\"Voici quelques r\u00e9ponses aux questions que nous recevons couramment au sujet de notre Programme d\u2019\u00e9nergie domestique abordable.\" \/>\n<meta name=\"robots\" content=\"index, follow, max-snippet:-1, max-image-preview:large, max-video-preview:-1\" \/>\n<link rel=\"canonical\" href=\"https:\/\/efficiencymb.ca\/fr\/energie-domestique-abordable\/foire-aux-questions\/\" \/>\n<meta property=\"og:locale\" content=\"fr_FR\" \/>\n<meta property=\"og:type\" content=\"article\" \/>\n<meta property=\"og:title\" content=\"PROGREAMME D&#039;\u00c9NERGIE DOMESTIQUE ABORDABLE &#8212; Efficiency Manitoba\" \/>\n<meta property=\"og:description\" content=\"Voici quelques r\u00e9ponses aux questions que nous recevons couramment au sujet de notre Programme d\u2019\u00e9nergie domestique abordable.\" \/>\n<meta property=\"og:url\" content=\"https:\/\/efficiencymb.ca\/fr\/energie-domestique-abordable\/foire-aux-questions\/\" \/>\n<meta property=\"og:site_name\" content=\"Efficiency Manitoba\" \/>\n<meta property=\"article:modified_time\" content=\"2025-11-20T16:29:38+00:00\" \/>\n<meta property=\"og:image\" content=\"https:\/\/efficiencymb.ca\/wp-content\/uploads\/affordable-home-energy-172182013.jpg\" \/>\n\t<meta property=\"og:image:width\" content=\"2400\" \/>\n\t<meta property=\"og:image:height\" content=\"1350\" \/>\n\t<meta property=\"og:image:type\" content=\"image\/jpeg\" \/>\n<meta name=\"twitter:card\" content=\"summary_large_image\" \/>\n<meta name=\"twitter:label1\" content=\"Dur\u00e9e de lecture estim\u00e9e\" \/>\n\t<meta name=\"twitter:data1\" content=\"6 minutes\" \/>\n<script type=\"application\/ld+json\" class=\"yoast-schema-graph\">{\"@context\":\"https:\\\/\\\/schema.org\",\"@graph\":[{\"@type\":\"WebPage\",\"@id\":\"https:\\\/\\\/efficiencymb.ca\\\/fr\\\/energie-domestique-abordable\\\/foire-aux-questions\\\/\",\"url\":\"https:\\\/\\\/efficiencymb.ca\\\/fr\\\/energie-domestique-abordable\\\/foire-aux-questions\\\/\",\"name\":\"PROGREAMME D'\u00c9NERGIE DOMESTIQUE ABORDABLE &#8212; Efficiency Manitoba\",\"isPartOf\":{\"@id\":\"https:\\\/\\\/efficiencymb.ca\\\/#website\"},\"primaryImageOfPage\":{\"@id\":\"https:\\\/\\\/efficiencymb.ca\\\/fr\\\/energie-domestique-abordable\\\/foire-aux-questions\\\/#primaryimage\"},\"image\":{\"@id\":\"https:\\\/\\\/efficiencymb.ca\\\/fr\\\/energie-domestique-abordable\\\/foire-aux-questions\\\/#primaryimage\"},\"thumbnailUrl\":\"https:\\\/\\\/efficiencymb.ca\\\/wp-content\\\/uploads\\\/affordable-home-energy-172182013.jpg\",\"datePublished\":\"2025-06-23T21:00:00+00:00\",\"dateModified\":\"2025-11-20T16:29:38+00:00\",\"description\":\"Voici quelques r\u00e9ponses aux questions que nous recevons couramment au sujet de notre Programme d\u2019\u00e9nergie domestique abordable.\",\"breadcrumb\":{\"@id\":\"https:\\\/\\\/efficiencymb.ca\\\/fr\\\/energie-domestique-abordable\\\/foire-aux-questions\\\/#breadcrumb\"},\"inLanguage\":\"fr-FR\",\"potentialAction\":[{\"@type\":\"ReadAction\",\"target\":[\"https:\\\/\\\/efficiencymb.ca\\\/fr\\\/energie-domestique-abordable\\\/foire-aux-questions\\\/\"]}]},{\"@type\":\"ImageObject\",\"inLanguage\":\"fr-FR\",\"@id\":\"https:\\\/\\\/efficiencymb.ca\\\/fr\\\/energie-domestique-abordable\\\/foire-aux-questions\\\/#primaryimage\",\"url\":\"https:\\\/\\\/efficiencymb.ca\\\/wp-content\\\/uploads\\\/affordable-home-energy-172182013.jpg\",\"contentUrl\":\"https:\\\/\\\/efficiencymb.ca\\\/wp-content\\\/uploads\\\/affordable-home-energy-172182013.jpg\",\"width\":2400,\"height\":1350},{\"@type\":\"BreadcrumbList\",\"@id\":\"https:\\\/\\\/efficiencymb.ca\\\/fr\\\/energie-domestique-abordable\\\/foire-aux-questions\\\/#breadcrumb\",\"itemListElement\":[{\"@type\":\"ListItem\",\"position\":1,\"name\":\"Home\",\"item\":\"https:\\\/\\\/efficiencymb.ca\\\/fr\\\/\"},{\"@type\":\"ListItem\",\"position\":2,\"name\":\"PROGRAMME D\u2019\u00c9NERGIE DOMESTIQUE ABORDABLE\",\"item\":\"https:\\\/\\\/efficiencymb.ca\\\/fr\\\/energie-domestique-abordable\\\/\"},{\"@type\":\"ListItem\",\"position\":3,\"name\":\"PROGREAMME D&#8217;\u00c9NERGIE DOMESTIQUE ABORDABLE\"}]},{\"@type\":\"WebSite\",\"@id\":\"https:\\\/\\\/efficiencymb.ca\\\/#website\",\"url\":\"https:\\\/\\\/efficiencymb.ca\\\/\",\"name\":\"Efficiency Manitoba\",\"description\":\"\",\"publisher\":{\"@id\":\"https:\\\/\\\/efficiencymb.ca\\\/#organization\"},\"potentialAction\":[{\"@type\":\"SearchAction\",\"target\":{\"@type\":\"EntryPoint\",\"urlTemplate\":\"https:\\\/\\\/efficiencymb.ca\\\/?s={search_term_string}\"},\"query-input\":{\"@type\":\"PropertyValueSpecification\",\"valueRequired\":true,\"valueName\":\"search_term_string\"}}],\"inLanguage\":\"fr-FR\"},{\"@type\":\"Organization\",\"@id\":\"https:\\\/\\\/efficiencymb.ca\\\/#organization\",\"name\":\"Efficiency Manitoba\",\"url\":\"https:\\\/\\\/efficiencymb.ca\\\/\",\"logo\":{\"@type\":\"ImageObject\",\"inLanguage\":\"fr-FR\",\"@id\":\"https:\\\/\\\/efficiencymb.ca\\\/#\\\/schema\\\/logo\\\/image\\\/\",\"url\":\"https:\\\/\\\/efficiencymb.ca\\\/wp-content\\\/uploads\\\/em-logo-white-en.png\",\"contentUrl\":\"https:\\\/\\\/efficiencymb.ca\\\/wp-content\\\/uploads\\\/em-logo-white-en.png\",\"width\":388,\"height\":91,\"caption\":\"Efficiency Manitoba\"},\"image\":{\"@id\":\"https:\\\/\\\/efficiencymb.ca\\\/#\\\/schema\\\/logo\\\/image\\\/\"}}]}<\/script>\n<!-- \/ Yoast SEO plugin. -->","yoast_head_json":{"title":"PROGREAMME D'\u00c9NERGIE DOMESTIQUE ABORDABLE &#8212; Efficiency Manitoba","description":"Voici quelques r\u00e9ponses aux questions que nous recevons couramment au sujet de notre Programme d\u2019\u00e9nergie domestique abordable.","robots":{"index":"index","follow":"follow","max-snippet":"max-snippet:-1","max-image-preview":"max-image-preview:large","max-video-preview":"max-video-preview:-1"},"canonical":"https:\/\/efficiencymb.ca\/fr\/energie-domestique-abordable\/foire-aux-questions\/","og_locale":"fr_FR","og_type":"article","og_title":"PROGREAMME D'\u00c9NERGIE DOMESTIQUE ABORDABLE &#8212; Efficiency Manitoba","og_description":"Voici quelques r\u00e9ponses aux questions que nous recevons couramment au sujet de notre Programme d\u2019\u00e9nergie domestique abordable.","og_url":"https:\/\/efficiencymb.ca\/fr\/energie-domestique-abordable\/foire-aux-questions\/","og_site_name":"Efficiency Manitoba","article_modified_time":"2025-11-20T16:29:38+00:00","og_image":[{"width":2400,"height":1350,"url":"https:\/\/efficiencymb.ca\/wp-content\/uploads\/affordable-home-energy-172182013.jpg","type":"image\/jpeg"}],"twitter_card":"summary_large_image","twitter_misc":{"Dur\u00e9e de lecture estim\u00e9e":"6 minutes"},"schema":{"@context":"https:\/\/schema.org","@graph":[{"@type":"WebPage","@id":"https:\/\/efficiencymb.ca\/fr\/energie-domestique-abordable\/foire-aux-questions\/","url":"https:\/\/efficiencymb.ca\/fr\/energie-domestique-abordable\/foire-aux-questions\/","name":"PROGREAMME D'\u00c9NERGIE DOMESTIQUE ABORDABLE &#8212; Efficiency Manitoba","isPartOf":{"@id":"https:\/\/efficiencymb.ca\/#website"},"primaryImageOfPage":{"@id":"https:\/\/efficiencymb.ca\/fr\/energie-domestique-abordable\/foire-aux-questions\/#primaryimage"},"image":{"@id":"https:\/\/efficiencymb.ca\/fr\/energie-domestique-abordable\/foire-aux-questions\/#primaryimage"},"thumbnailUrl":"https:\/\/efficiencymb.ca\/wp-content\/uploads\/affordable-home-energy-172182013.jpg","datePublished":"2025-06-23T21:00:00+00:00","dateModified":"2025-11-20T16:29:38+00:00","description":"Voici quelques r\u00e9ponses aux questions que nous recevons couramment au sujet de notre Programme d\u2019\u00e9nergie domestique abordable.","breadcrumb":{"@id":"https:\/\/efficiencymb.ca\/fr\/energie-domestique-abordable\/foire-aux-questions\/#breadcrumb"},"inLanguage":"fr-FR","potentialAction":[{"@type":"ReadAction","target":["https:\/\/efficiencymb.ca\/fr\/energie-domestique-abordable\/foire-aux-questions\/"]}]},{"@type":"ImageObject","inLanguage":"fr-FR","@id":"https:\/\/efficiencymb.ca\/fr\/energie-domestique-abordable\/foire-aux-questions\/#primaryimage","url":"https:\/\/efficiencymb.ca\/wp-content\/uploads\/affordable-home-energy-172182013.jpg","contentUrl":"https:\/\/efficiencymb.ca\/wp-content\/uploads\/affordable-home-energy-172182013.jpg","width":2400,"height":1350},{"@type":"BreadcrumbList","@id":"https:\/\/efficiencymb.ca\/fr\/energie-domestique-abordable\/foire-aux-questions\/#breadcrumb","itemListElement":[{"@type":"ListItem","position":1,"name":"Home","item":"https:\/\/efficiencymb.ca\/fr\/"},{"@type":"ListItem","position":2,"name":"PROGRAMME D\u2019\u00c9NERGIE DOMESTIQUE ABORDABLE","item":"https:\/\/efficiencymb.ca\/fr\/energie-domestique-abordable\/"},{"@type":"ListItem","position":3,"name":"PROGREAMME D&#8217;\u00c9NERGIE DOMESTIQUE ABORDABLE"}]},{"@type":"WebSite","@id":"https:\/\/efficiencymb.ca\/#website","url":"https:\/\/efficiencymb.ca\/","name":"Efficiency Manitoba","description":"","publisher":{"@id":"https:\/\/efficiencymb.ca\/#organization"},"potentialAction":[{"@type":"SearchAction","target":{"@type":"EntryPoint","urlTemplate":"https:\/\/efficiencymb.ca\/?s={search_term_string}"},"query-input":{"@type":"PropertyValueSpecification","valueRequired":true,"valueName":"search_term_string"}}],"inLanguage":"fr-FR"},{"@type":"Organization","@id":"https:\/\/efficiencymb.ca\/#organization","name":"Efficiency Manitoba","url":"https:\/\/efficiencymb.ca\/","logo":{"@type":"ImageObject","inLanguage":"fr-FR","@id":"https:\/\/efficiencymb.ca\/#\/schema\/logo\/image\/","url":"https:\/\/efficiencymb.ca\/wp-content\/uploads\/em-logo-white-en.png","contentUrl":"https:\/\/efficiencymb.ca\/wp-content\/uploads\/em-logo-white-en.png","width":388,"height":91,"caption":"Efficiency Manitoba"},"image":{"@id":"https:\/\/efficiencymb.ca\/#\/schema\/logo\/image\/"}}]}},"_links":{"self":[{"href":"https:\/\/efficiencymb.ca\/fr\/wp-json\/wp\/v2\/pages\/77453","targetHints":{"allow":["GET"]}}],"collection":[{"href":"https:\/\/efficiencymb.ca\/fr\/wp-json\/wp\/v2\/pages"}],"about":[{"href":"https:\/\/efficiencymb.ca\/fr\/wp-json\/wp\/v2\/types\/page"}],"author":[{"embeddable":true,"href":"https:\/\/efficiencymb.ca\/fr\/wp-json\/wp\/v2\/users\/10"}],"replies":[{"embeddable":true,"href":"https:\/\/efficiencymb.ca\/fr\/wp-json\/wp\/v2\/comments?post=77453"}],"version-history":[{"count":9,"href":"https:\/\/efficiencymb.ca\/fr\/wp-json\/wp\/v2\/pages\/77453\/revisions"}],"predecessor-version":[{"id":83496,"href":"https:\/\/efficiencymb.ca\/fr\/wp-json\/wp\/v2\/pages\/77453\/revisions\/83496"}],"up":[{"embeddable":true,"href":"https:\/\/efficiencymb.ca\/fr\/wp-json\/wp\/v2\/pages\/74964"}],"wp:featuredmedia":[{"embeddable":true,"href":"https:\/\/efficiencymb.ca\/fr\/wp-json\/wp\/v2\/media\/75343"}],"wp:attachment":[{"href":"https:\/\/efficiencymb.ca\/fr\/wp-json\/wp\/v2\/media?parent=77453"}],"curies":[{"name":"wp","href":"https:\/\/api.w.org\/{rel}","templated":true}]}}