{"id":76359,"date":"2025-05-16T09:48:00","date_gmt":"2025-05-16T14:48:00","guid":{"rendered":"https:\/\/efficiencymb.ca\/?page_id=76359"},"modified":"2025-05-16T09:54:36","modified_gmt":"2025-05-16T14:54:36","slug":"accessibilite-merci","status":"publish","type":"page","link":"https:\/\/efficiencymb.ca\/fr\/accessibilite-merci\/","title":{"rendered":"ACCESSIBILIT\u00c9"},"content":{"rendered":"\n<div class=\"wp-block-group is-style-content-wide\"><div class=\"wp-block-group__inner-container is-layout-flow wp-block-group-is-layout-flow\">\n<h2 class=\"wp-block-heading has-text-align-center is-style-hero-heading-grey\">MERCI<\/h2>\n\n\n\n<p class=\"has-text-align-center has-medium-font-size\">Nous avons re\u00e7u votre demande et nous communiquerons avec vous bient\u00f4t.<\/p>\n\n\n\n<div style=\"height:25px\" aria-hidden=\"true\" class=\"wp-block-spacer\"><\/div>\n\n\n\n<h2 class=\"wp-block-heading has-text-align-center is-style-hero-heading-grey\">BULLETIN<\/h2>\n\n\n\n<div class=\"wp-block-group narrow\"><div class=\"wp-block-group__inner-container is-layout-flow wp-block-group-is-layout-flow\">\n<p class=\"has-text-align-center\"><strong>Inscrivez-vous pour recevoir les tout derniers rabais et r\u00e9compenses, des conseils pour \u00e9conomiser l&rsquo;\u00e9nergie, de l\u2019information sur les concours et des nouvelles d\u2019Efficacit\u00e9 Manitoba (en anglais)<\/strong>.<\/p>\n\n\n\n<form id=\"newsletter-signup\" class=\"newsletter-signup\" action=\"https:\/\/app.cyberimpact.com\/optin\" method=\"post\" accept-charset=\"utf-8\">\r\n        <div style=\"display:block; visibility:hidden; height:1px;\">\r\n            <input style=\"display:none;\" type=\"text\" id=\"ci_verification\" name=\"ci_verification\">\r\n            <input type=\"hidden\" id=\"ci_groups\" name=\"ci_groups\" value=\"\">\r\n            <input type=\"hidden\" id=\"ci_account\" name=\"ci_account\" value=\"c0ea9be5-39b4-499b-59bc-0a529f33ba20\">\r\n            \r\n            <input type=\"hidden\" id=\"ci_language\" name=\"ci_language\" value=\"fr_ca\">\r\n            <input type=\"hidden\" id=\"ci_sent_url\" name=\"ci_sent_url\" value=\"https:\/\/efficiencymb.ca\/fr\/newsletter\/signup-sent\/\">\r\n            <input type=\"hidden\" id=\"ci_error_url\" name=\"ci_error_url\" value=\"https:\/\/efficiencymb.ca\/fr\/newsletter\/signup-error\/\">\r\n            <input type=\"hidden\" id=\"ci_confirm_url\" name=\"ci_confirm_url\" value=\"https:\/\/efficiencymb.ca\/fr\/newsletter\/signup-confirmed\/\">\r\n            \r\n        <\/div>\r\n        <p class=\"text-left\">\r\n            Vous int\u00e9ressez-vous \u00e0 :\r\n            <br>\r\n            <label class=\"control checkbox\">\r\n                <input type=\"checkbox\" id=\"list-home\" name=\"list-home\" class=\"news-list-option\" value=\"3\">\r\n                <span class=\"control-indicator\"><\/span>\r\n                l\u2019efficacit\u00e9 \u00e9nerg\u00e9tique pour votre maison?\r\n            <\/label>\r\n            <br>\r\n            <label class=\"control checkbox\">\r\n                <input type=\"checkbox\" id=\"list-business\" name=\"list-business\" class=\"news-list-option\" value=\"4\">\r\n                <span class=\"control-indicator\"><\/span>\r\n                l\u2019efficacit\u00e9 \u00e9nerg\u00e9tique pour votre entreprise?\r\n            <\/label>\r\n            <br>\r\n            <label class=\"control checkbox\">\r\n                <input type=\"checkbox\" id=\"list-contractors\" name=\"list-contractors\" class=\"news-list-option\" value=\"2\">\r\n                <span class=\"control-indicator\"><\/span>\r\n                l\u2019id\u00e9e d\u2019offrir des programmes d\u2019efficacit\u00e9 \u00e9nerg\u00e9tique \u00e0 votre client\u00e8le?\r\n            <\/label>\r\n        <\/p>\r\n        <p class=\"text-center\"><label for=\"ci_email\" class=\"ci_email_label\">Courriel :<\/label><input type=\"email\" id=\"ci_email\" name=\"ci_email\" maxlength=\"255\" placeholder=\"Courriel :\"><input type=\"submit\" value=\"Abonnez-vous\"><\/p>\r\n    <\/form>\n\n\n\n<p class=\"has-text-align-center has-medium-font-size\"><\/p>\n<\/div><\/div>\n<\/div><\/div>\n\n\n\n<figure class=\"wp-block-image size-full\"><img loading=\"lazy\" decoding=\"async\" width=\"2000\" height=\"400\" src=\"https:\/\/efficiencymb.ca\/wp-content\/uploads\/bg-two-tone-green-bottom-white-background-edited-1.png\" alt=\"\" class=\"wp-image-56272\" srcset=\"https:\/\/efficiencymb.ca\/wp-content\/uploads\/bg-two-tone-green-bottom-white-background-edited-1.png 2000w, https:\/\/efficiencymb.ca\/wp-content\/uploads\/bg-two-tone-green-bottom-white-background-edited-1-479x96.png 479w, https:\/\/efficiencymb.ca\/wp-content\/uploads\/bg-two-tone-green-bottom-white-background-edited-1-1024x205.png 1024w, https:\/\/efficiencymb.ca\/wp-content\/uploads\/bg-two-tone-green-bottom-white-background-edited-1-768x154.png 768w, https:\/\/efficiencymb.ca\/wp-content\/uploads\/bg-two-tone-green-bottom-white-background-edited-1-1536x307.png 1536w\" sizes=\"auto, (max-width: 2000px) 100vw, 2000px\" \/><\/figure>\n","protected":false},"excerpt":{"rendered":"<p>Efficacit\u00e9 Manitoba valorise l\u2019inclusion et la diversit\u00e9, et reconna\u00eet l\u2019importance d\u2019am\u00e9liorer l\u2019acc\u00e8s \u00e0 nos offres et d\u2019\u00e9liminer les obstacles pour les clients et les employ\u00e9s.<\/p>\n","protected":false},"author":10,"featured_media":76343,"parent":0,"menu_order":0,"comment_status":"closed","ping_status":"closed","template":"","meta":{"_acf_changed":false,"footnotes":""},"class_list":["post-76359","page","type-page","status-publish","has-post-thumbnail","hentry"],"acf":[],"yoast_head":"<!-- This site is optimized with the Yoast SEO plugin v27.3 - https:\/\/yoast.com\/product\/yoast-seo-wordpress\/ -->\n<title>ACCESSIBILIT\u00c9 &#8212; Efficiency Manitoba<\/title>\n<meta name=\"description\" content=\"Efficacit\u00e9 Manitoba valorise l\u2019inclusion et la diversit\u00e9, et reconna\u00eet l\u2019importance d\u2019am\u00e9liorer l\u2019acc\u00e8s \u00e0 nos offres et d\u2019\u00e9liminer les obstacles pour les clients et les employ\u00e9s.\" \/>\n<meta name=\"robots\" content=\"index, follow, max-snippet:-1, max-image-preview:large, max-video-preview:-1\" \/>\n<link rel=\"canonical\" href=\"https:\/\/efficiencymb.ca\/fr\/accessibilite-merci\/\" \/>\n<meta property=\"og:locale\" content=\"fr_FR\" \/>\n<meta property=\"og:type\" content=\"article\" \/>\n<meta property=\"og:title\" content=\"ACCESSIBILIT\u00c9 &#8212; Efficiency Manitoba\" \/>\n<meta property=\"og:description\" content=\"Efficacit\u00e9 Manitoba valorise l\u2019inclusion et la diversit\u00e9, et reconna\u00eet l\u2019importance d\u2019am\u00e9liorer l\u2019acc\u00e8s \u00e0 nos offres et d\u2019\u00e9liminer les obstacles pour les clients et les employ\u00e9s.\" \/>\n<meta property=\"og:url\" content=\"https:\/\/efficiencymb.ca\/fr\/accessibilite-merci\/\" \/>\n<meta property=\"og:site_name\" content=\"Efficiency Manitoba\" \/>\n<meta property=\"article:modified_time\" content=\"2025-05-16T14:54:36+00:00\" \/>\n<meta property=\"og:image\" content=\"https:\/\/efficiencymb.ca\/wp-content\/uploads\/Accessibility-GettyImages-2064400140-scaled-e1746713702583.jpg\" \/>\n\t<meta property=\"og:image:width\" content=\"2560\" \/>\n\t<meta property=\"og:image:height\" content=\"1707\" \/>\n\t<meta property=\"og:image:type\" content=\"image\/jpeg\" \/>\n<meta name=\"twitter:card\" content=\"summary_large_image\" \/>\n<meta name=\"twitter:label1\" content=\"Dur\u00e9e de lecture estim\u00e9e\" \/>\n\t<meta name=\"twitter:data1\" content=\"1 minute\" \/>\n<script type=\"application\/ld+json\" class=\"yoast-schema-graph\">{\"@context\":\"https:\\\/\\\/schema.org\",\"@graph\":[{\"@type\":\"WebPage\",\"@id\":\"https:\\\/\\\/efficiencymb.ca\\\/fr\\\/accessibilite-merci\\\/\",\"url\":\"https:\\\/\\\/efficiencymb.ca\\\/fr\\\/accessibilite-merci\\\/\",\"name\":\"ACCESSIBILIT\u00c9 &#8212; Efficiency Manitoba\",\"isPartOf\":{\"@id\":\"https:\\\/\\\/efficiencymb.ca\\\/#website\"},\"primaryImageOfPage\":{\"@id\":\"https:\\\/\\\/efficiencymb.ca\\\/fr\\\/accessibilite-merci\\\/#primaryimage\"},\"image\":{\"@id\":\"https:\\\/\\\/efficiencymb.ca\\\/fr\\\/accessibilite-merci\\\/#primaryimage\"},\"thumbnailUrl\":\"https:\\\/\\\/efficiencymb.ca\\\/wp-content\\\/uploads\\\/Accessibility-GettyImages-2064400140-scaled-e1746713702583.jpg\",\"datePublished\":\"2025-05-16T14:48:00+00:00\",\"dateModified\":\"2025-05-16T14:54:36+00:00\",\"description\":\"Efficacit\u00e9 Manitoba valorise l\u2019inclusion et la diversit\u00e9, et reconna\u00eet l\u2019importance d\u2019am\u00e9liorer l\u2019acc\u00e8s \u00e0 nos offres et d\u2019\u00e9liminer les obstacles pour les clients et les employ\u00e9s.\",\"breadcrumb\":{\"@id\":\"https:\\\/\\\/efficiencymb.ca\\\/fr\\\/accessibilite-merci\\\/#breadcrumb\"},\"inLanguage\":\"fr-FR\",\"potentialAction\":[{\"@type\":\"ReadAction\",\"target\":[\"https:\\\/\\\/efficiencymb.ca\\\/fr\\\/accessibilite-merci\\\/\"]}]},{\"@type\":\"ImageObject\",\"inLanguage\":\"fr-FR\",\"@id\":\"https:\\\/\\\/efficiencymb.ca\\\/fr\\\/accessibilite-merci\\\/#primaryimage\",\"url\":\"https:\\\/\\\/efficiencymb.ca\\\/wp-content\\\/uploads\\\/Accessibility-GettyImages-2064400140-scaled-e1746713702583.jpg\",\"contentUrl\":\"https:\\\/\\\/efficiencymb.ca\\\/wp-content\\\/uploads\\\/Accessibility-GettyImages-2064400140-scaled-e1746713702583.jpg\",\"width\":2560,\"height\":1707,\"caption\":\"Multiracial business colleagues working together at desk in office\"},{\"@type\":\"BreadcrumbList\",\"@id\":\"https:\\\/\\\/efficiencymb.ca\\\/fr\\\/accessibilite-merci\\\/#breadcrumb\",\"itemListElement\":[{\"@type\":\"ListItem\",\"position\":1,\"name\":\"Home\",\"item\":\"https:\\\/\\\/efficiencymb.ca\\\/fr\\\/\"},{\"@type\":\"ListItem\",\"position\":2,\"name\":\"ACCESSIBILIT\u00c9\"}]},{\"@type\":\"WebSite\",\"@id\":\"https:\\\/\\\/efficiencymb.ca\\\/#website\",\"url\":\"https:\\\/\\\/efficiencymb.ca\\\/\",\"name\":\"Efficiency Manitoba\",\"description\":\"\",\"publisher\":{\"@id\":\"https:\\\/\\\/efficiencymb.ca\\\/#organization\"},\"potentialAction\":[{\"@type\":\"SearchAction\",\"target\":{\"@type\":\"EntryPoint\",\"urlTemplate\":\"https:\\\/\\\/efficiencymb.ca\\\/?s={search_term_string}\"},\"query-input\":{\"@type\":\"PropertyValueSpecification\",\"valueRequired\":true,\"valueName\":\"search_term_string\"}}],\"inLanguage\":\"fr-FR\"},{\"@type\":\"Organization\",\"@id\":\"https:\\\/\\\/efficiencymb.ca\\\/#organization\",\"name\":\"Efficiency Manitoba\",\"url\":\"https:\\\/\\\/efficiencymb.ca\\\/\",\"logo\":{\"@type\":\"ImageObject\",\"inLanguage\":\"fr-FR\",\"@id\":\"https:\\\/\\\/efficiencymb.ca\\\/#\\\/schema\\\/logo\\\/image\\\/\",\"url\":\"https:\\\/\\\/efficiencymb.ca\\\/wp-content\\\/uploads\\\/em-logo-white-en.png\",\"contentUrl\":\"https:\\\/\\\/efficiencymb.ca\\\/wp-content\\\/uploads\\\/em-logo-white-en.png\",\"width\":388,\"height\":91,\"caption\":\"Efficiency Manitoba\"},\"image\":{\"@id\":\"https:\\\/\\\/efficiencymb.ca\\\/#\\\/schema\\\/logo\\\/image\\\/\"}}]}<\/script>\n<!-- \/ Yoast SEO plugin. -->","yoast_head_json":{"title":"ACCESSIBILIT\u00c9 &#8212; Efficiency Manitoba","description":"Efficacit\u00e9 Manitoba valorise l\u2019inclusion et la diversit\u00e9, et reconna\u00eet l\u2019importance d\u2019am\u00e9liorer l\u2019acc\u00e8s \u00e0 nos offres et d\u2019\u00e9liminer les obstacles pour les clients et les employ\u00e9s.","robots":{"index":"index","follow":"follow","max-snippet":"max-snippet:-1","max-image-preview":"max-image-preview:large","max-video-preview":"max-video-preview:-1"},"canonical":"https:\/\/efficiencymb.ca\/fr\/accessibilite-merci\/","og_locale":"fr_FR","og_type":"article","og_title":"ACCESSIBILIT\u00c9 &#8212; Efficiency Manitoba","og_description":"Efficacit\u00e9 Manitoba valorise l\u2019inclusion et la diversit\u00e9, et reconna\u00eet l\u2019importance d\u2019am\u00e9liorer l\u2019acc\u00e8s \u00e0 nos offres et d\u2019\u00e9liminer les obstacles pour les clients et les employ\u00e9s.","og_url":"https:\/\/efficiencymb.ca\/fr\/accessibilite-merci\/","og_site_name":"Efficiency Manitoba","article_modified_time":"2025-05-16T14:54:36+00:00","og_image":[{"width":2560,"height":1707,"url":"https:\/\/efficiencymb.ca\/wp-content\/uploads\/Accessibility-GettyImages-2064400140-scaled-e1746713702583.jpg","type":"image\/jpeg"}],"twitter_card":"summary_large_image","twitter_misc":{"Dur\u00e9e de lecture estim\u00e9e":"1 minute"},"schema":{"@context":"https:\/\/schema.org","@graph":[{"@type":"WebPage","@id":"https:\/\/efficiencymb.ca\/fr\/accessibilite-merci\/","url":"https:\/\/efficiencymb.ca\/fr\/accessibilite-merci\/","name":"ACCESSIBILIT\u00c9 &#8212; Efficiency Manitoba","isPartOf":{"@id":"https:\/\/efficiencymb.ca\/#website"},"primaryImageOfPage":{"@id":"https:\/\/efficiencymb.ca\/fr\/accessibilite-merci\/#primaryimage"},"image":{"@id":"https:\/\/efficiencymb.ca\/fr\/accessibilite-merci\/#primaryimage"},"thumbnailUrl":"https:\/\/efficiencymb.ca\/wp-content\/uploads\/Accessibility-GettyImages-2064400140-scaled-e1746713702583.jpg","datePublished":"2025-05-16T14:48:00+00:00","dateModified":"2025-05-16T14:54:36+00:00","description":"Efficacit\u00e9 Manitoba valorise l\u2019inclusion et la diversit\u00e9, et reconna\u00eet l\u2019importance d\u2019am\u00e9liorer l\u2019acc\u00e8s \u00e0 nos offres et d\u2019\u00e9liminer les obstacles pour les clients et les employ\u00e9s.","breadcrumb":{"@id":"https:\/\/efficiencymb.ca\/fr\/accessibilite-merci\/#breadcrumb"},"inLanguage":"fr-FR","potentialAction":[{"@type":"ReadAction","target":["https:\/\/efficiencymb.ca\/fr\/accessibilite-merci\/"]}]},{"@type":"ImageObject","inLanguage":"fr-FR","@id":"https:\/\/efficiencymb.ca\/fr\/accessibilite-merci\/#primaryimage","url":"https:\/\/efficiencymb.ca\/wp-content\/uploads\/Accessibility-GettyImages-2064400140-scaled-e1746713702583.jpg","contentUrl":"https:\/\/efficiencymb.ca\/wp-content\/uploads\/Accessibility-GettyImages-2064400140-scaled-e1746713702583.jpg","width":2560,"height":1707,"caption":"Multiracial business colleagues working together at desk in office"},{"@type":"BreadcrumbList","@id":"https:\/\/efficiencymb.ca\/fr\/accessibilite-merci\/#breadcrumb","itemListElement":[{"@type":"ListItem","position":1,"name":"Home","item":"https:\/\/efficiencymb.ca\/fr\/"},{"@type":"ListItem","position":2,"name":"ACCESSIBILIT\u00c9"}]},{"@type":"WebSite","@id":"https:\/\/efficiencymb.ca\/#website","url":"https:\/\/efficiencymb.ca\/","name":"Efficiency Manitoba","description":"","publisher":{"@id":"https:\/\/efficiencymb.ca\/#organization"},"potentialAction":[{"@type":"SearchAction","target":{"@type":"EntryPoint","urlTemplate":"https:\/\/efficiencymb.ca\/?s={search_term_string}"},"query-input":{"@type":"PropertyValueSpecification","valueRequired":true,"valueName":"search_term_string"}}],"inLanguage":"fr-FR"},{"@type":"Organization","@id":"https:\/\/efficiencymb.ca\/#organization","name":"Efficiency Manitoba","url":"https:\/\/efficiencymb.ca\/","logo":{"@type":"ImageObject","inLanguage":"fr-FR","@id":"https:\/\/efficiencymb.ca\/#\/schema\/logo\/image\/","url":"https:\/\/efficiencymb.ca\/wp-content\/uploads\/em-logo-white-en.png","contentUrl":"https:\/\/efficiencymb.ca\/wp-content\/uploads\/em-logo-white-en.png","width":388,"height":91,"caption":"Efficiency Manitoba"},"image":{"@id":"https:\/\/efficiencymb.ca\/#\/schema\/logo\/image\/"}}]}},"_links":{"self":[{"href":"https:\/\/efficiencymb.ca\/fr\/wp-json\/wp\/v2\/pages\/76359","targetHints":{"allow":["GET"]}}],"collection":[{"href":"https:\/\/efficiencymb.ca\/fr\/wp-json\/wp\/v2\/pages"}],"about":[{"href":"https:\/\/efficiencymb.ca\/fr\/wp-json\/wp\/v2\/types\/page"}],"author":[{"embeddable":true,"href":"https:\/\/efficiencymb.ca\/fr\/wp-json\/wp\/v2\/users\/10"}],"replies":[{"embeddable":true,"href":"https:\/\/efficiencymb.ca\/fr\/wp-json\/wp\/v2\/comments?post=76359"}],"version-history":[{"count":1,"href":"https:\/\/efficiencymb.ca\/fr\/wp-json\/wp\/v2\/pages\/76359\/revisions"}],"predecessor-version":[{"id":76362,"href":"https:\/\/efficiencymb.ca\/fr\/wp-json\/wp\/v2\/pages\/76359\/revisions\/76362"}],"wp:featuredmedia":[{"embeddable":true,"href":"https:\/\/efficiencymb.ca\/fr\/wp-json\/wp\/v2\/media\/76343"}],"wp:attachment":[{"href":"https:\/\/efficiencymb.ca\/fr\/wp-json\/wp\/v2\/media?parent=76359"}],"curies":[{"name":"wp","href":"https:\/\/api.w.org\/{rel}","templated":true}]}}