{"id":76333,"date":"2025-05-16T09:55:03","date_gmt":"2025-05-16T14:55:03","guid":{"rendered":"https:\/\/efficiencymb.ca\/?page_id=76333"},"modified":"2025-08-19T10:54:48","modified_gmt":"2025-08-19T15:54:48","slug":"accessibilite","status":"publish","type":"page","link":"https:\/\/efficiencymb.ca\/fr\/accessibilite\/","title":{"rendered":"ACCESSIBILIT\u00c9"},"content":{"rendered":"\n<div class=\"wp-block-group is-style-content-wide\"><div class=\"wp-block-group__inner-container is-layout-flow wp-block-group-is-layout-flow\">\n<h2 class=\"wp-block-heading has-text-align-center is-style-hero-heading-grey\">NOTRE ENGAGEMENT<\/h2>\n\n\n\n<p class=\"has-text-align-center has-medium-font-size\">Efficacit\u00e9 Manitoba s\u2019engage \u00e0 traiter tous les gens d\u2019une mani\u00e8re qui leur permet de maintenir leur dignit\u00e9 et leur ind\u00e9pendance, ainsi qu\u2019\u00e0 respecter les exigences de la&nbsp;<em><a href=\"https:\/\/accessibilitymb.ca\/accessibility\/the-accessibility-for-manitobans-act.fr.html\" target=\"_blank\" rel=\"noreferrer noopener\">Loi sur l\u2019accessibilit\u00e9 pour les Manitobains<\/a><\/em>. Nous valorisons l\u2019inclusion et la diversit\u00e9, et veillons \u00e0 ce que nos offres soient aussi accessibles que possible. L\u2019\u00e9limination des obstacles pour les clients et les employ\u00e9s est \u00e9galement une priorit\u00e9.<\/p>\n\n\n\n<div style=\"height:25px\" aria-hidden=\"true\" class=\"wp-block-spacer\"><\/div>\n\n\n\n<h2 class=\"wp-block-heading has-text-align-center is-style-hero-heading-grey\">NOTRE PLAN D\u2019ACCESSIBILIT\u00c9<\/h2>\n\n\n\n<p class=\"has-text-align-center has-medium-font-size\">Nous sommes fiers de vous pr\u00e9senter notre plus r\u00e9cent<a href=\"https:\/\/efficiencymb.ca\/wp-content\/uploads\/Efficiency-Manitoba-Accessibility-Plan.pdf\" target=\"_blank\" rel=\"noreferrer noopener\"> Plan d\u2019accessibilit\u00e9<\/a> (en anglais) de deux ans. Ce plan d\u00e9crit ce que nous avons fait pour int\u00e9grer l\u2019accessibilit\u00e9 dans notre organisation et ce que nous pr\u00e9voyons accomplir \u00e0 l\u2019avenir. Cette publication est offerte dans d\u2019autres formats sur demande.<\/p>\n\n\n<div class=\"theme-button wp-block-button aligncenter\">\r\n\t<a  class=\"wp-block-button__link has-background no-border-radius button cta button-large\" href=\"https:\/\/efficiencymb.ca\/wp-content\/uploads\/Efficiency-Manitoba-Accessibility-Plan.pdf\"><strong>LIRE NOTRE<\/strong><br>PLAN D&rsquo;ACCESSIBILIT\u00c9<\/a>\r\n<\/div>\n\n\n<h2 class=\"wp-block-heading has-text-align-center\">SOUMETTRE UNE DEMANDE D&rsquo;ACCESSIBILIT\u00c9 OU UN COMMENTAIRE<\/h2>\n\n\n\n<p class=\"has-text-align-center has-medium-font-size\">L\u2019\u00e9limination et la pr\u00e9vention des obstacles pour les clients et les employ\u00e9s seront un processus continu fond\u00e9 sur la consultation et la r\u00e9troaction. Faites-nous part de vos impressions et des am\u00e9liorations possibles. Si vous avez une demande de mesure d\u2019accessibilit\u00e9 ou des commentaires \u00e0 formuler, veuillez remplir notre\u00a0<a href=\"https:\/\/efficiencymb.ca\/wp-content\/uploads\/Accessibility-Request-Form_FR.pdf\" target=\"_blank\" rel=\"noreferrer noopener\">formulaire de mesures d\u2019accessibilit\u00e9 et de commentaires<\/a>.<\/p>\n<\/div><\/div>\n\n\n<div class=\"theme-button wp-block-button aligncenter\">\r\n\t<a  class=\"wp-block-button__link has-background no-border-radius button cta button-large\" href=\"https:\/\/efficiencymb.ca\/fr\/mesures-d-accessibilite-et-commentaires\/\"><strong>SOUMETTRE UNE DEMANDE<\/strong><br>D&rsquo;ACCESSIBILIT\u00c9 OU UN COMMENTAIRE<\/a>\r\n<\/div>\n\n\n<figure class=\"wp-block-image size-full\"><img loading=\"lazy\" decoding=\"async\" width=\"2000\" height=\"400\" src=\"https:\/\/efficiencymb.ca\/wp-content\/uploads\/bg-two-tone-green-bottom-white-background-edited-1.png\" alt=\"\" class=\"wp-image-56272\" srcset=\"https:\/\/efficiencymb.ca\/wp-content\/uploads\/bg-two-tone-green-bottom-white-background-edited-1.png 2000w, https:\/\/efficiencymb.ca\/wp-content\/uploads\/bg-two-tone-green-bottom-white-background-edited-1-479x96.png 479w, https:\/\/efficiencymb.ca\/wp-content\/uploads\/bg-two-tone-green-bottom-white-background-edited-1-1024x205.png 1024w, https:\/\/efficiencymb.ca\/wp-content\/uploads\/bg-two-tone-green-bottom-white-background-edited-1-768x154.png 768w, https:\/\/efficiencymb.ca\/wp-content\/uploads\/bg-two-tone-green-bottom-white-background-edited-1-1536x307.png 1536w\" sizes=\"auto, (max-width: 2000px) 100vw, 2000px\" \/><\/figure>\n","protected":false},"excerpt":{"rendered":"<p>Efficacit\u00e9 Manitoba valorise l\u2019inclusion et la diversit\u00e9, et reconna\u00eet l\u2019importance d\u2019am\u00e9liorer l\u2019acc\u00e8s \u00e0 nos offres et d\u2019\u00e9liminer les obstacles pour les clients et les employ\u00e9s.<\/p>\n","protected":false},"author":10,"featured_media":76343,"parent":0,"menu_order":0,"comment_status":"closed","ping_status":"closed","template":"","meta":{"_acf_changed":false,"footnotes":""},"class_list":["post-76333","page","type-page","status-publish","has-post-thumbnail","hentry"],"acf":[],"yoast_head":"<!-- This site is optimized with the Yoast SEO plugin v27.3 - https:\/\/yoast.com\/product\/yoast-seo-wordpress\/ -->\n<title>ACCESSIBILIT\u00c9 &#8212; Efficiency Manitoba<\/title>\n<meta name=\"description\" content=\"Efficacit\u00e9 Manitoba valorise l\u2019inclusion et la diversit\u00e9, et reconna\u00eet l\u2019importance d\u2019am\u00e9liorer l\u2019acc\u00e8s \u00e0 nos offres et d\u2019\u00e9liminer les obstacles pour les clients et les employ\u00e9s.\" \/>\n<meta name=\"robots\" content=\"index, follow, max-snippet:-1, max-image-preview:large, max-video-preview:-1\" \/>\n<link rel=\"canonical\" href=\"https:\/\/efficiencymb.ca\/fr\/accessibilite\/\" \/>\n<meta property=\"og:locale\" content=\"fr_FR\" \/>\n<meta property=\"og:type\" content=\"article\" \/>\n<meta property=\"og:title\" content=\"ACCESSIBILIT\u00c9 &#8212; Efficiency Manitoba\" \/>\n<meta property=\"og:description\" content=\"Efficacit\u00e9 Manitoba valorise l\u2019inclusion et la diversit\u00e9, et reconna\u00eet l\u2019importance d\u2019am\u00e9liorer l\u2019acc\u00e8s \u00e0 nos offres et d\u2019\u00e9liminer les obstacles pour les clients et les employ\u00e9s.\" \/>\n<meta property=\"og:url\" content=\"https:\/\/efficiencymb.ca\/fr\/accessibilite\/\" \/>\n<meta property=\"og:site_name\" content=\"Efficiency Manitoba\" \/>\n<meta property=\"article:modified_time\" content=\"2025-08-19T15:54:48+00:00\" \/>\n<meta property=\"og:image\" content=\"https:\/\/efficiencymb.ca\/wp-content\/uploads\/Accessibility-GettyImages-2064400140-scaled-e1746713702583.jpg\" \/>\n\t<meta property=\"og:image:width\" content=\"2560\" \/>\n\t<meta property=\"og:image:height\" content=\"1707\" \/>\n\t<meta property=\"og:image:type\" content=\"image\/jpeg\" \/>\n<meta name=\"twitter:card\" content=\"summary_large_image\" \/>\n<meta name=\"twitter:label1\" content=\"Dur\u00e9e de lecture estim\u00e9e\" \/>\n\t<meta name=\"twitter:data1\" content=\"2 minutes\" \/>\n<script type=\"application\/ld+json\" class=\"yoast-schema-graph\">{\"@context\":\"https:\\\/\\\/schema.org\",\"@graph\":[{\"@type\":\"WebPage\",\"@id\":\"https:\\\/\\\/efficiencymb.ca\\\/fr\\\/accessibilite\\\/\",\"url\":\"https:\\\/\\\/efficiencymb.ca\\\/fr\\\/accessibilite\\\/\",\"name\":\"ACCESSIBILIT\u00c9 &#8212; Efficiency Manitoba\",\"isPartOf\":{\"@id\":\"https:\\\/\\\/efficiencymb.ca\\\/#website\"},\"primaryImageOfPage\":{\"@id\":\"https:\\\/\\\/efficiencymb.ca\\\/fr\\\/accessibilite\\\/#primaryimage\"},\"image\":{\"@id\":\"https:\\\/\\\/efficiencymb.ca\\\/fr\\\/accessibilite\\\/#primaryimage\"},\"thumbnailUrl\":\"https:\\\/\\\/efficiencymb.ca\\\/wp-content\\\/uploads\\\/Accessibility-GettyImages-2064400140-scaled-e1746713702583.jpg\",\"datePublished\":\"2025-05-16T14:55:03+00:00\",\"dateModified\":\"2025-08-19T15:54:48+00:00\",\"description\":\"Efficacit\u00e9 Manitoba valorise l\u2019inclusion et la diversit\u00e9, et reconna\u00eet l\u2019importance d\u2019am\u00e9liorer l\u2019acc\u00e8s \u00e0 nos offres et d\u2019\u00e9liminer les obstacles pour les clients et les employ\u00e9s.\",\"breadcrumb\":{\"@id\":\"https:\\\/\\\/efficiencymb.ca\\\/fr\\\/accessibilite\\\/#breadcrumb\"},\"inLanguage\":\"fr-FR\",\"potentialAction\":[{\"@type\":\"ReadAction\",\"target\":[\"https:\\\/\\\/efficiencymb.ca\\\/fr\\\/accessibilite\\\/\"]}]},{\"@type\":\"ImageObject\",\"inLanguage\":\"fr-FR\",\"@id\":\"https:\\\/\\\/efficiencymb.ca\\\/fr\\\/accessibilite\\\/#primaryimage\",\"url\":\"https:\\\/\\\/efficiencymb.ca\\\/wp-content\\\/uploads\\\/Accessibility-GettyImages-2064400140-scaled-e1746713702583.jpg\",\"contentUrl\":\"https:\\\/\\\/efficiencymb.ca\\\/wp-content\\\/uploads\\\/Accessibility-GettyImages-2064400140-scaled-e1746713702583.jpg\",\"width\":2560,\"height\":1707,\"caption\":\"Multiracial business colleagues working together at desk in office\"},{\"@type\":\"BreadcrumbList\",\"@id\":\"https:\\\/\\\/efficiencymb.ca\\\/fr\\\/accessibilite\\\/#breadcrumb\",\"itemListElement\":[{\"@type\":\"ListItem\",\"position\":1,\"name\":\"Home\",\"item\":\"https:\\\/\\\/efficiencymb.ca\\\/fr\\\/\"},{\"@type\":\"ListItem\",\"position\":2,\"name\":\"ACCESSIBILIT\u00c9\"}]},{\"@type\":\"WebSite\",\"@id\":\"https:\\\/\\\/efficiencymb.ca\\\/#website\",\"url\":\"https:\\\/\\\/efficiencymb.ca\\\/\",\"name\":\"Efficiency Manitoba\",\"description\":\"\",\"publisher\":{\"@id\":\"https:\\\/\\\/efficiencymb.ca\\\/#organization\"},\"potentialAction\":[{\"@type\":\"SearchAction\",\"target\":{\"@type\":\"EntryPoint\",\"urlTemplate\":\"https:\\\/\\\/efficiencymb.ca\\\/?s={search_term_string}\"},\"query-input\":{\"@type\":\"PropertyValueSpecification\",\"valueRequired\":true,\"valueName\":\"search_term_string\"}}],\"inLanguage\":\"fr-FR\"},{\"@type\":\"Organization\",\"@id\":\"https:\\\/\\\/efficiencymb.ca\\\/#organization\",\"name\":\"Efficiency Manitoba\",\"url\":\"https:\\\/\\\/efficiencymb.ca\\\/\",\"logo\":{\"@type\":\"ImageObject\",\"inLanguage\":\"fr-FR\",\"@id\":\"https:\\\/\\\/efficiencymb.ca\\\/#\\\/schema\\\/logo\\\/image\\\/\",\"url\":\"https:\\\/\\\/efficiencymb.ca\\\/wp-content\\\/uploads\\\/em-logo-white-en.png\",\"contentUrl\":\"https:\\\/\\\/efficiencymb.ca\\\/wp-content\\\/uploads\\\/em-logo-white-en.png\",\"width\":388,\"height\":91,\"caption\":\"Efficiency Manitoba\"},\"image\":{\"@id\":\"https:\\\/\\\/efficiencymb.ca\\\/#\\\/schema\\\/logo\\\/image\\\/\"}}]}<\/script>\n<!-- \/ Yoast SEO plugin. -->","yoast_head_json":{"title":"ACCESSIBILIT\u00c9 &#8212; Efficiency Manitoba","description":"Efficacit\u00e9 Manitoba valorise l\u2019inclusion et la diversit\u00e9, et reconna\u00eet l\u2019importance d\u2019am\u00e9liorer l\u2019acc\u00e8s \u00e0 nos offres et d\u2019\u00e9liminer les obstacles pour les clients et les employ\u00e9s.","robots":{"index":"index","follow":"follow","max-snippet":"max-snippet:-1","max-image-preview":"max-image-preview:large","max-video-preview":"max-video-preview:-1"},"canonical":"https:\/\/efficiencymb.ca\/fr\/accessibilite\/","og_locale":"fr_FR","og_type":"article","og_title":"ACCESSIBILIT\u00c9 &#8212; Efficiency Manitoba","og_description":"Efficacit\u00e9 Manitoba valorise l\u2019inclusion et la diversit\u00e9, et reconna\u00eet l\u2019importance d\u2019am\u00e9liorer l\u2019acc\u00e8s \u00e0 nos offres et d\u2019\u00e9liminer les obstacles pour les clients et les employ\u00e9s.","og_url":"https:\/\/efficiencymb.ca\/fr\/accessibilite\/","og_site_name":"Efficiency Manitoba","article_modified_time":"2025-08-19T15:54:48+00:00","og_image":[{"width":2560,"height":1707,"url":"https:\/\/efficiencymb.ca\/wp-content\/uploads\/Accessibility-GettyImages-2064400140-scaled-e1746713702583.jpg","type":"image\/jpeg"}],"twitter_card":"summary_large_image","twitter_misc":{"Dur\u00e9e de lecture estim\u00e9e":"2 minutes"},"schema":{"@context":"https:\/\/schema.org","@graph":[{"@type":"WebPage","@id":"https:\/\/efficiencymb.ca\/fr\/accessibilite\/","url":"https:\/\/efficiencymb.ca\/fr\/accessibilite\/","name":"ACCESSIBILIT\u00c9 &#8212; Efficiency Manitoba","isPartOf":{"@id":"https:\/\/efficiencymb.ca\/#website"},"primaryImageOfPage":{"@id":"https:\/\/efficiencymb.ca\/fr\/accessibilite\/#primaryimage"},"image":{"@id":"https:\/\/efficiencymb.ca\/fr\/accessibilite\/#primaryimage"},"thumbnailUrl":"https:\/\/efficiencymb.ca\/wp-content\/uploads\/Accessibility-GettyImages-2064400140-scaled-e1746713702583.jpg","datePublished":"2025-05-16T14:55:03+00:00","dateModified":"2025-08-19T15:54:48+00:00","description":"Efficacit\u00e9 Manitoba valorise l\u2019inclusion et la diversit\u00e9, et reconna\u00eet l\u2019importance d\u2019am\u00e9liorer l\u2019acc\u00e8s \u00e0 nos offres et d\u2019\u00e9liminer les obstacles pour les clients et les employ\u00e9s.","breadcrumb":{"@id":"https:\/\/efficiencymb.ca\/fr\/accessibilite\/#breadcrumb"},"inLanguage":"fr-FR","potentialAction":[{"@type":"ReadAction","target":["https:\/\/efficiencymb.ca\/fr\/accessibilite\/"]}]},{"@type":"ImageObject","inLanguage":"fr-FR","@id":"https:\/\/efficiencymb.ca\/fr\/accessibilite\/#primaryimage","url":"https:\/\/efficiencymb.ca\/wp-content\/uploads\/Accessibility-GettyImages-2064400140-scaled-e1746713702583.jpg","contentUrl":"https:\/\/efficiencymb.ca\/wp-content\/uploads\/Accessibility-GettyImages-2064400140-scaled-e1746713702583.jpg","width":2560,"height":1707,"caption":"Multiracial business colleagues working together at desk in office"},{"@type":"BreadcrumbList","@id":"https:\/\/efficiencymb.ca\/fr\/accessibilite\/#breadcrumb","itemListElement":[{"@type":"ListItem","position":1,"name":"Home","item":"https:\/\/efficiencymb.ca\/fr\/"},{"@type":"ListItem","position":2,"name":"ACCESSIBILIT\u00c9"}]},{"@type":"WebSite","@id":"https:\/\/efficiencymb.ca\/#website","url":"https:\/\/efficiencymb.ca\/","name":"Efficiency Manitoba","description":"","publisher":{"@id":"https:\/\/efficiencymb.ca\/#organization"},"potentialAction":[{"@type":"SearchAction","target":{"@type":"EntryPoint","urlTemplate":"https:\/\/efficiencymb.ca\/?s={search_term_string}"},"query-input":{"@type":"PropertyValueSpecification","valueRequired":true,"valueName":"search_term_string"}}],"inLanguage":"fr-FR"},{"@type":"Organization","@id":"https:\/\/efficiencymb.ca\/#organization","name":"Efficiency Manitoba","url":"https:\/\/efficiencymb.ca\/","logo":{"@type":"ImageObject","inLanguage":"fr-FR","@id":"https:\/\/efficiencymb.ca\/#\/schema\/logo\/image\/","url":"https:\/\/efficiencymb.ca\/wp-content\/uploads\/em-logo-white-en.png","contentUrl":"https:\/\/efficiencymb.ca\/wp-content\/uploads\/em-logo-white-en.png","width":388,"height":91,"caption":"Efficiency Manitoba"},"image":{"@id":"https:\/\/efficiencymb.ca\/#\/schema\/logo\/image\/"}}]}},"_links":{"self":[{"href":"https:\/\/efficiencymb.ca\/fr\/wp-json\/wp\/v2\/pages\/76333","targetHints":{"allow":["GET"]}}],"collection":[{"href":"https:\/\/efficiencymb.ca\/fr\/wp-json\/wp\/v2\/pages"}],"about":[{"href":"https:\/\/efficiencymb.ca\/fr\/wp-json\/wp\/v2\/types\/page"}],"author":[{"embeddable":true,"href":"https:\/\/efficiencymb.ca\/fr\/wp-json\/wp\/v2\/users\/10"}],"replies":[{"embeddable":true,"href":"https:\/\/efficiencymb.ca\/fr\/wp-json\/wp\/v2\/comments?post=76333"}],"version-history":[{"count":5,"href":"https:\/\/efficiencymb.ca\/fr\/wp-json\/wp\/v2\/pages\/76333\/revisions"}],"predecessor-version":[{"id":79844,"href":"https:\/\/efficiencymb.ca\/fr\/wp-json\/wp\/v2\/pages\/76333\/revisions\/79844"}],"wp:featuredmedia":[{"embeddable":true,"href":"https:\/\/efficiencymb.ca\/fr\/wp-json\/wp\/v2\/media\/76343"}],"wp:attachment":[{"href":"https:\/\/efficiencymb.ca\/fr\/wp-json\/wp\/v2\/media?parent=76333"}],"curies":[{"name":"wp","href":"https:\/\/api.w.org\/{rel}","templated":true}]}}