{"id":74988,"date":"2025-04-22T07:00:00","date_gmt":"2025-04-22T12:00:00","guid":{"rendered":"https:\/\/efficiencymb.ca\/?page_id=74988"},"modified":"2026-03-11T08:39:51","modified_gmt":"2026-03-11T13:39:51","slug":"pompes-geothermiques-maison","status":"publish","type":"page","link":"https:\/\/efficiencymb.ca\/fr\/pompes-geothermiques-maison\/","title":{"rendered":"PROGRAMME DES THERMOPOMPES G\u00c9OTHERMIQUES"},"content":{"rendered":"\n<div class=\"wp-block-group container is-style-content-wide\"><div class=\"wp-block-group__inner-container is-layout-flow wp-block-group-is-layout-flow\">\n<h2 class=\"wp-block-heading has-text-align-center hero-title no-border grey text-center\" id=\"obtenez-une-remise-a-l-achat-de-certaines-portes-et-fenetres-homologuees-energy-starmd\"><strong><strong>UNE SOLUTION DE CHAUFFAGE ET DE CLIMATISATION \u00c9CO\u00c9NERG\u00c9TIQUE POUR VOTRE MAISON<\/strong><\/strong><\/h2>\n\n\n\n<p class=\"has-text-align-center intro-copy text-center has-medium-font-size\">Les thermopompes g\u00e9othermiques sont efficaces et \u00e9cologiques. Elles peuvent r\u00e9duire jusqu\u2019\u00e0 60 % vos co\u00fbts actuels de chauffage \u00e9lectrique, vous prot\u00e9ger des r\u00e9percussions des co\u00fbts de chauffage futurs et vous aider \u00e0 \u00e9conomiser pendant des ann\u00e9es.<\/p>\n\n\n\n<p class=\"has-text-align-center has-medium-font-size\">Une thermopompe fait circuler du liquide dans une boucle de tuyaux enfouis sous terre. En mode chauffage, le liquide absorbe la chaleur de la terre, qui reste \u00e0 une temp\u00e9rature stable, quelle que soit la temp\u00e9rature au-dessus du sol. En \u00e9t\u00e9, le processus est invers\u00e9, redistribuant la chaleur dans le sol.<\/p>\n\n\n\n<p class=\"has-text-align-center intro-copy text-center has-medium-font-size\">Nous offrons un soutien financier pour faciliter vos am\u00e9liorations relatives \u00e0 une thermopompe g\u00e9othermique et les rendre plus abordables, ou pour remplacer un syst\u00e8me existant.<\/p>\n\n\n\n<p class=\"has-text-align-center has-white-color has-text-color has-background has-link-color wp-elements-3bf5992067540d7cfc99a184dbda6ac9\" style=\"background-color:#2493d1;font-size:22px\"><strong>Les propri\u00e9taires de maison admissibles peuvent installer une thermopompe g\u00e9othermique sans co\u00fbt initial*, en effectuant un paiement mensuel de 75 $ sans int\u00e9r\u00eats pendant 15 ans (co\u00fbt total de 13 500 $). <\/strong><\/p>\n\n\n\n<p class=\"has-text-align-center has-small-font-size\">*Les am\u00e9liorations \u00e0 apporter \u00e0 l\u2019\u00e9quipement de votre maison en vue de l\u2019installation de la thermopompe g\u00e9othermique peuvent n\u00e9cessiter un paiement initial \u00e0 votre entrepreneur. Pour les projets de plus de 38 000 $ et les projets de remplacement d\u2019un syst\u00e8me de plus de 18 500 $, une contribution initiale sera exig\u00e9e.<\/p>\n\n\n\n<p class=\"has-text-align-center intro-copy text-center has-medium-font-size\">Cette offre bonifi\u00e9e est une initiative du <a href=\"https:\/\/efficiencymb.ca\/fr\/energie-domestique-abordable\/\" target=\"_blank\" rel=\"noreferrer noopener\">Programme d\u2019\u00e9nergie domestique abordable<\/a>.<\/p>\n<\/div><\/div>\n\n\n\n<div style=\"height:20px\" aria-hidden=\"true\" class=\"wp-block-spacer\"><\/div>\n\n\n\n<div class=\"wp-block-group is-style-content-wide\"><div class=\"wp-block-group__inner-container is-layout-constrained wp-block-group-is-layout-constrained\">\n<h2 class=\"wp-block-heading has-text-align-center\" id=\"votre-project-est-il-admissible\">VOTRE PROJET EST-IL ADMISSIBLE?<\/h2>\n\n\n\n<ul class=\"wp-block-list is-style-medium\">\n<li class=\"has-medium-font-size\">Pour les am\u00e9liorations, votre thermopompe remplace un appareil de chauffage \u00e9lectrique central ou une chaudi\u00e8re \u00e9lectrique, des plinthes chauffantes ou un syst\u00e8me de chauffage au gaz naturel.\u00a0<a href=\"https:\/\/ressources-naturelles.canada.ca\/efficacite-energetique\/efficacite-energetique-maison\/initiative-canadienne-maisons-plus-vertes\/demandeurs-manitoba?_gl=1*1b7y37w*_ga*ODUxMjgwODUwLjE3NjA0NjY3NDk.*_ga_C2N57Y7DX5*czE3NzMwNjk2MDMkbzckZzAkdDE3NzMwNjk2MDMkajYwJGwwJGgw\" target=\"_blank\" rel=\"noreferrer noopener\">Les propri\u00e9taires de maison qui avaient un syst\u00e8me de chauffage au mazout<\/a>\u00a0sont \u00e9galement admissibles \u00e0 ces incitatifs.<\/li>\n\n\n\n<li class=\"has-medium-font-size\">Votre thermopompe est install\u00e9e dans une propri\u00e9t\u00e9 r\u00e9sidentielle. Les maisons neuves sont admissibles.<\/li>\n\n\n\n<li class=\"has-medium-font-size\">L\u2019entrepreneur que vous avez choisi est <a href=\"https:\/\/efficiencymb.ca\/fr\/trouver-un-fournisseur\/\" target=\"_blank\" rel=\"noreferrer noopener\">inscrit aupr\u00e8s d\u2019Efficacit\u00e9 Manitoba<\/a>. Les entrepreneurs agr\u00e9\u00e9s qui proposent l\u2019installation de thermopompes g\u00e9othermiques sont des membres actifs de la <a href=\"https:\/\/www.mgea.ca\/member-list\/\" target=\"_blank\" rel=\"noreferrer noopener\">Manitoba Geothermal Energy Alliance<\/a> (en anglais).<\/li>\n\n\n\n<li class=\"has-medium-font-size\">Votre thermopompe est install\u00e9e dans votre r\u00e9sidence principale (et non saisonni\u00e8re).<\/li>\n\n\n\n<li class=\"has-medium-font-size\">Les remplacements de thermopompes g\u00e9othermiques existantes sont admissibles \u00e0 ces incitatifs. Communiquez avec nous pour obtenir plus d\u2019informations.<\/li>\n<\/ul>\n\n\n\n<p class=\"has-text-align-center has-medium-font-size\">Lisez les&nbsp;<a href=\"https:\/\/efficiencymb.ca\/wp-content\/uploads\/GroundSourceHeatPump_Application-Terms-and-conditions_Residential.pdf\" target=\"_blank\" rel=\"noreferrer noopener\">modalit\u00e9s<\/a>&nbsp;(en anglais) du programme pour conna\u00eetre tous les crit\u00e8res d\u2019admissibilit\u00e9. Vouz pouvez \u00e9galement consulter le <a href=\"https:\/\/efficiencymb.ca\/wp-content\/uploads\/EM_Residential_Ground-Source-Heat-Pump-ProgramGuide.pdf\" target=\"_blank\" rel=\"noreferrer noopener\">guide du programme<\/a> (en anglais) pour obtenir de plus amples renseignements.<\/p>\n<\/div><\/div>\n\n\n\n<div style=\"height:30px\" aria-hidden=\"true\" class=\"wp-block-spacer\"><\/div>\n\n\n\n<figure class=\"wp-block-image size-full slant\"><img loading=\"lazy\" decoding=\"async\" width=\"2000\" height=\"400\" src=\"https:\/\/efficiencymb.ca\/wp-content\/uploads\/bg-two-tone-green@2x.png\" alt=\"\" class=\"wp-image-592\" srcset=\"https:\/\/efficiencymb.ca\/wp-content\/uploads\/bg-two-tone-green@2x.png 2000w, https:\/\/efficiencymb.ca\/wp-content\/uploads\/bg-two-tone-green@2x-479x96.png 479w, https:\/\/efficiencymb.ca\/wp-content\/uploads\/bg-two-tone-green@2x-1024x205.png 1024w, https:\/\/efficiencymb.ca\/wp-content\/uploads\/bg-two-tone-green@2x-768x154.png 768w, https:\/\/efficiencymb.ca\/wp-content\/uploads\/bg-two-tone-green@2x-1536x307.png 1536w\" sizes=\"auto, (max-width: 2000px) 100vw, 2000px\" \/><\/figure>\n\n\n\n<div class=\"wp-block-group has-background\" style=\"background-color:#f4f3f3\"><div class=\"wp-block-group__inner-container is-layout-flow wp-block-group-is-layout-flow\">\n<h2 class=\"wp-block-heading has-text-align-center is-style-hero-heading\" id=\"verifiez-votre-admissibilite\"><strong>\u00c9TAPES POUR PARTICIPER<\/strong><\/h2>\n\n\n\n<ol class=\"iconic-list large\">\n<li>\n<h3><strong>CHOISISSEZ<\/strong> UN ENTREPRENEUR AGR\u00c9\u00c9<\/h3>\n<p><a href=\"https:\/\/efficiencymb.ca\/fr\/pompes-geothermiques-maison\/#votre-project-est-il-admissible\" target=\"_blank\" rel=\"noopener\">D\u00e9terminez en premier lieu si votre projet est admissible<\/a>, puis choisissez un entrepreneur agr\u00e9\u00e9. Nous vous recommandons de parcourir notre <a href=\"https:\/\/emsupplier.visiondsm.com\/contractor-search\" target=\"_blank\" rel=\"noopener\">liste d\u2019entrepreneurs agr\u00e9\u00e9s<\/a>, d\u2019obtenir plusieurs devis et de v\u00e9rifier les r\u00e9f\u00e9rences avant d\u2019arr\u00eater votre choix. Une fois que vous aurez choisi un entrepreneur, ce dernier vous guidera tout au long du processus de demande et pr\u00e9sentera une demande en votre nom. Vous devrez accepter les <a href=\"https:\/\/efficiencymb.ca\/wp-content\/uploads\/GroundSourceHeatPump_Application-Terms-and-conditions_Residential.pdf\" target=\"_blank\" rel=\"noopener\">modalit\u00e9s<\/a>\u00a0(en anglais) \u00e0 ce moment-l\u00e0.<\/p>\n<\/li>\n<li>\n<h3><strong>FAITES APPROUVER<\/strong>\u00a0VOTRE PROJET<\/h3>\n<p>Nous vous enverrons un courriel pour vous informer que votre projet a \u00e9t\u00e9 approuv\u00e9. Par la suite, vous disposerez d\u2019une ann\u00e9e compl\u00e8te pour installer votre thermopompe g\u00e9othermique. Assurez-vous d\u2019avoir re\u00e7u l\u2019approbation avant de commencer les travaux.<\/p>\n<\/li>\n<li>\n<h3><strong>R\u00c9ALISEZ VOTRE PROJET<\/strong> ET SIGNEZ VOTRE D\u00c9CLARATION D\u2019ACH\u00c8VEMENT<\/h3>\n<p>Une fois votre thermopompe install\u00e9e et fonctionnelle, signez avec votre entrepreneur la d\u00e9claration d\u2019ach\u00e8vement et soumettez tous les permis et factures n\u00e9cessaires. Nous examinerons ces documents et paierons ensuite votre entrepreneur.<\/p>\n<\/li>\n<li>\n<h3><strong>V\u00c9RIFIEZ <\/strong>VOTRE FACTURE D\u2019\u00c9NERGIE MENSUELLE<\/h3>\n<p>Nous ajouterons votre paiement mensuel de 75 $ \u00e0 votre facture \u00e9nerg\u00e9tique de Manitoba Hydro.<\/p>\n<\/li>\n<\/ol>\n\n\n<div class=\"theme-button wp-block-button aligncenter\">\r\n\t<a target=\"_blank\" class=\"wp-block-button__link has-background no-border-radius button cta button-large\" href=\"https:\/\/www.mgea.ca\/member-list\/\"><strong>TROUVES UN<\/strong><br>ENTREPRENEUR AGR\u00c9\u00c9 (EN ANGLAIS)<\/a>\r\n<\/div>\n\n\n<div style=\"height:30px\" aria-hidden=\"true\" class=\"wp-block-spacer\"><\/div>\n<\/div><\/div>\n\n\n\n<figure class=\"wp-block-image size-full slant\"><img loading=\"lazy\" decoding=\"async\" width=\"2000\" height=\"400\" src=\"https:\/\/efficiencymb.ca\/wp-content\/uploads\/bg-two-tone-green-bottom@2x.png\" alt=\"\" class=\"wp-image-609\" srcset=\"https:\/\/efficiencymb.ca\/wp-content\/uploads\/bg-two-tone-green-bottom@2x.png 2000w, https:\/\/efficiencymb.ca\/wp-content\/uploads\/bg-two-tone-green-bottom@2x-479x96.png 479w, https:\/\/efficiencymb.ca\/wp-content\/uploads\/bg-two-tone-green-bottom@2x-1024x205.png 1024w, https:\/\/efficiencymb.ca\/wp-content\/uploads\/bg-two-tone-green-bottom@2x-768x154.png 768w, https:\/\/efficiencymb.ca\/wp-content\/uploads\/bg-two-tone-green-bottom@2x-1536x307.png 1536w\" sizes=\"auto, (max-width: 2000px) 100vw, 2000px\" \/><\/figure>\n\n\n\n<div class=\"wp-block-group is-style-content-wide\"><div class=\"wp-block-group__inner-container is-layout-flow wp-block-group-is-layout-flow\">\n<h2 class=\"wp-block-heading has-text-align-center is-style-hero-heading\" id=\"\u00caTES-VOUS-ADMISSIBLE\"><meta charset=\"utf-8\"><\/meta>EN SAVOIR PLUS<\/h2>\n\n\n\n<div class=\"featured-post-block\">\n\t<div class=\"featured-post-block-items\" data-slidesToShow=\"2\" data-auto=\"\" data-autoplayspeed=\"\">\n\t\t\t\t\t<div class=\"featured-post-block-item\">\n\t\t\t\t<div class=\"featured-post-block-item-img\">\n\t\t\t\t\t<a class=\"featured-post-block-item-more\" href=\"https:\/\/efficiencymb.ca\/fr\/articles\/tout-savoir-sur-les-thermopompes-geothermiques\/\"><img loading=\"lazy\" decoding=\"async\" width=\"2400\" height=\"1350\" src=\"https:\/\/efficiencymb.ca\/wp-content\/uploads\/all-about-heat-pumps-1219408987-scaled-e1631758197106.jpg\" class=\"attachment-post-thumbnail size-post-thumbnail wp-post-image\" alt=\"Tout savoir sur les thermopompes g\u00e9othermiques\" srcset=\"https:\/\/efficiencymb.ca\/wp-content\/uploads\/all-about-heat-pumps-1219408987-scaled-e1631758197106.jpg 2400w, https:\/\/efficiencymb.ca\/wp-content\/uploads\/all-about-heat-pumps-1219408987-scaled-e1631758197106-479x269.jpg 479w, https:\/\/efficiencymb.ca\/wp-content\/uploads\/all-about-heat-pumps-1219408987-scaled-e1631758197106-1024x576.jpg 1024w, https:\/\/efficiencymb.ca\/wp-content\/uploads\/all-about-heat-pumps-1219408987-scaled-e1631758197106-768x432.jpg 768w, https:\/\/efficiencymb.ca\/wp-content\/uploads\/all-about-heat-pumps-1219408987-scaled-e1631758197106-1536x864.jpg 1536w, https:\/\/efficiencymb.ca\/wp-content\/uploads\/all-about-heat-pumps-1219408987-scaled-e1631758197106-2048x1152.jpg 2048w, https:\/\/efficiencymb.ca\/wp-content\/uploads\/all-about-heat-pumps-1219408987-scaled-e1631758197106-1920x1080.jpg 1920w\" sizes=\"auto, (max-width: 2400px) 100vw, 2400px\" \/><\/a>\n\t\t\t\t<\/div>\n\t\t\t\t<div class=\"featured-post-block-item-content\">\n\t\t\t\t\t<h3 class=\"wp-block-getwid-template-post-title\"><a href=\"https:\/\/efficiencymb.ca\/fr\/articles\/tout-savoir-sur-les-thermopompes-geothermiques\/\">Tout savoir sur les thermopompes g\u00e9othermiques<\/a><\/h3>\n\t\t\t\t\t<div class=\"featured-post-block-item-excerpt\">\n\t\t\t\t\t\tQue vous construisiez un nouveau b\u00e2timent ou que vous remplaciez un syst\u00e8me de chauffage et de refroidissement existant, envisagez l\u2019installation d\u2019une thermopompe g\u00e9othermique, l\u2019un des syst\u00e8mes de chauffage et de\u2026\t\t\t\t\t<\/div>\n\t\t\t\t\t<!-- <a class=\"featured-post-block-item-more\" href=\"\"><\/a> -->\n\t\t\t\t\t<a class=\"featured-post-block-item-more\" href=\"https:\/\/efficiencymb.ca\/fr\/articles\/tout-savoir-sur-les-thermopompes-geothermiques\/\" aria-label=\"Poursuivre la lecture... Tout savoir sur les thermopompes g\u00e9othermiques\">Poursuivre la lecture&#8230;<\/a>\n\t\t\t\t<\/div>\n\t\t\t<\/div>\n\t\t\t<\/div>\n<\/div>\n<\/div><\/div>\n\n\n\n<figure class=\"wp-block-image size-full\"><img loading=\"lazy\" decoding=\"async\" width=\"2000\" height=\"400\" src=\"https:\/\/efficiencymb.ca\/wp-content\/uploads\/bg-two-tone-green@2x.png\" alt=\"\" class=\"wp-image-592\" srcset=\"https:\/\/efficiencymb.ca\/wp-content\/uploads\/bg-two-tone-green@2x.png 2000w, https:\/\/efficiencymb.ca\/wp-content\/uploads\/bg-two-tone-green@2x-479x96.png 479w, https:\/\/efficiencymb.ca\/wp-content\/uploads\/bg-two-tone-green@2x-1024x205.png 1024w, https:\/\/efficiencymb.ca\/wp-content\/uploads\/bg-two-tone-green@2x-768x154.png 768w, https:\/\/efficiencymb.ca\/wp-content\/uploads\/bg-two-tone-green@2x-1536x307.png 1536w\" sizes=\"auto, (max-width: 2000px) 100vw, 2000px\" \/><\/figure>\n","protected":false},"excerpt":{"rendered":"<p>Nous offrons un soutien financier pour faciliter vos am\u00e9liorations relatives \u00e0 une pompe g\u00e9othermique et les rendre plus abordables.<\/p>\n","protected":false},"author":10,"featured_media":75347,"parent":0,"menu_order":0,"comment_status":"closed","ping_status":"closed","template":"","meta":{"_acf_changed":false,"footnotes":""},"class_list":["post-74988","page","type-page","status-publish","has-post-thumbnail","hentry","page_cat-programs"],"acf":[],"yoast_head":"<!-- This site is optimized with the Yoast SEO plugin v27.0 - https:\/\/yoast.com\/product\/yoast-seo-wordpress\/ -->\n<title>PROGRAMME DES THERMOPOMPES G\u00c9OTHERMIQUES &#8212; Efficiency Manitoba<\/title>\n<meta name=\"description\" content=\"Nous offrons un soutien financier pour faciliter vos am\u00e9liorations relatives \u00e0 une pompe g\u00e9othermique et les rendre plus abordables.\" \/>\n<meta name=\"robots\" content=\"index, follow, max-snippet:-1, max-image-preview:large, max-video-preview:-1\" \/>\n<link rel=\"canonical\" href=\"https:\/\/efficiencymb.ca\/fr\/pompes-geothermiques-maison\/\" \/>\n<meta property=\"og:locale\" content=\"fr_FR\" \/>\n<meta property=\"og:type\" content=\"article\" \/>\n<meta property=\"og:title\" content=\"PROGRAMME DES THERMOPOMPES G\u00c9OTHERMIQUES &#8212; Efficiency Manitoba\" \/>\n<meta property=\"og:description\" content=\"Nous offrons un soutien financier pour faciliter vos am\u00e9liorations relatives \u00e0 une pompe g\u00e9othermique et les rendre plus abordables.\" \/>\n<meta property=\"og:url\" content=\"https:\/\/efficiencymb.ca\/fr\/pompes-geothermiques-maison\/\" \/>\n<meta property=\"og:site_name\" content=\"Efficiency Manitoba\" \/>\n<meta property=\"article:modified_time\" content=\"2026-03-11T13:39:51+00:00\" \/>\n<meta property=\"og:image\" content=\"https:\/\/efficiencymb.ca\/wp-content\/uploads\/gshp-home-1444132679.jpg\" \/>\n\t<meta property=\"og:image:width\" content=\"2400\" \/>\n\t<meta property=\"og:image:height\" content=\"1350\" \/>\n\t<meta property=\"og:image:type\" content=\"image\/jpeg\" \/>\n<meta name=\"twitter:card\" content=\"summary_large_image\" \/>\n<meta name=\"twitter:label1\" content=\"Dur\u00e9e de lecture estim\u00e9e\" \/>\n\t<meta name=\"twitter:data1\" content=\"4 minutes\" \/>\n<script type=\"application\/ld+json\" class=\"yoast-schema-graph\">{\"@context\":\"https:\/\/schema.org\",\"@graph\":[{\"@type\":\"WebPage\",\"@id\":\"https:\/\/efficiencymb.ca\/fr\/pompes-geothermiques-maison\/\",\"url\":\"https:\/\/efficiencymb.ca\/fr\/pompes-geothermiques-maison\/\",\"name\":\"PROGRAMME DES THERMOPOMPES G\u00c9OTHERMIQUES &#8212; Efficiency Manitoba\",\"isPartOf\":{\"@id\":\"https:\/\/efficiencymb.ca\/#website\"},\"primaryImageOfPage\":{\"@id\":\"https:\/\/efficiencymb.ca\/fr\/pompes-geothermiques-maison\/#primaryimage\"},\"image\":{\"@id\":\"https:\/\/efficiencymb.ca\/fr\/pompes-geothermiques-maison\/#primaryimage\"},\"thumbnailUrl\":\"https:\/\/efficiencymb.ca\/wp-content\/uploads\/gshp-home-1444132679.jpg\",\"datePublished\":\"2025-04-22T12:00:00+00:00\",\"dateModified\":\"2026-03-11T13:39:51+00:00\",\"description\":\"Nous offrons un soutien financier pour faciliter vos am\u00e9liorations relatives \u00e0 une pompe g\u00e9othermique et les rendre plus abordables.\",\"breadcrumb\":{\"@id\":\"https:\/\/efficiencymb.ca\/fr\/pompes-geothermiques-maison\/#breadcrumb\"},\"inLanguage\":\"fr-FR\",\"potentialAction\":[{\"@type\":\"ReadAction\",\"target\":[\"https:\/\/efficiencymb.ca\/fr\/pompes-geothermiques-maison\/\"]}]},{\"@type\":\"ImageObject\",\"inLanguage\":\"fr-FR\",\"@id\":\"https:\/\/efficiencymb.ca\/fr\/pompes-geothermiques-maison\/#primaryimage\",\"url\":\"https:\/\/efficiencymb.ca\/wp-content\/uploads\/gshp-home-1444132679.jpg\",\"contentUrl\":\"https:\/\/efficiencymb.ca\/wp-content\/uploads\/gshp-home-1444132679.jpg\",\"width\":2400,\"height\":1350},{\"@type\":\"BreadcrumbList\",\"@id\":\"https:\/\/efficiencymb.ca\/fr\/pompes-geothermiques-maison\/#breadcrumb\",\"itemListElement\":[{\"@type\":\"ListItem\",\"position\":1,\"name\":\"Home\",\"item\":\"https:\/\/efficiencymb.ca\/fr\/\"},{\"@type\":\"ListItem\",\"position\":2,\"name\":\"PROGRAMME DES THERMOPOMPES G\u00c9OTHERMIQUES\"}]},{\"@type\":\"WebSite\",\"@id\":\"https:\/\/efficiencymb.ca\/#website\",\"url\":\"https:\/\/efficiencymb.ca\/\",\"name\":\"Efficiency Manitoba\",\"description\":\"\",\"publisher\":{\"@id\":\"https:\/\/efficiencymb.ca\/#organization\"},\"potentialAction\":[{\"@type\":\"SearchAction\",\"target\":{\"@type\":\"EntryPoint\",\"urlTemplate\":\"https:\/\/efficiencymb.ca\/?s={search_term_string}\"},\"query-input\":{\"@type\":\"PropertyValueSpecification\",\"valueRequired\":true,\"valueName\":\"search_term_string\"}}],\"inLanguage\":\"fr-FR\"},{\"@type\":\"Organization\",\"@id\":\"https:\/\/efficiencymb.ca\/#organization\",\"name\":\"Efficiency Manitoba\",\"url\":\"https:\/\/efficiencymb.ca\/\",\"logo\":{\"@type\":\"ImageObject\",\"inLanguage\":\"fr-FR\",\"@id\":\"https:\/\/efficiencymb.ca\/#\/schema\/logo\/image\/\",\"url\":\"https:\/\/efficiencymb.ca\/wp-content\/uploads\/em-logo-white-en.png\",\"contentUrl\":\"https:\/\/efficiencymb.ca\/wp-content\/uploads\/em-logo-white-en.png\",\"width\":388,\"height\":91,\"caption\":\"Efficiency Manitoba\"},\"image\":{\"@id\":\"https:\/\/efficiencymb.ca\/#\/schema\/logo\/image\/\"}}]}<\/script>\n<!-- \/ Yoast SEO plugin. -->","yoast_head_json":{"title":"PROGRAMME DES THERMOPOMPES G\u00c9OTHERMIQUES &#8212; Efficiency Manitoba","description":"Nous offrons un soutien financier pour faciliter vos am\u00e9liorations relatives \u00e0 une pompe g\u00e9othermique et les rendre plus abordables.","robots":{"index":"index","follow":"follow","max-snippet":"max-snippet:-1","max-image-preview":"max-image-preview:large","max-video-preview":"max-video-preview:-1"},"canonical":"https:\/\/efficiencymb.ca\/fr\/pompes-geothermiques-maison\/","og_locale":"fr_FR","og_type":"article","og_title":"PROGRAMME DES THERMOPOMPES G\u00c9OTHERMIQUES &#8212; Efficiency Manitoba","og_description":"Nous offrons un soutien financier pour faciliter vos am\u00e9liorations relatives \u00e0 une pompe g\u00e9othermique et les rendre plus abordables.","og_url":"https:\/\/efficiencymb.ca\/fr\/pompes-geothermiques-maison\/","og_site_name":"Efficiency Manitoba","article_modified_time":"2026-03-11T13:39:51+00:00","og_image":[{"width":2400,"height":1350,"url":"https:\/\/efficiencymb.ca\/wp-content\/uploads\/gshp-home-1444132679.jpg","type":"image\/jpeg"}],"twitter_card":"summary_large_image","twitter_misc":{"Dur\u00e9e de lecture estim\u00e9e":"4 minutes"},"schema":{"@context":"https:\/\/schema.org","@graph":[{"@type":"WebPage","@id":"https:\/\/efficiencymb.ca\/fr\/pompes-geothermiques-maison\/","url":"https:\/\/efficiencymb.ca\/fr\/pompes-geothermiques-maison\/","name":"PROGRAMME DES THERMOPOMPES G\u00c9OTHERMIQUES &#8212; Efficiency Manitoba","isPartOf":{"@id":"https:\/\/efficiencymb.ca\/#website"},"primaryImageOfPage":{"@id":"https:\/\/efficiencymb.ca\/fr\/pompes-geothermiques-maison\/#primaryimage"},"image":{"@id":"https:\/\/efficiencymb.ca\/fr\/pompes-geothermiques-maison\/#primaryimage"},"thumbnailUrl":"https:\/\/efficiencymb.ca\/wp-content\/uploads\/gshp-home-1444132679.jpg","datePublished":"2025-04-22T12:00:00+00:00","dateModified":"2026-03-11T13:39:51+00:00","description":"Nous offrons un soutien financier pour faciliter vos am\u00e9liorations relatives \u00e0 une pompe g\u00e9othermique et les rendre plus abordables.","breadcrumb":{"@id":"https:\/\/efficiencymb.ca\/fr\/pompes-geothermiques-maison\/#breadcrumb"},"inLanguage":"fr-FR","potentialAction":[{"@type":"ReadAction","target":["https:\/\/efficiencymb.ca\/fr\/pompes-geothermiques-maison\/"]}]},{"@type":"ImageObject","inLanguage":"fr-FR","@id":"https:\/\/efficiencymb.ca\/fr\/pompes-geothermiques-maison\/#primaryimage","url":"https:\/\/efficiencymb.ca\/wp-content\/uploads\/gshp-home-1444132679.jpg","contentUrl":"https:\/\/efficiencymb.ca\/wp-content\/uploads\/gshp-home-1444132679.jpg","width":2400,"height":1350},{"@type":"BreadcrumbList","@id":"https:\/\/efficiencymb.ca\/fr\/pompes-geothermiques-maison\/#breadcrumb","itemListElement":[{"@type":"ListItem","position":1,"name":"Home","item":"https:\/\/efficiencymb.ca\/fr\/"},{"@type":"ListItem","position":2,"name":"PROGRAMME DES THERMOPOMPES G\u00c9OTHERMIQUES"}]},{"@type":"WebSite","@id":"https:\/\/efficiencymb.ca\/#website","url":"https:\/\/efficiencymb.ca\/","name":"Efficiency Manitoba","description":"","publisher":{"@id":"https:\/\/efficiencymb.ca\/#organization"},"potentialAction":[{"@type":"SearchAction","target":{"@type":"EntryPoint","urlTemplate":"https:\/\/efficiencymb.ca\/?s={search_term_string}"},"query-input":{"@type":"PropertyValueSpecification","valueRequired":true,"valueName":"search_term_string"}}],"inLanguage":"fr-FR"},{"@type":"Organization","@id":"https:\/\/efficiencymb.ca\/#organization","name":"Efficiency Manitoba","url":"https:\/\/efficiencymb.ca\/","logo":{"@type":"ImageObject","inLanguage":"fr-FR","@id":"https:\/\/efficiencymb.ca\/#\/schema\/logo\/image\/","url":"https:\/\/efficiencymb.ca\/wp-content\/uploads\/em-logo-white-en.png","contentUrl":"https:\/\/efficiencymb.ca\/wp-content\/uploads\/em-logo-white-en.png","width":388,"height":91,"caption":"Efficiency Manitoba"},"image":{"@id":"https:\/\/efficiencymb.ca\/#\/schema\/logo\/image\/"}}]}},"_links":{"self":[{"href":"https:\/\/efficiencymb.ca\/fr\/wp-json\/wp\/v2\/pages\/74988","targetHints":{"allow":["GET"]}}],"collection":[{"href":"https:\/\/efficiencymb.ca\/fr\/wp-json\/wp\/v2\/pages"}],"about":[{"href":"https:\/\/efficiencymb.ca\/fr\/wp-json\/wp\/v2\/types\/page"}],"author":[{"embeddable":true,"href":"https:\/\/efficiencymb.ca\/fr\/wp-json\/wp\/v2\/users\/10"}],"replies":[{"embeddable":true,"href":"https:\/\/efficiencymb.ca\/fr\/wp-json\/wp\/v2\/comments?post=74988"}],"version-history":[{"count":17,"href":"https:\/\/efficiencymb.ca\/fr\/wp-json\/wp\/v2\/pages\/74988\/revisions"}],"predecessor-version":[{"id":86396,"href":"https:\/\/efficiencymb.ca\/fr\/wp-json\/wp\/v2\/pages\/74988\/revisions\/86396"}],"wp:featuredmedia":[{"embeddable":true,"href":"https:\/\/efficiencymb.ca\/fr\/wp-json\/wp\/v2\/media\/75347"}],"wp:attachment":[{"href":"https:\/\/efficiencymb.ca\/fr\/wp-json\/wp\/v2\/media?parent=74988"}],"curies":[{"name":"wp","href":"https:\/\/api.w.org\/{rel}","templated":true}]}}