{"id":74483,"date":"2025-04-11T14:40:50","date_gmt":"2025-04-11T19:40:50","guid":{"rendered":"https:\/\/efficiencymb.ca\/?page_id=74483"},"modified":"2025-04-29T08:04:03","modified_gmt":"2025-04-29T13:04:03","slug":"remise-remerciement-evaluation-energuide-maison","status":"publish","type":"page","link":"https:\/\/efficiencymb.ca\/fr\/ma-maison\/remise-remerciement-evaluation-energuide-maison\/","title":{"rendered":"REMISE POUR UNE \u00c9VALUATION \u00c9NERGUIDE DE VOTRE MAISON"},"content":{"rendered":"\n<div class=\"wp-block-group is-style-content-wide\"><div class=\"wp-block-group__inner-container is-layout-flow wp-block-group-is-layout-flow\">\n<h1 class=\"wp-block-heading has-text-align-center is-style-hero-heading\"><strong>MERCI POUR VOTRE DEMANDE!<\/strong><\/h1>\n\n\n\n<p class=\"has-text-align-center has-medium-font-size\">Nous sommes ravis que vous ayez franchi cette \u00e9tape importante pour mieux comprendre la consommation d\u2019\u00e9nergie de votre maison et les am\u00e9liorations qui contribueront \u00e0 accro\u00eetre l\u2019efficacit\u00e9 \u00e9nerg\u00e9tique de votre maison.<\/p>\n\n\n\n<p class=\"has-text-align-center has-medium-font-size\">Nous examinerons votre demande dans les 10 \u00e0 15 jours ouvrables et nous vous enverrons un courriel de suivi. Les courriels concernant votre demande proviendront de l\u2019adresse <a href=\"mailto:homeevaluation@efficiencyMB.ca\">homeevaluation@efficiencyMB.ca<\/a>.\u00a0<\/p>\n\n\n\n<p class=\"has-text-align-center has-medium-font-size\">Si vous avez proc\u00e9d\u00e9 \u00e0 une \u00e9valuation \u00c9nerGuide avant r\u00e9novations \u00e0 plus d\u2019une adresse, veuillez soumettre une demande pour chaque maison ayant fait l\u2019objet d\u2019une \u00e9valuation.<\/p>\n\n\n\n<div style=\"height:39px\" aria-hidden=\"true\" class=\"wp-block-spacer\"><\/div>\n\n\n<div class=\"theme-button wp-block-button aligncenter\">\r\n\t<a  class=\"wp-block-button__link has-background no-border-radius button cta button-large\" href=\"https:\/\/efficiencymb.ca\/fr\/?page_id=74478\"><strong>SOUMETTRE UNE AUTRE<\/strong><br>DEMANDE<\/a>\r\n<\/div>\n\n\n<h2 class=\"wp-block-heading has-text-align-center\">REMISES OFFERTES<\/h2>\n<\/div><\/div>\n\n\n\r\n\t<div class=\"category-block wp-block-columns wp-block-columns-3 container\">\r\n\t\t\t\t\t<div class=\"wp-block-column\">\r\n\t\t\t<div>\r\n\t\t\t\t<h2 class=\"has-text-align-left\"><a href=\"https:\/\/efficiencymb.ca\/fr\/ma-maison\/ameliorations-de-lisolation\/\">Am\u00e9liorations de l\u2019Isolation<\/a><\/h2>\r\n\t\t\t\t<p>offres pour l\u2019isolation des maisons \u00e0 l\u2019intention de tous les manitobains et manitobaines Le chauffage de votre maison peut repr\u00e9senter&#8230;<\/p>\r\n\t\t\t<\/div>\r\n\t\t\t                <figure class=\"\">\r\n                    <img decoding=\"async\" class=\"acf-figure-image\" \r\n            src=\"https:\/\/efficiencymb.ca\/wp-content\/uploads\/home-insulation-banner_v2_2x.jpg\"\r\n            srcset=\"https:\/\/efficiencymb.ca\/wp-content\/uploads\/home-insulation-banner_v2_2x.jpg 2400w, https:\/\/efficiencymb.ca\/wp-content\/uploads\/home-insulation-banner_v2_2x-479x269.jpg 479w, https:\/\/efficiencymb.ca\/wp-content\/uploads\/home-insulation-banner_v2_2x-1024x576.jpg 1024w, https:\/\/efficiencymb.ca\/wp-content\/uploads\/home-insulation-banner_v2_2x-768x432.jpg 768w, https:\/\/efficiencymb.ca\/wp-content\/uploads\/home-insulation-banner_v2_2x-1536x864.jpg 1536w, https:\/\/efficiencymb.ca\/wp-content\/uploads\/home-insulation-banner_v2_2x-2048x1152.jpg 2048w, https:\/\/efficiencymb.ca\/wp-content\/uploads\/home-insulation-banner_v2_2x-1920x1080.jpg 1920w\"\r\n            sizes=\"(max-width: 2400px) 100vw, 2400px\" \r\n            alt=\"Isolation en fibre de verre d'un mur int\u00e9rieur\"\r\n        \/>\r\n                        <\/figure>\r\n            \t\t<\/div>\r\n\t\t\t\t\t<div class=\"wp-block-column\">\r\n\t\t\t<div>\r\n\t\t\t\t<h2 class=\"has-text-align-left\"><a href=\"https:\/\/efficiencymb.ca\/fr\/ma-maison\/remise-sur-les-portes-et-fenetres\/\">Les Portes et Fen\u00eatres<\/a><\/h2>\r\n\t\t\t\t<p>Obtenez une remise de 100\u00a0$ sur chaque porte et fen\u00eatre admissible que vous installez dans votre maison, jusqu\u2019\u00e0 concurrence de&#8230;<\/p>\r\n\t\t\t<\/div>\r\n\t\t\t                <figure class=\"\">\r\n                    <img decoding=\"async\" class=\"acf-figure-image\" \r\n            src=\"https:\/\/efficiencymb.ca\/wp-content\/uploads\/young-family-enjoying-sunny-day-windows-and-doors-GettyImages-2110510132-1-scaled-e1726599971503.jpg\"\r\n            srcset=\"\"\r\n            sizes=\"(max-width: 2560px) 100vw, 2560px\" \r\n            alt=\"\"\r\n        \/>\r\n                        <\/figure>\r\n            \t\t<\/div>\r\n\t\t\t\t\t<div class=\"wp-block-column\">\r\n\t\t\t<div>\r\n\t\t\t\t<h2 class=\"has-text-align-left\"><a href=\"https:\/\/efficiencymb.ca\/fr\/ma-maison\/offres-pour-demandeurs-a-revenu-admissible\/\">Offres bas\u00e9es sur le revenu<\/a><\/h2>\r\n\t\t\t\t<p>Si vous touchez un revenu modeste, nous pouvons vous aider \u00e0 r\u00e9duire vos factures \u00e9nerg\u00e9tiques mensuelles et \u00e0 accro\u00eetre le&#8230;<\/p>\r\n\t\t\t<\/div>\r\n\t\t\t                <figure class=\"\">\r\n                    <img decoding=\"async\" class=\"acf-figure-image\" \r\n            src=\"https:\/\/efficiencymb.ca\/wp-content\/uploads\/income-qualified-banner-alt.jpg\"\r\n            srcset=\"https:\/\/efficiencymb.ca\/wp-content\/uploads\/income-qualified-banner-alt.jpg 2400w, https:\/\/efficiencymb.ca\/wp-content\/uploads\/income-qualified-banner-alt-479x269.jpg 479w, https:\/\/efficiencymb.ca\/wp-content\/uploads\/income-qualified-banner-alt-1024x576.jpg 1024w, https:\/\/efficiencymb.ca\/wp-content\/uploads\/income-qualified-banner-alt-768x432.jpg 768w, https:\/\/efficiencymb.ca\/wp-content\/uploads\/income-qualified-banner-alt-1536x864.jpg 1536w, https:\/\/efficiencymb.ca\/wp-content\/uploads\/income-qualified-banner-alt-2048x1152.jpg 2048w, https:\/\/efficiencymb.ca\/wp-content\/uploads\/income-qualified-banner-alt-1920x1080.jpg 1920w\"\r\n            sizes=\"(max-width: 2400px) 100vw, 2400px\" \r\n            alt=\"Couple discutant avec un expert dans la cuisine\"\r\n        \/>\r\n                        <\/figure>\r\n            \t\t<\/div>\r\n\t\t<\/div>\r\n\n\n\r\n\t<div class=\"category-block wp-block-columns wp-block-columns-3 container\">\r\n\t\t\t\t\t<div class=\"wp-block-column\">\r\n\t\t\t<div>\r\n\t\t\t\t<h2 class=\"has-text-align-left\"><a href=\"https:\/\/efficiencymb.ca\/fr\/ma-maison\/indigenous-offers\/\">Offres pour les Autochtones<\/a><\/h2>\r\n\t\t\t\t<p>Nos offres aux Autochtones aident les communaut\u00e9s des Premi\u00e8res Nations et les citoyens m\u00e9tis de la rivi\u00e8re Rouge \u00e0 r\u00e9duire&#8230;<\/p>\r\n\t\t\t<\/div>\r\n\t\t\t                <figure class=\"\">\r\n                    <img decoding=\"async\" class=\"acf-figure-image\" \r\n            src=\"https:\/\/efficiencymb.ca\/wp-content\/uploads\/fn-insulation-and-direct-install-banner.jpg\"\r\n            srcset=\"https:\/\/efficiencymb.ca\/wp-content\/uploads\/fn-insulation-and-direct-install-banner.jpg 2400w, https:\/\/efficiencymb.ca\/wp-content\/uploads\/fn-insulation-and-direct-install-banner-479x269.jpg 479w, https:\/\/efficiencymb.ca\/wp-content\/uploads\/fn-insulation-and-direct-install-banner-1024x576.jpg 1024w, https:\/\/efficiencymb.ca\/wp-content\/uploads\/fn-insulation-and-direct-install-banner-768x432.jpg 768w, https:\/\/efficiencymb.ca\/wp-content\/uploads\/fn-insulation-and-direct-install-banner-1536x864.jpg 1536w, https:\/\/efficiencymb.ca\/wp-content\/uploads\/fn-insulation-and-direct-install-banner-2048x1152.jpg 2048w, https:\/\/efficiencymb.ca\/wp-content\/uploads\/fn-insulation-and-direct-install-banner-1920x1080.jpg 1920w\"\r\n            sizes=\"(max-width: 2400px) 100vw, 2400px\" \r\n            alt=\"M\u00e8re qui lit \u00e0 son enfant sous des couvertures\"\r\n        \/>\r\n                        <\/figure>\r\n            \t\t<\/div>\r\n\t\t\t\t\t<div class=\"wp-block-column\">\r\n\t\t\t<div>\r\n\t\t\t\t<h2 class=\"has-text-align-left\"><a href=\"https:\/\/efficiencymb.ca\/fr\/ma-maison\/chauffage-et-dispositifs-de-commande\/\">Chauffage<\/a><\/h2>\r\n\t\t\t\t<p>Chauffage<\/p>\r\n\t\t\t<\/div>\r\n\t\t\t                <figure class=\"\">\r\n                    <img decoding=\"async\" class=\"acf-figure-image\" \r\n            src=\"https:\/\/efficiencymb.ca\/wp-content\/uploads\/hrv-controls-banner_v2.jpg\"\r\n            srcset=\"https:\/\/efficiencymb.ca\/wp-content\/uploads\/hrv-controls-banner_v2.jpg 1200w, https:\/\/efficiencymb.ca\/wp-content\/uploads\/hrv-controls-banner_v2-479x269.jpg 479w, https:\/\/efficiencymb.ca\/wp-content\/uploads\/hrv-controls-banner_v2-1024x576.jpg 1024w, https:\/\/efficiencymb.ca\/wp-content\/uploads\/hrv-controls-banner_v2-768x432.jpg 768w\"\r\n            sizes=\"(max-width: 1200px) 100vw, 1200px\" \r\n            alt=\"Homme r\u00e9glant le thermostat\"\r\n        \/>\r\n                        <\/figure>\r\n            \t\t<\/div>\r\n\t\t\t\t\t<div class=\"wp-block-column\">\r\n\t\t\t<div>\r\n\t\t\t\t<h2 class=\"has-text-align-left\"><a href=\"https:\/\/efficiencymb.ca\/fr\/programme-de-remise-sur-les-systemes-solaires\/\">PROGRAMME DE REMISE SUR LES SYST\u00c8MES SOLAIRES<\/a><\/h2>\r\n\t\t\t\t<p>Les pompes g\u00e9othermiques sont \u00e9cologiques, efficaces et \u00e9conomiques. Elles peuvent r\u00e9duire jusqu\u2019\u00e0 60\u00a0% vos co\u00fbts actuels de chauffage \u00e9lectrique et&#8230;<\/p>\r\n\t\t\t<\/div>\r\n\t\t\t                <figure class=\"\">\r\n                    <img decoding=\"async\" class=\"acf-figure-image\" \r\n            src=\"https:\/\/efficiencymb.ca\/wp-content\/uploads\/Solar_panel_bundle_page.jpg\"\r\n            srcset=\"https:\/\/efficiencymb.ca\/wp-content\/uploads\/Solar_panel_bundle_page.jpg 2400w, https:\/\/efficiencymb.ca\/wp-content\/uploads\/Solar_panel_bundle_page-479x269.jpg 479w, https:\/\/efficiencymb.ca\/wp-content\/uploads\/Solar_panel_bundle_page-1024x576.jpg 1024w, https:\/\/efficiencymb.ca\/wp-content\/uploads\/Solar_panel_bundle_page-768x432.jpg 768w, https:\/\/efficiencymb.ca\/wp-content\/uploads\/Solar_panel_bundle_page-1536x864.jpg 1536w, https:\/\/efficiencymb.ca\/wp-content\/uploads\/Solar_panel_bundle_page-2048x1152.jpg 2048w, https:\/\/efficiencymb.ca\/wp-content\/uploads\/Solar_panel_bundle_page-1920x1080.jpg 1920w\"\r\n            sizes=\"(max-width: 2400px) 100vw, 2400px\" \r\n            alt=\"Panneaux solaires dans un champ\"\r\n        \/>\r\n                        <\/figure>\r\n            \t\t<\/div>\r\n\t\t<\/div>\r\n\n\n\n<div style=\"height:100px\" aria-hidden=\"true\" class=\"wp-block-spacer\"><\/div>\n","protected":false},"excerpt":{"rendered":"<p>Merci d\u2019avoir rempli la demande de remise pour une \u00e9valuation \u00c9nerGuide de votre maison. Obtenez de plus amples renseignements au sujet de nos programmes et de nos remises.<\/p>\n","protected":false},"author":10,"featured_media":74845,"parent":13101,"menu_order":0,"comment_status":"closed","ping_status":"closed","template":"","meta":{"_acf_changed":false,"footnotes":""},"class_list":["post-74483","page","type-page","status-publish","has-post-thumbnail","hentry","page_cat-exclude-algolia-search"],"acf":[],"yoast_head":"<!-- This site is optimized with the Yoast SEO plugin v27.3 - https:\/\/yoast.com\/product\/yoast-seo-wordpress\/ -->\n<title>REMISE POUR UNE \u00c9VALUATION \u00c9NERGUIDE DE VOTRE MAISON &#8212; Efficiency Manitoba<\/title>\n<meta name=\"description\" content=\"Merci d\u2019avoir rempli la demande de remise pour une \u00e9valuation \u00c9nerGuide de votre maison. Obtenez de plus amples renseignements au sujet de nos programmes et de nos remises.\" \/>\n<meta name=\"robots\" content=\"index, follow, max-snippet:-1, max-image-preview:large, max-video-preview:-1\" \/>\n<link rel=\"canonical\" href=\"https:\/\/efficiencymb.ca\/fr\/ma-maison\/remise-remerciement-evaluation-energuide-maison\/\" \/>\n<meta property=\"og:locale\" content=\"fr_FR\" \/>\n<meta property=\"og:type\" content=\"article\" \/>\n<meta property=\"og:title\" content=\"REMISE POUR UNE \u00c9VALUATION \u00c9NERGUIDE DE VOTRE MAISON &#8212; Efficiency Manitoba\" \/>\n<meta property=\"og:description\" content=\"Merci d\u2019avoir rempli la demande de remise pour une \u00e9valuation \u00c9nerGuide de votre maison. Obtenez de plus amples renseignements au sujet de nos programmes et de nos remises.\" \/>\n<meta property=\"og:url\" content=\"https:\/\/efficiencymb.ca\/fr\/ma-maison\/remise-remerciement-evaluation-energuide-maison\/\" \/>\n<meta property=\"og:site_name\" content=\"Efficiency Manitoba\" \/>\n<meta property=\"article:modified_time\" content=\"2025-04-29T13:04:03+00:00\" \/>\n<meta property=\"og:image\" content=\"https:\/\/efficiencymb.ca\/wp-content\/uploads\/EnerGuide-Home-Evaluation-Rebate-banner-image-2400x1350-1.jpg\" \/>\n\t<meta property=\"og:image:width\" content=\"2400\" \/>\n\t<meta property=\"og:image:height\" content=\"1350\" \/>\n\t<meta property=\"og:image:type\" content=\"image\/jpeg\" \/>\n<meta name=\"twitter:card\" content=\"summary_large_image\" \/>\n<meta name=\"twitter:label1\" content=\"Dur\u00e9e de lecture estim\u00e9e\" \/>\n\t<meta name=\"twitter:data1\" content=\"1 minute\" \/>\n<script type=\"application\/ld+json\" class=\"yoast-schema-graph\">{\"@context\":\"https:\\\/\\\/schema.org\",\"@graph\":[{\"@type\":\"WebPage\",\"@id\":\"https:\\\/\\\/efficiencymb.ca\\\/fr\\\/ma-maison\\\/remise-remerciement-evaluation-energuide-maison\\\/\",\"url\":\"https:\\\/\\\/efficiencymb.ca\\\/fr\\\/ma-maison\\\/remise-remerciement-evaluation-energuide-maison\\\/\",\"name\":\"REMISE POUR UNE \u00c9VALUATION \u00c9NERGUIDE DE VOTRE MAISON &#8212; Efficiency Manitoba\",\"isPartOf\":{\"@id\":\"https:\\\/\\\/efficiencymb.ca\\\/#website\"},\"primaryImageOfPage\":{\"@id\":\"https:\\\/\\\/efficiencymb.ca\\\/fr\\\/ma-maison\\\/remise-remerciement-evaluation-energuide-maison\\\/#primaryimage\"},\"image\":{\"@id\":\"https:\\\/\\\/efficiencymb.ca\\\/fr\\\/ma-maison\\\/remise-remerciement-evaluation-energuide-maison\\\/#primaryimage\"},\"thumbnailUrl\":\"https:\\\/\\\/efficiencymb.ca\\\/wp-content\\\/uploads\\\/EnerGuide-Home-Evaluation-Rebate-banner-image-2400x1350-1.jpg\",\"datePublished\":\"2025-04-11T19:40:50+00:00\",\"dateModified\":\"2025-04-29T13:04:03+00:00\",\"description\":\"Merci d\u2019avoir rempli la demande de remise pour une \u00e9valuation \u00c9nerGuide de votre maison. Obtenez de plus amples renseignements au sujet de nos programmes et de nos remises.\",\"breadcrumb\":{\"@id\":\"https:\\\/\\\/efficiencymb.ca\\\/fr\\\/ma-maison\\\/remise-remerciement-evaluation-energuide-maison\\\/#breadcrumb\"},\"inLanguage\":\"fr-FR\",\"potentialAction\":[{\"@type\":\"ReadAction\",\"target\":[\"https:\\\/\\\/efficiencymb.ca\\\/fr\\\/ma-maison\\\/remise-remerciement-evaluation-energuide-maison\\\/\"]}]},{\"@type\":\"ImageObject\",\"inLanguage\":\"fr-FR\",\"@id\":\"https:\\\/\\\/efficiencymb.ca\\\/fr\\\/ma-maison\\\/remise-remerciement-evaluation-energuide-maison\\\/#primaryimage\",\"url\":\"https:\\\/\\\/efficiencymb.ca\\\/wp-content\\\/uploads\\\/EnerGuide-Home-Evaluation-Rebate-banner-image-2400x1350-1.jpg\",\"contentUrl\":\"https:\\\/\\\/efficiencymb.ca\\\/wp-content\\\/uploads\\\/EnerGuide-Home-Evaluation-Rebate-banner-image-2400x1350-1.jpg\",\"width\":2400,\"height\":1350},{\"@type\":\"BreadcrumbList\",\"@id\":\"https:\\\/\\\/efficiencymb.ca\\\/fr\\\/ma-maison\\\/remise-remerciement-evaluation-energuide-maison\\\/#breadcrumb\",\"itemListElement\":[{\"@type\":\"ListItem\",\"position\":1,\"name\":\"Home\",\"item\":\"https:\\\/\\\/efficiencymb.ca\\\/fr\\\/\"},{\"@type\":\"ListItem\",\"position\":2,\"name\":\"Ma Maison\",\"item\":\"https:\\\/\\\/efficiencymb.ca\\\/fr\\\/ma-maison\\\/\"},{\"@type\":\"ListItem\",\"position\":3,\"name\":\"REMISE POUR UNE \u00c9VALUATION \u00c9NERGUIDE DE VOTRE MAISON\"}]},{\"@type\":\"WebSite\",\"@id\":\"https:\\\/\\\/efficiencymb.ca\\\/#website\",\"url\":\"https:\\\/\\\/efficiencymb.ca\\\/\",\"name\":\"Efficiency Manitoba\",\"description\":\"\",\"publisher\":{\"@id\":\"https:\\\/\\\/efficiencymb.ca\\\/#organization\"},\"potentialAction\":[{\"@type\":\"SearchAction\",\"target\":{\"@type\":\"EntryPoint\",\"urlTemplate\":\"https:\\\/\\\/efficiencymb.ca\\\/?s={search_term_string}\"},\"query-input\":{\"@type\":\"PropertyValueSpecification\",\"valueRequired\":true,\"valueName\":\"search_term_string\"}}],\"inLanguage\":\"fr-FR\"},{\"@type\":\"Organization\",\"@id\":\"https:\\\/\\\/efficiencymb.ca\\\/#organization\",\"name\":\"Efficiency Manitoba\",\"url\":\"https:\\\/\\\/efficiencymb.ca\\\/\",\"logo\":{\"@type\":\"ImageObject\",\"inLanguage\":\"fr-FR\",\"@id\":\"https:\\\/\\\/efficiencymb.ca\\\/#\\\/schema\\\/logo\\\/image\\\/\",\"url\":\"https:\\\/\\\/efficiencymb.ca\\\/wp-content\\\/uploads\\\/em-logo-white-en.png\",\"contentUrl\":\"https:\\\/\\\/efficiencymb.ca\\\/wp-content\\\/uploads\\\/em-logo-white-en.png\",\"width\":388,\"height\":91,\"caption\":\"Efficiency Manitoba\"},\"image\":{\"@id\":\"https:\\\/\\\/efficiencymb.ca\\\/#\\\/schema\\\/logo\\\/image\\\/\"}}]}<\/script>\n<!-- \/ Yoast SEO plugin. -->","yoast_head_json":{"title":"REMISE POUR UNE \u00c9VALUATION \u00c9NERGUIDE DE VOTRE MAISON &#8212; Efficiency Manitoba","description":"Merci d\u2019avoir rempli la demande de remise pour une \u00e9valuation \u00c9nerGuide de votre maison. Obtenez de plus amples renseignements au sujet de nos programmes et de nos remises.","robots":{"index":"index","follow":"follow","max-snippet":"max-snippet:-1","max-image-preview":"max-image-preview:large","max-video-preview":"max-video-preview:-1"},"canonical":"https:\/\/efficiencymb.ca\/fr\/ma-maison\/remise-remerciement-evaluation-energuide-maison\/","og_locale":"fr_FR","og_type":"article","og_title":"REMISE POUR UNE \u00c9VALUATION \u00c9NERGUIDE DE VOTRE MAISON &#8212; Efficiency Manitoba","og_description":"Merci d\u2019avoir rempli la demande de remise pour une \u00e9valuation \u00c9nerGuide de votre maison. Obtenez de plus amples renseignements au sujet de nos programmes et de nos remises.","og_url":"https:\/\/efficiencymb.ca\/fr\/ma-maison\/remise-remerciement-evaluation-energuide-maison\/","og_site_name":"Efficiency Manitoba","article_modified_time":"2025-04-29T13:04:03+00:00","og_image":[{"width":2400,"height":1350,"url":"https:\/\/efficiencymb.ca\/wp-content\/uploads\/EnerGuide-Home-Evaluation-Rebate-banner-image-2400x1350-1.jpg","type":"image\/jpeg"}],"twitter_card":"summary_large_image","twitter_misc":{"Dur\u00e9e de lecture estim\u00e9e":"1 minute"},"schema":{"@context":"https:\/\/schema.org","@graph":[{"@type":"WebPage","@id":"https:\/\/efficiencymb.ca\/fr\/ma-maison\/remise-remerciement-evaluation-energuide-maison\/","url":"https:\/\/efficiencymb.ca\/fr\/ma-maison\/remise-remerciement-evaluation-energuide-maison\/","name":"REMISE POUR UNE \u00c9VALUATION \u00c9NERGUIDE DE VOTRE MAISON &#8212; Efficiency Manitoba","isPartOf":{"@id":"https:\/\/efficiencymb.ca\/#website"},"primaryImageOfPage":{"@id":"https:\/\/efficiencymb.ca\/fr\/ma-maison\/remise-remerciement-evaluation-energuide-maison\/#primaryimage"},"image":{"@id":"https:\/\/efficiencymb.ca\/fr\/ma-maison\/remise-remerciement-evaluation-energuide-maison\/#primaryimage"},"thumbnailUrl":"https:\/\/efficiencymb.ca\/wp-content\/uploads\/EnerGuide-Home-Evaluation-Rebate-banner-image-2400x1350-1.jpg","datePublished":"2025-04-11T19:40:50+00:00","dateModified":"2025-04-29T13:04:03+00:00","description":"Merci d\u2019avoir rempli la demande de remise pour une \u00e9valuation \u00c9nerGuide de votre maison. Obtenez de plus amples renseignements au sujet de nos programmes et de nos remises.","breadcrumb":{"@id":"https:\/\/efficiencymb.ca\/fr\/ma-maison\/remise-remerciement-evaluation-energuide-maison\/#breadcrumb"},"inLanguage":"fr-FR","potentialAction":[{"@type":"ReadAction","target":["https:\/\/efficiencymb.ca\/fr\/ma-maison\/remise-remerciement-evaluation-energuide-maison\/"]}]},{"@type":"ImageObject","inLanguage":"fr-FR","@id":"https:\/\/efficiencymb.ca\/fr\/ma-maison\/remise-remerciement-evaluation-energuide-maison\/#primaryimage","url":"https:\/\/efficiencymb.ca\/wp-content\/uploads\/EnerGuide-Home-Evaluation-Rebate-banner-image-2400x1350-1.jpg","contentUrl":"https:\/\/efficiencymb.ca\/wp-content\/uploads\/EnerGuide-Home-Evaluation-Rebate-banner-image-2400x1350-1.jpg","width":2400,"height":1350},{"@type":"BreadcrumbList","@id":"https:\/\/efficiencymb.ca\/fr\/ma-maison\/remise-remerciement-evaluation-energuide-maison\/#breadcrumb","itemListElement":[{"@type":"ListItem","position":1,"name":"Home","item":"https:\/\/efficiencymb.ca\/fr\/"},{"@type":"ListItem","position":2,"name":"Ma Maison","item":"https:\/\/efficiencymb.ca\/fr\/ma-maison\/"},{"@type":"ListItem","position":3,"name":"REMISE POUR UNE \u00c9VALUATION \u00c9NERGUIDE DE VOTRE MAISON"}]},{"@type":"WebSite","@id":"https:\/\/efficiencymb.ca\/#website","url":"https:\/\/efficiencymb.ca\/","name":"Efficiency Manitoba","description":"","publisher":{"@id":"https:\/\/efficiencymb.ca\/#organization"},"potentialAction":[{"@type":"SearchAction","target":{"@type":"EntryPoint","urlTemplate":"https:\/\/efficiencymb.ca\/?s={search_term_string}"},"query-input":{"@type":"PropertyValueSpecification","valueRequired":true,"valueName":"search_term_string"}}],"inLanguage":"fr-FR"},{"@type":"Organization","@id":"https:\/\/efficiencymb.ca\/#organization","name":"Efficiency Manitoba","url":"https:\/\/efficiencymb.ca\/","logo":{"@type":"ImageObject","inLanguage":"fr-FR","@id":"https:\/\/efficiencymb.ca\/#\/schema\/logo\/image\/","url":"https:\/\/efficiencymb.ca\/wp-content\/uploads\/em-logo-white-en.png","contentUrl":"https:\/\/efficiencymb.ca\/wp-content\/uploads\/em-logo-white-en.png","width":388,"height":91,"caption":"Efficiency Manitoba"},"image":{"@id":"https:\/\/efficiencymb.ca\/#\/schema\/logo\/image\/"}}]}},"_links":{"self":[{"href":"https:\/\/efficiencymb.ca\/fr\/wp-json\/wp\/v2\/pages\/74483","targetHints":{"allow":["GET"]}}],"collection":[{"href":"https:\/\/efficiencymb.ca\/fr\/wp-json\/wp\/v2\/pages"}],"about":[{"href":"https:\/\/efficiencymb.ca\/fr\/wp-json\/wp\/v2\/types\/page"}],"author":[{"embeddable":true,"href":"https:\/\/efficiencymb.ca\/fr\/wp-json\/wp\/v2\/users\/10"}],"replies":[{"embeddable":true,"href":"https:\/\/efficiencymb.ca\/fr\/wp-json\/wp\/v2\/comments?post=74483"}],"version-history":[{"count":6,"href":"https:\/\/efficiencymb.ca\/fr\/wp-json\/wp\/v2\/pages\/74483\/revisions"}],"predecessor-version":[{"id":76040,"href":"https:\/\/efficiencymb.ca\/fr\/wp-json\/wp\/v2\/pages\/74483\/revisions\/76040"}],"up":[{"embeddable":true,"href":"https:\/\/efficiencymb.ca\/fr\/wp-json\/wp\/v2\/pages\/13101"}],"wp:featuredmedia":[{"embeddable":true,"href":"https:\/\/efficiencymb.ca\/fr\/wp-json\/wp\/v2\/media\/74845"}],"wp:attachment":[{"href":"https:\/\/efficiencymb.ca\/fr\/wp-json\/wp\/v2\/media?parent=74483"}],"curies":[{"name":"wp","href":"https:\/\/api.w.org\/{rel}","templated":true}]}}