{"id":74475,"date":"2025-04-15T07:30:00","date_gmt":"2025-04-15T12:30:00","guid":{"rendered":"https:\/\/efficiencymb.ca\/?page_id=74475"},"modified":"2026-02-24T12:17:03","modified_gmt":"2026-02-24T18:17:03","slug":"remise-evaluation-energuide-maison","status":"publish","type":"page","link":"https:\/\/efficiencymb.ca\/fr\/ma-maison\/remise-evaluation-energuide-maison\/","title":{"rendered":"REMISE POUR UNE \u00c9VALUATION \u00c9NERGUIDE DE VOTRE MAISON"},"content":{"rendered":"\n<div class=\"wp-block-group is-style-content-wide\"><div class=\"wp-block-group__inner-container is-layout-flow wp-block-group-is-layout-flow\">\n<h2 class=\"wp-block-heading has-text-align-center is-style-hero-heading-grey\">PROC\u00c9DEZ \u00c0 UNE \u00c9VALUATION \u00c9NERGUIDE AVANT R\u00c9NOVATIONS ET OBTENEZ UNE REMISE<\/h2>\n\n\n\n<p class=\"has-text-align-center has-medium-font-size\">Une \u00e9valuation \u00c9nerGuide avant r\u00e9novations vous aide \u00e0 comprendre la consommation d\u2019\u00e9nergie de votre maison et \u00e0 cerner les am\u00e9liorations \u00e0 apporter pour rendre votre maison plus confortable et r\u00e9duire vos factures \u00e9nerg\u00e9tiques. Nous vous verserons une remise de 400 $ pour une \u00e9valuation \u00c9nerGuide avant r\u00e9novations.<\/p>\n\n\n\n<h2 class=\"wp-block-heading has-text-align-center\">AVANTAGES D\u2019UNE \u00c9VALUATION \u00c9NERGUIDE AVANT R\u00c9NOVATIONS<\/h2>\n\n\n\n<p class=\"has-text-align-center has-medium-font-size\">La r\u00e9alisation d\u2019une \u00e9valuation \u00c9nerGuide avant r\u00e9novations comporte plusieurs avantages&nbsp;:<\/p>\n\n\n\n<ul class=\"wp-block-list is-style-medium\">\n<li class=\"has-medium-font-size\">Elle vous aide \u00e0 comprendre la consommation d\u2019\u00e9nergie de votre maison et \u00e0 la comparer \u00e0 celle d\u2019une maison neuve typique.&nbsp;<\/li>\n\n\n\n<li class=\"has-medium-font-size\">Elle fournit des informations v\u00e9rifi\u00e9es sur l\u2019enveloppe du b\u00e2timent et les syst\u00e8mes m\u00e9caniques de votre maison, notamment le rendement ayant trait \u00e0 l\u2019\u00e9tanch\u00e9it\u00e9 \u00e0 l\u2019air, \u00e0 l\u2019isolation, aux fen\u00eatres, aux portes ext\u00e9rieures, aux syst\u00e8mes de chauffage et de climatisation, etc.<\/li>\n\n\n\n<li class=\"has-medium-font-size\">Elle propose des recommandations personnalis\u00e9es qui permettront d\u2019accro\u00eetre l\u2019efficacit\u00e9 \u00e9nerg\u00e9tique de votre maison et fournit des estimations des \u00e9conomies d\u2019\u00e9nergie associ\u00e9es \u00e0 chacune des am\u00e9liorations propos\u00e9es.<\/li>\n<\/ul>\n\n\n\n<div style=\"height:30px\" aria-hidden=\"true\" class=\"wp-block-spacer\"><\/div>\n<\/div><\/div>\n\n\n\n<figure class=\"wp-block-image size-full slant\"><img loading=\"lazy\" decoding=\"async\" width=\"2000\" height=\"400\" src=\"https:\/\/efficiencymb.ca\/wp-content\/uploads\/bg-two-tone-green@2x.png\" alt=\"\" class=\"wp-image-592\" srcset=\"https:\/\/efficiencymb.ca\/wp-content\/uploads\/bg-two-tone-green@2x.png 2000w, https:\/\/efficiencymb.ca\/wp-content\/uploads\/bg-two-tone-green@2x-479x96.png 479w, https:\/\/efficiencymb.ca\/wp-content\/uploads\/bg-two-tone-green@2x-1024x205.png 1024w, https:\/\/efficiencymb.ca\/wp-content\/uploads\/bg-two-tone-green@2x-768x154.png 768w, https:\/\/efficiencymb.ca\/wp-content\/uploads\/bg-two-tone-green@2x-1536x307.png 1536w\" sizes=\"auto, (max-width: 2000px) 100vw, 2000px\" \/><\/figure>\n\n\n\n<div class=\"wp-block-group has-background\" style=\"background-color:#f4f3f3\"><div class=\"wp-block-group__inner-container is-layout-flow wp-block-group-is-layout-flow\">\n<h2 class=\"wp-block-heading has-text-align-center is-style-hero-heading\">\u00c9TAPES POUR PARTICIPER<\/h2>\n\n\n\n<ol class=\"iconic-list large\">\n<li>\n<h3><strong>V\u00c9RIFIEZ<\/strong> VOTRE ADMISSIBILIT\u00c9<\/h3>\n<p><a href=\"#etes-vous-admissible?\" rel=\"noopener\">Lisez les renseignements concernant l\u2019admissibilit\u00e9<\/a>\u00a0pour d\u00e9terminer si vous pouvez recevoir une remise.<\/p>\n<p>Vous pourriez \u00eatre admissible \u00e0 une \u00e9valuation \u00c9nerGuide gratuite gr\u00e2ce \u00e0 l\u2019une de nos offres destin\u00e9es aux m\u00e9nages \u00e0 plus faible revenu et aux Autochtones. V\u00e9rifiez si vous \u00eates admissible \u00e0 notre <a href=\"https:\/\/efficiencymb.ca\/fr\/ma-maison\/programme-d-aide-a-lefficacite-energetique\/\" target=\"_blank\" rel=\"noopener\">Programme d\u2019aide \u00e0 l\u2019efficacit\u00e9 \u00e9nerg\u00e9tique<\/a>,\u00a0aux <a href=\"https:\/\/efficiencymb.ca\/fr\/ma-maison\/offres-defficacite-energetique-pour-les-metis\/\" target=\"_blank\" rel=\"noopener\">Offres d\u2019efficacit\u00e9 \u00e9nerg\u00e9tique pour les M\u00e9tis<\/a>\u00a0ou au\u00a0<a href=\"https:\/\/efficiencymb.ca\/fr\/ma-maison\/isolation-et-installation-directe\/\" target=\"_blank\" rel=\"noopener\">Programme \u00e9co\u00e9nerg\u00e9tique pour les Premi\u00e8res Nations<\/a>.<\/p>\n<\/li>\n<li>\n<h3><strong>FIXEZ UN RENDEZ-VOUS<\/strong> POUR UNE \u00c9VALUATION \u00c9NERGUIDE AVANT R\u00c9NOVATIONS<\/h3>\n<p>Communiquez avec une <a href=\"https:\/\/emsupplier.visiondsm.com\/contractor-search\">organisme de service qui effectue des \u00e9valuations \u00c9nerGuide de maisons existantes<\/a>. L\u2019organisme de service mandatera un conseiller ou une conseill\u00e8re en efficacit\u00e9 \u00e9nerg\u00e9tique pour mener une \u00e9valuation \u00c9nerGuide avant r\u00e9novations de votre maison.<\/p>\n<\/li>\n<li>\n<h3><strong>EXAMINEZ<\/strong> LES RAPPORTS DE L&rsquo;\u00c9VALUATION \u00c9NERGUIDE AVANT R\u00c9NOVATIONS<\/h3>\n<p>Le conseiller ou la conseill\u00e8re en efficacit\u00e9 \u00e9nerg\u00e9tique vous enverra les rapports par courriel environ de deux \u00e0 trois semaines apr\u00e8s avoir effectu\u00e9 l\u2019\u00e9valuation. Passez en revue les rapports pour comparer le rendement \u00e9nerg\u00e9tique de votre maison \u00e0 celui d\u2019une maison neuve typique et d\u00e9couvrez les am\u00e9liorations \u00e9co\u00e9nerg\u00e9tiques qui vous sont recommand\u00e9es<span style=\"color: initial;\">.<\/span><\/p>\n<\/li>\n<li>\n<h3><strong>DEMANDEZ <\/strong>VOTRE REMISE<\/h3>\n<p>Remplissez notre formulaire de demande en ligne et annexez vos rapports d\u2019\u00e9valuation \u00c9nerGuide avant r\u00e9novations pour demander votre remise. Assurez-vous de pr\u00e9senter la demande dans les 90 jours suivant l\u2019\u00e9valuation. Vous pouvez \u00e9galement\u00a0<a href=\"https:\/\/efficiencymb.ca\/fr\/se-connecter\/\" target=\"_blank\" rel=\"noopener\">nous contacter<\/a>\u00a0pour pr\u00e9senter une demande sur papier.<\/p>\n<\/li>\n<\/ol>\n\n\n<div class=\"theme-button wp-block-button aligncenter\">\r\n\t<a  class=\"wp-block-button__link has-background no-border-radius button cta button-large\" href=\"https:\/\/eher.visiondsm.com\/\"><strong>DEMANDEZ<\/strong><br>VOTRE REMISE<\/a>\r\n<\/div>\n\n\n<div style=\"height:100px\" aria-hidden=\"true\" class=\"wp-block-spacer\"><\/div>\n<\/div><\/div>\n\n\n<div class=\"wp-block-image\">\n<figure class=\"aligncenter size-full\"><img loading=\"lazy\" decoding=\"async\" width=\"2000\" height=\"400\" src=\"https:\/\/efficiencymb.ca\/wp-content\/uploads\/bg-two-tone-green@2x-edited-1.png\" alt=\"\" class=\"wp-image-12078\" srcset=\"https:\/\/efficiencymb.ca\/wp-content\/uploads\/bg-two-tone-green@2x-edited-1.png 2000w, https:\/\/efficiencymb.ca\/wp-content\/uploads\/bg-two-tone-green@2x-edited-1-479x96.png 479w, https:\/\/efficiencymb.ca\/wp-content\/uploads\/bg-two-tone-green@2x-edited-1-1024x205.png 1024w, https:\/\/efficiencymb.ca\/wp-content\/uploads\/bg-two-tone-green@2x-edited-1-768x154.png 768w, https:\/\/efficiencymb.ca\/wp-content\/uploads\/bg-two-tone-green@2x-edited-1-1536x307.png 1536w\" sizes=\"auto, (max-width: 2000px) 100vw, 2000px\" \/><\/figure>\n<\/div>\n\n\n<div class=\"wp-block-group is-style-content-columns\"><div class=\"wp-block-group__inner-container is-layout-flow wp-block-group-is-layout-flow\">\n<h2 class=\"wp-block-heading has-text-align-center is-style-hero-heading\" id=\"etes-vous-admissible?\">\u00caTES-VOUS ADMISSIBLE?<\/h2>\n\n\n\n<ul class=\"wp-block-list is-style-medium has-medium-font-size\">\n<li>Vous \u00eates le propri\u00e9taire de la maison et vous \u00eates titulaire d\u2019un compte actif de Manitoba Hydro.\u00a0<\/li>\n\n\n\n<li>La maison est occup\u00e9e toute l\u2019ann\u00e9e.&nbsp;<\/li>\n\n\n\n<li>La construction de votre maison date d\u2019au moins deux ans.&nbsp;<\/li>\n\n\n\n<li>Vous pr\u00e9voyez apporter au moins une am\u00e9lioration \u00e9co\u00e9nerg\u00e9tique recommand\u00e9e au cours des 12 prochains mois.&nbsp;<\/li>\n\n\n\n<li>Vous n\u2019avez pas d\u00e9j\u00e0 re\u00e7u une remise d\u2019Efficacit\u00e9 Manitoba pour une \u00e9valuation \u00c9nerGuide avant r\u00e9novations s\u2019appliquant \u00e0 la m\u00eame adresse.&nbsp;<\/li>\n<\/ul>\n<\/div><\/div>\n\n\n\n<div class=\"wp-block-group is-style-content-columns\"><div class=\"wp-block-group__inner-container is-layout-constrained wp-block-group-is-layout-constrained\">\n<h2 class=\"wp-block-heading has-text-align-center\">PROJETS NON ADMISSIBLES<\/h2>\n\n\n\n<ul class=\"wp-block-list is-style-medium--x\">\n<li class=\"has-medium-font-size\">Maisons inoccup\u00e9es ou saisonni\u00e8res<\/li>\n\n\n\n<li class=\"has-medium-font-size\">Nouvelles maisons<\/li>\n\n\n\n<li class=\"has-medium-font-size\">\u00c9valuations \u00c9nerGuide apr\u00e8s r\u00e9novations<\/li>\n<\/ul>\n<\/div><\/div>\n\n\n\n<div style=\"height:29px\" aria-hidden=\"true\" class=\"wp-block-spacer\"><\/div>\n\n\n\n<h2 class=\"wp-block-heading has-text-align-center\">POUR EN SAVOIR PLUS<\/h2>\n\n\n\n<div class=\"featured-post-block\">\n\t<div class=\"featured-post-block-items\" data-slidesToShow=\"2\" data-auto=\"\" data-autoplayspeed=\"\">\n\t\t\t\t\t<div class=\"featured-post-block-item\">\n\t\t\t\t<div class=\"featured-post-block-item-img\">\n\t\t\t\t\t<a class=\"featured-post-block-item-more\" href=\"https:\/\/efficiencymb.ca\/fr\/articles\/un-permier-pas-vers-une-maison-plus-ecoenergetique\/\"><img loading=\"lazy\" decoding=\"async\" width=\"2400\" height=\"1350\" src=\"https:\/\/efficiencymb.ca\/wp-content\/uploads\/EnerGuide-Home-Evaluation-Rebate-banner-image-FR.jpg\" class=\"attachment-post-thumbnail size-post-thumbnail wp-post-image\" alt=\"UN PREMIER PAS VERS UNE MAISON PLUS \u00c9CO\u00c9NERG\u00c9TIQUE\" srcset=\"https:\/\/efficiencymb.ca\/wp-content\/uploads\/EnerGuide-Home-Evaluation-Rebate-banner-image-FR.jpg 2400w, https:\/\/efficiencymb.ca\/wp-content\/uploads\/EnerGuide-Home-Evaluation-Rebate-banner-image-FR-479x269.jpg 479w, https:\/\/efficiencymb.ca\/wp-content\/uploads\/EnerGuide-Home-Evaluation-Rebate-banner-image-FR-1024x576.jpg 1024w, https:\/\/efficiencymb.ca\/wp-content\/uploads\/EnerGuide-Home-Evaluation-Rebate-banner-image-FR-768x432.jpg 768w, https:\/\/efficiencymb.ca\/wp-content\/uploads\/EnerGuide-Home-Evaluation-Rebate-banner-image-FR-1536x864.jpg 1536w, https:\/\/efficiencymb.ca\/wp-content\/uploads\/EnerGuide-Home-Evaluation-Rebate-banner-image-FR-2048x1152.jpg 2048w, https:\/\/efficiencymb.ca\/wp-content\/uploads\/EnerGuide-Home-Evaluation-Rebate-banner-image-FR-1920x1080.jpg 1920w\" sizes=\"auto, (max-width: 2400px) 100vw, 2400px\" \/><\/a>\n\t\t\t\t<\/div>\n\t\t\t\t<div class=\"featured-post-block-item-content\">\n\t\t\t\t\t<h3 class=\"wp-block-getwid-template-post-title\"><a href=\"https:\/\/efficiencymb.ca\/fr\/articles\/un-permier-pas-vers-une-maison-plus-ecoenergetique\/\">UN PREMIER PAS VERS UNE MAISON PLUS \u00c9CO\u00c9NERG\u00c9TIQUE<\/a><\/h3>\n\t\t\t\t\t<div class=\"featured-post-block-item-excerpt\">\n\t\t\t\t\t\tVous d\u00e9sirez r\u00e9duire vos factures \u00e9nerg\u00e9tiques ou vous pr\u00e9voyez effectuer des r\u00e9novations r\u00e9sidentielles? Une \u00e9valuation \u00c9nerGuide avant r\u00e9novations est un moyen facile de comprendre la consommation d\u2019\u00e9nergie de votre maison\u2026\t\t\t\t\t<\/div>\n\t\t\t\t\t<!-- <a class=\"featured-post-block-item-more\" href=\"\"><\/a> -->\n\t\t\t\t\t<a class=\"featured-post-block-item-more\" href=\"https:\/\/efficiencymb.ca\/fr\/articles\/un-permier-pas-vers-une-maison-plus-ecoenergetique\/\" aria-label=\"Poursuivre la lecture... UN PREMIER PAS VERS UNE MAISON PLUS \u00c9CO\u00c9NERG\u00c9TIQUE\">Poursuivre la lecture&#8230;<\/a>\n\t\t\t\t<\/div>\n\t\t\t<\/div>\n\t\t\t<\/div>\n<\/div>\n\n\n<div class=\"wp-block-image\">\n<figure class=\"aligncenter size-full\"><img loading=\"lazy\" decoding=\"async\" width=\"2000\" height=\"400\" src=\"https:\/\/efficiencymb.ca\/wp-content\/uploads\/bg-bottom-only-blue-green@2x.png\" alt=\"\" class=\"wp-image-612\" srcset=\"https:\/\/efficiencymb.ca\/wp-content\/uploads\/bg-bottom-only-blue-green@2x.png 2000w, https:\/\/efficiencymb.ca\/wp-content\/uploads\/bg-bottom-only-blue-green@2x-479x96.png 479w, https:\/\/efficiencymb.ca\/wp-content\/uploads\/bg-bottom-only-blue-green@2x-1024x205.png 1024w, https:\/\/efficiencymb.ca\/wp-content\/uploads\/bg-bottom-only-blue-green@2x-768x154.png 768w, https:\/\/efficiencymb.ca\/wp-content\/uploads\/bg-bottom-only-blue-green@2x-1536x307.png 1536w\" sizes=\"auto, (max-width: 2000px) 100vw, 2000px\" \/><\/figure>\n<\/div>","protected":false},"excerpt":{"rendered":"<p>Une \u00e9valuation \u00c9nerGuide avant r\u00e9novations vous aide \u00e0 comprendre la consommation d\u2019\u00e9nergie de votre maison et \u00e0 cerner les am\u00e9liorations qui pourraient vous faire \u00e9conomiser de l\u2019\u00e9nergie et de l\u2019argent.<\/p>\n","protected":false},"author":10,"featured_media":74845,"parent":13101,"menu_order":0,"comment_status":"closed","ping_status":"closed","template":"","meta":{"_acf_changed":false,"footnotes":""},"class_list":["post-74475","page","type-page","status-publish","has-post-thumbnail","hentry","page_cat-programs"],"acf":[],"yoast_head":"<!-- This site is optimized with the Yoast SEO plugin v27.3 - https:\/\/yoast.com\/product\/yoast-seo-wordpress\/ -->\n<title>REMISE POUR UNE \u00c9VALUATION \u00c9NERGUIDE DE VOTRE MAISON &#8212; Efficiency Manitoba<\/title>\n<meta name=\"description\" content=\"Une \u00e9valuation \u00c9nerGuide avant r\u00e9novations vous aide \u00e0 comprendre la consommation d\u2019\u00e9nergie de votre maison et \u00e0 cerner les am\u00e9liorations qui pourraient vous faire \u00e9conomiser de l\u2019\u00e9nergie et de l\u2019argent.\" \/>\n<meta name=\"robots\" content=\"index, follow, max-snippet:-1, max-image-preview:large, max-video-preview:-1\" \/>\n<link rel=\"canonical\" href=\"https:\/\/efficiencymb.ca\/fr\/ma-maison\/remise-evaluation-energuide-maison\/\" \/>\n<meta property=\"og:locale\" content=\"fr_FR\" \/>\n<meta property=\"og:type\" content=\"article\" \/>\n<meta property=\"og:title\" content=\"REMISE POUR UNE \u00c9VALUATION \u00c9NERGUIDE DE VOTRE MAISON &#8212; Efficiency Manitoba\" \/>\n<meta property=\"og:description\" content=\"Une \u00e9valuation \u00c9nerGuide avant r\u00e9novations vous aide \u00e0 comprendre la consommation d\u2019\u00e9nergie de votre maison et \u00e0 cerner les am\u00e9liorations qui pourraient vous faire \u00e9conomiser de l\u2019\u00e9nergie et de l\u2019argent.\" \/>\n<meta property=\"og:url\" content=\"https:\/\/efficiencymb.ca\/fr\/ma-maison\/remise-evaluation-energuide-maison\/\" \/>\n<meta property=\"og:site_name\" content=\"Efficiency Manitoba\" \/>\n<meta property=\"article:modified_time\" content=\"2026-02-24T18:17:03+00:00\" \/>\n<meta property=\"og:image\" content=\"https:\/\/efficiencymb.ca\/wp-content\/uploads\/EnerGuide-Home-Evaluation-Rebate-banner-image-2400x1350-1.jpg\" \/>\n\t<meta property=\"og:image:width\" content=\"2400\" \/>\n\t<meta property=\"og:image:height\" content=\"1350\" \/>\n\t<meta property=\"og:image:type\" content=\"image\/jpeg\" \/>\n<meta name=\"twitter:card\" content=\"summary_large_image\" \/>\n<meta name=\"twitter:label1\" content=\"Dur\u00e9e de lecture estim\u00e9e\" \/>\n\t<meta name=\"twitter:data1\" content=\"4 minutes\" \/>\n<script type=\"application\/ld+json\" class=\"yoast-schema-graph\">{\"@context\":\"https:\\\/\\\/schema.org\",\"@graph\":[{\"@type\":\"WebPage\",\"@id\":\"https:\\\/\\\/efficiencymb.ca\\\/fr\\\/ma-maison\\\/remise-evaluation-energuide-maison\\\/\",\"url\":\"https:\\\/\\\/efficiencymb.ca\\\/fr\\\/ma-maison\\\/remise-evaluation-energuide-maison\\\/\",\"name\":\"REMISE POUR UNE \u00c9VALUATION \u00c9NERGUIDE DE VOTRE MAISON &#8212; Efficiency Manitoba\",\"isPartOf\":{\"@id\":\"https:\\\/\\\/efficiencymb.ca\\\/#website\"},\"primaryImageOfPage\":{\"@id\":\"https:\\\/\\\/efficiencymb.ca\\\/fr\\\/ma-maison\\\/remise-evaluation-energuide-maison\\\/#primaryimage\"},\"image\":{\"@id\":\"https:\\\/\\\/efficiencymb.ca\\\/fr\\\/ma-maison\\\/remise-evaluation-energuide-maison\\\/#primaryimage\"},\"thumbnailUrl\":\"https:\\\/\\\/efficiencymb.ca\\\/wp-content\\\/uploads\\\/EnerGuide-Home-Evaluation-Rebate-banner-image-2400x1350-1.jpg\",\"datePublished\":\"2025-04-15T12:30:00+00:00\",\"dateModified\":\"2026-02-24T18:17:03+00:00\",\"description\":\"Une \u00e9valuation \u00c9nerGuide avant r\u00e9novations vous aide \u00e0 comprendre la consommation d\u2019\u00e9nergie de votre maison et \u00e0 cerner les am\u00e9liorations qui pourraient vous faire \u00e9conomiser de l\u2019\u00e9nergie et de l\u2019argent.\",\"breadcrumb\":{\"@id\":\"https:\\\/\\\/efficiencymb.ca\\\/fr\\\/ma-maison\\\/remise-evaluation-energuide-maison\\\/#breadcrumb\"},\"inLanguage\":\"fr-FR\",\"potentialAction\":[{\"@type\":\"ReadAction\",\"target\":[\"https:\\\/\\\/efficiencymb.ca\\\/fr\\\/ma-maison\\\/remise-evaluation-energuide-maison\\\/\"]}]},{\"@type\":\"ImageObject\",\"inLanguage\":\"fr-FR\",\"@id\":\"https:\\\/\\\/efficiencymb.ca\\\/fr\\\/ma-maison\\\/remise-evaluation-energuide-maison\\\/#primaryimage\",\"url\":\"https:\\\/\\\/efficiencymb.ca\\\/wp-content\\\/uploads\\\/EnerGuide-Home-Evaluation-Rebate-banner-image-2400x1350-1.jpg\",\"contentUrl\":\"https:\\\/\\\/efficiencymb.ca\\\/wp-content\\\/uploads\\\/EnerGuide-Home-Evaluation-Rebate-banner-image-2400x1350-1.jpg\",\"width\":2400,\"height\":1350},{\"@type\":\"BreadcrumbList\",\"@id\":\"https:\\\/\\\/efficiencymb.ca\\\/fr\\\/ma-maison\\\/remise-evaluation-energuide-maison\\\/#breadcrumb\",\"itemListElement\":[{\"@type\":\"ListItem\",\"position\":1,\"name\":\"Home\",\"item\":\"https:\\\/\\\/efficiencymb.ca\\\/fr\\\/\"},{\"@type\":\"ListItem\",\"position\":2,\"name\":\"Ma Maison\",\"item\":\"https:\\\/\\\/efficiencymb.ca\\\/fr\\\/ma-maison\\\/\"},{\"@type\":\"ListItem\",\"position\":3,\"name\":\"REMISE POUR UNE \u00c9VALUATION \u00c9NERGUIDE DE VOTRE MAISON\"}]},{\"@type\":\"WebSite\",\"@id\":\"https:\\\/\\\/efficiencymb.ca\\\/#website\",\"url\":\"https:\\\/\\\/efficiencymb.ca\\\/\",\"name\":\"Efficiency Manitoba\",\"description\":\"\",\"publisher\":{\"@id\":\"https:\\\/\\\/efficiencymb.ca\\\/#organization\"},\"potentialAction\":[{\"@type\":\"SearchAction\",\"target\":{\"@type\":\"EntryPoint\",\"urlTemplate\":\"https:\\\/\\\/efficiencymb.ca\\\/?s={search_term_string}\"},\"query-input\":{\"@type\":\"PropertyValueSpecification\",\"valueRequired\":true,\"valueName\":\"search_term_string\"}}],\"inLanguage\":\"fr-FR\"},{\"@type\":\"Organization\",\"@id\":\"https:\\\/\\\/efficiencymb.ca\\\/#organization\",\"name\":\"Efficiency Manitoba\",\"url\":\"https:\\\/\\\/efficiencymb.ca\\\/\",\"logo\":{\"@type\":\"ImageObject\",\"inLanguage\":\"fr-FR\",\"@id\":\"https:\\\/\\\/efficiencymb.ca\\\/#\\\/schema\\\/logo\\\/image\\\/\",\"url\":\"https:\\\/\\\/efficiencymb.ca\\\/wp-content\\\/uploads\\\/em-logo-white-en.png\",\"contentUrl\":\"https:\\\/\\\/efficiencymb.ca\\\/wp-content\\\/uploads\\\/em-logo-white-en.png\",\"width\":388,\"height\":91,\"caption\":\"Efficiency Manitoba\"},\"image\":{\"@id\":\"https:\\\/\\\/efficiencymb.ca\\\/#\\\/schema\\\/logo\\\/image\\\/\"}}]}<\/script>\n<!-- \/ Yoast SEO plugin. -->","yoast_head_json":{"title":"REMISE POUR UNE \u00c9VALUATION \u00c9NERGUIDE DE VOTRE MAISON &#8212; Efficiency Manitoba","description":"Une \u00e9valuation \u00c9nerGuide avant r\u00e9novations vous aide \u00e0 comprendre la consommation d\u2019\u00e9nergie de votre maison et \u00e0 cerner les am\u00e9liorations qui pourraient vous faire \u00e9conomiser de l\u2019\u00e9nergie et de l\u2019argent.","robots":{"index":"index","follow":"follow","max-snippet":"max-snippet:-1","max-image-preview":"max-image-preview:large","max-video-preview":"max-video-preview:-1"},"canonical":"https:\/\/efficiencymb.ca\/fr\/ma-maison\/remise-evaluation-energuide-maison\/","og_locale":"fr_FR","og_type":"article","og_title":"REMISE POUR UNE \u00c9VALUATION \u00c9NERGUIDE DE VOTRE MAISON &#8212; Efficiency Manitoba","og_description":"Une \u00e9valuation \u00c9nerGuide avant r\u00e9novations vous aide \u00e0 comprendre la consommation d\u2019\u00e9nergie de votre maison et \u00e0 cerner les am\u00e9liorations qui pourraient vous faire \u00e9conomiser de l\u2019\u00e9nergie et de l\u2019argent.","og_url":"https:\/\/efficiencymb.ca\/fr\/ma-maison\/remise-evaluation-energuide-maison\/","og_site_name":"Efficiency Manitoba","article_modified_time":"2026-02-24T18:17:03+00:00","og_image":[{"width":2400,"height":1350,"url":"https:\/\/efficiencymb.ca\/wp-content\/uploads\/EnerGuide-Home-Evaluation-Rebate-banner-image-2400x1350-1.jpg","type":"image\/jpeg"}],"twitter_card":"summary_large_image","twitter_misc":{"Dur\u00e9e de lecture estim\u00e9e":"4 minutes"},"schema":{"@context":"https:\/\/schema.org","@graph":[{"@type":"WebPage","@id":"https:\/\/efficiencymb.ca\/fr\/ma-maison\/remise-evaluation-energuide-maison\/","url":"https:\/\/efficiencymb.ca\/fr\/ma-maison\/remise-evaluation-energuide-maison\/","name":"REMISE POUR UNE \u00c9VALUATION \u00c9NERGUIDE DE VOTRE MAISON &#8212; Efficiency Manitoba","isPartOf":{"@id":"https:\/\/efficiencymb.ca\/#website"},"primaryImageOfPage":{"@id":"https:\/\/efficiencymb.ca\/fr\/ma-maison\/remise-evaluation-energuide-maison\/#primaryimage"},"image":{"@id":"https:\/\/efficiencymb.ca\/fr\/ma-maison\/remise-evaluation-energuide-maison\/#primaryimage"},"thumbnailUrl":"https:\/\/efficiencymb.ca\/wp-content\/uploads\/EnerGuide-Home-Evaluation-Rebate-banner-image-2400x1350-1.jpg","datePublished":"2025-04-15T12:30:00+00:00","dateModified":"2026-02-24T18:17:03+00:00","description":"Une \u00e9valuation \u00c9nerGuide avant r\u00e9novations vous aide \u00e0 comprendre la consommation d\u2019\u00e9nergie de votre maison et \u00e0 cerner les am\u00e9liorations qui pourraient vous faire \u00e9conomiser de l\u2019\u00e9nergie et de l\u2019argent.","breadcrumb":{"@id":"https:\/\/efficiencymb.ca\/fr\/ma-maison\/remise-evaluation-energuide-maison\/#breadcrumb"},"inLanguage":"fr-FR","potentialAction":[{"@type":"ReadAction","target":["https:\/\/efficiencymb.ca\/fr\/ma-maison\/remise-evaluation-energuide-maison\/"]}]},{"@type":"ImageObject","inLanguage":"fr-FR","@id":"https:\/\/efficiencymb.ca\/fr\/ma-maison\/remise-evaluation-energuide-maison\/#primaryimage","url":"https:\/\/efficiencymb.ca\/wp-content\/uploads\/EnerGuide-Home-Evaluation-Rebate-banner-image-2400x1350-1.jpg","contentUrl":"https:\/\/efficiencymb.ca\/wp-content\/uploads\/EnerGuide-Home-Evaluation-Rebate-banner-image-2400x1350-1.jpg","width":2400,"height":1350},{"@type":"BreadcrumbList","@id":"https:\/\/efficiencymb.ca\/fr\/ma-maison\/remise-evaluation-energuide-maison\/#breadcrumb","itemListElement":[{"@type":"ListItem","position":1,"name":"Home","item":"https:\/\/efficiencymb.ca\/fr\/"},{"@type":"ListItem","position":2,"name":"Ma Maison","item":"https:\/\/efficiencymb.ca\/fr\/ma-maison\/"},{"@type":"ListItem","position":3,"name":"REMISE POUR UNE \u00c9VALUATION \u00c9NERGUIDE DE VOTRE MAISON"}]},{"@type":"WebSite","@id":"https:\/\/efficiencymb.ca\/#website","url":"https:\/\/efficiencymb.ca\/","name":"Efficiency Manitoba","description":"","publisher":{"@id":"https:\/\/efficiencymb.ca\/#organization"},"potentialAction":[{"@type":"SearchAction","target":{"@type":"EntryPoint","urlTemplate":"https:\/\/efficiencymb.ca\/?s={search_term_string}"},"query-input":{"@type":"PropertyValueSpecification","valueRequired":true,"valueName":"search_term_string"}}],"inLanguage":"fr-FR"},{"@type":"Organization","@id":"https:\/\/efficiencymb.ca\/#organization","name":"Efficiency Manitoba","url":"https:\/\/efficiencymb.ca\/","logo":{"@type":"ImageObject","inLanguage":"fr-FR","@id":"https:\/\/efficiencymb.ca\/#\/schema\/logo\/image\/","url":"https:\/\/efficiencymb.ca\/wp-content\/uploads\/em-logo-white-en.png","contentUrl":"https:\/\/efficiencymb.ca\/wp-content\/uploads\/em-logo-white-en.png","width":388,"height":91,"caption":"Efficiency Manitoba"},"image":{"@id":"https:\/\/efficiencymb.ca\/#\/schema\/logo\/image\/"}}]}},"_links":{"self":[{"href":"https:\/\/efficiencymb.ca\/fr\/wp-json\/wp\/v2\/pages\/74475","targetHints":{"allow":["GET"]}}],"collection":[{"href":"https:\/\/efficiencymb.ca\/fr\/wp-json\/wp\/v2\/pages"}],"about":[{"href":"https:\/\/efficiencymb.ca\/fr\/wp-json\/wp\/v2\/types\/page"}],"author":[{"embeddable":true,"href":"https:\/\/efficiencymb.ca\/fr\/wp-json\/wp\/v2\/users\/10"}],"replies":[{"embeddable":true,"href":"https:\/\/efficiencymb.ca\/fr\/wp-json\/wp\/v2\/comments?post=74475"}],"version-history":[{"count":10,"href":"https:\/\/efficiencymb.ca\/fr\/wp-json\/wp\/v2\/pages\/74475\/revisions"}],"predecessor-version":[{"id":85978,"href":"https:\/\/efficiencymb.ca\/fr\/wp-json\/wp\/v2\/pages\/74475\/revisions\/85978"}],"up":[{"embeddable":true,"href":"https:\/\/efficiencymb.ca\/fr\/wp-json\/wp\/v2\/pages\/13101"}],"wp:featuredmedia":[{"embeddable":true,"href":"https:\/\/efficiencymb.ca\/fr\/wp-json\/wp\/v2\/media\/74845"}],"wp:attachment":[{"href":"https:\/\/efficiencymb.ca\/fr\/wp-json\/wp\/v2\/media?parent=74475"}],"curies":[{"name":"wp","href":"https:\/\/api.w.org\/{rel}","templated":true}]}}