{"id":708,"date":"2020-03-03T21:08:17","date_gmt":"2020-03-04T03:08:17","guid":{"rendered":"https:\/\/efficiencymb.ca\/articles\/tags\/"},"modified":"2023-06-09T18:26:40","modified_gmt":"2023-06-09T23:26:40","slug":"tags","status":"publish","type":"page","link":"https:\/\/efficiencymb.ca\/fr\/articles\/tags\/","title":{"rendered":"Mots Cl\u00e9s"},"content":{"rendered":"<p class=\"aligncenter narrow wp-block-tag-cloud\"><a href=\"https:\/\/efficiencymb.ca\/fr\/articles\/tag\/accueil-fr\/\" class=\"tag-cloud-link tag-link-212 tag-link-position-1\" style=\"font-size: 18.456790123457pt;\" aria-label=\"ACCUEIL (48 \u00e9l\u00e9ments)\">ACCUEIL<\/a>\n<a href=\"https:\/\/efficiencymb.ca\/fr\/articles\/tag\/agriculture\/\" class=\"tag-cloud-link tag-link-246 tag-link-position-2\" style=\"font-size: 13.185185185185pt;\" aria-label=\"AGRICULTURE (11 \u00e9l\u00e9ments)\">AGRICULTURE<\/a>\n<a href=\"https:\/\/efficiencymb.ca\/fr\/articles\/tag\/appareil-de-chauffage-central\/\" class=\"tag-cloud-link tag-link-367 tag-link-position-3\" style=\"font-size: 11.62962962963pt;\" aria-label=\"APPAREIL DE CHAUFFAGE CENTRAL (7 \u00e9l\u00e9ments)\">APPAREIL DE CHAUFFAGE CENTRAL<\/a>\n<a href=\"https:\/\/efficiencymb.ca\/fr\/articles\/tag\/appliances-fr\/\" class=\"tag-cloud-link tag-link-105 tag-link-position-4\" style=\"font-size: 9.9012345679012pt;\" aria-label=\"APPAREILS \u00c9LECTROM\u00c9NAGERS (4 \u00e9l\u00e9ments)\">APPAREILS \u00c9LECTROM\u00c9NAGERS<\/a>\n<a href=\"https:\/\/efficiencymb.ca\/fr\/articles\/tag\/autochtone-fr\/\" class=\"tag-cloud-link tag-link-231 tag-link-position-5\" style=\"font-size: 12.493827160494pt;\" aria-label=\"AUTOCHTONE (9 \u00e9l\u00e9ments)\">AUTOCHTONE<\/a>\n<a href=\"https:\/\/efficiencymb.ca\/fr\/articles\/tag\/automne-fr\/\" class=\"tag-cloud-link tag-link-225 tag-link-position-6\" style=\"font-size: 12.493827160494pt;\" aria-label=\"AUTOMNE (9 \u00e9l\u00e9ments)\">AUTOMNE<\/a>\n<a href=\"https:\/\/efficiencymb.ca\/fr\/articles\/tag\/batiments\/\" class=\"tag-cloud-link tag-link-359 tag-link-position-7\" style=\"font-size: 13.79012345679pt;\" aria-label=\"B\u00c2TIMENTS (13 \u00e9l\u00e9ments)\">B\u00c2TIMENTS<\/a>\n<a href=\"https:\/\/efficiencymb.ca\/fr\/articles\/tag\/chauffage\/\" class=\"tag-cloud-link tag-link-362 tag-link-position-8\" style=\"font-size: 13.185185185185pt;\" aria-label=\"CHAUFFAGE (11 \u00e9l\u00e9ments)\">CHAUFFAGE<\/a>\n<a href=\"https:\/\/efficiencymb.ca\/fr\/articles\/tag\/chauffage-ventilation-et-climatisation-fr\/\" class=\"tag-cloud-link tag-link-244 tag-link-position-9\" style=\"font-size: 9.037037037037pt;\" aria-label=\"CHAUFFAGE, VENTILATION ET CLIMATISATION (3 \u00e9l\u00e9ments)\">CHAUFFAGE, VENTILATION ET CLIMATISATION<\/a>\n<a href=\"https:\/\/efficiencymb.ca\/fr\/articles\/tag\/commercial-fr\/\" class=\"tag-cloud-link tag-link-222 tag-link-position-10\" style=\"font-size: 17.851851851852pt;\" aria-label=\"COMMERCIAL (41 \u00e9l\u00e9ments)\">COMMERCIAL<\/a>\n<a href=\"https:\/\/efficiencymb.ca\/fr\/articles\/tag\/communaute-fr\/\" class=\"tag-cloud-link tag-link-294 tag-link-position-11\" style=\"font-size: 11.197530864198pt;\" aria-label=\"COMMUNAUT\u00c9 (6 \u00e9l\u00e9ments)\">COMMUNAUT\u00c9<\/a>\n<a href=\"https:\/\/efficiencymb.ca\/fr\/articles\/tag\/condominiums-2\/\" class=\"tag-cloud-link tag-link-387 tag-link-position-12\" style=\"font-size: 9.037037037037pt;\" aria-label=\"CONDOMINIUMS (3 \u00e9l\u00e9ments)\">CONDOMINIUMS<\/a>\n<a href=\"https:\/\/efficiencymb.ca\/fr\/articles\/tag\/holidays-fr\/\" class=\"tag-cloud-link tag-link-339 tag-link-position-13\" style=\"font-size: 9.9012345679012pt;\" aria-label=\"CONG\u00c9S\/JOURS F\u00c9RI\u00c9S\/VACANCES (4 \u00e9l\u00e9ments)\">CONG\u00c9S\/JOURS F\u00c9RI\u00c9S\/VACANCES<\/a>\n<a href=\"https:\/\/efficiencymb.ca\/fr\/articles\/tag\/conseils-sur-lefficacite\/\" class=\"tag-cloud-link tag-link-366 tag-link-position-14\" style=\"font-size: 19.061728395062pt;\" aria-label=\"CONSEILS SUR L\u2019EFFICACIT\u00c9 (57 \u00e9l\u00e9ments)\">CONSEILS SUR L\u2019EFFICACIT\u00c9<\/a>\n<a href=\"https:\/\/efficiencymb.ca\/fr\/articles\/tag\/del-fr\/\" class=\"tag-cloud-link tag-link-248 tag-link-position-15\" style=\"font-size: 15.604938271605pt;\" aria-label=\"DEL (22 \u00e9l\u00e9ments)\">DEL<\/a>\n<a href=\"https:\/\/efficiencymb.ca\/fr\/articles\/tag\/eclairage-fr\/\" class=\"tag-cloud-link tag-link-234 tag-link-position-16\" style=\"font-size: 16.20987654321pt;\" aria-label=\"\u00c9CLAIRAGE (26 \u00e9l\u00e9ments)\">\u00c9CLAIRAGE<\/a>\n<a href=\"https:\/\/efficiencymb.ca\/fr\/articles\/tag\/declairage-des-entreprises-fr\/\" class=\"tag-cloud-link tag-link-292 tag-link-position-17\" style=\"font-size: 15.432098765432pt;\" aria-label=\"\u00c9CLAIRAGE DES ENTREPRISES (21 \u00e9l\u00e9ments)\">\u00c9CLAIRAGE DES ENTREPRISES<\/a>\n<a href=\"https:\/\/efficiencymb.ca\/fr\/articles\/tag\/efficacite-energetique\/\" class=\"tag-cloud-link tag-link-360 tag-link-position-18\" style=\"font-size: 22pt;\" aria-label=\"EFFICACIT\u00c9 \u00c9NERG\u00c9TIQUE (125 \u00e9l\u00e9ments)\">EFFICACIT\u00c9 \u00c9NERG\u00c9TIQUE<\/a>\n<a href=\"https:\/\/efficiencymb.ca\/fr\/articles\/tag\/solar-fr\/\" class=\"tag-cloud-link tag-link-344 tag-link-position-19\" style=\"font-size: 11.62962962963pt;\" aria-label=\"\u00c9NERGIE SOLAIRE (7 \u00e9l\u00e9ments)\">\u00c9NERGIE SOLAIRE<\/a>\n<a href=\"https:\/\/efficiencymb.ca\/fr\/articles\/tag\/energuide-fr-2\/\" class=\"tag-cloud-link tag-link-346 tag-link-position-20\" style=\"font-size: 9.9012345679012pt;\" aria-label=\"energuide (4 \u00e9l\u00e9ments)\">energuide<\/a>\n<a href=\"https:\/\/efficiencymb.ca\/fr\/articles\/tag\/energy-star-fr\/\" class=\"tag-cloud-link tag-link-100 tag-link-position-21\" style=\"font-size: 12.493827160494pt;\" aria-label=\"ENERGY STAR\u1d39\u1d30 (9 \u00e9l\u00e9ments)\">ENERGY STAR\u1d39\u1d30<\/a>\n<a href=\"https:\/\/efficiencymb.ca\/fr\/articles\/tag\/environnement-fr\/\" class=\"tag-cloud-link tag-link-250 tag-link-position-22\" style=\"font-size: 11.62962962963pt;\" aria-label=\"ENVIRONNEMENT (7 \u00e9l\u00e9ments)\">ENVIRONNEMENT<\/a>\n<a href=\"https:\/\/efficiencymb.ca\/fr\/articles\/tag\/ete-fr\/\" class=\"tag-cloud-link tag-link-288 tag-link-position-23\" style=\"font-size: 10.592592592593pt;\" aria-label=\"\u00c9T\u00c9 (5 \u00e9l\u00e9ments)\">\u00c9T\u00c9<\/a>\n<a href=\"https:\/\/efficiencymb.ca\/fr\/articles\/tag\/fenetres\/\" class=\"tag-cloud-link tag-link-363 tag-link-position-24\" style=\"font-size: 10.592592592593pt;\" aria-label=\"FEN\u00caTRES (5 \u00e9l\u00e9ments)\">FEN\u00caTRES<\/a>\n<a href=\"https:\/\/efficiencymb.ca\/fr\/articles\/tag\/furnace-fr\/\" class=\"tag-cloud-link tag-link-352 tag-link-position-25\" style=\"font-size: 9.9012345679012pt;\" aria-label=\"FURNACE (4 \u00e9l\u00e9ments)\">FURNACE<\/a>\n<a href=\"https:\/\/efficiencymb.ca\/fr\/articles\/tag\/hiver-fr\/\" class=\"tag-cloud-link tag-link-303 tag-link-position-26\" style=\"font-size: 11.197530864198pt;\" aria-label=\"HIVER (6 \u00e9l\u00e9ments)\">HIVER<\/a>\n<a href=\"https:\/\/efficiencymb.ca\/fr\/articles\/tag\/industriel\/\" class=\"tag-cloud-link tag-link-364 tag-link-position-27\" style=\"font-size: 12.83950617284pt;\" aria-label=\"INDUSTRIEL (10 \u00e9l\u00e9ments)\">INDUSTRIEL<\/a>\n<a href=\"https:\/\/efficiencymb.ca\/fr\/articles\/tag\/intemperisation-fr\/\" class=\"tag-cloud-link tag-link-235 tag-link-position-28\" style=\"font-size: 9.037037037037pt;\" aria-label=\"INTEMP\u00c9RISATION (3 \u00e9l\u00e9ments)\">INTEMP\u00c9RISATION<\/a>\n<a href=\"https:\/\/efficiencymb.ca\/fr\/articles\/tag\/isolation-fr\/\" class=\"tag-cloud-link tag-link-219 tag-link-position-29\" style=\"font-size: 11.197530864198pt;\" aria-label=\"ISOLATION (6 \u00e9l\u00e9ments)\">ISOLATION<\/a>\n<a href=\"https:\/\/efficiencymb.ca\/fr\/articles\/tag\/isolation-residentielle\/\" class=\"tag-cloud-link tag-link-368 tag-link-position-30\" style=\"font-size: 11.197530864198pt;\" aria-label=\"ISOLATION R\u00c9SIDENTIELLE (6 \u00e9l\u00e9ments)\">ISOLATION R\u00c9SIDENTIELLE<\/a>\n<a href=\"https:\/\/efficiencymb.ca\/fr\/articles\/tag\/lumens-fr\/\" class=\"tag-cloud-link tag-link-286 tag-link-position-31\" style=\"font-size: 8pt;\" aria-label=\"LUMENS (2 \u00e9l\u00e9ments)\">LUMENS<\/a>\n<a href=\"https:\/\/efficiencymb.ca\/fr\/articles\/tag\/maison-neuve-fr\/\" class=\"tag-cloud-link tag-link-242 tag-link-position-32\" style=\"font-size: 9.9012345679012pt;\" aria-label=\"MAISON NEUVE (4 \u00e9l\u00e9ments)\">MAISON NEUVE<\/a>\n<a href=\"https:\/\/efficiencymb.ca\/fr\/articles\/tag\/manitoba-fr\/\" class=\"tag-cloud-link tag-link-213 tag-link-position-33\" style=\"font-size: 19.148148148148pt;\" aria-label=\"MANITOBA (58 \u00e9l\u00e9ments)\">MANITOBA<\/a>\n<a href=\"https:\/\/efficiencymb.ca\/fr\/articles\/tag\/energy-model-fr\/\" class=\"tag-cloud-link tag-link-256 tag-link-position-34\" style=\"font-size: 9.037037037037pt;\" aria-label=\"MOD\u00c9LISATION \u00c9NERG\u00c9TIQUE (3 \u00e9l\u00e9ments)\">MOD\u00c9LISATION \u00c9NERG\u00c9TIQUE<\/a>\n<a href=\"https:\/\/efficiencymb.ca\/fr\/articles\/tag\/petite-enterprise\/\" class=\"tag-cloud-link tag-link-392 tag-link-position-35\" style=\"font-size: 10.592592592593pt;\" aria-label=\"PETITE ENTERPRISE (5 \u00e9l\u00e9ments)\">PETITE ENTERPRISE<\/a>\n<a href=\"https:\/\/efficiencymb.ca\/fr\/articles\/tag\/petites-entreprises\/\" class=\"tag-cloud-link tag-link-365 tag-link-position-36\" style=\"font-size: 13.185185185185pt;\" aria-label=\"PETITES ENTREPRISES (11 \u00e9l\u00e9ments)\">PETITES ENTREPRISES<\/a>\n<a href=\"https:\/\/efficiencymb.ca\/fr\/articles\/tag\/printemps-fr\/\" class=\"tag-cloud-link tag-link-304 tag-link-position-37\" style=\"font-size: 12.061728395062pt;\" aria-label=\"PRINTEMPS (8 \u00e9l\u00e9ments)\">PRINTEMPS<\/a>\n<a href=\"https:\/\/efficiencymb.ca\/fr\/articles\/tag\/regie-des-services-publics-fr\/\" class=\"tag-cloud-link tag-link-287 tag-link-position-38\" style=\"font-size: 8pt;\" aria-label=\"R\u00c9GIE DES SERVICES PUBLICS (2 \u00e9l\u00e9ments)\">R\u00c9GIE DES SERVICES PUBLICS<\/a>\n<a href=\"https:\/\/efficiencymb.ca\/fr\/articles\/tag\/renovations-fr\/\" class=\"tag-cloud-link tag-link-347 tag-link-position-39\" style=\"font-size: 9.037037037037pt;\" aria-label=\"renovations (3 \u00e9l\u00e9ments)\">renovations<\/a>\n<a href=\"https:\/\/efficiencymb.ca\/fr\/articles\/tag\/residential-fr\/\" class=\"tag-cloud-link tag-link-214 tag-link-position-40\" style=\"font-size: 17.333333333333pt;\" aria-label=\"R\u00c9SIDENTIEL (35 \u00e9l\u00e9ments)\">R\u00c9SIDENTIEL<\/a>\n<a href=\"https:\/\/efficiencymb.ca\/fr\/articles\/tag\/semaine-de-la-pme-fr\/\" class=\"tag-cloud-link tag-link-221 tag-link-position-41\" style=\"font-size: 9.9012345679012pt;\" aria-label=\"SEMAINE DE LA PME (4 \u00e9l\u00e9ments)\">SEMAINE DE LA PME<\/a>\n<a href=\"https:\/\/efficiencymb.ca\/fr\/articles\/tag\/thermopompes\/\" class=\"tag-cloud-link tag-link-390 tag-link-position-42\" style=\"font-size: 11.197530864198pt;\" aria-label=\"THERMOPOMPES (6 \u00e9l\u00e9ments)\">THERMOPOMPES<\/a>\n<a href=\"https:\/\/efficiencymb.ca\/fr\/articles\/tag\/thermostat-fr\/\" class=\"tag-cloud-link tag-link-245 tag-link-position-43\" style=\"font-size: 9.9012345679012pt;\" aria-label=\"THERMOSTAT (4 \u00e9l\u00e9ments)\">THERMOSTAT<\/a>\n<a href=\"https:\/\/efficiencymb.ca\/fr\/articles\/tag\/ventilateur-recuperateur-de-chaleur\/\" class=\"tag-cloud-link tag-link-361 tag-link-position-44\" style=\"font-size: 10.592592592593pt;\" aria-label=\"VENTILATEUR-R\u00c9CUP\u00c9RATEUR DE CHALEUR (5 \u00e9l\u00e9ments)\">VENTILATEUR-R\u00c9CUP\u00c9RATEUR DE CHALEUR<\/a>\n<a href=\"https:\/\/efficiencymb.ca\/fr\/articles\/tag\/vrc-fr\/\" class=\"tag-cloud-link tag-link-241 tag-link-position-45\" style=\"font-size: 12.061728395062pt;\" aria-label=\"VRC (8 \u00e9l\u00e9ments)\">VRC<\/a><\/p>\n\n\n<div style=\"height:100px\" aria-hidden=\"true\" class=\"wp-block-spacer\"><\/div>\n\n\n\n<div class=\"wp-block-columns subfooter-logo is-layout-flex wp-container-core-columns-is-layout-9d6595d7 wp-block-columns-is-layout-flex\">\n<div class=\"wp-block-column is-layout-flow wp-block-column-is-layout-flow\" style=\"flex-basis:15%\">\n<figure class=\"wp-block-image size-large\"><img loading=\"lazy\" decoding=\"async\" width=\"280\" height=\"280\" src=\"https:\/\/efficiencymb.ca\/wp-content\/uploads\/ic-circle-xl-cord-plug@2x.png\" alt=\"\" class=\"wp-image-1768\" srcset=\"https:\/\/efficiencymb.ca\/wp-content\/uploads\/ic-circle-xl-cord-plug@2x.png 280w, https:\/\/efficiencymb.ca\/wp-content\/uploads\/ic-circle-xl-cord-plug@2x-269x269.png 269w\" sizes=\"auto, (max-width: 280px) 100vw, 280px\" \/><\/figure>\n\n\n\n<p class=\"has-text-align-center feature-title sub-logo\">\u00c9CONOMISEZ DE L\u2019\u00c9NERGIE<\/p>\n<\/div>\n\n\n\n<div class=\"wp-block-column is-layout-flow wp-block-column-is-layout-flow\">\n<div style=\"height:20px\" aria-hidden=\"true\" class=\"wp-block-spacer\"><\/div>\n\n\n\n<figure class=\"wp-block-image size-full\"><img loading=\"lazy\" decoding=\"async\" width=\"278\" height=\"107\" src=\"https:\/\/efficiencymb.ca\/wp-content\/uploads\/dashed-path-2x.png\" alt=\"\" class=\"wp-image-1766\"\/><\/figure>\n<\/div>\n\n\n\n<div class=\"wp-block-column is-layout-flow wp-block-column-is-layout-flow\" style=\"flex-basis:15%\">\n<figure class=\"wp-block-image size-large\"><img loading=\"lazy\" decoding=\"async\" width=\"280\" height=\"280\" src=\"https:\/\/efficiencymb.ca\/wp-content\/uploads\/ic-circle-xl-dollar-bills@2x.png\" alt=\"\" class=\"wp-image-1466\" srcset=\"https:\/\/efficiencymb.ca\/wp-content\/uploads\/ic-circle-xl-dollar-bills@2x.png 280w, https:\/\/efficiencymb.ca\/wp-content\/uploads\/ic-circle-xl-dollar-bills@2x-269x269.png 269w\" sizes=\"auto, (max-width: 280px) 100vw, 280px\" \/><\/figure>\n\n\n\n<p class=\"has-text-align-center feature-title sub-logo\">\u00c9CONOMISEZ DE L&rsquo;ARGENT<\/p>\n<\/div>\n\n\n\n<div class=\"wp-block-column is-layout-flow wp-block-column-is-layout-flow\">\n<div style=\"height:20px\" aria-hidden=\"true\" class=\"wp-block-spacer\"><\/div>\n\n\n\n<figure class=\"wp-block-image size-full\"><img loading=\"lazy\" decoding=\"async\" width=\"278\" height=\"107\" src=\"https:\/\/efficiencymb.ca\/wp-content\/uploads\/dashed-path-2x.png\" alt=\"\" class=\"wp-image-1766\"\/><\/figure>\n<\/div>\n\n\n\n<div class=\"wp-block-column is-layout-flow wp-block-column-is-layout-flow\" style=\"flex-basis:15%\">\n<figure class=\"wp-block-image size-large\"><img loading=\"lazy\" decoding=\"async\" width=\"280\" height=\"280\" src=\"https:\/\/efficiencymb.ca\/wp-content\/uploads\/ic-circle-xl-leaf-duo@2x.png\" alt=\"\" class=\"wp-image-1447\" srcset=\"https:\/\/efficiencymb.ca\/wp-content\/uploads\/ic-circle-xl-leaf-duo@2x.png 280w, https:\/\/efficiencymb.ca\/wp-content\/uploads\/ic-circle-xl-leaf-duo@2x-269x269.png 269w\" sizes=\"auto, (max-width: 280px) 100vw, 280px\" \/><\/figure>\n\n\n\n<p class=\"has-text-align-center feature-title sub-logo\">PROT\u00c9GEZ L\u2019ENVIRONNEMENT<\/p>\n<\/div>\n<\/div>\n\n\n\n<div style=\"height:50px\" aria-hidden=\"true\" class=\"wp-block-spacer\"><\/div>\n","protected":false},"excerpt":{"rendered":"","protected":false},"author":10,"featured_media":0,"parent":699,"menu_order":0,"comment_status":"closed","ping_status":"closed","template":"page-blog.php","meta":{"_acf_changed":false,"footnotes":""},"class_list":["post-708","page","type-page","status-publish","hentry"],"acf":[],"yoast_head":"<!-- This site is optimized with the Yoast SEO plugin v27.3 - https:\/\/yoast.com\/product\/yoast-seo-wordpress\/ -->\n<title>Mots Cl\u00e9s &#8212; Efficiency Manitoba<\/title>\n<meta name=\"robots\" content=\"index, follow, max-snippet:-1, max-image-preview:large, max-video-preview:-1\" \/>\n<link rel=\"canonical\" href=\"https:\/\/efficiencymb.ca\/fr\/articles\/tags\/\" \/>\n<meta property=\"og:locale\" content=\"fr_FR\" \/>\n<meta property=\"og:type\" content=\"article\" \/>\n<meta property=\"og:title\" content=\"Mots Cl\u00e9s &#8212; Efficiency Manitoba\" \/>\n<meta property=\"og:url\" content=\"https:\/\/efficiencymb.ca\/fr\/articles\/tags\/\" \/>\n<meta property=\"og:site_name\" content=\"Efficiency Manitoba\" \/>\n<meta property=\"article:modified_time\" content=\"2023-06-09T23:26:40+00:00\" \/>\n<meta name=\"twitter:card\" content=\"summary_large_image\" \/>\n<script type=\"application\/ld+json\" class=\"yoast-schema-graph\">{\"@context\":\"https:\\\/\\\/schema.org\",\"@graph\":[{\"@type\":\"WebPage\",\"@id\":\"https:\\\/\\\/efficiencymb.ca\\\/fr\\\/articles\\\/tags\\\/\",\"url\":\"https:\\\/\\\/efficiencymb.ca\\\/fr\\\/articles\\\/tags\\\/\",\"name\":\"Mots Cl\u00e9s &#8212; Efficiency Manitoba\",\"isPartOf\":{\"@id\":\"https:\\\/\\\/efficiencymb.ca\\\/#website\"},\"datePublished\":\"2020-03-04T03:08:17+00:00\",\"dateModified\":\"2023-06-09T23:26:40+00:00\",\"breadcrumb\":{\"@id\":\"https:\\\/\\\/efficiencymb.ca\\\/fr\\\/articles\\\/tags\\\/#breadcrumb\"},\"inLanguage\":\"fr-FR\",\"potentialAction\":[{\"@type\":\"ReadAction\",\"target\":[\"https:\\\/\\\/efficiencymb.ca\\\/fr\\\/articles\\\/tags\\\/\"]}]},{\"@type\":\"BreadcrumbList\",\"@id\":\"https:\\\/\\\/efficiencymb.ca\\\/fr\\\/articles\\\/tags\\\/#breadcrumb\",\"itemListElement\":[{\"@type\":\"ListItem\",\"position\":1,\"name\":\"Home\",\"item\":\"https:\\\/\\\/efficiencymb.ca\\\/fr\\\/\"},{\"@type\":\"ListItem\",\"position\":2,\"name\":\"Articles\",\"item\":\"https:\\\/\\\/efficiencymb.ca\\\/fr\\\/articles\\\/\"},{\"@type\":\"ListItem\",\"position\":3,\"name\":\"Mots Cl\u00e9s\"}]},{\"@type\":\"WebSite\",\"@id\":\"https:\\\/\\\/efficiencymb.ca\\\/#website\",\"url\":\"https:\\\/\\\/efficiencymb.ca\\\/\",\"name\":\"Efficiency Manitoba\",\"description\":\"\",\"publisher\":{\"@id\":\"https:\\\/\\\/efficiencymb.ca\\\/#organization\"},\"potentialAction\":[{\"@type\":\"SearchAction\",\"target\":{\"@type\":\"EntryPoint\",\"urlTemplate\":\"https:\\\/\\\/efficiencymb.ca\\\/?s={search_term_string}\"},\"query-input\":{\"@type\":\"PropertyValueSpecification\",\"valueRequired\":true,\"valueName\":\"search_term_string\"}}],\"inLanguage\":\"fr-FR\"},{\"@type\":\"Organization\",\"@id\":\"https:\\\/\\\/efficiencymb.ca\\\/#organization\",\"name\":\"Efficiency Manitoba\",\"url\":\"https:\\\/\\\/efficiencymb.ca\\\/\",\"logo\":{\"@type\":\"ImageObject\",\"inLanguage\":\"fr-FR\",\"@id\":\"https:\\\/\\\/efficiencymb.ca\\\/#\\\/schema\\\/logo\\\/image\\\/\",\"url\":\"https:\\\/\\\/efficiencymb.ca\\\/wp-content\\\/uploads\\\/em-logo-white-en.png\",\"contentUrl\":\"https:\\\/\\\/efficiencymb.ca\\\/wp-content\\\/uploads\\\/em-logo-white-en.png\",\"width\":388,\"height\":91,\"caption\":\"Efficiency Manitoba\"},\"image\":{\"@id\":\"https:\\\/\\\/efficiencymb.ca\\\/#\\\/schema\\\/logo\\\/image\\\/\"}}]}<\/script>\n<!-- \/ Yoast SEO plugin. -->","yoast_head_json":{"title":"Mots Cl\u00e9s &#8212; Efficiency Manitoba","robots":{"index":"index","follow":"follow","max-snippet":"max-snippet:-1","max-image-preview":"max-image-preview:large","max-video-preview":"max-video-preview:-1"},"canonical":"https:\/\/efficiencymb.ca\/fr\/articles\/tags\/","og_locale":"fr_FR","og_type":"article","og_title":"Mots Cl\u00e9s &#8212; Efficiency Manitoba","og_url":"https:\/\/efficiencymb.ca\/fr\/articles\/tags\/","og_site_name":"Efficiency Manitoba","article_modified_time":"2023-06-09T23:26:40+00:00","twitter_card":"summary_large_image","schema":{"@context":"https:\/\/schema.org","@graph":[{"@type":"WebPage","@id":"https:\/\/efficiencymb.ca\/fr\/articles\/tags\/","url":"https:\/\/efficiencymb.ca\/fr\/articles\/tags\/","name":"Mots Cl\u00e9s &#8212; Efficiency Manitoba","isPartOf":{"@id":"https:\/\/efficiencymb.ca\/#website"},"datePublished":"2020-03-04T03:08:17+00:00","dateModified":"2023-06-09T23:26:40+00:00","breadcrumb":{"@id":"https:\/\/efficiencymb.ca\/fr\/articles\/tags\/#breadcrumb"},"inLanguage":"fr-FR","potentialAction":[{"@type":"ReadAction","target":["https:\/\/efficiencymb.ca\/fr\/articles\/tags\/"]}]},{"@type":"BreadcrumbList","@id":"https:\/\/efficiencymb.ca\/fr\/articles\/tags\/#breadcrumb","itemListElement":[{"@type":"ListItem","position":1,"name":"Home","item":"https:\/\/efficiencymb.ca\/fr\/"},{"@type":"ListItem","position":2,"name":"Articles","item":"https:\/\/efficiencymb.ca\/fr\/articles\/"},{"@type":"ListItem","position":3,"name":"Mots Cl\u00e9s"}]},{"@type":"WebSite","@id":"https:\/\/efficiencymb.ca\/#website","url":"https:\/\/efficiencymb.ca\/","name":"Efficiency Manitoba","description":"","publisher":{"@id":"https:\/\/efficiencymb.ca\/#organization"},"potentialAction":[{"@type":"SearchAction","target":{"@type":"EntryPoint","urlTemplate":"https:\/\/efficiencymb.ca\/?s={search_term_string}"},"query-input":{"@type":"PropertyValueSpecification","valueRequired":true,"valueName":"search_term_string"}}],"inLanguage":"fr-FR"},{"@type":"Organization","@id":"https:\/\/efficiencymb.ca\/#organization","name":"Efficiency Manitoba","url":"https:\/\/efficiencymb.ca\/","logo":{"@type":"ImageObject","inLanguage":"fr-FR","@id":"https:\/\/efficiencymb.ca\/#\/schema\/logo\/image\/","url":"https:\/\/efficiencymb.ca\/wp-content\/uploads\/em-logo-white-en.png","contentUrl":"https:\/\/efficiencymb.ca\/wp-content\/uploads\/em-logo-white-en.png","width":388,"height":91,"caption":"Efficiency Manitoba"},"image":{"@id":"https:\/\/efficiencymb.ca\/#\/schema\/logo\/image\/"}}]}},"_links":{"self":[{"href":"https:\/\/efficiencymb.ca\/fr\/wp-json\/wp\/v2\/pages\/708","targetHints":{"allow":["GET"]}}],"collection":[{"href":"https:\/\/efficiencymb.ca\/fr\/wp-json\/wp\/v2\/pages"}],"about":[{"href":"https:\/\/efficiencymb.ca\/fr\/wp-json\/wp\/v2\/types\/page"}],"author":[{"embeddable":true,"href":"https:\/\/efficiencymb.ca\/fr\/wp-json\/wp\/v2\/users\/10"}],"replies":[{"embeddable":true,"href":"https:\/\/efficiencymb.ca\/fr\/wp-json\/wp\/v2\/comments?post=708"}],"version-history":[{"count":6,"href":"https:\/\/efficiencymb.ca\/fr\/wp-json\/wp\/v2\/pages\/708\/revisions"}],"predecessor-version":[{"id":27329,"href":"https:\/\/efficiencymb.ca\/fr\/wp-json\/wp\/v2\/pages\/708\/revisions\/27329"}],"up":[{"embeddable":true,"href":"https:\/\/efficiencymb.ca\/fr\/wp-json\/wp\/v2\/pages\/699"}],"wp:attachment":[{"href":"https:\/\/efficiencymb.ca\/fr\/wp-json\/wp\/v2\/media?parent=708"}],"curies":[{"name":"wp","href":"https:\/\/api.w.org\/{rel}","templated":true}]}}