{"id":705,"date":"2020-03-03T21:06:39","date_gmt":"2020-03-04T03:06:39","guid":{"rendered":"https:\/\/efficiencymb.ca\/articles\/categories\/"},"modified":"2023-06-09T18:25:44","modified_gmt":"2023-06-09T23:25:44","slug":"categories","status":"publish","type":"page","link":"https:\/\/efficiencymb.ca\/fr\/articles\/categories\/","title":{"rendered":"Cat\u00e9gories"},"content":{"rendered":"<ul class=\"wp-block-categories-list aligncenter single-col-text wp-block-categories\">\t<li class=\"cat-item cat-item-215\"><a href=\"https:\/\/efficiencymb.ca\/fr\/articles\/category\/communiques-fr\/\">COMMUNIQU\u00c9S<\/a>\n<\/li>\n\t<li class=\"cat-item cat-item-209\"><a href=\"https:\/\/efficiencymb.ca\/fr\/articles\/category\/conseils-deconomie-denergie-fr\/\">CONSEILS D\u2019\u00c9CONOMIE D\u2019\u00c9NERGIE<\/a>\n<\/li>\n\t<li class=\"cat-item cat-item-372\"><a href=\"https:\/\/efficiencymb.ca\/fr\/articles\/category\/consultez-dabord-efficacite-manitoba\/\">CONSULTEZ D\u2019ABORD EFFICACIT\u00c9 MANITOBA<\/a>\n<\/li>\n\t<li class=\"cat-item cat-item-216\"><a href=\"https:\/\/efficiencymb.ca\/fr\/articles\/category\/demandez-a-nos-specialistes-fr\/\">DEMANDEZ \u00c0 NOS SP\u00c9CIALISTES<\/a>\n<\/li>\n\t<li class=\"cat-item cat-item-343\"><a href=\"https:\/\/efficiencymb.ca\/fr\/articles\/category\/programmes-fr\/solar-fr\/\">\u00c9NERGIE SOLAIRE<\/a>\n<\/li>\n\t<li class=\"cat-item cat-item-239\"><a href=\"https:\/\/efficiencymb.ca\/fr\/articles\/category\/evenements-fr\/\">\u00c9V\u00c9NEMENTS<\/a>\n<\/li>\n\t<li class=\"cat-item cat-item-391\"><a href=\"https:\/\/efficiencymb.ca\/fr\/articles\/category\/faites-la-connaissance-de-nos-employes\/\">FAITES LA CONNAISSANCE DE NOS EMPLOY\u00c9S<\/a>\n<\/li>\n\t<li class=\"cat-item cat-item-220\"><a href=\"https:\/\/efficiencymb.ca\/fr\/articles\/category\/mode-de-vie-ecologique-fr\/\">MODE DE VIE \u00c9COLOGIQUE<\/a>\n<\/li>\n\t<li class=\"cat-item cat-item-43\"><a href=\"https:\/\/efficiencymb.ca\/fr\/articles\/category\/non-classifiee-fr\/\">NON CLASSIFI\u00c9(E)<\/a>\n<\/li>\n\t<li class=\"cat-item cat-item-395\"><a href=\"https:\/\/efficiencymb.ca\/fr\/articles\/category\/notre-equipe\/\">NOTRE \u00c9QUIPE<\/a>\n<\/li>\n\t<li class=\"cat-item cat-item-238\"><a href=\"https:\/\/efficiencymb.ca\/fr\/articles\/category\/offres-fr\/\">OFFRES<\/a>\n<\/li>\n\t<li class=\"cat-item cat-item-232\"><a href=\"https:\/\/efficiencymb.ca\/fr\/articles\/category\/programmes-fr\/\">PROGRAMMES<\/a>\n<\/li>\n\t<li class=\"cat-item cat-item-282\"><a href=\"https:\/\/efficiencymb.ca\/fr\/articles\/category\/soumission-du-plan-triennal-defficacite-energetique-2020-2023-fr\/\">SOUMISSION DU PLAN TRIENNAL D\u2019EFFICACIT\u00c9 \u00c9NERG\u00c9TIQUE 2020-2023<\/a>\n<\/li>\n<\/ul>\n\n\n<div style=\"height:200px\" aria-hidden=\"true\" class=\"wp-block-spacer\"><\/div>\n\n\n\n<div class=\"wp-block-columns subfooter-logo is-layout-flex wp-container-core-columns-is-layout-9d6595d7 wp-block-columns-is-layout-flex\">\n<div class=\"wp-block-column is-layout-flow wp-block-column-is-layout-flow\" style=\"flex-basis:15%\">\n<figure class=\"wp-block-image size-large\"><img loading=\"lazy\" decoding=\"async\" width=\"280\" height=\"280\" src=\"https:\/\/efficiencymb.ca\/wp-content\/uploads\/ic-circle-xl-cord-plug@2x.png\" alt=\"\" class=\"wp-image-1768\" srcset=\"https:\/\/efficiencymb.ca\/wp-content\/uploads\/ic-circle-xl-cord-plug@2x.png 280w, https:\/\/efficiencymb.ca\/wp-content\/uploads\/ic-circle-xl-cord-plug@2x-269x269.png 269w\" sizes=\"auto, (max-width: 280px) 100vw, 280px\" \/><\/figure>\n\n\n\n<p class=\"has-text-align-center feature-title sub-logo\">\u00c9CONOMISEZ DE L\u2019\u00c9NERGIE<\/p>\n<\/div>\n\n\n\n<div class=\"wp-block-column is-layout-flow wp-block-column-is-layout-flow\">\n<div style=\"height:20px\" aria-hidden=\"true\" class=\"wp-block-spacer\"><\/div>\n\n\n\n<figure class=\"wp-block-image size-full\"><img loading=\"lazy\" decoding=\"async\" width=\"278\" height=\"107\" src=\"https:\/\/efficiencymb.ca\/wp-content\/uploads\/dashed-path-2x.png\" alt=\"\" class=\"wp-image-1766\"\/><\/figure>\n<\/div>\n\n\n\n<div class=\"wp-block-column is-layout-flow wp-block-column-is-layout-flow\" style=\"flex-basis:15%\">\n<figure class=\"wp-block-image size-large\"><img loading=\"lazy\" decoding=\"async\" width=\"280\" height=\"280\" src=\"https:\/\/efficiencymb.ca\/wp-content\/uploads\/ic-circle-xl-dollar-bills@2x.png\" alt=\"\" class=\"wp-image-1466\" srcset=\"https:\/\/efficiencymb.ca\/wp-content\/uploads\/ic-circle-xl-dollar-bills@2x.png 280w, https:\/\/efficiencymb.ca\/wp-content\/uploads\/ic-circle-xl-dollar-bills@2x-269x269.png 269w\" sizes=\"auto, (max-width: 280px) 100vw, 280px\" \/><\/figure>\n\n\n\n<p class=\"has-text-align-center feature-title sub-logo\">\u00c9CONOMISEZ DE L&rsquo;ARGENT<\/p>\n<\/div>\n\n\n\n<div class=\"wp-block-column is-layout-flow wp-block-column-is-layout-flow\">\n<div style=\"height:20px\" aria-hidden=\"true\" class=\"wp-block-spacer\"><\/div>\n\n\n\n<figure class=\"wp-block-image size-full\"><img loading=\"lazy\" decoding=\"async\" width=\"278\" height=\"107\" src=\"https:\/\/efficiencymb.ca\/wp-content\/uploads\/dashed-path-2x.png\" alt=\"\" class=\"wp-image-1766\"\/><\/figure>\n<\/div>\n\n\n\n<div class=\"wp-block-column is-layout-flow wp-block-column-is-layout-flow\" style=\"flex-basis:15%\">\n<figure class=\"wp-block-image size-large\"><img loading=\"lazy\" decoding=\"async\" width=\"280\" height=\"280\" src=\"https:\/\/efficiencymb.ca\/wp-content\/uploads\/ic-circle-xl-leaf-duo@2x.png\" alt=\"\" class=\"wp-image-1447\" srcset=\"https:\/\/efficiencymb.ca\/wp-content\/uploads\/ic-circle-xl-leaf-duo@2x.png 280w, https:\/\/efficiencymb.ca\/wp-content\/uploads\/ic-circle-xl-leaf-duo@2x-269x269.png 269w\" sizes=\"auto, (max-width: 280px) 100vw, 280px\" \/><\/figure>\n\n\n\n<p class=\"has-text-align-center feature-title sub-logo\">PROT\u00c9GEZ L\u2019ENVIRONNEMENT<\/p>\n<\/div>\n<\/div>\n\n\n\n<div style=\"height:50px\" aria-hidden=\"true\" class=\"wp-block-spacer\"><\/div>\n\n\n\n<div style=\"height:40px\" aria-hidden=\"true\" class=\"wp-block-spacer\"><\/div>\n","protected":false},"excerpt":{"rendered":"","protected":false},"author":10,"featured_media":0,"parent":699,"menu_order":0,"comment_status":"closed","ping_status":"closed","template":"page-blog.php","meta":{"_acf_changed":false,"footnotes":""},"class_list":["post-705","page","type-page","status-publish","hentry"],"acf":[],"yoast_head":"<!-- This site is optimized with the Yoast SEO plugin v27.3 - https:\/\/yoast.com\/product\/yoast-seo-wordpress\/ -->\n<title>Cat\u00e9gories &#8212; Efficiency Manitoba<\/title>\n<meta name=\"robots\" content=\"index, follow, max-snippet:-1, max-image-preview:large, max-video-preview:-1\" \/>\n<link rel=\"canonical\" href=\"https:\/\/efficiencymb.ca\/fr\/articles\/categories\/\" \/>\n<meta property=\"og:locale\" content=\"fr_FR\" \/>\n<meta property=\"og:type\" content=\"article\" \/>\n<meta property=\"og:title\" content=\"Cat\u00e9gories &#8212; Efficiency Manitoba\" \/>\n<meta property=\"og:url\" content=\"https:\/\/efficiencymb.ca\/fr\/articles\/categories\/\" \/>\n<meta property=\"og:site_name\" content=\"Efficiency Manitoba\" \/>\n<meta property=\"article:modified_time\" content=\"2023-06-09T23:25:44+00:00\" \/>\n<meta name=\"twitter:card\" content=\"summary_large_image\" \/>\n<script type=\"application\/ld+json\" class=\"yoast-schema-graph\">{\"@context\":\"https:\\\/\\\/schema.org\",\"@graph\":[{\"@type\":\"WebPage\",\"@id\":\"https:\\\/\\\/efficiencymb.ca\\\/fr\\\/articles\\\/categories\\\/\",\"url\":\"https:\\\/\\\/efficiencymb.ca\\\/fr\\\/articles\\\/categories\\\/\",\"name\":\"Cat\u00e9gories &#8212; Efficiency Manitoba\",\"isPartOf\":{\"@id\":\"https:\\\/\\\/efficiencymb.ca\\\/#website\"},\"datePublished\":\"2020-03-04T03:06:39+00:00\",\"dateModified\":\"2023-06-09T23:25:44+00:00\",\"breadcrumb\":{\"@id\":\"https:\\\/\\\/efficiencymb.ca\\\/fr\\\/articles\\\/categories\\\/#breadcrumb\"},\"inLanguage\":\"fr-FR\",\"potentialAction\":[{\"@type\":\"ReadAction\",\"target\":[\"https:\\\/\\\/efficiencymb.ca\\\/fr\\\/articles\\\/categories\\\/\"]}]},{\"@type\":\"BreadcrumbList\",\"@id\":\"https:\\\/\\\/efficiencymb.ca\\\/fr\\\/articles\\\/categories\\\/#breadcrumb\",\"itemListElement\":[{\"@type\":\"ListItem\",\"position\":1,\"name\":\"Home\",\"item\":\"https:\\\/\\\/efficiencymb.ca\\\/fr\\\/\"},{\"@type\":\"ListItem\",\"position\":2,\"name\":\"Articles\",\"item\":\"https:\\\/\\\/efficiencymb.ca\\\/fr\\\/articles\\\/\"},{\"@type\":\"ListItem\",\"position\":3,\"name\":\"Cat\u00e9gories\"}]},{\"@type\":\"WebSite\",\"@id\":\"https:\\\/\\\/efficiencymb.ca\\\/#website\",\"url\":\"https:\\\/\\\/efficiencymb.ca\\\/\",\"name\":\"Efficiency Manitoba\",\"description\":\"\",\"publisher\":{\"@id\":\"https:\\\/\\\/efficiencymb.ca\\\/#organization\"},\"potentialAction\":[{\"@type\":\"SearchAction\",\"target\":{\"@type\":\"EntryPoint\",\"urlTemplate\":\"https:\\\/\\\/efficiencymb.ca\\\/?s={search_term_string}\"},\"query-input\":{\"@type\":\"PropertyValueSpecification\",\"valueRequired\":true,\"valueName\":\"search_term_string\"}}],\"inLanguage\":\"fr-FR\"},{\"@type\":\"Organization\",\"@id\":\"https:\\\/\\\/efficiencymb.ca\\\/#organization\",\"name\":\"Efficiency Manitoba\",\"url\":\"https:\\\/\\\/efficiencymb.ca\\\/\",\"logo\":{\"@type\":\"ImageObject\",\"inLanguage\":\"fr-FR\",\"@id\":\"https:\\\/\\\/efficiencymb.ca\\\/#\\\/schema\\\/logo\\\/image\\\/\",\"url\":\"https:\\\/\\\/efficiencymb.ca\\\/wp-content\\\/uploads\\\/em-logo-white-en.png\",\"contentUrl\":\"https:\\\/\\\/efficiencymb.ca\\\/wp-content\\\/uploads\\\/em-logo-white-en.png\",\"width\":388,\"height\":91,\"caption\":\"Efficiency Manitoba\"},\"image\":{\"@id\":\"https:\\\/\\\/efficiencymb.ca\\\/#\\\/schema\\\/logo\\\/image\\\/\"}}]}<\/script>\n<!-- \/ Yoast SEO plugin. -->","yoast_head_json":{"title":"Cat\u00e9gories &#8212; Efficiency Manitoba","robots":{"index":"index","follow":"follow","max-snippet":"max-snippet:-1","max-image-preview":"max-image-preview:large","max-video-preview":"max-video-preview:-1"},"canonical":"https:\/\/efficiencymb.ca\/fr\/articles\/categories\/","og_locale":"fr_FR","og_type":"article","og_title":"Cat\u00e9gories &#8212; Efficiency Manitoba","og_url":"https:\/\/efficiencymb.ca\/fr\/articles\/categories\/","og_site_name":"Efficiency Manitoba","article_modified_time":"2023-06-09T23:25:44+00:00","twitter_card":"summary_large_image","schema":{"@context":"https:\/\/schema.org","@graph":[{"@type":"WebPage","@id":"https:\/\/efficiencymb.ca\/fr\/articles\/categories\/","url":"https:\/\/efficiencymb.ca\/fr\/articles\/categories\/","name":"Cat\u00e9gories &#8212; Efficiency Manitoba","isPartOf":{"@id":"https:\/\/efficiencymb.ca\/#website"},"datePublished":"2020-03-04T03:06:39+00:00","dateModified":"2023-06-09T23:25:44+00:00","breadcrumb":{"@id":"https:\/\/efficiencymb.ca\/fr\/articles\/categories\/#breadcrumb"},"inLanguage":"fr-FR","potentialAction":[{"@type":"ReadAction","target":["https:\/\/efficiencymb.ca\/fr\/articles\/categories\/"]}]},{"@type":"BreadcrumbList","@id":"https:\/\/efficiencymb.ca\/fr\/articles\/categories\/#breadcrumb","itemListElement":[{"@type":"ListItem","position":1,"name":"Home","item":"https:\/\/efficiencymb.ca\/fr\/"},{"@type":"ListItem","position":2,"name":"Articles","item":"https:\/\/efficiencymb.ca\/fr\/articles\/"},{"@type":"ListItem","position":3,"name":"Cat\u00e9gories"}]},{"@type":"WebSite","@id":"https:\/\/efficiencymb.ca\/#website","url":"https:\/\/efficiencymb.ca\/","name":"Efficiency Manitoba","description":"","publisher":{"@id":"https:\/\/efficiencymb.ca\/#organization"},"potentialAction":[{"@type":"SearchAction","target":{"@type":"EntryPoint","urlTemplate":"https:\/\/efficiencymb.ca\/?s={search_term_string}"},"query-input":{"@type":"PropertyValueSpecification","valueRequired":true,"valueName":"search_term_string"}}],"inLanguage":"fr-FR"},{"@type":"Organization","@id":"https:\/\/efficiencymb.ca\/#organization","name":"Efficiency Manitoba","url":"https:\/\/efficiencymb.ca\/","logo":{"@type":"ImageObject","inLanguage":"fr-FR","@id":"https:\/\/efficiencymb.ca\/#\/schema\/logo\/image\/","url":"https:\/\/efficiencymb.ca\/wp-content\/uploads\/em-logo-white-en.png","contentUrl":"https:\/\/efficiencymb.ca\/wp-content\/uploads\/em-logo-white-en.png","width":388,"height":91,"caption":"Efficiency Manitoba"},"image":{"@id":"https:\/\/efficiencymb.ca\/#\/schema\/logo\/image\/"}}]}},"_links":{"self":[{"href":"https:\/\/efficiencymb.ca\/fr\/wp-json\/wp\/v2\/pages\/705","targetHints":{"allow":["GET"]}}],"collection":[{"href":"https:\/\/efficiencymb.ca\/fr\/wp-json\/wp\/v2\/pages"}],"about":[{"href":"https:\/\/efficiencymb.ca\/fr\/wp-json\/wp\/v2\/types\/page"}],"author":[{"embeddable":true,"href":"https:\/\/efficiencymb.ca\/fr\/wp-json\/wp\/v2\/users\/10"}],"replies":[{"embeddable":true,"href":"https:\/\/efficiencymb.ca\/fr\/wp-json\/wp\/v2\/comments?post=705"}],"version-history":[{"count":16,"href":"https:\/\/efficiencymb.ca\/fr\/wp-json\/wp\/v2\/pages\/705\/revisions"}],"predecessor-version":[{"id":27328,"href":"https:\/\/efficiencymb.ca\/fr\/wp-json\/wp\/v2\/pages\/705\/revisions\/27328"}],"up":[{"embeddable":true,"href":"https:\/\/efficiencymb.ca\/fr\/wp-json\/wp\/v2\/pages\/699"}],"wp:attachment":[{"href":"https:\/\/efficiencymb.ca\/fr\/wp-json\/wp\/v2\/media?parent=705"}],"curies":[{"name":"wp","href":"https:\/\/api.w.org\/{rel}","templated":true}]}}