{"id":699,"date":"2020-02-24T21:25:33","date_gmt":"2020-02-24T21:25:33","guid":{"rendered":"https:\/\/efficiencymb.ca\/articles\/"},"modified":"2023-06-02T18:38:23","modified_gmt":"2023-06-02T23:38:23","slug":"articles","status":"publish","type":"page","link":"https:\/\/efficiencymb.ca\/fr\/articles\/","title":{"rendered":"Articles"},"content":{"rendered":"\n<div style=\"height:100px\" aria-hidden=\"true\" class=\"wp-block-spacer\"><\/div>\n\n\n\n<div class=\"listing-post-block\">\n\t<div class=\"listing-post-block-items\" >\n\t\t\t\t\t<div class=\"listing-post-block-item\">\n\t\t\t\t<div class=\"listing-post-block-column listing-post-block-item-img-container\">\n\t\t\t\t\t<div class=\"listing-post-block-item-img\">\n\t\t\t\t\t\t<img loading=\"lazy\" decoding=\"async\" width=\"479\" height=\"269\" src=\"https:\/\/efficiencymb.ca\/wp-content\/uploads\/Ste-Rose-Vet-Clinic-Small-Business-Program-testimonial-banner-image-479x269.jpg\" class=\"attachment-medium size-medium wp-post-image\" alt=\"\" srcset=\"https:\/\/efficiencymb.ca\/wp-content\/uploads\/Ste-Rose-Vet-Clinic-Small-Business-Program-testimonial-banner-image-479x269.jpg 479w, https:\/\/efficiencymb.ca\/wp-content\/uploads\/Ste-Rose-Vet-Clinic-Small-Business-Program-testimonial-banner-image-1024x576.jpg 1024w, https:\/\/efficiencymb.ca\/wp-content\/uploads\/Ste-Rose-Vet-Clinic-Small-Business-Program-testimonial-banner-image-768x432.jpg 768w, https:\/\/efficiencymb.ca\/wp-content\/uploads\/Ste-Rose-Vet-Clinic-Small-Business-Program-testimonial-banner-image-1536x864.jpg 1536w, https:\/\/efficiencymb.ca\/wp-content\/uploads\/Ste-Rose-Vet-Clinic-Small-Business-Program-testimonial-banner-image-2048x1152.jpg 2048w, https:\/\/efficiencymb.ca\/wp-content\/uploads\/Ste-Rose-Vet-Clinic-Small-Business-Program-testimonial-banner-image-1920x1080.jpg 1920w\" sizes=\"auto, (max-width: 479px) 100vw, 479px\" \/>\t\t\t\t\t<\/div>\n\t\t\t\t<\/div>\n\t\t\t\t<div class=\"listing-post-block-column\">\n\t\t\t\t\t<div class=\"listing-post-block-item-content\">\n\t\t\t\t\t\t<!-- <h2 class=\"wp-block-getwid-template-post-title\"><a href=\"\"><\/a><\/h2> -->\n         \t  <h2 class=\"wp-block-getwid-template-post-title\">PROJET EN VEDETTE : CLINIQUE V\u00c9T\u00c9RINAIRE STE ROSE<\/h2>\n\t\t\t\t\t\t<div class=\"listing-post-block-item-excerpt\">\n\t\t\t\t\t\t\tNotre Programme pour petites entreprises est une solution cl\u00e9 en main pour les propri\u00e9taires de petites entreprises qui d\u00e9sirent rendre leur entreprise plus \u00e9co\u00e9nerg\u00e9tique et r\u00e9duire leurs factures \u00e9nerg\u00e9tiques. Nous\u2026\t\t\t\t\t\t<\/div>\n\t\t\t\t\t\t<!-- <a class=\"listing-post-block-item-more\" href=\"\"><\/a> -->\n\t\t\t\t\t\t<a class=\"listing-post-block-item-more\" href=\"https:\/\/efficiencymb.ca\/fr\/articles\/projet-en-vedette-clinique-veterinaire-ste-rose\/\" aria-label=\"Poursuivre la lecture... PROJET EN VEDETTE : CLINIQUE V\u00c9T\u00c9RINAIRE STE ROSE\"><span class=\"screen-reader-text\">Poursuivre la lecture&#8230;<\/span><\/a>\n\t\t\t\t\t<\/div>\n\t\t\t\t<\/div>\n\t\t\t<\/div>\n\t\t\t\t\t<div class=\"listing-post-block-item\">\n\t\t\t\t<div class=\"listing-post-block-column listing-post-block-item-img-container\">\n\t\t\t\t\t<div class=\"listing-post-block-item-img\">\n\t\t\t\t\t\t<img loading=\"lazy\" decoding=\"async\" width=\"479\" height=\"269\" src=\"https:\/\/efficiencymb.ca\/wp-content\/uploads\/Manitobas-Top-Employer-2026-Efficiency-Manitoba-2400x1350-rev2-479x269.jpg\" class=\"attachment-medium size-medium wp-post-image\" alt=\"\" srcset=\"https:\/\/efficiencymb.ca\/wp-content\/uploads\/Manitobas-Top-Employer-2026-Efficiency-Manitoba-2400x1350-rev2-479x269.jpg 479w, https:\/\/efficiencymb.ca\/wp-content\/uploads\/Manitobas-Top-Employer-2026-Efficiency-Manitoba-2400x1350-rev2-1024x576.jpg 1024w, https:\/\/efficiencymb.ca\/wp-content\/uploads\/Manitobas-Top-Employer-2026-Efficiency-Manitoba-2400x1350-rev2-768x432.jpg 768w, https:\/\/efficiencymb.ca\/wp-content\/uploads\/Manitobas-Top-Employer-2026-Efficiency-Manitoba-2400x1350-rev2-1536x864.jpg 1536w, https:\/\/efficiencymb.ca\/wp-content\/uploads\/Manitobas-Top-Employer-2026-Efficiency-Manitoba-2400x1350-rev2-2048x1152.jpg 2048w, https:\/\/efficiencymb.ca\/wp-content\/uploads\/Manitobas-Top-Employer-2026-Efficiency-Manitoba-2400x1350-rev2-1920x1080.jpg 1920w\" sizes=\"auto, (max-width: 479px) 100vw, 479px\" \/>\t\t\t\t\t<\/div>\n\t\t\t\t<\/div>\n\t\t\t\t<div class=\"listing-post-block-column\">\n\t\t\t\t\t<div class=\"listing-post-block-item-content\">\n\t\t\t\t\t\t<!-- <h2 class=\"wp-block-getwid-template-post-title\"><a href=\"\"><\/a><\/h2> -->\n         \t  <h2 class=\"wp-block-getwid-template-post-title\">RECONNU COMME UN LIEU DE TRAVAIL DE QUALIT\u00c9<\/h2>\n\t\t\t\t\t\t<div class=\"listing-post-block-item-excerpt\">\n\t\t\t\t\t\t\tNous sommes ravis d\u2019annoncer qu\u2019Efficacit\u00e9 Manitoba figure sur la liste des Meilleurs employeurs du Manitoba de 2026!&nbsp; Notre organisation est devenue op\u00e9rationnelle en 2020 \u2014 une p\u00e9riode extr\u00eamement difficile pour\u2026\t\t\t\t\t\t<\/div>\n\t\t\t\t\t\t<!-- <a class=\"listing-post-block-item-more\" href=\"\"><\/a> -->\n\t\t\t\t\t\t<a class=\"listing-post-block-item-more\" href=\"https:\/\/efficiencymb.ca\/fr\/articles\/meilleurs-employeurs-du-manitoba\/\" aria-label=\"Poursuivre la lecture... RECONNU COMME UN LIEU DE TRAVAIL DE QUALIT\u00c9\"><span class=\"screen-reader-text\">Poursuivre la lecture&#8230;<\/span><\/a>\n\t\t\t\t\t<\/div>\n\t\t\t\t<\/div>\n\t\t\t<\/div>\n\t\t\t\t\t<div class=\"listing-post-block-item\">\n\t\t\t\t<div class=\"listing-post-block-column listing-post-block-item-img-container\">\n\t\t\t\t\t<div class=\"listing-post-block-item-img\">\n\t\t\t\t\t\t<img loading=\"lazy\" decoding=\"async\" width=\"479\" height=\"269\" src=\"https:\/\/efficiencymb.ca\/wp-content\/uploads\/high_performance_windows-533356224-479x269.jpg\" class=\"attachment-medium size-medium wp-post-image\" alt=\"Femme assise pr\u00e8s de fen\u00eatres \u00e0 haut rendement\" srcset=\"https:\/\/efficiencymb.ca\/wp-content\/uploads\/high_performance_windows-533356224-479x269.jpg 479w, https:\/\/efficiencymb.ca\/wp-content\/uploads\/high_performance_windows-533356224-1024x576.jpg 1024w, https:\/\/efficiencymb.ca\/wp-content\/uploads\/high_performance_windows-533356224-768x432.jpg 768w, https:\/\/efficiencymb.ca\/wp-content\/uploads\/high_performance_windows-533356224-1536x864.jpg 1536w, https:\/\/efficiencymb.ca\/wp-content\/uploads\/high_performance_windows-533356224-2048x1152.jpg 2048w, https:\/\/efficiencymb.ca\/wp-content\/uploads\/high_performance_windows-533356224-1920x1080.jpg 1920w\" sizes=\"auto, (max-width: 479px) 100vw, 479px\" \/>\t\t\t\t\t<\/div>\n\t\t\t\t<\/div>\n\t\t\t\t<div class=\"listing-post-block-column\">\n\t\t\t\t\t<div class=\"listing-post-block-item-content\">\n\t\t\t\t\t\t<!-- <h2 class=\"wp-block-getwid-template-post-title\"><a href=\"\"><\/a><\/h2> -->\n         \t  <h2 class=\"wp-block-getwid-template-post-title\">PORTES ET FEN\u00caTRES \u00c0 HAUT RENDEMENT \u00c9NERG\u00c9TIQUE<\/h2>\n\t\t\t\t\t\t<div class=\"listing-post-block-item-excerpt\">\n\t\t\t\t\t\t\tLes vieilles portes et fen\u00eatres sont souvent mal isol\u00e9es et non \u00e9tanches. Comme elles laissent entrer la chaleur en \u00e9t\u00e9 et le froid en hiver, votre maison est moins confortable,\u2026\t\t\t\t\t\t<\/div>\n\t\t\t\t\t\t<!-- <a class=\"listing-post-block-item-more\" href=\"\"><\/a> -->\n\t\t\t\t\t\t<a class=\"listing-post-block-item-more\" href=\"https:\/\/efficiencymb.ca\/fr\/articles\/portes-et-fenetres-a-haut-rendement-energetique\/\" aria-label=\"Poursuivre la lecture... PORTES ET FEN\u00caTRES \u00c0 HAUT RENDEMENT \u00c9NERG\u00c9TIQUE\"><span class=\"screen-reader-text\">Poursuivre la lecture&#8230;<\/span><\/a>\n\t\t\t\t\t<\/div>\n\t\t\t\t<\/div>\n\t\t\t<\/div>\n\t\t\t\t\t<div class=\"listing-post-block-item\">\n\t\t\t\t<div class=\"listing-post-block-column listing-post-block-item-img-container\">\n\t\t\t\t\t<div class=\"listing-post-block-item-img\">\n\t\t\t\t\t\t<img loading=\"lazy\" decoding=\"async\" width=\"479\" height=\"269\" src=\"https:\/\/efficiencymb.ca\/wp-content\/uploads\/using-and-maintaining-your-air-source-heat-pump-GettyImages-1460235294-scaled-e1744920516383-479x269.jpg\" class=\"attachment-medium size-medium wp-post-image\" alt=\"\" srcset=\"https:\/\/efficiencymb.ca\/wp-content\/uploads\/using-and-maintaining-your-air-source-heat-pump-GettyImages-1460235294-scaled-e1744920516383-479x269.jpg 479w, https:\/\/efficiencymb.ca\/wp-content\/uploads\/using-and-maintaining-your-air-source-heat-pump-GettyImages-1460235294-scaled-e1744920516383-1024x576.jpg 1024w, https:\/\/efficiencymb.ca\/wp-content\/uploads\/using-and-maintaining-your-air-source-heat-pump-GettyImages-1460235294-scaled-e1744920516383-768x432.jpg 768w, https:\/\/efficiencymb.ca\/wp-content\/uploads\/using-and-maintaining-your-air-source-heat-pump-GettyImages-1460235294-scaled-e1744920516383-1536x864.jpg 1536w, https:\/\/efficiencymb.ca\/wp-content\/uploads\/using-and-maintaining-your-air-source-heat-pump-GettyImages-1460235294-scaled-e1744920516383-2048x1152.jpg 2048w, https:\/\/efficiencymb.ca\/wp-content\/uploads\/using-and-maintaining-your-air-source-heat-pump-GettyImages-1460235294-scaled-e1744920516383-1920x1080.jpg 1920w\" sizes=\"auto, (max-width: 479px) 100vw, 479px\" \/>\t\t\t\t\t<\/div>\n\t\t\t\t<\/div>\n\t\t\t\t<div class=\"listing-post-block-column\">\n\t\t\t\t\t<div class=\"listing-post-block-item-content\">\n\t\t\t\t\t\t<!-- <h2 class=\"wp-block-getwid-template-post-title\"><a href=\"\"><\/a><\/h2> -->\n         \t  <h2 class=\"wp-block-getwid-template-post-title\">THERMOPOMPES \u00c0 DEUX COMBUSTIBLES<\/h2>\n\t\t\t\t\t\t<div class=\"listing-post-block-item-excerpt\">\n\t\t\t\t\t\t\tTrois facteurs influencent le fonctionnement d\u2019une thermopompe \u00e0 air pour climats froids (TA-CF)\u00a0: le dimensionnement, la s\u00e9lection et la configuration. Ces trois facteurs peuvent faire la diff\u00e9rence entre une thermopompe\u2026\t\t\t\t\t\t<\/div>\n\t\t\t\t\t\t<!-- <a class=\"listing-post-block-item-more\" href=\"\"><\/a> -->\n\t\t\t\t\t\t<a class=\"listing-post-block-item-more\" href=\"https:\/\/efficiencymb.ca\/fr\/articles\/thermopompes-deux-combustibles-dimensionnement-selection-configuration\/\" aria-label=\"Poursuivre la lecture... THERMOPOMPES \u00c0 DEUX COMBUSTIBLES\"><span class=\"screen-reader-text\">Poursuivre la lecture&#8230;<\/span><\/a>\n\t\t\t\t\t<\/div>\n\t\t\t\t<\/div>\n\t\t\t<\/div>\n\t\t\t\t\t<div class=\"listing-post-block-item\">\n\t\t\t\t<div class=\"listing-post-block-column listing-post-block-item-img-container\">\n\t\t\t\t\t<div class=\"listing-post-block-item-img\">\n\t\t\t\t\t\t<img loading=\"lazy\" decoding=\"async\" width=\"479\" height=\"269\" src=\"https:\/\/efficiencymb.ca\/wp-content\/uploads\/dual-fuel-air-source-heat-pump-energy-cost-emissions-479x269.jpg\" class=\"attachment-medium size-medium wp-post-image\" alt=\"\" srcset=\"https:\/\/efficiencymb.ca\/wp-content\/uploads\/dual-fuel-air-source-heat-pump-energy-cost-emissions-479x269.jpg 479w, https:\/\/efficiencymb.ca\/wp-content\/uploads\/dual-fuel-air-source-heat-pump-energy-cost-emissions-1024x576.jpg 1024w, https:\/\/efficiencymb.ca\/wp-content\/uploads\/dual-fuel-air-source-heat-pump-energy-cost-emissions-768x432.jpg 768w, https:\/\/efficiencymb.ca\/wp-content\/uploads\/dual-fuel-air-source-heat-pump-energy-cost-emissions-1536x864.jpg 1536w, https:\/\/efficiencymb.ca\/wp-content\/uploads\/dual-fuel-air-source-heat-pump-energy-cost-emissions-2048x1152.jpg 2048w, https:\/\/efficiencymb.ca\/wp-content\/uploads\/dual-fuel-air-source-heat-pump-energy-cost-emissions-1920x1080.jpg 1920w\" sizes=\"auto, (max-width: 479px) 100vw, 479px\" \/>\t\t\t\t\t<\/div>\n\t\t\t\t<\/div>\n\t\t\t\t<div class=\"listing-post-block-column\">\n\t\t\t\t\t<div class=\"listing-post-block-item-content\">\n\t\t\t\t\t\t<!-- <h2 class=\"wp-block-getwid-template-post-title\"><a href=\"\"><\/a><\/h2> -->\n         \t  <h2 class=\"wp-block-getwid-template-post-title\">THERMOPOMPES \u00c0 DEUX COMBUSTICLES<\/h2>\n\t\t\t\t\t\t<div class=\"listing-post-block-item-excerpt\">\n\t\t\t\t\t\t\tEst-il temps pour vous de remplacer votre appareil de chauffage central ou votre climatiseur, ou recherchez-vous des fa\u00e7ons de rendre votre maison plus \u00e9co\u00e9nerg\u00e9tique?\u00a0Vous pourriez envisager d\u2019installer une thermopompe \u00e0\u2026\t\t\t\t\t\t<\/div>\n\t\t\t\t\t\t<!-- <a class=\"listing-post-block-item-more\" href=\"\"><\/a> -->\n\t\t\t\t\t\t<a class=\"listing-post-block-item-more\" href=\"https:\/\/efficiencymb.ca\/fr\/articles\/thermopompes-deux-combustibles-energie-cout-emissions\/\" aria-label=\"Poursuivre la lecture... THERMOPOMPES \u00c0 DEUX COMBUSTICLES\"><span class=\"screen-reader-text\">Poursuivre la lecture&#8230;<\/span><\/a>\n\t\t\t\t\t<\/div>\n\t\t\t\t<\/div>\n\t\t\t<\/div>\n\t\t\t\t\t<div class=\"listing-post-block-item\">\n\t\t\t\t<div class=\"listing-post-block-column listing-post-block-item-img-container\">\n\t\t\t\t\t<div class=\"listing-post-block-item-img\">\n\t\t\t\t\t\t<img loading=\"lazy\" decoding=\"async\" width=\"479\" height=\"269\" src=\"https:\/\/efficiencymb.ca\/wp-content\/uploads\/Canada-Packers-Industrial-programs-participant-2400x1350-1-479x269.jpg\" class=\"attachment-medium size-medium wp-post-image\" alt=\"\" srcset=\"https:\/\/efficiencymb.ca\/wp-content\/uploads\/Canada-Packers-Industrial-programs-participant-2400x1350-1-479x269.jpg 479w, https:\/\/efficiencymb.ca\/wp-content\/uploads\/Canada-Packers-Industrial-programs-participant-2400x1350-1-1024x576.jpg 1024w, https:\/\/efficiencymb.ca\/wp-content\/uploads\/Canada-Packers-Industrial-programs-participant-2400x1350-1-768x432.jpg 768w, https:\/\/efficiencymb.ca\/wp-content\/uploads\/Canada-Packers-Industrial-programs-participant-2400x1350-1-1536x864.jpg 1536w, https:\/\/efficiencymb.ca\/wp-content\/uploads\/Canada-Packers-Industrial-programs-participant-2400x1350-1-2048x1152.jpg 2048w, https:\/\/efficiencymb.ca\/wp-content\/uploads\/Canada-Packers-Industrial-programs-participant-2400x1350-1-1920x1080.jpg 1920w\" sizes=\"auto, (max-width: 479px) 100vw, 479px\" \/>\t\t\t\t\t<\/div>\n\t\t\t\t<\/div>\n\t\t\t\t<div class=\"listing-post-block-column\">\n\t\t\t\t\t<div class=\"listing-post-block-item-content\">\n\t\t\t\t\t\t<!-- <h2 class=\"wp-block-getwid-template-post-title\"><a href=\"\"><\/a><\/h2> -->\n         \t  <h2 class=\"wp-block-getwid-template-post-title\">PROJET EN VEDETTE : CANADA PACKERS<\/h2>\n\t\t\t\t\t\t<div class=\"listing-post-block-item-excerpt\">\n\t\t\t\t\t\t\tLes circuits d\u2019air comprim\u00e9 sont tr\u00e8s courants dans les environnements industriels. En emmagasinant de l\u2019air sous pression, ces syst\u00e8mes peuvent \u00eatre utilis\u00e9s sur demande et de mani\u00e8re contr\u00f4l\u00e9e pour alimenter\u2026\t\t\t\t\t\t<\/div>\n\t\t\t\t\t\t<!-- <a class=\"listing-post-block-item-more\" href=\"\"><\/a> -->\n\t\t\t\t\t\t<a class=\"listing-post-block-item-more\" href=\"https:\/\/efficiencymb.ca\/fr\/articles\/projet-vedette-canada-packers\/\" aria-label=\"Poursuivre la lecture... PROJET EN VEDETTE : CANADA PACKERS\"><span class=\"screen-reader-text\">Poursuivre la lecture&#8230;<\/span><\/a>\n\t\t\t\t\t<\/div>\n\t\t\t\t<\/div>\n\t\t\t<\/div>\n\t\t\t<\/div>\n<\/div>\n\n\n<div class=\"listing-pagination\">\n\t<div class=\"nav-previous alignleft\">\n\t\t\t<\/div>\n\t<div class=\"nav-next alignright\">\n\t\t<a href=\"https:\/\/efficiencymb.ca\/fr\/wp-json\/wp\/v2\/pages\/699\/page\/2\/\" >Articles plus anciens \u21e8<\/a>\t<\/div>\n<\/div>","protected":false},"excerpt":{"rendered":"","protected":false},"author":10,"featured_media":0,"parent":0,"menu_order":0,"comment_status":"closed","ping_status":"closed","template":"page-blog.php","meta":{"_acf_changed":false,"footnotes":""},"class_list":["post-699","page","type-page","status-publish","hentry"],"acf":[],"yoast_head":"<!-- This site is optimized with the Yoast SEO plugin v27.3 - https:\/\/yoast.com\/product\/yoast-seo-wordpress\/ -->\n<title>Articles &#8212; Efficiency Manitoba<\/title>\n<meta name=\"robots\" content=\"index, follow, max-snippet:-1, max-image-preview:large, max-video-preview:-1\" \/>\n<link rel=\"canonical\" href=\"https:\/\/efficiencymb.ca\/fr\/articles\/\" \/>\n<meta property=\"og:locale\" content=\"fr_FR\" \/>\n<meta property=\"og:type\" content=\"article\" \/>\n<meta property=\"og:title\" content=\"Articles &#8212; Efficiency Manitoba\" \/>\n<meta property=\"og:url\" content=\"https:\/\/efficiencymb.ca\/fr\/articles\/\" \/>\n<meta property=\"og:site_name\" content=\"Efficiency Manitoba\" \/>\n<meta property=\"article:modified_time\" content=\"2023-06-02T23:38:23+00:00\" \/>\n<meta name=\"twitter:card\" content=\"summary_large_image\" \/>\n<script type=\"application\/ld+json\" class=\"yoast-schema-graph\">{\"@context\":\"https:\\\/\\\/schema.org\",\"@graph\":[{\"@type\":\"WebPage\",\"@id\":\"https:\\\/\\\/efficiencymb.ca\\\/fr\\\/articles\\\/\",\"url\":\"https:\\\/\\\/efficiencymb.ca\\\/fr\\\/articles\\\/\",\"name\":\"Articles &#8212; Efficiency Manitoba\",\"isPartOf\":{\"@id\":\"https:\\\/\\\/efficiencymb.ca\\\/#website\"},\"datePublished\":\"2020-02-24T21:25:33+00:00\",\"dateModified\":\"2023-06-02T23:38:23+00:00\",\"breadcrumb\":{\"@id\":\"https:\\\/\\\/efficiencymb.ca\\\/fr\\\/articles\\\/#breadcrumb\"},\"inLanguage\":\"fr-FR\",\"potentialAction\":[{\"@type\":\"ReadAction\",\"target\":[\"https:\\\/\\\/efficiencymb.ca\\\/fr\\\/articles\\\/\"]}]},{\"@type\":\"BreadcrumbList\",\"@id\":\"https:\\\/\\\/efficiencymb.ca\\\/fr\\\/articles\\\/#breadcrumb\",\"itemListElement\":[{\"@type\":\"ListItem\",\"position\":1,\"name\":\"Home\",\"item\":\"https:\\\/\\\/efficiencymb.ca\\\/fr\\\/\"},{\"@type\":\"ListItem\",\"position\":2,\"name\":\"Articles\"}]},{\"@type\":\"WebSite\",\"@id\":\"https:\\\/\\\/efficiencymb.ca\\\/#website\",\"url\":\"https:\\\/\\\/efficiencymb.ca\\\/\",\"name\":\"Efficiency Manitoba\",\"description\":\"\",\"publisher\":{\"@id\":\"https:\\\/\\\/efficiencymb.ca\\\/#organization\"},\"potentialAction\":[{\"@type\":\"SearchAction\",\"target\":{\"@type\":\"EntryPoint\",\"urlTemplate\":\"https:\\\/\\\/efficiencymb.ca\\\/?s={search_term_string}\"},\"query-input\":{\"@type\":\"PropertyValueSpecification\",\"valueRequired\":true,\"valueName\":\"search_term_string\"}}],\"inLanguage\":\"fr-FR\"},{\"@type\":\"Organization\",\"@id\":\"https:\\\/\\\/efficiencymb.ca\\\/#organization\",\"name\":\"Efficiency Manitoba\",\"url\":\"https:\\\/\\\/efficiencymb.ca\\\/\",\"logo\":{\"@type\":\"ImageObject\",\"inLanguage\":\"fr-FR\",\"@id\":\"https:\\\/\\\/efficiencymb.ca\\\/#\\\/schema\\\/logo\\\/image\\\/\",\"url\":\"https:\\\/\\\/efficiencymb.ca\\\/wp-content\\\/uploads\\\/em-logo-white-en.png\",\"contentUrl\":\"https:\\\/\\\/efficiencymb.ca\\\/wp-content\\\/uploads\\\/em-logo-white-en.png\",\"width\":388,\"height\":91,\"caption\":\"Efficiency Manitoba\"},\"image\":{\"@id\":\"https:\\\/\\\/efficiencymb.ca\\\/#\\\/schema\\\/logo\\\/image\\\/\"}}]}<\/script>\n<!-- \/ Yoast SEO plugin. -->","yoast_head_json":{"title":"Articles &#8212; Efficiency Manitoba","robots":{"index":"index","follow":"follow","max-snippet":"max-snippet:-1","max-image-preview":"max-image-preview:large","max-video-preview":"max-video-preview:-1"},"canonical":"https:\/\/efficiencymb.ca\/fr\/articles\/","og_locale":"fr_FR","og_type":"article","og_title":"Articles &#8212; Efficiency Manitoba","og_url":"https:\/\/efficiencymb.ca\/fr\/articles\/","og_site_name":"Efficiency Manitoba","article_modified_time":"2023-06-02T23:38:23+00:00","twitter_card":"summary_large_image","schema":{"@context":"https:\/\/schema.org","@graph":[{"@type":"WebPage","@id":"https:\/\/efficiencymb.ca\/fr\/articles\/","url":"https:\/\/efficiencymb.ca\/fr\/articles\/","name":"Articles &#8212; Efficiency Manitoba","isPartOf":{"@id":"https:\/\/efficiencymb.ca\/#website"},"datePublished":"2020-02-24T21:25:33+00:00","dateModified":"2023-06-02T23:38:23+00:00","breadcrumb":{"@id":"https:\/\/efficiencymb.ca\/fr\/articles\/#breadcrumb"},"inLanguage":"fr-FR","potentialAction":[{"@type":"ReadAction","target":["https:\/\/efficiencymb.ca\/fr\/articles\/"]}]},{"@type":"BreadcrumbList","@id":"https:\/\/efficiencymb.ca\/fr\/articles\/#breadcrumb","itemListElement":[{"@type":"ListItem","position":1,"name":"Home","item":"https:\/\/efficiencymb.ca\/fr\/"},{"@type":"ListItem","position":2,"name":"Articles"}]},{"@type":"WebSite","@id":"https:\/\/efficiencymb.ca\/#website","url":"https:\/\/efficiencymb.ca\/","name":"Efficiency Manitoba","description":"","publisher":{"@id":"https:\/\/efficiencymb.ca\/#organization"},"potentialAction":[{"@type":"SearchAction","target":{"@type":"EntryPoint","urlTemplate":"https:\/\/efficiencymb.ca\/?s={search_term_string}"},"query-input":{"@type":"PropertyValueSpecification","valueRequired":true,"valueName":"search_term_string"}}],"inLanguage":"fr-FR"},{"@type":"Organization","@id":"https:\/\/efficiencymb.ca\/#organization","name":"Efficiency Manitoba","url":"https:\/\/efficiencymb.ca\/","logo":{"@type":"ImageObject","inLanguage":"fr-FR","@id":"https:\/\/efficiencymb.ca\/#\/schema\/logo\/image\/","url":"https:\/\/efficiencymb.ca\/wp-content\/uploads\/em-logo-white-en.png","contentUrl":"https:\/\/efficiencymb.ca\/wp-content\/uploads\/em-logo-white-en.png","width":388,"height":91,"caption":"Efficiency Manitoba"},"image":{"@id":"https:\/\/efficiencymb.ca\/#\/schema\/logo\/image\/"}}]}},"_links":{"self":[{"href":"https:\/\/efficiencymb.ca\/fr\/wp-json\/wp\/v2\/pages\/699","targetHints":{"allow":["GET"]}}],"collection":[{"href":"https:\/\/efficiencymb.ca\/fr\/wp-json\/wp\/v2\/pages"}],"about":[{"href":"https:\/\/efficiencymb.ca\/fr\/wp-json\/wp\/v2\/types\/page"}],"author":[{"embeddable":true,"href":"https:\/\/efficiencymb.ca\/fr\/wp-json\/wp\/v2\/users\/10"}],"replies":[{"embeddable":true,"href":"https:\/\/efficiencymb.ca\/fr\/wp-json\/wp\/v2\/comments?post=699"}],"version-history":[{"count":4,"href":"https:\/\/efficiencymb.ca\/fr\/wp-json\/wp\/v2\/pages\/699\/revisions"}],"predecessor-version":[{"id":26228,"href":"https:\/\/efficiencymb.ca\/fr\/wp-json\/wp\/v2\/pages\/699\/revisions\/26228"}],"wp:attachment":[{"href":"https:\/\/efficiencymb.ca\/fr\/wp-json\/wp\/v2\/media?parent=699"}],"curies":[{"name":"wp","href":"https:\/\/api.w.org\/{rel}","templated":true}]}}