{"id":69357,"date":"2025-01-15T11:49:55","date_gmt":"2025-01-15T17:49:55","guid":{"rendered":"https:\/\/efficiencymb.ca\/?page_id=69357"},"modified":"2025-07-28T14:00:20","modified_gmt":"2025-07-28T19:00:20","slug":"programme-de-thermopompes-pour-les-communautes","status":"publish","type":"page","link":"https:\/\/efficiencymb.ca\/fr\/communaute\/programme-de-thermopompes-pour-les-communautes\/","title":{"rendered":"PROGRAMME DE THERMOPOMPES POUR LES COMMUNAUT\u00c9S"},"content":{"rendered":"\n<div class=\"wp-block-group is-style-content-wide\"><div class=\"wp-block-group__inner-container is-layout-constrained wp-block-group-is-layout-constrained\">\n<h2 class=\"wp-block-heading has-text-align-center is-style-hero-heading-grey\"><strong>DES SYST\u00c8MES DE CHAUFFAGE \u00c9CO\u00c9NERG\u00c9TIQUES POUR LES COMMUNAUT\u00c9S DES PREMI\u00c8RES NATIONS<\/strong><\/h2>\n\n\n\n<p class=\"has-text-align-center has-medium-font-size\">Le syst\u00e8me de chauffage, qui est la plus importante source de consommation d\u2019\u00e9lectricit\u00e9, peut entra\u00eener des d\u00e9penses repr\u00e9sentant pr\u00e8s de 60 % de votre facture d\u2019\u00e9nergie. L\u2019utilisation de syst\u00e8mes de chauffage efficients, comme les thermopompes, peut r\u00e9duire la consommation d\u2019\u00e9nergie de votre communaut\u00e9 et permettre \u00e0 celle-ci de diminuer ses d\u00e9penses. En proc\u00e9dant \u00e0 une mise \u00e0 niveau, vous pourriez obtenir une remise, r\u00e9aliser des \u00e9conomies d\u2019\u00e9nergie et am\u00e9liorer le confort de votre r\u00e9sidence.&nbsp;<\/p>\n\n\n\n<p class=\"has-text-align-center has-medium-font-size\">Cette offre major\u00e9e est une initiative du <a href=\"https:\/\/efficiencymb.ca\/fr\/energie-domestique-abordable\/\" target=\"_blank\" rel=\"noreferrer noopener\">Programme d\u2019\u00e9nergie domestique abordable.<\/a><\/p>\n<\/div><\/div>\n\n\n\n<div style=\"height:50px\" aria-hidden=\"true\" class=\"wp-block-spacer\"><\/div>\n\n\n\n<div class=\"wp-block-group is-style-content-wide\"><div class=\"wp-block-group__inner-container is-layout-constrained wp-block-group-is-layout-constrained\">\n<h2 class=\"wp-block-heading has-text-align-center is-style-hero-heading\"><strong>FINANCE BAS\u00c9E SUR LES R\u00c9SULTATS AVEC L\u2019AIDE DU RAVEN INDIGENOUS OUTCOMES FUNDS<\/strong><\/h2>\n\n\n\n<p class=\"has-text-align-center has-medium-font-size\">Efficacit\u00e9 Manitoba et <a href=\"https:\/\/ravenoutcomesfunds.com\/\" target=\"_blank\" rel=\"noreferrer noopener\">Raven Indigenous Outcomes Funds<\/a> (an englais) se sont associ\u00e9s pour soutenir les communaut\u00e9s des Premi\u00e8res Nations au Manitoba afin d\u2019offrir de la formation communautaire, d\u2019effectuer des \u00e9valuations compl\u00e8tes de maisons, d\u2019installer des pompes g\u00e9othermiques et des thermopompes \u00e0 air et d\u2019apporter des am\u00e9liorations \u00e9co\u00e9nerg\u00e9tiques. Raven se sert d\u2019un outil de financement social appel\u00e9 <em>Community-Driven Outcomes Contract<\/em> (Contrat pour des r\u00e9sultats ax\u00e9s sur la communaut\u00e9).<\/p>\n\n\n\n<div class=\"wp-block-columns is-layout-flex wp-container-core-columns-is-layout-9d6595d7 wp-block-columns-is-layout-flex\">\n<div class=\"wp-block-column is-layout-flow wp-block-column-is-layout-flow\" style=\"flex-basis:66.66%\">\n<div style=\"height:20px\" aria-hidden=\"true\" class=\"wp-block-spacer\"><\/div>\n\n\n\n<h2 class=\"wp-block-heading has-text-align-left is-style-hero-heading-grey\">MOD\u00c8LE D\u2019ENTENTE DE R\u00c9SULTATS AX\u00c9E SUR LES BESOINS COMMUNAUTAIRES<\/h2>\n<\/div>\n\n\n\n<div class=\"wp-block-column is-layout-flow wp-block-column-is-layout-flow\" style=\"flex-basis:33.33%\">\n<figure class=\"wp-block-image size-full is-resized\"><img loading=\"lazy\" decoding=\"async\" width=\"361\" height=\"361\" src=\"https:\/\/efficiencymb.ca\/wp-content\/uploads\/Raven-Indigenous-Outcomes-Fund-Logo_RIOF_CIRC_Color.png\" alt=\"\" class=\"wp-image-69358\" style=\"object-fit:cover;width:200px;height:200px\" srcset=\"https:\/\/efficiencymb.ca\/wp-content\/uploads\/Raven-Indigenous-Outcomes-Fund-Logo_RIOF_CIRC_Color.png 361w, https:\/\/efficiencymb.ca\/wp-content\/uploads\/Raven-Indigenous-Outcomes-Fund-Logo_RIOF_CIRC_Color-269x269.png 269w\" sizes=\"auto, (max-width: 361px) 100vw, 361px\" \/><\/figure>\n<\/div>\n<\/div>\n\n\n<div class=\"wp-block-image\">\n<figure class=\"aligncenter size-large\"><img loading=\"lazy\" decoding=\"async\" width=\"1024\" height=\"819\" src=\"https:\/\/efficiencymb.ca\/wp-content\/uploads\/Raven-Community-Driven-Outcomes-French-1024x819.jpg\" alt=\"\" class=\"wp-image-72269\" srcset=\"https:\/\/efficiencymb.ca\/wp-content\/uploads\/Raven-Community-Driven-Outcomes-French-1024x819.jpg 1024w, https:\/\/efficiencymb.ca\/wp-content\/uploads\/Raven-Community-Driven-Outcomes-French-336x269.jpg 336w, https:\/\/efficiencymb.ca\/wp-content\/uploads\/Raven-Community-Driven-Outcomes-French-768x615.jpg 768w, https:\/\/efficiencymb.ca\/wp-content\/uploads\/Raven-Community-Driven-Outcomes-French-1536x1229.jpg 1536w, https:\/\/efficiencymb.ca\/wp-content\/uploads\/Raven-Community-Driven-Outcomes-French-2048x1639.jpg 2048w\" sizes=\"auto, (max-width: 1024px) 100vw, 1024px\" \/><\/figure>\n<\/div><\/div><\/div>\n\n\n\n<h3 class=\"wp-block-heading has-text-align-center\">FORMATION ET RENFORCEMENT DES CAPACIT\u00c9S<\/h3>\n\n\n\n<div class=\"wp-block-group is-style-content-wide\"><div class=\"wp-block-group__inner-container is-layout-constrained wp-block-group-is-layout-constrained\">\n<ul class=\"wp-block-list is-style-medium\">\n<li class=\"has-medium-font-size\">Ce partenariat entra\u00eene de nombreuses autres retomb\u00e9es, notamment sur les plans de l\u2019\u00e9ducation, des occasions de formation et de la cr\u00e9ation d\u2019emplois locaux dans la collectivit\u00e9.<\/li>\n\n\n\n<li class=\"has-medium-font-size\">Les communaut\u00e9s des Premi\u00e8res Nations peuvent suivre une formation pratique intensive pour am\u00e9liorer leur capacit\u00e9 d\u2019installer et d\u2019entretenir des syst\u00e8mes de pompes g\u00e9othermiques et d\u2019utiliser de l\u2019\u00e9quipement lourd.<\/li>\n\n\n\n<li class=\"has-medium-font-size\">Nous offrons un soutien financier aux membres des communaut\u00e9s des Premi\u00e8res Nations pour qu\u2019ils participent \u00e0 des programmes de formation sur l\u2019installation et l\u2019entretien de pompes g\u00e9othermiques.<\/li>\n\n\n\n<li class=\"has-medium-font-size\">Gr\u00e2ce au soutien financier pour la formation, un plus grand nombre de membres des communaut\u00e9s des Premi\u00e8res Nations peuvent suivre une formation, ce qui permettra d\u2019installer davantage de pompes g\u00e9othermiques au Manitoba.<\/li>\n\n\n\n<li class=\"has-medium-font-size\">Notre soutien aux programmes de formation permet \u00e0 un plus grand nombre d\u2019Autochtones du Manitoba qui font partie de communaut\u00e9s de Premi\u00e8res Nations de suivre une formation en bonne et due forme pour installer et entretenir des pompes g\u00e9othermiques, ce qui augmente le nombre d\u2019installateurs certifi\u00e9s et comp\u00e9tents.<\/li>\n<\/ul>\n<\/div><\/div>\n\n\n<div class=\"theme-button wp-block-button aligncenter\">\r\n\t<a  class=\"wp-block-button__link has-background no-border-radius button cta button-large\" href=\"mailto:IndigenousPrograms@efficiencyMB.ca\"><strong>COMMUNIQUEZ AVEC NOUS<\/strong><br>POUR EN APPRENDRE DAVANTAGE<\/a>\r\n<\/div>\n\n\n<h3 class=\"wp-block-heading has-text-align-center\">POUR EN APPRENDRE DAVANTAGE<\/h3>\n\n\n\n<div class=\"featured-post-block\">\n\t<div class=\"featured-post-block-items\" data-slidesToShow=\"2\" data-auto=\"\" data-autoplayspeed=\"\">\n\t\t\t\t\t<div class=\"featured-post-block-item\">\n\t\t\t\t<div class=\"featured-post-block-item-img\">\n\t\t\t\t\t<a class=\"featured-post-block-item-more\" href=\"https:\/\/efficiencymb.ca\/fr\/articles\/tout-sur-les-thermopompes-a-air\/\"><img loading=\"lazy\" decoding=\"async\" width=\"2400\" height=\"1350\" src=\"https:\/\/efficiencymb.ca\/wp-content\/uploads\/air-source-heat-pump-GettyImages-1328873462.jpg\" class=\"attachment-post-thumbnail size-post-thumbnail wp-post-image\" alt=\"Tout sur les thermopompes \u00e0 air\" srcset=\"https:\/\/efficiencymb.ca\/wp-content\/uploads\/air-source-heat-pump-GettyImages-1328873462.jpg 2400w, https:\/\/efficiencymb.ca\/wp-content\/uploads\/air-source-heat-pump-GettyImages-1328873462-479x269.jpg 479w, https:\/\/efficiencymb.ca\/wp-content\/uploads\/air-source-heat-pump-GettyImages-1328873462-1024x576.jpg 1024w, https:\/\/efficiencymb.ca\/wp-content\/uploads\/air-source-heat-pump-GettyImages-1328873462-768x432.jpg 768w, https:\/\/efficiencymb.ca\/wp-content\/uploads\/air-source-heat-pump-GettyImages-1328873462-1536x864.jpg 1536w, https:\/\/efficiencymb.ca\/wp-content\/uploads\/air-source-heat-pump-GettyImages-1328873462-2048x1152.jpg 2048w, https:\/\/efficiencymb.ca\/wp-content\/uploads\/air-source-heat-pump-GettyImages-1328873462-1920x1080.jpg 1920w\" sizes=\"auto, (max-width: 2400px) 100vw, 2400px\" \/><\/a>\n\t\t\t\t<\/div>\n\t\t\t\t<div class=\"featured-post-block-item-content\">\n\t\t\t\t\t<h3 class=\"wp-block-getwid-template-post-title\"><a href=\"https:\/\/efficiencymb.ca\/fr\/articles\/tout-sur-les-thermopompes-a-air\/\">Tout sur les thermopompes \u00e0 air<\/a><\/h3>\n\t\t\t\t\t<div class=\"featured-post-block-item-excerpt\">\n\t\t\t\t\t\tR\u00e9duisez votre facture d\u2019\u00e9nergie domestique et votre empreinte carbone gr\u00e2ce \u00e0 une thermopompe \u00e0 air (TA), l\u2019un des syst\u00e8mes de chauffage et de refroidissement les plus efficaces sur le plan\u2026\t\t\t\t\t<\/div>\n\t\t\t\t\t<!-- <a class=\"featured-post-block-item-more\" href=\"\"><\/a> -->\n\t\t\t\t\t<a class=\"featured-post-block-item-more\" href=\"https:\/\/efficiencymb.ca\/fr\/articles\/tout-sur-les-thermopompes-a-air\/\" aria-label=\"Poursuivre la lecture... Tout sur les thermopompes \u00e0 air\">Poursuivre la lecture&#8230;<\/a>\n\t\t\t\t<\/div>\n\t\t\t<\/div>\n\t\t\t\t\t<div class=\"featured-post-block-item\">\n\t\t\t\t<div class=\"featured-post-block-item-img\">\n\t\t\t\t\t<a class=\"featured-post-block-item-more\" href=\"https:\/\/efficiencymb.ca\/fr\/articles\/tout-savoir-sur-les-thermopompes-geothermiques\/\"><img loading=\"lazy\" decoding=\"async\" width=\"2400\" height=\"1350\" src=\"https:\/\/efficiencymb.ca\/wp-content\/uploads\/all-about-heat-pumps-1219408987-scaled-e1631758197106.jpg\" class=\"attachment-post-thumbnail size-post-thumbnail wp-post-image\" alt=\"Tout savoir sur les thermopompes g\u00e9othermiques\" srcset=\"https:\/\/efficiencymb.ca\/wp-content\/uploads\/all-about-heat-pumps-1219408987-scaled-e1631758197106.jpg 2400w, https:\/\/efficiencymb.ca\/wp-content\/uploads\/all-about-heat-pumps-1219408987-scaled-e1631758197106-479x269.jpg 479w, https:\/\/efficiencymb.ca\/wp-content\/uploads\/all-about-heat-pumps-1219408987-scaled-e1631758197106-1024x576.jpg 1024w, https:\/\/efficiencymb.ca\/wp-content\/uploads\/all-about-heat-pumps-1219408987-scaled-e1631758197106-768x432.jpg 768w, https:\/\/efficiencymb.ca\/wp-content\/uploads\/all-about-heat-pumps-1219408987-scaled-e1631758197106-1536x864.jpg 1536w, https:\/\/efficiencymb.ca\/wp-content\/uploads\/all-about-heat-pumps-1219408987-scaled-e1631758197106-2048x1152.jpg 2048w, https:\/\/efficiencymb.ca\/wp-content\/uploads\/all-about-heat-pumps-1219408987-scaled-e1631758197106-1920x1080.jpg 1920w\" sizes=\"auto, (max-width: 2400px) 100vw, 2400px\" \/><\/a>\n\t\t\t\t<\/div>\n\t\t\t\t<div class=\"featured-post-block-item-content\">\n\t\t\t\t\t<h3 class=\"wp-block-getwid-template-post-title\"><a href=\"https:\/\/efficiencymb.ca\/fr\/articles\/tout-savoir-sur-les-thermopompes-geothermiques\/\">Tout savoir sur les thermopompes g\u00e9othermiques<\/a><\/h3>\n\t\t\t\t\t<div class=\"featured-post-block-item-excerpt\">\n\t\t\t\t\t\tQue vous construisiez un nouveau b\u00e2timent ou que vous remplaciez un syst\u00e8me de chauffage et de refroidissement existant, envisagez l\u2019installation d\u2019une thermopompe g\u00e9othermique, l\u2019un des syst\u00e8mes de chauffage et de\u2026\t\t\t\t\t<\/div>\n\t\t\t\t\t<!-- <a class=\"featured-post-block-item-more\" href=\"\"><\/a> -->\n\t\t\t\t\t<a class=\"featured-post-block-item-more\" href=\"https:\/\/efficiencymb.ca\/fr\/articles\/tout-savoir-sur-les-thermopompes-geothermiques\/\" aria-label=\"Poursuivre la lecture... Tout savoir sur les thermopompes g\u00e9othermiques\">Poursuivre la lecture&#8230;<\/a>\n\t\t\t\t<\/div>\n\t\t\t<\/div>\n\t\t\t<\/div>\n<\/div>\n\n\n\n<figure class=\"wp-block-image size-full\"><img loading=\"lazy\" decoding=\"async\" width=\"2000\" height=\"400\" src=\"https:\/\/efficiencymb.ca\/wp-content\/uploads\/bg-bottom-only-blue-green@2x.png\" alt=\"\" class=\"wp-image-612\" srcset=\"https:\/\/efficiencymb.ca\/wp-content\/uploads\/bg-bottom-only-blue-green@2x.png 2000w, https:\/\/efficiencymb.ca\/wp-content\/uploads\/bg-bottom-only-blue-green@2x-479x96.png 479w, https:\/\/efficiencymb.ca\/wp-content\/uploads\/bg-bottom-only-blue-green@2x-1024x205.png 1024w, https:\/\/efficiencymb.ca\/wp-content\/uploads\/bg-bottom-only-blue-green@2x-768x154.png 768w, https:\/\/efficiencymb.ca\/wp-content\/uploads\/bg-bottom-only-blue-green@2x-1536x307.png 1536w\" sizes=\"auto, (max-width: 2000px) 100vw, 2000px\" \/><\/figure>\n","protected":false},"excerpt":{"rendered":"<p>DES SYST\u00c8MES DE CHAUFFAGE \u00c9CO\u00c9NERG\u00c9TIQUES POUR LES COMMUNAUT\u00c9S DES PREMI\u00c8RES NATIONS Le syst\u00e8me de chauffage, qui est la plus importante source de consommation d\u2019\u00e9lectricit\u00e9, peut entra\u00eener des d\u00e9penses repr\u00e9sentant pr\u00e8s de 60 % de votre facture d\u2019\u00e9nergie. L\u2019utilisation de syst\u00e8mes de chauffage efficients, comme les thermopompes, peut r\u00e9duire la consommation d\u2019\u00e9nergie de votre communaut\u00e9 etcontinue-reading<\/p>\n","protected":false},"author":10,"featured_media":69355,"parent":13105,"menu_order":0,"comment_status":"closed","ping_status":"closed","template":"","meta":{"_acf_changed":false,"footnotes":""},"class_list":["post-69357","page","type-page","status-publish","has-post-thumbnail","hentry","page_cat-programs"],"acf":[],"yoast_head":"<!-- This site is optimized with the Yoast SEO plugin v27.5 - https:\/\/yoast.com\/product\/yoast-seo-wordpress\/ -->\n<title>PROGRAMME DE THERMOPOMPES POUR LES COMMUNAUT\u00c9S &#8212; Efficiency Manitoba<\/title>\n<meta name=\"description\" content=\"L\u2019utilisation de syst\u00e8mes de chauffage efficients, comme les thermopompes, peut r\u00e9duire la consommation d\u2019\u00e9nergie de votre communaut\u00e9 et permettre \u00e0 celle-ci de diminuer ses d\u00e9penses. En proc\u00e9dant \u00e0 une mise \u00e0 niveau, vous pourriez obtenir une remise, r\u00e9aliser des \u00e9conomies d\u2019\u00e9nergie et am\u00e9liorer le confort de votre r\u00e9sidence.\u00a0\" \/>\n<meta name=\"robots\" content=\"index, follow, max-snippet:-1, max-image-preview:large, max-video-preview:-1\" \/>\n<link rel=\"canonical\" href=\"https:\/\/efficiencymb.ca\/fr\/communaute\/programme-de-thermopompes-pour-les-communautes\/\" \/>\n<meta property=\"og:locale\" content=\"fr_FR\" \/>\n<meta property=\"og:type\" content=\"article\" \/>\n<meta property=\"og:title\" content=\"PROGRAMME DE THERMOPOMPES POUR LES COMMUNAUT\u00c9S &#8212; Efficiency Manitoba\" \/>\n<meta property=\"og:description\" content=\"L\u2019utilisation de syst\u00e8mes de chauffage efficients, comme les thermopompes, peut r\u00e9duire la consommation d\u2019\u00e9nergie de votre communaut\u00e9 et permettre \u00e0 celle-ci de diminuer ses d\u00e9penses. En proc\u00e9dant \u00e0 une mise \u00e0 niveau, vous pourriez obtenir une remise, r\u00e9aliser des \u00e9conomies d\u2019\u00e9nergie et am\u00e9liorer le confort de votre r\u00e9sidence.\u00a0\" \/>\n<meta property=\"og:url\" content=\"https:\/\/efficiencymb.ca\/fr\/communaute\/programme-de-thermopompes-pour-les-communautes\/\" \/>\n<meta property=\"og:site_name\" content=\"Efficiency Manitoba\" \/>\n<meta property=\"article:modified_time\" content=\"2025-07-28T19:00:20+00:00\" \/>\n<meta property=\"og:image\" content=\"https:\/\/efficiencymb.ca\/wp-content\/uploads\/landscape-at-sunset-pinetrees-community-ground-source-heat-pump-GettyImages-1953455342-scaled-e1745252918614.jpg\" \/>\n\t<meta property=\"og:image:width\" content=\"2400\" \/>\n\t<meta property=\"og:image:height\" content=\"1350\" \/>\n\t<meta property=\"og:image:type\" content=\"image\/jpeg\" \/>\n<meta name=\"twitter:card\" content=\"summary_large_image\" \/>\n<meta name=\"twitter:label1\" content=\"Dur\u00e9e de lecture estim\u00e9e\" \/>\n\t<meta name=\"twitter:data1\" content=\"3 minutes\" \/>\n<script type=\"application\/ld+json\" class=\"yoast-schema-graph\">{\"@context\":\"https:\\\/\\\/schema.org\",\"@graph\":[{\"@type\":\"WebPage\",\"@id\":\"https:\\\/\\\/efficiencymb.ca\\\/fr\\\/communaute\\\/programme-de-thermopompes-pour-les-communautes\\\/\",\"url\":\"https:\\\/\\\/efficiencymb.ca\\\/fr\\\/communaute\\\/programme-de-thermopompes-pour-les-communautes\\\/\",\"name\":\"PROGRAMME DE THERMOPOMPES POUR LES COMMUNAUT\u00c9S &#8212; Efficiency Manitoba\",\"isPartOf\":{\"@id\":\"https:\\\/\\\/efficiencymb.ca\\\/#website\"},\"primaryImageOfPage\":{\"@id\":\"https:\\\/\\\/efficiencymb.ca\\\/fr\\\/communaute\\\/programme-de-thermopompes-pour-les-communautes\\\/#primaryimage\"},\"image\":{\"@id\":\"https:\\\/\\\/efficiencymb.ca\\\/fr\\\/communaute\\\/programme-de-thermopompes-pour-les-communautes\\\/#primaryimage\"},\"thumbnailUrl\":\"https:\\\/\\\/efficiencymb.ca\\\/wp-content\\\/uploads\\\/landscape-at-sunset-pinetrees-community-ground-source-heat-pump-GettyImages-1953455342-scaled-e1745252918614.jpg\",\"datePublished\":\"2025-01-15T17:49:55+00:00\",\"dateModified\":\"2025-07-28T19:00:20+00:00\",\"description\":\"L\u2019utilisation de syst\u00e8mes de chauffage efficients, comme les thermopompes, peut r\u00e9duire la consommation d\u2019\u00e9nergie de votre communaut\u00e9 et permettre \u00e0 celle-ci de diminuer ses d\u00e9penses. En proc\u00e9dant \u00e0 une mise \u00e0 niveau, vous pourriez obtenir une remise, r\u00e9aliser des \u00e9conomies d\u2019\u00e9nergie et am\u00e9liorer le confort de votre r\u00e9sidence.\u00a0\",\"breadcrumb\":{\"@id\":\"https:\\\/\\\/efficiencymb.ca\\\/fr\\\/communaute\\\/programme-de-thermopompes-pour-les-communautes\\\/#breadcrumb\"},\"inLanguage\":\"fr-FR\",\"potentialAction\":[{\"@type\":\"ReadAction\",\"target\":[\"https:\\\/\\\/efficiencymb.ca\\\/fr\\\/communaute\\\/programme-de-thermopompes-pour-les-communautes\\\/\"]}]},{\"@type\":\"ImageObject\",\"inLanguage\":\"fr-FR\",\"@id\":\"https:\\\/\\\/efficiencymb.ca\\\/fr\\\/communaute\\\/programme-de-thermopompes-pour-les-communautes\\\/#primaryimage\",\"url\":\"https:\\\/\\\/efficiencymb.ca\\\/wp-content\\\/uploads\\\/landscape-at-sunset-pinetrees-community-ground-source-heat-pump-GettyImages-1953455342-scaled-e1745252918614.jpg\",\"contentUrl\":\"https:\\\/\\\/efficiencymb.ca\\\/wp-content\\\/uploads\\\/landscape-at-sunset-pinetrees-community-ground-source-heat-pump-GettyImages-1953455342-scaled-e1745252918614.jpg\",\"width\":2400,\"height\":1350},{\"@type\":\"BreadcrumbList\",\"@id\":\"https:\\\/\\\/efficiencymb.ca\\\/fr\\\/communaute\\\/programme-de-thermopompes-pour-les-communautes\\\/#breadcrumb\",\"itemListElement\":[{\"@type\":\"ListItem\",\"position\":1,\"name\":\"Home\",\"item\":\"https:\\\/\\\/efficiencymb.ca\\\/fr\\\/\"},{\"@type\":\"ListItem\",\"position\":2,\"name\":\"Ma Communaut\u00e9\",\"item\":\"https:\\\/\\\/efficiencymb.ca\\\/fr\\\/communaute\\\/\"},{\"@type\":\"ListItem\",\"position\":3,\"name\":\"PROGRAMME DE THERMOPOMPES POUR LES COMMUNAUT\u00c9S\"}]},{\"@type\":\"WebSite\",\"@id\":\"https:\\\/\\\/efficiencymb.ca\\\/#website\",\"url\":\"https:\\\/\\\/efficiencymb.ca\\\/\",\"name\":\"Efficiency Manitoba\",\"description\":\"\",\"publisher\":{\"@id\":\"https:\\\/\\\/efficiencymb.ca\\\/#organization\"},\"potentialAction\":[{\"@type\":\"SearchAction\",\"target\":{\"@type\":\"EntryPoint\",\"urlTemplate\":\"https:\\\/\\\/efficiencymb.ca\\\/?s={search_term_string}\"},\"query-input\":{\"@type\":\"PropertyValueSpecification\",\"valueRequired\":true,\"valueName\":\"search_term_string\"}}],\"inLanguage\":\"fr-FR\"},{\"@type\":\"Organization\",\"@id\":\"https:\\\/\\\/efficiencymb.ca\\\/#organization\",\"name\":\"Efficiency Manitoba\",\"url\":\"https:\\\/\\\/efficiencymb.ca\\\/\",\"logo\":{\"@type\":\"ImageObject\",\"inLanguage\":\"fr-FR\",\"@id\":\"https:\\\/\\\/efficiencymb.ca\\\/#\\\/schema\\\/logo\\\/image\\\/\",\"url\":\"https:\\\/\\\/efficiencymb.ca\\\/wp-content\\\/uploads\\\/em-logo-white-en.png\",\"contentUrl\":\"https:\\\/\\\/efficiencymb.ca\\\/wp-content\\\/uploads\\\/em-logo-white-en.png\",\"width\":388,\"height\":91,\"caption\":\"Efficiency Manitoba\"},\"image\":{\"@id\":\"https:\\\/\\\/efficiencymb.ca\\\/#\\\/schema\\\/logo\\\/image\\\/\"}}]}<\/script>\n<!-- \/ Yoast SEO plugin. -->","yoast_head_json":{"title":"PROGRAMME DE THERMOPOMPES POUR LES COMMUNAUT\u00c9S &#8212; Efficiency Manitoba","description":"L\u2019utilisation de syst\u00e8mes de chauffage efficients, comme les thermopompes, peut r\u00e9duire la consommation d\u2019\u00e9nergie de votre communaut\u00e9 et permettre \u00e0 celle-ci de diminuer ses d\u00e9penses. En proc\u00e9dant \u00e0 une mise \u00e0 niveau, vous pourriez obtenir une remise, r\u00e9aliser des \u00e9conomies d\u2019\u00e9nergie et am\u00e9liorer le confort de votre r\u00e9sidence.\u00a0","robots":{"index":"index","follow":"follow","max-snippet":"max-snippet:-1","max-image-preview":"max-image-preview:large","max-video-preview":"max-video-preview:-1"},"canonical":"https:\/\/efficiencymb.ca\/fr\/communaute\/programme-de-thermopompes-pour-les-communautes\/","og_locale":"fr_FR","og_type":"article","og_title":"PROGRAMME DE THERMOPOMPES POUR LES COMMUNAUT\u00c9S &#8212; Efficiency Manitoba","og_description":"L\u2019utilisation de syst\u00e8mes de chauffage efficients, comme les thermopompes, peut r\u00e9duire la consommation d\u2019\u00e9nergie de votre communaut\u00e9 et permettre \u00e0 celle-ci de diminuer ses d\u00e9penses. En proc\u00e9dant \u00e0 une mise \u00e0 niveau, vous pourriez obtenir une remise, r\u00e9aliser des \u00e9conomies d\u2019\u00e9nergie et am\u00e9liorer le confort de votre r\u00e9sidence.\u00a0","og_url":"https:\/\/efficiencymb.ca\/fr\/communaute\/programme-de-thermopompes-pour-les-communautes\/","og_site_name":"Efficiency Manitoba","article_modified_time":"2025-07-28T19:00:20+00:00","og_image":[{"width":2400,"height":1350,"url":"https:\/\/efficiencymb.ca\/wp-content\/uploads\/landscape-at-sunset-pinetrees-community-ground-source-heat-pump-GettyImages-1953455342-scaled-e1745252918614.jpg","type":"image\/jpeg"}],"twitter_card":"summary_large_image","twitter_misc":{"Dur\u00e9e de lecture estim\u00e9e":"3 minutes"},"schema":{"@context":"https:\/\/schema.org","@graph":[{"@type":"WebPage","@id":"https:\/\/efficiencymb.ca\/fr\/communaute\/programme-de-thermopompes-pour-les-communautes\/","url":"https:\/\/efficiencymb.ca\/fr\/communaute\/programme-de-thermopompes-pour-les-communautes\/","name":"PROGRAMME DE THERMOPOMPES POUR LES COMMUNAUT\u00c9S &#8212; Efficiency Manitoba","isPartOf":{"@id":"https:\/\/efficiencymb.ca\/#website"},"primaryImageOfPage":{"@id":"https:\/\/efficiencymb.ca\/fr\/communaute\/programme-de-thermopompes-pour-les-communautes\/#primaryimage"},"image":{"@id":"https:\/\/efficiencymb.ca\/fr\/communaute\/programme-de-thermopompes-pour-les-communautes\/#primaryimage"},"thumbnailUrl":"https:\/\/efficiencymb.ca\/wp-content\/uploads\/landscape-at-sunset-pinetrees-community-ground-source-heat-pump-GettyImages-1953455342-scaled-e1745252918614.jpg","datePublished":"2025-01-15T17:49:55+00:00","dateModified":"2025-07-28T19:00:20+00:00","description":"L\u2019utilisation de syst\u00e8mes de chauffage efficients, comme les thermopompes, peut r\u00e9duire la consommation d\u2019\u00e9nergie de votre communaut\u00e9 et permettre \u00e0 celle-ci de diminuer ses d\u00e9penses. En proc\u00e9dant \u00e0 une mise \u00e0 niveau, vous pourriez obtenir une remise, r\u00e9aliser des \u00e9conomies d\u2019\u00e9nergie et am\u00e9liorer le confort de votre r\u00e9sidence.\u00a0","breadcrumb":{"@id":"https:\/\/efficiencymb.ca\/fr\/communaute\/programme-de-thermopompes-pour-les-communautes\/#breadcrumb"},"inLanguage":"fr-FR","potentialAction":[{"@type":"ReadAction","target":["https:\/\/efficiencymb.ca\/fr\/communaute\/programme-de-thermopompes-pour-les-communautes\/"]}]},{"@type":"ImageObject","inLanguage":"fr-FR","@id":"https:\/\/efficiencymb.ca\/fr\/communaute\/programme-de-thermopompes-pour-les-communautes\/#primaryimage","url":"https:\/\/efficiencymb.ca\/wp-content\/uploads\/landscape-at-sunset-pinetrees-community-ground-source-heat-pump-GettyImages-1953455342-scaled-e1745252918614.jpg","contentUrl":"https:\/\/efficiencymb.ca\/wp-content\/uploads\/landscape-at-sunset-pinetrees-community-ground-source-heat-pump-GettyImages-1953455342-scaled-e1745252918614.jpg","width":2400,"height":1350},{"@type":"BreadcrumbList","@id":"https:\/\/efficiencymb.ca\/fr\/communaute\/programme-de-thermopompes-pour-les-communautes\/#breadcrumb","itemListElement":[{"@type":"ListItem","position":1,"name":"Home","item":"https:\/\/efficiencymb.ca\/fr\/"},{"@type":"ListItem","position":2,"name":"Ma Communaut\u00e9","item":"https:\/\/efficiencymb.ca\/fr\/communaute\/"},{"@type":"ListItem","position":3,"name":"PROGRAMME DE THERMOPOMPES POUR LES COMMUNAUT\u00c9S"}]},{"@type":"WebSite","@id":"https:\/\/efficiencymb.ca\/#website","url":"https:\/\/efficiencymb.ca\/","name":"Efficiency Manitoba","description":"","publisher":{"@id":"https:\/\/efficiencymb.ca\/#organization"},"potentialAction":[{"@type":"SearchAction","target":{"@type":"EntryPoint","urlTemplate":"https:\/\/efficiencymb.ca\/?s={search_term_string}"},"query-input":{"@type":"PropertyValueSpecification","valueRequired":true,"valueName":"search_term_string"}}],"inLanguage":"fr-FR"},{"@type":"Organization","@id":"https:\/\/efficiencymb.ca\/#organization","name":"Efficiency Manitoba","url":"https:\/\/efficiencymb.ca\/","logo":{"@type":"ImageObject","inLanguage":"fr-FR","@id":"https:\/\/efficiencymb.ca\/#\/schema\/logo\/image\/","url":"https:\/\/efficiencymb.ca\/wp-content\/uploads\/em-logo-white-en.png","contentUrl":"https:\/\/efficiencymb.ca\/wp-content\/uploads\/em-logo-white-en.png","width":388,"height":91,"caption":"Efficiency Manitoba"},"image":{"@id":"https:\/\/efficiencymb.ca\/#\/schema\/logo\/image\/"}}]}},"_links":{"self":[{"href":"https:\/\/efficiencymb.ca\/fr\/wp-json\/wp\/v2\/pages\/69357","targetHints":{"allow":["GET"]}}],"collection":[{"href":"https:\/\/efficiencymb.ca\/fr\/wp-json\/wp\/v2\/pages"}],"about":[{"href":"https:\/\/efficiencymb.ca\/fr\/wp-json\/wp\/v2\/types\/page"}],"author":[{"embeddable":true,"href":"https:\/\/efficiencymb.ca\/fr\/wp-json\/wp\/v2\/users\/10"}],"replies":[{"embeddable":true,"href":"https:\/\/efficiencymb.ca\/fr\/wp-json\/wp\/v2\/comments?post=69357"}],"version-history":[{"count":10,"href":"https:\/\/efficiencymb.ca\/fr\/wp-json\/wp\/v2\/pages\/69357\/revisions"}],"predecessor-version":[{"id":79272,"href":"https:\/\/efficiencymb.ca\/fr\/wp-json\/wp\/v2\/pages\/69357\/revisions\/79272"}],"up":[{"embeddable":true,"href":"https:\/\/efficiencymb.ca\/fr\/wp-json\/wp\/v2\/pages\/13105"}],"wp:featuredmedia":[{"embeddable":true,"href":"https:\/\/efficiencymb.ca\/fr\/wp-json\/wp\/v2\/media\/69355"}],"wp:attachment":[{"href":"https:\/\/efficiencymb.ca\/fr\/wp-json\/wp\/v2\/media?parent=69357"}],"curies":[{"name":"wp","href":"https:\/\/api.w.org\/{rel}","templated":true}]}}