{"id":65872,"date":"2024-08-01T14:13:00","date_gmt":"2024-08-01T19:13:00","guid":{"rendered":"https:\/\/efficiencymb.ca\/?page_id=65872"},"modified":"2025-04-25T09:15:48","modified_gmt":"2025-04-25T14:15:48","slug":"foire-aux-questions-sur-remise-pour-lisolation-des-maisons","status":"publish","type":"page","link":"https:\/\/efficiencymb.ca\/fr\/ma-maison\/remise-pour-lisolation-des-maisons\/foire-aux-questions-sur-remise-pour-lisolation-des-maisons\/","title":{"rendered":"Foire aux questions sur REMISE POUR L\u2019ISOLATION DES MAISONS"},"content":{"rendered":"\n<div class=\"wp-block-group is-style-content-columns\"><div class=\"wp-block-group__inner-container is-layout-flow wp-block-group-is-layout-flow\">\n<h1 class=\"wp-block-heading has-text-align-center is-style-hero-heading\">Foire aux questions<\/h1>\n\n\n\n<h2 class=\"wp-block-heading has-text-align-center is-style-hero-heading-grey\">REMISE POUR L\u2019ISOLATION DES MAISONS<\/h2>\n\n\n\n<h4 class=\"wp-block-heading\"><strong>QU\u2019EST-CE QUE LA PRIME DE FOURNISSEUR?<\/strong>&nbsp;<\/h4>\n\n\n\n<p>Nous versons aux fournisseurs inscrits une prime de 100 $ pour chaque demande admissible de remise pour l\u2019isolation des maisons soumise au nom d\u2019un client avant le 31 mars 2026. Une seule prime de fournisseur est admissible par adresse de projet.&nbsp;<\/p>\n\n\n\n<h4 class=\"wp-block-heading\">\u00c0 QUI SERA ENVOY\u00c9E LA PRIME DE FOURNISSEUR?&nbsp;<\/h4>\n\n\n\n<p>La prime vers\u00e9e au fournisseur sera envoy\u00e9e \u00e0 la personne (et non \u00e0 l\u2019entreprise) ayant soumis la demande (\u00e0 moins d\u2019une demande pr\u00e9sent\u00e9e par \u00e9crit).&nbsp;<\/p>\n\n\n\n<h4 class=\"wp-block-heading\">VAIS-JE OBTENIR LA PRIME DE FOURNISSEUR M\u00caME SI J\u2019AI D\u00c9J\u00c0 ENVOY\u00c9 UNE DEMANDE QUI A \u00c9T\u00c9 APPROUV\u00c9E?&nbsp;<\/h4>\n\n\n\n<p>Oui! Les projets achev\u00e9s \u00e0 la date du d\u00e9but de la p\u00e9riode de remise (1 ao\u00fbt 2024) ou par la suite seront admissibles \u00e0 la prime vers\u00e9e au fournisseur. Nous communiquerons avec la personne concern\u00e9e afin d\u2019obtenir les renseignements d\u00e9taill\u00e9s pour le paiement avant le traitement de la remise. Malheureusement, nous ne pouvons verser la prime aux fournisseurs si la remise a \u00e9t\u00e9 trait\u00e9e avant le d\u00e9but de la p\u00e9riode de la prime.\u00a0\u00a0\u00a0\u00a0<\/p>\n\n\n\n<h4 class=\"wp-block-heading\">PUIS-JE RECEVOIR PLUSIEURS PRIMES DE FOURNISSEUR?&nbsp;<\/h4>\n\n\n\n<p>Oui! Cependant, pour une m\u00eame adresse de projet, une seule prime sera vers\u00e9e au fournisseur. Si plusieurs demandes sont soumises pour la m\u00eame adresse, nous examinerons votre admissibilit\u00e9 \u00e0 la prime.&nbsp;<\/p>\n\n\n\n<h4 class=\"wp-block-heading\">ET SI JE NE SUIS PAS UN FOURNISSEUR INSCRIT?&nbsp;<\/h4>\n\n\n\n<p>Si vous n\u2019\u00eates pas un fournisseur inscrit aupr\u00e8s d\u2019Efficacit\u00e9 Manitoba, il n\u2019est pas trop tard! Envoyez un <a href=\"https:\/\/emsupplier.visiondsm.com\/programapplication\/?ft=84E936ACCB494288BBCFEEF70261391C\" target=\"_blank\" rel=\"noreferrer noopener\">formulaire d\u2019inscription de fournisseur<\/a> d\u00e8s aujourd\u2019hui.&nbsp;<\/p>\n<\/div><\/div>\n","protected":false},"excerpt":{"rendered":"<p>Foire aux questions REMISE POUR L\u2019ISOLATION DES MAISONS QU\u2019EST-CE QUE LA PRIME DE FOURNISSEUR?&nbsp; Nous versons aux fournisseurs inscrits une prime de 100 $ pour chaque demande admissible de remise pour l\u2019isolation des maisons soumise au nom d\u2019un client avant le 31 mars 2026. Une seule prime de fournisseur est admissible par adresse de projet.&nbsp;continue-reading<\/p>\n","protected":false},"author":10,"featured_media":21187,"parent":13124,"menu_order":0,"comment_status":"closed","ping_status":"closed","template":"","meta":{"_acf_changed":false,"footnotes":""},"class_list":["post-65872","page","type-page","status-publish","has-post-thumbnail","hentry","page_cat-programs"],"acf":[],"yoast_head":"<!-- This site is optimized with the Yoast SEO plugin v27.3 - https:\/\/yoast.com\/product\/yoast-seo-wordpress\/ -->\n<title>Foire aux questions sur REMISE POUR L\u2019ISOLATION DES MAISONS &#8212; Efficiency Manitoba<\/title>\n<meta name=\"description\" content=\"Foire aux questions sur de remise pour l\u2019isolation des maisons.\" \/>\n<meta name=\"robots\" content=\"index, follow, max-snippet:-1, max-image-preview:large, max-video-preview:-1\" \/>\n<link rel=\"canonical\" href=\"https:\/\/efficiencymb.ca\/fr\/ma-maison\/remise-pour-lisolation-des-maisons\/foire-aux-questions-sur-remise-pour-lisolation-des-maisons\/\" \/>\n<meta property=\"og:locale\" content=\"fr_FR\" \/>\n<meta property=\"og:type\" content=\"article\" \/>\n<meta property=\"og:title\" content=\"Foire aux questions sur REMISE POUR L\u2019ISOLATION DES MAISONS &#8212; Efficiency Manitoba\" \/>\n<meta property=\"og:description\" content=\"Foire aux questions sur de remise pour l\u2019isolation des maisons.\" \/>\n<meta property=\"og:url\" content=\"https:\/\/efficiencymb.ca\/fr\/ma-maison\/remise-pour-lisolation-des-maisons\/foire-aux-questions-sur-remise-pour-lisolation-des-maisons\/\" \/>\n<meta property=\"og:site_name\" content=\"Efficiency Manitoba\" \/>\n<meta property=\"article:modified_time\" content=\"2025-04-25T14:15:48+00:00\" \/>\n<meta property=\"og:image\" content=\"https:\/\/efficiencymb.ca\/wp-content\/uploads\/Gentleman-installing-insulation-1-scaled-e1689967502112.jpg\" \/>\n\t<meta property=\"og:image:width\" content=\"2250\" \/>\n\t<meta property=\"og:image:height\" content=\"1266\" \/>\n\t<meta property=\"og:image:type\" content=\"image\/jpeg\" \/>\n<meta name=\"twitter:card\" content=\"summary_large_image\" \/>\n<meta name=\"twitter:label1\" content=\"Dur\u00e9e de lecture estim\u00e9e\" \/>\n\t<meta name=\"twitter:data1\" content=\"2 minutes\" \/>\n<script type=\"application\/ld+json\" class=\"yoast-schema-graph\">{\"@context\":\"https:\\\/\\\/schema.org\",\"@graph\":[{\"@type\":\"WebPage\",\"@id\":\"https:\\\/\\\/efficiencymb.ca\\\/fr\\\/ma-maison\\\/remise-pour-lisolation-des-maisons\\\/foire-aux-questions-sur-remise-pour-lisolation-des-maisons\\\/\",\"url\":\"https:\\\/\\\/efficiencymb.ca\\\/fr\\\/ma-maison\\\/remise-pour-lisolation-des-maisons\\\/foire-aux-questions-sur-remise-pour-lisolation-des-maisons\\\/\",\"name\":\"Foire aux questions sur REMISE POUR L\u2019ISOLATION DES MAISONS &#8212; Efficiency Manitoba\",\"isPartOf\":{\"@id\":\"https:\\\/\\\/efficiencymb.ca\\\/#website\"},\"primaryImageOfPage\":{\"@id\":\"https:\\\/\\\/efficiencymb.ca\\\/fr\\\/ma-maison\\\/remise-pour-lisolation-des-maisons\\\/foire-aux-questions-sur-remise-pour-lisolation-des-maisons\\\/#primaryimage\"},\"image\":{\"@id\":\"https:\\\/\\\/efficiencymb.ca\\\/fr\\\/ma-maison\\\/remise-pour-lisolation-des-maisons\\\/foire-aux-questions-sur-remise-pour-lisolation-des-maisons\\\/#primaryimage\"},\"thumbnailUrl\":\"https:\\\/\\\/efficiencymb.ca\\\/wp-content\\\/uploads\\\/Gentleman-installing-insulation-1-scaled-e1689967502112.jpg\",\"datePublished\":\"2024-08-01T19:13:00+00:00\",\"dateModified\":\"2025-04-25T14:15:48+00:00\",\"description\":\"Foire aux questions sur de remise pour l\u2019isolation des maisons.\",\"breadcrumb\":{\"@id\":\"https:\\\/\\\/efficiencymb.ca\\\/fr\\\/ma-maison\\\/remise-pour-lisolation-des-maisons\\\/foire-aux-questions-sur-remise-pour-lisolation-des-maisons\\\/#breadcrumb\"},\"inLanguage\":\"fr-FR\",\"potentialAction\":[{\"@type\":\"ReadAction\",\"target\":[\"https:\\\/\\\/efficiencymb.ca\\\/fr\\\/ma-maison\\\/remise-pour-lisolation-des-maisons\\\/foire-aux-questions-sur-remise-pour-lisolation-des-maisons\\\/\"]}]},{\"@type\":\"ImageObject\",\"inLanguage\":\"fr-FR\",\"@id\":\"https:\\\/\\\/efficiencymb.ca\\\/fr\\\/ma-maison\\\/remise-pour-lisolation-des-maisons\\\/foire-aux-questions-sur-remise-pour-lisolation-des-maisons\\\/#primaryimage\",\"url\":\"https:\\\/\\\/efficiencymb.ca\\\/wp-content\\\/uploads\\\/Gentleman-installing-insulation-1-scaled-e1689967502112.jpg\",\"contentUrl\":\"https:\\\/\\\/efficiencymb.ca\\\/wp-content\\\/uploads\\\/Gentleman-installing-insulation-1-scaled-e1689967502112.jpg\",\"width\":2250,\"height\":1266,\"caption\":\"Man installing fiberglass insulation in the wall.Please also see:\"},{\"@type\":\"BreadcrumbList\",\"@id\":\"https:\\\/\\\/efficiencymb.ca\\\/fr\\\/ma-maison\\\/remise-pour-lisolation-des-maisons\\\/foire-aux-questions-sur-remise-pour-lisolation-des-maisons\\\/#breadcrumb\",\"itemListElement\":[{\"@type\":\"ListItem\",\"position\":1,\"name\":\"Home\",\"item\":\"https:\\\/\\\/efficiencymb.ca\\\/fr\\\/\"},{\"@type\":\"ListItem\",\"position\":2,\"name\":\"Ma Maison\",\"item\":\"https:\\\/\\\/efficiencymb.ca\\\/fr\\\/ma-maison\\\/\"},{\"@type\":\"ListItem\",\"position\":3,\"name\":\"Remise pour l\u2019isolation des maisons\",\"item\":\"https:\\\/\\\/efficiencymb.ca\\\/fr\\\/ma-maison\\\/remise-pour-lisolation-des-maisons\\\/\"},{\"@type\":\"ListItem\",\"position\":4,\"name\":\"Foire aux questions sur REMISE POUR L\u2019ISOLATION DES MAISONS\"}]},{\"@type\":\"WebSite\",\"@id\":\"https:\\\/\\\/efficiencymb.ca\\\/#website\",\"url\":\"https:\\\/\\\/efficiencymb.ca\\\/\",\"name\":\"Efficiency Manitoba\",\"description\":\"\",\"publisher\":{\"@id\":\"https:\\\/\\\/efficiencymb.ca\\\/#organization\"},\"potentialAction\":[{\"@type\":\"SearchAction\",\"target\":{\"@type\":\"EntryPoint\",\"urlTemplate\":\"https:\\\/\\\/efficiencymb.ca\\\/?s={search_term_string}\"},\"query-input\":{\"@type\":\"PropertyValueSpecification\",\"valueRequired\":true,\"valueName\":\"search_term_string\"}}],\"inLanguage\":\"fr-FR\"},{\"@type\":\"Organization\",\"@id\":\"https:\\\/\\\/efficiencymb.ca\\\/#organization\",\"name\":\"Efficiency Manitoba\",\"url\":\"https:\\\/\\\/efficiencymb.ca\\\/\",\"logo\":{\"@type\":\"ImageObject\",\"inLanguage\":\"fr-FR\",\"@id\":\"https:\\\/\\\/efficiencymb.ca\\\/#\\\/schema\\\/logo\\\/image\\\/\",\"url\":\"https:\\\/\\\/efficiencymb.ca\\\/wp-content\\\/uploads\\\/em-logo-white-en.png\",\"contentUrl\":\"https:\\\/\\\/efficiencymb.ca\\\/wp-content\\\/uploads\\\/em-logo-white-en.png\",\"width\":388,\"height\":91,\"caption\":\"Efficiency Manitoba\"},\"image\":{\"@id\":\"https:\\\/\\\/efficiencymb.ca\\\/#\\\/schema\\\/logo\\\/image\\\/\"}}]}<\/script>\n<!-- \/ Yoast SEO plugin. -->","yoast_head_json":{"title":"Foire aux questions sur REMISE POUR L\u2019ISOLATION DES MAISONS &#8212; Efficiency Manitoba","description":"Foire aux questions sur de remise pour l\u2019isolation des maisons.","robots":{"index":"index","follow":"follow","max-snippet":"max-snippet:-1","max-image-preview":"max-image-preview:large","max-video-preview":"max-video-preview:-1"},"canonical":"https:\/\/efficiencymb.ca\/fr\/ma-maison\/remise-pour-lisolation-des-maisons\/foire-aux-questions-sur-remise-pour-lisolation-des-maisons\/","og_locale":"fr_FR","og_type":"article","og_title":"Foire aux questions sur REMISE POUR L\u2019ISOLATION DES MAISONS &#8212; Efficiency Manitoba","og_description":"Foire aux questions sur de remise pour l\u2019isolation des maisons.","og_url":"https:\/\/efficiencymb.ca\/fr\/ma-maison\/remise-pour-lisolation-des-maisons\/foire-aux-questions-sur-remise-pour-lisolation-des-maisons\/","og_site_name":"Efficiency Manitoba","article_modified_time":"2025-04-25T14:15:48+00:00","og_image":[{"width":2250,"height":1266,"url":"https:\/\/efficiencymb.ca\/wp-content\/uploads\/Gentleman-installing-insulation-1-scaled-e1689967502112.jpg","type":"image\/jpeg"}],"twitter_card":"summary_large_image","twitter_misc":{"Dur\u00e9e de lecture estim\u00e9e":"2 minutes"},"schema":{"@context":"https:\/\/schema.org","@graph":[{"@type":"WebPage","@id":"https:\/\/efficiencymb.ca\/fr\/ma-maison\/remise-pour-lisolation-des-maisons\/foire-aux-questions-sur-remise-pour-lisolation-des-maisons\/","url":"https:\/\/efficiencymb.ca\/fr\/ma-maison\/remise-pour-lisolation-des-maisons\/foire-aux-questions-sur-remise-pour-lisolation-des-maisons\/","name":"Foire aux questions sur REMISE POUR L\u2019ISOLATION DES MAISONS &#8212; Efficiency Manitoba","isPartOf":{"@id":"https:\/\/efficiencymb.ca\/#website"},"primaryImageOfPage":{"@id":"https:\/\/efficiencymb.ca\/fr\/ma-maison\/remise-pour-lisolation-des-maisons\/foire-aux-questions-sur-remise-pour-lisolation-des-maisons\/#primaryimage"},"image":{"@id":"https:\/\/efficiencymb.ca\/fr\/ma-maison\/remise-pour-lisolation-des-maisons\/foire-aux-questions-sur-remise-pour-lisolation-des-maisons\/#primaryimage"},"thumbnailUrl":"https:\/\/efficiencymb.ca\/wp-content\/uploads\/Gentleman-installing-insulation-1-scaled-e1689967502112.jpg","datePublished":"2024-08-01T19:13:00+00:00","dateModified":"2025-04-25T14:15:48+00:00","description":"Foire aux questions sur de remise pour l\u2019isolation des maisons.","breadcrumb":{"@id":"https:\/\/efficiencymb.ca\/fr\/ma-maison\/remise-pour-lisolation-des-maisons\/foire-aux-questions-sur-remise-pour-lisolation-des-maisons\/#breadcrumb"},"inLanguage":"fr-FR","potentialAction":[{"@type":"ReadAction","target":["https:\/\/efficiencymb.ca\/fr\/ma-maison\/remise-pour-lisolation-des-maisons\/foire-aux-questions-sur-remise-pour-lisolation-des-maisons\/"]}]},{"@type":"ImageObject","inLanguage":"fr-FR","@id":"https:\/\/efficiencymb.ca\/fr\/ma-maison\/remise-pour-lisolation-des-maisons\/foire-aux-questions-sur-remise-pour-lisolation-des-maisons\/#primaryimage","url":"https:\/\/efficiencymb.ca\/wp-content\/uploads\/Gentleman-installing-insulation-1-scaled-e1689967502112.jpg","contentUrl":"https:\/\/efficiencymb.ca\/wp-content\/uploads\/Gentleman-installing-insulation-1-scaled-e1689967502112.jpg","width":2250,"height":1266,"caption":"Man installing fiberglass insulation in the wall.Please also see:"},{"@type":"BreadcrumbList","@id":"https:\/\/efficiencymb.ca\/fr\/ma-maison\/remise-pour-lisolation-des-maisons\/foire-aux-questions-sur-remise-pour-lisolation-des-maisons\/#breadcrumb","itemListElement":[{"@type":"ListItem","position":1,"name":"Home","item":"https:\/\/efficiencymb.ca\/fr\/"},{"@type":"ListItem","position":2,"name":"Ma Maison","item":"https:\/\/efficiencymb.ca\/fr\/ma-maison\/"},{"@type":"ListItem","position":3,"name":"Remise pour l\u2019isolation des maisons","item":"https:\/\/efficiencymb.ca\/fr\/ma-maison\/remise-pour-lisolation-des-maisons\/"},{"@type":"ListItem","position":4,"name":"Foire aux questions sur REMISE POUR L\u2019ISOLATION DES MAISONS"}]},{"@type":"WebSite","@id":"https:\/\/efficiencymb.ca\/#website","url":"https:\/\/efficiencymb.ca\/","name":"Efficiency Manitoba","description":"","publisher":{"@id":"https:\/\/efficiencymb.ca\/#organization"},"potentialAction":[{"@type":"SearchAction","target":{"@type":"EntryPoint","urlTemplate":"https:\/\/efficiencymb.ca\/?s={search_term_string}"},"query-input":{"@type":"PropertyValueSpecification","valueRequired":true,"valueName":"search_term_string"}}],"inLanguage":"fr-FR"},{"@type":"Organization","@id":"https:\/\/efficiencymb.ca\/#organization","name":"Efficiency Manitoba","url":"https:\/\/efficiencymb.ca\/","logo":{"@type":"ImageObject","inLanguage":"fr-FR","@id":"https:\/\/efficiencymb.ca\/#\/schema\/logo\/image\/","url":"https:\/\/efficiencymb.ca\/wp-content\/uploads\/em-logo-white-en.png","contentUrl":"https:\/\/efficiencymb.ca\/wp-content\/uploads\/em-logo-white-en.png","width":388,"height":91,"caption":"Efficiency Manitoba"},"image":{"@id":"https:\/\/efficiencymb.ca\/#\/schema\/logo\/image\/"}}]}},"_links":{"self":[{"href":"https:\/\/efficiencymb.ca\/fr\/wp-json\/wp\/v2\/pages\/65872","targetHints":{"allow":["GET"]}}],"collection":[{"href":"https:\/\/efficiencymb.ca\/fr\/wp-json\/wp\/v2\/pages"}],"about":[{"href":"https:\/\/efficiencymb.ca\/fr\/wp-json\/wp\/v2\/types\/page"}],"author":[{"embeddable":true,"href":"https:\/\/efficiencymb.ca\/fr\/wp-json\/wp\/v2\/users\/10"}],"replies":[{"embeddable":true,"href":"https:\/\/efficiencymb.ca\/fr\/wp-json\/wp\/v2\/comments?post=65872"}],"version-history":[{"count":7,"href":"https:\/\/efficiencymb.ca\/fr\/wp-json\/wp\/v2\/pages\/65872\/revisions"}],"predecessor-version":[{"id":75901,"href":"https:\/\/efficiencymb.ca\/fr\/wp-json\/wp\/v2\/pages\/65872\/revisions\/75901"}],"up":[{"embeddable":true,"href":"https:\/\/efficiencymb.ca\/fr\/wp-json\/wp\/v2\/pages\/13124"}],"wp:featuredmedia":[{"embeddable":true,"href":"https:\/\/efficiencymb.ca\/fr\/wp-json\/wp\/v2\/media\/21187"}],"wp:attachment":[{"href":"https:\/\/efficiencymb.ca\/fr\/wp-json\/wp\/v2\/media?parent=65872"}],"curies":[{"name":"wp","href":"https:\/\/api.w.org\/{rel}","templated":true}]}}