{"id":56806,"date":"2023-10-22T10:32:31","date_gmt":"2023-10-22T15:32:31","guid":{"rendered":"https:\/\/efficiencymb.ca\/?page_id=56806"},"modified":"2024-09-12T21:10:17","modified_gmt":"2024-09-13T02:10:17","slug":"sbwcontest-thankyou","status":"publish","type":"page","link":"https:\/\/efficiencymb.ca\/fr\/sbwcontest-thankyou\/","title":{"rendered":"MERCI D\u2019AVOIR PARTICIP\u00c9 \u00c0 NOTRE CONCOURS DE LA SEMAINE DE LA PME!"},"content":{"rendered":"\n<h1 class=\"wp-block-heading has-text-align-center is-style-hero-heading\">MERCI D\u2019AVOIR PARTICIP\u00c9 \u00c0 NOTRE CONCOURS DE LA SEMAINE DE LA PME!<\/h1>\n\n\n\n<div class=\"wp-block-group is-style-content-wide\"><div class=\"wp-block-group__inner-container is-layout-flow wp-block-group-is-layout-flow\">\n<p class=\"has-text-align-center has-medium-font-size\">Nous avons re\u00e7u votre participation au concours de la Semaine de la PME. Les gagnants seront contact\u00e9s par courriel avant le 24&nbsp;novembre&nbsp;2023 \u00e0 midi.&nbsp;<\/p>\n<\/div><\/div>\n\n\n\n<figure class=\"wp-block-image size-full\"><img loading=\"lazy\" decoding=\"async\" width=\"2000\" height=\"400\" src=\"https:\/\/efficiencymb.ca\/wp-content\/uploads\/bg-bottom-only-blue-green@2x.png\" alt=\"\" class=\"wp-image-612\" srcset=\"https:\/\/efficiencymb.ca\/wp-content\/uploads\/bg-bottom-only-blue-green@2x.png 2000w, https:\/\/efficiencymb.ca\/wp-content\/uploads\/bg-bottom-only-blue-green@2x-479x96.png 479w, https:\/\/efficiencymb.ca\/wp-content\/uploads\/bg-bottom-only-blue-green@2x-1024x205.png 1024w, https:\/\/efficiencymb.ca\/wp-content\/uploads\/bg-bottom-only-blue-green@2x-768x154.png 768w, https:\/\/efficiencymb.ca\/wp-content\/uploads\/bg-bottom-only-blue-green@2x-1536x307.png 1536w\" sizes=\"auto, (max-width: 2000px) 100vw, 2000px\" \/><\/figure>\n","protected":false},"excerpt":{"rendered":"<p>MERCI D\u2019AVOIR PARTICIP\u00c9 \u00c0 NOTRE CONCOURS DE LA SEMAINE DE LA PME! Nous avons re\u00e7u votre participation au concours de la Semaine de la PME. Les gagnants seront contact\u00e9s par courriel avant le 24&nbsp;novembre&nbsp;2023 \u00e0 midi.&nbsp;<\/p>\n","protected":false},"author":10,"featured_media":28124,"parent":0,"menu_order":0,"comment_status":"closed","ping_status":"closed","template":"","meta":{"_acf_changed":false,"footnotes":""},"class_list":["post-56806","page","type-page","status-publish","has-post-thumbnail","hentry","page_cat-programs"],"acf":[],"yoast_head":"<!-- This site is optimized with the Yoast SEO plugin v27.3 - https:\/\/yoast.com\/product\/yoast-seo-wordpress\/ -->\n<title>MERCI D\u2019AVOIR PARTICIP\u00c9 \u00c0 NOTRE CONCOURS DE LA SEMAINE DE LA PME! &#8212; Efficiency Manitoba<\/title>\n<meta name=\"description\" content=\"Nous avons re\u00e7u votre participation au concours de la Semaine de la PME. Les gagnants seront contact\u00e9s par courriel avant le 24 novembre 2023 \u00e0 midi.\" \/>\n<meta name=\"robots\" content=\"index, follow, max-snippet:-1, max-image-preview:large, max-video-preview:-1\" \/>\n<link rel=\"canonical\" href=\"https:\/\/efficiencymb.ca\/fr\/sbwcontest-thankyou\/\" \/>\n<meta property=\"og:locale\" content=\"fr_FR\" \/>\n<meta property=\"og:type\" content=\"article\" \/>\n<meta property=\"og:title\" content=\"MERCI D\u2019AVOIR PARTICIP\u00c9 \u00c0 NOTRE CONCOURS DE LA SEMAINE DE LA PME! &#8212; Efficiency Manitoba\" \/>\n<meta property=\"og:description\" content=\"Nous avons re\u00e7u votre participation au concours de la Semaine de la PME. Les gagnants seront contact\u00e9s par courriel avant le 24 novembre 2023 \u00e0 midi.\" \/>\n<meta property=\"og:url\" content=\"https:\/\/efficiencymb.ca\/fr\/sbwcontest-thankyou\/\" \/>\n<meta property=\"og:site_name\" content=\"Efficiency Manitoba\" \/>\n<meta property=\"article:modified_time\" content=\"2024-09-13T02:10:17+00:00\" \/>\n<meta property=\"og:image\" content=\"https:\/\/efficiencymb.ca\/wp-content\/uploads\/small-business-program-banner-salewoman-helping-customer-GettyImages-513602205-scaled-e1682707657886.jpg\" \/>\n\t<meta property=\"og:image:width\" content=\"2400\" \/>\n\t<meta property=\"og:image:height\" content=\"1350\" \/>\n\t<meta property=\"og:image:type\" content=\"image\/jpeg\" \/>\n<meta name=\"twitter:card\" content=\"summary_large_image\" \/>\n<meta name=\"twitter:label1\" content=\"Dur\u00e9e de lecture estim\u00e9e\" \/>\n\t<meta name=\"twitter:data1\" content=\"1 minute\" \/>\n<script type=\"application\/ld+json\" class=\"yoast-schema-graph\">{\"@context\":\"https:\\\/\\\/schema.org\",\"@graph\":[{\"@type\":\"WebPage\",\"@id\":\"https:\\\/\\\/efficiencymb.ca\\\/fr\\\/sbwcontest-thankyou\\\/\",\"url\":\"https:\\\/\\\/efficiencymb.ca\\\/fr\\\/sbwcontest-thankyou\\\/\",\"name\":\"MERCI D\u2019AVOIR PARTICIP\u00c9 \u00c0 NOTRE CONCOURS DE LA SEMAINE DE LA PME! &#8212; Efficiency Manitoba\",\"isPartOf\":{\"@id\":\"https:\\\/\\\/efficiencymb.ca\\\/#website\"},\"primaryImageOfPage\":{\"@id\":\"https:\\\/\\\/efficiencymb.ca\\\/fr\\\/sbwcontest-thankyou\\\/#primaryimage\"},\"image\":{\"@id\":\"https:\\\/\\\/efficiencymb.ca\\\/fr\\\/sbwcontest-thankyou\\\/#primaryimage\"},\"thumbnailUrl\":\"https:\\\/\\\/efficiencymb.ca\\\/wp-content\\\/uploads\\\/small-business-program-banner-salewoman-helping-customer-GettyImages-513602205-scaled-e1682707657886.jpg\",\"datePublished\":\"2023-10-22T15:32:31+00:00\",\"dateModified\":\"2024-09-13T02:10:17+00:00\",\"description\":\"Nous avons re\u00e7u votre participation au concours de la Semaine de la PME. Les gagnants seront contact\u00e9s par courriel avant le 24 novembre 2023 \u00e0 midi.\",\"breadcrumb\":{\"@id\":\"https:\\\/\\\/efficiencymb.ca\\\/fr\\\/sbwcontest-thankyou\\\/#breadcrumb\"},\"inLanguage\":\"fr-FR\",\"potentialAction\":[{\"@type\":\"ReadAction\",\"target\":[\"https:\\\/\\\/efficiencymb.ca\\\/fr\\\/sbwcontest-thankyou\\\/\"]}]},{\"@type\":\"ImageObject\",\"inLanguage\":\"fr-FR\",\"@id\":\"https:\\\/\\\/efficiencymb.ca\\\/fr\\\/sbwcontest-thankyou\\\/#primaryimage\",\"url\":\"https:\\\/\\\/efficiencymb.ca\\\/wp-content\\\/uploads\\\/small-business-program-banner-salewoman-helping-customer-GettyImages-513602205-scaled-e1682707657886.jpg\",\"contentUrl\":\"https:\\\/\\\/efficiencymb.ca\\\/wp-content\\\/uploads\\\/small-business-program-banner-salewoman-helping-customer-GettyImages-513602205-scaled-e1682707657886.jpg\",\"width\":2400,\"height\":1350,\"caption\":\"Saleswoman (16-17 years, mixed race African American) helping customer.\"},{\"@type\":\"BreadcrumbList\",\"@id\":\"https:\\\/\\\/efficiencymb.ca\\\/fr\\\/sbwcontest-thankyou\\\/#breadcrumb\",\"itemListElement\":[{\"@type\":\"ListItem\",\"position\":1,\"name\":\"Home\",\"item\":\"https:\\\/\\\/efficiencymb.ca\\\/fr\\\/\"},{\"@type\":\"ListItem\",\"position\":2,\"name\":\"MERCI D\u2019AVOIR PARTICIP\u00c9 \u00c0 NOTRE CONCOURS DE LA SEMAINE DE LA PME!\"}]},{\"@type\":\"WebSite\",\"@id\":\"https:\\\/\\\/efficiencymb.ca\\\/#website\",\"url\":\"https:\\\/\\\/efficiencymb.ca\\\/\",\"name\":\"Efficiency Manitoba\",\"description\":\"\",\"publisher\":{\"@id\":\"https:\\\/\\\/efficiencymb.ca\\\/#organization\"},\"potentialAction\":[{\"@type\":\"SearchAction\",\"target\":{\"@type\":\"EntryPoint\",\"urlTemplate\":\"https:\\\/\\\/efficiencymb.ca\\\/?s={search_term_string}\"},\"query-input\":{\"@type\":\"PropertyValueSpecification\",\"valueRequired\":true,\"valueName\":\"search_term_string\"}}],\"inLanguage\":\"fr-FR\"},{\"@type\":\"Organization\",\"@id\":\"https:\\\/\\\/efficiencymb.ca\\\/#organization\",\"name\":\"Efficiency Manitoba\",\"url\":\"https:\\\/\\\/efficiencymb.ca\\\/\",\"logo\":{\"@type\":\"ImageObject\",\"inLanguage\":\"fr-FR\",\"@id\":\"https:\\\/\\\/efficiencymb.ca\\\/#\\\/schema\\\/logo\\\/image\\\/\",\"url\":\"https:\\\/\\\/efficiencymb.ca\\\/wp-content\\\/uploads\\\/em-logo-white-en.png\",\"contentUrl\":\"https:\\\/\\\/efficiencymb.ca\\\/wp-content\\\/uploads\\\/em-logo-white-en.png\",\"width\":388,\"height\":91,\"caption\":\"Efficiency Manitoba\"},\"image\":{\"@id\":\"https:\\\/\\\/efficiencymb.ca\\\/#\\\/schema\\\/logo\\\/image\\\/\"}}]}<\/script>\n<!-- \/ Yoast SEO plugin. -->","yoast_head_json":{"title":"MERCI D\u2019AVOIR PARTICIP\u00c9 \u00c0 NOTRE CONCOURS DE LA SEMAINE DE LA PME! &#8212; Efficiency Manitoba","description":"Nous avons re\u00e7u votre participation au concours de la Semaine de la PME. Les gagnants seront contact\u00e9s par courriel avant le 24 novembre 2023 \u00e0 midi.","robots":{"index":"index","follow":"follow","max-snippet":"max-snippet:-1","max-image-preview":"max-image-preview:large","max-video-preview":"max-video-preview:-1"},"canonical":"https:\/\/efficiencymb.ca\/fr\/sbwcontest-thankyou\/","og_locale":"fr_FR","og_type":"article","og_title":"MERCI D\u2019AVOIR PARTICIP\u00c9 \u00c0 NOTRE CONCOURS DE LA SEMAINE DE LA PME! &#8212; Efficiency Manitoba","og_description":"Nous avons re\u00e7u votre participation au concours de la Semaine de la PME. Les gagnants seront contact\u00e9s par courriel avant le 24 novembre 2023 \u00e0 midi.","og_url":"https:\/\/efficiencymb.ca\/fr\/sbwcontest-thankyou\/","og_site_name":"Efficiency Manitoba","article_modified_time":"2024-09-13T02:10:17+00:00","og_image":[{"width":2400,"height":1350,"url":"https:\/\/efficiencymb.ca\/wp-content\/uploads\/small-business-program-banner-salewoman-helping-customer-GettyImages-513602205-scaled-e1682707657886.jpg","type":"image\/jpeg"}],"twitter_card":"summary_large_image","twitter_misc":{"Dur\u00e9e de lecture estim\u00e9e":"1 minute"},"schema":{"@context":"https:\/\/schema.org","@graph":[{"@type":"WebPage","@id":"https:\/\/efficiencymb.ca\/fr\/sbwcontest-thankyou\/","url":"https:\/\/efficiencymb.ca\/fr\/sbwcontest-thankyou\/","name":"MERCI D\u2019AVOIR PARTICIP\u00c9 \u00c0 NOTRE CONCOURS DE LA SEMAINE DE LA PME! &#8212; Efficiency Manitoba","isPartOf":{"@id":"https:\/\/efficiencymb.ca\/#website"},"primaryImageOfPage":{"@id":"https:\/\/efficiencymb.ca\/fr\/sbwcontest-thankyou\/#primaryimage"},"image":{"@id":"https:\/\/efficiencymb.ca\/fr\/sbwcontest-thankyou\/#primaryimage"},"thumbnailUrl":"https:\/\/efficiencymb.ca\/wp-content\/uploads\/small-business-program-banner-salewoman-helping-customer-GettyImages-513602205-scaled-e1682707657886.jpg","datePublished":"2023-10-22T15:32:31+00:00","dateModified":"2024-09-13T02:10:17+00:00","description":"Nous avons re\u00e7u votre participation au concours de la Semaine de la PME. Les gagnants seront contact\u00e9s par courriel avant le 24 novembre 2023 \u00e0 midi.","breadcrumb":{"@id":"https:\/\/efficiencymb.ca\/fr\/sbwcontest-thankyou\/#breadcrumb"},"inLanguage":"fr-FR","potentialAction":[{"@type":"ReadAction","target":["https:\/\/efficiencymb.ca\/fr\/sbwcontest-thankyou\/"]}]},{"@type":"ImageObject","inLanguage":"fr-FR","@id":"https:\/\/efficiencymb.ca\/fr\/sbwcontest-thankyou\/#primaryimage","url":"https:\/\/efficiencymb.ca\/wp-content\/uploads\/small-business-program-banner-salewoman-helping-customer-GettyImages-513602205-scaled-e1682707657886.jpg","contentUrl":"https:\/\/efficiencymb.ca\/wp-content\/uploads\/small-business-program-banner-salewoman-helping-customer-GettyImages-513602205-scaled-e1682707657886.jpg","width":2400,"height":1350,"caption":"Saleswoman (16-17 years, mixed race African American) helping customer."},{"@type":"BreadcrumbList","@id":"https:\/\/efficiencymb.ca\/fr\/sbwcontest-thankyou\/#breadcrumb","itemListElement":[{"@type":"ListItem","position":1,"name":"Home","item":"https:\/\/efficiencymb.ca\/fr\/"},{"@type":"ListItem","position":2,"name":"MERCI D\u2019AVOIR PARTICIP\u00c9 \u00c0 NOTRE CONCOURS DE LA SEMAINE DE LA PME!"}]},{"@type":"WebSite","@id":"https:\/\/efficiencymb.ca\/#website","url":"https:\/\/efficiencymb.ca\/","name":"Efficiency Manitoba","description":"","publisher":{"@id":"https:\/\/efficiencymb.ca\/#organization"},"potentialAction":[{"@type":"SearchAction","target":{"@type":"EntryPoint","urlTemplate":"https:\/\/efficiencymb.ca\/?s={search_term_string}"},"query-input":{"@type":"PropertyValueSpecification","valueRequired":true,"valueName":"search_term_string"}}],"inLanguage":"fr-FR"},{"@type":"Organization","@id":"https:\/\/efficiencymb.ca\/#organization","name":"Efficiency Manitoba","url":"https:\/\/efficiencymb.ca\/","logo":{"@type":"ImageObject","inLanguage":"fr-FR","@id":"https:\/\/efficiencymb.ca\/#\/schema\/logo\/image\/","url":"https:\/\/efficiencymb.ca\/wp-content\/uploads\/em-logo-white-en.png","contentUrl":"https:\/\/efficiencymb.ca\/wp-content\/uploads\/em-logo-white-en.png","width":388,"height":91,"caption":"Efficiency Manitoba"},"image":{"@id":"https:\/\/efficiencymb.ca\/#\/schema\/logo\/image\/"}}]}},"_links":{"self":[{"href":"https:\/\/efficiencymb.ca\/fr\/wp-json\/wp\/v2\/pages\/56806","targetHints":{"allow":["GET"]}}],"collection":[{"href":"https:\/\/efficiencymb.ca\/fr\/wp-json\/wp\/v2\/pages"}],"about":[{"href":"https:\/\/efficiencymb.ca\/fr\/wp-json\/wp\/v2\/types\/page"}],"author":[{"embeddable":true,"href":"https:\/\/efficiencymb.ca\/fr\/wp-json\/wp\/v2\/users\/10"}],"replies":[{"embeddable":true,"href":"https:\/\/efficiencymb.ca\/fr\/wp-json\/wp\/v2\/comments?post=56806"}],"version-history":[{"count":7,"href":"https:\/\/efficiencymb.ca\/fr\/wp-json\/wp\/v2\/pages\/56806\/revisions"}],"predecessor-version":[{"id":67518,"href":"https:\/\/efficiencymb.ca\/fr\/wp-json\/wp\/v2\/pages\/56806\/revisions\/67518"}],"wp:featuredmedia":[{"embeddable":true,"href":"https:\/\/efficiencymb.ca\/fr\/wp-json\/wp\/v2\/media\/28124"}],"wp:attachment":[{"href":"https:\/\/efficiencymb.ca\/fr\/wp-json\/wp\/v2\/media?parent=56806"}],"curies":[{"name":"wp","href":"https:\/\/api.w.org\/{rel}","templated":true}]}}