{"id":55736,"date":"2023-08-29T13:52:03","date_gmt":"2023-08-29T18:52:03","guid":{"rendered":"https:\/\/efficiencymb.ca\/?page_id=55736"},"modified":"2023-09-01T08:05:50","modified_gmt":"2023-09-01T13:05:50","slug":"thank-you-community-rink-lighting-fr","status":"publish","type":"page","link":"https:\/\/efficiencymb.ca\/fr\/business\/programme-d-eclairage-commercial\/thank-you-community-rink-lighting-fr\/","title":{"rendered":"thank-you-community-rink-lighting-initiative (FR_EL)"},"content":{"rendered":"\n<div class=\"wp-block-group is-style-content\"><div class=\"wp-block-group__inner-container is-layout-flow wp-block-group-is-layout-flow\">\n<h1 class=\"wp-block-heading has-text-align-center is-style-hero-heading\"><strong>MERCI!<\/strong><\/h1>\n\n\n\n<p class=\"has-text-align-center has-medium-font-size\">Merci d\u2019avoir soumis une d\u00e9claration d\u2019int\u00e9r\u00eat pour l\u2019Initiative d\u2019\u00e9clairage des patinoires communautaires. Nous avons re\u00e7u votre soumission et nous vous r\u00e9pondrons dans les cinq jours ouvrables.<\/p>\n\n\n\n<div style=\"height:30px\" aria-hidden=\"true\" class=\"wp-block-spacer\"><\/div>\n\n\n\n<p class=\"has-text-align-center\">Pour en savoir plus sur le Programme d\u2019\u00e9clairage pour entreprises, consultez notre <a href=\"https:\/\/efficiencymb.ca\/wp-content\/uploads\/Business_Lighting_Program_guide_FNL.pdf\">guide du programme<\/a> (en anglais seulement).<\/p>\n<\/div><\/div>\n\n\n\n<div style=\"height:100px\" aria-hidden=\"true\" class=\"wp-block-spacer\"><\/div>\n\n\n\n<figure class=\"wp-block-image size-full slant\"><img loading=\"lazy\" decoding=\"async\" width=\"2000\" height=\"400\" src=\"https:\/\/efficiencymb.ca\/wp-content\/uploads\/bg-two-tone-green@2x.png\" alt=\"\" class=\"wp-image-592\" srcset=\"https:\/\/efficiencymb.ca\/wp-content\/uploads\/bg-two-tone-green@2x.png 2000w, https:\/\/efficiencymb.ca\/wp-content\/uploads\/bg-two-tone-green@2x-479x96.png 479w, https:\/\/efficiencymb.ca\/wp-content\/uploads\/bg-two-tone-green@2x-1024x205.png 1024w, https:\/\/efficiencymb.ca\/wp-content\/uploads\/bg-two-tone-green@2x-768x154.png 768w, https:\/\/efficiencymb.ca\/wp-content\/uploads\/bg-two-tone-green@2x-1536x307.png 1536w\" sizes=\"auto, (max-width: 2000px) 100vw, 2000px\" \/><\/figure>\n","protected":false},"excerpt":{"rendered":"<p>MERCI! Merci d\u2019avoir soumis une d\u00e9claration d\u2019int\u00e9r\u00eat pour l\u2019Initiative d\u2019\u00e9clairage des patinoires communautaires. Nous avons re\u00e7u votre soumission et nous vous r\u00e9pondrons dans les cinq jours ouvrables. Pour en savoir plus sur le Programme d\u2019\u00e9clairage pour entreprises, consultez notre guide du programme (en anglais seulement).<\/p>\n","protected":false},"author":10,"featured_media":55766,"parent":13237,"menu_order":0,"comment_status":"closed","ping_status":"closed","template":"","meta":{"_acf_changed":false,"footnotes":""},"class_list":["post-55736","page","type-page","status-publish","has-post-thumbnail","hentry","page_cat-exclude-algolia-search"],"acf":[],"yoast_head":"<!-- This site is optimized with the Yoast SEO plugin v27.3 - https:\/\/yoast.com\/product\/yoast-seo-wordpress\/ -->\n<title>thank-you-community-rink-lighting-initiative (FR_EL) &#8212; Efficiency Manitoba<\/title>\n<meta name=\"robots\" content=\"index, follow, max-snippet:-1, max-image-preview:large, max-video-preview:-1\" \/>\n<link rel=\"canonical\" href=\"https:\/\/efficiencymb.ca\/fr\/business\/programme-d-eclairage-commercial\/thank-you-community-rink-lighting-fr\/\" \/>\n<meta property=\"og:locale\" content=\"fr_FR\" \/>\n<meta property=\"og:type\" content=\"article\" \/>\n<meta property=\"og:title\" content=\"thank-you-community-rink-lighting-initiative (FR_EL) &#8212; Efficiency Manitoba\" \/>\n<meta property=\"og:description\" content=\"MERCI! Merci d\u2019avoir soumis une d\u00e9claration d\u2019int\u00e9r\u00eat pour l\u2019Initiative d\u2019\u00e9clairage des patinoires communautaires. Nous avons re\u00e7u votre soumission et nous vous r\u00e9pondrons dans les cinq jours ouvrables. Pour en savoir plus sur le Programme d\u2019\u00e9clairage pour entreprises, consultez notre guide du programme (en anglais seulement).\" \/>\n<meta property=\"og:url\" content=\"https:\/\/efficiencymb.ca\/fr\/business\/programme-d-eclairage-commercial\/thank-you-community-rink-lighting-fr\/\" \/>\n<meta property=\"og:site_name\" content=\"Efficiency Manitoba\" \/>\n<meta property=\"article:modified_time\" content=\"2023-09-01T13:05:50+00:00\" \/>\n<meta property=\"og:image\" content=\"https:\/\/efficiencymb.ca\/wp-content\/uploads\/hockey-rink-with-lighting-community-rink-lighting-initiative-GettyImages-115937937-scaled-e1692892591563.jpg\" \/>\n\t<meta property=\"og:image:width\" content=\"2560\" \/>\n\t<meta property=\"og:image:height\" content=\"1714\" \/>\n\t<meta property=\"og:image:type\" content=\"image\/jpeg\" \/>\n<meta name=\"twitter:card\" content=\"summary_large_image\" \/>\n<meta name=\"twitter:label1\" content=\"Dur\u00e9e de lecture estim\u00e9e\" \/>\n\t<meta name=\"twitter:data1\" content=\"1 minute\" \/>\n<script type=\"application\/ld+json\" class=\"yoast-schema-graph\">{\"@context\":\"https:\\\/\\\/schema.org\",\"@graph\":[{\"@type\":\"WebPage\",\"@id\":\"https:\\\/\\\/efficiencymb.ca\\\/fr\\\/business\\\/programme-d-eclairage-commercial\\\/thank-you-community-rink-lighting-fr\\\/\",\"url\":\"https:\\\/\\\/efficiencymb.ca\\\/fr\\\/business\\\/programme-d-eclairage-commercial\\\/thank-you-community-rink-lighting-fr\\\/\",\"name\":\"thank-you-community-rink-lighting-initiative (FR_EL) &#8212; Efficiency Manitoba\",\"isPartOf\":{\"@id\":\"https:\\\/\\\/efficiencymb.ca\\\/#website\"},\"primaryImageOfPage\":{\"@id\":\"https:\\\/\\\/efficiencymb.ca\\\/fr\\\/business\\\/programme-d-eclairage-commercial\\\/thank-you-community-rink-lighting-fr\\\/#primaryimage\"},\"image\":{\"@id\":\"https:\\\/\\\/efficiencymb.ca\\\/fr\\\/business\\\/programme-d-eclairage-commercial\\\/thank-you-community-rink-lighting-fr\\\/#primaryimage\"},\"thumbnailUrl\":\"https:\\\/\\\/efficiencymb.ca\\\/wp-content\\\/uploads\\\/hockey-rink-with-lighting-community-rink-lighting-initiative-GettyImages-115937937-scaled-e1692892591563.jpg\",\"datePublished\":\"2023-08-29T18:52:03+00:00\",\"dateModified\":\"2023-09-01T13:05:50+00:00\",\"breadcrumb\":{\"@id\":\"https:\\\/\\\/efficiencymb.ca\\\/fr\\\/business\\\/programme-d-eclairage-commercial\\\/thank-you-community-rink-lighting-fr\\\/#breadcrumb\"},\"inLanguage\":\"fr-FR\",\"potentialAction\":[{\"@type\":\"ReadAction\",\"target\":[\"https:\\\/\\\/efficiencymb.ca\\\/fr\\\/business\\\/programme-d-eclairage-commercial\\\/thank-you-community-rink-lighting-fr\\\/\"]}]},{\"@type\":\"ImageObject\",\"inLanguage\":\"fr-FR\",\"@id\":\"https:\\\/\\\/efficiencymb.ca\\\/fr\\\/business\\\/programme-d-eclairage-commercial\\\/thank-you-community-rink-lighting-fr\\\/#primaryimage\",\"url\":\"https:\\\/\\\/efficiencymb.ca\\\/wp-content\\\/uploads\\\/hockey-rink-with-lighting-community-rink-lighting-initiative-GettyImages-115937937-scaled-e1692892591563.jpg\",\"contentUrl\":\"https:\\\/\\\/efficiencymb.ca\\\/wp-content\\\/uploads\\\/hockey-rink-with-lighting-community-rink-lighting-initiative-GettyImages-115937937-scaled-e1692892591563.jpg\",\"width\":2560,\"height\":1714,\"caption\":\"Drop the puck\"},{\"@type\":\"BreadcrumbList\",\"@id\":\"https:\\\/\\\/efficiencymb.ca\\\/fr\\\/business\\\/programme-d-eclairage-commercial\\\/thank-you-community-rink-lighting-fr\\\/#breadcrumb\",\"itemListElement\":[{\"@type\":\"ListItem\",\"position\":1,\"name\":\"Home\",\"item\":\"https:\\\/\\\/efficiencymb.ca\\\/fr\\\/\"},{\"@type\":\"ListItem\",\"position\":2,\"name\":\"MON ENTREPRISE\",\"item\":\"https:\\\/\\\/efficiencymb.ca\\\/fr\\\/business\\\/\"},{\"@type\":\"ListItem\",\"position\":3,\"name\":\"Programme d&#8217;\u00e9clairage pour enterprises\",\"item\":\"https:\\\/\\\/efficiencymb.ca\\\/fr\\\/business\\\/programme-d-eclairage-commercial\\\/\"},{\"@type\":\"ListItem\",\"position\":4,\"name\":\"thank-you-community-rink-lighting-initiative (FR_EL)\"}]},{\"@type\":\"WebSite\",\"@id\":\"https:\\\/\\\/efficiencymb.ca\\\/#website\",\"url\":\"https:\\\/\\\/efficiencymb.ca\\\/\",\"name\":\"Efficiency Manitoba\",\"description\":\"\",\"publisher\":{\"@id\":\"https:\\\/\\\/efficiencymb.ca\\\/#organization\"},\"potentialAction\":[{\"@type\":\"SearchAction\",\"target\":{\"@type\":\"EntryPoint\",\"urlTemplate\":\"https:\\\/\\\/efficiencymb.ca\\\/?s={search_term_string}\"},\"query-input\":{\"@type\":\"PropertyValueSpecification\",\"valueRequired\":true,\"valueName\":\"search_term_string\"}}],\"inLanguage\":\"fr-FR\"},{\"@type\":\"Organization\",\"@id\":\"https:\\\/\\\/efficiencymb.ca\\\/#organization\",\"name\":\"Efficiency Manitoba\",\"url\":\"https:\\\/\\\/efficiencymb.ca\\\/\",\"logo\":{\"@type\":\"ImageObject\",\"inLanguage\":\"fr-FR\",\"@id\":\"https:\\\/\\\/efficiencymb.ca\\\/#\\\/schema\\\/logo\\\/image\\\/\",\"url\":\"https:\\\/\\\/efficiencymb.ca\\\/wp-content\\\/uploads\\\/em-logo-white-en.png\",\"contentUrl\":\"https:\\\/\\\/efficiencymb.ca\\\/wp-content\\\/uploads\\\/em-logo-white-en.png\",\"width\":388,\"height\":91,\"caption\":\"Efficiency Manitoba\"},\"image\":{\"@id\":\"https:\\\/\\\/efficiencymb.ca\\\/#\\\/schema\\\/logo\\\/image\\\/\"}}]}<\/script>\n<!-- \/ Yoast SEO plugin. -->","yoast_head_json":{"title":"thank-you-community-rink-lighting-initiative (FR_EL) &#8212; Efficiency Manitoba","robots":{"index":"index","follow":"follow","max-snippet":"max-snippet:-1","max-image-preview":"max-image-preview:large","max-video-preview":"max-video-preview:-1"},"canonical":"https:\/\/efficiencymb.ca\/fr\/business\/programme-d-eclairage-commercial\/thank-you-community-rink-lighting-fr\/","og_locale":"fr_FR","og_type":"article","og_title":"thank-you-community-rink-lighting-initiative (FR_EL) &#8212; Efficiency Manitoba","og_description":"MERCI! Merci d\u2019avoir soumis une d\u00e9claration d\u2019int\u00e9r\u00eat pour l\u2019Initiative d\u2019\u00e9clairage des patinoires communautaires. Nous avons re\u00e7u votre soumission et nous vous r\u00e9pondrons dans les cinq jours ouvrables. Pour en savoir plus sur le Programme d\u2019\u00e9clairage pour entreprises, consultez notre guide du programme (en anglais seulement).","og_url":"https:\/\/efficiencymb.ca\/fr\/business\/programme-d-eclairage-commercial\/thank-you-community-rink-lighting-fr\/","og_site_name":"Efficiency Manitoba","article_modified_time":"2023-09-01T13:05:50+00:00","og_image":[{"width":2560,"height":1714,"url":"https:\/\/efficiencymb.ca\/wp-content\/uploads\/hockey-rink-with-lighting-community-rink-lighting-initiative-GettyImages-115937937-scaled-e1692892591563.jpg","type":"image\/jpeg"}],"twitter_card":"summary_large_image","twitter_misc":{"Dur\u00e9e de lecture estim\u00e9e":"1 minute"},"schema":{"@context":"https:\/\/schema.org","@graph":[{"@type":"WebPage","@id":"https:\/\/efficiencymb.ca\/fr\/business\/programme-d-eclairage-commercial\/thank-you-community-rink-lighting-fr\/","url":"https:\/\/efficiencymb.ca\/fr\/business\/programme-d-eclairage-commercial\/thank-you-community-rink-lighting-fr\/","name":"thank-you-community-rink-lighting-initiative (FR_EL) &#8212; Efficiency Manitoba","isPartOf":{"@id":"https:\/\/efficiencymb.ca\/#website"},"primaryImageOfPage":{"@id":"https:\/\/efficiencymb.ca\/fr\/business\/programme-d-eclairage-commercial\/thank-you-community-rink-lighting-fr\/#primaryimage"},"image":{"@id":"https:\/\/efficiencymb.ca\/fr\/business\/programme-d-eclairage-commercial\/thank-you-community-rink-lighting-fr\/#primaryimage"},"thumbnailUrl":"https:\/\/efficiencymb.ca\/wp-content\/uploads\/hockey-rink-with-lighting-community-rink-lighting-initiative-GettyImages-115937937-scaled-e1692892591563.jpg","datePublished":"2023-08-29T18:52:03+00:00","dateModified":"2023-09-01T13:05:50+00:00","breadcrumb":{"@id":"https:\/\/efficiencymb.ca\/fr\/business\/programme-d-eclairage-commercial\/thank-you-community-rink-lighting-fr\/#breadcrumb"},"inLanguage":"fr-FR","potentialAction":[{"@type":"ReadAction","target":["https:\/\/efficiencymb.ca\/fr\/business\/programme-d-eclairage-commercial\/thank-you-community-rink-lighting-fr\/"]}]},{"@type":"ImageObject","inLanguage":"fr-FR","@id":"https:\/\/efficiencymb.ca\/fr\/business\/programme-d-eclairage-commercial\/thank-you-community-rink-lighting-fr\/#primaryimage","url":"https:\/\/efficiencymb.ca\/wp-content\/uploads\/hockey-rink-with-lighting-community-rink-lighting-initiative-GettyImages-115937937-scaled-e1692892591563.jpg","contentUrl":"https:\/\/efficiencymb.ca\/wp-content\/uploads\/hockey-rink-with-lighting-community-rink-lighting-initiative-GettyImages-115937937-scaled-e1692892591563.jpg","width":2560,"height":1714,"caption":"Drop the puck"},{"@type":"BreadcrumbList","@id":"https:\/\/efficiencymb.ca\/fr\/business\/programme-d-eclairage-commercial\/thank-you-community-rink-lighting-fr\/#breadcrumb","itemListElement":[{"@type":"ListItem","position":1,"name":"Home","item":"https:\/\/efficiencymb.ca\/fr\/"},{"@type":"ListItem","position":2,"name":"MON ENTREPRISE","item":"https:\/\/efficiencymb.ca\/fr\/business\/"},{"@type":"ListItem","position":3,"name":"Programme d&#8217;\u00e9clairage pour enterprises","item":"https:\/\/efficiencymb.ca\/fr\/business\/programme-d-eclairage-commercial\/"},{"@type":"ListItem","position":4,"name":"thank-you-community-rink-lighting-initiative (FR_EL)"}]},{"@type":"WebSite","@id":"https:\/\/efficiencymb.ca\/#website","url":"https:\/\/efficiencymb.ca\/","name":"Efficiency Manitoba","description":"","publisher":{"@id":"https:\/\/efficiencymb.ca\/#organization"},"potentialAction":[{"@type":"SearchAction","target":{"@type":"EntryPoint","urlTemplate":"https:\/\/efficiencymb.ca\/?s={search_term_string}"},"query-input":{"@type":"PropertyValueSpecification","valueRequired":true,"valueName":"search_term_string"}}],"inLanguage":"fr-FR"},{"@type":"Organization","@id":"https:\/\/efficiencymb.ca\/#organization","name":"Efficiency Manitoba","url":"https:\/\/efficiencymb.ca\/","logo":{"@type":"ImageObject","inLanguage":"fr-FR","@id":"https:\/\/efficiencymb.ca\/#\/schema\/logo\/image\/","url":"https:\/\/efficiencymb.ca\/wp-content\/uploads\/em-logo-white-en.png","contentUrl":"https:\/\/efficiencymb.ca\/wp-content\/uploads\/em-logo-white-en.png","width":388,"height":91,"caption":"Efficiency Manitoba"},"image":{"@id":"https:\/\/efficiencymb.ca\/#\/schema\/logo\/image\/"}}]}},"_links":{"self":[{"href":"https:\/\/efficiencymb.ca\/fr\/wp-json\/wp\/v2\/pages\/55736","targetHints":{"allow":["GET"]}}],"collection":[{"href":"https:\/\/efficiencymb.ca\/fr\/wp-json\/wp\/v2\/pages"}],"about":[{"href":"https:\/\/efficiencymb.ca\/fr\/wp-json\/wp\/v2\/types\/page"}],"author":[{"embeddable":true,"href":"https:\/\/efficiencymb.ca\/fr\/wp-json\/wp\/v2\/users\/10"}],"replies":[{"embeddable":true,"href":"https:\/\/efficiencymb.ca\/fr\/wp-json\/wp\/v2\/comments?post=55736"}],"version-history":[{"count":1,"href":"https:\/\/efficiencymb.ca\/fr\/wp-json\/wp\/v2\/pages\/55736\/revisions"}],"predecessor-version":[{"id":55828,"href":"https:\/\/efficiencymb.ca\/fr\/wp-json\/wp\/v2\/pages\/55736\/revisions\/55828"}],"up":[{"embeddable":true,"href":"https:\/\/efficiencymb.ca\/fr\/wp-json\/wp\/v2\/pages\/13237"}],"wp:featuredmedia":[{"embeddable":true,"href":"https:\/\/efficiencymb.ca\/fr\/wp-json\/wp\/v2\/media\/55766"}],"wp:attachment":[{"href":"https:\/\/efficiencymb.ca\/fr\/wp-json\/wp\/v2\/media?parent=55736"}],"curies":[{"name":"wp","href":"https:\/\/api.w.org\/{rel}","templated":true}]}}