{"id":55273,"date":"2023-08-08T09:30:32","date_gmt":"2023-08-08T14:30:32","guid":{"rendered":"https:\/\/efficiencymb.ca\/?page_id=55273"},"modified":"2024-05-01T16:04:34","modified_gmt":"2024-05-01T21:04:34","slug":"strategic-energy-manager-initiative","status":"publish","type":"page","link":"https:\/\/efficiencymb.ca\/fr\/business\/strategic-energy-manager-initiative\/","title":{"rendered":"INITIATIVE DES GESTIONNAIRES STRAT\u00c9GIQUES DE L\u2019\u00c9NERGIE"},"content":{"rendered":"\n<div class=\"wp-block-group is-style-content-wide\"><div class=\"wp-block-group__inner-container is-layout-flow wp-block-group-is-layout-flow\">\n<h2 class=\"wp-block-heading has-text-align-center\"><strong><strong>CONTR\u00d4LEZ VOTRE CONSOMMATION D\u2019\u00c9NERGIE<\/strong><\/strong><\/h2>\n\n\n\n<p class=\"has-text-align-center has-medium-font-size\">Votre organisation sait qu\u2019il existe des possibilit\u00e9s d\u2019\u00e9conomiser de l\u2019\u00e9nergie, mais d\u2019autres priorit\u00e9s l\u2019emp\u00eachent d\u2019y donner suite. Embauchez un gestionnaire de l\u2019\u00e9nergie pour \u00e9laborer un plan, le maintenir sur la bonne voie et atteindre vos objectifs en mati\u00e8re de durabilit\u00e9.<\/p>\n\n\n\n<p class=\"has-text-align-center has-medium-font-size\">Notre initiative des gestionnaires strat\u00e9giques de l\u2019\u00e9nergie soutient l\u2019embauche d\u2019un gestionnaire de l\u2019\u00e9nergie sur place pour fournir une orientation et une expertise, et pour adopter une approche strat\u00e9gique \u00e0 la r\u00e9duction de la consommation d\u2019\u00e9nergie au sein de votre organisation. Le programme offre des incitatifs financiers pour compenser le salaire d\u2019un gestionnaire de l\u2019\u00e9nergie \u00e0 temps plein, ainsi que divers autres soutiens pour faciliter la mise en place d\u2019un syst\u00e8me d\u2019am\u00e9lioration continue afin d\u2019aider votre organisation \u00e0 favoriser une culture de la conservation, l\u2019am\u00e9lioration continue et des \u00e9conomies d\u2019\u00e9nergie \u00e0 long terme.<\/p>\n\n\n\n<p class=\"has-text-align-center has-medium-font-size\">Nous assurons un accompagnement continu de votre \u00e9quipe interne de gestion de l\u2019\u00e9nergie, finan\u00e7ons la formation des gestionnaires de l\u2019\u00e9nergie certifi\u00e9s, soutenons l\u2019\u00e9laboration d\u2019un plan de gestion strat\u00e9gique de l\u2019\u00e9nergie, et facilitons le suivi et le compte rendu des \u00e9conomies d\u2019\u00e9nergie. Votre organisation b\u00e9n\u00e9ficiera d\u2019une r\u00e9ponse \u00e0 ses objectifs en mati\u00e8re de durabilit\u00e9 et d\u2019une collaboration avec un r\u00e9seau croissant de gestionnaires de l\u2019\u00e9nergie.<\/p>\n\n\n\n<h1 class=\"wp-block-heading has-text-align-center is-style-hero-heading\"><strong>OFFRES DU PROGRAMME<\/strong><\/h1>\n\n\n\n<h3 class=\"wp-block-heading has-text-align-center is-style-hero-heading-grey\"><strong>ATELIER SUR LA GESTION STRAT\u00c9GIQUE DE L\u2019\u00c9NERGIE<\/strong><\/h3>\n\n\n\n<p class=\"has-text-align-center has-medium-font-size\">Nous prenons en charge le co\u00fbt d\u2019un atelier sur la gestion strat\u00e9gique de l\u2019\u00e9nergie anim\u00e9 par des professionnels. Cet atelier est con\u00e7u pour rassembler votre organisation en tant qu\u2019\u00e9quipe, vous permettant de collaborer et de travailler \u00e0 la d\u00e9termination et \u00e0 la mise en \u0153uvre de possibilit\u00e9s d\u2019\u00e9conomies d\u2019\u00e9nergie. Il aide aussi votre organisation \u00e0 faire le suivi de ses progr\u00e8s et \u00e0 reconna\u00eetre les r\u00e9alisations en mati\u00e8re d\u2019\u00e9conomie d\u2019\u00e9nergie. La r\u00e9ussite n\u00e9cessite l\u2019adh\u00e9sion de l\u2019ensemble de l\u2019organisation, et l\u2019atelier repr\u00e9sente une premi\u00e8re \u00e9tape importante pour lancer le processus.<\/p>\n\n\n\n<h3 class=\"wp-block-heading has-text-align-center is-style-hero-heading-grey\"><strong>\u00c9LABORATION D\u2019UN PLAN DE GESTION STRAT\u00c9GIQUE DE L\u2019\u00c9NERGIE ET ENCADREMENT<\/strong><\/h3>\n\n\n\n<p class=\"has-text-align-center has-medium-font-size\">Nous soutenons le gestionnaire de l\u2019\u00e9nergie sur place en l\u2019encadrant pour \u00e9laborer le plan de gestion strat\u00e9gique de l\u2019\u00e9nergie de votre organisation. Il s\u2019agit d\u2019un plan formel de r\u00e9duction de la consommation d\u2019\u00e9nergie qui d\u00e9crit les objectifs annuels d\u2019\u00e9conomie, les projets \u00e9co\u00e9nerg\u00e9tiques potentiels, les activit\u00e9s en cours et les mesures prises. Un encadrement suppl\u00e9mentaire tout au long du programme continuera de renforcer l\u2019expertise de votre gestionnaire de l\u2019\u00e9nergie.<\/p>\n\n\n\n<h3 class=\"wp-block-heading has-text-align-center is-style-hero-heading-grey\"><strong>STRUCTURE D\u2019INCITATIFS AM\u00c9LIOR\u00c9E<\/strong><\/h3>\n\n\n\n<p class=\"has-text-align-center has-medium-font-size\">Nous proposons une structure d&rsquo;incitatifs am\u00e9lior\u00e9e pour soutenir vos efforts de r\u00e9duction de la consommation d&rsquo;\u00e9nergie. Vous recevez des primes incitatives en plus des incitatifs de notre programme standard, ainsi que des incitatifs pour les projets d\u2019entretien \u00e0 faible co\u00fbt ou sans co\u00fbt qui ne sont pas admissibles dans le cadre de nos autres offres. Vous \u00eates ainsi r\u00e9compens\u00e9 pour les mesures suppl\u00e9mentaires que vous prenez pour planifier, mettre en \u0153uvre et optimiser votre consommation d&rsquo;\u00e9nergie. Ces incitatifs suppl\u00e9mentaires sont con\u00e7us pour compenser l&#8217;embauche d&rsquo;un gestionnaire de l&rsquo;\u00e9nergie sp\u00e9cialis\u00e9.\u202f\u00a0<\/p>\n\n\n\n<h3 class=\"wp-block-heading has-text-align-center is-style-hero-heading-grey\"><strong>FORMATION<\/strong><\/h3>\n\n\n\n<p class=\"has-text-align-center has-medium-font-size\">Nous finan\u00e7ons des cours de formations pr\u00e9approuv\u00e9s qui permettront \u00e0 votre gestionnaire de l&rsquo;\u00e9nergie d&rsquo;acqu\u00e9rir des connaissances et une expertise. Il s&rsquo;agit notamment de la formation de gestionnaire agr\u00e9\u00e9 de l&rsquo;\u00e9nergie et d&rsquo;autres possibilit\u00e9s d\u00e9termin\u00e9es tout au long du programme.\u00a0<\/p>\n\n\n\n<div style=\"height:10px\" aria-hidden=\"true\" class=\"wp-block-spacer\"><\/div>\n\n\n\n<h2 class=\"wp-block-heading has-text-align-center\"><strong>SOUTIENS SUPPL\u00c9MENTAIRES<\/strong><\/h2>\n\n\n\n<h3 class=\"wp-block-heading has-text-align-center is-style-hero-heading-grey\"><strong>BIBLIOTH\u00c8QUE DE PR\u00caT DE MAT\u00c9RIEL<\/strong><\/h3>\n\n\n\n<p class=\"has-text-align-center has-medium-font-size\">Ce qui est mesur\u00e9 est g\u00e9r\u00e9. Nous disposons d\u2019une vaste biblioth\u00e8que de pr\u00eat de mat\u00e9riel qui permet \u00e0 votre gestionnaire de l\u2019\u00e9nergie d\u2019emprunter des instruments et des outils d\u2019enregistrement pour aider \u00e0 comprendre la consommation d\u2019\u00e9nergie de votre organisation. Les instruments comprennent des d\u00e9tecteurs de fuites \u00e0 ultrasons, des d\u00e9bitm\u00e8tres d\u2019air, des enregistreurs de donn\u00e9es, des compteurs d\u2019\u00e9nergie, des cam\u00e9ras et des thermom\u00e8tres infrarouges et d\u2019autres outils utiles.<\/p>\n\n\n\n<h3 class=\"wp-block-heading has-text-align-center\"><strong>BO\u00ceTE \u00c0 OUTILS DE MARKETING<\/strong><\/h3>\n\n\n\n<p class=\"has-text-align-center has-medium-font-size\">Nous pouvons vous aider \u00e0 satisfaire votre engagement en faveur de la conservation. Nous vous fournirons une vari\u00e9t\u00e9 de ressources de marketing, de mod\u00e8les, de biens num\u00e9riques et de conseils que vous pourrez facilement mettre en \u0153uvre au sein de votre organisation dans le cadre de votre strat\u00e9gie de communication sur la r\u00e9duction de la consommation d\u2019\u00e9nergie, ce qui favorisera la mobilisation des employ\u00e9s et vous laissera plus de temps pour vous concentrer sur des projets \u00e9co\u00e9nerg\u00e9tiques.<\/p>\n\n\n\n<h3 class=\"wp-block-heading has-text-align-center\"><strong>FINANCEMENT INITIAL<\/strong><\/h3>\n\n\n\n<p class=\"has-text-align-center has-medium-font-size\">Nous pouvons fournir un financement initial pour compenser le co\u00fbt de l\u2019embauche d\u2019un gestionnaire de l\u2019\u00e9nergie. Le financement est offert en fonction d\u2019une \u00e9valuation du potentiel d\u2019\u00e9conomies du participant. Ce montant est vers\u00e9 au d\u00e9but du programme et sert de cr\u00e9dit pour les incitatifs futurs re\u00e7us dans le cadre des projets \u00e9co\u00e9nerg\u00e9tiques.<\/p>\n<\/div><\/div>\n\n\n\n<div style=\"height:10px\" aria-hidden=\"true\" class=\"wp-block-spacer\"><\/div>\n\n\n<div class=\"theme-button wp-block-button aligncenter\">\r\n\t<a  class=\"wp-block-button__link has-background no-border-radius button cta button-large\" href=\"mailto:energymanager@efficiencymb.ca\"><strong>CONTACTEZ-NOUS <\/strong><\/a>\r\n<\/div>\n\n\n<div style=\"height:15px\" aria-hidden=\"true\" class=\"wp-block-spacer\"><\/div>\n\n\n\n<h2 class=\"wp-block-heading has-text-align-center is-style-hero-heading-grey\"><strong>QUI PEUT PARTICIPER?<\/strong><\/h2>\n\n\n\n<div style=\"height:10px\" aria-hidden=\"true\" class=\"wp-block-spacer\"><\/div>\n\n\n\n<div class=\"wp-block-group is-style-content-wide\"><div class=\"wp-block-group__inner-container is-layout-constrained wp-block-group-is-layout-constrained\">\n<ul class=\"is-style-medium wp-block-list\">\n<li class=\"has-medium-font-size\">Vous \u00eates un gros client industriel sp\u00e9cialis\u00e9 dans la transformation industrielle<\/li>\n\n\n\n<li class=\"has-medium-font-size\">Votre organisation est pr\u00eate \u00e0 embaucher ou \u00e0 nommer un gestionnaire de l&rsquo;\u00e9nergie \u00e0 temps plein<\/li>\n\n\n\n<li class=\"has-medium-font-size\">Votre organisation est pr\u00eate \u00e0 nommer un cadre responsable pour garantir l&rsquo;engagement de votre organisation et l\u2019affectation de ressources<\/li>\n\n\n\n<li class=\"has-medium-font-size\">Votre organisation s&rsquo;est engag\u00e9e dans une d\u00e9marche d&rsquo;am\u00e9lioration continue, encourage une culture de la conservation et s&rsquo;est fix\u00e9 des objectifs de durabilit\u00e9 \u00e0 long terme.<\/li>\n<\/ul>\n<\/div><\/div>\n\n\n\n<figure class=\"wp-block-image size-full slant\"><img loading=\"lazy\" decoding=\"async\" width=\"2000\" height=\"400\" src=\"https:\/\/efficiencymb.ca\/wp-content\/uploads\/bg-two-tone-green@2x.png\" alt=\"\" class=\"wp-image-592\" srcset=\"https:\/\/efficiencymb.ca\/wp-content\/uploads\/bg-two-tone-green@2x.png 2000w, https:\/\/efficiencymb.ca\/wp-content\/uploads\/bg-two-tone-green@2x-479x96.png 479w, https:\/\/efficiencymb.ca\/wp-content\/uploads\/bg-two-tone-green@2x-1024x205.png 1024w, https:\/\/efficiencymb.ca\/wp-content\/uploads\/bg-two-tone-green@2x-768x154.png 768w, https:\/\/efficiencymb.ca\/wp-content\/uploads\/bg-two-tone-green@2x-1536x307.png 1536w\" sizes=\"auto, (max-width: 2000px) 100vw, 2000px\" \/><\/figure>\n","protected":false},"excerpt":{"rendered":"<p>CONTR\u00d4LEZ VOTRE CONSOMMATION D\u2019\u00c9NERGIE Votre organisation sait qu\u2019il existe des possibilit\u00e9s d\u2019\u00e9conomiser de l\u2019\u00e9nergie, mais d\u2019autres priorit\u00e9s l\u2019emp\u00eachent d\u2019y donner suite. Embauchez un gestionnaire de l\u2019\u00e9nergie pour \u00e9laborer un plan, le maintenir sur la bonne voie et atteindre vos objectifs en mati\u00e8re de durabilit\u00e9. Notre initiative des gestionnaires strat\u00e9giques de l\u2019\u00e9nergie soutient l\u2019embauche d\u2019un gestionnairecontinue-reading<\/p>\n","protected":false},"author":10,"featured_media":55367,"parent":13103,"menu_order":0,"comment_status":"closed","ping_status":"closed","template":"","meta":{"_acf_changed":false,"footnotes":""},"class_list":["post-55273","page","type-page","status-publish","has-post-thumbnail","hentry","page_cat-programs"],"acf":[],"yoast_head":"<!-- This site is optimized with the Yoast SEO plugin v27.3 - https:\/\/yoast.com\/product\/yoast-seo-wordpress\/ -->\n<title>INITIATIVE DES GESTIONNAIRES STRAT\u00c9GIQUES DE L\u2019\u00c9NERGIE &#8212; Efficiency Manitoba<\/title>\n<meta name=\"robots\" content=\"index, follow, max-snippet:-1, max-image-preview:large, max-video-preview:-1\" \/>\n<link rel=\"canonical\" href=\"https:\/\/efficiencymb.ca\/fr\/business\/strategic-energy-manager-initiative\/\" \/>\n<meta property=\"og:locale\" content=\"fr_FR\" \/>\n<meta property=\"og:type\" content=\"article\" \/>\n<meta property=\"og:title\" content=\"INITIATIVE DES GESTIONNAIRES STRAT\u00c9GIQUES DE L\u2019\u00c9NERGIE &#8212; Efficiency Manitoba\" \/>\n<meta property=\"og:description\" content=\"CONTR\u00d4LEZ VOTRE CONSOMMATION D\u2019\u00c9NERGIE Votre organisation sait qu\u2019il existe des possibilit\u00e9s d\u2019\u00e9conomiser de l\u2019\u00e9nergie, mais d\u2019autres priorit\u00e9s l\u2019emp\u00eachent d\u2019y donner suite. Embauchez un gestionnaire de l\u2019\u00e9nergie pour \u00e9laborer un plan, le maintenir sur la bonne voie et atteindre vos objectifs en mati\u00e8re de durabilit\u00e9. Notre initiative des gestionnaires strat\u00e9giques de l\u2019\u00e9nergie soutient l\u2019embauche d\u2019un gestionnairecontinue-reading\" \/>\n<meta property=\"og:url\" content=\"https:\/\/efficiencymb.ca\/fr\/business\/strategic-energy-manager-initiative\/\" \/>\n<meta property=\"og:site_name\" content=\"Efficiency Manitoba\" \/>\n<meta property=\"article:modified_time\" content=\"2024-05-01T21:04:34+00:00\" \/>\n<meta property=\"og:image\" content=\"https:\/\/efficiencymb.ca\/wp-content\/uploads\/Strategic-Energy-Manager-Initiative-copy-scaled-e1690910350415.jpg\" \/>\n\t<meta property=\"og:image:width\" content=\"2560\" \/>\n\t<meta property=\"og:image:height\" content=\"1706\" \/>\n\t<meta property=\"og:image:type\" content=\"image\/jpeg\" \/>\n<meta name=\"twitter:card\" content=\"summary_large_image\" \/>\n<meta name=\"twitter:label1\" content=\"Dur\u00e9e de lecture estim\u00e9e\" \/>\n\t<meta name=\"twitter:data1\" content=\"4 minutes\" \/>\n<script type=\"application\/ld+json\" class=\"yoast-schema-graph\">{\"@context\":\"https:\\\/\\\/schema.org\",\"@graph\":[{\"@type\":\"WebPage\",\"@id\":\"https:\\\/\\\/efficiencymb.ca\\\/fr\\\/business\\\/strategic-energy-manager-initiative\\\/\",\"url\":\"https:\\\/\\\/efficiencymb.ca\\\/fr\\\/business\\\/strategic-energy-manager-initiative\\\/\",\"name\":\"INITIATIVE DES GESTIONNAIRES STRAT\u00c9GIQUES DE L\u2019\u00c9NERGIE &#8212; Efficiency Manitoba\",\"isPartOf\":{\"@id\":\"https:\\\/\\\/efficiencymb.ca\\\/#website\"},\"primaryImageOfPage\":{\"@id\":\"https:\\\/\\\/efficiencymb.ca\\\/fr\\\/business\\\/strategic-energy-manager-initiative\\\/#primaryimage\"},\"image\":{\"@id\":\"https:\\\/\\\/efficiencymb.ca\\\/fr\\\/business\\\/strategic-energy-manager-initiative\\\/#primaryimage\"},\"thumbnailUrl\":\"https:\\\/\\\/efficiencymb.ca\\\/wp-content\\\/uploads\\\/Strategic-Energy-Manager-Initiative-copy-scaled-e1690910350415.jpg\",\"datePublished\":\"2023-08-08T14:30:32+00:00\",\"dateModified\":\"2024-05-01T21:04:34+00:00\",\"breadcrumb\":{\"@id\":\"https:\\\/\\\/efficiencymb.ca\\\/fr\\\/business\\\/strategic-energy-manager-initiative\\\/#breadcrumb\"},\"inLanguage\":\"fr-FR\",\"potentialAction\":[{\"@type\":\"ReadAction\",\"target\":[\"https:\\\/\\\/efficiencymb.ca\\\/fr\\\/business\\\/strategic-energy-manager-initiative\\\/\"]}]},{\"@type\":\"ImageObject\",\"inLanguage\":\"fr-FR\",\"@id\":\"https:\\\/\\\/efficiencymb.ca\\\/fr\\\/business\\\/strategic-energy-manager-initiative\\\/#primaryimage\",\"url\":\"https:\\\/\\\/efficiencymb.ca\\\/wp-content\\\/uploads\\\/Strategic-Energy-Manager-Initiative-copy-scaled-e1690910350415.jpg\",\"contentUrl\":\"https:\\\/\\\/efficiencymb.ca\\\/wp-content\\\/uploads\\\/Strategic-Energy-Manager-Initiative-copy-scaled-e1690910350415.jpg\",\"width\":2560,\"height\":1706},{\"@type\":\"BreadcrumbList\",\"@id\":\"https:\\\/\\\/efficiencymb.ca\\\/fr\\\/business\\\/strategic-energy-manager-initiative\\\/#breadcrumb\",\"itemListElement\":[{\"@type\":\"ListItem\",\"position\":1,\"name\":\"Home\",\"item\":\"https:\\\/\\\/efficiencymb.ca\\\/fr\\\/\"},{\"@type\":\"ListItem\",\"position\":2,\"name\":\"MON ENTREPRISE\",\"item\":\"https:\\\/\\\/efficiencymb.ca\\\/fr\\\/business\\\/\"},{\"@type\":\"ListItem\",\"position\":3,\"name\":\"INITIATIVE DES GESTIONNAIRES STRAT\u00c9GIQUES DE L\u2019\u00c9NERGIE\"}]},{\"@type\":\"WebSite\",\"@id\":\"https:\\\/\\\/efficiencymb.ca\\\/#website\",\"url\":\"https:\\\/\\\/efficiencymb.ca\\\/\",\"name\":\"Efficiency Manitoba\",\"description\":\"\",\"publisher\":{\"@id\":\"https:\\\/\\\/efficiencymb.ca\\\/#organization\"},\"potentialAction\":[{\"@type\":\"SearchAction\",\"target\":{\"@type\":\"EntryPoint\",\"urlTemplate\":\"https:\\\/\\\/efficiencymb.ca\\\/?s={search_term_string}\"},\"query-input\":{\"@type\":\"PropertyValueSpecification\",\"valueRequired\":true,\"valueName\":\"search_term_string\"}}],\"inLanguage\":\"fr-FR\"},{\"@type\":\"Organization\",\"@id\":\"https:\\\/\\\/efficiencymb.ca\\\/#organization\",\"name\":\"Efficiency Manitoba\",\"url\":\"https:\\\/\\\/efficiencymb.ca\\\/\",\"logo\":{\"@type\":\"ImageObject\",\"inLanguage\":\"fr-FR\",\"@id\":\"https:\\\/\\\/efficiencymb.ca\\\/#\\\/schema\\\/logo\\\/image\\\/\",\"url\":\"https:\\\/\\\/efficiencymb.ca\\\/wp-content\\\/uploads\\\/em-logo-white-en.png\",\"contentUrl\":\"https:\\\/\\\/efficiencymb.ca\\\/wp-content\\\/uploads\\\/em-logo-white-en.png\",\"width\":388,\"height\":91,\"caption\":\"Efficiency Manitoba\"},\"image\":{\"@id\":\"https:\\\/\\\/efficiencymb.ca\\\/#\\\/schema\\\/logo\\\/image\\\/\"}}]}<\/script>\n<!-- \/ Yoast SEO plugin. -->","yoast_head_json":{"title":"INITIATIVE DES GESTIONNAIRES STRAT\u00c9GIQUES DE L\u2019\u00c9NERGIE &#8212; Efficiency Manitoba","robots":{"index":"index","follow":"follow","max-snippet":"max-snippet:-1","max-image-preview":"max-image-preview:large","max-video-preview":"max-video-preview:-1"},"canonical":"https:\/\/efficiencymb.ca\/fr\/business\/strategic-energy-manager-initiative\/","og_locale":"fr_FR","og_type":"article","og_title":"INITIATIVE DES GESTIONNAIRES STRAT\u00c9GIQUES DE L\u2019\u00c9NERGIE &#8212; Efficiency Manitoba","og_description":"CONTR\u00d4LEZ VOTRE CONSOMMATION D\u2019\u00c9NERGIE Votre organisation sait qu\u2019il existe des possibilit\u00e9s d\u2019\u00e9conomiser de l\u2019\u00e9nergie, mais d\u2019autres priorit\u00e9s l\u2019emp\u00eachent d\u2019y donner suite. Embauchez un gestionnaire de l\u2019\u00e9nergie pour \u00e9laborer un plan, le maintenir sur la bonne voie et atteindre vos objectifs en mati\u00e8re de durabilit\u00e9. Notre initiative des gestionnaires strat\u00e9giques de l\u2019\u00e9nergie soutient l\u2019embauche d\u2019un gestionnairecontinue-reading","og_url":"https:\/\/efficiencymb.ca\/fr\/business\/strategic-energy-manager-initiative\/","og_site_name":"Efficiency Manitoba","article_modified_time":"2024-05-01T21:04:34+00:00","og_image":[{"width":2560,"height":1706,"url":"https:\/\/efficiencymb.ca\/wp-content\/uploads\/Strategic-Energy-Manager-Initiative-copy-scaled-e1690910350415.jpg","type":"image\/jpeg"}],"twitter_card":"summary_large_image","twitter_misc":{"Dur\u00e9e de lecture estim\u00e9e":"4 minutes"},"schema":{"@context":"https:\/\/schema.org","@graph":[{"@type":"WebPage","@id":"https:\/\/efficiencymb.ca\/fr\/business\/strategic-energy-manager-initiative\/","url":"https:\/\/efficiencymb.ca\/fr\/business\/strategic-energy-manager-initiative\/","name":"INITIATIVE DES GESTIONNAIRES STRAT\u00c9GIQUES DE L\u2019\u00c9NERGIE &#8212; Efficiency Manitoba","isPartOf":{"@id":"https:\/\/efficiencymb.ca\/#website"},"primaryImageOfPage":{"@id":"https:\/\/efficiencymb.ca\/fr\/business\/strategic-energy-manager-initiative\/#primaryimage"},"image":{"@id":"https:\/\/efficiencymb.ca\/fr\/business\/strategic-energy-manager-initiative\/#primaryimage"},"thumbnailUrl":"https:\/\/efficiencymb.ca\/wp-content\/uploads\/Strategic-Energy-Manager-Initiative-copy-scaled-e1690910350415.jpg","datePublished":"2023-08-08T14:30:32+00:00","dateModified":"2024-05-01T21:04:34+00:00","breadcrumb":{"@id":"https:\/\/efficiencymb.ca\/fr\/business\/strategic-energy-manager-initiative\/#breadcrumb"},"inLanguage":"fr-FR","potentialAction":[{"@type":"ReadAction","target":["https:\/\/efficiencymb.ca\/fr\/business\/strategic-energy-manager-initiative\/"]}]},{"@type":"ImageObject","inLanguage":"fr-FR","@id":"https:\/\/efficiencymb.ca\/fr\/business\/strategic-energy-manager-initiative\/#primaryimage","url":"https:\/\/efficiencymb.ca\/wp-content\/uploads\/Strategic-Energy-Manager-Initiative-copy-scaled-e1690910350415.jpg","contentUrl":"https:\/\/efficiencymb.ca\/wp-content\/uploads\/Strategic-Energy-Manager-Initiative-copy-scaled-e1690910350415.jpg","width":2560,"height":1706},{"@type":"BreadcrumbList","@id":"https:\/\/efficiencymb.ca\/fr\/business\/strategic-energy-manager-initiative\/#breadcrumb","itemListElement":[{"@type":"ListItem","position":1,"name":"Home","item":"https:\/\/efficiencymb.ca\/fr\/"},{"@type":"ListItem","position":2,"name":"MON ENTREPRISE","item":"https:\/\/efficiencymb.ca\/fr\/business\/"},{"@type":"ListItem","position":3,"name":"INITIATIVE DES GESTIONNAIRES STRAT\u00c9GIQUES DE L\u2019\u00c9NERGIE"}]},{"@type":"WebSite","@id":"https:\/\/efficiencymb.ca\/#website","url":"https:\/\/efficiencymb.ca\/","name":"Efficiency Manitoba","description":"","publisher":{"@id":"https:\/\/efficiencymb.ca\/#organization"},"potentialAction":[{"@type":"SearchAction","target":{"@type":"EntryPoint","urlTemplate":"https:\/\/efficiencymb.ca\/?s={search_term_string}"},"query-input":{"@type":"PropertyValueSpecification","valueRequired":true,"valueName":"search_term_string"}}],"inLanguage":"fr-FR"},{"@type":"Organization","@id":"https:\/\/efficiencymb.ca\/#organization","name":"Efficiency Manitoba","url":"https:\/\/efficiencymb.ca\/","logo":{"@type":"ImageObject","inLanguage":"fr-FR","@id":"https:\/\/efficiencymb.ca\/#\/schema\/logo\/image\/","url":"https:\/\/efficiencymb.ca\/wp-content\/uploads\/em-logo-white-en.png","contentUrl":"https:\/\/efficiencymb.ca\/wp-content\/uploads\/em-logo-white-en.png","width":388,"height":91,"caption":"Efficiency Manitoba"},"image":{"@id":"https:\/\/efficiencymb.ca\/#\/schema\/logo\/image\/"}}]}},"_links":{"self":[{"href":"https:\/\/efficiencymb.ca\/fr\/wp-json\/wp\/v2\/pages\/55273","targetHints":{"allow":["GET"]}}],"collection":[{"href":"https:\/\/efficiencymb.ca\/fr\/wp-json\/wp\/v2\/pages"}],"about":[{"href":"https:\/\/efficiencymb.ca\/fr\/wp-json\/wp\/v2\/types\/page"}],"author":[{"embeddable":true,"href":"https:\/\/efficiencymb.ca\/fr\/wp-json\/wp\/v2\/users\/10"}],"replies":[{"embeddable":true,"href":"https:\/\/efficiencymb.ca\/fr\/wp-json\/wp\/v2\/comments?post=55273"}],"version-history":[{"count":4,"href":"https:\/\/efficiencymb.ca\/fr\/wp-json\/wp\/v2\/pages\/55273\/revisions"}],"predecessor-version":[{"id":64162,"href":"https:\/\/efficiencymb.ca\/fr\/wp-json\/wp\/v2\/pages\/55273\/revisions\/64162"}],"up":[{"embeddable":true,"href":"https:\/\/efficiencymb.ca\/fr\/wp-json\/wp\/v2\/pages\/13103"}],"wp:featuredmedia":[{"embeddable":true,"href":"https:\/\/efficiencymb.ca\/fr\/wp-json\/wp\/v2\/media\/55367"}],"wp:attachment":[{"href":"https:\/\/efficiencymb.ca\/fr\/wp-json\/wp\/v2\/media?parent=55273"}],"curies":[{"name":"wp","href":"https:\/\/api.w.org\/{rel}","templated":true}]}}