{"id":54985,"date":"2023-08-08T09:31:32","date_gmt":"2023-08-08T14:31:32","guid":{"rendered":"https:\/\/efficiencymb.ca\/?page_id=54985"},"modified":"2023-08-16T09:08:01","modified_gmt":"2023-08-16T14:08:01","slug":"feasibility-studies","status":"publish","type":"page","link":"https:\/\/efficiencymb.ca\/fr\/business\/feasibility-studies\/","title":{"rendered":"\u00c9TUDES DE FAISABILITE"},"content":{"rendered":"\n<div class=\"wp-block-group is-style-content-wide\"><div class=\"wp-block-group__inner-container is-layout-flow wp-block-group-is-layout-flow\">\n<p class=\"has-text-align-center has-medium-font-size\">Vous avez en t\u00eate un projet ou une am\u00e9lioration de syst\u00e8me pour votre installation qui devrait vous permettre d\u2019\u00e9conomiser de l\u2019\u00e9nergie, et vous voulez mieux comprendre les possibilit\u00e9s et les co\u00fbts potentiels? Une \u00e9tude de faisabilit\u00e9 peut quantifier la viabilit\u00e9 technique, les \u00e9conomies d\u2019\u00e9nergie potentielles et l\u2019aspect financier global du projet.<\/p>\n\n\n\n<p class=\"has-medium-font-size\">Ce programme est id\u00e9al pour les installations industrielles, commerciales ou agricoles qui d\u00e9pendent de technologies telles que&nbsp;:&nbsp;<\/p>\n\n\n\n<div class=\"wp-block-group is-style-content\"><div class=\"wp-block-group__inner-container is-layout-constrained wp-block-group-is-layout-constrained\">\n<ul class=\"is-style-medium wp-block-list\">\n<li class=\"has-medium-font-size\">l\u2019air comprim\u00e9<\/li>\n\n\n\n<li class=\"has-medium-font-size\">les pompes, les ventilateurs et les soufflantes<\/li>\n\n\n\n<li class=\"has-medium-font-size\">la r\u00e9frig\u00e9ration<\/li>\n\n\n\n<li class=\"has-medium-font-size\">les entra\u00eenements \u00e0 vitesse variable<\/li>\n\n\n\n<li class=\"has-medium-font-size\">les syst\u00e8mes de chaudi\u00e8res \u00e0 vapeur et \u00e0 eau chaude<\/li>\n\n\n\n<li class=\"has-medium-font-size\">la ventilation<\/li>\n\n\n\n<li class=\"has-medium-font-size\">la r\u00e9cup\u00e9ration de la chaleur perdue<\/li>\n\n\n\n<li class=\"has-medium-font-size\">d\u2019autre \u00e9quipement de proc\u00e9d\u00e9<\/li>\n<\/ul>\n\n\n\n<div style=\"height:15px\" aria-hidden=\"true\" class=\"wp-block-spacer\"><\/div>\n<\/div><\/div>\n\n\n\n<p class=\"has-text-align-center has-medium-font-size\">Efficacit\u00e9 Manitoba offre des incitatifs financiers repr\u00e9sentant 50&nbsp;% des co\u00fbts de l\u2019\u00e9tude, jusqu\u2019\u00e0 concurrence de 20&nbsp;000&nbsp;$.&nbsp;<\/p>\n\n\n\n<p class=\"has-text-align-center has-medium-font-size\">Un conseiller ou une conseill\u00e8re de votre choix effectuera une \u00e9tude approfondie de votre projet potentiel, qui quantifiera les co\u00fbts, les avantages et les \u00e9conomies associ\u00e9s au projet. Si vous d\u00e9cidez d\u2019aller de l\u2019avant avec le projet, vous pouvez utiliser l\u2019information de l\u2019\u00e9tude pour demander des incitatifs par le biais de notre <a href=\"https:\/\/efficiencymb.ca\/fr\/business\/custom-solutions\/\" target=\"_blank\" rel=\"noreferrer noopener\">Programme de solutions \u00e9nerg\u00e9tiques sur mesure<\/a> pour vos am\u00e9liorations \u00e9co\u00e9nerg\u00e9tiques.&nbsp;<\/p>\n\n\n\n<p class=\"has-text-align-center has-medium-font-size\">Seules les \u00e9tudes qui \u00e9valuent les \u00e9conomies d\u2019\u00e9lectricit\u00e9 et de gaz naturel seront prises en compte.&nbsp;<\/p>\n\n\n\n<p class=\"has-text-align-center has-medium-font-size\">Consultez notre <a href=\"https:\/\/efficiencymb.ca\/efficiency-manitoba-feasibility_study_guide\/\" target=\"_blank\" rel=\"noreferrer noopener\">Guide des \u00e9tudes de faisabilit\u00e9<\/a> pour en savoir plus.&nbsp;<\/p>\n<\/div><\/div>\n\n\n<div class=\"theme-button wp-block-button aligncenter\">\r\n\t<a  class=\"wp-block-button__link has-background no-border-radius button cta button-large\" href=\"https:\/\/efficiencymb.ca\/fr\/business\/feasibility-studies-get-in-touch\/\"><strong>CONTACTEZ-NOUS<\/strong><br>POUR COMMENCER \u00c0 \u00c9CONOMISER<\/a>\r\n<\/div>\n\n\n<div style=\"height:100px\" aria-hidden=\"true\" class=\"wp-block-spacer\"><\/div>\n\n\n\n<figure class=\"wp-block-image size-full slant\"><img loading=\"lazy\" decoding=\"async\" width=\"2000\" height=\"400\" src=\"https:\/\/efficiencymb.ca\/wp-content\/uploads\/bg-two-tone-green@2x.png\" alt=\"\" class=\"wp-image-592\" srcset=\"https:\/\/efficiencymb.ca\/wp-content\/uploads\/bg-two-tone-green@2x.png 2000w, https:\/\/efficiencymb.ca\/wp-content\/uploads\/bg-two-tone-green@2x-479x96.png 479w, https:\/\/efficiencymb.ca\/wp-content\/uploads\/bg-two-tone-green@2x-1024x205.png 1024w, https:\/\/efficiencymb.ca\/wp-content\/uploads\/bg-two-tone-green@2x-768x154.png 768w, https:\/\/efficiencymb.ca\/wp-content\/uploads\/bg-two-tone-green@2x-1536x307.png 1536w\" sizes=\"auto, (max-width: 2000px) 100vw, 2000px\" \/><\/figure>\n\n\n\n<div class=\"wp-block-group has-background\" style=\"background-color:#f4f3f3\"><div class=\"wp-block-group__inner-container is-layout-flow wp-block-group-is-layout-flow\">\n<div class=\"wp-block-group is-style-content-columns\"><div class=\"wp-block-group__inner-container is-layout-flow wp-block-group-is-layout-flow\">\n<h2 class=\"wp-block-heading has-text-align-center hero-title text-center single-col-text is-style-hero-heading\">MARCHE \u00c0 SUIVRE POUR PARTICIPER<\/h2>\n<\/div><\/div>\n\n\n\n<ol class=\"iconic-list large\">\n<li>\n<h3><strong>PARLEZ-NOUS<\/strong> DE VOTRE PROJET<\/h3>\n<p>R\u00e9pondez \u00e0 notre questionnaire et d\u00e9crivez le projet \u00e9co\u00e9nerg\u00e9tique que vous souhaitez \u00e9valuer. Nous l\u2019examinerons pour confirmer que votre projet est admissible.<\/p>\n<\/li>\n<li>\n<h3><strong>CHOISISSEZ<\/strong> UN CONSEILLER OU UNE CONSEILL\u00c9RE<\/h3>\n<p>Une fois que nous avons d\u00e9termin\u00e9 que vous \u00eates admissible, choisissez une conseill\u00e8re ou un conseiller tiers pour effectuer l\u2019\u00e9tude de faisabilit\u00e9 pour vous.&nbsp;<\/p>\n<\/li>\n<li>\n<h3><strong>ENVOYEZ<\/strong> VOTRE DEMANDE<\/h3>\n<p>Envoyez votre formulaire de demande d\u2019incitatif financier pour une \u00e9tude de faisabilit\u00e9 accompagn\u00e9 d\u2019une proposition d\u2019\u00e9tude de faisabilit\u00e9 (bas\u00e9e sur les grandes lignes du Guide des \u00e9tudes de faisabilit\u00e9) \u00e0 Efficacit\u00e9 Manitoba.<\/p>\n<\/li>\n<li>\n<h3><strong>EFFECTUEZ <\/strong>L&rsquo;\u00c9TUDE<\/h3>\n<p>Une fois que nous avons approuv\u00e9 votre demande, la conseill\u00e8re ou le conseiller tiers que vous avez choisi peut effectuer l\u2019\u00e9tude. L\u2019\u00e9tude doit \u00eatre effectu\u00e9e dans les 12 mois suivant l\u2019approbation de votre demande.<\/p>\n<\/li>\n<li>\n<h3><strong>ENVOYEZ <\/strong>LES DOCUMENTS AUX FINS DU PAIEMENT<\/h3>\n<p>Une fois l\u2019\u00e9tude termin\u00e9e, envoyez le rapport d\u2019\u00e9tude de faisabilit\u00e9 r\u00e9dig\u00e9 par votre conseiller ou conseill\u00e8re, ainsi que votre facture, \u00e0 Efficacit\u00e9 Manitoba. Nous passerons en revue votre rapport et nous vous enverrons un incitatif.<\/p>\n<\/li>\n<\/ol>\n\n\n<div class=\"theme-button wp-block-button aligncenter\">\r\n\t<a  class=\"wp-block-button__link has-background no-border-radius button cta button-large\" href=\"https:\/\/efficiencymb.ca\/fr\/business\/feasibility-studies-get-in-touch\/\"><strong>REMPLISSEZ LE<\/strong><br>QUESTIONNAIRE<\/a>\r\n<\/div><\/div><\/div>\n\n\n\n<figure class=\"wp-block-image size-full\"><img loading=\"lazy\" decoding=\"async\" width=\"2000\" height=\"400\" src=\"https:\/\/efficiencymb.ca\/wp-content\/uploads\/bg-two-tone-green@2x-edited-1.png\" alt=\"\" class=\"wp-image-12078\" srcset=\"https:\/\/efficiencymb.ca\/wp-content\/uploads\/bg-two-tone-green@2x-edited-1.png 2000w, https:\/\/efficiencymb.ca\/wp-content\/uploads\/bg-two-tone-green@2x-edited-1-479x96.png 479w, https:\/\/efficiencymb.ca\/wp-content\/uploads\/bg-two-tone-green@2x-edited-1-1024x205.png 1024w, https:\/\/efficiencymb.ca\/wp-content\/uploads\/bg-two-tone-green@2x-edited-1-768x154.png 768w, https:\/\/efficiencymb.ca\/wp-content\/uploads\/bg-two-tone-green@2x-edited-1-1536x307.png 1536w\" sizes=\"auto, (max-width: 2000px) 100vw, 2000px\" \/><\/figure>\n\n\n\n<p><\/p>\n","protected":false},"excerpt":{"rendered":"<p>Vous avez en t\u00eate un projet ou une am\u00e9lioration de syst\u00e8me pour votre installation qui devrait vous permettre d\u2019\u00e9conomiser de l\u2019\u00e9nergie, et vous voulez mieux comprendre les possibilit\u00e9s et les co\u00fbts potentiels? Une \u00e9tude de faisabilit\u00e9 peut quantifier la viabilit\u00e9 technique, les \u00e9conomies d\u2019\u00e9nergie potentielles et l\u2019aspect financier global du projet. Ce programme est id\u00e9alcontinue-reading<\/p>\n","protected":false},"author":10,"featured_media":54987,"parent":13103,"menu_order":0,"comment_status":"closed","ping_status":"closed","template":"","meta":{"_acf_changed":false,"footnotes":""},"class_list":["post-54985","page","type-page","status-publish","has-post-thumbnail","hentry","page_cat-programs"],"acf":[],"yoast_head":"<!-- This site is optimized with the Yoast SEO plugin v27.3 - https:\/\/yoast.com\/product\/yoast-seo-wordpress\/ -->\n<title>\u00c9TUDES DE FAISABILITE &#8212; Efficiency Manitoba<\/title>\n<meta name=\"robots\" content=\"index, follow, max-snippet:-1, max-image-preview:large, max-video-preview:-1\" \/>\n<link rel=\"canonical\" href=\"https:\/\/efficiencymb.ca\/fr\/business\/feasibility-studies\/\" \/>\n<meta property=\"og:locale\" content=\"fr_FR\" \/>\n<meta property=\"og:type\" content=\"article\" \/>\n<meta property=\"og:title\" content=\"\u00c9TUDES DE FAISABILITE &#8212; Efficiency Manitoba\" \/>\n<meta property=\"og:description\" content=\"Vous avez en t\u00eate un projet ou une am\u00e9lioration de syst\u00e8me pour votre installation qui devrait vous permettre d\u2019\u00e9conomiser de l\u2019\u00e9nergie, et vous voulez mieux comprendre les possibilit\u00e9s et les co\u00fbts potentiels? Une \u00e9tude de faisabilit\u00e9 peut quantifier la viabilit\u00e9 technique, les \u00e9conomies d\u2019\u00e9nergie potentielles et l\u2019aspect financier global du projet. Ce programme est id\u00e9alcontinue-reading\" \/>\n<meta property=\"og:url\" content=\"https:\/\/efficiencymb.ca\/fr\/business\/feasibility-studies\/\" \/>\n<meta property=\"og:site_name\" content=\"Efficiency Manitoba\" \/>\n<meta property=\"article:modified_time\" content=\"2023-08-16T14:08:01+00:00\" \/>\n<meta property=\"og:image\" content=\"https:\/\/efficiencymb.ca\/wp-content\/uploads\/Feasibility-Studies-scaled-e1689364972462.jpg\" \/>\n\t<meta property=\"og:image:width\" content=\"2560\" \/>\n\t<meta property=\"og:image:height\" content=\"1709\" \/>\n\t<meta property=\"og:image:type\" content=\"image\/jpeg\" \/>\n<meta name=\"twitter:card\" content=\"summary_large_image\" \/>\n<meta name=\"twitter:label1\" content=\"Dur\u00e9e de lecture estim\u00e9e\" \/>\n\t<meta name=\"twitter:data1\" content=\"3 minutes\" \/>\n<script type=\"application\/ld+json\" class=\"yoast-schema-graph\">{\"@context\":\"https:\\\/\\\/schema.org\",\"@graph\":[{\"@type\":\"WebPage\",\"@id\":\"https:\\\/\\\/efficiencymb.ca\\\/fr\\\/business\\\/feasibility-studies\\\/\",\"url\":\"https:\\\/\\\/efficiencymb.ca\\\/fr\\\/business\\\/feasibility-studies\\\/\",\"name\":\"\u00c9TUDES DE FAISABILITE &#8212; Efficiency Manitoba\",\"isPartOf\":{\"@id\":\"https:\\\/\\\/efficiencymb.ca\\\/#website\"},\"primaryImageOfPage\":{\"@id\":\"https:\\\/\\\/efficiencymb.ca\\\/fr\\\/business\\\/feasibility-studies\\\/#primaryimage\"},\"image\":{\"@id\":\"https:\\\/\\\/efficiencymb.ca\\\/fr\\\/business\\\/feasibility-studies\\\/#primaryimage\"},\"thumbnailUrl\":\"https:\\\/\\\/efficiencymb.ca\\\/wp-content\\\/uploads\\\/Feasibility-Studies-scaled-e1689364972462.jpg\",\"datePublished\":\"2023-08-08T14:31:32+00:00\",\"dateModified\":\"2023-08-16T14:08:01+00:00\",\"breadcrumb\":{\"@id\":\"https:\\\/\\\/efficiencymb.ca\\\/fr\\\/business\\\/feasibility-studies\\\/#breadcrumb\"},\"inLanguage\":\"fr-FR\",\"potentialAction\":[{\"@type\":\"ReadAction\",\"target\":[\"https:\\\/\\\/efficiencymb.ca\\\/fr\\\/business\\\/feasibility-studies\\\/\"]}]},{\"@type\":\"ImageObject\",\"inLanguage\":\"fr-FR\",\"@id\":\"https:\\\/\\\/efficiencymb.ca\\\/fr\\\/business\\\/feasibility-studies\\\/#primaryimage\",\"url\":\"https:\\\/\\\/efficiencymb.ca\\\/wp-content\\\/uploads\\\/Feasibility-Studies-scaled-e1689364972462.jpg\",\"contentUrl\":\"https:\\\/\\\/efficiencymb.ca\\\/wp-content\\\/uploads\\\/Feasibility-Studies-scaled-e1689364972462.jpg\",\"width\":2560,\"height\":1709},{\"@type\":\"BreadcrumbList\",\"@id\":\"https:\\\/\\\/efficiencymb.ca\\\/fr\\\/business\\\/feasibility-studies\\\/#breadcrumb\",\"itemListElement\":[{\"@type\":\"ListItem\",\"position\":1,\"name\":\"Home\",\"item\":\"https:\\\/\\\/efficiencymb.ca\\\/fr\\\/\"},{\"@type\":\"ListItem\",\"position\":2,\"name\":\"MON ENTREPRISE\",\"item\":\"https:\\\/\\\/efficiencymb.ca\\\/fr\\\/business\\\/\"},{\"@type\":\"ListItem\",\"position\":3,\"name\":\"\u00c9TUDES DE FAISABILITE\"}]},{\"@type\":\"WebSite\",\"@id\":\"https:\\\/\\\/efficiencymb.ca\\\/#website\",\"url\":\"https:\\\/\\\/efficiencymb.ca\\\/\",\"name\":\"Efficiency Manitoba\",\"description\":\"\",\"publisher\":{\"@id\":\"https:\\\/\\\/efficiencymb.ca\\\/#organization\"},\"potentialAction\":[{\"@type\":\"SearchAction\",\"target\":{\"@type\":\"EntryPoint\",\"urlTemplate\":\"https:\\\/\\\/efficiencymb.ca\\\/?s={search_term_string}\"},\"query-input\":{\"@type\":\"PropertyValueSpecification\",\"valueRequired\":true,\"valueName\":\"search_term_string\"}}],\"inLanguage\":\"fr-FR\"},{\"@type\":\"Organization\",\"@id\":\"https:\\\/\\\/efficiencymb.ca\\\/#organization\",\"name\":\"Efficiency Manitoba\",\"url\":\"https:\\\/\\\/efficiencymb.ca\\\/\",\"logo\":{\"@type\":\"ImageObject\",\"inLanguage\":\"fr-FR\",\"@id\":\"https:\\\/\\\/efficiencymb.ca\\\/#\\\/schema\\\/logo\\\/image\\\/\",\"url\":\"https:\\\/\\\/efficiencymb.ca\\\/wp-content\\\/uploads\\\/em-logo-white-en.png\",\"contentUrl\":\"https:\\\/\\\/efficiencymb.ca\\\/wp-content\\\/uploads\\\/em-logo-white-en.png\",\"width\":388,\"height\":91,\"caption\":\"Efficiency Manitoba\"},\"image\":{\"@id\":\"https:\\\/\\\/efficiencymb.ca\\\/#\\\/schema\\\/logo\\\/image\\\/\"}}]}<\/script>\n<!-- \/ Yoast SEO plugin. -->","yoast_head_json":{"title":"\u00c9TUDES DE FAISABILITE &#8212; Efficiency Manitoba","robots":{"index":"index","follow":"follow","max-snippet":"max-snippet:-1","max-image-preview":"max-image-preview:large","max-video-preview":"max-video-preview:-1"},"canonical":"https:\/\/efficiencymb.ca\/fr\/business\/feasibility-studies\/","og_locale":"fr_FR","og_type":"article","og_title":"\u00c9TUDES DE FAISABILITE &#8212; Efficiency Manitoba","og_description":"Vous avez en t\u00eate un projet ou une am\u00e9lioration de syst\u00e8me pour votre installation qui devrait vous permettre d\u2019\u00e9conomiser de l\u2019\u00e9nergie, et vous voulez mieux comprendre les possibilit\u00e9s et les co\u00fbts potentiels? Une \u00e9tude de faisabilit\u00e9 peut quantifier la viabilit\u00e9 technique, les \u00e9conomies d\u2019\u00e9nergie potentielles et l\u2019aspect financier global du projet. Ce programme est id\u00e9alcontinue-reading","og_url":"https:\/\/efficiencymb.ca\/fr\/business\/feasibility-studies\/","og_site_name":"Efficiency Manitoba","article_modified_time":"2023-08-16T14:08:01+00:00","og_image":[{"width":2560,"height":1709,"url":"https:\/\/efficiencymb.ca\/wp-content\/uploads\/Feasibility-Studies-scaled-e1689364972462.jpg","type":"image\/jpeg"}],"twitter_card":"summary_large_image","twitter_misc":{"Dur\u00e9e de lecture estim\u00e9e":"3 minutes"},"schema":{"@context":"https:\/\/schema.org","@graph":[{"@type":"WebPage","@id":"https:\/\/efficiencymb.ca\/fr\/business\/feasibility-studies\/","url":"https:\/\/efficiencymb.ca\/fr\/business\/feasibility-studies\/","name":"\u00c9TUDES DE FAISABILITE &#8212; Efficiency Manitoba","isPartOf":{"@id":"https:\/\/efficiencymb.ca\/#website"},"primaryImageOfPage":{"@id":"https:\/\/efficiencymb.ca\/fr\/business\/feasibility-studies\/#primaryimage"},"image":{"@id":"https:\/\/efficiencymb.ca\/fr\/business\/feasibility-studies\/#primaryimage"},"thumbnailUrl":"https:\/\/efficiencymb.ca\/wp-content\/uploads\/Feasibility-Studies-scaled-e1689364972462.jpg","datePublished":"2023-08-08T14:31:32+00:00","dateModified":"2023-08-16T14:08:01+00:00","breadcrumb":{"@id":"https:\/\/efficiencymb.ca\/fr\/business\/feasibility-studies\/#breadcrumb"},"inLanguage":"fr-FR","potentialAction":[{"@type":"ReadAction","target":["https:\/\/efficiencymb.ca\/fr\/business\/feasibility-studies\/"]}]},{"@type":"ImageObject","inLanguage":"fr-FR","@id":"https:\/\/efficiencymb.ca\/fr\/business\/feasibility-studies\/#primaryimage","url":"https:\/\/efficiencymb.ca\/wp-content\/uploads\/Feasibility-Studies-scaled-e1689364972462.jpg","contentUrl":"https:\/\/efficiencymb.ca\/wp-content\/uploads\/Feasibility-Studies-scaled-e1689364972462.jpg","width":2560,"height":1709},{"@type":"BreadcrumbList","@id":"https:\/\/efficiencymb.ca\/fr\/business\/feasibility-studies\/#breadcrumb","itemListElement":[{"@type":"ListItem","position":1,"name":"Home","item":"https:\/\/efficiencymb.ca\/fr\/"},{"@type":"ListItem","position":2,"name":"MON ENTREPRISE","item":"https:\/\/efficiencymb.ca\/fr\/business\/"},{"@type":"ListItem","position":3,"name":"\u00c9TUDES DE FAISABILITE"}]},{"@type":"WebSite","@id":"https:\/\/efficiencymb.ca\/#website","url":"https:\/\/efficiencymb.ca\/","name":"Efficiency Manitoba","description":"","publisher":{"@id":"https:\/\/efficiencymb.ca\/#organization"},"potentialAction":[{"@type":"SearchAction","target":{"@type":"EntryPoint","urlTemplate":"https:\/\/efficiencymb.ca\/?s={search_term_string}"},"query-input":{"@type":"PropertyValueSpecification","valueRequired":true,"valueName":"search_term_string"}}],"inLanguage":"fr-FR"},{"@type":"Organization","@id":"https:\/\/efficiencymb.ca\/#organization","name":"Efficiency Manitoba","url":"https:\/\/efficiencymb.ca\/","logo":{"@type":"ImageObject","inLanguage":"fr-FR","@id":"https:\/\/efficiencymb.ca\/#\/schema\/logo\/image\/","url":"https:\/\/efficiencymb.ca\/wp-content\/uploads\/em-logo-white-en.png","contentUrl":"https:\/\/efficiencymb.ca\/wp-content\/uploads\/em-logo-white-en.png","width":388,"height":91,"caption":"Efficiency Manitoba"},"image":{"@id":"https:\/\/efficiencymb.ca\/#\/schema\/logo\/image\/"}}]}},"_links":{"self":[{"href":"https:\/\/efficiencymb.ca\/fr\/wp-json\/wp\/v2\/pages\/54985","targetHints":{"allow":["GET"]}}],"collection":[{"href":"https:\/\/efficiencymb.ca\/fr\/wp-json\/wp\/v2\/pages"}],"about":[{"href":"https:\/\/efficiencymb.ca\/fr\/wp-json\/wp\/v2\/types\/page"}],"author":[{"embeddable":true,"href":"https:\/\/efficiencymb.ca\/fr\/wp-json\/wp\/v2\/users\/10"}],"replies":[{"embeddable":true,"href":"https:\/\/efficiencymb.ca\/fr\/wp-json\/wp\/v2\/comments?post=54985"}],"version-history":[{"count":4,"href":"https:\/\/efficiencymb.ca\/fr\/wp-json\/wp\/v2\/pages\/54985\/revisions"}],"predecessor-version":[{"id":55623,"href":"https:\/\/efficiencymb.ca\/fr\/wp-json\/wp\/v2\/pages\/54985\/revisions\/55623"}],"up":[{"embeddable":true,"href":"https:\/\/efficiencymb.ca\/fr\/wp-json\/wp\/v2\/pages\/13103"}],"wp:featuredmedia":[{"embeddable":true,"href":"https:\/\/efficiencymb.ca\/fr\/wp-json\/wp\/v2\/media\/54987"}],"wp:attachment":[{"href":"https:\/\/efficiencymb.ca\/fr\/wp-json\/wp\/v2\/media?parent=54985"}],"curies":[{"name":"wp","href":"https:\/\/api.w.org\/{rel}","templated":true}]}}