{"id":54972,"date":"2023-08-08T09:33:40","date_gmt":"2023-08-08T14:33:40","guid":{"rendered":"https:\/\/efficiencymb.ca\/?page_id=54972"},"modified":"2023-08-16T08:48:39","modified_gmt":"2023-08-16T13:48:39","slug":"benchmark-studies-for-compressed-air-systems","status":"publish","type":"page","link":"https:\/\/efficiencymb.ca\/fr\/business\/benchmark-studies-for-compressed-air-systems\/","title":{"rendered":"\u00c9TUDES DE R\u00c9F\u00c9RENCE POUR LES CIRCUITS D&rsquo;AIR COMPRIM\u00c9"},"content":{"rendered":"\n<div class=\"wp-block-group is-style-content-wide\"><div class=\"wp-block-group__inner-container is-layout-flow wp-block-group-is-layout-flow\">\n<h1 class=\"wp-block-heading has-text-align-center is-style-hero-heading\">\u00c9TUDES DE R\u00c9F\u00c9RENCE POUR LES CIRCUITS D&rsquo;AIR COMPRIM\u00c9<\/h1>\n\n\n\n<p class=\"has-text-align-center has-medium-font-size\">Les circuits d\u2019air comprim\u00e9 consomment souvent d\u2019importantes quantit\u00e9s d\u2019\u00e9nergie. L\u2019am\u00e9lioration de votre circuit d\u2019air comprim\u00e9 peut r\u00e9duire vos d\u00e9penses \u00e9nerg\u00e9tiques. Elle peut \u00e9galement vous aider \u00e0 corriger la basse pression de l\u2019air, l\u2019humidit\u00e9 dans les conduites d\u2019air, la mauvaise fiabilit\u00e9 et les interruptions de production.<\/p>\n\n\n\n<p class=\"has-text-align-center has-medium-font-size\">Efficacit\u00e9 Manitoba effectuera gratuitement une \u00e9tude de r\u00e9f\u00e9rence pour votre circuit d\u2019air comprim\u00e9 afin de trouver des possibilit\u00e9s d\u2019\u00e9conomie d\u2019\u00e9nergie. Nous collaborons avec des sp\u00e9cialistes de l\u2019air comprim\u00e9 pr\u00e9qualifi\u00e9s, qui se rendront dans votre \u00e9tablissement et effectueront un enregistrement de r\u00e9f\u00e9rence de votre syst\u00e8me. Nos experts techniques analyseront les donn\u00e9es et vous fourniront un rapport renfermant des renseignements pr\u00e9cieux sur votre syst\u00e8me, ce qui vous aidera \u00e0 d\u00e9terminer la taille appropri\u00e9e des appareils de remplacement et d\u2019autres points \u00e0 am\u00e9liorer. Nous travaillerons avec vous pour trouver des am\u00e9liorations \u00e9co\u00e9nerg\u00e9tiques qui sont admissibles \u00e0 des incitatifs dans le cadre de notre <a href=\"https:\/\/efficiencymb.ca\/fr\/business\/custom-solutions\/\" target=\"_blank\" rel=\"noreferrer noopener\">Programme de solutions \u00e9nerg\u00e9tiques sur mesure<\/a>.&nbsp;&nbsp;<\/p>\n\n\n\n<p class=\"has-text-align-center has-medium-font-size\">En moyenne, 10&nbsp;% de la plupart des co\u00fbts \u00e9nerg\u00e9tiques industriels sont li\u00e9s \u00e0 la consommation d\u2019\u00e9nergie n\u00e9cessaire aux circuits d\u2019air comprim\u00e9. L\u2019optimisation du syst\u00e8me peut r\u00e9duire la consommation d\u2019\u00e9nergie de 30&nbsp;% en moyenne et jusqu\u2019\u00e0 85&nbsp;% dans certains cas.&nbsp;<\/p>\n<\/div><\/div>\n\n\n\n<div style=\"height:100px\" aria-hidden=\"true\" class=\"wp-block-spacer\"><\/div>\n\n\n\n<figure class=\"wp-block-image size-full slant\"><img loading=\"lazy\" decoding=\"async\" width=\"2000\" height=\"400\" src=\"https:\/\/efficiencymb.ca\/wp-content\/uploads\/bg-two-tone-green@2x.png\" alt=\"\" class=\"wp-image-592\" srcset=\"https:\/\/efficiencymb.ca\/wp-content\/uploads\/bg-two-tone-green@2x.png 2000w, https:\/\/efficiencymb.ca\/wp-content\/uploads\/bg-two-tone-green@2x-479x96.png 479w, https:\/\/efficiencymb.ca\/wp-content\/uploads\/bg-two-tone-green@2x-1024x205.png 1024w, https:\/\/efficiencymb.ca\/wp-content\/uploads\/bg-two-tone-green@2x-768x154.png 768w, https:\/\/efficiencymb.ca\/wp-content\/uploads\/bg-two-tone-green@2x-1536x307.png 1536w\" sizes=\"auto, (max-width: 2000px) 100vw, 2000px\" \/><\/figure>\n\n\n\n<div class=\"wp-block-group has-background\" style=\"background-color:#f4f3f3\"><div class=\"wp-block-group__inner-container is-layout-flow wp-block-group-is-layout-flow\">\n<div class=\"wp-block-group is-style-content-columns\"><div class=\"wp-block-group__inner-container is-layout-flow wp-block-group-is-layout-flow\">\n<h2 class=\"wp-block-heading has-text-align-center hero-title text-center single-col-text is-style-hero-heading\">MARCHE \u00c0 SUIVRE POUR PARTICIPER<\/h2>\n<\/div><\/div>\n\n\n\n<ol class=\"iconic-list large\">\n<li>\n<h3><strong>CONTACTEZ-NOUS<\/strong><\/h3>\n<p>Envoyez un courriel \u00e0 <a href=\"mailto:CustomSolutions@efficiencyMB.ca\">CustomSolutions@efficiencyMB.ca<\/a> pour indiquer que vous souhaitez qu\u2019une \u00e9tude de r\u00e9f\u00e9rence soit effectu\u00e9e pour votre circuit d\u2019air comprim\u00e9. Nous communiquerons avec vous pour d\u00e9terminer si votre \u00e9tablissement est admissible au programme.<\/p>\n<\/li>\n<li>\n<h3><strong>CHOISISSEZ<\/strong> UN ENTREPRENEUR PR\u00c9QUALIFI\u00c9 POUR EFFECTUER VOTRE ENREGISTREMENT DE R\u00c9F\u00c9RENCE<\/h3>\n<p>Une fois que nous avons d\u00e9termin\u00e9 que le programme vous convient, choisissez un entrepreneur sur notre <a href=\"https:\/\/efficiencymb.ca\/wp-content\/uploads\/Compressed-air-service-providers.pdf\">liste d\u2019entrepreneurs pr\u00e9qualifi\u00e9s en air comprim\u00e9<\/a> et communiquez avec cette personne pour d\u00e9marrer le projet. L\u2019entrepreneur travaillera avec vous pour d\u00e9terminer les exigences en mati\u00e8re d\u2019enregistrement et envoyer un bon de travail \u00e0 approuver par Efficacit\u00e9 Manitoba.<\/p>\n<\/li>\n<li>\n<h3><strong>FAITES FAIRE<\/strong> VOTRE ENREGISTREMENT DE R\u00c9F\u00c9RENCE<\/h3>\n<p>L\u2019entrepreneur effectuera l\u2019enregistrement de r\u00e9f\u00e9rence de votre circuit d\u2019air comprim\u00e9 et fournira les donn\u00e9es \u00e0 Efficacit\u00e9 Manitoba.<\/p>\n<\/li>\n<li>\n<h3>&nbsp;OBT<strong style=\"color: revert; font-size: revert;\">ENEZ<\/strong><span style=\"color: revert; font-size: revert; font-weight: revert;\"> VOTRE RAPPORT<\/span><\/h3>\n<p>Un expert technique d\u2019Efficacit\u00e9 Manitoba analysera les donn\u00e9es et vous fournira un rapport qui indiquera des possibilit\u00e9s d\u2019\u00e9conomie d\u2019\u00e9nergie. La plupart des am\u00e9liorations \u00e9co\u00e9nerg\u00e9tiques seront admissibles \u00e0 des incitatifs dans le cadre de notre <a href=\"https:\/\/efficiencymb.ca\/fr\/business\/custom-solutions\/\">Programme de solutions \u00e9nerg\u00e9tiques sur mesure<\/a>.<\/p>\n<\/li>\n<\/ol>\n\n\n<div class=\"theme-button wp-block-button aligncenter\">\r\n\t<a  class=\"wp-block-button__link has-background no-border-radius button cta button-large\" href=\"mailto:CustomSolutions@efficiencyMB.ca\"><strong>CONTACTEZ-NOUS <\/strong><br>POUR COMMENCER \u00c0 \u00c9CONOMISER<\/a>\r\n<\/div><\/div><\/div>\n\n\n\n<figure class=\"wp-block-image size-full\"><img loading=\"lazy\" decoding=\"async\" width=\"2000\" height=\"400\" src=\"https:\/\/efficiencymb.ca\/wp-content\/uploads\/bg-two-tone-green@2x-edited-1.png\" alt=\"\" class=\"wp-image-12078\" srcset=\"https:\/\/efficiencymb.ca\/wp-content\/uploads\/bg-two-tone-green@2x-edited-1.png 2000w, https:\/\/efficiencymb.ca\/wp-content\/uploads\/bg-two-tone-green@2x-edited-1-479x96.png 479w, https:\/\/efficiencymb.ca\/wp-content\/uploads\/bg-two-tone-green@2x-edited-1-1024x205.png 1024w, https:\/\/efficiencymb.ca\/wp-content\/uploads\/bg-two-tone-green@2x-edited-1-768x154.png 768w, https:\/\/efficiencymb.ca\/wp-content\/uploads\/bg-two-tone-green@2x-edited-1-1536x307.png 1536w\" sizes=\"auto, (max-width: 2000px) 100vw, 2000px\" \/><\/figure>\n\n\n\n<p><\/p>\n","protected":false},"excerpt":{"rendered":"<p>\u00c9TUDES DE R\u00c9F\u00c9RENCE POUR LES CIRCUITS D&rsquo;AIR COMPRIM\u00c9 Les circuits d\u2019air comprim\u00e9 consomment souvent d\u2019importantes quantit\u00e9s d\u2019\u00e9nergie. L\u2019am\u00e9lioration de votre circuit d\u2019air comprim\u00e9 peut r\u00e9duire vos d\u00e9penses \u00e9nerg\u00e9tiques. Elle peut \u00e9galement vous aider \u00e0 corriger la basse pression de l\u2019air, l\u2019humidit\u00e9 dans les conduites d\u2019air, la mauvaise fiabilit\u00e9 et les interruptions de production. Efficacit\u00e9 Manitobacontinue-reading<\/p>\n","protected":false},"author":10,"featured_media":68333,"parent":13103,"menu_order":0,"comment_status":"closed","ping_status":"closed","template":"","meta":{"_acf_changed":false,"footnotes":""},"class_list":["post-54972","page","type-page","status-publish","has-post-thumbnail","hentry","page_cat-programs"],"acf":[],"yoast_head":"<!-- This site is optimized with the Yoast SEO plugin v27.3 - https:\/\/yoast.com\/product\/yoast-seo-wordpress\/ -->\n<title>\u00c9TUDES DE R\u00c9F\u00c9RENCE POUR LES CIRCUITS D&#039;AIR COMPRIM\u00c9 &#8212; Efficiency Manitoba<\/title>\n<meta name=\"robots\" content=\"index, follow, max-snippet:-1, max-image-preview:large, max-video-preview:-1\" \/>\n<link rel=\"canonical\" href=\"https:\/\/efficiencymb.ca\/fr\/business\/benchmark-studies-for-compressed-air-systems\/\" \/>\n<meta property=\"og:locale\" content=\"fr_FR\" \/>\n<meta property=\"og:type\" content=\"article\" \/>\n<meta property=\"og:title\" content=\"\u00c9TUDES DE R\u00c9F\u00c9RENCE POUR LES CIRCUITS D&#039;AIR COMPRIM\u00c9 &#8212; Efficiency Manitoba\" \/>\n<meta property=\"og:description\" content=\"\u00c9TUDES DE R\u00c9F\u00c9RENCE POUR LES CIRCUITS D&rsquo;AIR COMPRIM\u00c9 Les circuits d\u2019air comprim\u00e9 consomment souvent d\u2019importantes quantit\u00e9s d\u2019\u00e9nergie. L\u2019am\u00e9lioration de votre circuit d\u2019air comprim\u00e9 peut r\u00e9duire vos d\u00e9penses \u00e9nerg\u00e9tiques. Elle peut \u00e9galement vous aider \u00e0 corriger la basse pression de l\u2019air, l\u2019humidit\u00e9 dans les conduites d\u2019air, la mauvaise fiabilit\u00e9 et les interruptions de production. Efficacit\u00e9 Manitobacontinue-reading\" \/>\n<meta property=\"og:url\" content=\"https:\/\/efficiencymb.ca\/fr\/business\/benchmark-studies-for-compressed-air-systems\/\" \/>\n<meta property=\"og:site_name\" content=\"Efficiency Manitoba\" \/>\n<meta property=\"article:modified_time\" content=\"2023-08-16T13:48:39+00:00\" \/>\n<meta property=\"og:image\" content=\"https:\/\/efficiencymb.ca\/wp-content\/uploads\/Benchmark-Studies-scaled-e1689363632351.jpg\" \/>\n\t<meta property=\"og:image:width\" content=\"2560\" \/>\n\t<meta property=\"og:image:height\" content=\"1707\" \/>\n\t<meta property=\"og:image:type\" content=\"image\/jpeg\" \/>\n<meta name=\"twitter:card\" content=\"summary_large_image\" \/>\n<meta name=\"twitter:label1\" content=\"Dur\u00e9e de lecture estim\u00e9e\" \/>\n\t<meta name=\"twitter:data1\" content=\"3 minutes\" \/>\n<script type=\"application\/ld+json\" class=\"yoast-schema-graph\">{\"@context\":\"https:\\\/\\\/schema.org\",\"@graph\":[{\"@type\":\"WebPage\",\"@id\":\"https:\\\/\\\/efficiencymb.ca\\\/fr\\\/business\\\/benchmark-studies-for-compressed-air-systems\\\/\",\"url\":\"https:\\\/\\\/efficiencymb.ca\\\/fr\\\/business\\\/benchmark-studies-for-compressed-air-systems\\\/\",\"name\":\"\u00c9TUDES DE R\u00c9F\u00c9RENCE POUR LES CIRCUITS D'AIR COMPRIM\u00c9 &#8212; Efficiency Manitoba\",\"isPartOf\":{\"@id\":\"https:\\\/\\\/efficiencymb.ca\\\/#website\"},\"primaryImageOfPage\":{\"@id\":\"https:\\\/\\\/efficiencymb.ca\\\/fr\\\/business\\\/benchmark-studies-for-compressed-air-systems\\\/#primaryimage\"},\"image\":{\"@id\":\"https:\\\/\\\/efficiencymb.ca\\\/fr\\\/business\\\/benchmark-studies-for-compressed-air-systems\\\/#primaryimage\"},\"thumbnailUrl\":\"https:\\\/\\\/efficiencymb.ca\\\/wp-content\\\/uploads\\\/technician-engineer-working-in-industrial-plant-by-checking-valve-pipe-GettyImages-1306078789-edited-1-scaled-e1728315258919.jpg\",\"datePublished\":\"2023-08-08T14:33:40+00:00\",\"dateModified\":\"2023-08-16T13:48:39+00:00\",\"breadcrumb\":{\"@id\":\"https:\\\/\\\/efficiencymb.ca\\\/fr\\\/business\\\/benchmark-studies-for-compressed-air-systems\\\/#breadcrumb\"},\"inLanguage\":\"fr-FR\",\"potentialAction\":[{\"@type\":\"ReadAction\",\"target\":[\"https:\\\/\\\/efficiencymb.ca\\\/fr\\\/business\\\/benchmark-studies-for-compressed-air-systems\\\/\"]}]},{\"@type\":\"ImageObject\",\"inLanguage\":\"fr-FR\",\"@id\":\"https:\\\/\\\/efficiencymb.ca\\\/fr\\\/business\\\/benchmark-studies-for-compressed-air-systems\\\/#primaryimage\",\"url\":\"https:\\\/\\\/efficiencymb.ca\\\/wp-content\\\/uploads\\\/technician-engineer-working-in-industrial-plant-by-checking-valve-pipe-GettyImages-1306078789-edited-1-scaled-e1728315258919.jpg\",\"contentUrl\":\"https:\\\/\\\/efficiencymb.ca\\\/wp-content\\\/uploads\\\/technician-engineer-working-in-industrial-plant-by-checking-valve-pipe-GettyImages-1306078789-edited-1-scaled-e1728315258919.jpg\",\"width\":2560,\"height\":1707,\"caption\":\"Technician engineer working in industrial plant by checking valve pipe, operation engineer working in industrial plant with tablet\"},{\"@type\":\"BreadcrumbList\",\"@id\":\"https:\\\/\\\/efficiencymb.ca\\\/fr\\\/business\\\/benchmark-studies-for-compressed-air-systems\\\/#breadcrumb\",\"itemListElement\":[{\"@type\":\"ListItem\",\"position\":1,\"name\":\"Home\",\"item\":\"https:\\\/\\\/efficiencymb.ca\\\/fr\\\/\"},{\"@type\":\"ListItem\",\"position\":2,\"name\":\"MON ENTREPRISE\",\"item\":\"https:\\\/\\\/efficiencymb.ca\\\/fr\\\/business\\\/\"},{\"@type\":\"ListItem\",\"position\":3,\"name\":\"\u00c9TUDES DE R\u00c9F\u00c9RENCE POUR LES CIRCUITS D&#8217;AIR COMPRIM\u00c9\"}]},{\"@type\":\"WebSite\",\"@id\":\"https:\\\/\\\/efficiencymb.ca\\\/#website\",\"url\":\"https:\\\/\\\/efficiencymb.ca\\\/\",\"name\":\"Efficiency Manitoba\",\"description\":\"\",\"publisher\":{\"@id\":\"https:\\\/\\\/efficiencymb.ca\\\/#organization\"},\"potentialAction\":[{\"@type\":\"SearchAction\",\"target\":{\"@type\":\"EntryPoint\",\"urlTemplate\":\"https:\\\/\\\/efficiencymb.ca\\\/?s={search_term_string}\"},\"query-input\":{\"@type\":\"PropertyValueSpecification\",\"valueRequired\":true,\"valueName\":\"search_term_string\"}}],\"inLanguage\":\"fr-FR\"},{\"@type\":\"Organization\",\"@id\":\"https:\\\/\\\/efficiencymb.ca\\\/#organization\",\"name\":\"Efficiency Manitoba\",\"url\":\"https:\\\/\\\/efficiencymb.ca\\\/\",\"logo\":{\"@type\":\"ImageObject\",\"inLanguage\":\"fr-FR\",\"@id\":\"https:\\\/\\\/efficiencymb.ca\\\/#\\\/schema\\\/logo\\\/image\\\/\",\"url\":\"https:\\\/\\\/efficiencymb.ca\\\/wp-content\\\/uploads\\\/em-logo-white-en.png\",\"contentUrl\":\"https:\\\/\\\/efficiencymb.ca\\\/wp-content\\\/uploads\\\/em-logo-white-en.png\",\"width\":388,\"height\":91,\"caption\":\"Efficiency Manitoba\"},\"image\":{\"@id\":\"https:\\\/\\\/efficiencymb.ca\\\/#\\\/schema\\\/logo\\\/image\\\/\"}}]}<\/script>\n<!-- \/ Yoast SEO plugin. -->","yoast_head_json":{"title":"\u00c9TUDES DE R\u00c9F\u00c9RENCE POUR LES CIRCUITS D'AIR COMPRIM\u00c9 &#8212; Efficiency Manitoba","robots":{"index":"index","follow":"follow","max-snippet":"max-snippet:-1","max-image-preview":"max-image-preview:large","max-video-preview":"max-video-preview:-1"},"canonical":"https:\/\/efficiencymb.ca\/fr\/business\/benchmark-studies-for-compressed-air-systems\/","og_locale":"fr_FR","og_type":"article","og_title":"\u00c9TUDES DE R\u00c9F\u00c9RENCE POUR LES CIRCUITS D'AIR COMPRIM\u00c9 &#8212; Efficiency Manitoba","og_description":"\u00c9TUDES DE R\u00c9F\u00c9RENCE POUR LES CIRCUITS D&rsquo;AIR COMPRIM\u00c9 Les circuits d\u2019air comprim\u00e9 consomment souvent d\u2019importantes quantit\u00e9s d\u2019\u00e9nergie. L\u2019am\u00e9lioration de votre circuit d\u2019air comprim\u00e9 peut r\u00e9duire vos d\u00e9penses \u00e9nerg\u00e9tiques. Elle peut \u00e9galement vous aider \u00e0 corriger la basse pression de l\u2019air, l\u2019humidit\u00e9 dans les conduites d\u2019air, la mauvaise fiabilit\u00e9 et les interruptions de production. Efficacit\u00e9 Manitobacontinue-reading","og_url":"https:\/\/efficiencymb.ca\/fr\/business\/benchmark-studies-for-compressed-air-systems\/","og_site_name":"Efficiency Manitoba","article_modified_time":"2023-08-16T13:48:39+00:00","og_image":[{"width":2560,"height":1707,"url":"https:\/\/efficiencymb.ca\/wp-content\/uploads\/Benchmark-Studies-scaled-e1689363632351.jpg","type":"image\/jpeg"}],"twitter_card":"summary_large_image","twitter_misc":{"Dur\u00e9e de lecture estim\u00e9e":"3 minutes"},"schema":{"@context":"https:\/\/schema.org","@graph":[{"@type":"WebPage","@id":"https:\/\/efficiencymb.ca\/fr\/business\/benchmark-studies-for-compressed-air-systems\/","url":"https:\/\/efficiencymb.ca\/fr\/business\/benchmark-studies-for-compressed-air-systems\/","name":"\u00c9TUDES DE R\u00c9F\u00c9RENCE POUR LES CIRCUITS D'AIR COMPRIM\u00c9 &#8212; Efficiency Manitoba","isPartOf":{"@id":"https:\/\/efficiencymb.ca\/#website"},"primaryImageOfPage":{"@id":"https:\/\/efficiencymb.ca\/fr\/business\/benchmark-studies-for-compressed-air-systems\/#primaryimage"},"image":{"@id":"https:\/\/efficiencymb.ca\/fr\/business\/benchmark-studies-for-compressed-air-systems\/#primaryimage"},"thumbnailUrl":"https:\/\/efficiencymb.ca\/wp-content\/uploads\/technician-engineer-working-in-industrial-plant-by-checking-valve-pipe-GettyImages-1306078789-edited-1-scaled-e1728315258919.jpg","datePublished":"2023-08-08T14:33:40+00:00","dateModified":"2023-08-16T13:48:39+00:00","breadcrumb":{"@id":"https:\/\/efficiencymb.ca\/fr\/business\/benchmark-studies-for-compressed-air-systems\/#breadcrumb"},"inLanguage":"fr-FR","potentialAction":[{"@type":"ReadAction","target":["https:\/\/efficiencymb.ca\/fr\/business\/benchmark-studies-for-compressed-air-systems\/"]}]},{"@type":"ImageObject","inLanguage":"fr-FR","@id":"https:\/\/efficiencymb.ca\/fr\/business\/benchmark-studies-for-compressed-air-systems\/#primaryimage","url":"https:\/\/efficiencymb.ca\/wp-content\/uploads\/technician-engineer-working-in-industrial-plant-by-checking-valve-pipe-GettyImages-1306078789-edited-1-scaled-e1728315258919.jpg","contentUrl":"https:\/\/efficiencymb.ca\/wp-content\/uploads\/technician-engineer-working-in-industrial-plant-by-checking-valve-pipe-GettyImages-1306078789-edited-1-scaled-e1728315258919.jpg","width":2560,"height":1707,"caption":"Technician engineer working in industrial plant by checking valve pipe, operation engineer working in industrial plant with tablet"},{"@type":"BreadcrumbList","@id":"https:\/\/efficiencymb.ca\/fr\/business\/benchmark-studies-for-compressed-air-systems\/#breadcrumb","itemListElement":[{"@type":"ListItem","position":1,"name":"Home","item":"https:\/\/efficiencymb.ca\/fr\/"},{"@type":"ListItem","position":2,"name":"MON ENTREPRISE","item":"https:\/\/efficiencymb.ca\/fr\/business\/"},{"@type":"ListItem","position":3,"name":"\u00c9TUDES DE R\u00c9F\u00c9RENCE POUR LES CIRCUITS D&#8217;AIR COMPRIM\u00c9"}]},{"@type":"WebSite","@id":"https:\/\/efficiencymb.ca\/#website","url":"https:\/\/efficiencymb.ca\/","name":"Efficiency Manitoba","description":"","publisher":{"@id":"https:\/\/efficiencymb.ca\/#organization"},"potentialAction":[{"@type":"SearchAction","target":{"@type":"EntryPoint","urlTemplate":"https:\/\/efficiencymb.ca\/?s={search_term_string}"},"query-input":{"@type":"PropertyValueSpecification","valueRequired":true,"valueName":"search_term_string"}}],"inLanguage":"fr-FR"},{"@type":"Organization","@id":"https:\/\/efficiencymb.ca\/#organization","name":"Efficiency Manitoba","url":"https:\/\/efficiencymb.ca\/","logo":{"@type":"ImageObject","inLanguage":"fr-FR","@id":"https:\/\/efficiencymb.ca\/#\/schema\/logo\/image\/","url":"https:\/\/efficiencymb.ca\/wp-content\/uploads\/em-logo-white-en.png","contentUrl":"https:\/\/efficiencymb.ca\/wp-content\/uploads\/em-logo-white-en.png","width":388,"height":91,"caption":"Efficiency Manitoba"},"image":{"@id":"https:\/\/efficiencymb.ca\/#\/schema\/logo\/image\/"}}]}},"_links":{"self":[{"href":"https:\/\/efficiencymb.ca\/fr\/wp-json\/wp\/v2\/pages\/54972","targetHints":{"allow":["GET"]}}],"collection":[{"href":"https:\/\/efficiencymb.ca\/fr\/wp-json\/wp\/v2\/pages"}],"about":[{"href":"https:\/\/efficiencymb.ca\/fr\/wp-json\/wp\/v2\/types\/page"}],"author":[{"embeddable":true,"href":"https:\/\/efficiencymb.ca\/fr\/wp-json\/wp\/v2\/users\/10"}],"replies":[{"embeddable":true,"href":"https:\/\/efficiencymb.ca\/fr\/wp-json\/wp\/v2\/comments?post=54972"}],"version-history":[{"count":7,"href":"https:\/\/efficiencymb.ca\/fr\/wp-json\/wp\/v2\/pages\/54972\/revisions"}],"predecessor-version":[{"id":55612,"href":"https:\/\/efficiencymb.ca\/fr\/wp-json\/wp\/v2\/pages\/54972\/revisions\/55612"}],"up":[{"embeddable":true,"href":"https:\/\/efficiencymb.ca\/fr\/wp-json\/wp\/v2\/pages\/13103"}],"wp:featuredmedia":[{"embeddable":true,"href":"https:\/\/efficiencymb.ca\/fr\/wp-json\/wp\/v2\/media\/68333"}],"wp:attachment":[{"href":"https:\/\/efficiencymb.ca\/fr\/wp-json\/wp\/v2\/media?parent=54972"}],"curies":[{"name":"wp","href":"https:\/\/api.w.org\/{rel}","templated":true}]}}