{"id":54958,"date":"2023-08-08T09:32:44","date_gmt":"2023-08-08T14:32:44","guid":{"rendered":"https:\/\/efficiencymb.ca\/?page_id=54958"},"modified":"2023-08-16T09:19:33","modified_gmt":"2023-08-16T14:19:33","slug":"steam-trap-program","status":"publish","type":"page","link":"https:\/\/efficiencymb.ca\/fr\/business\/steam-trap-program\/","title":{"rendered":"PROGRAMME DE PURGEURS DE VAPEUR"},"content":{"rendered":"\n<div class=\"wp-block-group is-style-content-wide\"><div class=\"wp-block-group__inner-container is-layout-flow wp-block-group-is-layout-flow\">\n<h2 class=\"wp-block-heading has-text-align-center is-style-hero-heading-grey\"><strong>OBTENEZ UNE V\u00c9RIFICATION ET REMPLACEZ LES PURGEURS D\u00c9FAILLANTS POUR \u00c9CONOMISER DE L\u2019\u00c9NERGIE ET DE L\u2019ARGENT<\/strong><\/h2>\n\n\n\n<p class=\"has-text-align-center has-medium-font-size\">Si votre installation utilise de la vapeur pour le chauffage ou les charges de traitement, pensez \u00e0 notre Programme de purgeurs de vapeur, qui comprend une v\u00e9rification pour d\u00e9tecter les pertes, la vapeur ou les purgeurs d\u00e9fectueux qui peuvent gaspiller de l\u2019\u00e9nergie. Nous offrons un soutien technique et des incitatifs financiers pour la v\u00e9rification et le remplacement des purgeurs de vapeur d\u00e9fectueux de 15&nbsp;$ par purgeur de vapeur test\u00e9, jusqu\u2019\u00e0 concurrence de 10&nbsp;000&nbsp;$ par v\u00e9rification.&nbsp;&nbsp;<\/p>\n\n\n\n<p class=\"has-text-align-center has-medium-font-size\">Les v\u00e9rifications des purgeurs de vapeur sont id\u00e9ales pour les installations industrielles, commerciales et agricoles qui exploitent de grandes chaudi\u00e8res \u00e0 vapeur et des syst\u00e8mes de canalisation de vapeur dot\u00e9s de nombreux purgeurs de vapeur. En moyenne, de 15&nbsp;% \u00e0 30&nbsp;% des purgeurs peuvent \u00eatre d\u00e9fectueux dans les syst\u00e8mes de purgeurs de vapeur qui n\u2019ont pas \u00e9t\u00e9 entretenus depuis 3 \u00e0 5&nbsp;ans*. Une v\u00e9rification des purgeurs de vapeur \u00e0 l\u2019\u00e9chelle de l\u2019usine peut d\u00e9tecter les purgeurs \u00e0 remplacer, ce qui vous permettra d\u2019\u00e9conomiser de l\u2019\u00e9nergie et de l\u2019argent.&nbsp;<\/p>\n<\/div><\/div>\n\n\n\n<div class=\"wp-block-group is-style-content-wide\"><div class=\"wp-block-group__inner-container is-layout-flow wp-block-group-is-layout-flow\">\n<p class=\"has-text-align-center has-small-font-size\">*D\u00e9partement de l\u2019\u00e9nergie des \u00c9tats-Unis, 2012.<\/p>\n<\/div><\/div>\n\n\n\n<div style=\"height:100px\" aria-hidden=\"true\" class=\"wp-block-spacer\"><\/div>\n\n\n\n<figure class=\"wp-block-image size-full slant\"><img loading=\"lazy\" decoding=\"async\" width=\"2000\" height=\"400\" src=\"https:\/\/efficiencymb.ca\/wp-content\/uploads\/bg-two-tone-green@2x.png\" alt=\"\" class=\"wp-image-592\" srcset=\"https:\/\/efficiencymb.ca\/wp-content\/uploads\/bg-two-tone-green@2x.png 2000w, https:\/\/efficiencymb.ca\/wp-content\/uploads\/bg-two-tone-green@2x-479x96.png 479w, https:\/\/efficiencymb.ca\/wp-content\/uploads\/bg-two-tone-green@2x-1024x205.png 1024w, https:\/\/efficiencymb.ca\/wp-content\/uploads\/bg-two-tone-green@2x-768x154.png 768w, https:\/\/efficiencymb.ca\/wp-content\/uploads\/bg-two-tone-green@2x-1536x307.png 1536w\" sizes=\"auto, (max-width: 2000px) 100vw, 2000px\" \/><\/figure>\n\n\n\n<div class=\"wp-block-group has-background\" style=\"background-color:#f4f3f3\"><div class=\"wp-block-group__inner-container is-layout-flow wp-block-group-is-layout-flow\">\n<div class=\"wp-block-group is-style-content-columns\"><div class=\"wp-block-group__inner-container is-layout-flow wp-block-group-is-layout-flow\">\n<h2 class=\"wp-block-heading has-text-align-center hero-title text-center single-col-text is-style-hero-heading\">MARCHE \u00c0 SUIVRE POUR PARTICIPER<\/h2>\n<\/div><\/div>\n\n\n\n<ol class=\"iconic-list large\">\n<li>\n<h3><strong>CONTACTEZ-NOUS<\/strong><\/h3>\n<p>R\u00e9pondez au questionnaire du Programme de v\u00e9rification des purgeurs de vapeur, et nous vous aiderons \u00e0 d\u00e9marrer.<\/p>\n<\/li>\n<li>\n<h3><strong>CHOISISSEZ<\/strong> UN ENTREPRENEUR<\/h3>\n<p>Communiquez avec un entrepreneur \u00e0 qui vous voulez confier la t\u00e2che d\u2019effectuer la v\u00e9rification des purgeurs de vapeur et demandez-lui un devis.<\/p>\n<\/li>\n<li>\n<h3><strong>ENOYEZ<\/strong> UNE DEMANDE<\/h3>\n<p>Nous travaillerons avec vous pour remplir et envoyer une demande d\u2019incitatif financier.<\/p>\n<\/li>\n<li>\n<h3><strong>EFFECTUEZ<\/strong> LA V\u00c9RIFICATION ET REMPLACEZ LES PURGEURS D\u00c9FECTUEUZ<\/h3>\n<p>Nous examinerons votre demande et enverrons votre approbation par courriel. Apr\u00e8s avoir re\u00e7u l\u2019approbation, l\u2019entrepreneur que vous avez retenu peut effectuer la v\u00e9rification des purgeurs de vapeur. Remplacez les purgeurs d\u00e9fectueux d\u00e9tect\u00e9s pendant la v\u00e9rification et commencez \u00e0 \u00e9conomiser de l\u2019\u00e9nergie!<\/p>\n<\/li>\n<li>\n<h3><strong>ENOYEZ<\/strong> LES DOCUMENTS AUX FINS DU PAIEMENT<\/h3>\n<p>Envoyez une copie de votre rapport de v\u00e9rification des purgeurs de vapeur \u00e0 Efficacit\u00e9 Manitoba, accompagn\u00e9e d\u2019une facture indiquant que vous avez pay\u00e9 l\u2019entrepreneur. Une fois que nous aurons examin\u00e9 les documents, nous vous enverrons votre incitatif par la poste.<\/p>\n<\/li>\n<\/ol>\n\n\n<div class=\"theme-button wp-block-button aligncenter\">\r\n\t<a  class=\"wp-block-button__link has-background no-border-radius button cta button-large\" href=\"https:\/\/efficiencymb.ca\/fr\/business\/programme-de-purgeurs-de-vapeur-contactez-nous\/\"><strong>R\u00c9PONDEZ AU<\/strong><br>QUESTIONNAIRE<\/a>\r\n<\/div><\/div><\/div>\n\n\n\n<figure class=\"wp-block-image size-full\"><img loading=\"lazy\" decoding=\"async\" width=\"2000\" height=\"400\" src=\"https:\/\/efficiencymb.ca\/wp-content\/uploads\/bg-two-tone-green@2x-edited-1.png\" alt=\"\" class=\"wp-image-12078\" srcset=\"https:\/\/efficiencymb.ca\/wp-content\/uploads\/bg-two-tone-green@2x-edited-1.png 2000w, https:\/\/efficiencymb.ca\/wp-content\/uploads\/bg-two-tone-green@2x-edited-1-479x96.png 479w, https:\/\/efficiencymb.ca\/wp-content\/uploads\/bg-two-tone-green@2x-edited-1-1024x205.png 1024w, https:\/\/efficiencymb.ca\/wp-content\/uploads\/bg-two-tone-green@2x-edited-1-768x154.png 768w, https:\/\/efficiencymb.ca\/wp-content\/uploads\/bg-two-tone-green@2x-edited-1-1536x307.png 1536w\" sizes=\"auto, (max-width: 2000px) 100vw, 2000px\" \/><\/figure>\n\n\n\n<p><\/p>\n","protected":false},"excerpt":{"rendered":"<p>OBTENEZ UNE V\u00c9RIFICATION ET REMPLACEZ LES PURGEURS D\u00c9FAILLANTS POUR \u00c9CONOMISER DE L\u2019\u00c9NERGIE ET DE L\u2019ARGENT Si votre installation utilise de la vapeur pour le chauffage ou les charges de traitement, pensez \u00e0 notre Programme de purgeurs de vapeur, qui comprend une v\u00e9rification pour d\u00e9tecter les pertes, la vapeur ou les purgeurs d\u00e9fectueux qui peuvent gaspillercontinue-reading<\/p>\n","protected":false},"author":10,"featured_media":54960,"parent":13103,"menu_order":0,"comment_status":"closed","ping_status":"closed","template":"","meta":{"_acf_changed":false,"footnotes":""},"class_list":["post-54958","page","type-page","status-publish","has-post-thumbnail","hentry","page_cat-programs"],"acf":[],"yoast_head":"<!-- This site is optimized with the Yoast SEO plugin v27.3 - https:\/\/yoast.com\/product\/yoast-seo-wordpress\/ -->\n<title>PROGRAMME DE PURGEURS DE VAPEUR &#8212; Efficiency Manitoba<\/title>\n<meta name=\"description\" content=\"Obtenez une v\u00e9rification et ramplacez les purgeurs d\u00e9faillants pour \u00e9conomiser de l&#039;\u00e9nergie et de l&#039;argent.\" \/>\n<meta name=\"robots\" content=\"index, follow, max-snippet:-1, max-image-preview:large, max-video-preview:-1\" \/>\n<link rel=\"canonical\" href=\"https:\/\/efficiencymb.ca\/fr\/business\/steam-trap-program\/\" \/>\n<meta property=\"og:locale\" content=\"fr_FR\" \/>\n<meta property=\"og:type\" content=\"article\" \/>\n<meta property=\"og:title\" content=\"PROGRAMME DE PURGEURS DE VAPEUR &#8212; Efficiency Manitoba\" \/>\n<meta property=\"og:description\" content=\"Obtenez une v\u00e9rification et ramplacez les purgeurs d\u00e9faillants pour \u00e9conomiser de l&#039;\u00e9nergie et de l&#039;argent.\" \/>\n<meta property=\"og:url\" content=\"https:\/\/efficiencymb.ca\/fr\/business\/steam-trap-program\/\" \/>\n<meta property=\"og:site_name\" content=\"Efficiency Manitoba\" \/>\n<meta property=\"article:modified_time\" content=\"2023-08-16T14:19:33+00:00\" \/>\n<meta property=\"og:image\" content=\"https:\/\/efficiencymb.ca\/wp-content\/uploads\/Steam-Trap-Audits-scaled-e1689360721506.jpg\" \/>\n\t<meta property=\"og:image:width\" content=\"2560\" \/>\n\t<meta property=\"og:image:height\" content=\"1707\" \/>\n\t<meta property=\"og:image:type\" content=\"image\/jpeg\" \/>\n<meta name=\"twitter:card\" content=\"summary_large_image\" \/>\n<meta name=\"twitter:label1\" content=\"Dur\u00e9e de lecture estim\u00e9e\" \/>\n\t<meta name=\"twitter:data1\" content=\"2 minutes\" \/>\n<script type=\"application\/ld+json\" class=\"yoast-schema-graph\">{\"@context\":\"https:\\\/\\\/schema.org\",\"@graph\":[{\"@type\":\"WebPage\",\"@id\":\"https:\\\/\\\/efficiencymb.ca\\\/fr\\\/business\\\/steam-trap-program\\\/\",\"url\":\"https:\\\/\\\/efficiencymb.ca\\\/fr\\\/business\\\/steam-trap-program\\\/\",\"name\":\"PROGRAMME DE PURGEURS DE VAPEUR &#8212; Efficiency Manitoba\",\"isPartOf\":{\"@id\":\"https:\\\/\\\/efficiencymb.ca\\\/#website\"},\"primaryImageOfPage\":{\"@id\":\"https:\\\/\\\/efficiencymb.ca\\\/fr\\\/business\\\/steam-trap-program\\\/#primaryimage\"},\"image\":{\"@id\":\"https:\\\/\\\/efficiencymb.ca\\\/fr\\\/business\\\/steam-trap-program\\\/#primaryimage\"},\"thumbnailUrl\":\"https:\\\/\\\/efficiencymb.ca\\\/wp-content\\\/uploads\\\/Steam-Trap-Audits-scaled-e1689360721506.jpg\",\"datePublished\":\"2023-08-08T14:32:44+00:00\",\"dateModified\":\"2023-08-16T14:19:33+00:00\",\"description\":\"Obtenez une v\u00e9rification et ramplacez les purgeurs d\u00e9faillants pour \u00e9conomiser de l'\u00e9nergie et de l'argent.\",\"breadcrumb\":{\"@id\":\"https:\\\/\\\/efficiencymb.ca\\\/fr\\\/business\\\/steam-trap-program\\\/#breadcrumb\"},\"inLanguage\":\"fr-FR\",\"potentialAction\":[{\"@type\":\"ReadAction\",\"target\":[\"https:\\\/\\\/efficiencymb.ca\\\/fr\\\/business\\\/steam-trap-program\\\/\"]}]},{\"@type\":\"ImageObject\",\"inLanguage\":\"fr-FR\",\"@id\":\"https:\\\/\\\/efficiencymb.ca\\\/fr\\\/business\\\/steam-trap-program\\\/#primaryimage\",\"url\":\"https:\\\/\\\/efficiencymb.ca\\\/wp-content\\\/uploads\\\/Steam-Trap-Audits-scaled-e1689360721506.jpg\",\"contentUrl\":\"https:\\\/\\\/efficiencymb.ca\\\/wp-content\\\/uploads\\\/Steam-Trap-Audits-scaled-e1689360721506.jpg\",\"width\":2560,\"height\":1707,\"caption\":\"Industrial mechanical engineer holding drawing to checking and inspection of HVAC heating ventilation air conditioning system and pipeping line of industrial construction at boiler pump room system in the factory\"},{\"@type\":\"BreadcrumbList\",\"@id\":\"https:\\\/\\\/efficiencymb.ca\\\/fr\\\/business\\\/steam-trap-program\\\/#breadcrumb\",\"itemListElement\":[{\"@type\":\"ListItem\",\"position\":1,\"name\":\"Home\",\"item\":\"https:\\\/\\\/efficiencymb.ca\\\/fr\\\/\"},{\"@type\":\"ListItem\",\"position\":2,\"name\":\"MON ENTREPRISE\",\"item\":\"https:\\\/\\\/efficiencymb.ca\\\/fr\\\/business\\\/\"},{\"@type\":\"ListItem\",\"position\":3,\"name\":\"PROGRAMME DE PURGEURS DE VAPEUR\"}]},{\"@type\":\"WebSite\",\"@id\":\"https:\\\/\\\/efficiencymb.ca\\\/#website\",\"url\":\"https:\\\/\\\/efficiencymb.ca\\\/\",\"name\":\"Efficiency Manitoba\",\"description\":\"\",\"publisher\":{\"@id\":\"https:\\\/\\\/efficiencymb.ca\\\/#organization\"},\"potentialAction\":[{\"@type\":\"SearchAction\",\"target\":{\"@type\":\"EntryPoint\",\"urlTemplate\":\"https:\\\/\\\/efficiencymb.ca\\\/?s={search_term_string}\"},\"query-input\":{\"@type\":\"PropertyValueSpecification\",\"valueRequired\":true,\"valueName\":\"search_term_string\"}}],\"inLanguage\":\"fr-FR\"},{\"@type\":\"Organization\",\"@id\":\"https:\\\/\\\/efficiencymb.ca\\\/#organization\",\"name\":\"Efficiency Manitoba\",\"url\":\"https:\\\/\\\/efficiencymb.ca\\\/\",\"logo\":{\"@type\":\"ImageObject\",\"inLanguage\":\"fr-FR\",\"@id\":\"https:\\\/\\\/efficiencymb.ca\\\/#\\\/schema\\\/logo\\\/image\\\/\",\"url\":\"https:\\\/\\\/efficiencymb.ca\\\/wp-content\\\/uploads\\\/em-logo-white-en.png\",\"contentUrl\":\"https:\\\/\\\/efficiencymb.ca\\\/wp-content\\\/uploads\\\/em-logo-white-en.png\",\"width\":388,\"height\":91,\"caption\":\"Efficiency Manitoba\"},\"image\":{\"@id\":\"https:\\\/\\\/efficiencymb.ca\\\/#\\\/schema\\\/logo\\\/image\\\/\"}}]}<\/script>\n<!-- \/ Yoast SEO plugin. -->","yoast_head_json":{"title":"PROGRAMME DE PURGEURS DE VAPEUR &#8212; Efficiency Manitoba","description":"Obtenez une v\u00e9rification et ramplacez les purgeurs d\u00e9faillants pour \u00e9conomiser de l'\u00e9nergie et de l'argent.","robots":{"index":"index","follow":"follow","max-snippet":"max-snippet:-1","max-image-preview":"max-image-preview:large","max-video-preview":"max-video-preview:-1"},"canonical":"https:\/\/efficiencymb.ca\/fr\/business\/steam-trap-program\/","og_locale":"fr_FR","og_type":"article","og_title":"PROGRAMME DE PURGEURS DE VAPEUR &#8212; Efficiency Manitoba","og_description":"Obtenez une v\u00e9rification et ramplacez les purgeurs d\u00e9faillants pour \u00e9conomiser de l'\u00e9nergie et de l'argent.","og_url":"https:\/\/efficiencymb.ca\/fr\/business\/steam-trap-program\/","og_site_name":"Efficiency Manitoba","article_modified_time":"2023-08-16T14:19:33+00:00","og_image":[{"width":2560,"height":1707,"url":"https:\/\/efficiencymb.ca\/wp-content\/uploads\/Steam-Trap-Audits-scaled-e1689360721506.jpg","type":"image\/jpeg"}],"twitter_card":"summary_large_image","twitter_misc":{"Dur\u00e9e de lecture estim\u00e9e":"2 minutes"},"schema":{"@context":"https:\/\/schema.org","@graph":[{"@type":"WebPage","@id":"https:\/\/efficiencymb.ca\/fr\/business\/steam-trap-program\/","url":"https:\/\/efficiencymb.ca\/fr\/business\/steam-trap-program\/","name":"PROGRAMME DE PURGEURS DE VAPEUR &#8212; Efficiency Manitoba","isPartOf":{"@id":"https:\/\/efficiencymb.ca\/#website"},"primaryImageOfPage":{"@id":"https:\/\/efficiencymb.ca\/fr\/business\/steam-trap-program\/#primaryimage"},"image":{"@id":"https:\/\/efficiencymb.ca\/fr\/business\/steam-trap-program\/#primaryimage"},"thumbnailUrl":"https:\/\/efficiencymb.ca\/wp-content\/uploads\/Steam-Trap-Audits-scaled-e1689360721506.jpg","datePublished":"2023-08-08T14:32:44+00:00","dateModified":"2023-08-16T14:19:33+00:00","description":"Obtenez une v\u00e9rification et ramplacez les purgeurs d\u00e9faillants pour \u00e9conomiser de l'\u00e9nergie et de l'argent.","breadcrumb":{"@id":"https:\/\/efficiencymb.ca\/fr\/business\/steam-trap-program\/#breadcrumb"},"inLanguage":"fr-FR","potentialAction":[{"@type":"ReadAction","target":["https:\/\/efficiencymb.ca\/fr\/business\/steam-trap-program\/"]}]},{"@type":"ImageObject","inLanguage":"fr-FR","@id":"https:\/\/efficiencymb.ca\/fr\/business\/steam-trap-program\/#primaryimage","url":"https:\/\/efficiencymb.ca\/wp-content\/uploads\/Steam-Trap-Audits-scaled-e1689360721506.jpg","contentUrl":"https:\/\/efficiencymb.ca\/wp-content\/uploads\/Steam-Trap-Audits-scaled-e1689360721506.jpg","width":2560,"height":1707,"caption":"Industrial mechanical engineer holding drawing to checking and inspection of HVAC heating ventilation air conditioning system and pipeping line of industrial construction at boiler pump room system in the factory"},{"@type":"BreadcrumbList","@id":"https:\/\/efficiencymb.ca\/fr\/business\/steam-trap-program\/#breadcrumb","itemListElement":[{"@type":"ListItem","position":1,"name":"Home","item":"https:\/\/efficiencymb.ca\/fr\/"},{"@type":"ListItem","position":2,"name":"MON ENTREPRISE","item":"https:\/\/efficiencymb.ca\/fr\/business\/"},{"@type":"ListItem","position":3,"name":"PROGRAMME DE PURGEURS DE VAPEUR"}]},{"@type":"WebSite","@id":"https:\/\/efficiencymb.ca\/#website","url":"https:\/\/efficiencymb.ca\/","name":"Efficiency Manitoba","description":"","publisher":{"@id":"https:\/\/efficiencymb.ca\/#organization"},"potentialAction":[{"@type":"SearchAction","target":{"@type":"EntryPoint","urlTemplate":"https:\/\/efficiencymb.ca\/?s={search_term_string}"},"query-input":{"@type":"PropertyValueSpecification","valueRequired":true,"valueName":"search_term_string"}}],"inLanguage":"fr-FR"},{"@type":"Organization","@id":"https:\/\/efficiencymb.ca\/#organization","name":"Efficiency Manitoba","url":"https:\/\/efficiencymb.ca\/","logo":{"@type":"ImageObject","inLanguage":"fr-FR","@id":"https:\/\/efficiencymb.ca\/#\/schema\/logo\/image\/","url":"https:\/\/efficiencymb.ca\/wp-content\/uploads\/em-logo-white-en.png","contentUrl":"https:\/\/efficiencymb.ca\/wp-content\/uploads\/em-logo-white-en.png","width":388,"height":91,"caption":"Efficiency Manitoba"},"image":{"@id":"https:\/\/efficiencymb.ca\/#\/schema\/logo\/image\/"}}]}},"_links":{"self":[{"href":"https:\/\/efficiencymb.ca\/fr\/wp-json\/wp\/v2\/pages\/54958","targetHints":{"allow":["GET"]}}],"collection":[{"href":"https:\/\/efficiencymb.ca\/fr\/wp-json\/wp\/v2\/pages"}],"about":[{"href":"https:\/\/efficiencymb.ca\/fr\/wp-json\/wp\/v2\/types\/page"}],"author":[{"embeddable":true,"href":"https:\/\/efficiencymb.ca\/fr\/wp-json\/wp\/v2\/users\/10"}],"replies":[{"embeddable":true,"href":"https:\/\/efficiencymb.ca\/fr\/wp-json\/wp\/v2\/comments?post=54958"}],"version-history":[{"count":3,"href":"https:\/\/efficiencymb.ca\/fr\/wp-json\/wp\/v2\/pages\/54958\/revisions"}],"predecessor-version":[{"id":55605,"href":"https:\/\/efficiencymb.ca\/fr\/wp-json\/wp\/v2\/pages\/54958\/revisions\/55605"}],"up":[{"embeddable":true,"href":"https:\/\/efficiencymb.ca\/fr\/wp-json\/wp\/v2\/pages\/13103"}],"wp:featuredmedia":[{"embeddable":true,"href":"https:\/\/efficiencymb.ca\/fr\/wp-json\/wp\/v2\/media\/54960"}],"wp:attachment":[{"href":"https:\/\/efficiencymb.ca\/fr\/wp-json\/wp\/v2\/media?parent=54958"}],"curies":[{"name":"wp","href":"https:\/\/api.w.org\/{rel}","templated":true}]}}