{"id":54849,"date":"2026-04-10T14:21:06","date_gmt":"2026-04-10T19:21:06","guid":{"rendered":"https:\/\/efficiencymb.ca\/?page_id=54849"},"modified":"2026-04-10T15:36:33","modified_gmt":"2026-04-10T20:36:33","slug":"lignes-directrices-sur-la-publicite-et-trousse-doutils-pour-les-fournisseurs-inscrits","status":"publish","type":"page","link":"https:\/\/efficiencymb.ca\/fr\/lignes-directrices-sur-la-publicite-et-trousse-doutils-pour-les-fournisseurs-inscrits\/","title":{"rendered":"LIGNES DIRECTRICES SUR LA PUBLICIT\u00c9 ET TROUSSE D\u2019OUTILS POUR LES FOURNISSEURS INSCRITS"},"content":{"rendered":"\n<div class=\"wp-block-group is-style-content-wide\"><div class=\"wp-block-group__inner-container is-layout-constrained wp-block-group-is-layout-constrained\">\n<h1 class=\"wp-block-heading has-text-align-center\">LIGNES DIRECTRICES SUR LA PUBLICIT\u00c9 ET TROUSSE D\u2019OUTILS POUR LES FOURNISSEURS INSCRITS<\/h1>\n<\/div><\/div>\n\n\n\n<div class=\"wp-block-group is-style-content-wide\"><div class=\"wp-block-group__inner-container is-layout-flow wp-block-group-is-layout-flow\">\n<h2 class=\"wp-block-heading has-text-align-center is-style-hero-heading-grey\">Nos fournisseurs inscrits jouent un r\u00f4le de premier plan pour assurer notre succ\u00e8s!<\/h2>\n\n\n\n<div style=\"height:15px\" aria-hidden=\"true\" class=\"wp-block-spacer\"><\/div>\n\n\n\n<p class=\"has-text-align-center has-medium-font-size\">Nous vous encourageons \u00e0 faire la promotion de nos programmes et remises dans vos annonces publicitaires. En faisant la promotion de nos programmes, vous pouvez d\u00e9velopper votre entreprise et rehausser votre image en tant que champion de l\u2019efficacit\u00e9 \u00e9nerg\u00e9tique.<\/p>\n\n\n\n<p class=\"has-text-align-center has-medium-font-size\">Notre \u00e9quipe a travaill\u00e9 fort pour mettre au point une marque sp\u00e9cialis\u00e9e, digne de confiance et sympathique. Pour maintenir l\u2019int\u00e9grit\u00e9 de notre marque, nous avons \u00e9labor\u00e9 des lignes directrices \u00e0 suivre pour faire la promotion de nos programmes et remises. Veuillez utiliser le document ci-dessous \u00e0 titre de r\u00e9f\u00e9rence pour cr\u00e9er vos annonces et vos documents promotionnels.<\/p>\n<\/div><\/div>\n\n\n<div class=\"wp-block-image\">\n<figure class=\"aligncenter size-large\"><a href=\"https:\/\/online.flippingbook.com\/view\/67913237\/\" target=\"_blank\" rel=\"noreferrer noopener\"><img loading=\"lazy\" decoding=\"async\" width=\"1024\" height=\"717\" src=\"https:\/\/efficiencymb.ca\/wp-content\/uploads\/Supplierbrandkitphoto-1024x717.jpg\" alt=\"\" class=\"wp-image-60842\" srcset=\"https:\/\/efficiencymb.ca\/wp-content\/uploads\/Supplierbrandkitphoto-1024x717.jpg 1024w, https:\/\/efficiencymb.ca\/wp-content\/uploads\/Supplierbrandkitphoto-384x269.jpg 384w, https:\/\/efficiencymb.ca\/wp-content\/uploads\/Supplierbrandkitphoto-768x538.jpg 768w, https:\/\/efficiencymb.ca\/wp-content\/uploads\/Supplierbrandkitphoto.jpg 1280w\" sizes=\"auto, (max-width: 1024px) 100vw, 1024px\" \/><\/a><\/figure>\n<\/div>\n\n<div class=\"theme-button wp-block-button aligncenter\">\r\n\t<a target=\"_blank\" class=\"wp-block-button__link has-background no-border-radius button cta button-large\" href=\"https:\/\/online.flippingbook.com\/view\/67913237\/\"><strong>CONSULTEZ ET T\u00c9L\u00c9CHARGEZ LES LIGNES DIRECTRICES<\/strong><br>SUR LA PUBLICIT\u00c9 ET LA TROUSSE D\u2019OUTILS SUR LA MARQUE<\/a>\r\n<\/div>\n\n\n<div class=\"wp-block-group is-style-content-wide\"><div class=\"wp-block-group__inner-container is-layout-constrained wp-block-group-is-layout-constrained\">\n<h2 class=\"wp-block-heading has-text-align-center is-style-hero-heading\" id=\"request-downloadable-assets\">DEMANDEZ DES RESSOURCES CONTENANT LA MARQUE<\/h2>\n\n\n\n<p class=\"has-text-align-center has-medium-font-size\">Nous avons cr\u00e9\u00e9 des ressources contenant notre marque, qui serviront \u00e0 promouvoir votre participation \u00e0 titre de fournisseur inscrit aupr\u00e8s d\u2019Efficacit\u00e9 Manitoba. Ces documents ont \u00e9t\u00e9 con\u00e7us en tenant compte de l\u2019efficacit\u00e9 et peuvent \u00eatre t\u00e9l\u00e9vers\u00e9s directement dans votre site Web ou ajout\u00e9s \u00e0 vos documents papier.<\/p>\n\n\n<div class=\"theme-button wp-block-button aligncenter\">\r\n\t<a target=\"_blank\" class=\"wp-block-button__link has-background no-border-radius button cta button-large\" href=\"https:\/\/efficiencymb.ca\/fr\/formulaire-demande-trousse-outils-fournisseurs\/\"><strong>DEMANDES DES RESSOURCES<\/strong><br>CONTENANT LA MARQUE<\/a>\r\n<\/div><\/div><\/div>\n\n\n\n<figure class=\"wp-block-image size-full slant\"><img loading=\"lazy\" decoding=\"async\" width=\"2000\" height=\"400\" src=\"https:\/\/efficiencymb.ca\/wp-content\/uploads\/bg-two-tone-green@2x.png\" alt=\"\" class=\"wp-image-592\" srcset=\"https:\/\/efficiencymb.ca\/wp-content\/uploads\/bg-two-tone-green@2x.png 2000w, https:\/\/efficiencymb.ca\/wp-content\/uploads\/bg-two-tone-green@2x-479x96.png 479w, https:\/\/efficiencymb.ca\/wp-content\/uploads\/bg-two-tone-green@2x-1024x205.png 1024w, https:\/\/efficiencymb.ca\/wp-content\/uploads\/bg-two-tone-green@2x-768x154.png 768w, https:\/\/efficiencymb.ca\/wp-content\/uploads\/bg-two-tone-green@2x-1536x307.png 1536w\" sizes=\"auto, (max-width: 2000px) 100vw, 2000px\" \/><\/figure>\n","protected":false},"excerpt":{"rendered":"<p>LIGNES DIRECTRICES SUR LA PUBLICIT\u00c9 ET TROUSSE D\u2019OUTILS POUR LES FOURNISSEURS INSCRITS Nos fournisseurs inscrits jouent un r\u00f4le de premier plan pour assurer notre succ\u00e8s! Nous vous encourageons \u00e0 faire la promotion de nos programmes et remises dans vos annonces publicitaires. En faisant la promotion de nos programmes, vous pouvez d\u00e9velopper votre entreprise et rehaussercontinue-reading<\/p>\n","protected":false},"author":10,"featured_media":3385,"parent":0,"menu_order":0,"comment_status":"closed","ping_status":"closed","template":"","meta":{"_acf_changed":false,"footnotes":""},"class_list":["post-54849","page","type-page","status-publish","has-post-thumbnail","hentry","page_cat-programs"],"acf":[],"yoast_head":"<!-- This site is optimized with the Yoast SEO plugin v27.3 - https:\/\/yoast.com\/product\/yoast-seo-wordpress\/ -->\n<title>LIGNES DIRECTRICES SUR LA PUBLICIT\u00c9 ET TROUSSE D\u2019OUTILS POUR LES FOURNISSEURS INSCRITS &#8212; Efficiency Manitoba<\/title>\n<meta name=\"description\" content=\"Le Programme de recyclage des appareils \u00e9lectrom\u00e9nagers offre le ramassage \u00e0 domicile de votre vieux r\u00e9frig\u00e9rateur ou cong\u00e9lateur ainsi qu\u2019une remise de 30\u00a0$ pour chaque appareil.\" \/>\n<meta name=\"robots\" content=\"index, follow, max-snippet:-1, max-image-preview:large, max-video-preview:-1\" \/>\n<link rel=\"canonical\" href=\"https:\/\/efficiencymb.ca\/fr\/lignes-directrices-sur-la-publicite-et-trousse-doutils-pour-les-fournisseurs-inscrits\/\" \/>\n<meta property=\"og:locale\" content=\"fr_FR\" \/>\n<meta property=\"og:type\" content=\"article\" \/>\n<meta property=\"og:title\" content=\"LIGNES DIRECTRICES SUR LA PUBLICIT\u00c9 ET TROUSSE D\u2019OUTILS POUR LES FOURNISSEURS INSCRITS &#8212; Efficiency Manitoba\" \/>\n<meta property=\"og:description\" content=\"Le Programme de recyclage des appareils \u00e9lectrom\u00e9nagers offre le ramassage \u00e0 domicile de votre vieux r\u00e9frig\u00e9rateur ou cong\u00e9lateur ainsi qu\u2019une remise de 30\u00a0$ pour chaque appareil.\" \/>\n<meta property=\"og:url\" content=\"https:\/\/efficiencymb.ca\/fr\/lignes-directrices-sur-la-publicite-et-trousse-doutils-pour-les-fournisseurs-inscrits\/\" \/>\n<meta property=\"og:site_name\" content=\"Efficiency Manitoba\" \/>\n<meta property=\"article:modified_time\" content=\"2026-04-10T20:36:33+00:00\" \/>\n<meta property=\"og:image\" content=\"https:\/\/efficiencymb.ca\/wp-content\/uploads\/suppliers-banner.jpg\" \/>\n\t<meta property=\"og:image:width\" content=\"2400\" \/>\n\t<meta property=\"og:image:height\" content=\"1350\" \/>\n\t<meta property=\"og:image:type\" content=\"image\/jpeg\" \/>\n<meta name=\"twitter:card\" content=\"summary_large_image\" \/>\n<meta name=\"twitter:label1\" content=\"Dur\u00e9e de lecture estim\u00e9e\" \/>\n\t<meta name=\"twitter:data1\" content=\"2 minutes\" \/>\n<script type=\"application\/ld+json\" class=\"yoast-schema-graph\">{\"@context\":\"https:\\\/\\\/schema.org\",\"@graph\":[{\"@type\":\"WebPage\",\"@id\":\"https:\\\/\\\/efficiencymb.ca\\\/fr\\\/lignes-directrices-sur-la-publicite-et-trousse-doutils-pour-les-fournisseurs-inscrits\\\/\",\"url\":\"https:\\\/\\\/efficiencymb.ca\\\/fr\\\/lignes-directrices-sur-la-publicite-et-trousse-doutils-pour-les-fournisseurs-inscrits\\\/\",\"name\":\"LIGNES DIRECTRICES SUR LA PUBLICIT\u00c9 ET TROUSSE D\u2019OUTILS POUR LES FOURNISSEURS INSCRITS &#8212; Efficiency Manitoba\",\"isPartOf\":{\"@id\":\"https:\\\/\\\/efficiencymb.ca\\\/#website\"},\"primaryImageOfPage\":{\"@id\":\"https:\\\/\\\/efficiencymb.ca\\\/fr\\\/lignes-directrices-sur-la-publicite-et-trousse-doutils-pour-les-fournisseurs-inscrits\\\/#primaryimage\"},\"image\":{\"@id\":\"https:\\\/\\\/efficiencymb.ca\\\/fr\\\/lignes-directrices-sur-la-publicite-et-trousse-doutils-pour-les-fournisseurs-inscrits\\\/#primaryimage\"},\"thumbnailUrl\":\"https:\\\/\\\/efficiencymb.ca\\\/wp-content\\\/uploads\\\/suppliers-banner.jpg\",\"datePublished\":\"2026-04-10T19:21:06+00:00\",\"dateModified\":\"2026-04-10T20:36:33+00:00\",\"description\":\"Le Programme de recyclage des appareils \u00e9lectrom\u00e9nagers offre le ramassage \u00e0 domicile de votre vieux r\u00e9frig\u00e9rateur ou cong\u00e9lateur ainsi qu\u2019une remise de 30\u00a0$ pour chaque appareil.\",\"breadcrumb\":{\"@id\":\"https:\\\/\\\/efficiencymb.ca\\\/fr\\\/lignes-directrices-sur-la-publicite-et-trousse-doutils-pour-les-fournisseurs-inscrits\\\/#breadcrumb\"},\"inLanguage\":\"fr-FR\",\"potentialAction\":[{\"@type\":\"ReadAction\",\"target\":[\"https:\\\/\\\/efficiencymb.ca\\\/fr\\\/lignes-directrices-sur-la-publicite-et-trousse-doutils-pour-les-fournisseurs-inscrits\\\/\"]}]},{\"@type\":\"ImageObject\",\"inLanguage\":\"fr-FR\",\"@id\":\"https:\\\/\\\/efficiencymb.ca\\\/fr\\\/lignes-directrices-sur-la-publicite-et-trousse-doutils-pour-les-fournisseurs-inscrits\\\/#primaryimage\",\"url\":\"https:\\\/\\\/efficiencymb.ca\\\/wp-content\\\/uploads\\\/suppliers-banner.jpg\",\"contentUrl\":\"https:\\\/\\\/efficiencymb.ca\\\/wp-content\\\/uploads\\\/suppliers-banner.jpg\",\"width\":2400,\"height\":1350,\"caption\":\"Ouvrier devant une bo\u00eete de raccordement\"},{\"@type\":\"BreadcrumbList\",\"@id\":\"https:\\\/\\\/efficiencymb.ca\\\/fr\\\/lignes-directrices-sur-la-publicite-et-trousse-doutils-pour-les-fournisseurs-inscrits\\\/#breadcrumb\",\"itemListElement\":[{\"@type\":\"ListItem\",\"position\":1,\"name\":\"Home\",\"item\":\"https:\\\/\\\/efficiencymb.ca\\\/fr\\\/\"},{\"@type\":\"ListItem\",\"position\":2,\"name\":\"LIGNES DIRECTRICES SUR LA PUBLICIT\u00c9 ET TROUSSE D\u2019OUTILS POUR LES FOURNISSEURS INSCRITS\"}]},{\"@type\":\"WebSite\",\"@id\":\"https:\\\/\\\/efficiencymb.ca\\\/#website\",\"url\":\"https:\\\/\\\/efficiencymb.ca\\\/\",\"name\":\"Efficiency Manitoba\",\"description\":\"\",\"publisher\":{\"@id\":\"https:\\\/\\\/efficiencymb.ca\\\/#organization\"},\"potentialAction\":[{\"@type\":\"SearchAction\",\"target\":{\"@type\":\"EntryPoint\",\"urlTemplate\":\"https:\\\/\\\/efficiencymb.ca\\\/?s={search_term_string}\"},\"query-input\":{\"@type\":\"PropertyValueSpecification\",\"valueRequired\":true,\"valueName\":\"search_term_string\"}}],\"inLanguage\":\"fr-FR\"},{\"@type\":\"Organization\",\"@id\":\"https:\\\/\\\/efficiencymb.ca\\\/#organization\",\"name\":\"Efficiency Manitoba\",\"url\":\"https:\\\/\\\/efficiencymb.ca\\\/\",\"logo\":{\"@type\":\"ImageObject\",\"inLanguage\":\"fr-FR\",\"@id\":\"https:\\\/\\\/efficiencymb.ca\\\/#\\\/schema\\\/logo\\\/image\\\/\",\"url\":\"https:\\\/\\\/efficiencymb.ca\\\/wp-content\\\/uploads\\\/em-logo-white-en.png\",\"contentUrl\":\"https:\\\/\\\/efficiencymb.ca\\\/wp-content\\\/uploads\\\/em-logo-white-en.png\",\"width\":388,\"height\":91,\"caption\":\"Efficiency Manitoba\"},\"image\":{\"@id\":\"https:\\\/\\\/efficiencymb.ca\\\/#\\\/schema\\\/logo\\\/image\\\/\"}}]}<\/script>\n<!-- \/ Yoast SEO plugin. -->","yoast_head_json":{"title":"LIGNES DIRECTRICES SUR LA PUBLICIT\u00c9 ET TROUSSE D\u2019OUTILS POUR LES FOURNISSEURS INSCRITS &#8212; Efficiency Manitoba","description":"Le Programme de recyclage des appareils \u00e9lectrom\u00e9nagers offre le ramassage \u00e0 domicile de votre vieux r\u00e9frig\u00e9rateur ou cong\u00e9lateur ainsi qu\u2019une remise de 30\u00a0$ pour chaque appareil.","robots":{"index":"index","follow":"follow","max-snippet":"max-snippet:-1","max-image-preview":"max-image-preview:large","max-video-preview":"max-video-preview:-1"},"canonical":"https:\/\/efficiencymb.ca\/fr\/lignes-directrices-sur-la-publicite-et-trousse-doutils-pour-les-fournisseurs-inscrits\/","og_locale":"fr_FR","og_type":"article","og_title":"LIGNES DIRECTRICES SUR LA PUBLICIT\u00c9 ET TROUSSE D\u2019OUTILS POUR LES FOURNISSEURS INSCRITS &#8212; Efficiency Manitoba","og_description":"Le Programme de recyclage des appareils \u00e9lectrom\u00e9nagers offre le ramassage \u00e0 domicile de votre vieux r\u00e9frig\u00e9rateur ou cong\u00e9lateur ainsi qu\u2019une remise de 30\u00a0$ pour chaque appareil.","og_url":"https:\/\/efficiencymb.ca\/fr\/lignes-directrices-sur-la-publicite-et-trousse-doutils-pour-les-fournisseurs-inscrits\/","og_site_name":"Efficiency Manitoba","article_modified_time":"2026-04-10T20:36:33+00:00","og_image":[{"width":2400,"height":1350,"url":"https:\/\/efficiencymb.ca\/wp-content\/uploads\/suppliers-banner.jpg","type":"image\/jpeg"}],"twitter_card":"summary_large_image","twitter_misc":{"Dur\u00e9e de lecture estim\u00e9e":"2 minutes"},"schema":{"@context":"https:\/\/schema.org","@graph":[{"@type":"WebPage","@id":"https:\/\/efficiencymb.ca\/fr\/lignes-directrices-sur-la-publicite-et-trousse-doutils-pour-les-fournisseurs-inscrits\/","url":"https:\/\/efficiencymb.ca\/fr\/lignes-directrices-sur-la-publicite-et-trousse-doutils-pour-les-fournisseurs-inscrits\/","name":"LIGNES DIRECTRICES SUR LA PUBLICIT\u00c9 ET TROUSSE D\u2019OUTILS POUR LES FOURNISSEURS INSCRITS &#8212; Efficiency Manitoba","isPartOf":{"@id":"https:\/\/efficiencymb.ca\/#website"},"primaryImageOfPage":{"@id":"https:\/\/efficiencymb.ca\/fr\/lignes-directrices-sur-la-publicite-et-trousse-doutils-pour-les-fournisseurs-inscrits\/#primaryimage"},"image":{"@id":"https:\/\/efficiencymb.ca\/fr\/lignes-directrices-sur-la-publicite-et-trousse-doutils-pour-les-fournisseurs-inscrits\/#primaryimage"},"thumbnailUrl":"https:\/\/efficiencymb.ca\/wp-content\/uploads\/suppliers-banner.jpg","datePublished":"2026-04-10T19:21:06+00:00","dateModified":"2026-04-10T20:36:33+00:00","description":"Le Programme de recyclage des appareils \u00e9lectrom\u00e9nagers offre le ramassage \u00e0 domicile de votre vieux r\u00e9frig\u00e9rateur ou cong\u00e9lateur ainsi qu\u2019une remise de 30\u00a0$ pour chaque appareil.","breadcrumb":{"@id":"https:\/\/efficiencymb.ca\/fr\/lignes-directrices-sur-la-publicite-et-trousse-doutils-pour-les-fournisseurs-inscrits\/#breadcrumb"},"inLanguage":"fr-FR","potentialAction":[{"@type":"ReadAction","target":["https:\/\/efficiencymb.ca\/fr\/lignes-directrices-sur-la-publicite-et-trousse-doutils-pour-les-fournisseurs-inscrits\/"]}]},{"@type":"ImageObject","inLanguage":"fr-FR","@id":"https:\/\/efficiencymb.ca\/fr\/lignes-directrices-sur-la-publicite-et-trousse-doutils-pour-les-fournisseurs-inscrits\/#primaryimage","url":"https:\/\/efficiencymb.ca\/wp-content\/uploads\/suppliers-banner.jpg","contentUrl":"https:\/\/efficiencymb.ca\/wp-content\/uploads\/suppliers-banner.jpg","width":2400,"height":1350,"caption":"Ouvrier devant une bo\u00eete de raccordement"},{"@type":"BreadcrumbList","@id":"https:\/\/efficiencymb.ca\/fr\/lignes-directrices-sur-la-publicite-et-trousse-doutils-pour-les-fournisseurs-inscrits\/#breadcrumb","itemListElement":[{"@type":"ListItem","position":1,"name":"Home","item":"https:\/\/efficiencymb.ca\/fr\/"},{"@type":"ListItem","position":2,"name":"LIGNES DIRECTRICES SUR LA PUBLICIT\u00c9 ET TROUSSE D\u2019OUTILS POUR LES FOURNISSEURS INSCRITS"}]},{"@type":"WebSite","@id":"https:\/\/efficiencymb.ca\/#website","url":"https:\/\/efficiencymb.ca\/","name":"Efficiency Manitoba","description":"","publisher":{"@id":"https:\/\/efficiencymb.ca\/#organization"},"potentialAction":[{"@type":"SearchAction","target":{"@type":"EntryPoint","urlTemplate":"https:\/\/efficiencymb.ca\/?s={search_term_string}"},"query-input":{"@type":"PropertyValueSpecification","valueRequired":true,"valueName":"search_term_string"}}],"inLanguage":"fr-FR"},{"@type":"Organization","@id":"https:\/\/efficiencymb.ca\/#organization","name":"Efficiency Manitoba","url":"https:\/\/efficiencymb.ca\/","logo":{"@type":"ImageObject","inLanguage":"fr-FR","@id":"https:\/\/efficiencymb.ca\/#\/schema\/logo\/image\/","url":"https:\/\/efficiencymb.ca\/wp-content\/uploads\/em-logo-white-en.png","contentUrl":"https:\/\/efficiencymb.ca\/wp-content\/uploads\/em-logo-white-en.png","width":388,"height":91,"caption":"Efficiency Manitoba"},"image":{"@id":"https:\/\/efficiencymb.ca\/#\/schema\/logo\/image\/"}}]}},"_links":{"self":[{"href":"https:\/\/efficiencymb.ca\/fr\/wp-json\/wp\/v2\/pages\/54849","targetHints":{"allow":["GET"]}}],"collection":[{"href":"https:\/\/efficiencymb.ca\/fr\/wp-json\/wp\/v2\/pages"}],"about":[{"href":"https:\/\/efficiencymb.ca\/fr\/wp-json\/wp\/v2\/types\/page"}],"author":[{"embeddable":true,"href":"https:\/\/efficiencymb.ca\/fr\/wp-json\/wp\/v2\/users\/10"}],"replies":[{"embeddable":true,"href":"https:\/\/efficiencymb.ca\/fr\/wp-json\/wp\/v2\/comments?post=54849"}],"version-history":[{"count":5,"href":"https:\/\/efficiencymb.ca\/fr\/wp-json\/wp\/v2\/pages\/54849\/revisions"}],"predecessor-version":[{"id":87622,"href":"https:\/\/efficiencymb.ca\/fr\/wp-json\/wp\/v2\/pages\/54849\/revisions\/87622"}],"wp:featuredmedia":[{"embeddable":true,"href":"https:\/\/efficiencymb.ca\/fr\/wp-json\/wp\/v2\/media\/3385"}],"wp:attachment":[{"href":"https:\/\/efficiencymb.ca\/fr\/wp-json\/wp\/v2\/media?parent=54849"}],"curies":[{"name":"wp","href":"https:\/\/api.w.org\/{rel}","templated":true}]}}