{"id":25019,"date":"2022-11-07T16:06:19","date_gmt":"2022-11-07T22:06:19","guid":{"rendered":"https:\/\/efficiencymb.ca\/online-applications-for-homeowners\/"},"modified":"2025-09-10T09:32:18","modified_gmt":"2025-09-10T14:32:18","slug":"demandes-en-ligne-pour-les-proprietaires","status":"publish","type":"page","link":"https:\/\/efficiencymb.ca\/fr\/demandes-en-ligne-pour-les-proprietaires\/","title":{"rendered":"Demandes En Ligne Pour Les Propri\u00e9taires"},"content":{"rendered":"\n<div class=\"wp-block-group is-style-content-wide\"><div class=\"wp-block-group__inner-container is-layout-flow wp-block-group-is-layout-flow\">\n<p class=\"has-text-align-center has-medium-font-size\">Si vous \u00eates propri\u00e9taire d\u2019une maison et que vous participez aux programmes ci-dessous, vous pouvez maintenant utiliser votre compte myEM pour faire une demande. Si vous \u00eates \u00e0 la recherche d\u2019un programme et qu\u2019il ne figure pas ci-dessous, consultez la <a href=\"https:\/\/efficiencymb.ca\/fr\/ma-maison\/\">page Ma maison<\/a> pour obtenir une liste compl\u00e8te de nos offres et des renseignements sur la fa\u00e7on de pr\u00e9senter une demande.<\/p>\n\n\n\n<div style=\"height:100px\" aria-hidden=\"true\" class=\"wp-block-spacer\"><\/div>\n\n\n\n<h2 class=\"wp-block-heading has-text-align-center is-style-hero-heading\">DEMANDES POUR LES PROGRAMMES DES PROPRI\u00c9TAIRES<\/h2>\n\n\n\n<div class=\"wp-block-columns is-layout-flex wp-container-core-columns-is-layout-9d6595d7 wp-block-columns-is-layout-flex\">\n<div class=\"wp-block-column is-layout-flow wp-block-column-is-layout-flow\" style=\"flex-basis:100%\">\n<div class=\"wp-block-columns are-vertically-aligned-top is-layout-flex wp-container-core-columns-is-layout-9d6595d7 wp-block-columns-is-layout-flex\">\n<div class=\"wp-block-column is-vertically-aligned-top is-layout-flow wp-block-column-is-layout-flow\" style=\"flex-basis:50%\">\n<h3 class=\"wp-block-heading has-text-align-left is-style-hero-heading-grey\">Remise pour une \u00e9valuation EnerGuide de votre maison<\/h3>\n\n\n\n<ul class=\"wp-block-list is-style-small\">\n<li><a href=\"https:\/\/eher.visiondsm.com\/\">Remplissez votre demande d\u00e8s maintenant<\/a><\/li>\n\n\n\n<li><a href=\"https:\/\/efficiencymb.ca\/fr\/ma-maison\/remise-evaluation-energuide-maison\/\">Apprenez-en davantage<\/a><\/li>\n<\/ul>\n<\/div>\n\n\n\n<div class=\"wp-block-column is-vertically-aligned-top is-layout-flow wp-block-column-is-layout-flow\" style=\"flex-basis:50%\">\n<h3 class=\"wp-block-heading is-style-hero-heading-grey\">Remise sur les portes et fen\u00eatres<\/h3>\n\n\n\n<ul class=\"wp-block-list is-style-small\">\n<li><a href=\"https:\/\/wdp.visiondsm.com\/\">Remplissez votre demande d\u00e8s maintenant<\/a><\/li>\n\n\n\n<li><a href=\"https:\/\/efficiencymb.ca\/fr\/ma-maison\/remise-sur-les-portes-et-fenetres\/\">Apprenez-en davantage<\/a><\/li>\n<\/ul>\n<\/div>\n<\/div>\n<\/div>\n<\/div>\n\n\n\n<div class=\"wp-block-columns is-layout-flex wp-container-core-columns-is-layout-9d6595d7 wp-block-columns-is-layout-flex\">\n<div class=\"wp-block-column is-layout-flow wp-block-column-is-layout-flow\">\n<div class=\"wp-block-columns is-layout-flex wp-container-core-columns-is-layout-9d6595d7 wp-block-columns-is-layout-flex\">\n<div class=\"wp-block-column is-layout-flow wp-block-column-is-layout-flow\">\n<h3 class=\"wp-block-heading is-style-hero-heading-grey\">Programme de remise sur les syst\u00e8mes solaires<\/h3>\n\n\n\n<ul class=\"wp-block-list is-style-small\">\n<li><a href=\"https:\/\/srp.visiondsm.com\">Remplissez votre demande d\u00e8s maintenant<\/a><\/li>\n\n\n\n<li><a href=\"https:\/\/efficiencymb.ca\/fr\/programme-de-remise-sur-les-systemes-solaires\/\">Apprenez-en davantage<\/a><\/li>\n<\/ul>\n<\/div>\n<\/div>\n<\/div>\n\n\n\n<div class=\"wp-block-column is-layout-flow wp-block-column-is-layout-flow\">\n<h3 class=\"wp-block-heading is-style-hero-heading-grey\">R\u00e9novations \u00e9co\u00e9nerg\u00e9tiques r\u00e9sidentielles<\/h3>\n\n\n\n<ul class=\"wp-block-list is-style-small\">\n<li><a href=\"https:\/\/her.visiondsm.com\">Remplissez votre demande d\u00e8s maintenant<\/a><\/li>\n\n\n\n<li><a href=\"https:\/\/efficiencymb.ca\/fr\/ma-maison\/home-energy-retrofit-program\/\">Apprenez-en davantage<\/a><\/li>\n<\/ul>\n<\/div>\n<\/div>\n\n\n\n<div style=\"height:100px\" aria-hidden=\"true\" class=\"wp-block-spacer\"><\/div>\n<\/div><\/div>\n\n\n<div class=\"wp-block-image\">\n<figure class=\"aligncenter size-full\"><img loading=\"lazy\" decoding=\"async\" width=\"2000\" height=\"400\" src=\"https:\/\/efficiencymb.ca\/wp-content\/uploads\/image.png\" alt=\"\" class=\"wp-image-13665\" srcset=\"https:\/\/efficiencymb.ca\/wp-content\/uploads\/image.png 2000w, https:\/\/efficiencymb.ca\/wp-content\/uploads\/image-479x96.png 479w, https:\/\/efficiencymb.ca\/wp-content\/uploads\/image-1024x205.png 1024w, https:\/\/efficiencymb.ca\/wp-content\/uploads\/image-768x154.png 768w, https:\/\/efficiencymb.ca\/wp-content\/uploads\/image-1536x307.png 1536w\" sizes=\"auto, (max-width: 2000px) 100vw, 2000px\" \/><\/figure>\n<\/div>","protected":false},"excerpt":{"rendered":"<p>Si vous \u00eates propri\u00e9taire d\u2019une maison et que vous participez aux programmes ci-dessous, vous pouvez maintenant utiliser votre compte myEM pour faire une demande. Si vous \u00eates \u00e0 la recherche d\u2019un programme et qu\u2019il ne figure pas ci-dessous, consultez la page Ma maison pour obtenir une liste compl\u00e8te de nos offres et des renseignements surcontinue-reading<\/p>\n","protected":false},"author":10,"featured_media":21995,"parent":0,"menu_order":0,"comment_status":"closed","ping_status":"closed","template":"","meta":{"_acf_changed":false,"footnotes":""},"class_list":["post-25019","page","type-page","status-publish","has-post-thumbnail","hentry","page_cat-exclude-algolia-search"],"acf":[],"yoast_head":"<!-- This site is optimized with the Yoast SEO plugin v27.3 - https:\/\/yoast.com\/product\/yoast-seo-wordpress\/ -->\n<title>Demandes En Ligne Pour Les Propri\u00e9taires &#8212; Efficiency Manitoba<\/title>\n<meta name=\"description\" content=\"You can now use your myEM login to apply for the programs listed below. If you&#039;re looking for a program and don&#039;t see it below, check out the my home page for a complete list of our offers and information about how to apply.\" \/>\n<meta name=\"robots\" content=\"index, follow, max-snippet:-1, max-image-preview:large, max-video-preview:-1\" \/>\n<link rel=\"canonical\" href=\"https:\/\/efficiencymb.ca\/fr\/demandes-en-ligne-pour-les-proprietaires\/\" \/>\n<meta property=\"og:locale\" content=\"fr_FR\" \/>\n<meta property=\"og:type\" content=\"article\" \/>\n<meta property=\"og:title\" content=\"Demandes En Ligne Pour Les Propri\u00e9taires &#8212; Efficiency Manitoba\" \/>\n<meta property=\"og:description\" content=\"You can now use your myEM login to apply for the programs listed below. If you&#039;re looking for a program and don&#039;t see it below, check out the my home page for a complete list of our offers and information about how to apply.\" \/>\n<meta property=\"og:url\" content=\"https:\/\/efficiencymb.ca\/fr\/demandes-en-ligne-pour-les-proprietaires\/\" \/>\n<meta property=\"og:site_name\" content=\"Efficiency Manitoba\" \/>\n<meta property=\"article:modified_time\" content=\"2025-09-10T14:32:18+00:00\" \/>\n<meta property=\"og:image\" content=\"https:\/\/efficiencymb.ca\/wp-content\/uploads\/GettyImages-1317772761.jpg\" \/>\n\t<meta property=\"og:image:width\" content=\"2400\" \/>\n\t<meta property=\"og:image:height\" content=\"1350\" \/>\n\t<meta property=\"og:image:type\" content=\"image\/jpeg\" \/>\n<meta name=\"twitter:card\" content=\"summary_large_image\" \/>\n<meta name=\"twitter:label1\" content=\"Dur\u00e9e de lecture estim\u00e9e\" \/>\n\t<meta name=\"twitter:data1\" content=\"1 minute\" \/>\n<script type=\"application\/ld+json\" class=\"yoast-schema-graph\">{\"@context\":\"https:\\\/\\\/schema.org\",\"@graph\":[{\"@type\":\"WebPage\",\"@id\":\"https:\\\/\\\/efficiencymb.ca\\\/fr\\\/demandes-en-ligne-pour-les-proprietaires\\\/\",\"url\":\"https:\\\/\\\/efficiencymb.ca\\\/fr\\\/demandes-en-ligne-pour-les-proprietaires\\\/\",\"name\":\"Demandes En Ligne Pour Les Propri\u00e9taires &#8212; Efficiency Manitoba\",\"isPartOf\":{\"@id\":\"https:\\\/\\\/efficiencymb.ca\\\/#website\"},\"primaryImageOfPage\":{\"@id\":\"https:\\\/\\\/efficiencymb.ca\\\/fr\\\/demandes-en-ligne-pour-les-proprietaires\\\/#primaryimage\"},\"image\":{\"@id\":\"https:\\\/\\\/efficiencymb.ca\\\/fr\\\/demandes-en-ligne-pour-les-proprietaires\\\/#primaryimage\"},\"thumbnailUrl\":\"https:\\\/\\\/efficiencymb.ca\\\/wp-content\\\/uploads\\\/GettyImages-1317772761.jpg\",\"datePublished\":\"2022-11-07T22:06:19+00:00\",\"dateModified\":\"2025-09-10T14:32:18+00:00\",\"description\":\"You can now use your myEM login to apply for the programs listed below. If you're looking for a program and don't see it below, check out the my home page for a complete list of our offers and information about how to apply.\",\"breadcrumb\":{\"@id\":\"https:\\\/\\\/efficiencymb.ca\\\/fr\\\/demandes-en-ligne-pour-les-proprietaires\\\/#breadcrumb\"},\"inLanguage\":\"fr-FR\",\"potentialAction\":[{\"@type\":\"ReadAction\",\"target\":[\"https:\\\/\\\/efficiencymb.ca\\\/fr\\\/demandes-en-ligne-pour-les-proprietaires\\\/\"]}]},{\"@type\":\"ImageObject\",\"inLanguage\":\"fr-FR\",\"@id\":\"https:\\\/\\\/efficiencymb.ca\\\/fr\\\/demandes-en-ligne-pour-les-proprietaires\\\/#primaryimage\",\"url\":\"https:\\\/\\\/efficiencymb.ca\\\/wp-content\\\/uploads\\\/GettyImages-1317772761.jpg\",\"contentUrl\":\"https:\\\/\\\/efficiencymb.ca\\\/wp-content\\\/uploads\\\/GettyImages-1317772761.jpg\",\"width\":2400,\"height\":1350,\"caption\":\"Couple utilisant un portable \u00e0 la maison\"},{\"@type\":\"BreadcrumbList\",\"@id\":\"https:\\\/\\\/efficiencymb.ca\\\/fr\\\/demandes-en-ligne-pour-les-proprietaires\\\/#breadcrumb\",\"itemListElement\":[{\"@type\":\"ListItem\",\"position\":1,\"name\":\"Home\",\"item\":\"https:\\\/\\\/efficiencymb.ca\\\/fr\\\/\"},{\"@type\":\"ListItem\",\"position\":2,\"name\":\"Demandes En Ligne Pour Les Propri\u00e9taires\"}]},{\"@type\":\"WebSite\",\"@id\":\"https:\\\/\\\/efficiencymb.ca\\\/#website\",\"url\":\"https:\\\/\\\/efficiencymb.ca\\\/\",\"name\":\"Efficiency Manitoba\",\"description\":\"\",\"publisher\":{\"@id\":\"https:\\\/\\\/efficiencymb.ca\\\/#organization\"},\"potentialAction\":[{\"@type\":\"SearchAction\",\"target\":{\"@type\":\"EntryPoint\",\"urlTemplate\":\"https:\\\/\\\/efficiencymb.ca\\\/?s={search_term_string}\"},\"query-input\":{\"@type\":\"PropertyValueSpecification\",\"valueRequired\":true,\"valueName\":\"search_term_string\"}}],\"inLanguage\":\"fr-FR\"},{\"@type\":\"Organization\",\"@id\":\"https:\\\/\\\/efficiencymb.ca\\\/#organization\",\"name\":\"Efficiency Manitoba\",\"url\":\"https:\\\/\\\/efficiencymb.ca\\\/\",\"logo\":{\"@type\":\"ImageObject\",\"inLanguage\":\"fr-FR\",\"@id\":\"https:\\\/\\\/efficiencymb.ca\\\/#\\\/schema\\\/logo\\\/image\\\/\",\"url\":\"https:\\\/\\\/efficiencymb.ca\\\/wp-content\\\/uploads\\\/em-logo-white-en.png\",\"contentUrl\":\"https:\\\/\\\/efficiencymb.ca\\\/wp-content\\\/uploads\\\/em-logo-white-en.png\",\"width\":388,\"height\":91,\"caption\":\"Efficiency Manitoba\"},\"image\":{\"@id\":\"https:\\\/\\\/efficiencymb.ca\\\/#\\\/schema\\\/logo\\\/image\\\/\"}}]}<\/script>\n<!-- \/ Yoast SEO plugin. -->","yoast_head_json":{"title":"Demandes En Ligne Pour Les Propri\u00e9taires &#8212; Efficiency Manitoba","description":"You can now use your myEM login to apply for the programs listed below. If you're looking for a program and don't see it below, check out the my home page for a complete list of our offers and information about how to apply.","robots":{"index":"index","follow":"follow","max-snippet":"max-snippet:-1","max-image-preview":"max-image-preview:large","max-video-preview":"max-video-preview:-1"},"canonical":"https:\/\/efficiencymb.ca\/fr\/demandes-en-ligne-pour-les-proprietaires\/","og_locale":"fr_FR","og_type":"article","og_title":"Demandes En Ligne Pour Les Propri\u00e9taires &#8212; Efficiency Manitoba","og_description":"You can now use your myEM login to apply for the programs listed below. If you're looking for a program and don't see it below, check out the my home page for a complete list of our offers and information about how to apply.","og_url":"https:\/\/efficiencymb.ca\/fr\/demandes-en-ligne-pour-les-proprietaires\/","og_site_name":"Efficiency Manitoba","article_modified_time":"2025-09-10T14:32:18+00:00","og_image":[{"width":2400,"height":1350,"url":"https:\/\/efficiencymb.ca\/wp-content\/uploads\/GettyImages-1317772761.jpg","type":"image\/jpeg"}],"twitter_card":"summary_large_image","twitter_misc":{"Dur\u00e9e de lecture estim\u00e9e":"1 minute"},"schema":{"@context":"https:\/\/schema.org","@graph":[{"@type":"WebPage","@id":"https:\/\/efficiencymb.ca\/fr\/demandes-en-ligne-pour-les-proprietaires\/","url":"https:\/\/efficiencymb.ca\/fr\/demandes-en-ligne-pour-les-proprietaires\/","name":"Demandes En Ligne Pour Les Propri\u00e9taires &#8212; Efficiency Manitoba","isPartOf":{"@id":"https:\/\/efficiencymb.ca\/#website"},"primaryImageOfPage":{"@id":"https:\/\/efficiencymb.ca\/fr\/demandes-en-ligne-pour-les-proprietaires\/#primaryimage"},"image":{"@id":"https:\/\/efficiencymb.ca\/fr\/demandes-en-ligne-pour-les-proprietaires\/#primaryimage"},"thumbnailUrl":"https:\/\/efficiencymb.ca\/wp-content\/uploads\/GettyImages-1317772761.jpg","datePublished":"2022-11-07T22:06:19+00:00","dateModified":"2025-09-10T14:32:18+00:00","description":"You can now use your myEM login to apply for the programs listed below. If you're looking for a program and don't see it below, check out the my home page for a complete list of our offers and information about how to apply.","breadcrumb":{"@id":"https:\/\/efficiencymb.ca\/fr\/demandes-en-ligne-pour-les-proprietaires\/#breadcrumb"},"inLanguage":"fr-FR","potentialAction":[{"@type":"ReadAction","target":["https:\/\/efficiencymb.ca\/fr\/demandes-en-ligne-pour-les-proprietaires\/"]}]},{"@type":"ImageObject","inLanguage":"fr-FR","@id":"https:\/\/efficiencymb.ca\/fr\/demandes-en-ligne-pour-les-proprietaires\/#primaryimage","url":"https:\/\/efficiencymb.ca\/wp-content\/uploads\/GettyImages-1317772761.jpg","contentUrl":"https:\/\/efficiencymb.ca\/wp-content\/uploads\/GettyImages-1317772761.jpg","width":2400,"height":1350,"caption":"Couple utilisant un portable \u00e0 la maison"},{"@type":"BreadcrumbList","@id":"https:\/\/efficiencymb.ca\/fr\/demandes-en-ligne-pour-les-proprietaires\/#breadcrumb","itemListElement":[{"@type":"ListItem","position":1,"name":"Home","item":"https:\/\/efficiencymb.ca\/fr\/"},{"@type":"ListItem","position":2,"name":"Demandes En Ligne Pour Les Propri\u00e9taires"}]},{"@type":"WebSite","@id":"https:\/\/efficiencymb.ca\/#website","url":"https:\/\/efficiencymb.ca\/","name":"Efficiency Manitoba","description":"","publisher":{"@id":"https:\/\/efficiencymb.ca\/#organization"},"potentialAction":[{"@type":"SearchAction","target":{"@type":"EntryPoint","urlTemplate":"https:\/\/efficiencymb.ca\/?s={search_term_string}"},"query-input":{"@type":"PropertyValueSpecification","valueRequired":true,"valueName":"search_term_string"}}],"inLanguage":"fr-FR"},{"@type":"Organization","@id":"https:\/\/efficiencymb.ca\/#organization","name":"Efficiency Manitoba","url":"https:\/\/efficiencymb.ca\/","logo":{"@type":"ImageObject","inLanguage":"fr-FR","@id":"https:\/\/efficiencymb.ca\/#\/schema\/logo\/image\/","url":"https:\/\/efficiencymb.ca\/wp-content\/uploads\/em-logo-white-en.png","contentUrl":"https:\/\/efficiencymb.ca\/wp-content\/uploads\/em-logo-white-en.png","width":388,"height":91,"caption":"Efficiency Manitoba"},"image":{"@id":"https:\/\/efficiencymb.ca\/#\/schema\/logo\/image\/"}}]}},"_links":{"self":[{"href":"https:\/\/efficiencymb.ca\/fr\/wp-json\/wp\/v2\/pages\/25019","targetHints":{"allow":["GET"]}}],"collection":[{"href":"https:\/\/efficiencymb.ca\/fr\/wp-json\/wp\/v2\/pages"}],"about":[{"href":"https:\/\/efficiencymb.ca\/fr\/wp-json\/wp\/v2\/types\/page"}],"author":[{"embeddable":true,"href":"https:\/\/efficiencymb.ca\/fr\/wp-json\/wp\/v2\/users\/10"}],"replies":[{"embeddable":true,"href":"https:\/\/efficiencymb.ca\/fr\/wp-json\/wp\/v2\/comments?post=25019"}],"version-history":[{"count":11,"href":"https:\/\/efficiencymb.ca\/fr\/wp-json\/wp\/v2\/pages\/25019\/revisions"}],"predecessor-version":[{"id":80555,"href":"https:\/\/efficiencymb.ca\/fr\/wp-json\/wp\/v2\/pages\/25019\/revisions\/80555"}],"wp:featuredmedia":[{"embeddable":true,"href":"https:\/\/efficiencymb.ca\/fr\/wp-json\/wp\/v2\/media\/21995"}],"wp:attachment":[{"href":"https:\/\/efficiencymb.ca\/fr\/wp-json\/wp\/v2\/media?parent=25019"}],"curies":[{"name":"wp","href":"https:\/\/api.w.org\/{rel}","templated":true}]}}