{"id":24677,"date":"2022-03-18T15:29:26","date_gmt":"2022-03-18T20:29:26","guid":{"rendered":"https:\/\/efficiencymb.ca\/in-suite-appliance-program\/"},"modified":"2024-04-17T11:59:03","modified_gmt":"2024-04-17T16:59:03","slug":"programme-dappareils-electromenagers-pour-les-appartements","status":"publish","type":"page","link":"https:\/\/efficiencymb.ca\/fr\/programme-dappareils-electromenagers-pour-les-appartements\/","title":{"rendered":"Programme d\u2019appareils \u00e9lectrom\u00e9nagers pour les appartements \u2014 PROMOTION SE TERMINANT BIENT\u00d4T"},"content":{"rendered":"\n<div class=\"wp-block-group is-style-content-wide\"><div class=\"wp-block-group__inner-container is-layout-flow wp-block-group-is-layout-flow\">\n<h2 class=\"wp-block-heading has-text-align-center is-style-hero-heading-grey\" id=\"energy-efficiency-upgrades-for-multi-family-buildings\"><strong>REMISES SUR LES APPAREILS HOMOLOGU\u00c9S ENERGY STAR\u1d39\u1d30 POUR IMMEUBLES R\u00c9SIDENTIELS \u00c0 LOGEMENTS MULTIPLES<\/strong><\/h2>\n\n\n\n<p class=\"has-text-align-center has-medium-font-size\">Nous aidons les gestionnaires immobiliers et les propri\u00e9taires d\u2019immeubles r\u00e9sidentiels \u00e0 logements multiples \u00e0 \u00e9conomiser sur leurs factures mensuelles d\u2019\u00e9nergie. Obtenez jusqu\u2019\u00e0 200&nbsp;$ de remise par appartement \u00e0 l\u2019achat de certains appareils certifi\u00e9s ENERGY STAR.<\/p>\n<\/div><\/div>\n\n\n\n<div style=\"height:50px\" aria-hidden=\"true\" class=\"wp-block-spacer\"><\/div>\n\n\n\n<div class=\"wp-block-group is-style-content-wide\"><div class=\"wp-block-group__inner-container is-layout-constrained wp-block-group-is-layout-constrained\">\n<h2 class=\"wp-block-heading has-text-align-center is-style-hero-heading-grey\"><strong>FIN DE LA PROMOTION BIENT\u00d4T<\/strong><\/h2>\n\n\n\n<p class=\"has-text-align-center has-medium-font-size\">Pour avoir droit \u00e0 une remise, vous devez soumettre votre demande au plus tard le 30\u00a0septembre\u00a02024 \u00e0 23\u00a0h\u00a059, HAC. Pr\u00e9approuv\u00e9e appareils doivent \u00eatre install\u00e9s d\u2019ici au 30 septembre 2025.<\/p>\n<\/div><\/div>\n\n\n\n<div style=\"height:100px\" aria-hidden=\"true\" class=\"wp-block-spacer\"><\/div>\n\n\n\r\n\t<div class=\"product-blocks\">\r\n\t\t\t\t\t<div class=\"wp-block-columns gridbox product-block image-left blue\">\r\n\t\t\t<div class=\"wp-block-column grid-image\">\r\n\t\t\t\t                <figure class=\"wp-block-image size-large\">\r\n                    <img decoding=\"async\" class=\"acf-figure-image\" \r\n            src=\"https:\/\/efficiencymb.ca\/wp-content\/uploads\/2020\/03\/product-photo-washer-dryer-pair_2x.jpg\"\r\n            srcset=\"https:\/\/efficiencymb.ca\/wp-content\/uploads\/2020\/03\/product-photo-washer-dryer-pair_2x.jpg 1000w, https:\/\/efficiencymb.ca\/wp-content\/uploads\/2020\/03\/product-photo-washer-dryer-pair_2x-269x269.jpg 269w, https:\/\/efficiencymb.ca\/wp-content\/uploads\/2020\/03\/product-photo-washer-dryer-pair_2x-768x768.jpg 768w\"\r\n            sizes=\"(max-width: 1000px) 100vw, 1000px\" \r\n            alt=\"Duo laveuse-s\u00e9cheuse\"\r\n        \/>\r\n                        <\/figure>\r\n            \t\t\t<\/div>\r\n\t\t\t<div class=\"wp-block-column grid-content\">\r\n\t\t\t\t<h3>REMISE DE 150 $<\/h3>\r\n\t\t\t\t<p><span class=\"fs-medium-30\">SUR CERTAINS DUOS LAVEUSE-S\u00c9CHEUSE CERTIFI\u00c9ES ENERGY STAR<\/span><\/p>\n<p><span class=\"small\">Les s\u00e9cheuses doivent \u00eatre achet\u00e9es avec une laveuse admissible. Les s\u00e9cheuses au gaz naturel ne sont pas admissibles \u00e0 une remise.<\/span><\/p>\n\t\t\t<\/div>\r\n\t\t<\/div>\r\n\t\t\t\t\t<div class=\"wp-block-columns gridbox product-block image-right green\">\r\n\t\t\t<div class=\"wp-block-column grid-image\">\r\n\t\t\t\t                <figure class=\"wp-block-image size-large\">\r\n                    <img decoding=\"async\" class=\"acf-figure-image\" \r\n            src=\"https:\/\/efficiencymb.ca\/wp-content\/uploads\/2020\/03\/product-photo-clothes-washer_2x.jpg\"\r\n            srcset=\"https:\/\/efficiencymb.ca\/wp-content\/uploads\/2020\/03\/product-photo-clothes-washer_2x.jpg 1000w, https:\/\/efficiencymb.ca\/wp-content\/uploads\/2020\/03\/product-photo-clothes-washer_2x-269x269.jpg 269w, https:\/\/efficiencymb.ca\/wp-content\/uploads\/2020\/03\/product-photo-clothes-washer_2x-768x768.jpg 768w\"\r\n            sizes=\"(max-width: 1000px) 100vw, 1000px\" \r\n            alt=\"Laveuse \u00e0 linge\"\r\n        \/>\r\n                        <\/figure>\r\n            \t\t\t<\/div>\r\n\t\t\t<div class=\"wp-block-column grid-content\">\r\n\t\t\t\t<h3>REMISE DE 100 $<\/h3>\r\n\t\t\t\t<p><span class=\"fs-medium-30\">CERTAINES LAVEUSES CERTIFI\u00c9ES ENERGY STAR<\/span><\/p>\n\t\t\t<\/div>\r\n\t\t<\/div>\r\n\t\t\t\t\t<div class=\"wp-block-columns gridbox product-block image-left blue\">\r\n\t\t\t<div class=\"wp-block-column grid-image\">\r\n\t\t\t\t                <figure class=\"wp-block-image size-large\">\r\n                    <img decoding=\"async\" class=\"acf-figure-image\" \r\n            src=\"https:\/\/efficiencymb.ca\/wp-content\/uploads\/product-photo-refrigerator-alt_2x-1.jpg\"\r\n            srcset=\"https:\/\/efficiencymb.ca\/wp-content\/uploads\/product-photo-refrigerator-alt_2x-1.jpg 1000w, https:\/\/efficiencymb.ca\/wp-content\/uploads\/product-photo-refrigerator-alt_2x-1-269x269.jpg 269w, https:\/\/efficiencymb.ca\/wp-content\/uploads\/product-photo-refrigerator-alt_2x-1-768x768.jpg 768w\"\r\n            sizes=\"(max-width: 1000px) 100vw, 1000px\" \r\n            alt=\"\"\r\n        \/>\r\n                        <\/figure>\r\n            \t\t\t<\/div>\r\n\t\t\t<div class=\"wp-block-column grid-content\">\r\n\t\t\t\t<h3>REMISE DE 50 $<\/h3>\r\n\t\t\t\t<p><span class=\"fs-medium-30\">CERTAINS R\u00c9FRIG\u00c9RATEURS CERTIFI\u00c9S ENERGY STAR<\/span><\/p>\n<p><span class=\"small\">Les mod\u00e8les compacts (d\u2019un volume inf\u00e9rieur \u00e0 10 pieds cubes) et les mod\u00e8les sans cong\u00e9lateur \u00e0 une porte ne sont pas admissibles \u00e0 une remise..<\/span><\/p>\n\t\t\t<\/div>\r\n\t\t<\/div>\r\n\t\t<\/div>\r\n\t\r\n\n\n\n<div style=\"height:100px\" aria-hidden=\"true\" class=\"wp-block-spacer\"><\/div>\n\n\n<div class=\"theme-button wp-block-button aligncenter\">\r\n\t<a  class=\"wp-block-button__link has-background no-border-radius button cta button-large\" href=\"https:\/\/efficiencymb.ca\/fr\/programme-dappareils-electromenagers-pour-les-appartements\/liste-des-dispositifs-de-commande-evolues-de-vrc-admissibles\/\"><strong>CONSULTEZ LA LISTE<\/strong><br>DES PRODUITS ADMISSIBLES<\/a>\r\n<\/div>\n\n\n<div style=\"height:100px\" aria-hidden=\"true\" class=\"wp-block-spacer\"><\/div>\n\n\n\n<figure class=\"wp-block-image size-full slant\"><img loading=\"lazy\" decoding=\"async\" width=\"2000\" height=\"400\" src=\"https:\/\/efficiencymb.ca\/wp-content\/uploads\/bg-two-tone-green@2x.png\" alt=\"\" class=\"wp-image-592\" srcset=\"https:\/\/efficiencymb.ca\/wp-content\/uploads\/bg-two-tone-green@2x.png 2000w, https:\/\/efficiencymb.ca\/wp-content\/uploads\/bg-two-tone-green@2x-479x96.png 479w, https:\/\/efficiencymb.ca\/wp-content\/uploads\/bg-two-tone-green@2x-1024x205.png 1024w, https:\/\/efficiencymb.ca\/wp-content\/uploads\/bg-two-tone-green@2x-768x154.png 768w, https:\/\/efficiencymb.ca\/wp-content\/uploads\/bg-two-tone-green@2x-1536x307.png 1536w\" sizes=\"auto, (max-width: 2000px) 100vw, 2000px\" \/><\/figure>\n\n\n\n<div class=\"wp-block-group has-background\" style=\"background-color:#f2f2f2\"><div class=\"wp-block-group__inner-container is-layout-flow wp-block-group-is-layout-flow\">\n<div class=\"wp-block-group has-background\" style=\"background-color:#f4f3f3\"><div class=\"wp-block-group__inner-container is-layout-flow wp-block-group-is-layout-flow\">\n<h2 class=\"wp-block-heading has-text-align-center is-style-hero-heading-grey\" id=\"steps-to-participate\">\u00c9TAPES POUR PARTICIPER<\/h2>\n\n\n\n<ol class=\"iconic-list large\">\n<li>\n<h3><strong>V\u00c9RIFIEZ<\/strong> SI VOUS ET VOTRE IMMEUBLES \u00caTES ADMISSIBLES<\/h3>\n<p>Lisez les <a href=\"https:\/\/efficiencymb.ca\/fr\/programme-dappareils-electromenagers-pour-les-appartements\/#do-you-qualify\">renseignements sur l\u2019admissibilit\u00e9<\/a> pour savoir si vous et votre immeuble \u00eates admissibles aux remises.\u00a0<\/p>\n<\/li>\n<li>\n<h3><strong>CONSULTEZ<\/strong> LA LISTE DES PRODUITS ADMISSIBLES<\/h3>\n<p>D\u00e9couvrez quels appareils sont admissibles \u00e0 une remise en consultant notre <a href=\"https:\/\/efficiencymb.ca\/fr\/programme-dappareils-electromenagers-pour-les-appartements\/liste-des-dispositifs-de-commande-evolues-de-vrc-admissibles\/\">liste de produits admissibles<\/a>.\u00a0<\/p>\n<\/li>\n<li>\n<h3><strong>DEMANDEZ <\/strong>UNE APPROBATION D\u2019ACHAT<\/h3>\n<p>Veuillez remplir notre formulaire de demande du <a href=\"https:\/\/efficiencymb.ca\/wp-content\/uploads\/In-Suite-Appliance-Program-Incentive-Agreement.pdf\">Programme d\u2019appareils \u00e9lectrom\u00e9nagers pour les appartements<\/a> (<em>en anglais)<\/em> pour faire approuver l\u2019achat de vos mod\u00e8les d\u2019appareils et obtenir une estimation de votre remise au plus tard le 30 septembre 2024 \u00e0 23 h 59, HAC.\u00a0(Les produits admissibles achet\u00e9s ou install\u00e9s avant l\u2019approbation d\u2019Efficacit\u00e9 Manitoba ne sont pas admissibles \u00e0 une remise). Envoyez le formulaire par courriel \u00e0 <a href=\"mailto:appliances@efficiencyMB.ca\">appliances@efficiencyMB.ca<\/a> et attendez de recevoir une r\u00e9ponse \u00e9crite.\u00a0<\/p>\n<\/li>\n<li>\n<h3><strong>ACHETEZ<\/strong> ET INSTALLEZ VOS APPAREILS<\/h3>\n<p>Une fois que vous avez re\u00e7u l\u2019approbation \u00e9crite d\u2019Efficacit\u00e9 Manitoba, achetez et installez les appareils admissibles dans les appartements participants.<\/p>\n<\/li>\n<li>\n<h3><strong>SOUMETTEZ<\/strong> VOTRE FORMULAIRE DE D\u00c9CLARATION D\u2019ACH\u00c8VEMENT ET VOTRE OU VOS FACTURES<\/h3>\n<p>Demandez le formulaire de d\u00e9claration d\u2019ach\u00e8vement par courriel \u00e0 <a href=\"mailto:appliances@efficiencyMB.ca\">appliances@efficiencyMB.ca<\/a>. Remplissez le formulaire et soumettez-le avec toutes les factures justificatives dans les 12 mois suivant votre date d\u2019approbation. Vous devrez peut-\u00eatre \u00e9galement soumettre des photos des produits install\u00e9s.<\/p>\n<\/li>\n<\/ol>\n<\/div><\/div>\n\n\n\n<figure class=\"wp-block-image size-full slant\"><img loading=\"lazy\" decoding=\"async\" width=\"2000\" height=\"400\" src=\"https:\/\/efficiencymb.ca\/wp-content\/uploads\/bg-two-tone-green-bottom-white-background.png\" alt=\"\" class=\"wp-image-18393\" srcset=\"https:\/\/efficiencymb.ca\/wp-content\/uploads\/bg-two-tone-green-bottom-white-background.png 2000w, https:\/\/efficiencymb.ca\/wp-content\/uploads\/bg-two-tone-green-bottom-white-background-479x96.png 479w, https:\/\/efficiencymb.ca\/wp-content\/uploads\/bg-two-tone-green-bottom-white-background-1024x205.png 1024w, https:\/\/efficiencymb.ca\/wp-content\/uploads\/bg-two-tone-green-bottom-white-background-768x154.png 768w, https:\/\/efficiencymb.ca\/wp-content\/uploads\/bg-two-tone-green-bottom-white-background-1536x307.png 1536w\" sizes=\"auto, (max-width: 2000px) 100vw, 2000px\" \/><\/figure>\n<\/div><\/div>\n\n\n\n<div style=\"height:100px\" aria-hidden=\"true\" class=\"wp-block-spacer\"><\/div>\n\n\n\n<div class=\"wp-block-group is-style-content-wide\"><div class=\"wp-block-group__inner-container is-layout-flow wp-block-group-is-layout-flow\">\n<h2 class=\"wp-block-heading has-text-align-center is-style-hero-heading\" id=\"do-you-qualify\">\u00caTES-VOUS ADMISSIBLE?<\/h2>\n\n\n\n<div class=\"wp-block-group is-style-content-columns\"><div class=\"wp-block-group__inner-container is-layout-flow wp-block-group-is-layout-flow\">\n<ul class=\"is-style-medium wp-block-list\">\n<li>Vous \u00eates propri\u00e9taire ou la personne d\u00e9sign\u00e9e (p. ex., gestionnaire immobilier) de l\u2019immeuble et vous \u00eates responsable de l\u2019installation des appareils dans les appartements de l\u2019immeuble.<\/li>\n\n\n\n<li>Votre immeuble compte quatre appartements ou plus.<\/li>\n\n\n\n<li>Au moins la moiti\u00e9 des appartements ou un minimum de quatre appartements doivent y participer, selon le plus \u00e9lev\u00e9 des deux.<\/li>\n\n\n\n<li>Le nombre d\u2019appareils d\u2019une cat\u00e9gorie de produits faisant l\u2019objet d\u2019une remise (p. ex., les r\u00e9frig\u00e9rateurs) doit correspondre au nombre d\u2019appartements participants.<\/li>\n\n\n\n<li>Vos appareils doivent \u00eatre install\u00e9s d\u2019ici au 30&nbsp;septembre&nbsp;2025, tandis que votre demande doit avoir \u00e9t\u00e9 soumise et pr\u00e9approuv\u00e9e au plus tard le 30&nbsp;septembre&nbsp;2024 \u00e0 23&nbsp;h&nbsp;59, HAC.<\/li>\n<\/ul>\n<\/div><\/div>\n<\/div><\/div>\n\n\n\n<hr class=\"wp-block-separator has-css-opacity\"\/>\n\n\n\n<div class=\"wp-block-group is-style-content-wide\"><div class=\"wp-block-group__inner-container is-layout-constrained wp-block-group-is-layout-constrained\">\n<p class=\"has-text-align-center\">Lisez les <a href=\"https:\/\/efficiencymb.ca\/wp-content\/uploads\/In-Suite-Appliance-Program-Incentive-Agreement.pdf\">conditions g\u00e9n\u00e9rales<\/a> (<em>en anglais) <\/em>de l\u2019offre dans notre formulaire de demande pour conna\u00eetre toutes les conditions d\u2019admissibilit\u00e9.<\/p>\n<\/div><\/div>\n\n\n\n<div style=\"height:100px\" aria-hidden=\"true\" class=\"wp-block-spacer\"><\/div>\n","protected":false},"excerpt":{"rendered":"<p>REMISES SUR LES APPAREILS HOMOLOGU\u00c9S ENERGY STAR\u1d39\u1d30 POUR IMMEUBLES R\u00c9SIDENTIELS \u00c0 LOGEMENTS MULTIPLES Nous aidons les gestionnaires immobiliers et les propri\u00e9taires d\u2019immeubles r\u00e9sidentiels \u00e0 logements multiples \u00e0 \u00e9conomiser sur leurs factures mensuelles d\u2019\u00e9nergie. Obtenez jusqu\u2019\u00e0 200&nbsp;$ de remise par appartement \u00e0 l\u2019achat de certains appareils certifi\u00e9s ENERGY STAR. FIN DE LA PROMOTION BIENT\u00d4T Pour avoircontinue-reading<\/p>\n","protected":false},"author":10,"featured_media":18967,"parent":0,"menu_order":0,"comment_status":"closed","ping_status":"closed","template":"","meta":{"_acf_changed":false,"footnotes":""},"class_list":["post-24677","page","type-page","status-publish","has-post-thumbnail","hentry","page_cat-programs"],"acf":[],"yoast_head":"<!-- This site is optimized with the Yoast SEO plugin v27.3 - https:\/\/yoast.com\/product\/yoast-seo-wordpress\/ -->\n<title>Programme d\u2019appareils \u00e9lectrom\u00e9nagers pour les appartements \u2014 PROMOTION SE TERMINANT BIENT\u00d4T &#8212; Efficiency Manitoba<\/title>\n<meta name=\"description\" content=\"We help property managers and owners of multi-family buildings improve the energy efficiency of the suites in their buildings.\" \/>\n<meta name=\"robots\" content=\"index, follow, max-snippet:-1, max-image-preview:large, max-video-preview:-1\" \/>\n<link rel=\"canonical\" href=\"https:\/\/efficiencymb.ca\/fr\/programme-dappareils-electromenagers-pour-les-appartements\/\" \/>\n<meta property=\"og:locale\" content=\"fr_FR\" \/>\n<meta property=\"og:type\" content=\"article\" \/>\n<meta property=\"og:title\" content=\"Programme d\u2019appareils \u00e9lectrom\u00e9nagers pour les appartements \u2014 PROMOTION SE TERMINANT BIENT\u00d4T &#8212; Efficiency Manitoba\" \/>\n<meta property=\"og:description\" content=\"We help property managers and owners of multi-family buildings improve the energy efficiency of the suites in their buildings.\" \/>\n<meta property=\"og:url\" content=\"https:\/\/efficiencymb.ca\/fr\/programme-dappareils-electromenagers-pour-les-appartements\/\" \/>\n<meta property=\"og:site_name\" content=\"Efficiency Manitoba\" \/>\n<meta property=\"article:modified_time\" content=\"2024-04-17T16:59:03+00:00\" \/>\n<meta property=\"og:image\" content=\"https:\/\/efficiencymb.ca\/wp-content\/uploads\/woman-loading-laundry-machine-GettyImages-913980420.jpg\" \/>\n\t<meta property=\"og:image:width\" content=\"2400\" \/>\n\t<meta property=\"og:image:height\" content=\"1350\" \/>\n\t<meta property=\"og:image:type\" content=\"image\/jpeg\" \/>\n<meta name=\"twitter:card\" content=\"summary_large_image\" \/>\n<meta name=\"twitter:label1\" content=\"Dur\u00e9e de lecture estim\u00e9e\" \/>\n\t<meta name=\"twitter:data1\" content=\"3 minutes\" \/>\n<script type=\"application\/ld+json\" class=\"yoast-schema-graph\">{\"@context\":\"https:\\\/\\\/schema.org\",\"@graph\":[{\"@type\":\"WebPage\",\"@id\":\"https:\\\/\\\/efficiencymb.ca\\\/fr\\\/programme-dappareils-electromenagers-pour-les-appartements\\\/\",\"url\":\"https:\\\/\\\/efficiencymb.ca\\\/fr\\\/programme-dappareils-electromenagers-pour-les-appartements\\\/\",\"name\":\"Programme d\u2019appareils \u00e9lectrom\u00e9nagers pour les appartements \u2014 PROMOTION SE TERMINANT BIENT\u00d4T &#8212; Efficiency Manitoba\",\"isPartOf\":{\"@id\":\"https:\\\/\\\/efficiencymb.ca\\\/#website\"},\"primaryImageOfPage\":{\"@id\":\"https:\\\/\\\/efficiencymb.ca\\\/fr\\\/programme-dappareils-electromenagers-pour-les-appartements\\\/#primaryimage\"},\"image\":{\"@id\":\"https:\\\/\\\/efficiencymb.ca\\\/fr\\\/programme-dappareils-electromenagers-pour-les-appartements\\\/#primaryimage\"},\"thumbnailUrl\":\"https:\\\/\\\/efficiencymb.ca\\\/wp-content\\\/uploads\\\/woman-loading-laundry-machine-GettyImages-913980420.jpg\",\"datePublished\":\"2022-03-18T20:29:26+00:00\",\"dateModified\":\"2024-04-17T16:59:03+00:00\",\"description\":\"We help property managers and owners of multi-family buildings improve the energy efficiency of the suites in their buildings.\",\"breadcrumb\":{\"@id\":\"https:\\\/\\\/efficiencymb.ca\\\/fr\\\/programme-dappareils-electromenagers-pour-les-appartements\\\/#breadcrumb\"},\"inLanguage\":\"fr-FR\",\"potentialAction\":[{\"@type\":\"ReadAction\",\"target\":[\"https:\\\/\\\/efficiencymb.ca\\\/fr\\\/programme-dappareils-electromenagers-pour-les-appartements\\\/\"]}]},{\"@type\":\"ImageObject\",\"inLanguage\":\"fr-FR\",\"@id\":\"https:\\\/\\\/efficiencymb.ca\\\/fr\\\/programme-dappareils-electromenagers-pour-les-appartements\\\/#primaryimage\",\"url\":\"https:\\\/\\\/efficiencymb.ca\\\/wp-content\\\/uploads\\\/woman-loading-laundry-machine-GettyImages-913980420.jpg\",\"contentUrl\":\"https:\\\/\\\/efficiencymb.ca\\\/wp-content\\\/uploads\\\/woman-loading-laundry-machine-GettyImages-913980420.jpg\",\"width\":2400,\"height\":1350,\"caption\":\"Side view of mature woman loading clothes in washing machine. Full length of female is doing daily chores. She is wearing casuals at home.\"},{\"@type\":\"BreadcrumbList\",\"@id\":\"https:\\\/\\\/efficiencymb.ca\\\/fr\\\/programme-dappareils-electromenagers-pour-les-appartements\\\/#breadcrumb\",\"itemListElement\":[{\"@type\":\"ListItem\",\"position\":1,\"name\":\"Home\",\"item\":\"https:\\\/\\\/efficiencymb.ca\\\/fr\\\/\"},{\"@type\":\"ListItem\",\"position\":2,\"name\":\"Programme d\u2019appareils \u00e9lectrom\u00e9nagers pour les appartements \u2014 PROMOTION SE TERMINANT BIENT\u00d4T\"}]},{\"@type\":\"WebSite\",\"@id\":\"https:\\\/\\\/efficiencymb.ca\\\/#website\",\"url\":\"https:\\\/\\\/efficiencymb.ca\\\/\",\"name\":\"Efficiency Manitoba\",\"description\":\"\",\"publisher\":{\"@id\":\"https:\\\/\\\/efficiencymb.ca\\\/#organization\"},\"potentialAction\":[{\"@type\":\"SearchAction\",\"target\":{\"@type\":\"EntryPoint\",\"urlTemplate\":\"https:\\\/\\\/efficiencymb.ca\\\/?s={search_term_string}\"},\"query-input\":{\"@type\":\"PropertyValueSpecification\",\"valueRequired\":true,\"valueName\":\"search_term_string\"}}],\"inLanguage\":\"fr-FR\"},{\"@type\":\"Organization\",\"@id\":\"https:\\\/\\\/efficiencymb.ca\\\/#organization\",\"name\":\"Efficiency Manitoba\",\"url\":\"https:\\\/\\\/efficiencymb.ca\\\/\",\"logo\":{\"@type\":\"ImageObject\",\"inLanguage\":\"fr-FR\",\"@id\":\"https:\\\/\\\/efficiencymb.ca\\\/#\\\/schema\\\/logo\\\/image\\\/\",\"url\":\"https:\\\/\\\/efficiencymb.ca\\\/wp-content\\\/uploads\\\/em-logo-white-en.png\",\"contentUrl\":\"https:\\\/\\\/efficiencymb.ca\\\/wp-content\\\/uploads\\\/em-logo-white-en.png\",\"width\":388,\"height\":91,\"caption\":\"Efficiency Manitoba\"},\"image\":{\"@id\":\"https:\\\/\\\/efficiencymb.ca\\\/#\\\/schema\\\/logo\\\/image\\\/\"}}]}<\/script>\n<!-- \/ Yoast SEO plugin. -->","yoast_head_json":{"title":"Programme d\u2019appareils \u00e9lectrom\u00e9nagers pour les appartements \u2014 PROMOTION SE TERMINANT BIENT\u00d4T &#8212; Efficiency Manitoba","description":"We help property managers and owners of multi-family buildings improve the energy efficiency of the suites in their buildings.","robots":{"index":"index","follow":"follow","max-snippet":"max-snippet:-1","max-image-preview":"max-image-preview:large","max-video-preview":"max-video-preview:-1"},"canonical":"https:\/\/efficiencymb.ca\/fr\/programme-dappareils-electromenagers-pour-les-appartements\/","og_locale":"fr_FR","og_type":"article","og_title":"Programme d\u2019appareils \u00e9lectrom\u00e9nagers pour les appartements \u2014 PROMOTION SE TERMINANT BIENT\u00d4T &#8212; Efficiency Manitoba","og_description":"We help property managers and owners of multi-family buildings improve the energy efficiency of the suites in their buildings.","og_url":"https:\/\/efficiencymb.ca\/fr\/programme-dappareils-electromenagers-pour-les-appartements\/","og_site_name":"Efficiency Manitoba","article_modified_time":"2024-04-17T16:59:03+00:00","og_image":[{"width":2400,"height":1350,"url":"https:\/\/efficiencymb.ca\/wp-content\/uploads\/woman-loading-laundry-machine-GettyImages-913980420.jpg","type":"image\/jpeg"}],"twitter_card":"summary_large_image","twitter_misc":{"Dur\u00e9e de lecture estim\u00e9e":"3 minutes"},"schema":{"@context":"https:\/\/schema.org","@graph":[{"@type":"WebPage","@id":"https:\/\/efficiencymb.ca\/fr\/programme-dappareils-electromenagers-pour-les-appartements\/","url":"https:\/\/efficiencymb.ca\/fr\/programme-dappareils-electromenagers-pour-les-appartements\/","name":"Programme d\u2019appareils \u00e9lectrom\u00e9nagers pour les appartements \u2014 PROMOTION SE TERMINANT BIENT\u00d4T &#8212; Efficiency Manitoba","isPartOf":{"@id":"https:\/\/efficiencymb.ca\/#website"},"primaryImageOfPage":{"@id":"https:\/\/efficiencymb.ca\/fr\/programme-dappareils-electromenagers-pour-les-appartements\/#primaryimage"},"image":{"@id":"https:\/\/efficiencymb.ca\/fr\/programme-dappareils-electromenagers-pour-les-appartements\/#primaryimage"},"thumbnailUrl":"https:\/\/efficiencymb.ca\/wp-content\/uploads\/woman-loading-laundry-machine-GettyImages-913980420.jpg","datePublished":"2022-03-18T20:29:26+00:00","dateModified":"2024-04-17T16:59:03+00:00","description":"We help property managers and owners of multi-family buildings improve the energy efficiency of the suites in their buildings.","breadcrumb":{"@id":"https:\/\/efficiencymb.ca\/fr\/programme-dappareils-electromenagers-pour-les-appartements\/#breadcrumb"},"inLanguage":"fr-FR","potentialAction":[{"@type":"ReadAction","target":["https:\/\/efficiencymb.ca\/fr\/programme-dappareils-electromenagers-pour-les-appartements\/"]}]},{"@type":"ImageObject","inLanguage":"fr-FR","@id":"https:\/\/efficiencymb.ca\/fr\/programme-dappareils-electromenagers-pour-les-appartements\/#primaryimage","url":"https:\/\/efficiencymb.ca\/wp-content\/uploads\/woman-loading-laundry-machine-GettyImages-913980420.jpg","contentUrl":"https:\/\/efficiencymb.ca\/wp-content\/uploads\/woman-loading-laundry-machine-GettyImages-913980420.jpg","width":2400,"height":1350,"caption":"Side view of mature woman loading clothes in washing machine. Full length of female is doing daily chores. She is wearing casuals at home."},{"@type":"BreadcrumbList","@id":"https:\/\/efficiencymb.ca\/fr\/programme-dappareils-electromenagers-pour-les-appartements\/#breadcrumb","itemListElement":[{"@type":"ListItem","position":1,"name":"Home","item":"https:\/\/efficiencymb.ca\/fr\/"},{"@type":"ListItem","position":2,"name":"Programme d\u2019appareils \u00e9lectrom\u00e9nagers pour les appartements \u2014 PROMOTION SE TERMINANT BIENT\u00d4T"}]},{"@type":"WebSite","@id":"https:\/\/efficiencymb.ca\/#website","url":"https:\/\/efficiencymb.ca\/","name":"Efficiency Manitoba","description":"","publisher":{"@id":"https:\/\/efficiencymb.ca\/#organization"},"potentialAction":[{"@type":"SearchAction","target":{"@type":"EntryPoint","urlTemplate":"https:\/\/efficiencymb.ca\/?s={search_term_string}"},"query-input":{"@type":"PropertyValueSpecification","valueRequired":true,"valueName":"search_term_string"}}],"inLanguage":"fr-FR"},{"@type":"Organization","@id":"https:\/\/efficiencymb.ca\/#organization","name":"Efficiency Manitoba","url":"https:\/\/efficiencymb.ca\/","logo":{"@type":"ImageObject","inLanguage":"fr-FR","@id":"https:\/\/efficiencymb.ca\/#\/schema\/logo\/image\/","url":"https:\/\/efficiencymb.ca\/wp-content\/uploads\/em-logo-white-en.png","contentUrl":"https:\/\/efficiencymb.ca\/wp-content\/uploads\/em-logo-white-en.png","width":388,"height":91,"caption":"Efficiency Manitoba"},"image":{"@id":"https:\/\/efficiencymb.ca\/#\/schema\/logo\/image\/"}}]}},"_links":{"self":[{"href":"https:\/\/efficiencymb.ca\/fr\/wp-json\/wp\/v2\/pages\/24677","targetHints":{"allow":["GET"]}}],"collection":[{"href":"https:\/\/efficiencymb.ca\/fr\/wp-json\/wp\/v2\/pages"}],"about":[{"href":"https:\/\/efficiencymb.ca\/fr\/wp-json\/wp\/v2\/types\/page"}],"author":[{"embeddable":true,"href":"https:\/\/efficiencymb.ca\/fr\/wp-json\/wp\/v2\/users\/10"}],"replies":[{"embeddable":true,"href":"https:\/\/efficiencymb.ca\/fr\/wp-json\/wp\/v2\/comments?post=24677"}],"version-history":[{"count":22,"href":"https:\/\/efficiencymb.ca\/fr\/wp-json\/wp\/v2\/pages\/24677\/revisions"}],"predecessor-version":[{"id":63439,"href":"https:\/\/efficiencymb.ca\/fr\/wp-json\/wp\/v2\/pages\/24677\/revisions\/63439"}],"wp:featuredmedia":[{"embeddable":true,"href":"https:\/\/efficiencymb.ca\/fr\/wp-json\/wp\/v2\/media\/18967"}],"wp:attachment":[{"href":"https:\/\/efficiencymb.ca\/fr\/wp-json\/wp\/v2\/media?parent=24677"}],"curies":[{"name":"wp","href":"https:\/\/api.w.org\/{rel}","templated":true}]}}