{"id":22669,"date":"2025-07-28T14:32:39","date_gmt":"2025-07-28T19:32:39","guid":{"rendered":"https:\/\/efficiencymb.ca\/?page_id=22669"},"modified":"2025-07-28T14:35:13","modified_gmt":"2025-07-28T19:35:13","slug":"incitatif-lie-aux-tapis-chauffants","status":"publish","type":"page","link":"https:\/\/efficiencymb.ca\/fr\/business\/incitatif-lie-aux-tapis-chauffants\/","title":{"rendered":"INCITATIF LI\u00c9 AUX TAPIS CHAUFFANTS"},"content":{"rendered":"\n<div class=\"wp-block-group is-style-content-wide\"><div class=\"wp-block-group__inner-container is-layout-flow wp-block-group-is-layout-flow\">\n<h2 class=\"wp-block-heading has-text-align-center hero-title no-border smaller grey text-center single-col-text is-style-hero-heading-grey\"> <strong>RECEVEZ UN INCITATIF DE 75 $ PAR CAISSE<\/strong><\/h2>\n\n\n\n<p class=\"has-text-align-center has-medium-font-size\">Pour garder vos porcs et autres animaux d\u2019\u00e9levage au chaud, songez \u00e0 opter pour des tapis chauffants. Nous offrons un incitatif de 75 $ par caisse lorsque vous passez des lampes chauffantes aux tapis chauffants.&nbsp;<\/p>\n\n\n\n<div style=\"height:50px\" aria-hidden=\"true\" class=\"wp-block-spacer\"><\/div>\n\n\n\n<h2 class=\"wp-block-heading has-text-align-center hero-title text-center smaller single-col-text is-style-hero-heading\"><strong>avantages des tapis chauffants<\/strong><\/h2>\n\n\n\n<ul class=\"wp-block-list is-style-medium\">\n<li class=\"has-medium-font-size\">Ils consomment moins d\u2019\u00e9nergie que les lampes chauffantes.<\/li>\n\n\n\n<li class=\"has-medium-font-size\">Ils n\u00e9cessitent moins d\u2019entretien.<\/li>\n\n\n\n<li class=\"has-medium-font-size\">Ils assurent une r\u00e9partition plus uniforme de la chaleur.<\/li>\n<\/ul>\n<\/div><\/div>\n\n\n\n<figure class=\"wp-block-image size-full slant\"><img loading=\"lazy\" decoding=\"async\" width=\"2000\" height=\"400\" src=\"https:\/\/efficiencymb.ca\/wp-content\/uploads\/bg-two-tone-green@2x.png\" alt=\"\" class=\"wp-image-592\" srcset=\"https:\/\/efficiencymb.ca\/wp-content\/uploads\/bg-two-tone-green@2x.png 2000w, https:\/\/efficiencymb.ca\/wp-content\/uploads\/bg-two-tone-green@2x-479x96.png 479w, https:\/\/efficiencymb.ca\/wp-content\/uploads\/bg-two-tone-green@2x-1024x205.png 1024w, https:\/\/efficiencymb.ca\/wp-content\/uploads\/bg-two-tone-green@2x-768x154.png 768w, https:\/\/efficiencymb.ca\/wp-content\/uploads\/bg-two-tone-green@2x-1536x307.png 1536w\" sizes=\"auto, (max-width: 2000px) 100vw, 2000px\" \/><\/figure>\n\n\n\n<div class=\"wp-block-group has-background\" style=\"background-color:#f4f3f3\"><div class=\"wp-block-group__inner-container is-layout-flow wp-block-group-is-layout-flow\">\n<div class=\"wp-block-group is-style-content-columns\"><div class=\"wp-block-group__inner-container is-layout-flow wp-block-group-is-layout-flow\">\n<h2 class=\"wp-block-heading has-text-align-center hero-title text-center smaller single-col-text is-style-hero-heading\">COMMENT PARTICIPER <\/h2>\n<\/div><\/div>\n\n\n\n<ol class=\"iconic-list large\">\n<li>\n<h3><strong>CONTACTEZ-NOUS<\/strong><\/h3>\n<p>Remplissez notre <a href=\"https:\/\/efficiencymb.ca\/fr\/formulaire-dinformation-sur-les-tapis-chauffants\/\" data-wplink-edit=\"true\">formulaire d\u2019information<\/a>\u00a0et l\u2019un de nos experts techniques communiquera avec vous pour d\u00e9terminer votre admissibilit\u00e9.<\/p>\n<\/li>\n<li>\n<h3><strong>REMPLISSEZ<\/strong> VOTRE DEMANDE<\/h3>\n<p>Nous travaillerons avec vous pour remplir une demande de mesure incitative..<\/p>\n<\/li>\n<li>\n<h3><strong>SOUMETTEZ<\/strong> VOS DOCUMENTS<\/h3>\n<p>Envoyez-nous une copie de la facture de vos tapis chauffants apr\u00e8s leur installation. Une fois que nous aurons v\u00e9rifi\u00e9 que les tapis sont op\u00e9rationnels, nous vous enverrons votre incitatif.<\/p>\n<\/li>\n<\/ol>\n\n\n<div class=\"theme-button wp-block-button aligncenter\">\r\n\t<a  class=\"wp-block-button__link has-background no-border-radius button cta button-large\" href=\"https:\/\/efficiencymb.ca\/fr\/formulaire-dinformation-sur-les-tapis-chauffants\/\"><strong>CONTACTEZ-NOUS POUR<\/strong><br>COMMENCER \u00c0 \u00c9CONOMISER<\/a>\r\n<\/div><\/div><\/div>\n\n\n\n<figure class=\"wp-block-image size-full slant\"><img loading=\"lazy\" decoding=\"async\" width=\"2000\" height=\"400\" src=\"https:\/\/efficiencymb.ca\/wp-content\/uploads\/bg-two-tone-green-bottom@2x.png\" alt=\"\" class=\"wp-image-609\" srcset=\"https:\/\/efficiencymb.ca\/wp-content\/uploads\/bg-two-tone-green-bottom@2x.png 2000w, https:\/\/efficiencymb.ca\/wp-content\/uploads\/bg-two-tone-green-bottom@2x-479x96.png 479w, https:\/\/efficiencymb.ca\/wp-content\/uploads\/bg-two-tone-green-bottom@2x-1024x205.png 1024w, https:\/\/efficiencymb.ca\/wp-content\/uploads\/bg-two-tone-green-bottom@2x-768x154.png 768w, https:\/\/efficiencymb.ca\/wp-content\/uploads\/bg-two-tone-green-bottom@2x-1536x307.png 1536w\" sizes=\"auto, (max-width: 2000px) 100vw, 2000px\" \/><\/figure>\n","protected":false},"excerpt":{"rendered":"<p>Nous offrons un incitatif de 75 $ par caisse lorsque vous passez des lampes chauffantes aux tapis chauffants.\u00a0<\/p>\n","protected":false},"author":10,"featured_media":22671,"parent":13103,"menu_order":0,"comment_status":"closed","ping_status":"closed","template":"","meta":{"_acf_changed":false,"footnotes":""},"class_list":["post-22669","page","type-page","status-publish","has-post-thumbnail","hentry","page_cat-programs"],"acf":[],"yoast_head":"<!-- This site is optimized with the Yoast SEO plugin v27.3 - https:\/\/yoast.com\/product\/yoast-seo-wordpress\/ -->\n<title>INCITATIF LI\u00c9 AUX TAPIS CHAUFFANTS &#8212; Efficiency Manitoba<\/title>\n<meta name=\"description\" content=\"Nous offrons un incitatif de 75 $ par caisse lorsque vous passez des lampes chauffantes aux tapis chauffants.\u00a0\" \/>\n<meta name=\"robots\" content=\"index, follow, max-snippet:-1, max-image-preview:large, max-video-preview:-1\" \/>\n<link rel=\"canonical\" href=\"https:\/\/efficiencymb.ca\/fr\/business\/incitatif-lie-aux-tapis-chauffants\/\" \/>\n<meta property=\"og:locale\" content=\"fr_FR\" \/>\n<meta property=\"og:type\" content=\"article\" \/>\n<meta property=\"og:title\" content=\"INCITATIF LI\u00c9 AUX TAPIS CHAUFFANTS &#8212; Efficiency Manitoba\" \/>\n<meta property=\"og:description\" content=\"Nous offrons un incitatif de 75 $ par caisse lorsque vous passez des lampes chauffantes aux tapis chauffants.\u00a0\" \/>\n<meta property=\"og:url\" content=\"https:\/\/efficiencymb.ca\/fr\/business\/incitatif-lie-aux-tapis-chauffants\/\" \/>\n<meta property=\"og:site_name\" content=\"Efficiency Manitoba\" \/>\n<meta property=\"article:modified_time\" content=\"2025-07-28T19:35:13+00:00\" \/>\n<meta property=\"og:image\" content=\"https:\/\/efficiencymb.ca\/wp-content\/uploads\/GettyImages-1339480758-scaled-e1672956039606.jpg\" \/>\n\t<meta property=\"og:image:width\" content=\"2560\" \/>\n\t<meta property=\"og:image:height\" content=\"1707\" \/>\n\t<meta property=\"og:image:type\" content=\"image\/jpeg\" \/>\n<meta name=\"twitter:card\" content=\"summary_large_image\" \/>\n<meta name=\"twitter:label1\" content=\"Dur\u00e9e de lecture estim\u00e9e\" \/>\n\t<meta name=\"twitter:data1\" content=\"2 minutes\" \/>\n<script type=\"application\/ld+json\" class=\"yoast-schema-graph\">{\"@context\":\"https:\\\/\\\/schema.org\",\"@graph\":[{\"@type\":\"WebPage\",\"@id\":\"https:\\\/\\\/efficiencymb.ca\\\/fr\\\/business\\\/incitatif-lie-aux-tapis-chauffants\\\/\",\"url\":\"https:\\\/\\\/efficiencymb.ca\\\/fr\\\/business\\\/incitatif-lie-aux-tapis-chauffants\\\/\",\"name\":\"INCITATIF LI\u00c9 AUX TAPIS CHAUFFANTS &#8212; Efficiency Manitoba\",\"isPartOf\":{\"@id\":\"https:\\\/\\\/efficiencymb.ca\\\/#website\"},\"primaryImageOfPage\":{\"@id\":\"https:\\\/\\\/efficiencymb.ca\\\/fr\\\/business\\\/incitatif-lie-aux-tapis-chauffants\\\/#primaryimage\"},\"image\":{\"@id\":\"https:\\\/\\\/efficiencymb.ca\\\/fr\\\/business\\\/incitatif-lie-aux-tapis-chauffants\\\/#primaryimage\"},\"thumbnailUrl\":\"https:\\\/\\\/efficiencymb.ca\\\/wp-content\\\/uploads\\\/GettyImages-1339480758-scaled-e1672956039606.jpg\",\"datePublished\":\"2025-07-28T19:32:39+00:00\",\"dateModified\":\"2025-07-28T19:35:13+00:00\",\"description\":\"Nous offrons un incitatif de 75 $ par caisse lorsque vous passez des lampes chauffantes aux tapis chauffants.\u00a0\",\"breadcrumb\":{\"@id\":\"https:\\\/\\\/efficiencymb.ca\\\/fr\\\/business\\\/incitatif-lie-aux-tapis-chauffants\\\/#breadcrumb\"},\"inLanguage\":\"fr-FR\",\"potentialAction\":[{\"@type\":\"ReadAction\",\"target\":[\"https:\\\/\\\/efficiencymb.ca\\\/fr\\\/business\\\/incitatif-lie-aux-tapis-chauffants\\\/\"]}]},{\"@type\":\"ImageObject\",\"inLanguage\":\"fr-FR\",\"@id\":\"https:\\\/\\\/efficiencymb.ca\\\/fr\\\/business\\\/incitatif-lie-aux-tapis-chauffants\\\/#primaryimage\",\"url\":\"https:\\\/\\\/efficiencymb.ca\\\/wp-content\\\/uploads\\\/GettyImages-1339480758-scaled-e1672956039606.jpg\",\"contentUrl\":\"https:\\\/\\\/efficiencymb.ca\\\/wp-content\\\/uploads\\\/GettyImages-1339480758-scaled-e1672956039606.jpg\",\"width\":2560,\"height\":1707,\"caption\":\"Bunch of piglets seen from front\"},{\"@type\":\"BreadcrumbList\",\"@id\":\"https:\\\/\\\/efficiencymb.ca\\\/fr\\\/business\\\/incitatif-lie-aux-tapis-chauffants\\\/#breadcrumb\",\"itemListElement\":[{\"@type\":\"ListItem\",\"position\":1,\"name\":\"Home\",\"item\":\"https:\\\/\\\/efficiencymb.ca\\\/fr\\\/\"},{\"@type\":\"ListItem\",\"position\":2,\"name\":\"MON ENTREPRISE\",\"item\":\"https:\\\/\\\/efficiencymb.ca\\\/fr\\\/business\\\/\"},{\"@type\":\"ListItem\",\"position\":3,\"name\":\"INCITATIF LI\u00c9 AUX TAPIS CHAUFFANTS\"}]},{\"@type\":\"WebSite\",\"@id\":\"https:\\\/\\\/efficiencymb.ca\\\/#website\",\"url\":\"https:\\\/\\\/efficiencymb.ca\\\/\",\"name\":\"Efficiency Manitoba\",\"description\":\"\",\"publisher\":{\"@id\":\"https:\\\/\\\/efficiencymb.ca\\\/#organization\"},\"potentialAction\":[{\"@type\":\"SearchAction\",\"target\":{\"@type\":\"EntryPoint\",\"urlTemplate\":\"https:\\\/\\\/efficiencymb.ca\\\/?s={search_term_string}\"},\"query-input\":{\"@type\":\"PropertyValueSpecification\",\"valueRequired\":true,\"valueName\":\"search_term_string\"}}],\"inLanguage\":\"fr-FR\"},{\"@type\":\"Organization\",\"@id\":\"https:\\\/\\\/efficiencymb.ca\\\/#organization\",\"name\":\"Efficiency Manitoba\",\"url\":\"https:\\\/\\\/efficiencymb.ca\\\/\",\"logo\":{\"@type\":\"ImageObject\",\"inLanguage\":\"fr-FR\",\"@id\":\"https:\\\/\\\/efficiencymb.ca\\\/#\\\/schema\\\/logo\\\/image\\\/\",\"url\":\"https:\\\/\\\/efficiencymb.ca\\\/wp-content\\\/uploads\\\/em-logo-white-en.png\",\"contentUrl\":\"https:\\\/\\\/efficiencymb.ca\\\/wp-content\\\/uploads\\\/em-logo-white-en.png\",\"width\":388,\"height\":91,\"caption\":\"Efficiency Manitoba\"},\"image\":{\"@id\":\"https:\\\/\\\/efficiencymb.ca\\\/#\\\/schema\\\/logo\\\/image\\\/\"}}]}<\/script>\n<!-- \/ Yoast SEO plugin. -->","yoast_head_json":{"title":"INCITATIF LI\u00c9 AUX TAPIS CHAUFFANTS &#8212; Efficiency Manitoba","description":"Nous offrons un incitatif de 75 $ par caisse lorsque vous passez des lampes chauffantes aux tapis chauffants.\u00a0","robots":{"index":"index","follow":"follow","max-snippet":"max-snippet:-1","max-image-preview":"max-image-preview:large","max-video-preview":"max-video-preview:-1"},"canonical":"https:\/\/efficiencymb.ca\/fr\/business\/incitatif-lie-aux-tapis-chauffants\/","og_locale":"fr_FR","og_type":"article","og_title":"INCITATIF LI\u00c9 AUX TAPIS CHAUFFANTS &#8212; Efficiency Manitoba","og_description":"Nous offrons un incitatif de 75 $ par caisse lorsque vous passez des lampes chauffantes aux tapis chauffants.\u00a0","og_url":"https:\/\/efficiencymb.ca\/fr\/business\/incitatif-lie-aux-tapis-chauffants\/","og_site_name":"Efficiency Manitoba","article_modified_time":"2025-07-28T19:35:13+00:00","og_image":[{"width":2560,"height":1707,"url":"https:\/\/efficiencymb.ca\/wp-content\/uploads\/GettyImages-1339480758-scaled-e1672956039606.jpg","type":"image\/jpeg"}],"twitter_card":"summary_large_image","twitter_misc":{"Dur\u00e9e de lecture estim\u00e9e":"2 minutes"},"schema":{"@context":"https:\/\/schema.org","@graph":[{"@type":"WebPage","@id":"https:\/\/efficiencymb.ca\/fr\/business\/incitatif-lie-aux-tapis-chauffants\/","url":"https:\/\/efficiencymb.ca\/fr\/business\/incitatif-lie-aux-tapis-chauffants\/","name":"INCITATIF LI\u00c9 AUX TAPIS CHAUFFANTS &#8212; Efficiency Manitoba","isPartOf":{"@id":"https:\/\/efficiencymb.ca\/#website"},"primaryImageOfPage":{"@id":"https:\/\/efficiencymb.ca\/fr\/business\/incitatif-lie-aux-tapis-chauffants\/#primaryimage"},"image":{"@id":"https:\/\/efficiencymb.ca\/fr\/business\/incitatif-lie-aux-tapis-chauffants\/#primaryimage"},"thumbnailUrl":"https:\/\/efficiencymb.ca\/wp-content\/uploads\/GettyImages-1339480758-scaled-e1672956039606.jpg","datePublished":"2025-07-28T19:32:39+00:00","dateModified":"2025-07-28T19:35:13+00:00","description":"Nous offrons un incitatif de 75 $ par caisse lorsque vous passez des lampes chauffantes aux tapis chauffants.\u00a0","breadcrumb":{"@id":"https:\/\/efficiencymb.ca\/fr\/business\/incitatif-lie-aux-tapis-chauffants\/#breadcrumb"},"inLanguage":"fr-FR","potentialAction":[{"@type":"ReadAction","target":["https:\/\/efficiencymb.ca\/fr\/business\/incitatif-lie-aux-tapis-chauffants\/"]}]},{"@type":"ImageObject","inLanguage":"fr-FR","@id":"https:\/\/efficiencymb.ca\/fr\/business\/incitatif-lie-aux-tapis-chauffants\/#primaryimage","url":"https:\/\/efficiencymb.ca\/wp-content\/uploads\/GettyImages-1339480758-scaled-e1672956039606.jpg","contentUrl":"https:\/\/efficiencymb.ca\/wp-content\/uploads\/GettyImages-1339480758-scaled-e1672956039606.jpg","width":2560,"height":1707,"caption":"Bunch of piglets seen from front"},{"@type":"BreadcrumbList","@id":"https:\/\/efficiencymb.ca\/fr\/business\/incitatif-lie-aux-tapis-chauffants\/#breadcrumb","itemListElement":[{"@type":"ListItem","position":1,"name":"Home","item":"https:\/\/efficiencymb.ca\/fr\/"},{"@type":"ListItem","position":2,"name":"MON ENTREPRISE","item":"https:\/\/efficiencymb.ca\/fr\/business\/"},{"@type":"ListItem","position":3,"name":"INCITATIF LI\u00c9 AUX TAPIS CHAUFFANTS"}]},{"@type":"WebSite","@id":"https:\/\/efficiencymb.ca\/#website","url":"https:\/\/efficiencymb.ca\/","name":"Efficiency Manitoba","description":"","publisher":{"@id":"https:\/\/efficiencymb.ca\/#organization"},"potentialAction":[{"@type":"SearchAction","target":{"@type":"EntryPoint","urlTemplate":"https:\/\/efficiencymb.ca\/?s={search_term_string}"},"query-input":{"@type":"PropertyValueSpecification","valueRequired":true,"valueName":"search_term_string"}}],"inLanguage":"fr-FR"},{"@type":"Organization","@id":"https:\/\/efficiencymb.ca\/#organization","name":"Efficiency Manitoba","url":"https:\/\/efficiencymb.ca\/","logo":{"@type":"ImageObject","inLanguage":"fr-FR","@id":"https:\/\/efficiencymb.ca\/#\/schema\/logo\/image\/","url":"https:\/\/efficiencymb.ca\/wp-content\/uploads\/em-logo-white-en.png","contentUrl":"https:\/\/efficiencymb.ca\/wp-content\/uploads\/em-logo-white-en.png","width":388,"height":91,"caption":"Efficiency Manitoba"},"image":{"@id":"https:\/\/efficiencymb.ca\/#\/schema\/logo\/image\/"}}]}},"_links":{"self":[{"href":"https:\/\/efficiencymb.ca\/fr\/wp-json\/wp\/v2\/pages\/22669","targetHints":{"allow":["GET"]}}],"collection":[{"href":"https:\/\/efficiencymb.ca\/fr\/wp-json\/wp\/v2\/pages"}],"about":[{"href":"https:\/\/efficiencymb.ca\/fr\/wp-json\/wp\/v2\/types\/page"}],"author":[{"embeddable":true,"href":"https:\/\/efficiencymb.ca\/fr\/wp-json\/wp\/v2\/users\/10"}],"replies":[{"embeddable":true,"href":"https:\/\/efficiencymb.ca\/fr\/wp-json\/wp\/v2\/comments?post=22669"}],"version-history":[{"count":7,"href":"https:\/\/efficiencymb.ca\/fr\/wp-json\/wp\/v2\/pages\/22669\/revisions"}],"predecessor-version":[{"id":79278,"href":"https:\/\/efficiencymb.ca\/fr\/wp-json\/wp\/v2\/pages\/22669\/revisions\/79278"}],"up":[{"embeddable":true,"href":"https:\/\/efficiencymb.ca\/fr\/wp-json\/wp\/v2\/pages\/13103"}],"wp:featuredmedia":[{"embeddable":true,"href":"https:\/\/efficiencymb.ca\/fr\/wp-json\/wp\/v2\/media\/22671"}],"wp:attachment":[{"href":"https:\/\/efficiencymb.ca\/fr\/wp-json\/wp\/v2\/media?parent=22669"}],"curies":[{"name":"wp","href":"https:\/\/api.w.org\/{rel}","templated":true}]}}