{"id":19791,"date":"2023-05-20T22:07:56","date_gmt":"2023-05-21T03:07:56","guid":{"rendered":"https:\/\/efficiencymb.ca\/?page_id=19791"},"modified":"2025-05-12T09:48:46","modified_gmt":"2025-05-12T14:48:46","slug":"programme-de-remise-sur-les-systemes-solaires","status":"publish","type":"page","link":"https:\/\/efficiencymb.ca\/fr\/programme-de-remise-sur-les-systemes-solaires\/","title":{"rendered":"Programme De Remise Sur Les Syst\u00e8mes Solaires"},"content":{"rendered":"\n<div class=\"wp-block-group is-style-content-wide\"><div class=\"wp-block-group__inner-container is-layout-flow wp-block-group-is-layout-flow\">\n<p class=\"has-text-align-center has-medium-font-size\">Nous offrons des remises sur les syst\u00e8mes solaires photovolta\u00efques aux maisons et aux entreprises raccord\u00e9es au r\u00e9seau de Manitoba Hydro.<\/p>\n\n\n\n<p class=\"has-text-align-center has-medium-font-size\">Les syst\u00e8mes solaires photovolta\u00efques fournissent de l\u2019\u00e9nergie \u00e0 votre maison et \u00e0 votre entreprise de mani\u00e8re durable. Ils peuvent contribuer \u00e0 r\u00e9duire votre facture \u00e9nerg\u00e9tique mensuelle, \u00e0 att\u00e9nuer l\u2019impact des futures augmentations de tarifs et \u00e0 augmenter la valeur de votre propri\u00e9t\u00e9.<\/p>\n<\/div><\/div>\n\n\n\n<div style=\"height:130px\" aria-hidden=\"true\" class=\"wp-block-spacer\"><\/div>\n\n\n\n<div class=\"wp-block-group is-style-content-wide\"><div class=\"wp-block-group__inner-container is-layout-flow wp-block-group-is-layout-flow\">\n<div class=\"wp-block-columns is-layout-flex wp-container-core-columns-is-layout-9d6595d7 wp-block-columns-is-layout-flex\">\n<div class=\"wp-block-column is-layout-flow wp-block-column-is-layout-flow\">\n<figure class=\"wp-block-image size-large\"><a href=\"https:\/\/efficiencymb.ca\/fr\/ma-maison\/solaires\/\"><img loading=\"lazy\" decoding=\"async\" width=\"1024\" height=\"576\" src=\"https:\/\/efficiencymb.ca\/wp-content\/uploads\/solar-panels-on-residential-home-roof-GettyImages-182819508-1-1024x576.jpg\" alt=\"SOLAR REBATES FOR YOUR HOME\" class=\"wp-image-19954\" srcset=\"https:\/\/efficiencymb.ca\/wp-content\/uploads\/solar-panels-on-residential-home-roof-GettyImages-182819508-1-1024x576.jpg 1024w, https:\/\/efficiencymb.ca\/wp-content\/uploads\/solar-panels-on-residential-home-roof-GettyImages-182819508-1-479x269.jpg 479w, https:\/\/efficiencymb.ca\/wp-content\/uploads\/solar-panels-on-residential-home-roof-GettyImages-182819508-1-768x432.jpg 768w, https:\/\/efficiencymb.ca\/wp-content\/uploads\/solar-panels-on-residential-home-roof-GettyImages-182819508-1-1536x864.jpg 1536w, https:\/\/efficiencymb.ca\/wp-content\/uploads\/solar-panels-on-residential-home-roof-GettyImages-182819508-1-2048x1152.jpg 2048w, https:\/\/efficiencymb.ca\/wp-content\/uploads\/solar-panels-on-residential-home-roof-GettyImages-182819508-1-1920x1080.jpg 1920w\" sizes=\"auto, (max-width: 1024px) 100vw, 1024px\" \/><\/a><\/figure>\n\n\n\n<h2 class=\"wp-block-heading has-text-align-center is-style-hero-heading\">L\u2019\u00c9NERGIE SOLAIRE POUR VOTRE MAISON<\/h2>\n\n\n\n<p class=\"has-text-align-center\">Nous offrons une remise de 0,50&nbsp;$ par watt en courant continu (CC) install\u00e9 dans les maisons raccord\u00e9es au r\u00e9seau de Manitoba Hydro, jusqu\u2019\u00e0 concurrence de 10&nbsp;kW et de 5&nbsp;000&nbsp;$ par maison.<\/p>\n\n\n<div class=\"theme-button wp-block-button aligncenter\">\r\n\t<a  class=\"wp-block-button__link has-background no-border-radius button cta button-large\" href=\"https:\/\/efficiencymb.ca\/fr\/ma-maison\/solaires\/\"><strong>APPRENEZ-EN DAVANTAGE SUR<\/strong><br>L\u2019\u00c9NERGIE SOLAIRE POUR VOTRE MAISON<\/a>\r\n<\/div><\/div>\n\n\n\n<div class=\"wp-block-column is-layout-flow wp-block-column-is-layout-flow\">\n<figure class=\"wp-block-image size-large\"><img loading=\"lazy\" decoding=\"async\" width=\"1024\" height=\"576\" src=\"https:\/\/efficiencymb.ca\/wp-content\/uploads\/birds-eye-view-of-commercial-building-with-semi-trucks-in-parking-lot-GettyImages-1295856920-scaled-e1747061120802-1024x576.jpg\" alt=\"\" class=\"wp-image-76440\" style=\"object-fit:cover\" srcset=\"https:\/\/efficiencymb.ca\/wp-content\/uploads\/birds-eye-view-of-commercial-building-with-semi-trucks-in-parking-lot-GettyImages-1295856920-scaled-e1747061120802-1024x576.jpg 1024w, https:\/\/efficiencymb.ca\/wp-content\/uploads\/birds-eye-view-of-commercial-building-with-semi-trucks-in-parking-lot-GettyImages-1295856920-scaled-e1747061120802-479x269.jpg 479w, https:\/\/efficiencymb.ca\/wp-content\/uploads\/birds-eye-view-of-commercial-building-with-semi-trucks-in-parking-lot-GettyImages-1295856920-scaled-e1747061120802-768x432.jpg 768w, https:\/\/efficiencymb.ca\/wp-content\/uploads\/birds-eye-view-of-commercial-building-with-semi-trucks-in-parking-lot-GettyImages-1295856920-scaled-e1747061120802-1536x864.jpg 1536w, https:\/\/efficiencymb.ca\/wp-content\/uploads\/birds-eye-view-of-commercial-building-with-semi-trucks-in-parking-lot-GettyImages-1295856920-scaled-e1747061120802-2048x1152.jpg 2048w, https:\/\/efficiencymb.ca\/wp-content\/uploads\/birds-eye-view-of-commercial-building-with-semi-trucks-in-parking-lot-GettyImages-1295856920-scaled-e1747061120802-1920x1080.jpg 1920w\" sizes=\"auto, (max-width: 1024px) 100vw, 1024px\" \/><\/figure>\n\n\n\n<h2 class=\"wp-block-heading has-text-align-center is-style-hero-heading\">L\u2019\u00c9NERGIE SOLAIRE POUR VOTRE ENTRERISE<\/h2>\n\n\n\n<p class=\"has-text-align-center\">Nous offrons une remise de 0,75&nbsp;$ par watt de courant continu (CC) install\u00e9 sur les entreprises raccord\u00e9es au r\u00e9seau de Manitoba Hydro.<\/p>\n\n\n<div class=\"theme-button wp-block-button aligncenter\">\r\n\t<a  class=\"wp-block-button__link has-background no-border-radius button cta button-large\" href=\"https:\/\/efficiencymb.ca\/fr\/business\/solaires\/\"><strong>APPRENEZ-EN DAVANTAGE SUR<\/strong><br>L\u2019\u00c9NERGIE SOLAIRE POUR VOTRE ENTREPRISE<\/a>\r\n<\/div><\/div>\n<\/div>\n<\/div><\/div>\n\n\n\n<div style=\"height:100px\" aria-hidden=\"true\" class=\"wp-block-spacer\"><\/div>\n\n\n\n<h2 class=\"wp-block-heading has-text-align-center is-style-hero-heading\">EN SAVOIR PLUS<\/h2>\n\n\n\n<div class=\"featured-post-block\">\n\t<div class=\"featured-post-block-items\" data-slidesToShow=\"2\" data-auto=\"\" data-autoplayspeed=\"\">\n\t\t\t\t\t<div class=\"featured-post-block-item\">\n\t\t\t\t<div class=\"featured-post-block-item-img\">\n\t\t\t\t\t<a class=\"featured-post-block-item-more\" href=\"https:\/\/efficiencymb.ca\/fr\/articles\/energie-solaire-101\/\"><img loading=\"lazy\" decoding=\"async\" width=\"2400\" height=\"1350\" src=\"https:\/\/efficiencymb.ca\/wp-content\/uploads\/Solar_panel_residential.jpg\" class=\"attachment-post-thumbnail size-post-thumbnail wp-post-image\" alt=\"\u00c9nergie solaire 101\" srcset=\"https:\/\/efficiencymb.ca\/wp-content\/uploads\/Solar_panel_residential.jpg 2400w, https:\/\/efficiencymb.ca\/wp-content\/uploads\/Solar_panel_residential-479x269.jpg 479w, https:\/\/efficiencymb.ca\/wp-content\/uploads\/Solar_panel_residential-1024x576.jpg 1024w, https:\/\/efficiencymb.ca\/wp-content\/uploads\/Solar_panel_residential-768x432.jpg 768w, https:\/\/efficiencymb.ca\/wp-content\/uploads\/Solar_panel_residential-1536x864.jpg 1536w, https:\/\/efficiencymb.ca\/wp-content\/uploads\/Solar_panel_residential-2048x1152.jpg 2048w, https:\/\/efficiencymb.ca\/wp-content\/uploads\/Solar_panel_residential-1920x1080.jpg 1920w\" sizes=\"auto, (max-width: 2400px) 100vw, 2400px\" \/><\/a>\n\t\t\t\t<\/div>\n\t\t\t\t<div class=\"featured-post-block-item-content\">\n\t\t\t\t\t<h3 class=\"wp-block-getwid-template-post-title\"><a href=\"https:\/\/efficiencymb.ca\/fr\/articles\/energie-solaire-101\/\">\u00c9nergie solaire 101<\/a><\/h3>\n\t\t\t\t\t<div class=\"featured-post-block-item-excerpt\">\n\t\t\t\t\t\tDe plus en plus de Manitobains et de Manitobaines manifestent leur int\u00e9r\u00eat pour l\u2019utilisation de syst\u00e8mes solaires photovolta\u00efques (PV) pour alimenter leur maison ou leur entreprise. Et ce n\u2019est pas\u2026\t\t\t\t\t<\/div>\n\t\t\t\t\t<!-- <a class=\"featured-post-block-item-more\" href=\"\"><\/a> -->\n\t\t\t\t\t<a class=\"featured-post-block-item-more\" href=\"https:\/\/efficiencymb.ca\/fr\/articles\/energie-solaire-101\/\" aria-label=\"Poursuivre la lecture... \u00c9nergie solaire 101\">Poursuivre la lecture&#8230;<\/a>\n\t\t\t\t<\/div>\n\t\t\t<\/div>\n\t\t\t\t\t<div class=\"featured-post-block-item\">\n\t\t\t\t<div class=\"featured-post-block-item-img\">\n\t\t\t\t\t<a class=\"featured-post-block-item-more\" href=\"https:\/\/efficiencymb.ca\/fr\/articles\/initiation-a-lenergie-solaire\/\"><img loading=\"lazy\" decoding=\"async\" width=\"2400\" height=\"1350\" src=\"https:\/\/efficiencymb.ca\/wp-content\/uploads\/man-installing-solar-panels-on-home-roof-gettyimages-114338035.jpg\" class=\"attachment-post-thumbnail size-post-thumbnail wp-post-image\" alt=\"Initiation \u00e0 l&#039;\u00e9nergie solaire\" srcset=\"https:\/\/efficiencymb.ca\/wp-content\/uploads\/man-installing-solar-panels-on-home-roof-gettyimages-114338035.jpg 2400w, https:\/\/efficiencymb.ca\/wp-content\/uploads\/man-installing-solar-panels-on-home-roof-gettyimages-114338035-479x269.jpg 479w, https:\/\/efficiencymb.ca\/wp-content\/uploads\/man-installing-solar-panels-on-home-roof-gettyimages-114338035-1024x576.jpg 1024w, https:\/\/efficiencymb.ca\/wp-content\/uploads\/man-installing-solar-panels-on-home-roof-gettyimages-114338035-768x432.jpg 768w, https:\/\/efficiencymb.ca\/wp-content\/uploads\/man-installing-solar-panels-on-home-roof-gettyimages-114338035-1536x864.jpg 1536w, https:\/\/efficiencymb.ca\/wp-content\/uploads\/man-installing-solar-panels-on-home-roof-gettyimages-114338035-2048x1152.jpg 2048w, https:\/\/efficiencymb.ca\/wp-content\/uploads\/man-installing-solar-panels-on-home-roof-gettyimages-114338035-1920x1080.jpg 1920w\" sizes=\"auto, (max-width: 2400px) 100vw, 2400px\" \/><\/a>\n\t\t\t\t<\/div>\n\t\t\t\t<div class=\"featured-post-block-item-content\">\n\t\t\t\t\t<h3 class=\"wp-block-getwid-template-post-title\"><a href=\"https:\/\/efficiencymb.ca\/fr\/articles\/initiation-a-lenergie-solaire\/\">Initiation \u00e0 l&rsquo;\u00e9nergie solaire<\/a><\/h3>\n\t\t\t\t\t<div class=\"featured-post-block-item-excerpt\">\n\t\t\t\t\t\tPour d\u00e9cider si un syst\u00e8me solaire photovolta\u00efque (PV) vous convient, il faut un \u0153il averti.&nbsp; Ma maison ou mon entreprise est-elle pr\u00eate pour le solaire? De quelle quantit\u00e9 d\u2019\u00e9nergie solaire\u2026\t\t\t\t\t<\/div>\n\t\t\t\t\t<!-- <a class=\"featured-post-block-item-more\" href=\"\"><\/a> -->\n\t\t\t\t\t<a class=\"featured-post-block-item-more\" href=\"https:\/\/efficiencymb.ca\/fr\/articles\/initiation-a-lenergie-solaire\/\" aria-label=\"Poursuivre la lecture... Initiation \u00e0 l&rsquo;\u00e9nergie solaire\">Poursuivre la lecture&#8230;<\/a>\n\t\t\t\t<\/div>\n\t\t\t<\/div>\n\t\t\t<\/div>\n<\/div>\n\n\n\n<div style=\"height:25px\" aria-hidden=\"true\" class=\"wp-block-spacer\"><\/div>\n\n\n\n<p class=\"has-text-align-center is-style-hero-heading-grey has-medium-font-size\"><strong><strong><strong>Consultez les autres articles de notre&nbsp;<a href=\"https:\/\/efficiencymb.ca\/fr\/articles\/category\/programmes-fr\/solar-fr\/\">s\u00e9rie sur l\u2019\u00e9nergie solaire<\/a><\/strong>.<\/strong><\/strong><\/p>\n\n\n\n<figure class=\"wp-block-image size-full\"><img loading=\"lazy\" decoding=\"async\" width=\"2000\" height=\"400\" src=\"https:\/\/efficiencymb.ca\/wp-content\/uploads\/bg-bottom-only-blue-green@2x.png\" alt=\"\" class=\"wp-image-612\" srcset=\"https:\/\/efficiencymb.ca\/wp-content\/uploads\/bg-bottom-only-blue-green@2x.png 2000w, https:\/\/efficiencymb.ca\/wp-content\/uploads\/bg-bottom-only-blue-green@2x-479x96.png 479w, https:\/\/efficiencymb.ca\/wp-content\/uploads\/bg-bottom-only-blue-green@2x-1024x205.png 1024w, https:\/\/efficiencymb.ca\/wp-content\/uploads\/bg-bottom-only-blue-green@2x-768x154.png 768w, https:\/\/efficiencymb.ca\/wp-content\/uploads\/bg-bottom-only-blue-green@2x-1536x307.png 1536w\" sizes=\"auto, (max-width: 2000px) 100vw, 2000px\" \/><\/figure>\n","protected":false},"excerpt":{"rendered":"<p>Nous offrons des remises sur les syst\u00e8mes solaires photovolta\u00efques aux maisons et aux entreprises raccord\u00e9es au r\u00e9seau de Manitoba Hydro. Les syst\u00e8mes solaires photovolta\u00efques fournissent de l\u2019\u00e9nergie \u00e0 votre maison et \u00e0 votre entreprise de mani\u00e8re durable. Ils peuvent contribuer \u00e0 r\u00e9duire votre facture \u00e9nerg\u00e9tique mensuelle, \u00e0 att\u00e9nuer l\u2019impact des futures augmentations de tarifs etcontinue-reading<\/p>\n","protected":false},"author":10,"featured_media":19835,"parent":0,"menu_order":0,"comment_status":"closed","ping_status":"closed","template":"","meta":{"_acf_changed":false,"footnotes":""},"class_list":["post-19791","page","type-page","status-publish","has-post-thumbnail","hentry","page_cat-programs"],"acf":[],"yoast_head":"<!-- This site is optimized with the Yoast SEO plugin v27.0 - https:\/\/yoast.com\/product\/yoast-seo-wordpress\/ -->\n<title>Programme De Remise Sur Les Syst\u00e8mes Solaires &#8212; Efficiency Manitoba<\/title>\n<meta name=\"description\" content=\"Les pompes g\u00e9othermiques sont \u00e9cologiques, efficaces et \u00e9conomiques. Elles peuvent r\u00e9duire jusqu\u2019\u00e0 60\u00a0% vos co\u00fbts actuels de chauffage \u00e9lectrique et vous prot\u00e9ger des r\u00e9percussions des co\u00fbts de chauffage futurs.\" \/>\n<meta name=\"robots\" content=\"index, follow, max-snippet:-1, max-image-preview:large, max-video-preview:-1\" \/>\n<link rel=\"canonical\" href=\"https:\/\/efficiencymb.ca\/fr\/programme-de-remise-sur-les-systemes-solaires\/\" \/>\n<meta property=\"og:locale\" content=\"fr_FR\" \/>\n<meta property=\"og:type\" content=\"article\" \/>\n<meta property=\"og:title\" content=\"Programme De Remise Sur Les Syst\u00e8mes Solaires &#8212; Efficiency Manitoba\" \/>\n<meta property=\"og:description\" content=\"Les pompes g\u00e9othermiques sont \u00e9cologiques, efficaces et \u00e9conomiques. Elles peuvent r\u00e9duire jusqu\u2019\u00e0 60\u00a0% vos co\u00fbts actuels de chauffage \u00e9lectrique et vous prot\u00e9ger des r\u00e9percussions des co\u00fbts de chauffage futurs.\" \/>\n<meta property=\"og:url\" content=\"https:\/\/efficiencymb.ca\/fr\/programme-de-remise-sur-les-systemes-solaires\/\" \/>\n<meta property=\"og:site_name\" content=\"Efficiency Manitoba\" \/>\n<meta property=\"article:modified_time\" content=\"2025-05-12T14:48:46+00:00\" \/>\n<meta property=\"og:image\" content=\"https:\/\/efficiencymb.ca\/wp-content\/uploads\/Solar_panel_bundle_page.jpg\" \/>\n\t<meta property=\"og:image:width\" content=\"2400\" \/>\n\t<meta property=\"og:image:height\" content=\"1350\" \/>\n\t<meta property=\"og:image:type\" content=\"image\/jpeg\" \/>\n<meta name=\"twitter:card\" content=\"summary_large_image\" \/>\n<meta name=\"twitter:label1\" content=\"Dur\u00e9e de lecture estim\u00e9e\" \/>\n\t<meta name=\"twitter:data1\" content=\"2 minutes\" \/>\n<script type=\"application\/ld+json\" class=\"yoast-schema-graph\">{\"@context\":\"https:\/\/schema.org\",\"@graph\":[{\"@type\":\"WebPage\",\"@id\":\"https:\/\/efficiencymb.ca\/fr\/programme-de-remise-sur-les-systemes-solaires\/\",\"url\":\"https:\/\/efficiencymb.ca\/fr\/programme-de-remise-sur-les-systemes-solaires\/\",\"name\":\"Programme De Remise Sur Les Syst\u00e8mes Solaires &#8212; Efficiency Manitoba\",\"isPartOf\":{\"@id\":\"https:\/\/efficiencymb.ca\/#website\"},\"primaryImageOfPage\":{\"@id\":\"https:\/\/efficiencymb.ca\/fr\/programme-de-remise-sur-les-systemes-solaires\/#primaryimage\"},\"image\":{\"@id\":\"https:\/\/efficiencymb.ca\/fr\/programme-de-remise-sur-les-systemes-solaires\/#primaryimage\"},\"thumbnailUrl\":\"https:\/\/efficiencymb.ca\/wp-content\/uploads\/Solar_panel_bundle_page.jpg\",\"datePublished\":\"2023-05-21T03:07:56+00:00\",\"dateModified\":\"2025-05-12T14:48:46+00:00\",\"description\":\"Les pompes g\u00e9othermiques sont \u00e9cologiques, efficaces et \u00e9conomiques. Elles peuvent r\u00e9duire jusqu\u2019\u00e0 60\u00a0% vos co\u00fbts actuels de chauffage \u00e9lectrique et vous prot\u00e9ger des r\u00e9percussions des co\u00fbts de chauffage futurs.\",\"breadcrumb\":{\"@id\":\"https:\/\/efficiencymb.ca\/fr\/programme-de-remise-sur-les-systemes-solaires\/#breadcrumb\"},\"inLanguage\":\"fr-FR\",\"potentialAction\":[{\"@type\":\"ReadAction\",\"target\":[\"https:\/\/efficiencymb.ca\/fr\/programme-de-remise-sur-les-systemes-solaires\/\"]}]},{\"@type\":\"ImageObject\",\"inLanguage\":\"fr-FR\",\"@id\":\"https:\/\/efficiencymb.ca\/fr\/programme-de-remise-sur-les-systemes-solaires\/#primaryimage\",\"url\":\"https:\/\/efficiencymb.ca\/wp-content\/uploads\/Solar_panel_bundle_page.jpg\",\"contentUrl\":\"https:\/\/efficiencymb.ca\/wp-content\/uploads\/Solar_panel_bundle_page.jpg\",\"width\":2400,\"height\":1350,\"caption\":\"Panneaux solaires dans un champ\"},{\"@type\":\"BreadcrumbList\",\"@id\":\"https:\/\/efficiencymb.ca\/fr\/programme-de-remise-sur-les-systemes-solaires\/#breadcrumb\",\"itemListElement\":[{\"@type\":\"ListItem\",\"position\":1,\"name\":\"Home\",\"item\":\"https:\/\/efficiencymb.ca\/fr\/\"},{\"@type\":\"ListItem\",\"position\":2,\"name\":\"Programme De Remise Sur Les Syst\u00e8mes Solaires\"}]},{\"@type\":\"WebSite\",\"@id\":\"https:\/\/efficiencymb.ca\/#website\",\"url\":\"https:\/\/efficiencymb.ca\/\",\"name\":\"Efficiency Manitoba\",\"description\":\"\",\"publisher\":{\"@id\":\"https:\/\/efficiencymb.ca\/#organization\"},\"potentialAction\":[{\"@type\":\"SearchAction\",\"target\":{\"@type\":\"EntryPoint\",\"urlTemplate\":\"https:\/\/efficiencymb.ca\/?s={search_term_string}\"},\"query-input\":{\"@type\":\"PropertyValueSpecification\",\"valueRequired\":true,\"valueName\":\"search_term_string\"}}],\"inLanguage\":\"fr-FR\"},{\"@type\":\"Organization\",\"@id\":\"https:\/\/efficiencymb.ca\/#organization\",\"name\":\"Efficiency Manitoba\",\"url\":\"https:\/\/efficiencymb.ca\/\",\"logo\":{\"@type\":\"ImageObject\",\"inLanguage\":\"fr-FR\",\"@id\":\"https:\/\/efficiencymb.ca\/#\/schema\/logo\/image\/\",\"url\":\"https:\/\/efficiencymb.ca\/wp-content\/uploads\/em-logo-white-en.png\",\"contentUrl\":\"https:\/\/efficiencymb.ca\/wp-content\/uploads\/em-logo-white-en.png\",\"width\":388,\"height\":91,\"caption\":\"Efficiency Manitoba\"},\"image\":{\"@id\":\"https:\/\/efficiencymb.ca\/#\/schema\/logo\/image\/\"}}]}<\/script>\n<!-- \/ Yoast SEO plugin. -->","yoast_head_json":{"title":"Programme De Remise Sur Les Syst\u00e8mes Solaires &#8212; Efficiency Manitoba","description":"Les pompes g\u00e9othermiques sont \u00e9cologiques, efficaces et \u00e9conomiques. Elles peuvent r\u00e9duire jusqu\u2019\u00e0 60\u00a0% vos co\u00fbts actuels de chauffage \u00e9lectrique et vous prot\u00e9ger des r\u00e9percussions des co\u00fbts de chauffage futurs.","robots":{"index":"index","follow":"follow","max-snippet":"max-snippet:-1","max-image-preview":"max-image-preview:large","max-video-preview":"max-video-preview:-1"},"canonical":"https:\/\/efficiencymb.ca\/fr\/programme-de-remise-sur-les-systemes-solaires\/","og_locale":"fr_FR","og_type":"article","og_title":"Programme De Remise Sur Les Syst\u00e8mes Solaires &#8212; Efficiency Manitoba","og_description":"Les pompes g\u00e9othermiques sont \u00e9cologiques, efficaces et \u00e9conomiques. Elles peuvent r\u00e9duire jusqu\u2019\u00e0 60\u00a0% vos co\u00fbts actuels de chauffage \u00e9lectrique et vous prot\u00e9ger des r\u00e9percussions des co\u00fbts de chauffage futurs.","og_url":"https:\/\/efficiencymb.ca\/fr\/programme-de-remise-sur-les-systemes-solaires\/","og_site_name":"Efficiency Manitoba","article_modified_time":"2025-05-12T14:48:46+00:00","og_image":[{"width":2400,"height":1350,"url":"https:\/\/efficiencymb.ca\/wp-content\/uploads\/Solar_panel_bundle_page.jpg","type":"image\/jpeg"}],"twitter_card":"summary_large_image","twitter_misc":{"Dur\u00e9e de lecture estim\u00e9e":"2 minutes"},"schema":{"@context":"https:\/\/schema.org","@graph":[{"@type":"WebPage","@id":"https:\/\/efficiencymb.ca\/fr\/programme-de-remise-sur-les-systemes-solaires\/","url":"https:\/\/efficiencymb.ca\/fr\/programme-de-remise-sur-les-systemes-solaires\/","name":"Programme De Remise Sur Les Syst\u00e8mes Solaires &#8212; Efficiency Manitoba","isPartOf":{"@id":"https:\/\/efficiencymb.ca\/#website"},"primaryImageOfPage":{"@id":"https:\/\/efficiencymb.ca\/fr\/programme-de-remise-sur-les-systemes-solaires\/#primaryimage"},"image":{"@id":"https:\/\/efficiencymb.ca\/fr\/programme-de-remise-sur-les-systemes-solaires\/#primaryimage"},"thumbnailUrl":"https:\/\/efficiencymb.ca\/wp-content\/uploads\/Solar_panel_bundle_page.jpg","datePublished":"2023-05-21T03:07:56+00:00","dateModified":"2025-05-12T14:48:46+00:00","description":"Les pompes g\u00e9othermiques sont \u00e9cologiques, efficaces et \u00e9conomiques. Elles peuvent r\u00e9duire jusqu\u2019\u00e0 60\u00a0% vos co\u00fbts actuels de chauffage \u00e9lectrique et vous prot\u00e9ger des r\u00e9percussions des co\u00fbts de chauffage futurs.","breadcrumb":{"@id":"https:\/\/efficiencymb.ca\/fr\/programme-de-remise-sur-les-systemes-solaires\/#breadcrumb"},"inLanguage":"fr-FR","potentialAction":[{"@type":"ReadAction","target":["https:\/\/efficiencymb.ca\/fr\/programme-de-remise-sur-les-systemes-solaires\/"]}]},{"@type":"ImageObject","inLanguage":"fr-FR","@id":"https:\/\/efficiencymb.ca\/fr\/programme-de-remise-sur-les-systemes-solaires\/#primaryimage","url":"https:\/\/efficiencymb.ca\/wp-content\/uploads\/Solar_panel_bundle_page.jpg","contentUrl":"https:\/\/efficiencymb.ca\/wp-content\/uploads\/Solar_panel_bundle_page.jpg","width":2400,"height":1350,"caption":"Panneaux solaires dans un champ"},{"@type":"BreadcrumbList","@id":"https:\/\/efficiencymb.ca\/fr\/programme-de-remise-sur-les-systemes-solaires\/#breadcrumb","itemListElement":[{"@type":"ListItem","position":1,"name":"Home","item":"https:\/\/efficiencymb.ca\/fr\/"},{"@type":"ListItem","position":2,"name":"Programme De Remise Sur Les Syst\u00e8mes Solaires"}]},{"@type":"WebSite","@id":"https:\/\/efficiencymb.ca\/#website","url":"https:\/\/efficiencymb.ca\/","name":"Efficiency Manitoba","description":"","publisher":{"@id":"https:\/\/efficiencymb.ca\/#organization"},"potentialAction":[{"@type":"SearchAction","target":{"@type":"EntryPoint","urlTemplate":"https:\/\/efficiencymb.ca\/?s={search_term_string}"},"query-input":{"@type":"PropertyValueSpecification","valueRequired":true,"valueName":"search_term_string"}}],"inLanguage":"fr-FR"},{"@type":"Organization","@id":"https:\/\/efficiencymb.ca\/#organization","name":"Efficiency Manitoba","url":"https:\/\/efficiencymb.ca\/","logo":{"@type":"ImageObject","inLanguage":"fr-FR","@id":"https:\/\/efficiencymb.ca\/#\/schema\/logo\/image\/","url":"https:\/\/efficiencymb.ca\/wp-content\/uploads\/em-logo-white-en.png","contentUrl":"https:\/\/efficiencymb.ca\/wp-content\/uploads\/em-logo-white-en.png","width":388,"height":91,"caption":"Efficiency Manitoba"},"image":{"@id":"https:\/\/efficiencymb.ca\/#\/schema\/logo\/image\/"}}]}},"_links":{"self":[{"href":"https:\/\/efficiencymb.ca\/fr\/wp-json\/wp\/v2\/pages\/19791","targetHints":{"allow":["GET"]}}],"collection":[{"href":"https:\/\/efficiencymb.ca\/fr\/wp-json\/wp\/v2\/pages"}],"about":[{"href":"https:\/\/efficiencymb.ca\/fr\/wp-json\/wp\/v2\/types\/page"}],"author":[{"embeddable":true,"href":"https:\/\/efficiencymb.ca\/fr\/wp-json\/wp\/v2\/users\/10"}],"replies":[{"embeddable":true,"href":"https:\/\/efficiencymb.ca\/fr\/wp-json\/wp\/v2\/comments?post=19791"}],"version-history":[{"count":26,"href":"https:\/\/efficiencymb.ca\/fr\/wp-json\/wp\/v2\/pages\/19791\/revisions"}],"predecessor-version":[{"id":76452,"href":"https:\/\/efficiencymb.ca\/fr\/wp-json\/wp\/v2\/pages\/19791\/revisions\/76452"}],"wp:featuredmedia":[{"embeddable":true,"href":"https:\/\/efficiencymb.ca\/fr\/wp-json\/wp\/v2\/media\/19835"}],"wp:attachment":[{"href":"https:\/\/efficiencymb.ca\/fr\/wp-json\/wp\/v2\/media?parent=19791"}],"curies":[{"name":"wp","href":"https:\/\/api.w.org\/{rel}","templated":true}]}}