{"id":16660,"date":"2020-05-11T20:59:21","date_gmt":"2020-05-11T20:59:21","guid":{"rendered":"https:\/\/efficiencymb.ca\/signup-confirmed-2\/"},"modified":"2023-06-03T16:37:56","modified_gmt":"2023-06-03T21:37:56","slug":"signup-confirmed","status":"publish","type":"page","link":"https:\/\/efficiencymb.ca\/fr\/bulletin\/signup-confirmed\/","title":{"rendered":"Confirm\u00e9 \u2013 inscription au bulletin"},"content":{"rendered":"\n<div class=\"wp-block-group is-style-content-columns\"><div class=\"wp-block-group__inner-container is-layout-flow wp-block-group-is-layout-flow\">\n<h1 class=\"wp-block-heading has-text-align-center is-style-hero-heading\"><strong>Abonnement confirm\u00e9<\/strong><\/h1>\n\n\n\n<h3 class=\"wp-block-heading has-text-align-center is-style-hero-heading-grey\"><strong>Inscription au bulletin<\/strong><\/h3>\n\n\n\n<p class=\"has-text-align-center\">Votre abonnement a \u00e9t\u00e9 confirm\u00e9.<\/p>\n<\/div><\/div>\n\n\n<div class=\"theme-button wp-block-button aligncenter\">\r\n\t<a  class=\"wp-block-button__link has-background no-border-radius button cta button-large\" href=\"https:\/\/efficiencymb.ca\/fr\/\"><strong>Retour \u00e0 la page d\u2019accueil <\/strong><br>d\u2019Efficacit\u00e9 Manitoba<\/a>\r\n<\/div>\n\n\n<div style=\"height:100px\" aria-hidden=\"true\" class=\"wp-block-spacer\"><\/div>\n\n\n\n<h2 class=\"wp-block-heading has-text-align-center is-style-hero-heading\"><strong>ARTICLES R\u00c9CENTS<\/strong><\/h2>\n\n\n\n<div class=\"featured-post-block\">\n\t<div class=\"featured-post-block-items\" data-slidesToShow=\"3\" data-auto=\"\" data-autoplayspeed=\"\">\n\t\t\t\t\t<div class=\"featured-post-block-item\">\n\t\t\t\t<div class=\"featured-post-block-item-img\">\n\t\t\t\t\t<a class=\"featured-post-block-item-more\" href=\"https:\/\/efficiencymb.ca\/fr\/articles\/projet-en-vedette-clinique-veterinaire-ste-rose\/\"><img loading=\"lazy\" decoding=\"async\" width=\"2400\" height=\"1350\" src=\"https:\/\/efficiencymb.ca\/wp-content\/uploads\/Ste-Rose-Vet-Clinic-Small-Business-Program-testimonial-banner-image.jpg\" class=\"attachment-post-thumbnail size-post-thumbnail wp-post-image\" alt=\"PROJET EN VEDETTE : CLINIQUE V\u00c9T\u00c9RINAIRE STE ROSE\" srcset=\"https:\/\/efficiencymb.ca\/wp-content\/uploads\/Ste-Rose-Vet-Clinic-Small-Business-Program-testimonial-banner-image.jpg 2400w, https:\/\/efficiencymb.ca\/wp-content\/uploads\/Ste-Rose-Vet-Clinic-Small-Business-Program-testimonial-banner-image-479x269.jpg 479w, https:\/\/efficiencymb.ca\/wp-content\/uploads\/Ste-Rose-Vet-Clinic-Small-Business-Program-testimonial-banner-image-1024x576.jpg 1024w, https:\/\/efficiencymb.ca\/wp-content\/uploads\/Ste-Rose-Vet-Clinic-Small-Business-Program-testimonial-banner-image-768x432.jpg 768w, https:\/\/efficiencymb.ca\/wp-content\/uploads\/Ste-Rose-Vet-Clinic-Small-Business-Program-testimonial-banner-image-1536x864.jpg 1536w, https:\/\/efficiencymb.ca\/wp-content\/uploads\/Ste-Rose-Vet-Clinic-Small-Business-Program-testimonial-banner-image-2048x1152.jpg 2048w, https:\/\/efficiencymb.ca\/wp-content\/uploads\/Ste-Rose-Vet-Clinic-Small-Business-Program-testimonial-banner-image-1920x1080.jpg 1920w\" sizes=\"auto, (max-width: 2400px) 100vw, 2400px\" \/><\/a>\n\t\t\t\t<\/div>\n\t\t\t\t<div class=\"featured-post-block-item-content\">\n\t\t\t\t\t<h3 class=\"wp-block-getwid-template-post-title\"><a href=\"https:\/\/efficiencymb.ca\/fr\/articles\/projet-en-vedette-clinique-veterinaire-ste-rose\/\">PROJET EN VEDETTE : CLINIQUE V\u00c9T\u00c9RINAIRE STE ROSE<\/a><\/h3>\n\t\t\t\t\t<div class=\"featured-post-block-item-excerpt\">\n\t\t\t\t\t\tNotre Programme pour petites entreprises est une solution cl\u00e9 en main pour les propri\u00e9taires de petites entreprises qui d\u00e9sirent rendre leur entreprise plus \u00e9co\u00e9nerg\u00e9tique et r\u00e9duire leurs factures \u00e9nerg\u00e9tiques. Nous\u2026\t\t\t\t\t<\/div>\n\t\t\t\t\t<!-- <a class=\"featured-post-block-item-more\" href=\"\"><\/a> -->\n\t\t\t\t\t<a class=\"featured-post-block-item-more\" href=\"https:\/\/efficiencymb.ca\/fr\/articles\/projet-en-vedette-clinique-veterinaire-ste-rose\/\" aria-label=\"Poursuivre la lecture... PROJET EN VEDETTE : CLINIQUE V\u00c9T\u00c9RINAIRE STE ROSE\">Poursuivre la lecture&#8230;<\/a>\n\t\t\t\t<\/div>\n\t\t\t<\/div>\n\t\t\t\t\t<div class=\"featured-post-block-item\">\n\t\t\t\t<div class=\"featured-post-block-item-img\">\n\t\t\t\t\t<a class=\"featured-post-block-item-more\" href=\"https:\/\/efficiencymb.ca\/fr\/articles\/meilleurs-employeurs-du-manitoba\/\"><img loading=\"lazy\" decoding=\"async\" width=\"2400\" height=\"1350\" src=\"https:\/\/efficiencymb.ca\/wp-content\/uploads\/Manitobas-Top-Employer-2026-Efficiency-Manitoba-2400x1350-rev2.jpg\" class=\"attachment-post-thumbnail size-post-thumbnail wp-post-image\" alt=\"RECONNU COMME UN LIEU DE TRAVAIL DE QUALIT\u00c9\" srcset=\"https:\/\/efficiencymb.ca\/wp-content\/uploads\/Manitobas-Top-Employer-2026-Efficiency-Manitoba-2400x1350-rev2.jpg 2400w, https:\/\/efficiencymb.ca\/wp-content\/uploads\/Manitobas-Top-Employer-2026-Efficiency-Manitoba-2400x1350-rev2-479x269.jpg 479w, https:\/\/efficiencymb.ca\/wp-content\/uploads\/Manitobas-Top-Employer-2026-Efficiency-Manitoba-2400x1350-rev2-1024x576.jpg 1024w, https:\/\/efficiencymb.ca\/wp-content\/uploads\/Manitobas-Top-Employer-2026-Efficiency-Manitoba-2400x1350-rev2-768x432.jpg 768w, https:\/\/efficiencymb.ca\/wp-content\/uploads\/Manitobas-Top-Employer-2026-Efficiency-Manitoba-2400x1350-rev2-1536x864.jpg 1536w, https:\/\/efficiencymb.ca\/wp-content\/uploads\/Manitobas-Top-Employer-2026-Efficiency-Manitoba-2400x1350-rev2-2048x1152.jpg 2048w, https:\/\/efficiencymb.ca\/wp-content\/uploads\/Manitobas-Top-Employer-2026-Efficiency-Manitoba-2400x1350-rev2-1920x1080.jpg 1920w\" sizes=\"auto, (max-width: 2400px) 100vw, 2400px\" \/><\/a>\n\t\t\t\t<\/div>\n\t\t\t\t<div class=\"featured-post-block-item-content\">\n\t\t\t\t\t<h3 class=\"wp-block-getwid-template-post-title\"><a href=\"https:\/\/efficiencymb.ca\/fr\/articles\/meilleurs-employeurs-du-manitoba\/\">RECONNU COMME UN LIEU DE TRAVAIL DE QUALIT\u00c9<\/a><\/h3>\n\t\t\t\t\t<div class=\"featured-post-block-item-excerpt\">\n\t\t\t\t\t\tNous sommes ravis d\u2019annoncer qu\u2019Efficacit\u00e9 Manitoba figure sur la liste des Meilleurs employeurs du Manitoba de 2026!&nbsp; Notre organisation est devenue op\u00e9rationnelle en 2020 \u2014 une p\u00e9riode extr\u00eamement difficile pour\u2026\t\t\t\t\t<\/div>\n\t\t\t\t\t<!-- <a class=\"featured-post-block-item-more\" href=\"\"><\/a> -->\n\t\t\t\t\t<a class=\"featured-post-block-item-more\" href=\"https:\/\/efficiencymb.ca\/fr\/articles\/meilleurs-employeurs-du-manitoba\/\" aria-label=\"Poursuivre la lecture... RECONNU COMME UN LIEU DE TRAVAIL DE QUALIT\u00c9\">Poursuivre la lecture&#8230;<\/a>\n\t\t\t\t<\/div>\n\t\t\t<\/div>\n\t\t\t\t\t<div class=\"featured-post-block-item\">\n\t\t\t\t<div class=\"featured-post-block-item-img\">\n\t\t\t\t\t<a class=\"featured-post-block-item-more\" href=\"https:\/\/efficiencymb.ca\/fr\/articles\/portes-et-fenetres-a-haut-rendement-energetique\/\"><img loading=\"lazy\" decoding=\"async\" width=\"2400\" height=\"1350\" src=\"https:\/\/efficiencymb.ca\/wp-content\/uploads\/high_performance_windows-533356224.jpg\" class=\"attachment-post-thumbnail size-post-thumbnail wp-post-image\" alt=\"PORTES ET FEN\u00caTRES \u00c0 HAUT RENDEMENT \u00c9NERG\u00c9TIQUE\" srcset=\"https:\/\/efficiencymb.ca\/wp-content\/uploads\/high_performance_windows-533356224.jpg 2400w, https:\/\/efficiencymb.ca\/wp-content\/uploads\/high_performance_windows-533356224-479x269.jpg 479w, https:\/\/efficiencymb.ca\/wp-content\/uploads\/high_performance_windows-533356224-1024x576.jpg 1024w, https:\/\/efficiencymb.ca\/wp-content\/uploads\/high_performance_windows-533356224-768x432.jpg 768w, https:\/\/efficiencymb.ca\/wp-content\/uploads\/high_performance_windows-533356224-1536x864.jpg 1536w, https:\/\/efficiencymb.ca\/wp-content\/uploads\/high_performance_windows-533356224-2048x1152.jpg 2048w, https:\/\/efficiencymb.ca\/wp-content\/uploads\/high_performance_windows-533356224-1920x1080.jpg 1920w\" sizes=\"auto, (max-width: 2400px) 100vw, 2400px\" \/><\/a>\n\t\t\t\t<\/div>\n\t\t\t\t<div class=\"featured-post-block-item-content\">\n\t\t\t\t\t<h3 class=\"wp-block-getwid-template-post-title\"><a href=\"https:\/\/efficiencymb.ca\/fr\/articles\/portes-et-fenetres-a-haut-rendement-energetique\/\">PORTES ET FEN\u00caTRES \u00c0 HAUT RENDEMENT \u00c9NERG\u00c9TIQUE<\/a><\/h3>\n\t\t\t\t\t<div class=\"featured-post-block-item-excerpt\">\n\t\t\t\t\t\tLes vieilles portes et fen\u00eatres sont souvent mal isol\u00e9es et non \u00e9tanches. Comme elles laissent entrer la chaleur en \u00e9t\u00e9 et le froid en hiver, votre maison est moins confortable,\u2026\t\t\t\t\t<\/div>\n\t\t\t\t\t<!-- <a class=\"featured-post-block-item-more\" href=\"\"><\/a> -->\n\t\t\t\t\t<a class=\"featured-post-block-item-more\" href=\"https:\/\/efficiencymb.ca\/fr\/articles\/portes-et-fenetres-a-haut-rendement-energetique\/\" aria-label=\"Poursuivre la lecture... PORTES ET FEN\u00caTRES \u00c0 HAUT RENDEMENT \u00c9NERG\u00c9TIQUE\">Poursuivre la lecture&#8230;<\/a>\n\t\t\t\t<\/div>\n\t\t\t<\/div>\n\t\t\t\t\t<div class=\"featured-post-block-item\">\n\t\t\t\t<div class=\"featured-post-block-item-img\">\n\t\t\t\t\t<a class=\"featured-post-block-item-more\" href=\"https:\/\/efficiencymb.ca\/fr\/articles\/thermopompes-deux-combustibles-dimensionnement-selection-configuration\/\"><img loading=\"lazy\" decoding=\"async\" width=\"2400\" height=\"1350\" src=\"https:\/\/efficiencymb.ca\/wp-content\/uploads\/using-and-maintaining-your-air-source-heat-pump-GettyImages-1460235294-scaled-e1744920516383.jpg\" class=\"attachment-post-thumbnail size-post-thumbnail wp-post-image\" alt=\"THERMOPOMPES \u00c0 DEUX COMBUSTIBLES\" srcset=\"https:\/\/efficiencymb.ca\/wp-content\/uploads\/using-and-maintaining-your-air-source-heat-pump-GettyImages-1460235294-scaled-e1744920516383.jpg 2400w, https:\/\/efficiencymb.ca\/wp-content\/uploads\/using-and-maintaining-your-air-source-heat-pump-GettyImages-1460235294-scaled-e1744920516383-479x269.jpg 479w, https:\/\/efficiencymb.ca\/wp-content\/uploads\/using-and-maintaining-your-air-source-heat-pump-GettyImages-1460235294-scaled-e1744920516383-1024x576.jpg 1024w, https:\/\/efficiencymb.ca\/wp-content\/uploads\/using-and-maintaining-your-air-source-heat-pump-GettyImages-1460235294-scaled-e1744920516383-768x432.jpg 768w, https:\/\/efficiencymb.ca\/wp-content\/uploads\/using-and-maintaining-your-air-source-heat-pump-GettyImages-1460235294-scaled-e1744920516383-1536x864.jpg 1536w, https:\/\/efficiencymb.ca\/wp-content\/uploads\/using-and-maintaining-your-air-source-heat-pump-GettyImages-1460235294-scaled-e1744920516383-2048x1152.jpg 2048w, https:\/\/efficiencymb.ca\/wp-content\/uploads\/using-and-maintaining-your-air-source-heat-pump-GettyImages-1460235294-scaled-e1744920516383-1920x1080.jpg 1920w\" sizes=\"auto, (max-width: 2400px) 100vw, 2400px\" \/><\/a>\n\t\t\t\t<\/div>\n\t\t\t\t<div class=\"featured-post-block-item-content\">\n\t\t\t\t\t<h3 class=\"wp-block-getwid-template-post-title\"><a href=\"https:\/\/efficiencymb.ca\/fr\/articles\/thermopompes-deux-combustibles-dimensionnement-selection-configuration\/\">THERMOPOMPES \u00c0 DEUX COMBUSTIBLES<\/a><\/h3>\n\t\t\t\t\t<div class=\"featured-post-block-item-excerpt\">\n\t\t\t\t\t\tTrois facteurs influencent le fonctionnement d\u2019une thermopompe \u00e0 air pour climats froids (TA-CF)\u00a0: le dimensionnement, la s\u00e9lection et la configuration. Ces trois facteurs peuvent faire la diff\u00e9rence entre une thermopompe\u2026\t\t\t\t\t<\/div>\n\t\t\t\t\t<!-- <a class=\"featured-post-block-item-more\" href=\"\"><\/a> -->\n\t\t\t\t\t<a class=\"featured-post-block-item-more\" href=\"https:\/\/efficiencymb.ca\/fr\/articles\/thermopompes-deux-combustibles-dimensionnement-selection-configuration\/\" aria-label=\"Poursuivre la lecture... THERMOPOMPES \u00c0 DEUX COMBUSTIBLES\">Poursuivre la lecture&#8230;<\/a>\n\t\t\t\t<\/div>\n\t\t\t<\/div>\n\t\t\t\t\t<div class=\"featured-post-block-item\">\n\t\t\t\t<div class=\"featured-post-block-item-img\">\n\t\t\t\t\t<a class=\"featured-post-block-item-more\" href=\"https:\/\/efficiencymb.ca\/fr\/articles\/thermopompes-deux-combustibles-energie-cout-emissions\/\"><img loading=\"lazy\" decoding=\"async\" width=\"2400\" height=\"1350\" src=\"https:\/\/efficiencymb.ca\/wp-content\/uploads\/dual-fuel-air-source-heat-pump-energy-cost-emissions.jpg\" class=\"attachment-post-thumbnail size-post-thumbnail wp-post-image\" alt=\"THERMOPOMPES \u00c0 DEUX COMBUSTICLES\" srcset=\"https:\/\/efficiencymb.ca\/wp-content\/uploads\/dual-fuel-air-source-heat-pump-energy-cost-emissions.jpg 2400w, https:\/\/efficiencymb.ca\/wp-content\/uploads\/dual-fuel-air-source-heat-pump-energy-cost-emissions-479x269.jpg 479w, https:\/\/efficiencymb.ca\/wp-content\/uploads\/dual-fuel-air-source-heat-pump-energy-cost-emissions-1024x576.jpg 1024w, https:\/\/efficiencymb.ca\/wp-content\/uploads\/dual-fuel-air-source-heat-pump-energy-cost-emissions-768x432.jpg 768w, https:\/\/efficiencymb.ca\/wp-content\/uploads\/dual-fuel-air-source-heat-pump-energy-cost-emissions-1536x864.jpg 1536w, https:\/\/efficiencymb.ca\/wp-content\/uploads\/dual-fuel-air-source-heat-pump-energy-cost-emissions-2048x1152.jpg 2048w, https:\/\/efficiencymb.ca\/wp-content\/uploads\/dual-fuel-air-source-heat-pump-energy-cost-emissions-1920x1080.jpg 1920w\" sizes=\"auto, (max-width: 2400px) 100vw, 2400px\" \/><\/a>\n\t\t\t\t<\/div>\n\t\t\t\t<div class=\"featured-post-block-item-content\">\n\t\t\t\t\t<h3 class=\"wp-block-getwid-template-post-title\"><a href=\"https:\/\/efficiencymb.ca\/fr\/articles\/thermopompes-deux-combustibles-energie-cout-emissions\/\">THERMOPOMPES \u00c0 DEUX COMBUSTICLES<\/a><\/h3>\n\t\t\t\t\t<div class=\"featured-post-block-item-excerpt\">\n\t\t\t\t\t\tEst-il temps pour vous de remplacer votre appareil de chauffage central ou votre climatiseur, ou recherchez-vous des fa\u00e7ons de rendre votre maison plus \u00e9co\u00e9nerg\u00e9tique?\u00a0Vous pourriez envisager d\u2019installer une thermopompe \u00e0\u2026\t\t\t\t\t<\/div>\n\t\t\t\t\t<!-- <a class=\"featured-post-block-item-more\" href=\"\"><\/a> -->\n\t\t\t\t\t<a class=\"featured-post-block-item-more\" href=\"https:\/\/efficiencymb.ca\/fr\/articles\/thermopompes-deux-combustibles-energie-cout-emissions\/\" aria-label=\"Poursuivre la lecture... THERMOPOMPES \u00c0 DEUX COMBUSTICLES\">Poursuivre la lecture&#8230;<\/a>\n\t\t\t\t<\/div>\n\t\t\t<\/div>\n\t\t\t\t\t<div class=\"featured-post-block-item\">\n\t\t\t\t<div class=\"featured-post-block-item-img\">\n\t\t\t\t\t<a class=\"featured-post-block-item-more\" href=\"https:\/\/efficiencymb.ca\/fr\/articles\/projet-vedette-canada-packers\/\"><img loading=\"lazy\" decoding=\"async\" width=\"2400\" height=\"1350\" src=\"https:\/\/efficiencymb.ca\/wp-content\/uploads\/Canada-Packers-Industrial-programs-participant-2400x1350-1.jpg\" class=\"attachment-post-thumbnail size-post-thumbnail wp-post-image\" alt=\"PROJET EN VEDETTE : CANADA PACKERS\" srcset=\"https:\/\/efficiencymb.ca\/wp-content\/uploads\/Canada-Packers-Industrial-programs-participant-2400x1350-1.jpg 2400w, https:\/\/efficiencymb.ca\/wp-content\/uploads\/Canada-Packers-Industrial-programs-participant-2400x1350-1-479x269.jpg 479w, https:\/\/efficiencymb.ca\/wp-content\/uploads\/Canada-Packers-Industrial-programs-participant-2400x1350-1-1024x576.jpg 1024w, https:\/\/efficiencymb.ca\/wp-content\/uploads\/Canada-Packers-Industrial-programs-participant-2400x1350-1-768x432.jpg 768w, https:\/\/efficiencymb.ca\/wp-content\/uploads\/Canada-Packers-Industrial-programs-participant-2400x1350-1-1536x864.jpg 1536w, https:\/\/efficiencymb.ca\/wp-content\/uploads\/Canada-Packers-Industrial-programs-participant-2400x1350-1-2048x1152.jpg 2048w, https:\/\/efficiencymb.ca\/wp-content\/uploads\/Canada-Packers-Industrial-programs-participant-2400x1350-1-1920x1080.jpg 1920w\" sizes=\"auto, (max-width: 2400px) 100vw, 2400px\" \/><\/a>\n\t\t\t\t<\/div>\n\t\t\t\t<div class=\"featured-post-block-item-content\">\n\t\t\t\t\t<h3 class=\"wp-block-getwid-template-post-title\"><a href=\"https:\/\/efficiencymb.ca\/fr\/articles\/projet-vedette-canada-packers\/\">PROJET EN VEDETTE : CANADA PACKERS<\/a><\/h3>\n\t\t\t\t\t<div class=\"featured-post-block-item-excerpt\">\n\t\t\t\t\t\tLes circuits d\u2019air comprim\u00e9 sont tr\u00e8s courants dans les environnements industriels. En emmagasinant de l\u2019air sous pression, ces syst\u00e8mes peuvent \u00eatre utilis\u00e9s sur demande et de mani\u00e8re contr\u00f4l\u00e9e pour alimenter\u2026\t\t\t\t\t<\/div>\n\t\t\t\t\t<!-- <a class=\"featured-post-block-item-more\" href=\"\"><\/a> -->\n\t\t\t\t\t<a class=\"featured-post-block-item-more\" href=\"https:\/\/efficiencymb.ca\/fr\/articles\/projet-vedette-canada-packers\/\" aria-label=\"Poursuivre la lecture... PROJET EN VEDETTE : CANADA PACKERS\">Poursuivre la lecture&#8230;<\/a>\n\t\t\t\t<\/div>\n\t\t\t<\/div>\n\t\t\t<\/div>\n<\/div>\n","protected":false},"excerpt":{"rendered":"<p>Abonnement confirm\u00e9 Inscription au bulletin Votre abonnement a \u00e9t\u00e9 confirm\u00e9. ARTICLES R\u00c9CENTS<\/p>\n","protected":false},"author":10,"featured_media":864,"parent":10513,"menu_order":0,"comment_status":"closed","ping_status":"closed","template":"","meta":{"_acf_changed":false,"footnotes":""},"class_list":["post-16660","page","type-page","status-publish","has-post-thumbnail","hentry"],"acf":[],"yoast_head":"<!-- This site is optimized with the Yoast SEO plugin v27.5 - https:\/\/yoast.com\/product\/yoast-seo-wordpress\/ -->\n<title>Confirm\u00e9 \u2013 inscription au bulletin &#8212; Efficiency Manitoba<\/title>\n<meta name=\"robots\" content=\"index, follow, max-snippet:-1, max-image-preview:large, max-video-preview:-1\" \/>\n<link rel=\"canonical\" href=\"https:\/\/efficiencymb.ca\/fr\/bulletin\/signup-confirmed\/\" \/>\n<meta property=\"og:locale\" content=\"fr_FR\" \/>\n<meta property=\"og:type\" content=\"article\" \/>\n<meta property=\"og:title\" content=\"Confirm\u00e9 \u2013 inscription au bulletin &#8212; Efficiency Manitoba\" \/>\n<meta property=\"og:description\" content=\"Abonnement confirm\u00e9 Inscription au bulletin Votre abonnement a \u00e9t\u00e9 confirm\u00e9. ARTICLES R\u00c9CENTS\" \/>\n<meta property=\"og:url\" content=\"https:\/\/efficiencymb.ca\/fr\/bulletin\/signup-confirmed\/\" \/>\n<meta property=\"og:site_name\" content=\"Efficiency Manitoba\" \/>\n<meta property=\"article:modified_time\" content=\"2023-06-03T21:37:56+00:00\" \/>\n<meta property=\"og:image\" content=\"https:\/\/efficiencymb.ca\/wp-content\/uploads\/2020\/02\/banner-about_2x.jpg\" \/>\n\t<meta property=\"og:image:width\" content=\"2400\" \/>\n\t<meta property=\"og:image:height\" content=\"1350\" \/>\n\t<meta property=\"og:image:type\" content=\"image\/jpeg\" \/>\n<meta name=\"twitter:card\" content=\"summary_large_image\" \/>\n<meta name=\"twitter:label1\" content=\"Dur\u00e9e de lecture estim\u00e9e\" \/>\n\t<meta name=\"twitter:data1\" content=\"1 minute\" \/>\n<script type=\"application\/ld+json\" class=\"yoast-schema-graph\">{\"@context\":\"https:\\\/\\\/schema.org\",\"@graph\":[{\"@type\":\"WebPage\",\"@id\":\"https:\\\/\\\/efficiencymb.ca\\\/fr\\\/bulletin\\\/signup-confirmed\\\/\",\"url\":\"https:\\\/\\\/efficiencymb.ca\\\/fr\\\/bulletin\\\/signup-confirmed\\\/\",\"name\":\"Confirm\u00e9 \u2013 inscription au bulletin &#8212; Efficiency Manitoba\",\"isPartOf\":{\"@id\":\"https:\\\/\\\/efficiencymb.ca\\\/#website\"},\"primaryImageOfPage\":{\"@id\":\"https:\\\/\\\/efficiencymb.ca\\\/fr\\\/bulletin\\\/signup-confirmed\\\/#primaryimage\"},\"image\":{\"@id\":\"https:\\\/\\\/efficiencymb.ca\\\/fr\\\/bulletin\\\/signup-confirmed\\\/#primaryimage\"},\"thumbnailUrl\":\"https:\\\/\\\/efficiencymb.ca\\\/wp-content\\\/uploads\\\/2020\\\/02\\\/banner-about_2x.jpg\",\"datePublished\":\"2020-05-11T20:59:21+00:00\",\"dateModified\":\"2023-06-03T21:37:56+00:00\",\"breadcrumb\":{\"@id\":\"https:\\\/\\\/efficiencymb.ca\\\/fr\\\/bulletin\\\/signup-confirmed\\\/#breadcrumb\"},\"inLanguage\":\"fr-FR\",\"potentialAction\":[{\"@type\":\"ReadAction\",\"target\":[\"https:\\\/\\\/efficiencymb.ca\\\/fr\\\/bulletin\\\/signup-confirmed\\\/\"]}]},{\"@type\":\"ImageObject\",\"inLanguage\":\"fr-FR\",\"@id\":\"https:\\\/\\\/efficiencymb.ca\\\/fr\\\/bulletin\\\/signup-confirmed\\\/#primaryimage\",\"url\":\"https:\\\/\\\/efficiencymb.ca\\\/wp-content\\\/uploads\\\/2020\\\/02\\\/banner-about_2x.jpg\",\"contentUrl\":\"https:\\\/\\\/efficiencymb.ca\\\/wp-content\\\/uploads\\\/2020\\\/02\\\/banner-about_2x.jpg\",\"width\":2400,\"height\":1350,\"caption\":\"Banni\u00e8re Efficacit\u00e9 Manitoba\"},{\"@type\":\"BreadcrumbList\",\"@id\":\"https:\\\/\\\/efficiencymb.ca\\\/fr\\\/bulletin\\\/signup-confirmed\\\/#breadcrumb\",\"itemListElement\":[{\"@type\":\"ListItem\",\"position\":1,\"name\":\"Home\",\"item\":\"https:\\\/\\\/efficiencymb.ca\\\/fr\\\/\"},{\"@type\":\"ListItem\",\"position\":2,\"name\":\"Bulletin\",\"item\":\"https:\\\/\\\/efficiencymb.ca\\\/fr\\\/bulletin\\\/\"},{\"@type\":\"ListItem\",\"position\":3,\"name\":\"Confirm\u00e9 \u2013 inscription au bulletin\"}]},{\"@type\":\"WebSite\",\"@id\":\"https:\\\/\\\/efficiencymb.ca\\\/#website\",\"url\":\"https:\\\/\\\/efficiencymb.ca\\\/\",\"name\":\"Efficiency Manitoba\",\"description\":\"\",\"publisher\":{\"@id\":\"https:\\\/\\\/efficiencymb.ca\\\/#organization\"},\"potentialAction\":[{\"@type\":\"SearchAction\",\"target\":{\"@type\":\"EntryPoint\",\"urlTemplate\":\"https:\\\/\\\/efficiencymb.ca\\\/?s={search_term_string}\"},\"query-input\":{\"@type\":\"PropertyValueSpecification\",\"valueRequired\":true,\"valueName\":\"search_term_string\"}}],\"inLanguage\":\"fr-FR\"},{\"@type\":\"Organization\",\"@id\":\"https:\\\/\\\/efficiencymb.ca\\\/#organization\",\"name\":\"Efficiency Manitoba\",\"url\":\"https:\\\/\\\/efficiencymb.ca\\\/\",\"logo\":{\"@type\":\"ImageObject\",\"inLanguage\":\"fr-FR\",\"@id\":\"https:\\\/\\\/efficiencymb.ca\\\/#\\\/schema\\\/logo\\\/image\\\/\",\"url\":\"https:\\\/\\\/efficiencymb.ca\\\/wp-content\\\/uploads\\\/em-logo-white-en.png\",\"contentUrl\":\"https:\\\/\\\/efficiencymb.ca\\\/wp-content\\\/uploads\\\/em-logo-white-en.png\",\"width\":388,\"height\":91,\"caption\":\"Efficiency Manitoba\"},\"image\":{\"@id\":\"https:\\\/\\\/efficiencymb.ca\\\/#\\\/schema\\\/logo\\\/image\\\/\"}}]}<\/script>\n<!-- \/ Yoast SEO plugin. -->","yoast_head_json":{"title":"Confirm\u00e9 \u2013 inscription au bulletin &#8212; Efficiency Manitoba","robots":{"index":"index","follow":"follow","max-snippet":"max-snippet:-1","max-image-preview":"max-image-preview:large","max-video-preview":"max-video-preview:-1"},"canonical":"https:\/\/efficiencymb.ca\/fr\/bulletin\/signup-confirmed\/","og_locale":"fr_FR","og_type":"article","og_title":"Confirm\u00e9 \u2013 inscription au bulletin &#8212; Efficiency Manitoba","og_description":"Abonnement confirm\u00e9 Inscription au bulletin Votre abonnement a \u00e9t\u00e9 confirm\u00e9. ARTICLES R\u00c9CENTS","og_url":"https:\/\/efficiencymb.ca\/fr\/bulletin\/signup-confirmed\/","og_site_name":"Efficiency Manitoba","article_modified_time":"2023-06-03T21:37:56+00:00","og_image":[{"width":2400,"height":1350,"url":"https:\/\/efficiencymb.ca\/wp-content\/uploads\/2020\/02\/banner-about_2x.jpg","type":"image\/jpeg"}],"twitter_card":"summary_large_image","twitter_misc":{"Dur\u00e9e de lecture estim\u00e9e":"1 minute"},"schema":{"@context":"https:\/\/schema.org","@graph":[{"@type":"WebPage","@id":"https:\/\/efficiencymb.ca\/fr\/bulletin\/signup-confirmed\/","url":"https:\/\/efficiencymb.ca\/fr\/bulletin\/signup-confirmed\/","name":"Confirm\u00e9 \u2013 inscription au bulletin &#8212; Efficiency Manitoba","isPartOf":{"@id":"https:\/\/efficiencymb.ca\/#website"},"primaryImageOfPage":{"@id":"https:\/\/efficiencymb.ca\/fr\/bulletin\/signup-confirmed\/#primaryimage"},"image":{"@id":"https:\/\/efficiencymb.ca\/fr\/bulletin\/signup-confirmed\/#primaryimage"},"thumbnailUrl":"https:\/\/efficiencymb.ca\/wp-content\/uploads\/2020\/02\/banner-about_2x.jpg","datePublished":"2020-05-11T20:59:21+00:00","dateModified":"2023-06-03T21:37:56+00:00","breadcrumb":{"@id":"https:\/\/efficiencymb.ca\/fr\/bulletin\/signup-confirmed\/#breadcrumb"},"inLanguage":"fr-FR","potentialAction":[{"@type":"ReadAction","target":["https:\/\/efficiencymb.ca\/fr\/bulletin\/signup-confirmed\/"]}]},{"@type":"ImageObject","inLanguage":"fr-FR","@id":"https:\/\/efficiencymb.ca\/fr\/bulletin\/signup-confirmed\/#primaryimage","url":"https:\/\/efficiencymb.ca\/wp-content\/uploads\/2020\/02\/banner-about_2x.jpg","contentUrl":"https:\/\/efficiencymb.ca\/wp-content\/uploads\/2020\/02\/banner-about_2x.jpg","width":2400,"height":1350,"caption":"Banni\u00e8re Efficacit\u00e9 Manitoba"},{"@type":"BreadcrumbList","@id":"https:\/\/efficiencymb.ca\/fr\/bulletin\/signup-confirmed\/#breadcrumb","itemListElement":[{"@type":"ListItem","position":1,"name":"Home","item":"https:\/\/efficiencymb.ca\/fr\/"},{"@type":"ListItem","position":2,"name":"Bulletin","item":"https:\/\/efficiencymb.ca\/fr\/bulletin\/"},{"@type":"ListItem","position":3,"name":"Confirm\u00e9 \u2013 inscription au bulletin"}]},{"@type":"WebSite","@id":"https:\/\/efficiencymb.ca\/#website","url":"https:\/\/efficiencymb.ca\/","name":"Efficiency Manitoba","description":"","publisher":{"@id":"https:\/\/efficiencymb.ca\/#organization"},"potentialAction":[{"@type":"SearchAction","target":{"@type":"EntryPoint","urlTemplate":"https:\/\/efficiencymb.ca\/?s={search_term_string}"},"query-input":{"@type":"PropertyValueSpecification","valueRequired":true,"valueName":"search_term_string"}}],"inLanguage":"fr-FR"},{"@type":"Organization","@id":"https:\/\/efficiencymb.ca\/#organization","name":"Efficiency Manitoba","url":"https:\/\/efficiencymb.ca\/","logo":{"@type":"ImageObject","inLanguage":"fr-FR","@id":"https:\/\/efficiencymb.ca\/#\/schema\/logo\/image\/","url":"https:\/\/efficiencymb.ca\/wp-content\/uploads\/em-logo-white-en.png","contentUrl":"https:\/\/efficiencymb.ca\/wp-content\/uploads\/em-logo-white-en.png","width":388,"height":91,"caption":"Efficiency Manitoba"},"image":{"@id":"https:\/\/efficiencymb.ca\/#\/schema\/logo\/image\/"}}]}},"_links":{"self":[{"href":"https:\/\/efficiencymb.ca\/fr\/wp-json\/wp\/v2\/pages\/16660","targetHints":{"allow":["GET"]}}],"collection":[{"href":"https:\/\/efficiencymb.ca\/fr\/wp-json\/wp\/v2\/pages"}],"about":[{"href":"https:\/\/efficiencymb.ca\/fr\/wp-json\/wp\/v2\/types\/page"}],"author":[{"embeddable":true,"href":"https:\/\/efficiencymb.ca\/fr\/wp-json\/wp\/v2\/users\/10"}],"replies":[{"embeddable":true,"href":"https:\/\/efficiencymb.ca\/fr\/wp-json\/wp\/v2\/comments?post=16660"}],"version-history":[{"count":10,"href":"https:\/\/efficiencymb.ca\/fr\/wp-json\/wp\/v2\/pages\/16660\/revisions"}],"predecessor-version":[{"id":26325,"href":"https:\/\/efficiencymb.ca\/fr\/wp-json\/wp\/v2\/pages\/16660\/revisions\/26325"}],"up":[{"embeddable":true,"href":"https:\/\/efficiencymb.ca\/fr\/wp-json\/wp\/v2\/pages\/10513"}],"wp:featuredmedia":[{"embeddable":true,"href":"https:\/\/efficiencymb.ca\/fr\/wp-json\/wp\/v2\/media\/864"}],"wp:attachment":[{"href":"https:\/\/efficiencymb.ca\/fr\/wp-json\/wp\/v2\/media?parent=16660"}],"curies":[{"name":"wp","href":"https:\/\/api.w.org\/{rel}","templated":true}]}}