{"id":16432,"date":"2023-05-19T10:56:02","date_gmt":"2023-05-19T15:56:02","guid":{"rendered":"https:\/\/efficiencymb.ca\/?page_id=16432"},"modified":"2023-06-07T22:48:39","modified_gmt":"2023-06-08T03:48:39","slug":"programme-de-sensibilisation-a-lefficacite-energetique","status":"publish","type":"page","link":"https:\/\/efficiencymb.ca\/fr\/programme-de-sensibilisation-a-lefficacite-energetique\/","title":{"rendered":"Programme de sensibilisation \u00e0 l\u2019efficacit\u00e9 \u00e9nerg\u00e9tique"},"content":{"rendered":"\n<div class=\"wp-block-group is-style-content-columns\"><div class=\"wp-block-group__inner-container is-layout-flow wp-block-group-is-layout-flow\">\n<h1 class=\"wp-block-heading has-text-align-center is-style-hero-heading\">G\u00c9N\u00c9RATION E<\/h1>\n\n\n\n<div style=\"height:50px\" aria-hidden=\"true\" class=\"wp-block-spacer\"><\/div>\n\n\n\n<h2 class=\"wp-block-heading has-text-align-center is-style-hero-heading-grey\" id=\"ameliorations-ecoenergetiques-gratuites-pour-les-menages-a-revenu-admissible\"><strong><strong>CETTE G\u00c9N\u00c9RATION SE SOUCIE DES \u00c9CONOMIES D\u2019\u00c9NERGIE<\/strong><\/strong><\/h2>\n\n\n\n<p class=\"has-medium-font-size\">Les \u00e9l\u00e8ves d\u2019aujourd\u2019hui sont plus soucieux de l\u2019environnement que toute autre g\u00e9n\u00e9ration avant eux. Ils savent que, collectivement, leurs actions individuelles peuvent avoir de grandes r\u00e9percussions.<\/p>\n\n\n\n<p>La prochaine g\u00e9n\u00e9ration va transformer notre fa\u00e7on de penser \u00e0 l\u2019\u00e9nergie et \u00e0 la durabilit\u00e9. C\u2019est pourquoi nous avons lanc\u00e9 une nouvelle initiative \u00e0 l\u2019intention du personnel enseignant et des \u00e9l\u00e8ves&nbsp;: la G\u00e9n\u00e9ration E. Nous proposons des ressources et des activit\u00e9s pratiques \u00e0 utiliser en classe pour aider les \u00e9l\u00e8ves \u00e0 comprendre leur consommation d\u2019\u00e9nergie et leur donner des moyens de faire des \u00e9conomies d\u2019\u00e9nergie \u00e0 la maison.<\/p>\n\n\n\n<div style=\"height:53px\" aria-hidden=\"true\" class=\"wp-block-spacer\"><\/div>\n<\/div><\/div>\n\n\n\n<div class=\"wp-block-group is-style-content\"><div class=\"wp-block-group__inner-container is-layout-flow wp-block-group-is-layout-flow\">\n<h2 class=\"wp-block-heading has-text-align-center is-style-hero-heading-grey\" id=\"ce-programme-s-applique-a-vous-si\"><strong><strong>CON\u00c7U POUR LES \u00c9L\u00c8VES ET LE PERSONNEL ENSEIGNANT<\/strong><\/strong><\/h2>\n\n\n\n<p>Nous travaillons \u00e0 l\u2019\u00e9laboration de cette initiative pour les salles de classe du Manitoba. Voici ce \u00e0 que vous pouvez trouver sur le <a href=\"https:\/\/generation-e.ca\/fr\/\" target=\"_blank\" rel=\"noreferrer noopener\">site Web de la g\u00e9n\u00e9ration E<\/a>&nbsp;:<\/p>\n\n\n\n<ul class=\"is-style-small wp-block-list\">\n<li>De la maternelle \u00e0 la 5e ann\u00e9e&nbsp;: des fiches d\u2019apprentissage, des jeux et des activit\u00e9s de groupe pour expliquer ce qu\u2019est l\u2019\u00e9nergie et pourquoi il est important d\u2019en consommer moins.<\/li>\n\n\n\n<li>6<sup>e<\/sup> ann\u00e9e&nbsp;: des renseignements et des activit\u00e9s de groupe pour familiariser les \u00e9l\u00e8ves au concept d\u2019efficacit\u00e9 \u00e9nerg\u00e9tique et trouver des moyens d\u2019\u00e9conomiser l\u2019\u00e9nergie.<\/li>\n\n\n\n<li>9<sup>e<\/sup> ann\u00e9e&nbsp;: des renseignements, des activit\u00e9s de groupe et des travaux personnels pour les aider \u00e0 mieux comprendre leur consommation d\u2019\u00e9nergie et \u00e0 cr\u00e9er des espaces plus efficaces sur le plan \u00e9nerg\u00e9tique.<\/li>\n\n\n\n<li>Personnel enseignant&nbsp;: des ressources, des devoirs, des fiches d\u2019activit\u00e9s et des plans de cours faciles \u00e0 imprimer et num\u00e9riser pour introduire l\u2019efficacit\u00e9 \u00e9nerg\u00e9tique en classe.<\/li>\n<\/ul>\n\n\n\n<p class=\"has-text-align-center\">Au fil du temps, nous \u00e9largirons l\u2019initiative G\u00e9n\u00e9ration E pour offrir davantage de ressources \u00e9ducatives \u00e0 d\u2019autres groupes d\u2019\u00e2ge.<\/p>\n\n\n\n<div style=\"height:100px\" aria-hidden=\"true\" class=\"wp-block-spacer\"><\/div>\n\n\n\n<h2 class=\"wp-block-heading\"><strong>FAITES PARTICIPER VOTRE CLASSE<\/strong><\/h2>\n\n\n\n<p>Nous sommes l\u00e0 pour aider le personnel enseignant \u00e0 introduire dans la classe des informations actualis\u00e9es et int\u00e9ressantes sur l\u2019efficacit\u00e9 \u00e9nerg\u00e9tique. Si vous enseignez de la maternelle \u00e0 la 12<sup>e<\/sup> ann\u00e9e et que vous souhaitez faire participer votre classe au mouvement de la G\u00e9n\u00e9ration E, visitez le <a href=\"https:\/\/generation-e.ca\/fr\/\" target=\"_blank\" rel=\"noreferrer noopener\">site Web de la G\u00e9n\u00e9ration E<\/a> ou communiquez avec nous par courriel \u00e0 <a href=\"mailto:hello@generation-e.ca\" target=\"_blank\" rel=\"noreferrer noopener\">hello@generation-e.ca<\/a>. Notre \u00e9quipe vous aidera \u00e0 acc\u00e9der aux ressources, aux plans de le\u00e7on et aux pr\u00e9sentations dont vous avez besoin pour responsabiliser et sensibiliser vos \u00e9l\u00e8ves.<\/p>\n\n\n\n<div style=\"height:52px\" aria-hidden=\"true\" class=\"wp-block-spacer\"><\/div>\n\n\n<div class=\"theme-button wp-block-button aligncenter\">\r\n\t<a  class=\"wp-block-button__link has-background no-border-radius button cta button-large\" href=\"https:\/\/generation-e.ca\/fr\/\"><strong>POUR EN SAVOIR PLUS, VISITEZ LE SITE<\/strong><br>GENERATION-E.CA<\/a>\r\n<\/div><\/div><\/div>\n\n\n\n<div style=\"height:70px\" aria-hidden=\"true\" class=\"wp-block-spacer\"><\/div>\n\n\n\n<div style=\"height:30px\" aria-hidden=\"true\" class=\"wp-block-spacer\"><\/div>\n\n\n\n<figure class=\"wp-block-image size-full slant\"><img loading=\"lazy\" decoding=\"async\" width=\"2000\" height=\"400\" src=\"https:\/\/efficiencymb.ca\/wp-content\/uploads\/bg-two-tone-green@2x.png\" alt=\"\" class=\"wp-image-592\" srcset=\"https:\/\/efficiencymb.ca\/wp-content\/uploads\/bg-two-tone-green@2x.png 2000w, https:\/\/efficiencymb.ca\/wp-content\/uploads\/bg-two-tone-green@2x-479x96.png 479w, https:\/\/efficiencymb.ca\/wp-content\/uploads\/bg-two-tone-green@2x-1024x205.png 1024w, https:\/\/efficiencymb.ca\/wp-content\/uploads\/bg-two-tone-green@2x-768x154.png 768w, https:\/\/efficiencymb.ca\/wp-content\/uploads\/bg-two-tone-green@2x-1536x307.png 1536w\" sizes=\"auto, (max-width: 2000px) 100vw, 2000px\" \/><\/figure>\n","protected":false},"excerpt":{"rendered":"<p>G\u00c9N\u00c9RATION E CETTE G\u00c9N\u00c9RATION SE SOUCIE DES \u00c9CONOMIES D\u2019\u00c9NERGIE Les \u00e9l\u00e8ves d\u2019aujourd\u2019hui sont plus soucieux de l\u2019environnement que toute autre g\u00e9n\u00e9ration avant eux. Ils savent que, collectivement, leurs actions individuelles peuvent avoir de grandes r\u00e9percussions. La prochaine g\u00e9n\u00e9ration va transformer notre fa\u00e7on de penser \u00e0 l\u2019\u00e9nergie et \u00e0 la durabilit\u00e9. C\u2019est pourquoi nous avons lanc\u00e9continue-reading<\/p>\n","protected":false},"author":10,"featured_media":16428,"parent":0,"menu_order":0,"comment_status":"closed","ping_status":"closed","template":"","meta":{"_acf_changed":false,"footnotes":""},"class_list":["post-16432","page","type-page","status-publish","has-post-thumbnail","hentry","page_cat-programs"],"acf":[],"yoast_head":"<!-- This site is optimized with the Yoast SEO plugin v27.3 - https:\/\/yoast.com\/product\/yoast-seo-wordpress\/ -->\n<title>Programme de sensibilisation \u00e0 l\u2019efficacit\u00e9 \u00e9nerg\u00e9tique &#8212; Efficiency Manitoba<\/title>\n<meta name=\"description\" content=\"Free Energy Efficiency Upgrades For Income Qualifying Households. Now you can lower your monthly energy bill and make your home more comfortable with our free or subsidized energy efficiency upgrades.\" \/>\n<meta name=\"robots\" content=\"index, follow, max-snippet:-1, max-image-preview:large, max-video-preview:-1\" \/>\n<link rel=\"canonical\" href=\"https:\/\/efficiencymb.ca\/fr\/programme-de-sensibilisation-a-lefficacite-energetique\/\" \/>\n<meta property=\"og:locale\" content=\"fr_FR\" \/>\n<meta property=\"og:type\" content=\"article\" \/>\n<meta property=\"og:title\" content=\"Programme de sensibilisation \u00e0 l\u2019efficacit\u00e9 \u00e9nerg\u00e9tique &#8212; Efficiency Manitoba\" \/>\n<meta property=\"og:description\" content=\"Free Energy Efficiency Upgrades For Income Qualifying Households. Now you can lower your monthly energy bill and make your home more comfortable with our free or subsidized energy efficiency upgrades.\" \/>\n<meta property=\"og:url\" content=\"https:\/\/efficiencymb.ca\/fr\/programme-de-sensibilisation-a-lefficacite-energetique\/\" \/>\n<meta property=\"og:site_name\" content=\"Efficiency Manitoba\" \/>\n<meta property=\"article:modified_time\" content=\"2023-06-08T03:48:39+00:00\" \/>\n<meta property=\"og:image\" content=\"https:\/\/efficiencymb.ca\/wp-content\/uploads\/young-girl-in-classroom-education-program-GettyImages-658984299.jpg\" \/>\n\t<meta property=\"og:image:width\" content=\"2400\" \/>\n\t<meta property=\"og:image:height\" content=\"1350\" \/>\n\t<meta property=\"og:image:type\" content=\"image\/jpeg\" \/>\n<meta name=\"twitter:card\" content=\"summary_large_image\" \/>\n<meta name=\"twitter:label1\" content=\"Dur\u00e9e de lecture estim\u00e9e\" \/>\n\t<meta name=\"twitter:data1\" content=\"2 minutes\" \/>\n<script type=\"application\/ld+json\" class=\"yoast-schema-graph\">{\"@context\":\"https:\\\/\\\/schema.org\",\"@graph\":[{\"@type\":\"WebPage\",\"@id\":\"https:\\\/\\\/efficiencymb.ca\\\/fr\\\/programme-de-sensibilisation-a-lefficacite-energetique\\\/\",\"url\":\"https:\\\/\\\/efficiencymb.ca\\\/fr\\\/programme-de-sensibilisation-a-lefficacite-energetique\\\/\",\"name\":\"Programme de sensibilisation \u00e0 l\u2019efficacit\u00e9 \u00e9nerg\u00e9tique &#8212; Efficiency Manitoba\",\"isPartOf\":{\"@id\":\"https:\\\/\\\/efficiencymb.ca\\\/#website\"},\"primaryImageOfPage\":{\"@id\":\"https:\\\/\\\/efficiencymb.ca\\\/fr\\\/programme-de-sensibilisation-a-lefficacite-energetique\\\/#primaryimage\"},\"image\":{\"@id\":\"https:\\\/\\\/efficiencymb.ca\\\/fr\\\/programme-de-sensibilisation-a-lefficacite-energetique\\\/#primaryimage\"},\"thumbnailUrl\":\"https:\\\/\\\/efficiencymb.ca\\\/wp-content\\\/uploads\\\/young-girl-in-classroom-education-program-GettyImages-658984299.jpg\",\"datePublished\":\"2023-05-19T15:56:02+00:00\",\"dateModified\":\"2023-06-08T03:48:39+00:00\",\"description\":\"Free Energy Efficiency Upgrades For Income Qualifying Households. Now you can lower your monthly energy bill and make your home more comfortable with our free or subsidized energy efficiency upgrades.\",\"breadcrumb\":{\"@id\":\"https:\\\/\\\/efficiencymb.ca\\\/fr\\\/programme-de-sensibilisation-a-lefficacite-energetique\\\/#breadcrumb\"},\"inLanguage\":\"fr-FR\",\"potentialAction\":[{\"@type\":\"ReadAction\",\"target\":[\"https:\\\/\\\/efficiencymb.ca\\\/fr\\\/programme-de-sensibilisation-a-lefficacite-energetique\\\/\"]}]},{\"@type\":\"ImageObject\",\"inLanguage\":\"fr-FR\",\"@id\":\"https:\\\/\\\/efficiencymb.ca\\\/fr\\\/programme-de-sensibilisation-a-lefficacite-energetique\\\/#primaryimage\",\"url\":\"https:\\\/\\\/efficiencymb.ca\\\/wp-content\\\/uploads\\\/young-girl-in-classroom-education-program-GettyImages-658984299.jpg\",\"contentUrl\":\"https:\\\/\\\/efficiencymb.ca\\\/wp-content\\\/uploads\\\/young-girl-in-classroom-education-program-GettyImages-658984299.jpg\",\"width\":2400,\"height\":1350,\"caption\":\"Female student smiling to camera in classroom\"},{\"@type\":\"BreadcrumbList\",\"@id\":\"https:\\\/\\\/efficiencymb.ca\\\/fr\\\/programme-de-sensibilisation-a-lefficacite-energetique\\\/#breadcrumb\",\"itemListElement\":[{\"@type\":\"ListItem\",\"position\":1,\"name\":\"Home\",\"item\":\"https:\\\/\\\/efficiencymb.ca\\\/fr\\\/\"},{\"@type\":\"ListItem\",\"position\":2,\"name\":\"Programme de sensibilisation \u00e0 l\u2019efficacit\u00e9 \u00e9nerg\u00e9tique\"}]},{\"@type\":\"WebSite\",\"@id\":\"https:\\\/\\\/efficiencymb.ca\\\/#website\",\"url\":\"https:\\\/\\\/efficiencymb.ca\\\/\",\"name\":\"Efficiency Manitoba\",\"description\":\"\",\"publisher\":{\"@id\":\"https:\\\/\\\/efficiencymb.ca\\\/#organization\"},\"potentialAction\":[{\"@type\":\"SearchAction\",\"target\":{\"@type\":\"EntryPoint\",\"urlTemplate\":\"https:\\\/\\\/efficiencymb.ca\\\/?s={search_term_string}\"},\"query-input\":{\"@type\":\"PropertyValueSpecification\",\"valueRequired\":true,\"valueName\":\"search_term_string\"}}],\"inLanguage\":\"fr-FR\"},{\"@type\":\"Organization\",\"@id\":\"https:\\\/\\\/efficiencymb.ca\\\/#organization\",\"name\":\"Efficiency Manitoba\",\"url\":\"https:\\\/\\\/efficiencymb.ca\\\/\",\"logo\":{\"@type\":\"ImageObject\",\"inLanguage\":\"fr-FR\",\"@id\":\"https:\\\/\\\/efficiencymb.ca\\\/#\\\/schema\\\/logo\\\/image\\\/\",\"url\":\"https:\\\/\\\/efficiencymb.ca\\\/wp-content\\\/uploads\\\/em-logo-white-en.png\",\"contentUrl\":\"https:\\\/\\\/efficiencymb.ca\\\/wp-content\\\/uploads\\\/em-logo-white-en.png\",\"width\":388,\"height\":91,\"caption\":\"Efficiency Manitoba\"},\"image\":{\"@id\":\"https:\\\/\\\/efficiencymb.ca\\\/#\\\/schema\\\/logo\\\/image\\\/\"}}]}<\/script>\n<!-- \/ Yoast SEO plugin. -->","yoast_head_json":{"title":"Programme de sensibilisation \u00e0 l\u2019efficacit\u00e9 \u00e9nerg\u00e9tique &#8212; Efficiency Manitoba","description":"Free Energy Efficiency Upgrades For Income Qualifying Households. Now you can lower your monthly energy bill and make your home more comfortable with our free or subsidized energy efficiency upgrades.","robots":{"index":"index","follow":"follow","max-snippet":"max-snippet:-1","max-image-preview":"max-image-preview:large","max-video-preview":"max-video-preview:-1"},"canonical":"https:\/\/efficiencymb.ca\/fr\/programme-de-sensibilisation-a-lefficacite-energetique\/","og_locale":"fr_FR","og_type":"article","og_title":"Programme de sensibilisation \u00e0 l\u2019efficacit\u00e9 \u00e9nerg\u00e9tique &#8212; Efficiency Manitoba","og_description":"Free Energy Efficiency Upgrades For Income Qualifying Households. Now you can lower your monthly energy bill and make your home more comfortable with our free or subsidized energy efficiency upgrades.","og_url":"https:\/\/efficiencymb.ca\/fr\/programme-de-sensibilisation-a-lefficacite-energetique\/","og_site_name":"Efficiency Manitoba","article_modified_time":"2023-06-08T03:48:39+00:00","og_image":[{"width":2400,"height":1350,"url":"https:\/\/efficiencymb.ca\/wp-content\/uploads\/young-girl-in-classroom-education-program-GettyImages-658984299.jpg","type":"image\/jpeg"}],"twitter_card":"summary_large_image","twitter_misc":{"Dur\u00e9e de lecture estim\u00e9e":"2 minutes"},"schema":{"@context":"https:\/\/schema.org","@graph":[{"@type":"WebPage","@id":"https:\/\/efficiencymb.ca\/fr\/programme-de-sensibilisation-a-lefficacite-energetique\/","url":"https:\/\/efficiencymb.ca\/fr\/programme-de-sensibilisation-a-lefficacite-energetique\/","name":"Programme de sensibilisation \u00e0 l\u2019efficacit\u00e9 \u00e9nerg\u00e9tique &#8212; Efficiency Manitoba","isPartOf":{"@id":"https:\/\/efficiencymb.ca\/#website"},"primaryImageOfPage":{"@id":"https:\/\/efficiencymb.ca\/fr\/programme-de-sensibilisation-a-lefficacite-energetique\/#primaryimage"},"image":{"@id":"https:\/\/efficiencymb.ca\/fr\/programme-de-sensibilisation-a-lefficacite-energetique\/#primaryimage"},"thumbnailUrl":"https:\/\/efficiencymb.ca\/wp-content\/uploads\/young-girl-in-classroom-education-program-GettyImages-658984299.jpg","datePublished":"2023-05-19T15:56:02+00:00","dateModified":"2023-06-08T03:48:39+00:00","description":"Free Energy Efficiency Upgrades For Income Qualifying Households. Now you can lower your monthly energy bill and make your home more comfortable with our free or subsidized energy efficiency upgrades.","breadcrumb":{"@id":"https:\/\/efficiencymb.ca\/fr\/programme-de-sensibilisation-a-lefficacite-energetique\/#breadcrumb"},"inLanguage":"fr-FR","potentialAction":[{"@type":"ReadAction","target":["https:\/\/efficiencymb.ca\/fr\/programme-de-sensibilisation-a-lefficacite-energetique\/"]}]},{"@type":"ImageObject","inLanguage":"fr-FR","@id":"https:\/\/efficiencymb.ca\/fr\/programme-de-sensibilisation-a-lefficacite-energetique\/#primaryimage","url":"https:\/\/efficiencymb.ca\/wp-content\/uploads\/young-girl-in-classroom-education-program-GettyImages-658984299.jpg","contentUrl":"https:\/\/efficiencymb.ca\/wp-content\/uploads\/young-girl-in-classroom-education-program-GettyImages-658984299.jpg","width":2400,"height":1350,"caption":"Female student smiling to camera in classroom"},{"@type":"BreadcrumbList","@id":"https:\/\/efficiencymb.ca\/fr\/programme-de-sensibilisation-a-lefficacite-energetique\/#breadcrumb","itemListElement":[{"@type":"ListItem","position":1,"name":"Home","item":"https:\/\/efficiencymb.ca\/fr\/"},{"@type":"ListItem","position":2,"name":"Programme de sensibilisation \u00e0 l\u2019efficacit\u00e9 \u00e9nerg\u00e9tique"}]},{"@type":"WebSite","@id":"https:\/\/efficiencymb.ca\/#website","url":"https:\/\/efficiencymb.ca\/","name":"Efficiency Manitoba","description":"","publisher":{"@id":"https:\/\/efficiencymb.ca\/#organization"},"potentialAction":[{"@type":"SearchAction","target":{"@type":"EntryPoint","urlTemplate":"https:\/\/efficiencymb.ca\/?s={search_term_string}"},"query-input":{"@type":"PropertyValueSpecification","valueRequired":true,"valueName":"search_term_string"}}],"inLanguage":"fr-FR"},{"@type":"Organization","@id":"https:\/\/efficiencymb.ca\/#organization","name":"Efficiency Manitoba","url":"https:\/\/efficiencymb.ca\/","logo":{"@type":"ImageObject","inLanguage":"fr-FR","@id":"https:\/\/efficiencymb.ca\/#\/schema\/logo\/image\/","url":"https:\/\/efficiencymb.ca\/wp-content\/uploads\/em-logo-white-en.png","contentUrl":"https:\/\/efficiencymb.ca\/wp-content\/uploads\/em-logo-white-en.png","width":388,"height":91,"caption":"Efficiency Manitoba"},"image":{"@id":"https:\/\/efficiencymb.ca\/#\/schema\/logo\/image\/"}}]}},"_links":{"self":[{"href":"https:\/\/efficiencymb.ca\/fr\/wp-json\/wp\/v2\/pages\/16432","targetHints":{"allow":["GET"]}}],"collection":[{"href":"https:\/\/efficiencymb.ca\/fr\/wp-json\/wp\/v2\/pages"}],"about":[{"href":"https:\/\/efficiencymb.ca\/fr\/wp-json\/wp\/v2\/types\/page"}],"author":[{"embeddable":true,"href":"https:\/\/efficiencymb.ca\/fr\/wp-json\/wp\/v2\/users\/10"}],"replies":[{"embeddable":true,"href":"https:\/\/efficiencymb.ca\/fr\/wp-json\/wp\/v2\/comments?post=16432"}],"version-history":[{"count":26,"href":"https:\/\/efficiencymb.ca\/fr\/wp-json\/wp\/v2\/pages\/16432\/revisions"}],"predecessor-version":[{"id":27170,"href":"https:\/\/efficiencymb.ca\/fr\/wp-json\/wp\/v2\/pages\/16432\/revisions\/27170"}],"wp:featuredmedia":[{"embeddable":true,"href":"https:\/\/efficiencymb.ca\/fr\/wp-json\/wp\/v2\/media\/16428"}],"wp:attachment":[{"href":"https:\/\/efficiencymb.ca\/fr\/wp-json\/wp\/v2\/media?parent=16432"}],"curies":[{"name":"wp","href":"https:\/\/api.w.org\/{rel}","templated":true}]}}