{"id":13872,"date":"2020-02-24T21:26:10","date_gmt":"2020-02-25T03:26:10","guid":{"rendered":"https:\/\/efficiencymb.ca\/connect\/"},"modified":"2026-02-19T14:40:49","modified_gmt":"2026-02-19T20:40:49","slug":"se-connecter","status":"publish","type":"page","link":"https:\/\/efficiencymb.ca\/fr\/se-connecter\/","title":{"rendered":"Se connecter"},"content":{"rendered":"\n<div class=\"wp-block-group is-style-default\"><div class=\"wp-block-group__inner-container is-layout-flow wp-block-group-is-layout-flow\">\n<h1 class=\"wp-block-heading has-text-align-center is-style-hero-heading\">COMMUNIQUEZ AVEC NOUS<\/h1>\n\n\n\n<div class=\"wp-block-columns connect-container is-layout-flex wp-container-core-columns-is-layout-9d6595d7 wp-block-columns-is-layout-flex\">\n<div class=\"wp-block-column is-layout-flow wp-block-column-is-layout-flow\"><\/div>\n\n\n\n<div class=\"wp-block-column connect-column is-layout-flow wp-block-column-is-layout-flow\"><div class=\"wp-block-image\">\n<figure class=\"aligncenter size-thumbnail\"><img decoding=\"async\" src=\"https:\/\/efficiencymb.ca\/wp-content\/uploads\/ic-circle-xl-speech-bubble-duo@2x-150x150.png\" alt=\"\" class=\"wp-image-574\"\/><\/figure>\n<\/div>\n\n\n<h3 class=\"wp-block-heading has-text-align-center feature-title\">SUIVEZ-NOUS<\/h3>\n\n\n\n<p class=\"has-text-align-center\">Suivez-nous et joignez-vous \u00e0 la conversation.<br><a href=\"https:\/\/www.instagram.com\/efficiencymb\/\" target=\"_blank\" rel=\"noreferrer noopener\">#efficiencyMB<\/a><\/p>\n\n\n\n<p class=\"has-text-align-center has-small-font-size\"><em>(en anglais)<\/em><\/p>\n\n\n\n<ul class=\"wp-block-list social-list\">\n<li>                         <a class=\"social-icon icon-facebook-green square\" href=\"https:\/\/www.facebook.com\/efficiencyMB\"><\/a>                         <a href=\"https:\/\/www.facebook.com\/efficiencyMB\" target=\"_blank\" rel=\"noreferrer noopener\">Facebook<\/a>                     <\/li>\n\n\n\n<li>                         <a class=\"social-icon icon-instagram-green square\" href=\"https:\/\/www.instagram.com\/efficiencymb\/\"><\/a>                         <a href=\"https:\/\/www.instagram.com\/efficiencymb\/\" target=\"_blank\" rel=\"noreferrer noopener\">Instagram<\/a>                               <\/li>\n\n\n\n<li>                         <a class=\"social-icon icon-linkedin-green square\" href=\"https:\/\/ca.linkedin.com\/company\/efficiencymb\"><\/a>                         <a href=\"https:\/\/ca.linkedin.com\/company\/efficiencymb\" target=\"_blank\" rel=\"noreferrer noopener\">LinkedIn<\/a>                     <\/li>\n\n\n\n<li><a href=\"https:\/\/ca.linkedin.com\/company\/efficiencymb\"><\/a><a href=\"https:\/\/ca.linkedin.com\/company\/efficiencymb\"><\/a><a href=\"https:\/\/ca.linkedin.com\/company\/efficiencymb\"><\/a>                         <a class=\"social-icon icon-youtube-green square\" href=\"https:\/\/ca.linkedin.com\/company\/efficiencymb\"><\/a>                         <a href=\"https:\/\/www.youtube.com\/@efficiencyMB\" target=\"_blank\" rel=\"noreferrer noopener\">YouTube<\/a>                     <\/li>\n<\/ul>\n<\/div>\n\n\n\n<div class=\"wp-block-column is-layout-flow wp-block-column-is-layout-flow\"><div class=\"wp-block-image\">\n<figure class=\"aligncenter size-thumbnail\"><img decoding=\"async\" src=\"https:\/\/efficiencymb.ca\/wp-content\/uploads\/ic-circle-xl-laptop@2x-150x150.png\" alt=\"\" class=\"wp-image-3027\"\/><\/figure>\n<\/div>\n\n\n<h3 class=\"wp-block-heading has-text-align-center feature-title\">ENVOYEZ-NOUS UN COURRIEL<\/h3>\n\n\n\n<p class=\"has-text-align-center\"><a href=\"mailto:EnergyTeam@efficiencymb.ca\">Envoyez un courriel<\/a>&nbsp;\u00e0 notre \u00e9quipe si vous avez des questions sur l\u2019efficacit\u00e9 \u00e9nerg\u00e9tique.<\/p>\n<\/div>\n\n\n\n<div class=\"wp-block-column is-layout-flow wp-block-column-is-layout-flow\"><div class=\"wp-block-image\">\n<figure class=\"aligncenter size-thumbnail\"><img decoding=\"async\" src=\"https:\/\/efficiencymb.ca\/wp-content\/uploads\/ic-circle-xl-smartphone@2x-150x150.png\" alt=\"\" class=\"wp-image-573\"\/><\/figure>\n<\/div>\n\n\n<h3 class=\"wp-block-heading has-text-align-center feature-title\">APPELEZ-NOUS<\/h3>\n\n\n\n<p><strong>Vous voulez nous parler directement?<\/strong><\/p>\n\n\n\n<p>Appelez-nous. Nos heures d\u2019ouverture sont du lundi au vendredi, de 9&nbsp;h \u00e0 17&nbsp;h, sauf les jours f\u00e9ri\u00e9s.<\/p>\n\n\n\n<p>T\u00e9l\u00e9phone&nbsp;: <a href=\"tel:+12049448181\">204 944-8181<\/a><br>Num\u00e9ro sans frais : <br><a href=\"tel:+18449448181\">1 844 944-8181<\/a><\/p>\n<\/div>\n\n\n\n<div class=\"wp-block-column is-layout-flow wp-block-column-is-layout-flow\"><div class=\"wp-block-image\">\n<figure class=\"aligncenter size-full is-resized\"><img loading=\"lazy\" decoding=\"async\" width=\"150\" height=\"150\" src=\"https:\/\/efficiencymb.ca\/wp-content\/uploads\/chat-with-us-icon-150x150-01.png\" alt=\"\" class=\"wp-image-85834\" style=\"object-fit:cover;width:150px;height:150px\"\/><\/figure>\n<\/div>\n\n\n<h3 class=\"wp-block-heading has-text-align-center feature-title\">LE CLAVARDAGE EN DIRECT<\/h3>\n\n\n\n<p class=\"has-text-align-center\">Le clavardage en direct est offert du lundi au vendredi, de 9 h \u00e0 17 h, \u00e0 l\u2019exclusion des jours f\u00e9ri\u00e9s. Cliquez sur le bouton de clavardage ci-dessous pour amorcer une conversation.<\/p>\n<\/div>\n\n\n\n<div class=\"wp-block-column is-layout-flow wp-block-column-is-layout-flow\"><\/div>\n<\/div>\n<\/div><\/div>\n\n\n<div class=\"wp-block-image\">\n<figure class=\"aligncenter size-full is-resized\"><img loading=\"lazy\" decoding=\"async\" width=\"2000\" height=\"400\" src=\"https:\/\/efficiencymb.ca\/wp-content\/uploads\/bg-slant-left-light-grey@2x.png\" alt=\"\" class=\"wp-image-577\" style=\"width:2000px;height:400px\" srcset=\"https:\/\/efficiencymb.ca\/wp-content\/uploads\/bg-slant-left-light-grey@2x.png 2000w, https:\/\/efficiencymb.ca\/wp-content\/uploads\/bg-slant-left-light-grey@2x-479x96.png 479w, https:\/\/efficiencymb.ca\/wp-content\/uploads\/bg-slant-left-light-grey@2x-1024x205.png 1024w, https:\/\/efficiencymb.ca\/wp-content\/uploads\/bg-slant-left-light-grey@2x-768x154.png 768w, https:\/\/efficiencymb.ca\/wp-content\/uploads\/bg-slant-left-light-grey@2x-1536x307.png 1536w\" sizes=\"auto, (max-width: 2000px) 100vw, 2000px\" \/><\/figure>\n<\/div>","protected":false},"excerpt":{"rendered":"<p>COMMUNIQUEZ AVEC NOUS SUIVEZ-NOUS Suivez-nous et joignez-vous \u00e0 la conversation.#efficiencyMB (en anglais) ENVOYEZ-NOUS UN COURRIEL Envoyez un courriel&nbsp;\u00e0 notre \u00e9quipe si vous avez des questions sur l\u2019efficacit\u00e9 \u00e9nerg\u00e9tique. APPELEZ-NOUS Vous voulez nous parler directement? Appelez-nous. Nos heures d\u2019ouverture sont du lundi au vendredi, de 9&nbsp;h \u00e0 17&nbsp;h, sauf les jours f\u00e9ri\u00e9s. T\u00e9l\u00e9phone&nbsp;: 204 944-8181Num\u00e9ro sanscontinue-reading<\/p>\n","protected":false},"author":10,"featured_media":688,"parent":0,"menu_order":0,"comment_status":"closed","ping_status":"closed","template":"","meta":{"_acf_changed":false,"footnotes":""},"class_list":["post-13872","page","type-page","status-publish","has-post-thumbnail","hentry"],"acf":[],"yoast_head":"<!-- This site is optimized with the Yoast SEO plugin v27.3 - https:\/\/yoast.com\/product\/yoast-seo-wordpress\/ -->\n<title>Se connecter &#8212; Efficiency Manitoba<\/title>\n<meta name=\"robots\" content=\"index, follow, max-snippet:-1, max-image-preview:large, max-video-preview:-1\" \/>\n<link rel=\"canonical\" href=\"https:\/\/efficiencymb.ca\/fr\/se-connecter\/\" \/>\n<meta property=\"og:locale\" content=\"fr_FR\" \/>\n<meta property=\"og:type\" content=\"article\" \/>\n<meta property=\"og:title\" content=\"Se connecter &#8212; Efficiency Manitoba\" \/>\n<meta property=\"og:description\" content=\"COMMUNIQUEZ AVEC NOUS SUIVEZ-NOUS Suivez-nous et joignez-vous \u00e0 la conversation.#efficiencyMB (en anglais) ENVOYEZ-NOUS UN COURRIEL Envoyez un courriel&nbsp;\u00e0 notre \u00e9quipe si vous avez des questions sur l\u2019efficacit\u00e9 \u00e9nerg\u00e9tique. APPELEZ-NOUS Vous voulez nous parler directement? Appelez-nous. Nos heures d\u2019ouverture sont du lundi au vendredi, de 9&nbsp;h \u00e0 17&nbsp;h, sauf les jours f\u00e9ri\u00e9s. T\u00e9l\u00e9phone&nbsp;: 204 944-8181Num\u00e9ro sanscontinue-reading\" \/>\n<meta property=\"og:url\" content=\"https:\/\/efficiencymb.ca\/fr\/se-connecter\/\" \/>\n<meta property=\"og:site_name\" content=\"Efficiency Manitoba\" \/>\n<meta property=\"article:modified_time\" content=\"2026-02-19T20:40:49+00:00\" \/>\n<meta property=\"og:image\" content=\"https:\/\/efficiencymb.ca\/wp-content\/uploads\/2020\/02\/banner-contact_2x.jpg\" \/>\n\t<meta property=\"og:image:width\" content=\"2400\" \/>\n\t<meta property=\"og:image:height\" content=\"1350\" \/>\n\t<meta property=\"og:image:type\" content=\"image\/jpeg\" \/>\n<meta name=\"twitter:card\" content=\"summary_large_image\" \/>\n<meta name=\"twitter:label1\" content=\"Dur\u00e9e de lecture estim\u00e9e\" \/>\n\t<meta name=\"twitter:data1\" content=\"2 minutes\" \/>\n<script type=\"application\/ld+json\" class=\"yoast-schema-graph\">{\"@context\":\"https:\\\/\\\/schema.org\",\"@graph\":[{\"@type\":\"WebPage\",\"@id\":\"https:\\\/\\\/efficiencymb.ca\\\/fr\\\/se-connecter\\\/\",\"url\":\"https:\\\/\\\/efficiencymb.ca\\\/fr\\\/se-connecter\\\/\",\"name\":\"Se connecter &#8212; Efficiency Manitoba\",\"isPartOf\":{\"@id\":\"https:\\\/\\\/efficiencymb.ca\\\/#website\"},\"primaryImageOfPage\":{\"@id\":\"https:\\\/\\\/efficiencymb.ca\\\/fr\\\/se-connecter\\\/#primaryimage\"},\"image\":{\"@id\":\"https:\\\/\\\/efficiencymb.ca\\\/fr\\\/se-connecter\\\/#primaryimage\"},\"thumbnailUrl\":\"https:\\\/\\\/efficiencymb.ca\\\/wp-content\\\/uploads\\\/2020\\\/02\\\/banner-contact_2x.jpg\",\"datePublished\":\"2020-02-25T03:26:10+00:00\",\"dateModified\":\"2026-02-19T20:40:49+00:00\",\"breadcrumb\":{\"@id\":\"https:\\\/\\\/efficiencymb.ca\\\/fr\\\/se-connecter\\\/#breadcrumb\"},\"inLanguage\":\"fr-FR\",\"potentialAction\":[{\"@type\":\"ReadAction\",\"target\":[\"https:\\\/\\\/efficiencymb.ca\\\/fr\\\/se-connecter\\\/\"]}]},{\"@type\":\"ImageObject\",\"inLanguage\":\"fr-FR\",\"@id\":\"https:\\\/\\\/efficiencymb.ca\\\/fr\\\/se-connecter\\\/#primaryimage\",\"url\":\"https:\\\/\\\/efficiencymb.ca\\\/wp-content\\\/uploads\\\/2020\\\/02\\\/banner-contact_2x.jpg\",\"contentUrl\":\"https:\\\/\\\/efficiencymb.ca\\\/wp-content\\\/uploads\\\/2020\\\/02\\\/banner-contact_2x.jpg\",\"width\":2400,\"height\":1350,\"caption\":\"Femme avec un caf\u00e9 debout dans un bureau\"},{\"@type\":\"BreadcrumbList\",\"@id\":\"https:\\\/\\\/efficiencymb.ca\\\/fr\\\/se-connecter\\\/#breadcrumb\",\"itemListElement\":[{\"@type\":\"ListItem\",\"position\":1,\"name\":\"Home\",\"item\":\"https:\\\/\\\/efficiencymb.ca\\\/fr\\\/\"},{\"@type\":\"ListItem\",\"position\":2,\"name\":\"Se connecter\"}]},{\"@type\":\"WebSite\",\"@id\":\"https:\\\/\\\/efficiencymb.ca\\\/#website\",\"url\":\"https:\\\/\\\/efficiencymb.ca\\\/\",\"name\":\"Efficiency Manitoba\",\"description\":\"\",\"publisher\":{\"@id\":\"https:\\\/\\\/efficiencymb.ca\\\/#organization\"},\"potentialAction\":[{\"@type\":\"SearchAction\",\"target\":{\"@type\":\"EntryPoint\",\"urlTemplate\":\"https:\\\/\\\/efficiencymb.ca\\\/?s={search_term_string}\"},\"query-input\":{\"@type\":\"PropertyValueSpecification\",\"valueRequired\":true,\"valueName\":\"search_term_string\"}}],\"inLanguage\":\"fr-FR\"},{\"@type\":\"Organization\",\"@id\":\"https:\\\/\\\/efficiencymb.ca\\\/#organization\",\"name\":\"Efficiency Manitoba\",\"url\":\"https:\\\/\\\/efficiencymb.ca\\\/\",\"logo\":{\"@type\":\"ImageObject\",\"inLanguage\":\"fr-FR\",\"@id\":\"https:\\\/\\\/efficiencymb.ca\\\/#\\\/schema\\\/logo\\\/image\\\/\",\"url\":\"https:\\\/\\\/efficiencymb.ca\\\/wp-content\\\/uploads\\\/em-logo-white-en.png\",\"contentUrl\":\"https:\\\/\\\/efficiencymb.ca\\\/wp-content\\\/uploads\\\/em-logo-white-en.png\",\"width\":388,\"height\":91,\"caption\":\"Efficiency Manitoba\"},\"image\":{\"@id\":\"https:\\\/\\\/efficiencymb.ca\\\/#\\\/schema\\\/logo\\\/image\\\/\"}}]}<\/script>\n<!-- \/ Yoast SEO plugin. -->","yoast_head_json":{"title":"Se connecter &#8212; Efficiency Manitoba","robots":{"index":"index","follow":"follow","max-snippet":"max-snippet:-1","max-image-preview":"max-image-preview:large","max-video-preview":"max-video-preview:-1"},"canonical":"https:\/\/efficiencymb.ca\/fr\/se-connecter\/","og_locale":"fr_FR","og_type":"article","og_title":"Se connecter &#8212; Efficiency Manitoba","og_description":"COMMUNIQUEZ AVEC NOUS SUIVEZ-NOUS Suivez-nous et joignez-vous \u00e0 la conversation.#efficiencyMB (en anglais) ENVOYEZ-NOUS UN COURRIEL Envoyez un courriel&nbsp;\u00e0 notre \u00e9quipe si vous avez des questions sur l\u2019efficacit\u00e9 \u00e9nerg\u00e9tique. APPELEZ-NOUS Vous voulez nous parler directement? Appelez-nous. Nos heures d\u2019ouverture sont du lundi au vendredi, de 9&nbsp;h \u00e0 17&nbsp;h, sauf les jours f\u00e9ri\u00e9s. T\u00e9l\u00e9phone&nbsp;: 204 944-8181Num\u00e9ro sanscontinue-reading","og_url":"https:\/\/efficiencymb.ca\/fr\/se-connecter\/","og_site_name":"Efficiency Manitoba","article_modified_time":"2026-02-19T20:40:49+00:00","og_image":[{"width":2400,"height":1350,"url":"https:\/\/efficiencymb.ca\/wp-content\/uploads\/2020\/02\/banner-contact_2x.jpg","type":"image\/jpeg"}],"twitter_card":"summary_large_image","twitter_misc":{"Dur\u00e9e de lecture estim\u00e9e":"2 minutes"},"schema":{"@context":"https:\/\/schema.org","@graph":[{"@type":"WebPage","@id":"https:\/\/efficiencymb.ca\/fr\/se-connecter\/","url":"https:\/\/efficiencymb.ca\/fr\/se-connecter\/","name":"Se connecter &#8212; Efficiency Manitoba","isPartOf":{"@id":"https:\/\/efficiencymb.ca\/#website"},"primaryImageOfPage":{"@id":"https:\/\/efficiencymb.ca\/fr\/se-connecter\/#primaryimage"},"image":{"@id":"https:\/\/efficiencymb.ca\/fr\/se-connecter\/#primaryimage"},"thumbnailUrl":"https:\/\/efficiencymb.ca\/wp-content\/uploads\/2020\/02\/banner-contact_2x.jpg","datePublished":"2020-02-25T03:26:10+00:00","dateModified":"2026-02-19T20:40:49+00:00","breadcrumb":{"@id":"https:\/\/efficiencymb.ca\/fr\/se-connecter\/#breadcrumb"},"inLanguage":"fr-FR","potentialAction":[{"@type":"ReadAction","target":["https:\/\/efficiencymb.ca\/fr\/se-connecter\/"]}]},{"@type":"ImageObject","inLanguage":"fr-FR","@id":"https:\/\/efficiencymb.ca\/fr\/se-connecter\/#primaryimage","url":"https:\/\/efficiencymb.ca\/wp-content\/uploads\/2020\/02\/banner-contact_2x.jpg","contentUrl":"https:\/\/efficiencymb.ca\/wp-content\/uploads\/2020\/02\/banner-contact_2x.jpg","width":2400,"height":1350,"caption":"Femme avec un caf\u00e9 debout dans un bureau"},{"@type":"BreadcrumbList","@id":"https:\/\/efficiencymb.ca\/fr\/se-connecter\/#breadcrumb","itemListElement":[{"@type":"ListItem","position":1,"name":"Home","item":"https:\/\/efficiencymb.ca\/fr\/"},{"@type":"ListItem","position":2,"name":"Se connecter"}]},{"@type":"WebSite","@id":"https:\/\/efficiencymb.ca\/#website","url":"https:\/\/efficiencymb.ca\/","name":"Efficiency Manitoba","description":"","publisher":{"@id":"https:\/\/efficiencymb.ca\/#organization"},"potentialAction":[{"@type":"SearchAction","target":{"@type":"EntryPoint","urlTemplate":"https:\/\/efficiencymb.ca\/?s={search_term_string}"},"query-input":{"@type":"PropertyValueSpecification","valueRequired":true,"valueName":"search_term_string"}}],"inLanguage":"fr-FR"},{"@type":"Organization","@id":"https:\/\/efficiencymb.ca\/#organization","name":"Efficiency Manitoba","url":"https:\/\/efficiencymb.ca\/","logo":{"@type":"ImageObject","inLanguage":"fr-FR","@id":"https:\/\/efficiencymb.ca\/#\/schema\/logo\/image\/","url":"https:\/\/efficiencymb.ca\/wp-content\/uploads\/em-logo-white-en.png","contentUrl":"https:\/\/efficiencymb.ca\/wp-content\/uploads\/em-logo-white-en.png","width":388,"height":91,"caption":"Efficiency Manitoba"},"image":{"@id":"https:\/\/efficiencymb.ca\/#\/schema\/logo\/image\/"}}]}},"_links":{"self":[{"href":"https:\/\/efficiencymb.ca\/fr\/wp-json\/wp\/v2\/pages\/13872","targetHints":{"allow":["GET"]}}],"collection":[{"href":"https:\/\/efficiencymb.ca\/fr\/wp-json\/wp\/v2\/pages"}],"about":[{"href":"https:\/\/efficiencymb.ca\/fr\/wp-json\/wp\/v2\/types\/page"}],"author":[{"embeddable":true,"href":"https:\/\/efficiencymb.ca\/fr\/wp-json\/wp\/v2\/users\/10"}],"replies":[{"embeddable":true,"href":"https:\/\/efficiencymb.ca\/fr\/wp-json\/wp\/v2\/comments?post=13872"}],"version-history":[{"count":26,"href":"https:\/\/efficiencymb.ca\/fr\/wp-json\/wp\/v2\/pages\/13872\/revisions"}],"predecessor-version":[{"id":85857,"href":"https:\/\/efficiencymb.ca\/fr\/wp-json\/wp\/v2\/pages\/13872\/revisions\/85857"}],"wp:featuredmedia":[{"embeddable":true,"href":"https:\/\/efficiencymb.ca\/fr\/wp-json\/wp\/v2\/media\/688"}],"wp:attachment":[{"href":"https:\/\/efficiencymb.ca\/fr\/wp-json\/wp\/v2\/media?parent=13872"}],"curies":[{"name":"wp","href":"https:\/\/api.w.org\/{rel}","templated":true}]}}