{"id":13831,"date":"2021-03-01T15:54:59","date_gmt":"2021-03-01T21:54:59","guid":{"rendered":"https:\/\/efficiencymb.ca\/publicmeeting\/"},"modified":"2026-01-06T08:23:58","modified_gmt":"2026-01-06T14:23:58","slug":"publicmeeting","status":"publish","type":"page","link":"https:\/\/efficiencymb.ca\/fr\/publicmeeting\/","title":{"rendered":"Assembl\u00e9e Publique Annuelle\u00a02025"},"content":{"rendered":"\n<div class=\"wp-block-group is-style-content-wide\"><div class=\"wp-block-group__inner-container is-layout-flow wp-block-group-is-layout-flow\">\n<h2 class=\"wp-block-heading has-text-align-center\">Visionnez notre assembl\u00e9e publique annuelle<\/h2>\n\n\n\n<div style=\"height:15px\" aria-hidden=\"true\" class=\"wp-block-spacer\"><\/div>\n\n\n\n<p class=\"has-text-align-center has-medium-font-size\">Chaque ann\u00e9e, Efficacit\u00e9 Manitoba organise une assembl\u00e9e publique afin de donner l\u2019occasion \u00e0 la population manitobaine d\u2019en apprendre davantage sur notre travail et de fournir des commentaires.<\/p>\n\n\n\n<p class=\"has-text-align-center has-medium-font-size\">Les \u00e9l\u00e9ments cl\u00e9s de la vid\u00e9o de cette ann\u00e9e sont les suivants :&nbsp;&nbsp;<\/p>\n\n\n\n<ul class=\"wp-block-list is-style-small\">\n<li class=\"has-medium-font-size\">les r\u00e9sultats, les r\u00e9alisations et les faits saillants du plus r\u00e9cent exercice financier;&nbsp;<\/li>\n\n\n\n<li class=\"has-medium-font-size\">des renseignements d\u00e9taill\u00e9s au sujet de nos programmes et de nos remises;&nbsp;<\/li>\n\n\n\n<li class=\"has-medium-font-size\">les plans et les priorit\u00e9s pour le prochain exercice financier;&nbsp;<\/li>\n\n\n\n<li class=\"has-medium-font-size\">les r\u00e9ponses \u00e0 des questions pos\u00e9es par des Manitobains et des Manitobaines.&nbsp;<\/li>\n<\/ul>\n\n\n\n<figure class=\"wp-block-embed aligncenter is-type-video is-provider-youtube wp-block-embed-youtube wp-embed-aspect-16-9 wp-has-aspect-ratio\"><div class=\"wp-block-embed__wrapper\">\n<iframe loading=\"lazy\" title=\"Youtube Video: Efficiency Manitoba&#039;s 2025 annual public meeting\" width=\"640\" height=\"360\" src=\"https:\/\/www.youtube.com\/embed\/qxPAUs6GFv0?feature=oembed&#038;disablekb=1&#038;\" frameborder=\"0\" allow=\"accelerometer; autoplay; clipboard-write; encrypted-media; gyroscope; picture-in-picture; web-share\" referrerpolicy=\"strict-origin-when-cross-origin\" allowfullscreen><\/iframe>\n<\/div><\/figure>\n\n\n\n<div style=\"height:50px\" aria-hidden=\"true\" class=\"wp-block-spacer\"><\/div>\n\n\n\n<h2 class=\"wp-block-heading has-text-align-center\"><\/h2>\n\n\n\n<p class=\"has-text-align-center has-medium-font-size\">N\u2019h\u00e9sitez pas \u00e0 nous envoyer un courriel \u00e0 l\u2019adresse <a href=\"mailto:energyteam@efficiencyMB.ca\" target=\"_blank\" rel=\"noreferrer noopener\">energyteam@efficiencyMB.ca<\/a> si vous avez des questions au sujet de notre assembl\u00e9e publique annuelle.\u202f&nbsp;<\/p>\n<\/div><\/div>\n\n\n\n<figure class=\"wp-block-image size-full\"><img loading=\"lazy\" decoding=\"async\" width=\"2000\" height=\"400\" src=\"https:\/\/efficiencymb.ca\/wp-content\/uploads\/bg-bottom-only-blue-green@2x.png\" alt=\"\" class=\"wp-image-829\" srcset=\"https:\/\/efficiencymb.ca\/wp-content\/uploads\/bg-bottom-only-blue-green@2x.png 2000w, https:\/\/efficiencymb.ca\/wp-content\/uploads\/bg-bottom-only-blue-green@2x-479x96.png 479w, https:\/\/efficiencymb.ca\/wp-content\/uploads\/bg-bottom-only-blue-green@2x-1024x205.png 1024w, https:\/\/efficiencymb.ca\/wp-content\/uploads\/bg-bottom-only-blue-green@2x-768x154.png 768w, https:\/\/efficiencymb.ca\/wp-content\/uploads\/bg-bottom-only-blue-green@2x-1536x307.png 1536w\" sizes=\"auto, (max-width: 2000px) 100vw, 2000px\" \/><\/figure>\n","protected":false},"excerpt":{"rendered":"<p>Visionnez notre assembl\u00e9e publique annuelle Chaque ann\u00e9e, Efficacit\u00e9 Manitoba organise une assembl\u00e9e publique afin de donner l\u2019occasion \u00e0 la population manitobaine d\u2019en apprendre davantage sur notre travail et de fournir des commentaires. Les \u00e9l\u00e9ments cl\u00e9s de la vid\u00e9o de cette ann\u00e9e sont les suivants :&nbsp;&nbsp; N\u2019h\u00e9sitez pas \u00e0 nous envoyer un courriel \u00e0 l\u2019adresse energyteam@efficiencyMB.cacontinue-reading<\/p>\n","protected":false},"author":6,"featured_media":8314,"parent":0,"menu_order":0,"comment_status":"closed","ping_status":"closed","template":"","meta":{"_acf_changed":false,"footnotes":""},"class_list":["post-13831","page","type-page","status-publish","has-post-thumbnail","hentry"],"acf":[],"yoast_head":"<!-- This site is optimized with the Yoast SEO plugin v27.3 - https:\/\/yoast.com\/product\/yoast-seo-wordpress\/ -->\n<title>Assembl\u00e9e Publique Annuelle\u00a02025 &#8212; Efficiency Manitoba<\/title>\n<meta name=\"description\" content=\"We\u2019re excited to hold our annual public meeting on Wednesday, October 12 from 7:00 p.m. to 8:00 p.m. This meeting, which will be hosted virtually, is a great way for you to learn more about Efficiency Manitoba.\" \/>\n<meta name=\"robots\" content=\"index, follow, max-snippet:-1, max-image-preview:large, max-video-preview:-1\" \/>\n<link rel=\"canonical\" href=\"https:\/\/efficiencymb.ca\/fr\/publicmeeting\/\" \/>\n<meta property=\"og:locale\" content=\"fr_FR\" \/>\n<meta property=\"og:type\" content=\"article\" \/>\n<meta property=\"og:title\" content=\"Assembl\u00e9e Publique Annuelle\u00a02025 &#8212; Efficiency Manitoba\" \/>\n<meta property=\"og:description\" content=\"We\u2019re excited to hold our annual public meeting on Wednesday, October 12 from 7:00 p.m. to 8:00 p.m. This meeting, which will be hosted virtually, is a great way for you to learn more about Efficiency Manitoba.\" \/>\n<meta property=\"og:url\" content=\"https:\/\/efficiencymb.ca\/fr\/publicmeeting\/\" \/>\n<meta property=\"og:site_name\" content=\"Efficiency Manitoba\" \/>\n<meta property=\"article:modified_time\" content=\"2026-01-06T14:23:58+00:00\" \/>\n<meta property=\"og:image\" content=\"https:\/\/efficiencymb.ca\/wp-content\/uploads\/GettyImages-1217123258-scaled.jpg\" \/>\n\t<meta property=\"og:image:width\" content=\"6720\" \/>\n\t<meta property=\"og:image:height\" content=\"4480\" \/>\n\t<meta property=\"og:image:type\" content=\"image\/jpeg\" \/>\n<meta name=\"twitter:card\" content=\"summary_large_image\" \/>\n<meta name=\"twitter:label1\" content=\"Dur\u00e9e de lecture estim\u00e9e\" \/>\n\t<meta name=\"twitter:data1\" content=\"1 minute\" \/>\n<script type=\"application\/ld+json\" class=\"yoast-schema-graph\">{\"@context\":\"https:\\\/\\\/schema.org\",\"@graph\":[{\"@type\":\"WebPage\",\"@id\":\"https:\\\/\\\/efficiencymb.ca\\\/fr\\\/publicmeeting\\\/\",\"url\":\"https:\\\/\\\/efficiencymb.ca\\\/fr\\\/publicmeeting\\\/\",\"name\":\"Assembl\u00e9e Publique Annuelle\u00a02025 &#8212; Efficiency Manitoba\",\"isPartOf\":{\"@id\":\"https:\\\/\\\/efficiencymb.ca\\\/#website\"},\"primaryImageOfPage\":{\"@id\":\"https:\\\/\\\/efficiencymb.ca\\\/fr\\\/publicmeeting\\\/#primaryimage\"},\"image\":{\"@id\":\"https:\\\/\\\/efficiencymb.ca\\\/fr\\\/publicmeeting\\\/#primaryimage\"},\"thumbnailUrl\":\"https:\\\/\\\/efficiencymb.ca\\\/wp-content\\\/uploads\\\/GettyImages-1217123258-scaled.jpg\",\"datePublished\":\"2021-03-01T21:54:59+00:00\",\"dateModified\":\"2026-01-06T14:23:58+00:00\",\"description\":\"We\u2019re excited to hold our annual public meeting on Wednesday, October 12 from 7:00 p.m. to 8:00 p.m. This meeting, which will be hosted virtually, is a great way for you to learn more about Efficiency Manitoba.\",\"breadcrumb\":{\"@id\":\"https:\\\/\\\/efficiencymb.ca\\\/fr\\\/publicmeeting\\\/#breadcrumb\"},\"inLanguage\":\"fr-FR\",\"potentialAction\":[{\"@type\":\"ReadAction\",\"target\":[\"https:\\\/\\\/efficiencymb.ca\\\/fr\\\/publicmeeting\\\/\"]}]},{\"@type\":\"ImageObject\",\"inLanguage\":\"fr-FR\",\"@id\":\"https:\\\/\\\/efficiencymb.ca\\\/fr\\\/publicmeeting\\\/#primaryimage\",\"url\":\"https:\\\/\\\/efficiencymb.ca\\\/wp-content\\\/uploads\\\/GettyImages-1217123258-scaled.jpg\",\"contentUrl\":\"https:\\\/\\\/efficiencymb.ca\\\/wp-content\\\/uploads\\\/GettyImages-1217123258-scaled.jpg\",\"width\":6720,\"height\":4480,\"caption\":\"Woman working at home having a video conference with colleagues\"},{\"@type\":\"BreadcrumbList\",\"@id\":\"https:\\\/\\\/efficiencymb.ca\\\/fr\\\/publicmeeting\\\/#breadcrumb\",\"itemListElement\":[{\"@type\":\"ListItem\",\"position\":1,\"name\":\"Home\",\"item\":\"https:\\\/\\\/efficiencymb.ca\\\/fr\\\/\"},{\"@type\":\"ListItem\",\"position\":2,\"name\":\"Assembl\u00e9e Publique Annuelle\u00a02025\"}]},{\"@type\":\"WebSite\",\"@id\":\"https:\\\/\\\/efficiencymb.ca\\\/#website\",\"url\":\"https:\\\/\\\/efficiencymb.ca\\\/\",\"name\":\"Efficiency Manitoba\",\"description\":\"\",\"publisher\":{\"@id\":\"https:\\\/\\\/efficiencymb.ca\\\/#organization\"},\"potentialAction\":[{\"@type\":\"SearchAction\",\"target\":{\"@type\":\"EntryPoint\",\"urlTemplate\":\"https:\\\/\\\/efficiencymb.ca\\\/?s={search_term_string}\"},\"query-input\":{\"@type\":\"PropertyValueSpecification\",\"valueRequired\":true,\"valueName\":\"search_term_string\"}}],\"inLanguage\":\"fr-FR\"},{\"@type\":\"Organization\",\"@id\":\"https:\\\/\\\/efficiencymb.ca\\\/#organization\",\"name\":\"Efficiency Manitoba\",\"url\":\"https:\\\/\\\/efficiencymb.ca\\\/\",\"logo\":{\"@type\":\"ImageObject\",\"inLanguage\":\"fr-FR\",\"@id\":\"https:\\\/\\\/efficiencymb.ca\\\/#\\\/schema\\\/logo\\\/image\\\/\",\"url\":\"https:\\\/\\\/efficiencymb.ca\\\/wp-content\\\/uploads\\\/em-logo-white-en.png\",\"contentUrl\":\"https:\\\/\\\/efficiencymb.ca\\\/wp-content\\\/uploads\\\/em-logo-white-en.png\",\"width\":388,\"height\":91,\"caption\":\"Efficiency Manitoba\"},\"image\":{\"@id\":\"https:\\\/\\\/efficiencymb.ca\\\/#\\\/schema\\\/logo\\\/image\\\/\"}}]}<\/script>\n<!-- \/ Yoast SEO plugin. -->","yoast_head_json":{"title":"Assembl\u00e9e Publique Annuelle\u00a02025 &#8212; Efficiency Manitoba","description":"We\u2019re excited to hold our annual public meeting on Wednesday, October 12 from 7:00 p.m. to 8:00 p.m. This meeting, which will be hosted virtually, is a great way for you to learn more about Efficiency Manitoba.","robots":{"index":"index","follow":"follow","max-snippet":"max-snippet:-1","max-image-preview":"max-image-preview:large","max-video-preview":"max-video-preview:-1"},"canonical":"https:\/\/efficiencymb.ca\/fr\/publicmeeting\/","og_locale":"fr_FR","og_type":"article","og_title":"Assembl\u00e9e Publique Annuelle\u00a02025 &#8212; Efficiency Manitoba","og_description":"We\u2019re excited to hold our annual public meeting on Wednesday, October 12 from 7:00 p.m. to 8:00 p.m. This meeting, which will be hosted virtually, is a great way for you to learn more about Efficiency Manitoba.","og_url":"https:\/\/efficiencymb.ca\/fr\/publicmeeting\/","og_site_name":"Efficiency Manitoba","article_modified_time":"2026-01-06T14:23:58+00:00","og_image":[{"width":6720,"height":4480,"url":"https:\/\/efficiencymb.ca\/wp-content\/uploads\/GettyImages-1217123258-scaled.jpg","type":"image\/jpeg"}],"twitter_card":"summary_large_image","twitter_misc":{"Dur\u00e9e de lecture estim\u00e9e":"1 minute"},"schema":{"@context":"https:\/\/schema.org","@graph":[{"@type":"WebPage","@id":"https:\/\/efficiencymb.ca\/fr\/publicmeeting\/","url":"https:\/\/efficiencymb.ca\/fr\/publicmeeting\/","name":"Assembl\u00e9e Publique Annuelle\u00a02025 &#8212; Efficiency Manitoba","isPartOf":{"@id":"https:\/\/efficiencymb.ca\/#website"},"primaryImageOfPage":{"@id":"https:\/\/efficiencymb.ca\/fr\/publicmeeting\/#primaryimage"},"image":{"@id":"https:\/\/efficiencymb.ca\/fr\/publicmeeting\/#primaryimage"},"thumbnailUrl":"https:\/\/efficiencymb.ca\/wp-content\/uploads\/GettyImages-1217123258-scaled.jpg","datePublished":"2021-03-01T21:54:59+00:00","dateModified":"2026-01-06T14:23:58+00:00","description":"We\u2019re excited to hold our annual public meeting on Wednesday, October 12 from 7:00 p.m. to 8:00 p.m. This meeting, which will be hosted virtually, is a great way for you to learn more about Efficiency Manitoba.","breadcrumb":{"@id":"https:\/\/efficiencymb.ca\/fr\/publicmeeting\/#breadcrumb"},"inLanguage":"fr-FR","potentialAction":[{"@type":"ReadAction","target":["https:\/\/efficiencymb.ca\/fr\/publicmeeting\/"]}]},{"@type":"ImageObject","inLanguage":"fr-FR","@id":"https:\/\/efficiencymb.ca\/fr\/publicmeeting\/#primaryimage","url":"https:\/\/efficiencymb.ca\/wp-content\/uploads\/GettyImages-1217123258-scaled.jpg","contentUrl":"https:\/\/efficiencymb.ca\/wp-content\/uploads\/GettyImages-1217123258-scaled.jpg","width":6720,"height":4480,"caption":"Woman working at home having a video conference with colleagues"},{"@type":"BreadcrumbList","@id":"https:\/\/efficiencymb.ca\/fr\/publicmeeting\/#breadcrumb","itemListElement":[{"@type":"ListItem","position":1,"name":"Home","item":"https:\/\/efficiencymb.ca\/fr\/"},{"@type":"ListItem","position":2,"name":"Assembl\u00e9e Publique Annuelle\u00a02025"}]},{"@type":"WebSite","@id":"https:\/\/efficiencymb.ca\/#website","url":"https:\/\/efficiencymb.ca\/","name":"Efficiency Manitoba","description":"","publisher":{"@id":"https:\/\/efficiencymb.ca\/#organization"},"potentialAction":[{"@type":"SearchAction","target":{"@type":"EntryPoint","urlTemplate":"https:\/\/efficiencymb.ca\/?s={search_term_string}"},"query-input":{"@type":"PropertyValueSpecification","valueRequired":true,"valueName":"search_term_string"}}],"inLanguage":"fr-FR"},{"@type":"Organization","@id":"https:\/\/efficiencymb.ca\/#organization","name":"Efficiency Manitoba","url":"https:\/\/efficiencymb.ca\/","logo":{"@type":"ImageObject","inLanguage":"fr-FR","@id":"https:\/\/efficiencymb.ca\/#\/schema\/logo\/image\/","url":"https:\/\/efficiencymb.ca\/wp-content\/uploads\/em-logo-white-en.png","contentUrl":"https:\/\/efficiencymb.ca\/wp-content\/uploads\/em-logo-white-en.png","width":388,"height":91,"caption":"Efficiency Manitoba"},"image":{"@id":"https:\/\/efficiencymb.ca\/#\/schema\/logo\/image\/"}}]}},"_links":{"self":[{"href":"https:\/\/efficiencymb.ca\/fr\/wp-json\/wp\/v2\/pages\/13831","targetHints":{"allow":["GET"]}}],"collection":[{"href":"https:\/\/efficiencymb.ca\/fr\/wp-json\/wp\/v2\/pages"}],"about":[{"href":"https:\/\/efficiencymb.ca\/fr\/wp-json\/wp\/v2\/types\/page"}],"author":[{"embeddable":true,"href":"https:\/\/efficiencymb.ca\/fr\/wp-json\/wp\/v2\/users\/6"}],"replies":[{"embeddable":true,"href":"https:\/\/efficiencymb.ca\/fr\/wp-json\/wp\/v2\/comments?post=13831"}],"version-history":[{"count":24,"href":"https:\/\/efficiencymb.ca\/fr\/wp-json\/wp\/v2\/pages\/13831\/revisions"}],"predecessor-version":[{"id":84504,"href":"https:\/\/efficiencymb.ca\/fr\/wp-json\/wp\/v2\/pages\/13831\/revisions\/84504"}],"wp:featuredmedia":[{"embeddable":true,"href":"https:\/\/efficiencymb.ca\/fr\/wp-json\/wp\/v2\/media\/8314"}],"wp:attachment":[{"href":"https:\/\/efficiencymb.ca\/fr\/wp-json\/wp\/v2\/media?parent=13831"}],"curies":[{"name":"wp","href":"https:\/\/api.w.org\/{rel}","templated":true}]}}