{"id":13656,"date":"2020-04-30T21:10:42","date_gmt":"2020-04-30T21:10:42","guid":{"rendered":"https:\/\/efficiencymb.ca\/my-home\/for-builders\/apply\/"},"modified":"2023-06-19T10:27:03","modified_gmt":"2023-06-19T15:27:03","slug":"remplissez-votre-demand","status":"publish","type":"page","link":"https:\/\/efficiencymb.ca\/fr\/ma-maison\/programme-de-maisons-neuves-pour-les-constructeurs\/remplissez-votre-demand\/","title":{"rendered":"Remplissez votre demande d\u00e8s maintenant \u2014 Programme de maisons neuves pour les constructeurs"},"content":{"rendered":"\n<div class=\"wp-block-group is-style-content\"><div class=\"wp-block-group__inner-container is-layout-flow wp-block-group-is-layout-flow\">\n<h1 class=\"wp-block-heading has-text-align-center is-style-hero-heading\">Remplissez votre demande d\u00e8s maintenant<\/h1>\n\n\n\n<h2 class=\"wp-block-heading has-text-align-center is-style-hero-heading-grey\">Programme de maisons neuves pour les constructeurs<\/h2>\n\n\n\n<h3 class=\"wp-block-heading has-text-align-center is-style-hero-heading-grey has-text-color\" style=\"color:#59595b\"><strong>Obtenez de l\u2019aide \u00e0 la conception et remplissez facilement votre demande<\/strong><\/h3>\n\n\n\n<p class=\"has-text-align-center has-medium-font-size\">Construisez intelligemment d\u00e8s le d\u00e9part gr\u00e2ce \u00e0 des remises qui couvrent les co\u00fbts de conception, de consultation et de mod\u00e9lisation \u00e9nerg\u00e9tiques!<\/p>\n<\/div><\/div>\n\n\n\n<figure class=\"wp-block-image size-full slant\"><img loading=\"lazy\" decoding=\"async\" width=\"2000\" height=\"400\" src=\"https:\/\/efficiencymb.ca\/wp-content\/uploads\/bg-two-tone-green@2x.png\" alt=\"\" class=\"wp-image-592\" srcset=\"https:\/\/efficiencymb.ca\/wp-content\/uploads\/bg-two-tone-green@2x.png 2000w, https:\/\/efficiencymb.ca\/wp-content\/uploads\/bg-two-tone-green@2x-479x96.png 479w, https:\/\/efficiencymb.ca\/wp-content\/uploads\/bg-two-tone-green@2x-1024x205.png 1024w, https:\/\/efficiencymb.ca\/wp-content\/uploads\/bg-two-tone-green@2x-768x154.png 768w, https:\/\/efficiencymb.ca\/wp-content\/uploads\/bg-two-tone-green@2x-1536x307.png 1536w\" sizes=\"auto, (max-width: 2000px) 100vw, 2000px\" \/><\/figure>\n\n\n\n<div class=\"wp-block-group has-background\" style=\"background-color:#f4f3f3\"><div class=\"wp-block-group__inner-container is-layout-flow wp-block-group-is-layout-flow\">\n<h2 class=\"wp-block-heading has-text-align-center is-style-hero-heading\"><strong><strong>Comment participer<\/strong><\/strong><\/h2>\n\n\n\n<ol class=\"iconic-list large\">\n<li>\n<h3><strong>CHOISISSEZ<\/strong> VOTRE M\u00c9THODE<\/h3>\n<p>Vous pouvez choisir les <a href=\"https:\/\/efficiencymb.ca\/fr\/ma-maison\/programme-de-maisons-neuves-pour-les-constructeurs\/methode-prescriptive\/\">dix mises \u00e0 niveau obligatoires<\/a> dans la m\u00e9thode prescriptive ou travailler avec un mod\u00e9lisateur \u00e9nerg\u00e9tique pour une approche plus personnalis\u00e9e dans la m\u00e9thode de performance.<\/p>\n<ol class=\"iconic-list large\">\n<li>\n<h3><strong>CONCEVEZ<\/strong> VOTRE PROJET ET FAITES UNE DEMANDE<\/h3>\n<p>Concevez votre projet conform\u00e9ment \u00e0 la norme technique de la m\u00e9thode prescriptive, ou travaillez avec un mod\u00e9lisateur \u00e9nerg\u00e9tique pour une approche plus personnalis\u00e9e dans le cadre de la m\u00e9thode de performance. Faites votre demande en ligne et assurez-vous d\u2019inclure les dessins de conception avant le d\u00e9but des travaux importants du projet.<br \/><a href=\"https:\/\/nhpperf.visiondsm.com\/programapplication\/?ft=E366BEAA2AD14D6EA75832AC841ECF74\" target=\"_blank\" rel=\"noreferrer noopener\">Formulaire de demande pour la m\u00e9thode de performance<\/a> <em data-rich-text-format-boundary=\"true\">(en anglais)<\/em><br \/><a href=\"https:\/\/nhppres.visiondsm.com\/programapplication\/?ft=F0B1CA07486E4203B0971BC64EA2FEDD\" target=\"_blank\" rel=\"noreferrer noopener\">Formulaire de demande pour la m\u00e9thode prescriptive<\/a> <em data-rich-text-format-boundary=\"true\">(en anglais)<\/em><\/p>\n<\/li>\n<\/ol>\n<\/li>\n<li>\n<h3><strong>R\u00c9SERVEZ<\/strong> UNE \u00c9VALUATION FINALE ET OBTENEZ VOTRE REMISE<\/h3>\n<p>Lorsque la maison est termin\u00e9e, soumettez les documents d\u2019ach\u00e8vement. Nous communiquerons avec vous pour planifier gratuitement votre \u00e9valuation \u00e0 domicile et votre test d\u2019\u00e9tanch\u00e9it\u00e9 \u00e0 l\u2019air par un tiers. Vous recevrez une certification officielle et votre remise peu apr\u00e8s notre visite.<br \/><a href=\"https:\/\/efficiencymb.ca\/fr\/efm59-031120_nhp_performance_path_completion_declaration_fnl-2\/\" target=\"_blank\" rel=\"noreferrer noopener\" data-rich-text-format-boundary=\"true\">D\u00e9claration d\u2019ach\u00e8vement de la m\u00e9thode de performance<\/a> (en anglais)<br \/><a href=\"https:\/\/efficiencymb.ca\/fr\/efm59-031120_nhp_prescriptive_path_completion_declaration_fnl-2\/\" target=\"_blank\" rel=\"noreferrer noopener\">D\u00e9claration d\u2019ach\u00e8vement de la m\u00e9thode prescriptive<\/a> (en anglais)<\/p>\n<\/li>\n<\/ol>\n\n\n\n<div style=\"height:50px\" aria-hidden=\"true\" class=\"wp-block-spacer\"><\/div>\n<\/div><\/div>\n\n\n\n<figure class=\"wp-block-image size-full slant\"><img loading=\"lazy\" decoding=\"async\" width=\"2000\" height=\"400\" src=\"https:\/\/efficiencymb.ca\/wp-content\/uploads\/bg-two-tone-green-bottom@2x.png\" alt=\"\" class=\"wp-image-609\" srcset=\"https:\/\/efficiencymb.ca\/wp-content\/uploads\/bg-two-tone-green-bottom@2x.png 2000w, https:\/\/efficiencymb.ca\/wp-content\/uploads\/bg-two-tone-green-bottom@2x-479x96.png 479w, https:\/\/efficiencymb.ca\/wp-content\/uploads\/bg-two-tone-green-bottom@2x-1024x205.png 1024w, https:\/\/efficiencymb.ca\/wp-content\/uploads\/bg-two-tone-green-bottom@2x-768x154.png 768w, https:\/\/efficiencymb.ca\/wp-content\/uploads\/bg-two-tone-green-bottom@2x-1536x307.png 1536w\" sizes=\"auto, (max-width: 2000px) 100vw, 2000px\" \/><\/figure>\n\n\n\n<div class=\"wp-block-group is-style-content\"><div class=\"wp-block-group__inner-container is-layout-flow wp-block-group-is-layout-flow\">\n<h2 class=\"wp-block-heading has-text-align-center is-style-hero-heading\">M\u00e9thode de performance<\/h2>\n\n\n\n<h3 class=\"wp-block-heading has-text-align-center is-style-hero-heading-grey\">Recevez une remise fond\u00e9e sur la performance jusqu\u2019\u00e0 concurrence de 12\u2009000 $!<\/h3>\n\n\n\n<p>Avant de soumettre votre formulaire de demande, vous devrez faire mod\u00e9liser votre projet par un conseiller en efficacit\u00e9 \u00e9nerg\u00e9tique agr\u00e9\u00e9 \u00e0 l\u2019aide du logiciel HOT2000, conform\u00e9ment au Syst\u00e8me de cote \u00c9nerGuide de Ressources naturelles Canada.<\/p>\n\n\n<div class=\"theme-button wp-block-button aligncenter\">\r\n\t<a  class=\"wp-block-button__link has-background no-border-radius button cta button-large\" href=\"https:\/\/nhpperf.visiondsm.com\/PROGRAMAPPLICATION\/?FT=E366BEAA2AD14D6EA75832AC841ECF74\"><strong>REMPLISSEZ VOTRE DEMANDE D\u00c8S MAINTENANT<\/strong><br>M\u00c9THODE DE PERFORMANCE<\/a>\r\n<\/div>\n\n\n<p class=\"has-text-align-center\"><em>(en anglais)<\/em><\/p>\n\n\n\n<div style=\"height:20px\" aria-hidden=\"true\" class=\"wp-block-spacer\"><\/div>\n\n\n\n<h2 class=\"wp-block-heading has-text-align-center is-style-hero-heading\">M\u00e9thode prescriptive<\/h2>\n\n\n\n<h3 class=\"wp-block-heading has-text-align-center is-style-hero-heading-grey\"><strong>Recevez une remise de 1\u2009200 $!<\/strong><\/h3>\n\n\n\n<p>Au moment de faire votre demande, vous devrez soumettre un fichier PDF de vos dessins de conception avec votre <a href=\"https:\/\/nhppres.visiondsm.com\/programapplication\/?ft=F0B1CA07486E4203B0971BC64EA2FEDD\">formulaire de demande<\/a> <em>(en anglais)<\/em>. Les dessins doivent clairement montrer la conformit\u00e9 \u00e0 toutes les exigences de la <a href=\"https:\/\/efficiencymb.ca\/fr\/ma-maison\/programme-de-maisons-neuves-pour-les-constructeurs\/methode-prescriptive\/\">norme technique de la m\u00e9thode prescriptive<\/a>.<\/p>\n\n\n<div class=\"theme-button wp-block-button aligncenter\">\r\n\t<a  class=\"wp-block-button__link has-background no-border-radius button cta button-large\" href=\"https:\/\/nhppres.visiondsm.com\/PROGRAMAPPLICATION\/?FT=F0B1CA07486E4203B0971BC64EA2FEDD\"><strong>REMPLISSEZ VOTRE DEMANDE D\u00c8S MAINTENANT<\/strong><br>M\u00c9THODE PRESCRIPTIVE<\/a>\r\n<\/div>\n\n\n<p class=\"has-text-align-center\"><em>(en anglais)<\/em><\/p>\n\n\n\n<div style=\"height:20px\" aria-hidden=\"true\" class=\"wp-block-spacer\"><\/div>\n\n\n\n<h4 class=\"wp-block-heading has-text-align-center is-style-hero-heading\"><strong>Remises disponibles<\/strong><\/h4>\n\n\n\n<p class=\"has-text-align-center\"><a aria-label=\" (opens in a new tab)\" href=\"https:\/\/efficiencymb.ca\/wp-content\/uploads\/new-homes-program_rebates.pdf\" target=\"_blank\" rel=\"noreferrer noopener\"><\/a><a href=\"https:\/\/efficiencymb.ca\/wp-content\/uploads\/new-homes-program_rebates.pdf\" target=\"_blank\" rel=\"noreferrer noopener\"><\/a><a href=\"https:\/\/efficiencymb.ca\/wp-content\/uploads\/new-homes-program_rebates.pdf\">Remises du Programme de maisons neuves<\/a> (en anglais)<\/p>\n<\/div><\/div>\n\n\n\n<div style=\"height:50px\" aria-hidden=\"true\" class=\"wp-block-spacer\"><\/div>\n\n\n\n<figure class=\"wp-block-image size-full slant\"><img loading=\"lazy\" decoding=\"async\" width=\"2000\" height=\"400\" src=\"https:\/\/efficiencymb.ca\/wp-content\/uploads\/bg-two-tone-green@2x.png\" alt=\"\" class=\"wp-image-592\" srcset=\"https:\/\/efficiencymb.ca\/wp-content\/uploads\/bg-two-tone-green@2x.png 2000w, https:\/\/efficiencymb.ca\/wp-content\/uploads\/bg-two-tone-green@2x-479x96.png 479w, https:\/\/efficiencymb.ca\/wp-content\/uploads\/bg-two-tone-green@2x-1024x205.png 1024w, https:\/\/efficiencymb.ca\/wp-content\/uploads\/bg-two-tone-green@2x-768x154.png 768w, https:\/\/efficiencymb.ca\/wp-content\/uploads\/bg-two-tone-green@2x-1536x307.png 1536w\" sizes=\"auto, (max-width: 2000px) 100vw, 2000px\" \/><\/figure>\n","protected":false},"excerpt":{"rendered":"<p>Remplissez votre demande d\u00e8s maintenant Programme de maisons neuves pour les constructeurs Obtenez de l\u2019aide \u00e0 la conception et remplissez facilement votre demande Construisez intelligemment d\u00e8s le d\u00e9part gr\u00e2ce \u00e0 des remises qui couvrent les co\u00fbts de conception, de consultation et de mod\u00e9lisation \u00e9nerg\u00e9tiques! Comment participer CHOISISSEZ VOTRE M\u00c9THODE Vous pouvez choisir les dix misescontinue-reading<\/p>\n","protected":false},"author":10,"featured_media":1307,"parent":13219,"menu_order":0,"comment_status":"closed","ping_status":"closed","template":"","meta":{"_acf_changed":false,"footnotes":""},"class_list":["post-13656","page","type-page","status-publish","has-post-thumbnail","hentry"],"acf":[],"yoast_head":"<!-- This site is optimized with the Yoast SEO plugin v27.3 - https:\/\/yoast.com\/product\/yoast-seo-wordpress\/ -->\n<title>Remplissez votre demande d\u00e8s maintenant \u2014 Programme de maisons neuves pour les constructeurs &#8212; Efficiency Manitoba<\/title>\n<meta name=\"robots\" content=\"index, follow, max-snippet:-1, max-image-preview:large, max-video-preview:-1\" \/>\n<link rel=\"canonical\" href=\"https:\/\/efficiencymb.ca\/fr\/ma-maison\/programme-de-maisons-neuves-pour-les-constructeurs\/remplissez-votre-demand\/\" \/>\n<meta property=\"og:locale\" content=\"fr_FR\" \/>\n<meta property=\"og:type\" content=\"article\" \/>\n<meta property=\"og:title\" content=\"Remplissez votre demande d\u00e8s maintenant \u2014 Programme de maisons neuves pour les constructeurs &#8212; Efficiency Manitoba\" \/>\n<meta property=\"og:description\" content=\"Remplissez votre demande d\u00e8s maintenant Programme de maisons neuves pour les constructeurs Obtenez de l\u2019aide \u00e0 la conception et remplissez facilement votre demande Construisez intelligemment d\u00e8s le d\u00e9part gr\u00e2ce \u00e0 des remises qui couvrent les co\u00fbts de conception, de consultation et de mod\u00e9lisation \u00e9nerg\u00e9tiques! Comment participer CHOISISSEZ VOTRE M\u00c9THODE Vous pouvez choisir les dix misescontinue-reading\" \/>\n<meta property=\"og:url\" content=\"https:\/\/efficiencymb.ca\/fr\/ma-maison\/programme-de-maisons-neuves-pour-les-constructeurs\/remplissez-votre-demand\/\" \/>\n<meta property=\"og:site_name\" content=\"Efficiency Manitoba\" \/>\n<meta property=\"article:modified_time\" content=\"2023-06-19T15:27:03+00:00\" \/>\n<meta property=\"og:image\" content=\"https:\/\/efficiencymb.ca\/wp-content\/uploads\/new-homes-program-builder-banner.jpg\" \/>\n\t<meta property=\"og:image:width\" content=\"2400\" \/>\n\t<meta property=\"og:image:height\" content=\"1350\" \/>\n\t<meta property=\"og:image:type\" content=\"image\/jpeg\" \/>\n<meta name=\"twitter:card\" content=\"summary_large_image\" \/>\n<meta name=\"twitter:label1\" content=\"Dur\u00e9e de lecture estim\u00e9e\" \/>\n\t<meta name=\"twitter:data1\" content=\"3 minutes\" \/>\n<script type=\"application\/ld+json\" class=\"yoast-schema-graph\">{\"@context\":\"https:\\\/\\\/schema.org\",\"@graph\":[{\"@type\":\"WebPage\",\"@id\":\"https:\\\/\\\/efficiencymb.ca\\\/fr\\\/ma-maison\\\/programme-de-maisons-neuves-pour-les-constructeurs\\\/remplissez-votre-demand\\\/\",\"url\":\"https:\\\/\\\/efficiencymb.ca\\\/fr\\\/ma-maison\\\/programme-de-maisons-neuves-pour-les-constructeurs\\\/remplissez-votre-demand\\\/\",\"name\":\"Remplissez votre demande d\u00e8s maintenant \u2014 Programme de maisons neuves pour les constructeurs &#8212; Efficiency Manitoba\",\"isPartOf\":{\"@id\":\"https:\\\/\\\/efficiencymb.ca\\\/#website\"},\"primaryImageOfPage\":{\"@id\":\"https:\\\/\\\/efficiencymb.ca\\\/fr\\\/ma-maison\\\/programme-de-maisons-neuves-pour-les-constructeurs\\\/remplissez-votre-demand\\\/#primaryimage\"},\"image\":{\"@id\":\"https:\\\/\\\/efficiencymb.ca\\\/fr\\\/ma-maison\\\/programme-de-maisons-neuves-pour-les-constructeurs\\\/remplissez-votre-demand\\\/#primaryimage\"},\"thumbnailUrl\":\"https:\\\/\\\/efficiencymb.ca\\\/wp-content\\\/uploads\\\/new-homes-program-builder-banner.jpg\",\"datePublished\":\"2020-04-30T21:10:42+00:00\",\"dateModified\":\"2023-06-19T15:27:03+00:00\",\"breadcrumb\":{\"@id\":\"https:\\\/\\\/efficiencymb.ca\\\/fr\\\/ma-maison\\\/programme-de-maisons-neuves-pour-les-constructeurs\\\/remplissez-votre-demand\\\/#breadcrumb\"},\"inLanguage\":\"fr-FR\",\"potentialAction\":[{\"@type\":\"ReadAction\",\"target\":[\"https:\\\/\\\/efficiencymb.ca\\\/fr\\\/ma-maison\\\/programme-de-maisons-neuves-pour-les-constructeurs\\\/remplissez-votre-demand\\\/\"]}]},{\"@type\":\"ImageObject\",\"inLanguage\":\"fr-FR\",\"@id\":\"https:\\\/\\\/efficiencymb.ca\\\/fr\\\/ma-maison\\\/programme-de-maisons-neuves-pour-les-constructeurs\\\/remplissez-votre-demand\\\/#primaryimage\",\"url\":\"https:\\\/\\\/efficiencymb.ca\\\/wp-content\\\/uploads\\\/new-homes-program-builder-banner.jpg\",\"contentUrl\":\"https:\\\/\\\/efficiencymb.ca\\\/wp-content\\\/uploads\\\/new-homes-program-builder-banner.jpg\",\"width\":2400,\"height\":1350,\"caption\":\"Travailleurs se serrant la main\"},{\"@type\":\"BreadcrumbList\",\"@id\":\"https:\\\/\\\/efficiencymb.ca\\\/fr\\\/ma-maison\\\/programme-de-maisons-neuves-pour-les-constructeurs\\\/remplissez-votre-demand\\\/#breadcrumb\",\"itemListElement\":[{\"@type\":\"ListItem\",\"position\":1,\"name\":\"Home\",\"item\":\"https:\\\/\\\/efficiencymb.ca\\\/fr\\\/\"},{\"@type\":\"ListItem\",\"position\":2,\"name\":\"Ma Maison\",\"item\":\"https:\\\/\\\/efficiencymb.ca\\\/fr\\\/ma-maison\\\/\"},{\"@type\":\"ListItem\",\"position\":3,\"name\":\"Programme De Maisons Neuves\",\"item\":\"https:\\\/\\\/efficiencymb.ca\\\/fr\\\/ma-maison\\\/programme-de-maisons-neuves-pour-les-constructeurs\\\/\"},{\"@type\":\"ListItem\",\"position\":4,\"name\":\"Remplissez votre demande d\u00e8s maintenant \u2014 Programme de maisons neuves pour les constructeurs\"}]},{\"@type\":\"WebSite\",\"@id\":\"https:\\\/\\\/efficiencymb.ca\\\/#website\",\"url\":\"https:\\\/\\\/efficiencymb.ca\\\/\",\"name\":\"Efficiency Manitoba\",\"description\":\"\",\"publisher\":{\"@id\":\"https:\\\/\\\/efficiencymb.ca\\\/#organization\"},\"potentialAction\":[{\"@type\":\"SearchAction\",\"target\":{\"@type\":\"EntryPoint\",\"urlTemplate\":\"https:\\\/\\\/efficiencymb.ca\\\/?s={search_term_string}\"},\"query-input\":{\"@type\":\"PropertyValueSpecification\",\"valueRequired\":true,\"valueName\":\"search_term_string\"}}],\"inLanguage\":\"fr-FR\"},{\"@type\":\"Organization\",\"@id\":\"https:\\\/\\\/efficiencymb.ca\\\/#organization\",\"name\":\"Efficiency Manitoba\",\"url\":\"https:\\\/\\\/efficiencymb.ca\\\/\",\"logo\":{\"@type\":\"ImageObject\",\"inLanguage\":\"fr-FR\",\"@id\":\"https:\\\/\\\/efficiencymb.ca\\\/#\\\/schema\\\/logo\\\/image\\\/\",\"url\":\"https:\\\/\\\/efficiencymb.ca\\\/wp-content\\\/uploads\\\/em-logo-white-en.png\",\"contentUrl\":\"https:\\\/\\\/efficiencymb.ca\\\/wp-content\\\/uploads\\\/em-logo-white-en.png\",\"width\":388,\"height\":91,\"caption\":\"Efficiency Manitoba\"},\"image\":{\"@id\":\"https:\\\/\\\/efficiencymb.ca\\\/#\\\/schema\\\/logo\\\/image\\\/\"}}]}<\/script>\n<!-- \/ Yoast SEO plugin. -->","yoast_head_json":{"title":"Remplissez votre demande d\u00e8s maintenant \u2014 Programme de maisons neuves pour les constructeurs &#8212; Efficiency Manitoba","robots":{"index":"index","follow":"follow","max-snippet":"max-snippet:-1","max-image-preview":"max-image-preview:large","max-video-preview":"max-video-preview:-1"},"canonical":"https:\/\/efficiencymb.ca\/fr\/ma-maison\/programme-de-maisons-neuves-pour-les-constructeurs\/remplissez-votre-demand\/","og_locale":"fr_FR","og_type":"article","og_title":"Remplissez votre demande d\u00e8s maintenant \u2014 Programme de maisons neuves pour les constructeurs &#8212; Efficiency Manitoba","og_description":"Remplissez votre demande d\u00e8s maintenant Programme de maisons neuves pour les constructeurs Obtenez de l\u2019aide \u00e0 la conception et remplissez facilement votre demande Construisez intelligemment d\u00e8s le d\u00e9part gr\u00e2ce \u00e0 des remises qui couvrent les co\u00fbts de conception, de consultation et de mod\u00e9lisation \u00e9nerg\u00e9tiques! Comment participer CHOISISSEZ VOTRE M\u00c9THODE Vous pouvez choisir les dix misescontinue-reading","og_url":"https:\/\/efficiencymb.ca\/fr\/ma-maison\/programme-de-maisons-neuves-pour-les-constructeurs\/remplissez-votre-demand\/","og_site_name":"Efficiency Manitoba","article_modified_time":"2023-06-19T15:27:03+00:00","og_image":[{"width":2400,"height":1350,"url":"https:\/\/efficiencymb.ca\/wp-content\/uploads\/new-homes-program-builder-banner.jpg","type":"image\/jpeg"}],"twitter_card":"summary_large_image","twitter_misc":{"Dur\u00e9e de lecture estim\u00e9e":"3 minutes"},"schema":{"@context":"https:\/\/schema.org","@graph":[{"@type":"WebPage","@id":"https:\/\/efficiencymb.ca\/fr\/ma-maison\/programme-de-maisons-neuves-pour-les-constructeurs\/remplissez-votre-demand\/","url":"https:\/\/efficiencymb.ca\/fr\/ma-maison\/programme-de-maisons-neuves-pour-les-constructeurs\/remplissez-votre-demand\/","name":"Remplissez votre demande d\u00e8s maintenant \u2014 Programme de maisons neuves pour les constructeurs &#8212; Efficiency Manitoba","isPartOf":{"@id":"https:\/\/efficiencymb.ca\/#website"},"primaryImageOfPage":{"@id":"https:\/\/efficiencymb.ca\/fr\/ma-maison\/programme-de-maisons-neuves-pour-les-constructeurs\/remplissez-votre-demand\/#primaryimage"},"image":{"@id":"https:\/\/efficiencymb.ca\/fr\/ma-maison\/programme-de-maisons-neuves-pour-les-constructeurs\/remplissez-votre-demand\/#primaryimage"},"thumbnailUrl":"https:\/\/efficiencymb.ca\/wp-content\/uploads\/new-homes-program-builder-banner.jpg","datePublished":"2020-04-30T21:10:42+00:00","dateModified":"2023-06-19T15:27:03+00:00","breadcrumb":{"@id":"https:\/\/efficiencymb.ca\/fr\/ma-maison\/programme-de-maisons-neuves-pour-les-constructeurs\/remplissez-votre-demand\/#breadcrumb"},"inLanguage":"fr-FR","potentialAction":[{"@type":"ReadAction","target":["https:\/\/efficiencymb.ca\/fr\/ma-maison\/programme-de-maisons-neuves-pour-les-constructeurs\/remplissez-votre-demand\/"]}]},{"@type":"ImageObject","inLanguage":"fr-FR","@id":"https:\/\/efficiencymb.ca\/fr\/ma-maison\/programme-de-maisons-neuves-pour-les-constructeurs\/remplissez-votre-demand\/#primaryimage","url":"https:\/\/efficiencymb.ca\/wp-content\/uploads\/new-homes-program-builder-banner.jpg","contentUrl":"https:\/\/efficiencymb.ca\/wp-content\/uploads\/new-homes-program-builder-banner.jpg","width":2400,"height":1350,"caption":"Travailleurs se serrant la main"},{"@type":"BreadcrumbList","@id":"https:\/\/efficiencymb.ca\/fr\/ma-maison\/programme-de-maisons-neuves-pour-les-constructeurs\/remplissez-votre-demand\/#breadcrumb","itemListElement":[{"@type":"ListItem","position":1,"name":"Home","item":"https:\/\/efficiencymb.ca\/fr\/"},{"@type":"ListItem","position":2,"name":"Ma Maison","item":"https:\/\/efficiencymb.ca\/fr\/ma-maison\/"},{"@type":"ListItem","position":3,"name":"Programme De Maisons Neuves","item":"https:\/\/efficiencymb.ca\/fr\/ma-maison\/programme-de-maisons-neuves-pour-les-constructeurs\/"},{"@type":"ListItem","position":4,"name":"Remplissez votre demande d\u00e8s maintenant \u2014 Programme de maisons neuves pour les constructeurs"}]},{"@type":"WebSite","@id":"https:\/\/efficiencymb.ca\/#website","url":"https:\/\/efficiencymb.ca\/","name":"Efficiency Manitoba","description":"","publisher":{"@id":"https:\/\/efficiencymb.ca\/#organization"},"potentialAction":[{"@type":"SearchAction","target":{"@type":"EntryPoint","urlTemplate":"https:\/\/efficiencymb.ca\/?s={search_term_string}"},"query-input":{"@type":"PropertyValueSpecification","valueRequired":true,"valueName":"search_term_string"}}],"inLanguage":"fr-FR"},{"@type":"Organization","@id":"https:\/\/efficiencymb.ca\/#organization","name":"Efficiency Manitoba","url":"https:\/\/efficiencymb.ca\/","logo":{"@type":"ImageObject","inLanguage":"fr-FR","@id":"https:\/\/efficiencymb.ca\/#\/schema\/logo\/image\/","url":"https:\/\/efficiencymb.ca\/wp-content\/uploads\/em-logo-white-en.png","contentUrl":"https:\/\/efficiencymb.ca\/wp-content\/uploads\/em-logo-white-en.png","width":388,"height":91,"caption":"Efficiency Manitoba"},"image":{"@id":"https:\/\/efficiencymb.ca\/#\/schema\/logo\/image\/"}}]}},"_links":{"self":[{"href":"https:\/\/efficiencymb.ca\/fr\/wp-json\/wp\/v2\/pages\/13656","targetHints":{"allow":["GET"]}}],"collection":[{"href":"https:\/\/efficiencymb.ca\/fr\/wp-json\/wp\/v2\/pages"}],"about":[{"href":"https:\/\/efficiencymb.ca\/fr\/wp-json\/wp\/v2\/types\/page"}],"author":[{"embeddable":true,"href":"https:\/\/efficiencymb.ca\/fr\/wp-json\/wp\/v2\/users\/10"}],"replies":[{"embeddable":true,"href":"https:\/\/efficiencymb.ca\/fr\/wp-json\/wp\/v2\/comments?post=13656"}],"version-history":[{"count":19,"href":"https:\/\/efficiencymb.ca\/fr\/wp-json\/wp\/v2\/pages\/13656\/revisions"}],"predecessor-version":[{"id":27491,"href":"https:\/\/efficiencymb.ca\/fr\/wp-json\/wp\/v2\/pages\/13656\/revisions\/27491"}],"up":[{"embeddable":true,"href":"https:\/\/efficiencymb.ca\/fr\/wp-json\/wp\/v2\/pages\/13219"}],"wp:featuredmedia":[{"embeddable":true,"href":"https:\/\/efficiencymb.ca\/fr\/wp-json\/wp\/v2\/media\/1307"}],"wp:attachment":[{"href":"https:\/\/efficiencymb.ca\/fr\/wp-json\/wp\/v2\/media?parent=13656"}],"curies":[{"name":"wp","href":"https:\/\/api.w.org\/{rel}","templated":true}]}}