{"id":13558,"date":"2020-04-29T21:47:04","date_gmt":"2020-04-29T21:47:04","guid":{"rendered":"https:\/\/efficiencymb.ca\/business\/building-envelope\/incentive-details\/"},"modified":"2025-07-08T08:09:57","modified_gmt":"2025-07-08T13:09:57","slug":"details-des-incitatifs","status":"publish","type":"page","link":"https:\/\/efficiencymb.ca\/fr\/business\/programme-denveloppe-du-batiment\/details-des-incitatifs\/","title":{"rendered":"D\u00e9tails des incitatifs \u2014 Enveloppe du b\u00e2timent"},"content":{"rendered":"\n<div class=\"wp-block-group is-style-content-wide\"><div class=\"wp-block-group__inner-container is-layout-flow wp-block-group-is-layout-flow\">\n<h1 class=\"wp-block-heading has-text-align-center is-style-hero-heading\"><strong>PROGRAMME D\u2019ENVELOPPE DU B\u00c2TIMENT<\/strong><\/h1>\n<\/div><\/div>\n\n\n\n<div class=\"wp-block-group is-style-content-wide\"><div class=\"wp-block-group__inner-container is-layout-flow wp-block-group-is-layout-flow\">\n<h2 class=\"wp-block-heading has-text-align-center is-style-hero-heading-grey\"><strong>D\u00c9TAILS SUR LES INCITATIFS FINANCIERS<\/strong><\/h2>\n\n\n\n<h3 class=\"wp-block-heading is-style-hero-heading-grey\" id=\"insulation-projects\">Projets D-isolation<\/h3>\n\n\n\n<p>Nous offrons des incitatifs financiers pour les am\u00e9liorations de l\u2019isolation des toits et des murs. L\u2019incitatif final vers\u00e9 payera jusqu\u2019\u00e0 100&nbsp;% des co\u00fbts des mat\u00e9riaux d\u2019isolation install\u00e9s (hors main-d\u2019\u0153uvre et mat\u00e9riaux d\u2019installation) et ne peut d\u00e9passer le montant factur\u00e9 pour ces mat\u00e9riaux.<\/p>\n\n\n\n<p class=\"has-medium-font-size\"><strong>Valeur \u00ab&nbsp;R&nbsp;\u00bb r\u00e9elle<\/strong><\/p>\n\n\n\n<p>Le Programme d\u2019enveloppe du b\u00e2timent mesure les niveaux d\u2019isolation en tenant compte de l\u2019ensemble de la toiture et de l\u2019assemblage mural. Ce calcul de la valeur \u00ab&nbsp;R&nbsp;\u00bb r\u00e9elle comprend les mat\u00e9riaux d\u2019isolation ainsi que tous les composants et autres mat\u00e9riaux qui composent le platelage, le rev\u00eatement, la charpente, les finitions et les \u00e9l\u00e9ments de charpente. Il tient \u00e9galement compte des couches d\u2019air et du pont thermique de l\u2019ensemble.&nbsp;<\/p>\n\n\n<div class=\"wp-block-image\">\n<figure class=\"aligncenter size-full is-resized\"><img loading=\"lazy\" decoding=\"async\" width=\"1250\" height=\"832\" src=\"https:\/\/efficiencymb.ca\/wp-content\/uploads\/BEP-insulation-incentive-tables-FR-04.jpg\" alt=\"\" class=\"wp-image-60563\" style=\"width:600px\" srcset=\"https:\/\/efficiencymb.ca\/wp-content\/uploads\/BEP-insulation-incentive-tables-FR-04.jpg 1250w, https:\/\/efficiencymb.ca\/wp-content\/uploads\/BEP-insulation-incentive-tables-FR-04-404x269.jpg 404w, https:\/\/efficiencymb.ca\/wp-content\/uploads\/BEP-insulation-incentive-tables-FR-04-1024x682.jpg 1024w, https:\/\/efficiencymb.ca\/wp-content\/uploads\/BEP-insulation-incentive-tables-FR-04-768x511.jpg 768w\" sizes=\"auto, (max-width: 1250px) 100vw, 1250px\" \/><\/figure>\n<\/div>\n\n\n<div style=\"height:30px\" aria-hidden=\"true\" class=\"wp-block-spacer\"><\/div>\n\n\n\n<p class=\"has-medium-font-size\"><strong>Incitatifs pour l\u2019isolation<\/strong><\/p>\n\n\n\n<p>Les incitatifs financiers pour les am\u00e9liorations de l\u2019isolation sont calcul\u00e9s \u00e0 l\u2019aide des formules ci-dessous. Lorsque vous pr\u00e9sentez une demande en ligne, votre incitatif sera calcul\u00e9 automatiquement en fonction des d\u00e9tails de votre toiture ou de votre assemblage mural.&nbsp;<\/p>\n\n\n\n<p>Surface du toit&nbsp;: 7,5&nbsp;\u00a2 \u00d7 valeur \u00ab&nbsp;R&nbsp;\u00bb ajout\u00e9e \u00d7 aire de toit (pi<sup>2<\/sup>)&nbsp;&nbsp;<\/p>\n\n\n\n<p>Cavit\u00e9 du toit&nbsp;: 2,0&nbsp;\u00a2 \u00d7 valeur \u00ab&nbsp;R&nbsp;\u00bb ajout\u00e9e \u00d7 aire de toit (pi<sup>2<\/sup>)&nbsp;&nbsp;<\/p>\n\n\n\n<p>Surface des murs&nbsp;: 7,5&nbsp;\u00a2 \u00d7 valeur \u00ab&nbsp;R&nbsp;\u00bb ajout\u00e9e \u00d7 surface des murs (pi<sup>2<\/sup>)&nbsp;&nbsp;<\/p>\n\n\n\n<p>Cavit\u00e9 murale&nbsp;: 4,0&nbsp;\u00a2 \u00d7 valeur \u00ab&nbsp;R&nbsp;\u00bb ajout\u00e9e \u00d7 surface des murs (pi<sup>2<\/sup>)&nbsp;<\/p>\n\n\n\n<p><strong>Exemple&nbsp;:<\/strong><\/p>\n\n\n\n<p>Am\u00e9lioration de l\u2019isolation de la surface du toit de 10&nbsp;000&nbsp;pi<sup>2<\/sup>de R-8 \u00e0 R-28 (valeur \u00ab&nbsp;R&nbsp;\u00bb ajout\u00e9e = R-20)&nbsp;<\/p>\n\n\n\n<p>Incitatif estim\u00e9&nbsp;: 7,5&nbsp;\u00a2 x 20 x 10&nbsp;000&nbsp;pi<sup>2<\/sup>= 15&nbsp;000&nbsp;$&nbsp;<\/p>\n\n\n\n<h3 class=\"wp-block-heading is-style-hero-heading-grey\" id=\"fenestration-projects\"><strong>PROJETS DE FENESTRATION (PORTES ET FEN\u00caTRES)<\/strong><\/h3>\n\n\n\n<p>Nous offrons des incitatifs financiers pour le remplacement des fen\u00eatres et des portes vitr\u00e9es, des projets de murs-rideaux et des am\u00e9liorations de vitrines.&nbsp;&nbsp;<\/p>\n\n\n\n<p>Les projets de fen\u00eatres admissibles comprennent ceux qui n\u00e9cessitent un remplacement complet des fen\u00eatres (y compris le cadre). Les fen\u00eatres dot\u00e9es de nouvelles vitres dans le cadre existant peuvent \u00eatre admissibles \u00e0 un incitatif seulement si la performance de la fen\u00eatre r\u00e9nov\u00e9e a \u00e9t\u00e9 mod\u00e9lis\u00e9e par un organisme accr\u00e9dit\u00e9 et ind\u00e9pendant et si la valeur U globale de la fen\u00eatre, y compris le cadre existant, r\u00e9pond aux exigences du programme en mati\u00e8re de r\u00e9sistance thermique.&nbsp;&nbsp;<\/p>\n\n\n\n<p>Les portes admissibles doivent inclure le vitrage et peuvent \u00eatre des portes-fen\u00eatres coulissantes, des portes-jardin, des portes battantes simples, des portes-guillotines ou des portes pliantes.&nbsp;&nbsp;<\/p>\n\n\n\n<p><strong>Valeur U&nbsp;<\/strong><\/p>\n\n\n\n<p>Le Programme d\u2019enveloppe du b\u00e2timent mesure la performance des portes et fen\u00eatres en fonction de la valeur U m\u00e9trique de l\u2019ensemble, y compris le cadre. La valeur U d\u2019une nouvelle fen\u00eatre est g\u00e9n\u00e9ralement fournie par un organisme tiers d\u2019\u00e9valuation comme ENERGY STAR<sup>MD<\/sup> Canada ou le National Fenestration Rating Council (NFRC). La performance des portes et fen\u00eatres varie en fonction d\u2019un certain nombre de facteurs, y compris les mat\u00e9riaux du cadre, le nombre de carreaux de fen\u00eatre et les entretoises. Les valeurs U m\u00e9triques sont g\u00e9n\u00e9ralement comprises entre 0,8 et 1,6. Un chiffre inf\u00e9rieur indique une meilleure performance thermique.&nbsp;<\/p>\n\n\n\n<p>Votre projet doit respecter les valeurs de performance thermique suivantes&nbsp;:&nbsp;<\/p>\n\n\n<div class=\"wp-block-image\">\n<figure class=\"aligncenter size-full is-resized\"><img loading=\"lazy\" decoding=\"async\" width=\"1250\" height=\"593\" src=\"https:\/\/efficiencymb.ca\/wp-content\/uploads\/BEP-insulation-incentive-tables-FR-03.jpg\" alt=\"\" class=\"wp-image-60561\" style=\"width:600px\" srcset=\"https:\/\/efficiencymb.ca\/wp-content\/uploads\/BEP-insulation-incentive-tables-FR-03.jpg 1250w, https:\/\/efficiencymb.ca\/wp-content\/uploads\/BEP-insulation-incentive-tables-FR-03-479x227.jpg 479w, https:\/\/efficiencymb.ca\/wp-content\/uploads\/BEP-insulation-incentive-tables-FR-03-1024x486.jpg 1024w, https:\/\/efficiencymb.ca\/wp-content\/uploads\/BEP-insulation-incentive-tables-FR-03-768x364.jpg 768w\" sizes=\"auto, (max-width: 1250px) 100vw, 1250px\" \/><\/figure>\n<\/div><\/div><\/div>\n\n\n\n<div style=\"height:30px\" aria-hidden=\"true\" class=\"wp-block-spacer\"><\/div>\n\n\n\n<div class=\"wp-block-group is-style-content-wide\"><div class=\"wp-block-group__inner-container is-layout-constrained wp-block-group-is-layout-constrained\">\n<p>Les incitatifs financiers pour le remplacement de portes et fen\u00eatres sont calcul\u00e9s \u00e0 l\u2019aide des formules ci-dessous. Lorsque vous pr\u00e9sentez une demande en ligne, votre incitatif sera calcul\u00e9 automatiquement en fonction des d\u00e9tails de votre ensemble de portes ou de fen\u00eatres.&nbsp;<\/p>\n\n\n\n<p>Fen\u00eatre&nbsp;: 150&nbsp;$ \u00d7 [1,6 &#8211; valeur U] \u00d7 surface de la fen\u00eatre (m<sup>2<\/sup>)&nbsp;&nbsp;<\/p>\n\n\n\n<p>Mur-rideau\/vitrine&nbsp;: 200&nbsp;$ \u00d7 [2,0 &#8211; valeur U] \u00d7 surface de la vitrine (m<sup>2<\/sup>)&nbsp;&nbsp;<\/p>\n\n\n\n<p>Porte battante&nbsp;: 150&nbsp;$ \u00d7 [1,6 &#8211; valeur U] \u00d7 surface de la porte (m<sup>2<\/sup>)&nbsp;&nbsp;<\/p>\n\n\n\n<p>Porte coulissante&nbsp;: 200&nbsp;$ \u00d7 [1,6 &#8211; valeur U] \u00d7 surface de la porte (m<sup>2<\/sup>)&nbsp;&nbsp;<\/p>\n\n\n\n<p><strong>Exemple<\/strong><\/p>\n\n\n\n<p>20&nbsp;nouvelles fen\u00eatres panoramiques, chacune dimensionn\u00e9e \u00e0 61<sup>3\/4<\/sup>&nbsp;po de large \u00d7 39&nbsp;po de haut; valeur U = 0,84&nbsp;&nbsp;<\/p>\n\n\n\n<p>Incitatif estim\u00e9&nbsp;: 150&nbsp;$ \u00d7 [1,6 &#8211; 0,84] = 30&nbsp;m<sup>2<\/sup> = 3&nbsp;420&nbsp;$&nbsp;<\/p>\n\n\n\n<div style=\"height:50px\" aria-hidden=\"true\" class=\"wp-block-spacer\"><\/div>\n<\/div><\/div>\n\n\n\n<div class=\"wp-block-group is-style-content-wide\"><div class=\"wp-block-group__inner-container is-layout-constrained wp-block-group-is-layout-constrained\">\n<h2 class=\"wp-block-heading has-text-align-center is-style-hero-heading-grey\"><strong>NOUS OFFRONS MAINTENANT DES PRIMES-CLIENTS ET DES PRIMES-FOURNISSEURS<\/strong><\/h2>\n\n\n\n<p class=\"has-text-align-center has-medium-font-size\">Nous reconnaissons que les am\u00e9liorations \u00e0 l\u2019enveloppe d\u2019un b\u00e2timent peuvent n\u00e9cessiter un important investissement financier. En offrant des primes aux clients et aux fournisseurs, nous d\u00e9sirons soutenir et encourager les am\u00e9liorations \u00e9co\u00e9nerg\u00e9tiques. &nbsp;<\/p>\n\n\n\n<div style=\"height:10px\" aria-hidden=\"true\" class=\"wp-block-spacer\"><\/div>\n\n\n\n<div class=\"wp-block-columns is-layout-flex wp-container-core-columns-is-layout-9d6595d7 wp-block-columns-is-layout-flex\">\n<div class=\"wp-block-column is-layout-flow wp-block-column-is-layout-flow\">\n<h3 class=\"wp-block-heading has-text-align-center\">PRIME-CLIENT<\/h3>\n\n\n\n<p class=\"has-text-align-center\">Pour les projets achev\u00e9s avant le <strong>31 mars 2026<\/strong>, nous augmentons nos incitatifs actuels de 25 % pour les b\u00e2timents chauff\u00e9s \u00e0 l\u2019\u00e9lectricit\u00e9 et de 10 % pour les b\u00e2timents chauff\u00e9s au gaz naturel.<\/p>\n<\/div>\n\n\n\n<div class=\"wp-block-column is-layout-flow wp-block-column-is-layout-flow\">\n<h3 class=\"wp-block-heading has-text-align-center is-style-hero-heading-grey\">PRIME-FOURNISSEUR<\/h3>\n\n\n\n<p class=\"has-text-align-center\">Nous offrons une prime de 250 $ aux fournisseurs agr\u00e9\u00e9s pour chaque projet achev\u00e9 avant le 3<strong>1 mars 2026<\/strong> ayant fait l\u2019objet d\u2019une demande pr\u00e9sent\u00e9e au Programme d\u2019enveloppe du b\u00e2timent au nom d\u2019un client.<\/p>\n<\/div>\n<\/div>\n\n\n\n<div style=\"height:50px\" aria-hidden=\"true\" class=\"wp-block-spacer\"><\/div>\n<\/div><\/div>\n\n\n<div class=\"theme-button wp-block-button aligncenter\">\r\n\t<a  class=\"wp-block-button__link has-background no-border-radius button cta button-large\" href=\"https:\/\/bep.visiondsm.com\/\"><strong>PR\u00c9SENTER UNE DEMANDE MAINTENANT<\/strong><\/a>\r\n<\/div>\n\n<div class=\"wp-block-image\">\n<figure class=\"aligncenter size-full\"><img loading=\"lazy\" decoding=\"async\" width=\"2000\" height=\"400\" src=\"https:\/\/efficiencymb.ca\/wp-content\/uploads\/bg-bottom-only-blue-green@2x.png\" alt=\"\" class=\"wp-image-612\" srcset=\"https:\/\/efficiencymb.ca\/wp-content\/uploads\/bg-bottom-only-blue-green@2x.png 2000w, https:\/\/efficiencymb.ca\/wp-content\/uploads\/bg-bottom-only-blue-green@2x-479x96.png 479w, https:\/\/efficiencymb.ca\/wp-content\/uploads\/bg-bottom-only-blue-green@2x-1024x205.png 1024w, https:\/\/efficiencymb.ca\/wp-content\/uploads\/bg-bottom-only-blue-green@2x-768x154.png 768w, https:\/\/efficiencymb.ca\/wp-content\/uploads\/bg-bottom-only-blue-green@2x-1536x307.png 1536w\" sizes=\"auto, (max-width: 2000px) 100vw, 2000px\" \/><\/figure>\n<\/div>","protected":false},"excerpt":{"rendered":"<p>PROGRAMME D\u2019ENVELOPPE DU B\u00c2TIMENT D\u00c9TAILS SUR LES INCITATIFS FINANCIERS Projets D-isolation Nous offrons des incitatifs financiers pour les am\u00e9liorations de l\u2019isolation des toits et des murs. L\u2019incitatif final vers\u00e9 payera jusqu\u2019\u00e0 100&nbsp;% des co\u00fbts des mat\u00e9riaux d\u2019isolation install\u00e9s (hors main-d\u2019\u0153uvre et mat\u00e9riaux d\u2019installation) et ne peut d\u00e9passer le montant factur\u00e9 pour ces mat\u00e9riaux. Valeur \u00ab&nbsp;R&nbsp;\u00bbcontinue-reading<\/p>\n","protected":false},"author":10,"featured_media":58015,"parent":13154,"menu_order":0,"comment_status":"closed","ping_status":"closed","template":"","meta":{"_acf_changed":false,"footnotes":""},"class_list":["post-13558","page","type-page","status-publish","has-post-thumbnail","hentry"],"acf":[],"yoast_head":"<!-- This site is optimized with the Yoast SEO plugin v27.3 - https:\/\/yoast.com\/product\/yoast-seo-wordpress\/ -->\n<title>D\u00e9tails des incitatifs \u2014 Enveloppe du b\u00e2timent &#8212; Efficiency Manitoba<\/title>\n<meta name=\"robots\" content=\"index, follow, max-snippet:-1, max-image-preview:large, max-video-preview:-1\" \/>\n<link rel=\"canonical\" href=\"https:\/\/efficiencymb.ca\/fr\/business\/programme-denveloppe-du-batiment\/details-des-incitatifs\/\" \/>\n<meta property=\"og:locale\" content=\"fr_FR\" \/>\n<meta property=\"og:type\" content=\"article\" \/>\n<meta property=\"og:title\" content=\"D\u00e9tails des incitatifs \u2014 Enveloppe du b\u00e2timent &#8212; Efficiency Manitoba\" \/>\n<meta property=\"og:description\" content=\"PROGRAMME D\u2019ENVELOPPE DU B\u00c2TIMENT D\u00c9TAILS SUR LES INCITATIFS FINANCIERS Projets D-isolation Nous offrons des incitatifs financiers pour les am\u00e9liorations de l\u2019isolation des toits et des murs. L\u2019incitatif final vers\u00e9 payera jusqu\u2019\u00e0 100&nbsp;% des co\u00fbts des mat\u00e9riaux d\u2019isolation install\u00e9s (hors main-d\u2019\u0153uvre et mat\u00e9riaux d\u2019installation) et ne peut d\u00e9passer le montant factur\u00e9 pour ces mat\u00e9riaux. Valeur \u00ab&nbsp;R&nbsp;\u00bbcontinue-reading\" \/>\n<meta property=\"og:url\" content=\"https:\/\/efficiencymb.ca\/fr\/business\/programme-denveloppe-du-batiment\/details-des-incitatifs\/\" \/>\n<meta property=\"og:site_name\" content=\"Efficiency Manitoba\" \/>\n<meta property=\"article:modified_time\" content=\"2025-07-08T13:09:57+00:00\" \/>\n<meta property=\"og:image\" content=\"https:\/\/efficiencymb.ca\/wp-content\/uploads\/GettyImages-1471584368-scaled-e1699456368367.jpg\" \/>\n\t<meta property=\"og:image:width\" content=\"2560\" \/>\n\t<meta property=\"og:image:height\" content=\"1708\" \/>\n\t<meta property=\"og:image:type\" content=\"image\/jpeg\" \/>\n<meta name=\"twitter:card\" content=\"summary_large_image\" \/>\n<meta name=\"twitter:label1\" content=\"Dur\u00e9e de lecture estim\u00e9e\" \/>\n\t<meta name=\"twitter:data1\" content=\"5 minutes\" \/>\n<script type=\"application\/ld+json\" class=\"yoast-schema-graph\">{\"@context\":\"https:\\\/\\\/schema.org\",\"@graph\":[{\"@type\":\"WebPage\",\"@id\":\"https:\\\/\\\/efficiencymb.ca\\\/fr\\\/business\\\/programme-denveloppe-du-batiment\\\/details-des-incitatifs\\\/\",\"url\":\"https:\\\/\\\/efficiencymb.ca\\\/fr\\\/business\\\/programme-denveloppe-du-batiment\\\/details-des-incitatifs\\\/\",\"name\":\"D\u00e9tails des incitatifs \u2014 Enveloppe du b\u00e2timent &#8212; Efficiency Manitoba\",\"isPartOf\":{\"@id\":\"https:\\\/\\\/efficiencymb.ca\\\/#website\"},\"primaryImageOfPage\":{\"@id\":\"https:\\\/\\\/efficiencymb.ca\\\/fr\\\/business\\\/programme-denveloppe-du-batiment\\\/details-des-incitatifs\\\/#primaryimage\"},\"image\":{\"@id\":\"https:\\\/\\\/efficiencymb.ca\\\/fr\\\/business\\\/programme-denveloppe-du-batiment\\\/details-des-incitatifs\\\/#primaryimage\"},\"thumbnailUrl\":\"https:\\\/\\\/efficiencymb.ca\\\/wp-content\\\/uploads\\\/GettyImages-1471584368-scaled-e1699456368367.jpg\",\"datePublished\":\"2020-04-29T21:47:04+00:00\",\"dateModified\":\"2025-07-08T13:09:57+00:00\",\"breadcrumb\":{\"@id\":\"https:\\\/\\\/efficiencymb.ca\\\/fr\\\/business\\\/programme-denveloppe-du-batiment\\\/details-des-incitatifs\\\/#breadcrumb\"},\"inLanguage\":\"fr-FR\",\"potentialAction\":[{\"@type\":\"ReadAction\",\"target\":[\"https:\\\/\\\/efficiencymb.ca\\\/fr\\\/business\\\/programme-denveloppe-du-batiment\\\/details-des-incitatifs\\\/\"]}]},{\"@type\":\"ImageObject\",\"inLanguage\":\"fr-FR\",\"@id\":\"https:\\\/\\\/efficiencymb.ca\\\/fr\\\/business\\\/programme-denveloppe-du-batiment\\\/details-des-incitatifs\\\/#primaryimage\",\"url\":\"https:\\\/\\\/efficiencymb.ca\\\/wp-content\\\/uploads\\\/GettyImages-1471584368-scaled-e1699456368367.jpg\",\"contentUrl\":\"https:\\\/\\\/efficiencymb.ca\\\/wp-content\\\/uploads\\\/GettyImages-1471584368-scaled-e1699456368367.jpg\",\"width\":2560,\"height\":1708,\"caption\":\"Happy manual workers writing additional measurements on housing plan while working at construction site.\"},{\"@type\":\"BreadcrumbList\",\"@id\":\"https:\\\/\\\/efficiencymb.ca\\\/fr\\\/business\\\/programme-denveloppe-du-batiment\\\/details-des-incitatifs\\\/#breadcrumb\",\"itemListElement\":[{\"@type\":\"ListItem\",\"position\":1,\"name\":\"Home\",\"item\":\"https:\\\/\\\/efficiencymb.ca\\\/fr\\\/\"},{\"@type\":\"ListItem\",\"position\":2,\"name\":\"MON ENTREPRISE\",\"item\":\"https:\\\/\\\/efficiencymb.ca\\\/fr\\\/business\\\/\"},{\"@type\":\"ListItem\",\"position\":3,\"name\":\"Programme d\u2019enveloppe du b\u00e2timent\",\"item\":\"https:\\\/\\\/efficiencymb.ca\\\/fr\\\/business\\\/programme-denveloppe-du-batiment\\\/\"},{\"@type\":\"ListItem\",\"position\":4,\"name\":\"D\u00e9tails des incitatifs \u2014 Enveloppe du b\u00e2timent\"}]},{\"@type\":\"WebSite\",\"@id\":\"https:\\\/\\\/efficiencymb.ca\\\/#website\",\"url\":\"https:\\\/\\\/efficiencymb.ca\\\/\",\"name\":\"Efficiency Manitoba\",\"description\":\"\",\"publisher\":{\"@id\":\"https:\\\/\\\/efficiencymb.ca\\\/#organization\"},\"potentialAction\":[{\"@type\":\"SearchAction\",\"target\":{\"@type\":\"EntryPoint\",\"urlTemplate\":\"https:\\\/\\\/efficiencymb.ca\\\/?s={search_term_string}\"},\"query-input\":{\"@type\":\"PropertyValueSpecification\",\"valueRequired\":true,\"valueName\":\"search_term_string\"}}],\"inLanguage\":\"fr-FR\"},{\"@type\":\"Organization\",\"@id\":\"https:\\\/\\\/efficiencymb.ca\\\/#organization\",\"name\":\"Efficiency Manitoba\",\"url\":\"https:\\\/\\\/efficiencymb.ca\\\/\",\"logo\":{\"@type\":\"ImageObject\",\"inLanguage\":\"fr-FR\",\"@id\":\"https:\\\/\\\/efficiencymb.ca\\\/#\\\/schema\\\/logo\\\/image\\\/\",\"url\":\"https:\\\/\\\/efficiencymb.ca\\\/wp-content\\\/uploads\\\/em-logo-white-en.png\",\"contentUrl\":\"https:\\\/\\\/efficiencymb.ca\\\/wp-content\\\/uploads\\\/em-logo-white-en.png\",\"width\":388,\"height\":91,\"caption\":\"Efficiency Manitoba\"},\"image\":{\"@id\":\"https:\\\/\\\/efficiencymb.ca\\\/#\\\/schema\\\/logo\\\/image\\\/\"}}]}<\/script>\n<!-- \/ Yoast SEO plugin. -->","yoast_head_json":{"title":"D\u00e9tails des incitatifs \u2014 Enveloppe du b\u00e2timent &#8212; Efficiency Manitoba","robots":{"index":"index","follow":"follow","max-snippet":"max-snippet:-1","max-image-preview":"max-image-preview:large","max-video-preview":"max-video-preview:-1"},"canonical":"https:\/\/efficiencymb.ca\/fr\/business\/programme-denveloppe-du-batiment\/details-des-incitatifs\/","og_locale":"fr_FR","og_type":"article","og_title":"D\u00e9tails des incitatifs \u2014 Enveloppe du b\u00e2timent &#8212; Efficiency Manitoba","og_description":"PROGRAMME D\u2019ENVELOPPE DU B\u00c2TIMENT D\u00c9TAILS SUR LES INCITATIFS FINANCIERS Projets D-isolation Nous offrons des incitatifs financiers pour les am\u00e9liorations de l\u2019isolation des toits et des murs. L\u2019incitatif final vers\u00e9 payera jusqu\u2019\u00e0 100&nbsp;% des co\u00fbts des mat\u00e9riaux d\u2019isolation install\u00e9s (hors main-d\u2019\u0153uvre et mat\u00e9riaux d\u2019installation) et ne peut d\u00e9passer le montant factur\u00e9 pour ces mat\u00e9riaux. Valeur \u00ab&nbsp;R&nbsp;\u00bbcontinue-reading","og_url":"https:\/\/efficiencymb.ca\/fr\/business\/programme-denveloppe-du-batiment\/details-des-incitatifs\/","og_site_name":"Efficiency Manitoba","article_modified_time":"2025-07-08T13:09:57+00:00","og_image":[{"width":2560,"height":1708,"url":"https:\/\/efficiencymb.ca\/wp-content\/uploads\/GettyImages-1471584368-scaled-e1699456368367.jpg","type":"image\/jpeg"}],"twitter_card":"summary_large_image","twitter_misc":{"Dur\u00e9e de lecture estim\u00e9e":"5 minutes"},"schema":{"@context":"https:\/\/schema.org","@graph":[{"@type":"WebPage","@id":"https:\/\/efficiencymb.ca\/fr\/business\/programme-denveloppe-du-batiment\/details-des-incitatifs\/","url":"https:\/\/efficiencymb.ca\/fr\/business\/programme-denveloppe-du-batiment\/details-des-incitatifs\/","name":"D\u00e9tails des incitatifs \u2014 Enveloppe du b\u00e2timent &#8212; Efficiency Manitoba","isPartOf":{"@id":"https:\/\/efficiencymb.ca\/#website"},"primaryImageOfPage":{"@id":"https:\/\/efficiencymb.ca\/fr\/business\/programme-denveloppe-du-batiment\/details-des-incitatifs\/#primaryimage"},"image":{"@id":"https:\/\/efficiencymb.ca\/fr\/business\/programme-denveloppe-du-batiment\/details-des-incitatifs\/#primaryimage"},"thumbnailUrl":"https:\/\/efficiencymb.ca\/wp-content\/uploads\/GettyImages-1471584368-scaled-e1699456368367.jpg","datePublished":"2020-04-29T21:47:04+00:00","dateModified":"2025-07-08T13:09:57+00:00","breadcrumb":{"@id":"https:\/\/efficiencymb.ca\/fr\/business\/programme-denveloppe-du-batiment\/details-des-incitatifs\/#breadcrumb"},"inLanguage":"fr-FR","potentialAction":[{"@type":"ReadAction","target":["https:\/\/efficiencymb.ca\/fr\/business\/programme-denveloppe-du-batiment\/details-des-incitatifs\/"]}]},{"@type":"ImageObject","inLanguage":"fr-FR","@id":"https:\/\/efficiencymb.ca\/fr\/business\/programme-denveloppe-du-batiment\/details-des-incitatifs\/#primaryimage","url":"https:\/\/efficiencymb.ca\/wp-content\/uploads\/GettyImages-1471584368-scaled-e1699456368367.jpg","contentUrl":"https:\/\/efficiencymb.ca\/wp-content\/uploads\/GettyImages-1471584368-scaled-e1699456368367.jpg","width":2560,"height":1708,"caption":"Happy manual workers writing additional measurements on housing plan while working at construction site."},{"@type":"BreadcrumbList","@id":"https:\/\/efficiencymb.ca\/fr\/business\/programme-denveloppe-du-batiment\/details-des-incitatifs\/#breadcrumb","itemListElement":[{"@type":"ListItem","position":1,"name":"Home","item":"https:\/\/efficiencymb.ca\/fr\/"},{"@type":"ListItem","position":2,"name":"MON ENTREPRISE","item":"https:\/\/efficiencymb.ca\/fr\/business\/"},{"@type":"ListItem","position":3,"name":"Programme d\u2019enveloppe du b\u00e2timent","item":"https:\/\/efficiencymb.ca\/fr\/business\/programme-denveloppe-du-batiment\/"},{"@type":"ListItem","position":4,"name":"D\u00e9tails des incitatifs \u2014 Enveloppe du b\u00e2timent"}]},{"@type":"WebSite","@id":"https:\/\/efficiencymb.ca\/#website","url":"https:\/\/efficiencymb.ca\/","name":"Efficiency Manitoba","description":"","publisher":{"@id":"https:\/\/efficiencymb.ca\/#organization"},"potentialAction":[{"@type":"SearchAction","target":{"@type":"EntryPoint","urlTemplate":"https:\/\/efficiencymb.ca\/?s={search_term_string}"},"query-input":{"@type":"PropertyValueSpecification","valueRequired":true,"valueName":"search_term_string"}}],"inLanguage":"fr-FR"},{"@type":"Organization","@id":"https:\/\/efficiencymb.ca\/#organization","name":"Efficiency Manitoba","url":"https:\/\/efficiencymb.ca\/","logo":{"@type":"ImageObject","inLanguage":"fr-FR","@id":"https:\/\/efficiencymb.ca\/#\/schema\/logo\/image\/","url":"https:\/\/efficiencymb.ca\/wp-content\/uploads\/em-logo-white-en.png","contentUrl":"https:\/\/efficiencymb.ca\/wp-content\/uploads\/em-logo-white-en.png","width":388,"height":91,"caption":"Efficiency Manitoba"},"image":{"@id":"https:\/\/efficiencymb.ca\/#\/schema\/logo\/image\/"}}]}},"_links":{"self":[{"href":"https:\/\/efficiencymb.ca\/fr\/wp-json\/wp\/v2\/pages\/13558","targetHints":{"allow":["GET"]}}],"collection":[{"href":"https:\/\/efficiencymb.ca\/fr\/wp-json\/wp\/v2\/pages"}],"about":[{"href":"https:\/\/efficiencymb.ca\/fr\/wp-json\/wp\/v2\/types\/page"}],"author":[{"embeddable":true,"href":"https:\/\/efficiencymb.ca\/fr\/wp-json\/wp\/v2\/users\/10"}],"replies":[{"embeddable":true,"href":"https:\/\/efficiencymb.ca\/fr\/wp-json\/wp\/v2\/comments?post=13558"}],"version-history":[{"count":16,"href":"https:\/\/efficiencymb.ca\/fr\/wp-json\/wp\/v2\/pages\/13558\/revisions"}],"predecessor-version":[{"id":78202,"href":"https:\/\/efficiencymb.ca\/fr\/wp-json\/wp\/v2\/pages\/13558\/revisions\/78202"}],"up":[{"embeddable":true,"href":"https:\/\/efficiencymb.ca\/fr\/wp-json\/wp\/v2\/pages\/13154"}],"wp:featuredmedia":[{"embeddable":true,"href":"https:\/\/efficiencymb.ca\/fr\/wp-json\/wp\/v2\/media\/58015"}],"wp:attachment":[{"href":"https:\/\/efficiencymb.ca\/fr\/wp-json\/wp\/v2\/media?parent=13558"}],"curies":[{"name":"wp","href":"https:\/\/api.w.org\/{rel}","templated":true}]}}