{"id":13495,"date":"2023-05-18T13:14:58","date_gmt":"2023-05-18T18:14:58","guid":{"rendered":"https:\/\/efficiencymb.ca\/?page_id=13495"},"modified":"2023-06-22T10:23:44","modified_gmt":"2023-06-22T15:23:44","slug":"bioenergie","status":"publish","type":"page","link":"https:\/\/efficiencymb.ca\/fr\/business\/bioenergie\/","title":{"rendered":"Bio\u00e9nergie"},"content":{"rendered":"\n<div class=\"wp-block-group is-style-content-wide\"><div class=\"wp-block-group__inner-container is-layout-flow wp-block-group-is-layout-flow\">\n<p class=\"has-text-align-center has-medium-font-size\">La bio\u00e9nergie\/la biomasse est une source d\u2019\u00e9nergie unique et renouvelable qui peut r\u00e9duire vos factures d\u2019\u00e9nergie et offrir d\u2019autres avantages environnementaux.<\/p>\n\n\n\n<p class=\"has-text-align-center has-medium-font-size\">Nous fournissons une aide financi\u00e8re pour des \u00e9tudes pr\u00e9alables au projet et des incitatifs financiers pour la mise en \u0153uvre de syst\u00e8mes bio\u00e9nerg\u00e9tiques \u00e0 l\u2019\u00e9chelle commerciale qui d\u00e9montrent des \u00e9conomies de gaz naturel ou d\u2019\u00e9lectricit\u00e9*.<\/p>\n\n\n\n<p class=\"has-text-align-center has-medium-font-size\">Nous tiendrons compte de l\u2019utilisation de toute mati\u00e8re organique, y compris les copeaux et les granul\u00e9s de bois, comme combustible de la biomasse. Seuls les projets commerciaux, agricoles et industriels qui d\u00e9montrent des \u00e9conomies de gaz naturel ou d\u2019\u00e9lectricit\u00e9 seront pris en consid\u00e9ration, que ce soit en compensant la consommation d\u2019\u00e9nergie pour le chauffage des locaux, de l\u2019eau ou des proc\u00e9d\u00e9s, soit en produisant de l\u2019\u00e9lectricit\u00e9 \u00e0 utiliser sur place. La bio\u00e9nergie peut \u00e9galement \u00eatre un moyen utile de r\u00e9pondre \u00e0 vos besoins en mati\u00e8re d\u2019\u00e9limination des d\u00e9chets si ces d\u00e9chets organiques peuvent \u00eatre convertis en \u00e9nergie.<\/p>\n<\/div><\/div>\n\n\n\n<div class=\"wp-block-group is-style-content-wide\"><div class=\"wp-block-group__inner-container is-layout-flow wp-block-group-is-layout-flow\">\n<p class=\"has-text-align-center has-small-font-size\">*Des \u00e9conomies minimales de 50\u2009000&nbsp;kWh ou 20\u2009000&nbsp;m<sup>3<\/sup> sont requises. Pour les projets visant \u00e0 compenser le chauffage des locaux, l\u2019espace chauff\u00e9 doit \u00eatre sup\u00e9rieur \u00e0 10\u2009000 pieds carr\u00e9s.<\/p>\n<\/div><\/div>\n\n\n\n<div style=\"height:100px\" aria-hidden=\"true\" class=\"wp-block-spacer\"><\/div>\n\n\n\n<figure class=\"wp-block-image size-full slant\"><img loading=\"lazy\" decoding=\"async\" width=\"2000\" height=\"400\" src=\"https:\/\/efficiencymb.ca\/wp-content\/uploads\/bg-two-tone-green@2x.png\" alt=\"\" class=\"wp-image-592\" srcset=\"https:\/\/efficiencymb.ca\/wp-content\/uploads\/bg-two-tone-green@2x.png 2000w, https:\/\/efficiencymb.ca\/wp-content\/uploads\/bg-two-tone-green@2x-479x96.png 479w, https:\/\/efficiencymb.ca\/wp-content\/uploads\/bg-two-tone-green@2x-1024x205.png 1024w, https:\/\/efficiencymb.ca\/wp-content\/uploads\/bg-two-tone-green@2x-768x154.png 768w, https:\/\/efficiencymb.ca\/wp-content\/uploads\/bg-two-tone-green@2x-1536x307.png 1536w\" sizes=\"auto, (max-width: 2000px) 100vw, 2000px\" \/><\/figure>\n\n\n\n<div class=\"wp-block-group has-background\" style=\"background-color:#f4f3f3\"><div class=\"wp-block-group__inner-container is-layout-flow wp-block-group-is-layout-flow\">\n<div class=\"wp-block-group is-style-content-columns\"><div class=\"wp-block-group__inner-container is-layout-flow wp-block-group-is-layout-flow\">\n<h2 class=\"wp-block-heading has-text-align-center hero-title text-center single-col-text is-style-hero-heading\">\u00c9TAPES POUR PARTICIPER<\/h2>\n<\/div><\/div>\n\n\n\n<ol class=\"iconic-list large\">\n<li>\n<h3><strong>REMPLISSEZ<\/strong> LE QUESTIONNAIRE DU PROJET<\/h3>\n<p>Aidez-nous \u00e0 d\u00e9terminer votre admissibilit\u00e9 en <a href=\"https:\/\/efficiencymb.ca\/fr\/?page_id=13500\" data-wplink-edit=\"true\">remplissant ce questionnaire<\/a>. On vous demandera de fournir des d\u00e9tails sur vos activit\u00e9s et le projet propos\u00e9.<\/p>\n<\/li>\n<li>\n<h3><strong>DISCUTEZ<\/strong> DES PROCHAINES \u00c9TAPES<\/h3>\n<p>Nous examinerons votre questionnaire et d\u00e9terminerons avec vous les prochaines \u00e9tapes.<\/p>\n<p>\u2022 Si votre projet doit permettre de r\u00e9aliser des \u00e9conomies d\u2019\u00e9lectricit\u00e9 ou de gaz naturel et que vous avez \u00e9tabli le type, la disponibilit\u00e9 et le co\u00fbt de votre biomasse ainsi que l\u2019\u00e9quipement n\u00e9cessaire, vous pouvez \u00eatre admissible \u00e0 une aide financi\u00e8re pour mener l\u2019\u00e9tude. Dans ce cas, nous vous demanderons de soumettre une proposition d\u2019\u00e9tude de faisabilit\u00e9 qui examinera les aspects \u00e9conomiques du projet et les pr\u00e9visions d\u2019\u00e9conomie d\u2019\u00e9nergie et de factures de services publics.<\/p>\n<p>\u2022 Si vous avez d\u00e9j\u00e0 quantifi\u00e9 les aspects \u00e9conomiques du projet, y compris les \u00e9conomies d\u2019\u00e9nergie, et qu\u2019aucune autre \u00e9tude n\u2019est n\u00e9cessaire, vous pouvez b\u00e9n\u00e9ficier d\u2019une aide financi\u00e8re. En fonction des \u00e9conomies d\u2019\u00e9nergie que votre syst\u00e8me de bio\u00e9nergie est cens\u00e9 produire, nous travaillerons avec vous pour vous aider \u00e0 avancer dans le processus de demande d\u2019aide financi\u00e8re.<\/p>\n<\/li>\n<\/ol>\n\n\n<div class=\"theme-button wp-block-button aligncenter\">\r\n\t<a  class=\"wp-block-button__link has-background no-border-radius button cta button-large\" href=\"https:\/\/efficiencymb.ca\/fr\/business\/apply-now-bioenergy\/\"><strong>CONTACTEZ-NOUS <\/strong><br>POUR COMMENCER \u00c0 \u00c9CONOMISER<\/a>\r\n<\/div><\/div><\/div>\n\n\n\n<figure class=\"wp-block-image size-full\"><img loading=\"lazy\" decoding=\"async\" width=\"2000\" height=\"400\" src=\"https:\/\/efficiencymb.ca\/wp-content\/uploads\/bg-two-tone-green@2x-edited-1.png\" alt=\"\" class=\"wp-image-12078\" srcset=\"https:\/\/efficiencymb.ca\/wp-content\/uploads\/bg-two-tone-green@2x-edited-1.png 2000w, https:\/\/efficiencymb.ca\/wp-content\/uploads\/bg-two-tone-green@2x-edited-1-479x96.png 479w, https:\/\/efficiencymb.ca\/wp-content\/uploads\/bg-two-tone-green@2x-edited-1-1024x205.png 1024w, https:\/\/efficiencymb.ca\/wp-content\/uploads\/bg-two-tone-green@2x-edited-1-768x154.png 768w, https:\/\/efficiencymb.ca\/wp-content\/uploads\/bg-two-tone-green@2x-edited-1-1536x307.png 1536w\" sizes=\"auto, (max-width: 2000px) 100vw, 2000px\" \/><\/figure>\n\n\n\n<p><\/p>\n","protected":false},"excerpt":{"rendered":"<p>La bio\u00e9nergie\/la biomasse est une source d\u2019\u00e9nergie unique et renouvelable qui peut r\u00e9duire vos factures d\u2019\u00e9nergie et offrir d\u2019autres avantages environnementaux. Nous fournissons une aide financi\u00e8re pour des \u00e9tudes pr\u00e9alables au projet et des incitatifs financiers pour la mise en \u0153uvre de syst\u00e8mes bio\u00e9nerg\u00e9tiques \u00e0 l\u2019\u00e9chelle commerciale qui d\u00e9montrent des \u00e9conomies de gaz naturel oucontinue-reading<\/p>\n","protected":false},"author":6,"featured_media":16172,"parent":13103,"menu_order":0,"comment_status":"closed","ping_status":"closed","template":"","meta":{"_acf_changed":false,"footnotes":""},"class_list":["post-13495","page","type-page","status-publish","has-post-thumbnail","hentry","page_cat-programs"],"acf":[],"yoast_head":"<!-- This site is optimized with the Yoast SEO plugin v27.3 - https:\/\/yoast.com\/product\/yoast-seo-wordpress\/ -->\n<title>Bio\u00e9nergie &#8212; Efficiency Manitoba<\/title>\n<meta name=\"description\" content=\"If you are looking to make your industrial, commercial, or agricultural facility more energy efficient, we are here to help. We have the expertise to help you investigate and identify energy-saving opportunities as well as financial incentives to help you implement your project.\" \/>\n<meta name=\"robots\" content=\"index, follow, max-snippet:-1, max-image-preview:large, max-video-preview:-1\" \/>\n<link rel=\"canonical\" href=\"https:\/\/efficiencymb.ca\/fr\/business\/bioenergie\/\" \/>\n<meta property=\"og:locale\" content=\"fr_FR\" \/>\n<meta property=\"og:type\" content=\"article\" \/>\n<meta property=\"og:title\" content=\"Bio\u00e9nergie &#8212; Efficiency Manitoba\" \/>\n<meta property=\"og:description\" content=\"If you are looking to make your industrial, commercial, or agricultural facility more energy efficient, we are here to help. We have the expertise to help you investigate and identify energy-saving opportunities as well as financial incentives to help you implement your project.\" \/>\n<meta property=\"og:url\" content=\"https:\/\/efficiencymb.ca\/fr\/business\/bioenergie\/\" \/>\n<meta property=\"og:site_name\" content=\"Efficiency Manitoba\" \/>\n<meta property=\"article:modified_time\" content=\"2023-06-22T15:23:44+00:00\" \/>\n<meta property=\"og:image\" content=\"https:\/\/efficiencymb.ca\/wp-content\/uploads\/Bioenergy-banner-1.jpg\" \/>\n\t<meta property=\"og:image:width\" content=\"2400\" \/>\n\t<meta property=\"og:image:height\" content=\"1350\" \/>\n\t<meta property=\"og:image:type\" content=\"image\/jpeg\" \/>\n<meta name=\"twitter:card\" content=\"summary_large_image\" \/>\n<meta name=\"twitter:label1\" content=\"Dur\u00e9e de lecture estim\u00e9e\" \/>\n\t<meta name=\"twitter:data1\" content=\"3 minutes\" \/>\n<script type=\"application\/ld+json\" class=\"yoast-schema-graph\">{\"@context\":\"https:\\\/\\\/schema.org\",\"@graph\":[{\"@type\":\"WebPage\",\"@id\":\"https:\\\/\\\/efficiencymb.ca\\\/fr\\\/business\\\/bioenergie\\\/\",\"url\":\"https:\\\/\\\/efficiencymb.ca\\\/fr\\\/business\\\/bioenergie\\\/\",\"name\":\"Bio\u00e9nergie &#8212; Efficiency Manitoba\",\"isPartOf\":{\"@id\":\"https:\\\/\\\/efficiencymb.ca\\\/#website\"},\"primaryImageOfPage\":{\"@id\":\"https:\\\/\\\/efficiencymb.ca\\\/fr\\\/business\\\/bioenergie\\\/#primaryimage\"},\"image\":{\"@id\":\"https:\\\/\\\/efficiencymb.ca\\\/fr\\\/business\\\/bioenergie\\\/#primaryimage\"},\"thumbnailUrl\":\"https:\\\/\\\/efficiencymb.ca\\\/wp-content\\\/uploads\\\/Bioenergy-banner-1.jpg\",\"datePublished\":\"2023-05-18T18:14:58+00:00\",\"dateModified\":\"2023-06-22T15:23:44+00:00\",\"description\":\"If you are looking to make your industrial, commercial, or agricultural facility more energy efficient, we are here to help. We have the expertise to help you investigate and identify energy-saving opportunities as well as financial incentives to help you implement your project.\",\"breadcrumb\":{\"@id\":\"https:\\\/\\\/efficiencymb.ca\\\/fr\\\/business\\\/bioenergie\\\/#breadcrumb\"},\"inLanguage\":\"fr-FR\",\"potentialAction\":[{\"@type\":\"ReadAction\",\"target\":[\"https:\\\/\\\/efficiencymb.ca\\\/fr\\\/business\\\/bioenergie\\\/\"]}]},{\"@type\":\"ImageObject\",\"inLanguage\":\"fr-FR\",\"@id\":\"https:\\\/\\\/efficiencymb.ca\\\/fr\\\/business\\\/bioenergie\\\/#primaryimage\",\"url\":\"https:\\\/\\\/efficiencymb.ca\\\/wp-content\\\/uploads\\\/Bioenergy-banner-1.jpg\",\"contentUrl\":\"https:\\\/\\\/efficiencymb.ca\\\/wp-content\\\/uploads\\\/Bioenergy-banner-1.jpg\",\"width\":2400,\"height\":1350,\"caption\":\"A man holds wood pellets in his hands. Biofuels. Renewable energy source. Pressed sawdust for industrial use. Alternative bio fuel. Wood filler used in cat litter.\"},{\"@type\":\"BreadcrumbList\",\"@id\":\"https:\\\/\\\/efficiencymb.ca\\\/fr\\\/business\\\/bioenergie\\\/#breadcrumb\",\"itemListElement\":[{\"@type\":\"ListItem\",\"position\":1,\"name\":\"Home\",\"item\":\"https:\\\/\\\/efficiencymb.ca\\\/fr\\\/\"},{\"@type\":\"ListItem\",\"position\":2,\"name\":\"MON ENTREPRISE\",\"item\":\"https:\\\/\\\/efficiencymb.ca\\\/fr\\\/business\\\/\"},{\"@type\":\"ListItem\",\"position\":3,\"name\":\"Bio\u00e9nergie\"}]},{\"@type\":\"WebSite\",\"@id\":\"https:\\\/\\\/efficiencymb.ca\\\/#website\",\"url\":\"https:\\\/\\\/efficiencymb.ca\\\/\",\"name\":\"Efficiency Manitoba\",\"description\":\"\",\"publisher\":{\"@id\":\"https:\\\/\\\/efficiencymb.ca\\\/#organization\"},\"potentialAction\":[{\"@type\":\"SearchAction\",\"target\":{\"@type\":\"EntryPoint\",\"urlTemplate\":\"https:\\\/\\\/efficiencymb.ca\\\/?s={search_term_string}\"},\"query-input\":{\"@type\":\"PropertyValueSpecification\",\"valueRequired\":true,\"valueName\":\"search_term_string\"}}],\"inLanguage\":\"fr-FR\"},{\"@type\":\"Organization\",\"@id\":\"https:\\\/\\\/efficiencymb.ca\\\/#organization\",\"name\":\"Efficiency Manitoba\",\"url\":\"https:\\\/\\\/efficiencymb.ca\\\/\",\"logo\":{\"@type\":\"ImageObject\",\"inLanguage\":\"fr-FR\",\"@id\":\"https:\\\/\\\/efficiencymb.ca\\\/#\\\/schema\\\/logo\\\/image\\\/\",\"url\":\"https:\\\/\\\/efficiencymb.ca\\\/wp-content\\\/uploads\\\/em-logo-white-en.png\",\"contentUrl\":\"https:\\\/\\\/efficiencymb.ca\\\/wp-content\\\/uploads\\\/em-logo-white-en.png\",\"width\":388,\"height\":91,\"caption\":\"Efficiency Manitoba\"},\"image\":{\"@id\":\"https:\\\/\\\/efficiencymb.ca\\\/#\\\/schema\\\/logo\\\/image\\\/\"}}]}<\/script>\n<!-- \/ Yoast SEO plugin. -->","yoast_head_json":{"title":"Bio\u00e9nergie &#8212; Efficiency Manitoba","description":"If you are looking to make your industrial, commercial, or agricultural facility more energy efficient, we are here to help. We have the expertise to help you investigate and identify energy-saving opportunities as well as financial incentives to help you implement your project.","robots":{"index":"index","follow":"follow","max-snippet":"max-snippet:-1","max-image-preview":"max-image-preview:large","max-video-preview":"max-video-preview:-1"},"canonical":"https:\/\/efficiencymb.ca\/fr\/business\/bioenergie\/","og_locale":"fr_FR","og_type":"article","og_title":"Bio\u00e9nergie &#8212; Efficiency Manitoba","og_description":"If you are looking to make your industrial, commercial, or agricultural facility more energy efficient, we are here to help. We have the expertise to help you investigate and identify energy-saving opportunities as well as financial incentives to help you implement your project.","og_url":"https:\/\/efficiencymb.ca\/fr\/business\/bioenergie\/","og_site_name":"Efficiency Manitoba","article_modified_time":"2023-06-22T15:23:44+00:00","og_image":[{"width":2400,"height":1350,"url":"https:\/\/efficiencymb.ca\/wp-content\/uploads\/Bioenergy-banner-1.jpg","type":"image\/jpeg"}],"twitter_card":"summary_large_image","twitter_misc":{"Dur\u00e9e de lecture estim\u00e9e":"3 minutes"},"schema":{"@context":"https:\/\/schema.org","@graph":[{"@type":"WebPage","@id":"https:\/\/efficiencymb.ca\/fr\/business\/bioenergie\/","url":"https:\/\/efficiencymb.ca\/fr\/business\/bioenergie\/","name":"Bio\u00e9nergie &#8212; Efficiency Manitoba","isPartOf":{"@id":"https:\/\/efficiencymb.ca\/#website"},"primaryImageOfPage":{"@id":"https:\/\/efficiencymb.ca\/fr\/business\/bioenergie\/#primaryimage"},"image":{"@id":"https:\/\/efficiencymb.ca\/fr\/business\/bioenergie\/#primaryimage"},"thumbnailUrl":"https:\/\/efficiencymb.ca\/wp-content\/uploads\/Bioenergy-banner-1.jpg","datePublished":"2023-05-18T18:14:58+00:00","dateModified":"2023-06-22T15:23:44+00:00","description":"If you are looking to make your industrial, commercial, or agricultural facility more energy efficient, we are here to help. We have the expertise to help you investigate and identify energy-saving opportunities as well as financial incentives to help you implement your project.","breadcrumb":{"@id":"https:\/\/efficiencymb.ca\/fr\/business\/bioenergie\/#breadcrumb"},"inLanguage":"fr-FR","potentialAction":[{"@type":"ReadAction","target":["https:\/\/efficiencymb.ca\/fr\/business\/bioenergie\/"]}]},{"@type":"ImageObject","inLanguage":"fr-FR","@id":"https:\/\/efficiencymb.ca\/fr\/business\/bioenergie\/#primaryimage","url":"https:\/\/efficiencymb.ca\/wp-content\/uploads\/Bioenergy-banner-1.jpg","contentUrl":"https:\/\/efficiencymb.ca\/wp-content\/uploads\/Bioenergy-banner-1.jpg","width":2400,"height":1350,"caption":"A man holds wood pellets in his hands. Biofuels. Renewable energy source. Pressed sawdust for industrial use. Alternative bio fuel. Wood filler used in cat litter."},{"@type":"BreadcrumbList","@id":"https:\/\/efficiencymb.ca\/fr\/business\/bioenergie\/#breadcrumb","itemListElement":[{"@type":"ListItem","position":1,"name":"Home","item":"https:\/\/efficiencymb.ca\/fr\/"},{"@type":"ListItem","position":2,"name":"MON ENTREPRISE","item":"https:\/\/efficiencymb.ca\/fr\/business\/"},{"@type":"ListItem","position":3,"name":"Bio\u00e9nergie"}]},{"@type":"WebSite","@id":"https:\/\/efficiencymb.ca\/#website","url":"https:\/\/efficiencymb.ca\/","name":"Efficiency Manitoba","description":"","publisher":{"@id":"https:\/\/efficiencymb.ca\/#organization"},"potentialAction":[{"@type":"SearchAction","target":{"@type":"EntryPoint","urlTemplate":"https:\/\/efficiencymb.ca\/?s={search_term_string}"},"query-input":{"@type":"PropertyValueSpecification","valueRequired":true,"valueName":"search_term_string"}}],"inLanguage":"fr-FR"},{"@type":"Organization","@id":"https:\/\/efficiencymb.ca\/#organization","name":"Efficiency Manitoba","url":"https:\/\/efficiencymb.ca\/","logo":{"@type":"ImageObject","inLanguage":"fr-FR","@id":"https:\/\/efficiencymb.ca\/#\/schema\/logo\/image\/","url":"https:\/\/efficiencymb.ca\/wp-content\/uploads\/em-logo-white-en.png","contentUrl":"https:\/\/efficiencymb.ca\/wp-content\/uploads\/em-logo-white-en.png","width":388,"height":91,"caption":"Efficiency Manitoba"},"image":{"@id":"https:\/\/efficiencymb.ca\/#\/schema\/logo\/image\/"}}]}},"_links":{"self":[{"href":"https:\/\/efficiencymb.ca\/fr\/wp-json\/wp\/v2\/pages\/13495","targetHints":{"allow":["GET"]}}],"collection":[{"href":"https:\/\/efficiencymb.ca\/fr\/wp-json\/wp\/v2\/pages"}],"about":[{"href":"https:\/\/efficiencymb.ca\/fr\/wp-json\/wp\/v2\/types\/page"}],"author":[{"embeddable":true,"href":"https:\/\/efficiencymb.ca\/fr\/wp-json\/wp\/v2\/users\/6"}],"replies":[{"embeddable":true,"href":"https:\/\/efficiencymb.ca\/fr\/wp-json\/wp\/v2\/comments?post=13495"}],"version-history":[{"count":13,"href":"https:\/\/efficiencymb.ca\/fr\/wp-json\/wp\/v2\/pages\/13495\/revisions"}],"predecessor-version":[{"id":27904,"href":"https:\/\/efficiencymb.ca\/fr\/wp-json\/wp\/v2\/pages\/13495\/revisions\/27904"}],"up":[{"embeddable":true,"href":"https:\/\/efficiencymb.ca\/fr\/wp-json\/wp\/v2\/pages\/13103"}],"wp:featuredmedia":[{"embeddable":true,"href":"https:\/\/efficiencymb.ca\/fr\/wp-json\/wp\/v2\/media\/16172"}],"wp:attachment":[{"href":"https:\/\/efficiencymb.ca\/fr\/wp-json\/wp\/v2\/media?parent=13495"}],"curies":[{"name":"wp","href":"https:\/\/api.w.org\/{rel}","templated":true}]}}