{"id":13387,"date":"2020-04-23T18:40:29","date_gmt":"2020-04-23T18:40:29","guid":{"rendered":"https:\/\/efficiencymb.ca\/my-home\/appliance-recycling-coming-soon\/"},"modified":"2023-05-17T19:56:34","modified_gmt":"2023-05-18T00:56:34","slug":"programme-de-recyclage-des-appareils-electromenagers-bientot-disponible","status":"publish","type":"page","link":"https:\/\/efficiencymb.ca\/fr\/ma-maison\/programme-de-recyclage-des-appareils-electromenagers-bientot-disponible\/","title":{"rendered":"Programme de recyclage des appareils \u00e9lectrom\u00e9nagers \u2014 Bient\u00f4t disponible"},"content":{"rendered":"\n<div class=\"wp-block-group is-style-content-columns\"><div class=\"wp-block-group__inner-container is-layout-flow wp-block-group-is-layout-flow\">\n<h1 class=\"wp-block-heading has-text-align-center is-style-hero-heading\">PROGRAMME DE RECYCLAGE DES APPAREILS \u00c9LECTROM\u00c9NAGERS<\/h1>\n\n\n\n<h2 class=\"wp-block-heading has-text-align-center is-style-hero-heading-grey\">\u00c0 VENIR EN AVRIL 2021!<\/h2>\n\n\n\n<p class=\"has-text-align-left\">Si vous avez un vieux r\u00e9frig\u00e9rateur ou un cong\u00e9lateur qui consomme beaucoup d\u2019\u00e9nergie, nous pouvons vous en d\u00e9barrasser. Nous l\u2019enl\u00e8verons gratuitement, le recyclerons et vous donnerons une remise de 30 $ pour chaque appareil admissible. Vous \u00e9conomiserez sur vos factures d\u2019\u00e9nergie et vous aurez la satisfaction de savoir que votre vieil appareil sera recycl\u00e9 de fa\u00e7on responsable.<\/p>\n\n\n\n<p class=\"has-text-align-left\">Nous offrons \u00e9galement le ramassage gratuit des d\u00e9shumidificateurs, des climatiseurs de fen\u00eatre, des r\u00e9frig\u00e9rateurs et des cong\u00e9lateurs de bar lorsqu\u2019ils sont jumel\u00e9s \u00e0 un r\u00e9frig\u00e9rateur ou un cong\u00e9lateur pleine grandeur admissible. M\u00eame s\u2019ils ne sont pas admissibles \u00e0 une remise de 30 $, vous b\u00e9n\u00e9ficierez tout de m\u00eame du ramassage et du recyclage gratuits.<\/p>\n\n\n\n<p class=\"has-text-align-left\">Notre ligne t\u00e9l\u00e9phonique et notre syst\u00e8me de r\u00e9servation en ligne ouvriront en avril 2021. Nous mettrons \u00e0 jour cette page Web avec plus de d\u00e9tails le jour du lancement!<\/p>\n\n\n\n<h2 class=\"wp-block-heading has-text-align-center is-style-hero-heading-grey\">VOUS, ET VOTRE APPAREIL, \u00caTES-VOUS ADMISSIBLES?<\/h2>\n\n\n\n<ul class=\"wp-block-list\">\n<li>Votre r\u00e9frig\u00e9rateur ou cong\u00e9lateur doit avoir au moins 20 ans et avoir un volume de 10 pieds cubes ou plus.<\/li>\n\n\n\n<li>Votre appareil est en \u00e9tat de marche et capable de refroidir.<\/li>\n\n\n\n<li>Votre appareil se trouve dans une maison unifamiliale ou un condo (les propri\u00e9t\u00e9s saisonni\u00e8res, les appartements et les entreprises ne sont pas admissibles).<\/li>\n\n\n\n<li>Vous \u00eates propri\u00e9taire d\u2019une maison au Manitoba.<\/li>\n\n\n\n<li>Vous \u00eates \u00e2g\u00e9s de plus de 18 ans et vous \u00eates propri\u00e9taire de l\u2019appareil \u00e0 recycler.<\/li>\n<\/ul>\n\n\n\n<div style=\"height:30px\" aria-hidden=\"true\" class=\"wp-block-spacer\"><\/div>\n<\/div><\/div>\n","protected":false},"excerpt":{"rendered":"<p>PROGRAMME DE RECYCLAGE DES APPAREILS \u00c9LECTROM\u00c9NAGERS \u00c0 VENIR EN AVRIL 2021! Si vous avez un vieux r\u00e9frig\u00e9rateur ou un cong\u00e9lateur qui consomme beaucoup d\u2019\u00e9nergie, nous pouvons vous en d\u00e9barrasser. Nous l\u2019enl\u00e8verons gratuitement, le recyclerons et vous donnerons une remise de 30 $ pour chaque appareil admissible. Vous \u00e9conomiserez sur vos factures d\u2019\u00e9nergie et vous aurezcontinue-reading<\/p>\n","protected":false},"author":10,"featured_media":2042,"parent":13101,"menu_order":0,"comment_status":"closed","ping_status":"closed","template":"","meta":{"_acf_changed":false,"footnotes":""},"class_list":["post-13387","page","type-page","status-publish","has-post-thumbnail","hentry"],"acf":[],"yoast_head":"<!-- This site is optimized with the Yoast SEO plugin v27.3 - https:\/\/yoast.com\/product\/yoast-seo-wordpress\/ -->\n<title>Programme de recyclage des appareils \u00e9lectrom\u00e9nagers \u2014 Bient\u00f4t disponible &#8212; Efficiency Manitoba<\/title>\n<meta name=\"robots\" content=\"index, follow, max-snippet:-1, max-image-preview:large, max-video-preview:-1\" \/>\n<link rel=\"canonical\" href=\"https:\/\/efficiencymb.ca\/fr\/ma-maison\/programme-de-recyclage-des-appareils-electromenagers-bientot-disponible\/\" \/>\n<meta property=\"og:locale\" content=\"fr_FR\" \/>\n<meta property=\"og:type\" content=\"article\" \/>\n<meta property=\"og:title\" content=\"Programme de recyclage des appareils \u00e9lectrom\u00e9nagers \u2014 Bient\u00f4t disponible &#8212; Efficiency Manitoba\" \/>\n<meta property=\"og:description\" content=\"PROGRAMME DE RECYCLAGE DES APPAREILS \u00c9LECTROM\u00c9NAGERS \u00c0 VENIR EN AVRIL 2021! Si vous avez un vieux r\u00e9frig\u00e9rateur ou un cong\u00e9lateur qui consomme beaucoup d\u2019\u00e9nergie, nous pouvons vous en d\u00e9barrasser. Nous l\u2019enl\u00e8verons gratuitement, le recyclerons et vous donnerons une remise de 30 $ pour chaque appareil admissible. Vous \u00e9conomiserez sur vos factures d\u2019\u00e9nergie et vous aurezcontinue-reading\" \/>\n<meta property=\"og:url\" content=\"https:\/\/efficiencymb.ca\/fr\/ma-maison\/programme-de-recyclage-des-appareils-electromenagers-bientot-disponible\/\" \/>\n<meta property=\"og:site_name\" content=\"Efficiency Manitoba\" \/>\n<meta property=\"article:modified_time\" content=\"2023-05-18T00:56:34+00:00\" \/>\n<meta property=\"og:image\" content=\"https:\/\/efficiencymb.ca\/wp-content\/uploads\/appliance-recycling-program-banner_v2.jpg\" \/>\n\t<meta property=\"og:image:width\" content=\"2400\" \/>\n\t<meta property=\"og:image:height\" content=\"1350\" \/>\n\t<meta property=\"og:image:type\" content=\"image\/jpeg\" \/>\n<meta name=\"twitter:card\" content=\"summary_large_image\" \/>\n<meta name=\"twitter:label1\" content=\"Dur\u00e9e de lecture estim\u00e9e\" \/>\n\t<meta name=\"twitter:data1\" content=\"2 minutes\" \/>\n<script type=\"application\/ld+json\" class=\"yoast-schema-graph\">{\"@context\":\"https:\\\/\\\/schema.org\",\"@graph\":[{\"@type\":\"WebPage\",\"@id\":\"https:\\\/\\\/efficiencymb.ca\\\/fr\\\/ma-maison\\\/programme-de-recyclage-des-appareils-electromenagers-bientot-disponible\\\/\",\"url\":\"https:\\\/\\\/efficiencymb.ca\\\/fr\\\/ma-maison\\\/programme-de-recyclage-des-appareils-electromenagers-bientot-disponible\\\/\",\"name\":\"Programme de recyclage des appareils \u00e9lectrom\u00e9nagers \u2014 Bient\u00f4t disponible &#8212; Efficiency Manitoba\",\"isPartOf\":{\"@id\":\"https:\\\/\\\/efficiencymb.ca\\\/#website\"},\"primaryImageOfPage\":{\"@id\":\"https:\\\/\\\/efficiencymb.ca\\\/fr\\\/ma-maison\\\/programme-de-recyclage-des-appareils-electromenagers-bientot-disponible\\\/#primaryimage\"},\"image\":{\"@id\":\"https:\\\/\\\/efficiencymb.ca\\\/fr\\\/ma-maison\\\/programme-de-recyclage-des-appareils-electromenagers-bientot-disponible\\\/#primaryimage\"},\"thumbnailUrl\":\"https:\\\/\\\/efficiencymb.ca\\\/wp-content\\\/uploads\\\/appliance-recycling-program-banner_v2.jpg\",\"datePublished\":\"2020-04-23T18:40:29+00:00\",\"dateModified\":\"2023-05-18T00:56:34+00:00\",\"breadcrumb\":{\"@id\":\"https:\\\/\\\/efficiencymb.ca\\\/fr\\\/ma-maison\\\/programme-de-recyclage-des-appareils-electromenagers-bientot-disponible\\\/#breadcrumb\"},\"inLanguage\":\"fr-FR\",\"potentialAction\":[{\"@type\":\"ReadAction\",\"target\":[\"https:\\\/\\\/efficiencymb.ca\\\/fr\\\/ma-maison\\\/programme-de-recyclage-des-appareils-electromenagers-bientot-disponible\\\/\"]}]},{\"@type\":\"ImageObject\",\"inLanguage\":\"fr-FR\",\"@id\":\"https:\\\/\\\/efficiencymb.ca\\\/fr\\\/ma-maison\\\/programme-de-recyclage-des-appareils-electromenagers-bientot-disponible\\\/#primaryimage\",\"url\":\"https:\\\/\\\/efficiencymb.ca\\\/wp-content\\\/uploads\\\/appliance-recycling-program-banner_v2.jpg\",\"contentUrl\":\"https:\\\/\\\/efficiencymb.ca\\\/wp-content\\\/uploads\\\/appliance-recycling-program-banner_v2.jpg\",\"width\":2400,\"height\":1350,\"caption\":\"Personne regardant dans un r\u00e9frig\u00e9rateur\"},{\"@type\":\"BreadcrumbList\",\"@id\":\"https:\\\/\\\/efficiencymb.ca\\\/fr\\\/ma-maison\\\/programme-de-recyclage-des-appareils-electromenagers-bientot-disponible\\\/#breadcrumb\",\"itemListElement\":[{\"@type\":\"ListItem\",\"position\":1,\"name\":\"Home\",\"item\":\"https:\\\/\\\/efficiencymb.ca\\\/fr\\\/\"},{\"@type\":\"ListItem\",\"position\":2,\"name\":\"Ma Maison\",\"item\":\"https:\\\/\\\/efficiencymb.ca\\\/fr\\\/ma-maison\\\/\"},{\"@type\":\"ListItem\",\"position\":3,\"name\":\"Programme de recyclage des appareils \u00e9lectrom\u00e9nagers \u2014 Bient\u00f4t disponible\"}]},{\"@type\":\"WebSite\",\"@id\":\"https:\\\/\\\/efficiencymb.ca\\\/#website\",\"url\":\"https:\\\/\\\/efficiencymb.ca\\\/\",\"name\":\"Efficiency Manitoba\",\"description\":\"\",\"publisher\":{\"@id\":\"https:\\\/\\\/efficiencymb.ca\\\/#organization\"},\"potentialAction\":[{\"@type\":\"SearchAction\",\"target\":{\"@type\":\"EntryPoint\",\"urlTemplate\":\"https:\\\/\\\/efficiencymb.ca\\\/?s={search_term_string}\"},\"query-input\":{\"@type\":\"PropertyValueSpecification\",\"valueRequired\":true,\"valueName\":\"search_term_string\"}}],\"inLanguage\":\"fr-FR\"},{\"@type\":\"Organization\",\"@id\":\"https:\\\/\\\/efficiencymb.ca\\\/#organization\",\"name\":\"Efficiency Manitoba\",\"url\":\"https:\\\/\\\/efficiencymb.ca\\\/\",\"logo\":{\"@type\":\"ImageObject\",\"inLanguage\":\"fr-FR\",\"@id\":\"https:\\\/\\\/efficiencymb.ca\\\/#\\\/schema\\\/logo\\\/image\\\/\",\"url\":\"https:\\\/\\\/efficiencymb.ca\\\/wp-content\\\/uploads\\\/em-logo-white-en.png\",\"contentUrl\":\"https:\\\/\\\/efficiencymb.ca\\\/wp-content\\\/uploads\\\/em-logo-white-en.png\",\"width\":388,\"height\":91,\"caption\":\"Efficiency Manitoba\"},\"image\":{\"@id\":\"https:\\\/\\\/efficiencymb.ca\\\/#\\\/schema\\\/logo\\\/image\\\/\"}}]}<\/script>\n<!-- \/ Yoast SEO plugin. -->","yoast_head_json":{"title":"Programme de recyclage des appareils \u00e9lectrom\u00e9nagers \u2014 Bient\u00f4t disponible &#8212; Efficiency Manitoba","robots":{"index":"index","follow":"follow","max-snippet":"max-snippet:-1","max-image-preview":"max-image-preview:large","max-video-preview":"max-video-preview:-1"},"canonical":"https:\/\/efficiencymb.ca\/fr\/ma-maison\/programme-de-recyclage-des-appareils-electromenagers-bientot-disponible\/","og_locale":"fr_FR","og_type":"article","og_title":"Programme de recyclage des appareils \u00e9lectrom\u00e9nagers \u2014 Bient\u00f4t disponible &#8212; Efficiency Manitoba","og_description":"PROGRAMME DE RECYCLAGE DES APPAREILS \u00c9LECTROM\u00c9NAGERS \u00c0 VENIR EN AVRIL 2021! Si vous avez un vieux r\u00e9frig\u00e9rateur ou un cong\u00e9lateur qui consomme beaucoup d\u2019\u00e9nergie, nous pouvons vous en d\u00e9barrasser. Nous l\u2019enl\u00e8verons gratuitement, le recyclerons et vous donnerons une remise de 30 $ pour chaque appareil admissible. Vous \u00e9conomiserez sur vos factures d\u2019\u00e9nergie et vous aurezcontinue-reading","og_url":"https:\/\/efficiencymb.ca\/fr\/ma-maison\/programme-de-recyclage-des-appareils-electromenagers-bientot-disponible\/","og_site_name":"Efficiency Manitoba","article_modified_time":"2023-05-18T00:56:34+00:00","og_image":[{"width":2400,"height":1350,"url":"https:\/\/efficiencymb.ca\/wp-content\/uploads\/appliance-recycling-program-banner_v2.jpg","type":"image\/jpeg"}],"twitter_card":"summary_large_image","twitter_misc":{"Dur\u00e9e de lecture estim\u00e9e":"2 minutes"},"schema":{"@context":"https:\/\/schema.org","@graph":[{"@type":"WebPage","@id":"https:\/\/efficiencymb.ca\/fr\/ma-maison\/programme-de-recyclage-des-appareils-electromenagers-bientot-disponible\/","url":"https:\/\/efficiencymb.ca\/fr\/ma-maison\/programme-de-recyclage-des-appareils-electromenagers-bientot-disponible\/","name":"Programme de recyclage des appareils \u00e9lectrom\u00e9nagers \u2014 Bient\u00f4t disponible &#8212; Efficiency Manitoba","isPartOf":{"@id":"https:\/\/efficiencymb.ca\/#website"},"primaryImageOfPage":{"@id":"https:\/\/efficiencymb.ca\/fr\/ma-maison\/programme-de-recyclage-des-appareils-electromenagers-bientot-disponible\/#primaryimage"},"image":{"@id":"https:\/\/efficiencymb.ca\/fr\/ma-maison\/programme-de-recyclage-des-appareils-electromenagers-bientot-disponible\/#primaryimage"},"thumbnailUrl":"https:\/\/efficiencymb.ca\/wp-content\/uploads\/appliance-recycling-program-banner_v2.jpg","datePublished":"2020-04-23T18:40:29+00:00","dateModified":"2023-05-18T00:56:34+00:00","breadcrumb":{"@id":"https:\/\/efficiencymb.ca\/fr\/ma-maison\/programme-de-recyclage-des-appareils-electromenagers-bientot-disponible\/#breadcrumb"},"inLanguage":"fr-FR","potentialAction":[{"@type":"ReadAction","target":["https:\/\/efficiencymb.ca\/fr\/ma-maison\/programme-de-recyclage-des-appareils-electromenagers-bientot-disponible\/"]}]},{"@type":"ImageObject","inLanguage":"fr-FR","@id":"https:\/\/efficiencymb.ca\/fr\/ma-maison\/programme-de-recyclage-des-appareils-electromenagers-bientot-disponible\/#primaryimage","url":"https:\/\/efficiencymb.ca\/wp-content\/uploads\/appliance-recycling-program-banner_v2.jpg","contentUrl":"https:\/\/efficiencymb.ca\/wp-content\/uploads\/appliance-recycling-program-banner_v2.jpg","width":2400,"height":1350,"caption":"Personne regardant dans un r\u00e9frig\u00e9rateur"},{"@type":"BreadcrumbList","@id":"https:\/\/efficiencymb.ca\/fr\/ma-maison\/programme-de-recyclage-des-appareils-electromenagers-bientot-disponible\/#breadcrumb","itemListElement":[{"@type":"ListItem","position":1,"name":"Home","item":"https:\/\/efficiencymb.ca\/fr\/"},{"@type":"ListItem","position":2,"name":"Ma Maison","item":"https:\/\/efficiencymb.ca\/fr\/ma-maison\/"},{"@type":"ListItem","position":3,"name":"Programme de recyclage des appareils \u00e9lectrom\u00e9nagers \u2014 Bient\u00f4t disponible"}]},{"@type":"WebSite","@id":"https:\/\/efficiencymb.ca\/#website","url":"https:\/\/efficiencymb.ca\/","name":"Efficiency Manitoba","description":"","publisher":{"@id":"https:\/\/efficiencymb.ca\/#organization"},"potentialAction":[{"@type":"SearchAction","target":{"@type":"EntryPoint","urlTemplate":"https:\/\/efficiencymb.ca\/?s={search_term_string}"},"query-input":{"@type":"PropertyValueSpecification","valueRequired":true,"valueName":"search_term_string"}}],"inLanguage":"fr-FR"},{"@type":"Organization","@id":"https:\/\/efficiencymb.ca\/#organization","name":"Efficiency Manitoba","url":"https:\/\/efficiencymb.ca\/","logo":{"@type":"ImageObject","inLanguage":"fr-FR","@id":"https:\/\/efficiencymb.ca\/#\/schema\/logo\/image\/","url":"https:\/\/efficiencymb.ca\/wp-content\/uploads\/em-logo-white-en.png","contentUrl":"https:\/\/efficiencymb.ca\/wp-content\/uploads\/em-logo-white-en.png","width":388,"height":91,"caption":"Efficiency Manitoba"},"image":{"@id":"https:\/\/efficiencymb.ca\/#\/schema\/logo\/image\/"}}]}},"_links":{"self":[{"href":"https:\/\/efficiencymb.ca\/fr\/wp-json\/wp\/v2\/pages\/13387","targetHints":{"allow":["GET"]}}],"collection":[{"href":"https:\/\/efficiencymb.ca\/fr\/wp-json\/wp\/v2\/pages"}],"about":[{"href":"https:\/\/efficiencymb.ca\/fr\/wp-json\/wp\/v2\/types\/page"}],"author":[{"embeddable":true,"href":"https:\/\/efficiencymb.ca\/fr\/wp-json\/wp\/v2\/users\/10"}],"replies":[{"embeddable":true,"href":"https:\/\/efficiencymb.ca\/fr\/wp-json\/wp\/v2\/comments?post=13387"}],"version-history":[{"count":3,"href":"https:\/\/efficiencymb.ca\/fr\/wp-json\/wp\/v2\/pages\/13387\/revisions"}],"predecessor-version":[{"id":23958,"href":"https:\/\/efficiencymb.ca\/fr\/wp-json\/wp\/v2\/pages\/13387\/revisions\/23958"}],"up":[{"embeddable":true,"href":"https:\/\/efficiencymb.ca\/fr\/wp-json\/wp\/v2\/pages\/13101"}],"wp:featuredmedia":[{"embeddable":true,"href":"https:\/\/efficiencymb.ca\/fr\/wp-json\/wp\/v2\/media\/2042"}],"wp:attachment":[{"href":"https:\/\/efficiencymb.ca\/fr\/wp-json\/wp\/v2\/media?parent=13387"}],"curies":[{"name":"wp","href":"https:\/\/api.w.org\/{rel}","templated":true}]}}