{"id":13377,"date":"2020-04-29T17:22:26","date_gmt":"2020-04-29T17:22:26","guid":{"rendered":"https:\/\/efficiencymb.ca\/my-home\/energy-efficiency-assistance-program\/contractors\/"},"modified":"2025-07-28T09:36:08","modified_gmt":"2025-07-28T14:36:08","slug":"revenu-bases-entrepreneurs","status":"publish","type":"page","link":"https:\/\/efficiencymb.ca\/fr\/revenu-bases-entrepreneurs\/","title":{"rendered":"Entrepreneurs agr\u00e9\u00e9s"},"content":{"rendered":"\n<div class=\"wp-block-group is-style-content-wide\"><div class=\"wp-block-group__inner-container is-layout-flow wp-block-group-is-layout-flow\">\n<h2 class=\"wp-block-heading has-text-align-center is-style-hero-heading-grey\">OFFRES BAS\u00c9S SUR LE REVENU<\/h2>\n\n\n\n<p class=\"has-text-align-center has-medium-font-size\">Nous vous aidons \u00e0 trouver facilement un entrepreneur pour effectuer vos travaux d\u2019am\u00e9lioration de l\u2019efficacit\u00e9 \u00e9nerg\u00e9tique!<\/p>\n\n\n\n<div style=\"height:30px\" aria-hidden=\"true\" class=\"wp-block-spacer\"><\/div>\n\n\n\n<p class=\"has-text-align-center has-medium-font-size\">Nous travaillons avec des entrepreneurs inscrits qui ont \u00e9t\u00e9 approuv\u00e9s pour effectuer des r\u00e9novations \u00e9co\u00e9nerg\u00e9tiques dans le cadre de notre Programme d\u2019aide \u00e0 l\u2019efficacit\u00e9 \u00e9nerg\u00e9tique et de nos Offres d\u2019efficacit\u00e9 \u00e9nerg\u00e9tique pour les M\u00e9tis. Seuls les entrepreneurs inscrits peuvent effectuer des r\u00e9novations dans le cadre de ces programmes et offres.e.<\/p>\n\n\n\n<div style=\"height:50px\" aria-hidden=\"true\" class=\"wp-block-spacer\"><\/div>\n\n\n\n<h2 class=\"wp-block-heading has-text-align-center is-style-hero-heading\">Trouvez un entrepreneur pour effectuer vos r\u00e9novations<\/h2>\n\n\n\n<p class=\"has-text-align-center has-medium-font-size\"><a href=\"https:\/\/efficiencymb.ca\/wp-content\/uploads\/IQP_ParticipatingFurnaceContractors_FNL_web.pdf\" target=\"_blank\" rel=\"noreferrer noopener\"><\/a><a href=\"https:\/\/efficiencymb.ca\/fr\/iqp_participatinginsulationcontractors_fnl_web-2\/\">Consultez notre liste d\u2019entrepreneurs en appareils de chauffage<\/a> (en anglais).<\/p>\n\n\n\n<p class=\"has-text-align-center has-medium-font-size\"><a href=\"https:\/\/efficiencymb.ca\/wp-content\/uploads\/EEAP_Participating_Furnace_Contractors.pdf\" target=\"_blank\" rel=\"noreferrer noopener\">Consultez notre liste d&rsquo;entrepreneurs en isolation<\/a> (en anglais).<\/p>\n\n\n\n<p class=\"has-text-align-center has-medium-font-size\"><a href=\"https:\/\/efficiencymb.ca\/wp-content\/uploads\/Cold-climate-air-source-heat-pump-contractors-March-2025.pdf\" target=\"_blank\" rel=\"noreferrer noopener\">Consultez notre liste d\u2019entrepreneurs sp\u00e9cialis\u00e9s dans les thermopompes \u00e0 air<\/a> (en anglais).<\/p>\n\n\n\n<p class=\"has-text-align-center has-medium-font-size\"><a href=\"https:\/\/efficiencymb.ca\/wp-content\/uploads\/EEAP_GSHPContractors.pdf\" target=\"_blank\" rel=\"noreferrer noopener\">Consultez notre liste d\u2019entrepreneurs sp\u00e9cialis\u00e9s dans les pompes g\u00e9othermiques<\/a> (en anglais).<\/p>\n\n\n\n<div style=\"height:50px\" aria-hidden=\"true\" class=\"wp-block-spacer\"><\/div>\n\n\n\n<h2 class=\"wp-block-heading has-text-align-center is-style-hero-heading\"><strong>Devenir un entrepreneur agr\u00e9\u00e9<\/strong><\/h2>\n\n\n\n<p class=\"has-text-align-center has-medium-font-size\">Nous inscrivons les entrepreneurs au moyen d\u2019un processus de pr\u00e9s\u00e9lection par appel d\u2019offres.<\/p>\n\n\n\n<p class=\"has-text-align-center has-medium-font-size\"><a href=\"mailto:EEAP@efficiencyMB.ca\" target=\"_blank\" rel=\"noreferrer noopener\"><\/a><a href=\"mailto:IncomeQualified@efficiencyMB.ca\" target=\"_blank\" rel=\"noreferrer noopener\"><\/a><a href=\"mailto:EEAP@efficiencyMB.ca\">Contactez-nous pour en savoir plus.<\/a><\/p>\n<\/div><\/div>\n\n\n\n<div style=\"height:50px\" aria-hidden=\"true\" class=\"wp-block-spacer\"><\/div>\n\n\n\n<figure class=\"wp-block-image size-full\"><img loading=\"lazy\" decoding=\"async\" width=\"2000\" height=\"400\" src=\"https:\/\/efficiencymb.ca\/wp-content\/uploads\/bg-bottom-only-blue-green@2x.png\" alt=\"\" class=\"wp-image-612\" srcset=\"https:\/\/efficiencymb.ca\/wp-content\/uploads\/bg-bottom-only-blue-green@2x.png 2000w, https:\/\/efficiencymb.ca\/wp-content\/uploads\/bg-bottom-only-blue-green@2x-479x96.png 479w, https:\/\/efficiencymb.ca\/wp-content\/uploads\/bg-bottom-only-blue-green@2x-1024x205.png 1024w, https:\/\/efficiencymb.ca\/wp-content\/uploads\/bg-bottom-only-blue-green@2x-768x154.png 768w, https:\/\/efficiencymb.ca\/wp-content\/uploads\/bg-bottom-only-blue-green@2x-1536x307.png 1536w\" sizes=\"auto, (max-width: 2000px) 100vw, 2000px\" \/><\/figure>\n","protected":false},"excerpt":{"rendered":"<p>OFFRES BAS\u00c9S SUR LE REVENU Nous vous aidons \u00e0 trouver facilement un entrepreneur pour effectuer vos travaux d\u2019am\u00e9lioration de l\u2019efficacit\u00e9 \u00e9nerg\u00e9tique! Nous travaillons avec des entrepreneurs inscrits qui ont \u00e9t\u00e9 approuv\u00e9s pour effectuer des r\u00e9novations \u00e9co\u00e9nerg\u00e9tiques dans le cadre de notre Programme d\u2019aide \u00e0 l\u2019efficacit\u00e9 \u00e9nerg\u00e9tique et de nos Offres d\u2019efficacit\u00e9 \u00e9nerg\u00e9tique pour les M\u00e9tis.continue-reading<\/p>\n","protected":false},"author":10,"featured_media":3201,"parent":0,"menu_order":0,"comment_status":"closed","ping_status":"closed","template":"","meta":{"_acf_changed":false,"footnotes":""},"class_list":["post-13377","page","type-page","status-publish","has-post-thumbnail","hentry"],"acf":[],"yoast_head":"<!-- This site is optimized with the Yoast SEO plugin v27.3 - https:\/\/yoast.com\/product\/yoast-seo-wordpress\/ -->\n<title>Entrepreneurs agr\u00e9\u00e9s &#8212; Efficiency Manitoba<\/title>\n<meta name=\"description\" content=\"modernisation des g\u00e9n\u00e9rateurs d\u2019air chaud dans le cadre du Programme d\u2019aide \u00e0 l\u2019efficacit\u00e9 \u00e9nerg\u00e9tique. Seuls les entrepreneurs inscrits au Programme d\u2019aide \u00e0 l\u2019efficacit\u00e9 \u00e9nerg\u00e9tique peuvent effectuer des travaux de mise \u00e0 niveau du g\u00e9n\u00e9rateur d\u2019air chaud ou d\u2019am\u00e9lioration de l\u2019isolation dans le cadre de ce programme.\" \/>\n<meta name=\"robots\" content=\"index, follow, max-snippet:-1, max-image-preview:large, max-video-preview:-1\" \/>\n<link rel=\"canonical\" href=\"https:\/\/efficiencymb.ca\/fr\/revenu-bases-entrepreneurs\/\" \/>\n<meta property=\"og:locale\" content=\"fr_FR\" \/>\n<meta property=\"og:type\" content=\"article\" \/>\n<meta property=\"og:title\" content=\"Entrepreneurs agr\u00e9\u00e9s &#8212; Efficiency Manitoba\" \/>\n<meta property=\"og:description\" content=\"modernisation des g\u00e9n\u00e9rateurs d\u2019air chaud dans le cadre du Programme d\u2019aide \u00e0 l\u2019efficacit\u00e9 \u00e9nerg\u00e9tique. Seuls les entrepreneurs inscrits au Programme d\u2019aide \u00e0 l\u2019efficacit\u00e9 \u00e9nerg\u00e9tique peuvent effectuer des travaux de mise \u00e0 niveau du g\u00e9n\u00e9rateur d\u2019air chaud ou d\u2019am\u00e9lioration de l\u2019isolation dans le cadre de ce programme.\" \/>\n<meta property=\"og:url\" content=\"https:\/\/efficiencymb.ca\/fr\/revenu-bases-entrepreneurs\/\" \/>\n<meta property=\"og:site_name\" content=\"Efficiency Manitoba\" \/>\n<meta property=\"article:modified_time\" content=\"2025-07-28T14:36:08+00:00\" \/>\n<meta property=\"og:image\" content=\"https:\/\/efficiencymb.ca\/wp-content\/uploads\/income-qualified-offers-banner_v2.jpg\" \/>\n\t<meta property=\"og:image:width\" content=\"2400\" \/>\n\t<meta property=\"og:image:height\" content=\"1350\" \/>\n\t<meta property=\"og:image:type\" content=\"image\/jpeg\" \/>\n<meta name=\"twitter:card\" content=\"summary_large_image\" \/>\n<meta name=\"twitter:label1\" content=\"Dur\u00e9e de lecture estim\u00e9e\" \/>\n\t<meta name=\"twitter:data1\" content=\"2 minutes\" \/>\n<script type=\"application\/ld+json\" class=\"yoast-schema-graph\">{\"@context\":\"https:\\\/\\\/schema.org\",\"@graph\":[{\"@type\":\"WebPage\",\"@id\":\"https:\\\/\\\/efficiencymb.ca\\\/fr\\\/revenu-bases-entrepreneurs\\\/\",\"url\":\"https:\\\/\\\/efficiencymb.ca\\\/fr\\\/revenu-bases-entrepreneurs\\\/\",\"name\":\"Entrepreneurs agr\u00e9\u00e9s &#8212; Efficiency Manitoba\",\"isPartOf\":{\"@id\":\"https:\\\/\\\/efficiencymb.ca\\\/#website\"},\"primaryImageOfPage\":{\"@id\":\"https:\\\/\\\/efficiencymb.ca\\\/fr\\\/revenu-bases-entrepreneurs\\\/#primaryimage\"},\"image\":{\"@id\":\"https:\\\/\\\/efficiencymb.ca\\\/fr\\\/revenu-bases-entrepreneurs\\\/#primaryimage\"},\"thumbnailUrl\":\"https:\\\/\\\/efficiencymb.ca\\\/wp-content\\\/uploads\\\/income-qualified-offers-banner_v2.jpg\",\"datePublished\":\"2020-04-29T17:22:26+00:00\",\"dateModified\":\"2025-07-28T14:36:08+00:00\",\"description\":\"modernisation des g\u00e9n\u00e9rateurs d\u2019air chaud dans le cadre du Programme d\u2019aide \u00e0 l\u2019efficacit\u00e9 \u00e9nerg\u00e9tique. Seuls les entrepreneurs inscrits au Programme d\u2019aide \u00e0 l\u2019efficacit\u00e9 \u00e9nerg\u00e9tique peuvent effectuer des travaux de mise \u00e0 niveau du g\u00e9n\u00e9rateur d\u2019air chaud ou d\u2019am\u00e9lioration de l\u2019isolation dans le cadre de ce programme.\",\"breadcrumb\":{\"@id\":\"https:\\\/\\\/efficiencymb.ca\\\/fr\\\/revenu-bases-entrepreneurs\\\/#breadcrumb\"},\"inLanguage\":\"fr-FR\",\"potentialAction\":[{\"@type\":\"ReadAction\",\"target\":[\"https:\\\/\\\/efficiencymb.ca\\\/fr\\\/revenu-bases-entrepreneurs\\\/\"]}]},{\"@type\":\"ImageObject\",\"inLanguage\":\"fr-FR\",\"@id\":\"https:\\\/\\\/efficiencymb.ca\\\/fr\\\/revenu-bases-entrepreneurs\\\/#primaryimage\",\"url\":\"https:\\\/\\\/efficiencymb.ca\\\/wp-content\\\/uploads\\\/income-qualified-offers-banner_v2.jpg\",\"contentUrl\":\"https:\\\/\\\/efficiencymb.ca\\\/wp-content\\\/uploads\\\/income-qualified-offers-banner_v2.jpg\",\"width\":2400,\"height\":1350,\"caption\":\"Famille \u00e0 l'ext\u00e9rieur de la maison\"},{\"@type\":\"BreadcrumbList\",\"@id\":\"https:\\\/\\\/efficiencymb.ca\\\/fr\\\/revenu-bases-entrepreneurs\\\/#breadcrumb\",\"itemListElement\":[{\"@type\":\"ListItem\",\"position\":1,\"name\":\"Home\",\"item\":\"https:\\\/\\\/efficiencymb.ca\\\/fr\\\/\"},{\"@type\":\"ListItem\",\"position\":2,\"name\":\"Entrepreneurs agr\u00e9\u00e9s\"}]},{\"@type\":\"WebSite\",\"@id\":\"https:\\\/\\\/efficiencymb.ca\\\/#website\",\"url\":\"https:\\\/\\\/efficiencymb.ca\\\/\",\"name\":\"Efficiency Manitoba\",\"description\":\"\",\"publisher\":{\"@id\":\"https:\\\/\\\/efficiencymb.ca\\\/#organization\"},\"potentialAction\":[{\"@type\":\"SearchAction\",\"target\":{\"@type\":\"EntryPoint\",\"urlTemplate\":\"https:\\\/\\\/efficiencymb.ca\\\/?s={search_term_string}\"},\"query-input\":{\"@type\":\"PropertyValueSpecification\",\"valueRequired\":true,\"valueName\":\"search_term_string\"}}],\"inLanguage\":\"fr-FR\"},{\"@type\":\"Organization\",\"@id\":\"https:\\\/\\\/efficiencymb.ca\\\/#organization\",\"name\":\"Efficiency Manitoba\",\"url\":\"https:\\\/\\\/efficiencymb.ca\\\/\",\"logo\":{\"@type\":\"ImageObject\",\"inLanguage\":\"fr-FR\",\"@id\":\"https:\\\/\\\/efficiencymb.ca\\\/#\\\/schema\\\/logo\\\/image\\\/\",\"url\":\"https:\\\/\\\/efficiencymb.ca\\\/wp-content\\\/uploads\\\/em-logo-white-en.png\",\"contentUrl\":\"https:\\\/\\\/efficiencymb.ca\\\/wp-content\\\/uploads\\\/em-logo-white-en.png\",\"width\":388,\"height\":91,\"caption\":\"Efficiency Manitoba\"},\"image\":{\"@id\":\"https:\\\/\\\/efficiencymb.ca\\\/#\\\/schema\\\/logo\\\/image\\\/\"}}]}<\/script>\n<!-- \/ Yoast SEO plugin. -->","yoast_head_json":{"title":"Entrepreneurs agr\u00e9\u00e9s &#8212; Efficiency Manitoba","description":"modernisation des g\u00e9n\u00e9rateurs d\u2019air chaud dans le cadre du Programme d\u2019aide \u00e0 l\u2019efficacit\u00e9 \u00e9nerg\u00e9tique. Seuls les entrepreneurs inscrits au Programme d\u2019aide \u00e0 l\u2019efficacit\u00e9 \u00e9nerg\u00e9tique peuvent effectuer des travaux de mise \u00e0 niveau du g\u00e9n\u00e9rateur d\u2019air chaud ou d\u2019am\u00e9lioration de l\u2019isolation dans le cadre de ce programme.","robots":{"index":"index","follow":"follow","max-snippet":"max-snippet:-1","max-image-preview":"max-image-preview:large","max-video-preview":"max-video-preview:-1"},"canonical":"https:\/\/efficiencymb.ca\/fr\/revenu-bases-entrepreneurs\/","og_locale":"fr_FR","og_type":"article","og_title":"Entrepreneurs agr\u00e9\u00e9s &#8212; Efficiency Manitoba","og_description":"modernisation des g\u00e9n\u00e9rateurs d\u2019air chaud dans le cadre du Programme d\u2019aide \u00e0 l\u2019efficacit\u00e9 \u00e9nerg\u00e9tique. Seuls les entrepreneurs inscrits au Programme d\u2019aide \u00e0 l\u2019efficacit\u00e9 \u00e9nerg\u00e9tique peuvent effectuer des travaux de mise \u00e0 niveau du g\u00e9n\u00e9rateur d\u2019air chaud ou d\u2019am\u00e9lioration de l\u2019isolation dans le cadre de ce programme.","og_url":"https:\/\/efficiencymb.ca\/fr\/revenu-bases-entrepreneurs\/","og_site_name":"Efficiency Manitoba","article_modified_time":"2025-07-28T14:36:08+00:00","og_image":[{"width":2400,"height":1350,"url":"https:\/\/efficiencymb.ca\/wp-content\/uploads\/income-qualified-offers-banner_v2.jpg","type":"image\/jpeg"}],"twitter_card":"summary_large_image","twitter_misc":{"Dur\u00e9e de lecture estim\u00e9e":"2 minutes"},"schema":{"@context":"https:\/\/schema.org","@graph":[{"@type":"WebPage","@id":"https:\/\/efficiencymb.ca\/fr\/revenu-bases-entrepreneurs\/","url":"https:\/\/efficiencymb.ca\/fr\/revenu-bases-entrepreneurs\/","name":"Entrepreneurs agr\u00e9\u00e9s &#8212; Efficiency Manitoba","isPartOf":{"@id":"https:\/\/efficiencymb.ca\/#website"},"primaryImageOfPage":{"@id":"https:\/\/efficiencymb.ca\/fr\/revenu-bases-entrepreneurs\/#primaryimage"},"image":{"@id":"https:\/\/efficiencymb.ca\/fr\/revenu-bases-entrepreneurs\/#primaryimage"},"thumbnailUrl":"https:\/\/efficiencymb.ca\/wp-content\/uploads\/income-qualified-offers-banner_v2.jpg","datePublished":"2020-04-29T17:22:26+00:00","dateModified":"2025-07-28T14:36:08+00:00","description":"modernisation des g\u00e9n\u00e9rateurs d\u2019air chaud dans le cadre du Programme d\u2019aide \u00e0 l\u2019efficacit\u00e9 \u00e9nerg\u00e9tique. Seuls les entrepreneurs inscrits au Programme d\u2019aide \u00e0 l\u2019efficacit\u00e9 \u00e9nerg\u00e9tique peuvent effectuer des travaux de mise \u00e0 niveau du g\u00e9n\u00e9rateur d\u2019air chaud ou d\u2019am\u00e9lioration de l\u2019isolation dans le cadre de ce programme.","breadcrumb":{"@id":"https:\/\/efficiencymb.ca\/fr\/revenu-bases-entrepreneurs\/#breadcrumb"},"inLanguage":"fr-FR","potentialAction":[{"@type":"ReadAction","target":["https:\/\/efficiencymb.ca\/fr\/revenu-bases-entrepreneurs\/"]}]},{"@type":"ImageObject","inLanguage":"fr-FR","@id":"https:\/\/efficiencymb.ca\/fr\/revenu-bases-entrepreneurs\/#primaryimage","url":"https:\/\/efficiencymb.ca\/wp-content\/uploads\/income-qualified-offers-banner_v2.jpg","contentUrl":"https:\/\/efficiencymb.ca\/wp-content\/uploads\/income-qualified-offers-banner_v2.jpg","width":2400,"height":1350,"caption":"Famille \u00e0 l'ext\u00e9rieur de la maison"},{"@type":"BreadcrumbList","@id":"https:\/\/efficiencymb.ca\/fr\/revenu-bases-entrepreneurs\/#breadcrumb","itemListElement":[{"@type":"ListItem","position":1,"name":"Home","item":"https:\/\/efficiencymb.ca\/fr\/"},{"@type":"ListItem","position":2,"name":"Entrepreneurs agr\u00e9\u00e9s"}]},{"@type":"WebSite","@id":"https:\/\/efficiencymb.ca\/#website","url":"https:\/\/efficiencymb.ca\/","name":"Efficiency Manitoba","description":"","publisher":{"@id":"https:\/\/efficiencymb.ca\/#organization"},"potentialAction":[{"@type":"SearchAction","target":{"@type":"EntryPoint","urlTemplate":"https:\/\/efficiencymb.ca\/?s={search_term_string}"},"query-input":{"@type":"PropertyValueSpecification","valueRequired":true,"valueName":"search_term_string"}}],"inLanguage":"fr-FR"},{"@type":"Organization","@id":"https:\/\/efficiencymb.ca\/#organization","name":"Efficiency Manitoba","url":"https:\/\/efficiencymb.ca\/","logo":{"@type":"ImageObject","inLanguage":"fr-FR","@id":"https:\/\/efficiencymb.ca\/#\/schema\/logo\/image\/","url":"https:\/\/efficiencymb.ca\/wp-content\/uploads\/em-logo-white-en.png","contentUrl":"https:\/\/efficiencymb.ca\/wp-content\/uploads\/em-logo-white-en.png","width":388,"height":91,"caption":"Efficiency Manitoba"},"image":{"@id":"https:\/\/efficiencymb.ca\/#\/schema\/logo\/image\/"}}]}},"_links":{"self":[{"href":"https:\/\/efficiencymb.ca\/fr\/wp-json\/wp\/v2\/pages\/13377","targetHints":{"allow":["GET"]}}],"collection":[{"href":"https:\/\/efficiencymb.ca\/fr\/wp-json\/wp\/v2\/pages"}],"about":[{"href":"https:\/\/efficiencymb.ca\/fr\/wp-json\/wp\/v2\/types\/page"}],"author":[{"embeddable":true,"href":"https:\/\/efficiencymb.ca\/fr\/wp-json\/wp\/v2\/users\/10"}],"replies":[{"embeddable":true,"href":"https:\/\/efficiencymb.ca\/fr\/wp-json\/wp\/v2\/comments?post=13377"}],"version-history":[{"count":17,"href":"https:\/\/efficiencymb.ca\/fr\/wp-json\/wp\/v2\/pages\/13377\/revisions"}],"predecessor-version":[{"id":79256,"href":"https:\/\/efficiencymb.ca\/fr\/wp-json\/wp\/v2\/pages\/13377\/revisions\/79256"}],"wp:featuredmedia":[{"embeddable":true,"href":"https:\/\/efficiencymb.ca\/fr\/wp-json\/wp\/v2\/media\/3201"}],"wp:attachment":[{"href":"https:\/\/efficiencymb.ca\/fr\/wp-json\/wp\/v2\/media?parent=13377"}],"curies":[{"name":"wp","href":"https:\/\/api.w.org\/{rel}","templated":true}]}}