{"id":13374,"date":"2020-04-29T17:07:42","date_gmt":"2020-04-29T17:07:42","guid":{"rendered":"https:\/\/efficiencymb.ca\/my-home\/energy-efficiency-assistance-program\/instructions\/"},"modified":"2024-09-04T08:35:29","modified_gmt":"2024-09-04T13:35:29","slug":"instructions","status":"publish","type":"page","link":"https:\/\/efficiencymb.ca\/fr\/ma-maison\/programme-d-aide-a-lefficacite-energetique\/instructions\/","title":{"rendered":"V\u00e9rification du revenu"},"content":{"rendered":"\n<div class=\"wp-block-group is-style-content-wide\"><div class=\"wp-block-group__inner-container is-layout-flow wp-block-group-is-layout-flow\">\n<div class=\"wp-block-group is-style-content-wide\"><div class=\"wp-block-group__inner-container is-layout-flow wp-block-group-is-layout-flow\">\n<h2 class=\"wp-block-heading has-text-align-center is-style-hero-heading-grey\"><strong>INSTRUCTIONS POUR FOURNIR LES DOCUMENTS DE V\u00c9RIFICATION DU REVENU<\/strong><\/h2>\n\n\n\n<p>Pour pouvoir b\u00e9n\u00e9ficier du Programme d\u2019aide \u00e0 l\u2019efficacit\u00e9 \u00e9nerg\u00e9tique, vous devez nous fournir des documents de v\u00e9rification du revenu. Vous trouverez ci-dessous des instructions sur la fa\u00e7on de proc\u00e9der.<\/p>\n\n\n\n<p>Veuillez ne pas envoyer de copies originales des formulaires suivants. Vous pouvez obtenir gratuitement des copies de vos documents d\u2019imp\u00f4t sur le revenu en appelant l\u2019Agence du revenu du Canada au 1-800-959-8281.<\/p>\n\n\n\n<p>Si vous avez des questions, veuillez nous appeler au 204-944-8181 (sans frais au 1-844-944-8181) ou <a href=\"mailto:eeap@efficiencyMB.ca\">envoyer un courriel<\/a>.<\/p>\n\n\n\n<h3 class=\"wp-block-heading is-style-body-heading\">Comment nous fournir les documents de v\u00e9rification du revenu :<\/h3>\n\n\n\n<p>Toutes les personnes de 18 ans et plus doivent fournir :<\/p>\n\n\n\n<ul class=\"wp-block-list\">\n<li>une <strong>copie<\/strong> de leur d\u00e9claration d\u2019imp\u00f4t sur le revenu (TI General);<\/li>\n\n\n\n<li>un avis de cotisation pour l\u2019ann\u00e9e d\u2019imposition la plus r\u00e9cente. Un avis de cotisation est \u00e9mis par l\u2019Agence du revenu du Canada lorsqu\u2019une d\u00e9claration de revenus est trait\u00e9e.<\/li>\n<\/ul>\n\n\n\n<p><strong>Si vous \u00eates locataire<\/strong>, vous pouvez fournir vos documents de v\u00e9rification du revenu directement \u00e0 Efficacit\u00e9 Manitoba \u00e0 des fins de confidentialit\u00e9, ou vous pouvez les donner \u00e0 votre propri\u00e9taire pour qu\u2019il nous les soumette. Vous devez \u00e9galement remplir un <a href=\"https:\/\/efficiencymb.ca\/wp-content\/uploads\/Energy-Efficiency-Assistance-Program-Voluntary-Consent-Form.pdf\">formulaire de consentement du locataire<\/a> (<em>en anglais)<\/em>, qui doit \u00eatre joint \u00e0 vos documents fiscaux.<\/p>\n\n\n\n<p><strong>Si vous \u00e9tudiez \u00e0 temps plein<\/strong>, vous pouvez fournir une lettre officielle de votre registraire\/bureau administratif confirmant que vous \u00e9tudiez \u00e0 temps plein (cette lettre peut \u00eatre utilis\u00e9e \u00e0 la place des renseignements relatifs \u00e0 l\u2019imp\u00f4t sur le revenu). Votre revenu ne sera pas pris en compte dans le revenu total du m\u00e9nage.<\/p>\n\n\n\n<p><strong>Si vous exercez une activit\u00e9 ind\u00e9pendante,<\/strong> vous devez fournir les \u00e9tats financiers applicables de l\u2019Agence du revenu du Canada&nbsp;:<\/p>\n\n\n\n<ul class=\"wp-block-list\">\n<li>\u00c9tat des r\u00e9sultats des activit\u00e9s d\u2019une entreprise commerciale ou d\u2019une profession lib\u00e9rale;<\/li>\n\n\n\n<li>\u00c9tat des r\u00e9sultats des activit\u00e9s d\u2019une entreprise agricole; ou<\/li>\n\n\n\n<li>\u00c9tat des loyers de biens immeubles.<\/li>\n<\/ul>\n\n\n\n<p><strong>Si vous ne pouvez pas fournir de documents d\u2019imp\u00f4t sur le revenu<\/strong>, nous accepterons d\u2019autres documents de v\u00e9rification du revenu. Vous pourriez \u00eatre admissible si vous pouvez pr\u00e9senter une preuve de participation r\u00e9cente aux programmes suivants:<\/p>\n\n\n\n<ul class=\"wp-block-list\">\n<li>Bon d\u00e9part de Canadian Tire;<\/li>\n\n\n\n<li>Programme de subventions des frais des services de loisirs de la Ville de Winnipeg;<\/li>\n\n\n\n<li>Subvention pour frais d\u2019inscription au programme des centres communautaires;<\/li>\n\n\n\n<li>Programme communautaire d\u2019imp\u00f4t sur le revenu des b\u00e9n\u00e9voles;<\/li>\n\n\n\n<li>KidSport Manitoba;<\/li>\n\n\n\n<li>Aide juridique;<\/li>\n\n\n\n<li>Manitoba Camping Association Sunshine Fund;<\/li>\n\n\n\n<li>Programme d\u2019aide \u00e0 l\u2019emploi et au revenu du Manitoba;<\/li>\n\n\n\n<li>Programme Neighbours Helping Neighbours;<\/li>\n\n\n\n<li>Subvention No One Left Behind<\/li>\n\n\n\n<li>Aide au loyer pour les Manitobains et Manitobaines qui ne re\u00e7oivent pas d\u2019aide \u00e0 l\u2019emploi et au revenu;<\/li>\n\n\n\n<li>SEED Access to Benefits Program;<\/li>\n\n\n\n<li>SEED Individual Development Account;<\/li>\n\n\n\n<li>SEED Inner City Homebuyer Program;<\/li>\n\n\n\n<li>SEED Saving Circle; <strong>et\/ou<\/strong><\/li>\n\n\n\n<li>WINNpass.<\/li>\n<\/ul>\n\n\n\n<p><\/p>\n<\/div><\/div>\n<\/div><\/div>\n\n\n\n<div style=\"height:50px\" aria-hidden=\"true\" class=\"wp-block-spacer\"><\/div>\n\n\n<div class=\"wp-block-image\">\n<figure class=\"aligncenter size-full\"><img loading=\"lazy\" decoding=\"async\" width=\"2000\" height=\"400\" src=\"https:\/\/efficiencymb.ca\/wp-content\/uploads\/bg-bottom-only-blue-green@2x.png\" alt=\"\" class=\"wp-image-612\" srcset=\"https:\/\/efficiencymb.ca\/wp-content\/uploads\/bg-bottom-only-blue-green@2x.png 2000w, https:\/\/efficiencymb.ca\/wp-content\/uploads\/bg-bottom-only-blue-green@2x-479x96.png 479w, https:\/\/efficiencymb.ca\/wp-content\/uploads\/bg-bottom-only-blue-green@2x-1024x205.png 1024w, https:\/\/efficiencymb.ca\/wp-content\/uploads\/bg-bottom-only-blue-green@2x-768x154.png 768w, https:\/\/efficiencymb.ca\/wp-content\/uploads\/bg-bottom-only-blue-green@2x-1536x307.png 1536w\" sizes=\"auto, (max-width: 2000px) 100vw, 2000px\" \/><\/figure>\n<\/div>","protected":false},"excerpt":{"rendered":"<p>INSTRUCTIONS POUR FOURNIR LES DOCUMENTS DE V\u00c9RIFICATION DU REVENU Pour pouvoir b\u00e9n\u00e9ficier du Programme d\u2019aide \u00e0 l\u2019efficacit\u00e9 \u00e9nerg\u00e9tique, vous devez nous fournir des documents de v\u00e9rification du revenu. Vous trouverez ci-dessous des instructions sur la fa\u00e7on de proc\u00e9der. Veuillez ne pas envoyer de copies originales des formulaires suivants. Vous pouvez obtenir gratuitement des copies decontinue-reading<\/p>\n","protected":false},"author":10,"featured_media":3201,"parent":13129,"menu_order":0,"comment_status":"closed","ping_status":"closed","template":"","meta":{"_acf_changed":false,"footnotes":""},"class_list":["post-13374","page","type-page","status-publish","has-post-thumbnail","hentry"],"acf":[],"yoast_head":"<!-- This site is optimized with the Yoast SEO plugin v27.3 - https:\/\/yoast.com\/product\/yoast-seo-wordpress\/ -->\n<title>V\u00e9rification du revenu &#8212; Efficiency Manitoba<\/title>\n<meta name=\"description\" content=\"Pour \u00eatre admissible au Programme d\u2019aide \u00e0 l\u2019efficacit\u00e9 \u00e9nerg\u00e9tique, vous devez nous fournir des documents de v\u00e9rification du revenu. Vous trouverez ci-dessous des directives sur la fa\u00e7on de proc\u00e9der.\" \/>\n<meta name=\"robots\" content=\"index, follow, max-snippet:-1, max-image-preview:large, max-video-preview:-1\" \/>\n<link rel=\"canonical\" href=\"https:\/\/efficiencymb.ca\/fr\/ma-maison\/programme-d-aide-a-lefficacite-energetique\/instructions\/\" \/>\n<meta property=\"og:locale\" content=\"fr_FR\" \/>\n<meta property=\"og:type\" content=\"article\" \/>\n<meta property=\"og:title\" content=\"V\u00e9rification du revenu &#8212; Efficiency Manitoba\" \/>\n<meta property=\"og:description\" content=\"Pour \u00eatre admissible au Programme d\u2019aide \u00e0 l\u2019efficacit\u00e9 \u00e9nerg\u00e9tique, vous devez nous fournir des documents de v\u00e9rification du revenu. Vous trouverez ci-dessous des directives sur la fa\u00e7on de proc\u00e9der.\" \/>\n<meta property=\"og:url\" content=\"https:\/\/efficiencymb.ca\/fr\/ma-maison\/programme-d-aide-a-lefficacite-energetique\/instructions\/\" \/>\n<meta property=\"og:site_name\" content=\"Efficiency Manitoba\" \/>\n<meta property=\"article:modified_time\" content=\"2024-09-04T13:35:29+00:00\" \/>\n<meta property=\"og:image\" content=\"https:\/\/efficiencymb.ca\/wp-content\/uploads\/income-qualified-offers-banner_v2.jpg\" \/>\n\t<meta property=\"og:image:width\" content=\"2400\" \/>\n\t<meta property=\"og:image:height\" content=\"1350\" \/>\n\t<meta property=\"og:image:type\" content=\"image\/jpeg\" \/>\n<meta name=\"twitter:card\" content=\"summary_large_image\" \/>\n<meta name=\"twitter:label1\" content=\"Dur\u00e9e de lecture estim\u00e9e\" \/>\n\t<meta name=\"twitter:data1\" content=\"3 minutes\" \/>\n<script type=\"application\/ld+json\" class=\"yoast-schema-graph\">{\"@context\":\"https:\\\/\\\/schema.org\",\"@graph\":[{\"@type\":\"WebPage\",\"@id\":\"https:\\\/\\\/efficiencymb.ca\\\/fr\\\/ma-maison\\\/programme-d-aide-a-lefficacite-energetique\\\/instructions\\\/\",\"url\":\"https:\\\/\\\/efficiencymb.ca\\\/fr\\\/ma-maison\\\/programme-d-aide-a-lefficacite-energetique\\\/instructions\\\/\",\"name\":\"V\u00e9rification du revenu &#8212; Efficiency Manitoba\",\"isPartOf\":{\"@id\":\"https:\\\/\\\/efficiencymb.ca\\\/#website\"},\"primaryImageOfPage\":{\"@id\":\"https:\\\/\\\/efficiencymb.ca\\\/fr\\\/ma-maison\\\/programme-d-aide-a-lefficacite-energetique\\\/instructions\\\/#primaryimage\"},\"image\":{\"@id\":\"https:\\\/\\\/efficiencymb.ca\\\/fr\\\/ma-maison\\\/programme-d-aide-a-lefficacite-energetique\\\/instructions\\\/#primaryimage\"},\"thumbnailUrl\":\"https:\\\/\\\/efficiencymb.ca\\\/wp-content\\\/uploads\\\/income-qualified-offers-banner_v2.jpg\",\"datePublished\":\"2020-04-29T17:07:42+00:00\",\"dateModified\":\"2024-09-04T13:35:29+00:00\",\"description\":\"Pour \u00eatre admissible au Programme d\u2019aide \u00e0 l\u2019efficacit\u00e9 \u00e9nerg\u00e9tique, vous devez nous fournir des documents de v\u00e9rification du revenu. Vous trouverez ci-dessous des directives sur la fa\u00e7on de proc\u00e9der.\",\"breadcrumb\":{\"@id\":\"https:\\\/\\\/efficiencymb.ca\\\/fr\\\/ma-maison\\\/programme-d-aide-a-lefficacite-energetique\\\/instructions\\\/#breadcrumb\"},\"inLanguage\":\"fr-FR\",\"potentialAction\":[{\"@type\":\"ReadAction\",\"target\":[\"https:\\\/\\\/efficiencymb.ca\\\/fr\\\/ma-maison\\\/programme-d-aide-a-lefficacite-energetique\\\/instructions\\\/\"]}]},{\"@type\":\"ImageObject\",\"inLanguage\":\"fr-FR\",\"@id\":\"https:\\\/\\\/efficiencymb.ca\\\/fr\\\/ma-maison\\\/programme-d-aide-a-lefficacite-energetique\\\/instructions\\\/#primaryimage\",\"url\":\"https:\\\/\\\/efficiencymb.ca\\\/wp-content\\\/uploads\\\/income-qualified-offers-banner_v2.jpg\",\"contentUrl\":\"https:\\\/\\\/efficiencymb.ca\\\/wp-content\\\/uploads\\\/income-qualified-offers-banner_v2.jpg\",\"width\":2400,\"height\":1350,\"caption\":\"Famille \u00e0 l'ext\u00e9rieur de la maison\"},{\"@type\":\"BreadcrumbList\",\"@id\":\"https:\\\/\\\/efficiencymb.ca\\\/fr\\\/ma-maison\\\/programme-d-aide-a-lefficacite-energetique\\\/instructions\\\/#breadcrumb\",\"itemListElement\":[{\"@type\":\"ListItem\",\"position\":1,\"name\":\"Home\",\"item\":\"https:\\\/\\\/efficiencymb.ca\\\/fr\\\/\"},{\"@type\":\"ListItem\",\"position\":2,\"name\":\"Ma Maison\",\"item\":\"https:\\\/\\\/efficiencymb.ca\\\/fr\\\/ma-maison\\\/\"},{\"@type\":\"ListItem\",\"position\":3,\"name\":\"Programme d\u2019aide \u00e0 l\u2019efficacit\u00e9 \u00e9nerg\u00e9tique\",\"item\":\"https:\\\/\\\/efficiencymb.ca\\\/fr\\\/ma-maison\\\/programme-d-aide-a-lefficacite-energetique\\\/\"},{\"@type\":\"ListItem\",\"position\":4,\"name\":\"V\u00e9rification du revenu\"}]},{\"@type\":\"WebSite\",\"@id\":\"https:\\\/\\\/efficiencymb.ca\\\/#website\",\"url\":\"https:\\\/\\\/efficiencymb.ca\\\/\",\"name\":\"Efficiency Manitoba\",\"description\":\"\",\"publisher\":{\"@id\":\"https:\\\/\\\/efficiencymb.ca\\\/#organization\"},\"potentialAction\":[{\"@type\":\"SearchAction\",\"target\":{\"@type\":\"EntryPoint\",\"urlTemplate\":\"https:\\\/\\\/efficiencymb.ca\\\/?s={search_term_string}\"},\"query-input\":{\"@type\":\"PropertyValueSpecification\",\"valueRequired\":true,\"valueName\":\"search_term_string\"}}],\"inLanguage\":\"fr-FR\"},{\"@type\":\"Organization\",\"@id\":\"https:\\\/\\\/efficiencymb.ca\\\/#organization\",\"name\":\"Efficiency Manitoba\",\"url\":\"https:\\\/\\\/efficiencymb.ca\\\/\",\"logo\":{\"@type\":\"ImageObject\",\"inLanguage\":\"fr-FR\",\"@id\":\"https:\\\/\\\/efficiencymb.ca\\\/#\\\/schema\\\/logo\\\/image\\\/\",\"url\":\"https:\\\/\\\/efficiencymb.ca\\\/wp-content\\\/uploads\\\/em-logo-white-en.png\",\"contentUrl\":\"https:\\\/\\\/efficiencymb.ca\\\/wp-content\\\/uploads\\\/em-logo-white-en.png\",\"width\":388,\"height\":91,\"caption\":\"Efficiency Manitoba\"},\"image\":{\"@id\":\"https:\\\/\\\/efficiencymb.ca\\\/#\\\/schema\\\/logo\\\/image\\\/\"}}]}<\/script>\n<!-- \/ Yoast SEO plugin. -->","yoast_head_json":{"title":"V\u00e9rification du revenu &#8212; Efficiency Manitoba","description":"Pour \u00eatre admissible au Programme d\u2019aide \u00e0 l\u2019efficacit\u00e9 \u00e9nerg\u00e9tique, vous devez nous fournir des documents de v\u00e9rification du revenu. Vous trouverez ci-dessous des directives sur la fa\u00e7on de proc\u00e9der.","robots":{"index":"index","follow":"follow","max-snippet":"max-snippet:-1","max-image-preview":"max-image-preview:large","max-video-preview":"max-video-preview:-1"},"canonical":"https:\/\/efficiencymb.ca\/fr\/ma-maison\/programme-d-aide-a-lefficacite-energetique\/instructions\/","og_locale":"fr_FR","og_type":"article","og_title":"V\u00e9rification du revenu &#8212; Efficiency Manitoba","og_description":"Pour \u00eatre admissible au Programme d\u2019aide \u00e0 l\u2019efficacit\u00e9 \u00e9nerg\u00e9tique, vous devez nous fournir des documents de v\u00e9rification du revenu. Vous trouverez ci-dessous des directives sur la fa\u00e7on de proc\u00e9der.","og_url":"https:\/\/efficiencymb.ca\/fr\/ma-maison\/programme-d-aide-a-lefficacite-energetique\/instructions\/","og_site_name":"Efficiency Manitoba","article_modified_time":"2024-09-04T13:35:29+00:00","og_image":[{"width":2400,"height":1350,"url":"https:\/\/efficiencymb.ca\/wp-content\/uploads\/income-qualified-offers-banner_v2.jpg","type":"image\/jpeg"}],"twitter_card":"summary_large_image","twitter_misc":{"Dur\u00e9e de lecture estim\u00e9e":"3 minutes"},"schema":{"@context":"https:\/\/schema.org","@graph":[{"@type":"WebPage","@id":"https:\/\/efficiencymb.ca\/fr\/ma-maison\/programme-d-aide-a-lefficacite-energetique\/instructions\/","url":"https:\/\/efficiencymb.ca\/fr\/ma-maison\/programme-d-aide-a-lefficacite-energetique\/instructions\/","name":"V\u00e9rification du revenu &#8212; Efficiency Manitoba","isPartOf":{"@id":"https:\/\/efficiencymb.ca\/#website"},"primaryImageOfPage":{"@id":"https:\/\/efficiencymb.ca\/fr\/ma-maison\/programme-d-aide-a-lefficacite-energetique\/instructions\/#primaryimage"},"image":{"@id":"https:\/\/efficiencymb.ca\/fr\/ma-maison\/programme-d-aide-a-lefficacite-energetique\/instructions\/#primaryimage"},"thumbnailUrl":"https:\/\/efficiencymb.ca\/wp-content\/uploads\/income-qualified-offers-banner_v2.jpg","datePublished":"2020-04-29T17:07:42+00:00","dateModified":"2024-09-04T13:35:29+00:00","description":"Pour \u00eatre admissible au Programme d\u2019aide \u00e0 l\u2019efficacit\u00e9 \u00e9nerg\u00e9tique, vous devez nous fournir des documents de v\u00e9rification du revenu. Vous trouverez ci-dessous des directives sur la fa\u00e7on de proc\u00e9der.","breadcrumb":{"@id":"https:\/\/efficiencymb.ca\/fr\/ma-maison\/programme-d-aide-a-lefficacite-energetique\/instructions\/#breadcrumb"},"inLanguage":"fr-FR","potentialAction":[{"@type":"ReadAction","target":["https:\/\/efficiencymb.ca\/fr\/ma-maison\/programme-d-aide-a-lefficacite-energetique\/instructions\/"]}]},{"@type":"ImageObject","inLanguage":"fr-FR","@id":"https:\/\/efficiencymb.ca\/fr\/ma-maison\/programme-d-aide-a-lefficacite-energetique\/instructions\/#primaryimage","url":"https:\/\/efficiencymb.ca\/wp-content\/uploads\/income-qualified-offers-banner_v2.jpg","contentUrl":"https:\/\/efficiencymb.ca\/wp-content\/uploads\/income-qualified-offers-banner_v2.jpg","width":2400,"height":1350,"caption":"Famille \u00e0 l'ext\u00e9rieur de la maison"},{"@type":"BreadcrumbList","@id":"https:\/\/efficiencymb.ca\/fr\/ma-maison\/programme-d-aide-a-lefficacite-energetique\/instructions\/#breadcrumb","itemListElement":[{"@type":"ListItem","position":1,"name":"Home","item":"https:\/\/efficiencymb.ca\/fr\/"},{"@type":"ListItem","position":2,"name":"Ma Maison","item":"https:\/\/efficiencymb.ca\/fr\/ma-maison\/"},{"@type":"ListItem","position":3,"name":"Programme d\u2019aide \u00e0 l\u2019efficacit\u00e9 \u00e9nerg\u00e9tique","item":"https:\/\/efficiencymb.ca\/fr\/ma-maison\/programme-d-aide-a-lefficacite-energetique\/"},{"@type":"ListItem","position":4,"name":"V\u00e9rification du revenu"}]},{"@type":"WebSite","@id":"https:\/\/efficiencymb.ca\/#website","url":"https:\/\/efficiencymb.ca\/","name":"Efficiency Manitoba","description":"","publisher":{"@id":"https:\/\/efficiencymb.ca\/#organization"},"potentialAction":[{"@type":"SearchAction","target":{"@type":"EntryPoint","urlTemplate":"https:\/\/efficiencymb.ca\/?s={search_term_string}"},"query-input":{"@type":"PropertyValueSpecification","valueRequired":true,"valueName":"search_term_string"}}],"inLanguage":"fr-FR"},{"@type":"Organization","@id":"https:\/\/efficiencymb.ca\/#organization","name":"Efficiency Manitoba","url":"https:\/\/efficiencymb.ca\/","logo":{"@type":"ImageObject","inLanguage":"fr-FR","@id":"https:\/\/efficiencymb.ca\/#\/schema\/logo\/image\/","url":"https:\/\/efficiencymb.ca\/wp-content\/uploads\/em-logo-white-en.png","contentUrl":"https:\/\/efficiencymb.ca\/wp-content\/uploads\/em-logo-white-en.png","width":388,"height":91,"caption":"Efficiency Manitoba"},"image":{"@id":"https:\/\/efficiencymb.ca\/#\/schema\/logo\/image\/"}}]}},"_links":{"self":[{"href":"https:\/\/efficiencymb.ca\/fr\/wp-json\/wp\/v2\/pages\/13374","targetHints":{"allow":["GET"]}}],"collection":[{"href":"https:\/\/efficiencymb.ca\/fr\/wp-json\/wp\/v2\/pages"}],"about":[{"href":"https:\/\/efficiencymb.ca\/fr\/wp-json\/wp\/v2\/types\/page"}],"author":[{"embeddable":true,"href":"https:\/\/efficiencymb.ca\/fr\/wp-json\/wp\/v2\/users\/10"}],"replies":[{"embeddable":true,"href":"https:\/\/efficiencymb.ca\/fr\/wp-json\/wp\/v2\/comments?post=13374"}],"version-history":[{"count":10,"href":"https:\/\/efficiencymb.ca\/fr\/wp-json\/wp\/v2\/pages\/13374\/revisions"}],"predecessor-version":[{"id":67147,"href":"https:\/\/efficiencymb.ca\/fr\/wp-json\/wp\/v2\/pages\/13374\/revisions\/67147"}],"up":[{"embeddable":true,"href":"https:\/\/efficiencymb.ca\/fr\/wp-json\/wp\/v2\/pages\/13129"}],"wp:featuredmedia":[{"embeddable":true,"href":"https:\/\/efficiencymb.ca\/fr\/wp-json\/wp\/v2\/media\/3201"}],"wp:attachment":[{"href":"https:\/\/efficiencymb.ca\/fr\/wp-json\/wp\/v2\/media?parent=13374"}],"curies":[{"name":"wp","href":"https:\/\/api.w.org\/{rel}","templated":true}]}}