{"id":13351,"date":"2020-03-04T15:08:56","date_gmt":"2020-03-04T15:08:56","guid":{"rendered":"https:\/\/efficiencymb.ca\/privacy-and-terms\/"},"modified":"2023-07-17T14:19:03","modified_gmt":"2023-07-17T19:19:03","slug":"conditions-dutilisation-du-site-web","status":"publish","type":"page","link":"https:\/\/efficiencymb.ca\/fr\/conditions-dutilisation-du-site-web\/","title":{"rendered":"Conditions d\u2019utilisation du site Web"},"content":{"rendered":"\n<div class=\"wp-block-group container is-style-content-columns\"><div class=\"wp-block-group__inner-container is-layout-flow wp-block-group-is-layout-flow\">\n<p><em><em>Veuillez lire ces conditions avant d\u2019utiliser ce site Web.<\/em><\/em><\/p>\n\n\n\n<p>Bienvenue sur efficacit\u00e9MB.ca. Ce site Web est d\u00e9tenu et exploit\u00e9 par Efficacit\u00e9 Manitoba.<\/p>\n\n\n\n<h2 class=\"wp-block-heading has-text-align-center\" id=\"terms-of-use\">Conditions d\u2019utilisation<\/h2>\n\n\n\n<p>Les conditions d\u2019utilisation suivantes d\u00e9finissent les conditions applicables \u00e0 l\u2019utilisation de ce site Web. En utilisant ce site, vous acceptez toutes les conditions qui y sont \u00e9nonc\u00e9es. Si vous n\u2019acceptez pas l\u2019une ou l\u2019autre de ces conditions, veuillez quitter le site imm\u00e9diatement et ne pas l\u2019utiliser. De temps \u00e0 autre, nous examinons et r\u00e9visons notre politique de confidentialit\u00e9 et toutes ces r\u00e9visions seront affich\u00e9es sur le site&nbsp;<a href=\"https:\/\/efficiencymb.ca\/fr\/conditions-dutilisation-du-site-web\/\">efficiencymb.ca\/privacy-and-terms<\/a>&nbsp;d\u00e8s qu\u2019elles entreront en vigueur.<\/p>\n\n\n\n<h3 class=\"wp-block-heading\" id=\"view-and-use-efficiencymbca\">Consultation et utilisation du site efficiencymb.ca<\/h3>\n\n\n\n<p>Efficacit\u00e9 Manitoba vous invite \u00e0 consulter et \u00e0 utiliser le pr\u00e9sent site Web. Les renseignements et les services fournis dans ce site Web sont destin\u00e9s uniquement \u00e0 votre usage personnel, non commercial et informatif et ne repr\u00e9sentent pas et ne doivent en aucun cas \u00eatre consid\u00e9r\u00e9s comme une sollicitation, une approbation, une suggestion, un conseil ou une recommandation d\u2019utiliser, de se fier \u00e0, d\u2019exploiter ou d\u2019appliquer autrement ces renseignements ou ces services. Les renseignements et les services fournis ne visent pas non plus \u00e0 remplacer les conseils professionnels offerts par vos conseillers ou fournisseurs de services dans les m\u00e9tiers respectifs.<\/p>\n\n\n\n<p>Certaines sections de ce site Web vous permettent d\u2019acc\u00e9der \u00e0 des forums en ligne ou de fournir des renseignements non personnels ou des commentaires \u00e0 Efficacit\u00e9 Manitoba. En soumettant tout contenu de nature non confidentielle ou non personnelle, vous convenez&nbsp;: i) de ne soumettre le contenu qu\u2019en conformit\u00e9 avec les lois et r\u00e8glements applicables; ii) de ne pas soumettre de contenu contenant des virus ou d\u2019autres logiciels susceptibles de nuire \u00e0 un ordinateur; iii) de comprendre et de convenir que ce contenu sera r\u00e9put\u00e9 non confidentiel et d\u2019accorder \u00e0 Efficacit\u00e9 Manitoba le droit irr\u00e9vocable d\u2019utiliser, de copier, de modifier et de publier ce contenu et son expression par l\u2019entremise de n\u2019importe quel m\u00e9dia \u00e0 n\u2019importe quelle fin, et de&nbsp; renoncer \u00e0 tout droit moral que vous pourriez avoir sur ce contenu. De plus, Efficacit\u00e9 Manitoba se r\u00e9serve le droit de retirer, en tout ou en partie, tout contenu qu\u2019elle juge, \u00e0 sa seule discr\u00e9tion, inappropri\u00e9, ill\u00e9gal ou contraire aux pr\u00e9sentes conditions.<\/p>\n\n\n\n<p>Par souci de commodit\u00e9 pour nos utilisateurs, ce site Web contient des liens vers d\u2019autres sites Internet qui sont exploit\u00e9s par d\u2019autres parties et qui ne sont pas sous le contr\u00f4le d\u2019Efficacit\u00e9 Manitoba ou couverts par les pr\u00e9sentes conditions. Efficacit\u00e9 Manitoba n\u2019approuve pas, ne garantit pas et n\u2019est pas responsable de la disponibilit\u00e9 ou du contenu de ces sites Internet externes.<\/p>\n\n\n\n<h3 class=\"wp-block-heading\" id=\"privacy-statement\">D\u00e9claration de confidentialit\u00e9<\/h3>\n\n\n\n<p>Efficacit\u00e9 Manitoba prend au s\u00e9rieux la protection de vos renseignements personnels.<\/p>\n\n\n\n<p>Vous n\u2019\u00eates pas oblig\u00e9 de fournir des renseignements qui vous identifient ou d\u2019autres renseignements personnels pour utiliser ce site Web. Efficacit\u00e9 Manitoba re\u00e7oit des renseignements personnels de votre part UNIQUEMENT lorsque vous choisissez volontairement de les fournir pour acc\u00e9der \u00e0 certains renseignements ou services offerts par Efficacit\u00e9 Manitoba.<\/p>\n\n\n\n<p>Efficacit\u00e9 Manitoba utilisera vos renseignements personnels conform\u00e9ment aux dispositions de la <em>Loi sur l\u2019acc\u00e8s \u00e0 l\u2019information et la protection de la vie priv\u00e9e <\/em>du Manitoba et uniquement \u00e0 des fins compatibles avec celles pour lesquelles ils ont \u00e9t\u00e9 recueillis ou que vous avez autoris\u00e9es par la suite.<\/p>\n\n\n\n<h3 class=\"wp-block-heading\" id=\"what-information-we-may-collect\">Quels sont les renseignements que nous pouvons recueillir?<\/h3>\n\n\n\n<p>Pour certaines fonctions de ce site Web, vous devrez d\u2019abord vous inscrire et cr\u00e9er des identifiants de connexion. L&rsquo;inscription et l&rsquo;acc\u00e8s \u00e0 ces fonctions sont facultatifs et volontaires. Le cas \u00e9ch\u00e9ant, vous \u00eates seul responsable de l&rsquo;utilisation et du maintien de la confidentialit\u00e9 de ces identifiants (tels que le num\u00e9ro d&rsquo;identification, le mot de passe ou tout autre code d&rsquo;acc\u00e8s) qui peuvent vous \u00eatre demand\u00e9s pour acc\u00e9der \u00e0 cette partie du site Web et\/ou l&rsquo;utiliser.<\/p>\n\n\n\n<p>Si vous nous fournissez votre ou vos adresses \u00e9lectroniques et\/ou votre ou vos num\u00e9ros de t\u00e9l\u00e9phone mobile, nous collectons ces renseignements afin que nous puissions vous r\u00e9pondre. Veuillez noter que les renseignements de nature d\u00e9licate (comme les renseignements personnels de nature d\u00e9licate) ne doivent pas \u00eatre envoy\u00e9s par courriel, par message texte (SMS) ou message multim\u00e9dia (MMS) ni par Internet. Nous ne vous demandons pas de renseignements personnels par courriel, sauf en r\u00e9ponse \u00e0 une demande de votre part. Si vous recevez un courriel ou un message SMS\/MMS qui semble provenir d\u2019Efficacit\u00e9 Manitoba et qui vous demande des renseignements personnels, veuillez ne pas r\u00e9pondre avant de nous avoir contact\u00e9s pour en v\u00e9rifier l\u2019authenticit\u00e9. Si vous avez des questions sur la fa\u00e7on dont vos renseignements personnels sont trait\u00e9s, veuillez communiquer avec nous \u00e0 l\u2019adresse&nbsp;<a href=\"mailto:EnergyTeam@efficiencymb.ca\">EnergyTeam@efficiencymb.ca<\/a>. Si vous d\u00e9cidez de ne plus recevoir de courriels ou de messages SMS\/MMS de notre part, il vous suffit de&nbsp; <a href=\"https:\/\/efficiencymb.ca\/newsletter\/unsubscribe\">vous d\u00e9sinscrire de toutes les listes de diffusion<\/a>.<\/p>\n\n\n\n<p>Lorsque vous visitez ce site Web, le serveur recueille certaines donn\u00e9es telles que le navigateur que vous utilisez, votre adresse de domaine, et votre activit\u00e9 sur notre site. Nous utilisons ces donn\u00e9es pour optimiser et am\u00e9liorer notre site Web, ainsi qu\u2019\u00e0 des fins de s\u00e9curit\u00e9.<\/p>\n\n\n\n<h3 class=\"wp-block-heading\" id=\"cookies\">T\u00e9moins de connexion<\/h3>\n\n\n\n<p>Ce site Web utilise des t\u00e9moins de connexion (cookies) persistants et des t\u00e9moins de connexion de session, qui sont de petits fichiers stock\u00e9s sur votre ordinateur. Le t\u00e9moin de connexion persistant reste sur votre ordinateur apr\u00e8s votre visite et aide notre serveur \u00e0 suivre les visiteurs \u00e0 un niveau agr\u00e9g\u00e9 et \u00e0 se souvenir de vous lors de votre prochaine visite. Les t\u00e9moins persistants peuvent \u00eatre supprim\u00e9s en les effa\u00e7ant de votre navigateur. Le t\u00e9moin de session n\u2019est conserv\u00e9 que lorsque vous vous connectez \u00e0 ce site Web afin que notre serveur sache qui vous \u00eates pendant votre visite, et il est automatiquement supprim\u00e9 lorsque vous vous d\u00e9connectez ou fermez votre navigateur.<\/p>\n\n\n\n<h3 class=\"wp-block-heading\" id=\"ownership\">Propri\u00e9t\u00e9<\/h3>\n\n\n\n<p>Ce site Web est la propri\u00e9t\u00e9 exclusive d\u2019Efficacit\u00e9 Manitoba et est prot\u00e9g\u00e9 par les lois et les ententes canadiennes et \u00e9trang\u00e8res en mati\u00e8re de propri\u00e9t\u00e9 intellectuelle. Sauf pour l\u2019usage personnel, informatif et non commercial autoris\u00e9 par les pr\u00e9sentes ou par d\u2019autres dispositions du site Web, il est interdit de reproduire, de t\u00e9l\u00e9charger, de d\u00e9river, de modifier ou de distribuer le contenu de ce site Web, en tout ou en partie, quel que soit le format ou la langue, sans l\u2019autorisation \u00e9crite pr\u00e9alable d\u2019Efficacit\u00e9 Manitoba. Les conditions d\u2019utilisation \u00e9nonc\u00e9es dans le pr\u00e9sent document doivent \u00eatre conserv\u00e9es et affich\u00e9es int\u00e9gralement sur toutes les reproductions, diffusions et tous les produits de travail autoris\u00e9s. Aucune disposition des pr\u00e9sentes ne doit \u00eatre interpr\u00e9t\u00e9e comme conf\u00e9rant implicitement, par pr\u00e9clusion ou autrement, une licence ou un droit en vertu d\u2019un brevet, d\u2019une marque de commerce ou d\u2019un droit d\u2019auteur d\u2019Efficacit\u00e9 Manitoba ou d\u2019un tiers.<\/p>\n\n\n\n<h3 class=\"wp-block-heading\" id=\"legal-disclaimer\">Clause de non-responsabilit\u00e9<\/h3>\n\n\n\n<p>LES RENSEIGNEMENTS ET LES SERVICES FOURNIS DANS CE SITE WEB LE SONT UNIQUEMENT \u00ab\u2009TELS QUELS\u2009\u00bb ET \u00ab\u2009SI DISPONIBLES\u2009\u00bb, SANS AUCUNE GARANTIE DE QUELQUE NATURE QUE CE SOIT. EFFICACIT\u00c9 MANITOBA NE FAIT AUCUNE D\u00c9CLARATION, NI NE DONNE AUCUNE GARANTIE ET D\u00c9CLINE TOUT ENGAGEMENT, GARANTIE, CONDITION,&nbsp; OU MODALIT\u00c9, EXPRES OU IMPLICITE, Y COMPRIS, MAIS SANS S\u2019Y LIMITER, TOUTE GARANTIE EXPRESSE OU IMPLICITE QUANT \u00c0 LA QUALIT\u00c9 MARCHANDE, \u00c0 LA PROPRI\u00c9T\u00c9, \u00c0 LA S\u00c9CURIT\u00c9, \u00c0 L\u2019EXHAUSTIVIT\u00c9, \u00c0 L\u2019EXACTITUDE, \u00c0 LA JUSTESSE, \u00c0 LA FIABILIT\u00c9, \u00c0 L\u2019ACTUALIT\u00c9, \u00c0 LA COMPATIBILIT\u00c9 OU \u00c0 LA S\u00c9CURIT\u00c9 POUR TOUT SYST\u00c8ME UTILISATEUR, OU D\u2019AD\u00c9QUATION \u00c0 UN USAGE PARTICULIER OU \u00c0 TOUTE AUTRE FIN.<\/p>\n\n\n\n<p>L\u2019UTILISATION DE CE SITE WEB, Y COMPRIS SANS S\u2019Y LIMITER, TOUT RENSEIGNEMENT ET\/OU TOUT SERVICE QUI S\u2019Y TROUVE, SE FAIT \u00c0 VOS PROPRES RISQUES. IL VOUS INCOMBE DE V\u00c9RIFIER TOUS LES RENSEIGNEMENTS ET TOUS LES R\u00c9SULTATS DES SERVICES AVANT DE VOUS Y FIER. EFFICACIT\u00c9 MANITOBA NE FAIT AUCUNE D\u00c9CLARATION ET NE DONNE AUCUNE GARANTIE QUANT AU FAIT QUE L\u2019INFORMATION ET LES SERVICES FOURNIS DANS CE SITE WEB SERONT ININTERROMPUS OU EXEMPTS D\u2019ERREURS. IL VOUS INCOMBE DE PRENDRE TOUTES LES PR\u00c9CAUTIONS N\u00c9CESSAIRES POUR VOUS ASSURER QUE LE CONTENU AUQUEL VOUS POUVEZ ACC\u00c9DER OU QUE VOUS OBTENEZ \u00c0 PARTIR DU SITE WEB EST EXEMPT DE VIRUS. EFFICACIT\u00c9 MANITOBA ET SES SOCI\u00c9T\u00c9S AFFILI\u00c9ES, DIRIGEANTS, ADMINISTRATEURS, EMPLOY\u00c9S ET AGENTS D\u00c9CLINENT EXPRESS\u00c9MENT TOUTE RESPONSABILIT\u00c9, QU\u2019ELLE SOIT CONTRACTUELLE, D\u00c9LICTUELLE, STRICTE OU AUTRE, \u00c0 L\u2019\u00c9GARD DE TOUT DOMMAGE DIRECT, INDIRECT, ACCESSOIRE, CONS\u00c9CUTIF, PUNITIF OU SP\u00c9CIAL D\u00c9COULANT DE VOTRE ACC\u00c8S AU SITE WEB OU DE VOTRE UTILISATION DE CELUI-CI, M\u00caME SI EFFICACIT\u00c9 MANITOBA A \u00c9T\u00c9 AVIS\u00c9E DE LA POSSIBILIT\u00c9 DE TELS DOMMAGES ET QU\u2019ILS SOIENT CAUS\u00c9S EN TOUT OU EN PARTIE PAR LA N\u00c9GLIGENCE, DES CATASTROPHES NATURELLES, DES PANNES DE T\u00c9L\u00c9COMMUNICATIONS, LE VOL OU LA DESTRUCTION DU SITE WEB, OU DES RENSEIGNEMENTS OU DES PROGRAMMES CONNEXES, OU L\u2019ACC\u00c8S NON AUTORIS\u00c9 \u00c0 CEUX-CI.<\/p>\n\n\n\n<p>Vous \u00eates tenu d\u2019indemniser et de d\u00e9gager Efficacit\u00e9 Manitoba, ses administrateurs, ses dirigeants et ses employ\u00e9s, \u00e0 l\u2019\u00e9gard de tout type d\u2019action, de cause d\u2019action, de perte, de co\u00fbt, de dommage, de d\u00e9pense, de poursuite, de r\u00e9clamation, de responsabilit\u00e9, de dette et de demande que l\u2019une ou l\u2019autre des personnes susmentionn\u00e9es pourrait subir ou faire l\u2019objet, ou qui pourrait \u00eatre intent\u00e9e ou revendiqu\u00e9e \u00e0 l\u2019encontre de l\u2019une de ces personnes susmentionn\u00e9es, en raison de l\u2019acc\u00e8s, de l\u2019utilisation, de la confiance, de l\u2019exploitation ou de l\u2019application de ce site Web et\/ou de tout renseignement ou de tout service qu\u2019il contient, ou en raison d\u2019une violation de toute partie de la pr\u00e9sente entente, d\u2019une n\u00e9gligence ou d\u2019une inconduite de votre part.<\/p>\n<\/div><\/div>\n","protected":false},"excerpt":{"rendered":"<p>Veuillez lire ces conditions avant d\u2019utiliser ce site Web. Bienvenue sur efficacit\u00e9MB.ca. Ce site Web est d\u00e9tenu et exploit\u00e9 par Efficacit\u00e9 Manitoba. Conditions d\u2019utilisation Les conditions d\u2019utilisation suivantes d\u00e9finissent les conditions applicables \u00e0 l\u2019utilisation de ce site Web. En utilisant ce site, vous acceptez toutes les conditions qui y sont \u00e9nonc\u00e9es. Si vous n\u2019acceptez pascontinue-reading<\/p>\n","protected":false},"author":10,"featured_media":878,"parent":0,"menu_order":0,"comment_status":"closed","ping_status":"closed","template":"","meta":{"_acf_changed":false,"footnotes":""},"class_list":["post-13351","page","type-page","status-publish","has-post-thumbnail","hentry"],"acf":[],"yoast_head":"<!-- This site is optimized with the Yoast SEO plugin v27.3 - https:\/\/yoast.com\/product\/yoast-seo-wordpress\/ -->\n<title>Conditions d\u2019utilisation du site Web &#8212; Efficiency Manitoba<\/title>\n<meta name=\"robots\" content=\"index, follow, max-snippet:-1, max-image-preview:large, max-video-preview:-1\" \/>\n<link rel=\"canonical\" href=\"https:\/\/efficiencymb.ca\/fr\/conditions-dutilisation-du-site-web\/\" \/>\n<meta property=\"og:locale\" content=\"fr_FR\" \/>\n<meta property=\"og:type\" content=\"article\" \/>\n<meta property=\"og:title\" content=\"Conditions d\u2019utilisation du site Web &#8212; Efficiency Manitoba\" \/>\n<meta property=\"og:description\" content=\"Veuillez lire ces conditions avant d\u2019utiliser ce site Web. Bienvenue sur efficacit\u00e9MB.ca. Ce site Web est d\u00e9tenu et exploit\u00e9 par Efficacit\u00e9 Manitoba. Conditions d\u2019utilisation Les conditions d\u2019utilisation suivantes d\u00e9finissent les conditions applicables \u00e0 l\u2019utilisation de ce site Web. En utilisant ce site, vous acceptez toutes les conditions qui y sont \u00e9nonc\u00e9es. Si vous n\u2019acceptez pascontinue-reading\" \/>\n<meta property=\"og:url\" content=\"https:\/\/efficiencymb.ca\/fr\/conditions-dutilisation-du-site-web\/\" \/>\n<meta property=\"og:site_name\" content=\"Efficiency Manitoba\" \/>\n<meta property=\"article:modified_time\" content=\"2023-07-17T19:19:03+00:00\" \/>\n<meta property=\"og:image\" content=\"https:\/\/efficiencymb.ca\/wp-content\/uploads\/2020\/02\/banner-about-fr_2x.jpg\" \/>\n\t<meta property=\"og:image:width\" content=\"2400\" \/>\n\t<meta property=\"og:image:height\" content=\"1350\" \/>\n\t<meta property=\"og:image:type\" content=\"image\/jpeg\" \/>\n<meta name=\"twitter:card\" content=\"summary_large_image\" \/>\n<meta name=\"twitter:label1\" content=\"Dur\u00e9e de lecture estim\u00e9e\" \/>\n\t<meta name=\"twitter:data1\" content=\"7 minutes\" \/>\n<script type=\"application\/ld+json\" class=\"yoast-schema-graph\">{\"@context\":\"https:\\\/\\\/schema.org\",\"@graph\":[{\"@type\":\"WebPage\",\"@id\":\"https:\\\/\\\/efficiencymb.ca\\\/fr\\\/conditions-dutilisation-du-site-web\\\/\",\"url\":\"https:\\\/\\\/efficiencymb.ca\\\/fr\\\/conditions-dutilisation-du-site-web\\\/\",\"name\":\"Conditions d\u2019utilisation du site Web &#8212; Efficiency Manitoba\",\"isPartOf\":{\"@id\":\"https:\\\/\\\/efficiencymb.ca\\\/#website\"},\"primaryImageOfPage\":{\"@id\":\"https:\\\/\\\/efficiencymb.ca\\\/fr\\\/conditions-dutilisation-du-site-web\\\/#primaryimage\"},\"image\":{\"@id\":\"https:\\\/\\\/efficiencymb.ca\\\/fr\\\/conditions-dutilisation-du-site-web\\\/#primaryimage\"},\"thumbnailUrl\":\"https:\\\/\\\/efficiencymb.ca\\\/wp-content\\\/uploads\\\/2020\\\/02\\\/banner-about-fr_2x.jpg\",\"datePublished\":\"2020-03-04T15:08:56+00:00\",\"dateModified\":\"2023-07-17T19:19:03+00:00\",\"breadcrumb\":{\"@id\":\"https:\\\/\\\/efficiencymb.ca\\\/fr\\\/conditions-dutilisation-du-site-web\\\/#breadcrumb\"},\"inLanguage\":\"fr-FR\",\"potentialAction\":[{\"@type\":\"ReadAction\",\"target\":[\"https:\\\/\\\/efficiencymb.ca\\\/fr\\\/conditions-dutilisation-du-site-web\\\/\"]}]},{\"@type\":\"ImageObject\",\"inLanguage\":\"fr-FR\",\"@id\":\"https:\\\/\\\/efficiencymb.ca\\\/fr\\\/conditions-dutilisation-du-site-web\\\/#primaryimage\",\"url\":\"https:\\\/\\\/efficiencymb.ca\\\/wp-content\\\/uploads\\\/2020\\\/02\\\/banner-about-fr_2x.jpg\",\"contentUrl\":\"https:\\\/\\\/efficiencymb.ca\\\/wp-content\\\/uploads\\\/2020\\\/02\\\/banner-about-fr_2x.jpg\",\"width\":2400,\"height\":1350,\"caption\":\"Logo Efficacit\u00e9 Manitoba\"},{\"@type\":\"BreadcrumbList\",\"@id\":\"https:\\\/\\\/efficiencymb.ca\\\/fr\\\/conditions-dutilisation-du-site-web\\\/#breadcrumb\",\"itemListElement\":[{\"@type\":\"ListItem\",\"position\":1,\"name\":\"Home\",\"item\":\"https:\\\/\\\/efficiencymb.ca\\\/fr\\\/\"},{\"@type\":\"ListItem\",\"position\":2,\"name\":\"Conditions d\u2019utilisation du site Web\"}]},{\"@type\":\"WebSite\",\"@id\":\"https:\\\/\\\/efficiencymb.ca\\\/#website\",\"url\":\"https:\\\/\\\/efficiencymb.ca\\\/\",\"name\":\"Efficiency Manitoba\",\"description\":\"\",\"publisher\":{\"@id\":\"https:\\\/\\\/efficiencymb.ca\\\/#organization\"},\"potentialAction\":[{\"@type\":\"SearchAction\",\"target\":{\"@type\":\"EntryPoint\",\"urlTemplate\":\"https:\\\/\\\/efficiencymb.ca\\\/?s={search_term_string}\"},\"query-input\":{\"@type\":\"PropertyValueSpecification\",\"valueRequired\":true,\"valueName\":\"search_term_string\"}}],\"inLanguage\":\"fr-FR\"},{\"@type\":\"Organization\",\"@id\":\"https:\\\/\\\/efficiencymb.ca\\\/#organization\",\"name\":\"Efficiency Manitoba\",\"url\":\"https:\\\/\\\/efficiencymb.ca\\\/\",\"logo\":{\"@type\":\"ImageObject\",\"inLanguage\":\"fr-FR\",\"@id\":\"https:\\\/\\\/efficiencymb.ca\\\/#\\\/schema\\\/logo\\\/image\\\/\",\"url\":\"https:\\\/\\\/efficiencymb.ca\\\/wp-content\\\/uploads\\\/em-logo-white-en.png\",\"contentUrl\":\"https:\\\/\\\/efficiencymb.ca\\\/wp-content\\\/uploads\\\/em-logo-white-en.png\",\"width\":388,\"height\":91,\"caption\":\"Efficiency Manitoba\"},\"image\":{\"@id\":\"https:\\\/\\\/efficiencymb.ca\\\/#\\\/schema\\\/logo\\\/image\\\/\"}}]}<\/script>\n<!-- \/ Yoast SEO plugin. -->","yoast_head_json":{"title":"Conditions d\u2019utilisation du site Web &#8212; Efficiency Manitoba","robots":{"index":"index","follow":"follow","max-snippet":"max-snippet:-1","max-image-preview":"max-image-preview:large","max-video-preview":"max-video-preview:-1"},"canonical":"https:\/\/efficiencymb.ca\/fr\/conditions-dutilisation-du-site-web\/","og_locale":"fr_FR","og_type":"article","og_title":"Conditions d\u2019utilisation du site Web &#8212; Efficiency Manitoba","og_description":"Veuillez lire ces conditions avant d\u2019utiliser ce site Web. Bienvenue sur efficacit\u00e9MB.ca. Ce site Web est d\u00e9tenu et exploit\u00e9 par Efficacit\u00e9 Manitoba. Conditions d\u2019utilisation Les conditions d\u2019utilisation suivantes d\u00e9finissent les conditions applicables \u00e0 l\u2019utilisation de ce site Web. En utilisant ce site, vous acceptez toutes les conditions qui y sont \u00e9nonc\u00e9es. Si vous n\u2019acceptez pascontinue-reading","og_url":"https:\/\/efficiencymb.ca\/fr\/conditions-dutilisation-du-site-web\/","og_site_name":"Efficiency Manitoba","article_modified_time":"2023-07-17T19:19:03+00:00","og_image":[{"width":2400,"height":1350,"url":"https:\/\/efficiencymb.ca\/wp-content\/uploads\/2020\/02\/banner-about-fr_2x.jpg","type":"image\/jpeg"}],"twitter_card":"summary_large_image","twitter_misc":{"Dur\u00e9e de lecture estim\u00e9e":"7 minutes"},"schema":{"@context":"https:\/\/schema.org","@graph":[{"@type":"WebPage","@id":"https:\/\/efficiencymb.ca\/fr\/conditions-dutilisation-du-site-web\/","url":"https:\/\/efficiencymb.ca\/fr\/conditions-dutilisation-du-site-web\/","name":"Conditions d\u2019utilisation du site Web &#8212; Efficiency Manitoba","isPartOf":{"@id":"https:\/\/efficiencymb.ca\/#website"},"primaryImageOfPage":{"@id":"https:\/\/efficiencymb.ca\/fr\/conditions-dutilisation-du-site-web\/#primaryimage"},"image":{"@id":"https:\/\/efficiencymb.ca\/fr\/conditions-dutilisation-du-site-web\/#primaryimage"},"thumbnailUrl":"https:\/\/efficiencymb.ca\/wp-content\/uploads\/2020\/02\/banner-about-fr_2x.jpg","datePublished":"2020-03-04T15:08:56+00:00","dateModified":"2023-07-17T19:19:03+00:00","breadcrumb":{"@id":"https:\/\/efficiencymb.ca\/fr\/conditions-dutilisation-du-site-web\/#breadcrumb"},"inLanguage":"fr-FR","potentialAction":[{"@type":"ReadAction","target":["https:\/\/efficiencymb.ca\/fr\/conditions-dutilisation-du-site-web\/"]}]},{"@type":"ImageObject","inLanguage":"fr-FR","@id":"https:\/\/efficiencymb.ca\/fr\/conditions-dutilisation-du-site-web\/#primaryimage","url":"https:\/\/efficiencymb.ca\/wp-content\/uploads\/2020\/02\/banner-about-fr_2x.jpg","contentUrl":"https:\/\/efficiencymb.ca\/wp-content\/uploads\/2020\/02\/banner-about-fr_2x.jpg","width":2400,"height":1350,"caption":"Logo Efficacit\u00e9 Manitoba"},{"@type":"BreadcrumbList","@id":"https:\/\/efficiencymb.ca\/fr\/conditions-dutilisation-du-site-web\/#breadcrumb","itemListElement":[{"@type":"ListItem","position":1,"name":"Home","item":"https:\/\/efficiencymb.ca\/fr\/"},{"@type":"ListItem","position":2,"name":"Conditions d\u2019utilisation du site Web"}]},{"@type":"WebSite","@id":"https:\/\/efficiencymb.ca\/#website","url":"https:\/\/efficiencymb.ca\/","name":"Efficiency Manitoba","description":"","publisher":{"@id":"https:\/\/efficiencymb.ca\/#organization"},"potentialAction":[{"@type":"SearchAction","target":{"@type":"EntryPoint","urlTemplate":"https:\/\/efficiencymb.ca\/?s={search_term_string}"},"query-input":{"@type":"PropertyValueSpecification","valueRequired":true,"valueName":"search_term_string"}}],"inLanguage":"fr-FR"},{"@type":"Organization","@id":"https:\/\/efficiencymb.ca\/#organization","name":"Efficiency Manitoba","url":"https:\/\/efficiencymb.ca\/","logo":{"@type":"ImageObject","inLanguage":"fr-FR","@id":"https:\/\/efficiencymb.ca\/#\/schema\/logo\/image\/","url":"https:\/\/efficiencymb.ca\/wp-content\/uploads\/em-logo-white-en.png","contentUrl":"https:\/\/efficiencymb.ca\/wp-content\/uploads\/em-logo-white-en.png","width":388,"height":91,"caption":"Efficiency Manitoba"},"image":{"@id":"https:\/\/efficiencymb.ca\/#\/schema\/logo\/image\/"}}]}},"_links":{"self":[{"href":"https:\/\/efficiencymb.ca\/fr\/wp-json\/wp\/v2\/pages\/13351","targetHints":{"allow":["GET"]}}],"collection":[{"href":"https:\/\/efficiencymb.ca\/fr\/wp-json\/wp\/v2\/pages"}],"about":[{"href":"https:\/\/efficiencymb.ca\/fr\/wp-json\/wp\/v2\/types\/page"}],"author":[{"embeddable":true,"href":"https:\/\/efficiencymb.ca\/fr\/wp-json\/wp\/v2\/users\/10"}],"replies":[{"embeddable":true,"href":"https:\/\/efficiencymb.ca\/fr\/wp-json\/wp\/v2\/comments?post=13351"}],"version-history":[{"count":9,"href":"https:\/\/efficiencymb.ca\/fr\/wp-json\/wp\/v2\/pages\/13351\/revisions"}],"predecessor-version":[{"id":55013,"href":"https:\/\/efficiencymb.ca\/fr\/wp-json\/wp\/v2\/pages\/13351\/revisions\/55013"}],"wp:featuredmedia":[{"embeddable":true,"href":"https:\/\/efficiencymb.ca\/fr\/wp-json\/wp\/v2\/media\/878"}],"wp:attachment":[{"href":"https:\/\/efficiencymb.ca\/fr\/wp-json\/wp\/v2\/media?parent=13351"}],"curies":[{"name":"wp","href":"https:\/\/api.w.org\/{rel}","templated":true}]}}