{"id":13349,"date":"2021-06-09T07:52:24","date_gmt":"2021-06-09T12:52:24","guid":{"rendered":"https:\/\/efficiencymb.ca\/virtual-energy-review\/terms-and-conditions\/"},"modified":"2023-06-07T20:29:40","modified_gmt":"2023-06-08T01:29:40","slug":"conditions-generales","status":"publish","type":"page","link":"https:\/\/efficiencymb.ca\/fr\/examen-virtuel-de-la-consommation-denergie\/conditions-generales\/","title":{"rendered":"Conditions g\u00e9n\u00e9rales"},"content":{"rendered":"\n<div class=\"wp-block-group is-style-content-columns\"><div class=\"wp-block-group__inner-container is-layout-flow wp-block-group-is-layout-flow\">\n<h1 class=\"wp-block-heading has-text-align-center is-style-hero-heading\">EXAMEN VIRTUEL DE LA CONSOMMATION D&rsquo;\u00c9NERGIE<\/h1>\n\n\n\n<h2 class=\"wp-block-heading has-text-align-center is-style-hero-heading-grey\">Conditions g\u00e9n\u00e9rales<\/h2>\n\n\n\n<p>Veuillez lire les conditions g\u00e9n\u00e9rales relatives \u00e0 <a href=\"https:\/\/efficiencymb.ca\/fr\/examen-virtuel-de-la-consommation-denergie\/\">l\u2019examen virtuel de la consommation d\u2019\u00e9nergie d\u2019Efficacit\u00e9 Manitoba<\/a>. En utilisant ce site et l\u2019outil d\u2019examen virtuel de la consommation d\u2019\u00e9nergie, vous acceptez les conditions g\u00e9n\u00e9rales \u00e9nonc\u00e9es ci-dessous. Si vous n\u2019acceptez pas l\u2019une ou l\u2019autre de ces conditions g\u00e9n\u00e9rales, veuillez quitter le site imm\u00e9diatement et ne pas utiliser l\u2019examen virtuel de la consommation d\u2019\u00e9nergie.<\/p>\n\n\n\n<h3 class=\"wp-block-heading is-style-hero-heading-grey\">1.0 Garanties et accords<\/h3>\n\n\n\n<p>1.1 Vous acceptez d\u2019acc\u00e9der \u00e0 l\u2019examen virtuel de la consommation d\u2019\u00e9nergie pour votre usage personnel.<\/p>\n\n\n\n<p>1.2 Cet examen virtuel de la consommation d\u2019\u00e9nergie permet d\u2019estimer la consommation d\u2019\u00e9nergie de votre maison. Il ne vise pas \u00e0 remplacer une inspection compl\u00e8te de la maison ni un audit \u00e9nerg\u00e9tique de votre maison. Nous ne donnons aucune garantie, explicite ou implicite, sur les chiffres de consommation d\u2019\u00e9nergie ou les recommandations d\u2019efficacit\u00e9 \u00e9nerg\u00e9tique inclus dans cette \u00e9valuation. La consommation et les co\u00fbts \u00e9nerg\u00e9tiques r\u00e9els d\u00e9pendent de nombreux facteurs qui d\u00e9passent les capacit\u00e9s du logiciel.<\/p>\n\n\n\n<p>1.3 Efficacit\u00e9 Manitoba se r\u00e9serve le droit de modifier, de corriger, de supprimer ou de mettre \u00e0 jour les pr\u00e9sentes conditions g\u00e9n\u00e9rales \u00e0 tout moment sans pr\u00e9avis, et vous acceptez d\u2019\u00eatre li\u00e9 par ces modifications, corrections et mises \u00e0 jour.<\/p>\n\n\n\n<p>1.4 Vous acceptez de recevoir des communications \u00e9lectroniques li\u00e9es aux estimations et aux recommandations d\u00e9coulant de votre examen virtuel de la consommation d\u2019\u00e9nergie.<\/p>\n\n\n\n<p>1.5 Les pr\u00e9sentes conditions g\u00e9n\u00e9rales sont r\u00e9gies et interpr\u00e9t\u00e9es conform\u00e9ment aux lois du Manitoba et aux lois applicables du Canada, sans \u00e9gard aux lois manitobaines ou f\u00e9d\u00e9rales r\u00e9gissant les conflits de lois, m\u00eame si l\u2019une ou plusieurs des parties aux pr\u00e9sentes conditions g\u00e9n\u00e9rales r\u00e9sident ou sont domicili\u00e9es dans une autre province ou un autre pays. Par les pr\u00e9sentes, les parties s\u2019en remettent irr\u00e9vocablement \u00e0 la comp\u00e9tence exclusive de la Cour du Banc de la Reine du Manitoba, Winnipeg-Centre.<\/p>\n\n\n\n<h3 class=\"wp-block-heading is-style-hero-heading-grey\">2.0 Protection de la vie priv\u00e9e<\/h3>\n\n\n\n<p>2.0 Les renseignements personnels sont recueillis en vertu de l&rsquo;autorit\u00e9 d&rsquo;Efficacit\u00e9 Manitoba et de la <em>Loi sur la soci\u00e9t\u00e9 pour l&rsquo;efficacit\u00e9 \u00e9nerg\u00e9tique au Manitoba<\/em> et sont assujettis aux dispositions de la <a href=\"https:\/\/www.gov.mb.ca\/fippa\/index.fr.html\">Loi sur l&rsquo;acc\u00e8s \u00e0 l&rsquo;information et la protection de la vie priv\u00e9e<\/a>. L\u2019objectif est d\u2019offrir des mesures incitatives aux clients et clientes pour l\u2019installation de produits \u00e9co\u00e9nerg\u00e9tiques et d\u2019obtenir de l\u2019information pour calculer les \u00e9conomies d\u2019\u00e9nergie. D\u2019autres utilisations et divulgations peuvent \u00eatre faites aux fournisseurs participants, \u00e0 la R\u00e9gie des services publics, aux v\u00e9rificateurs externes, aux entit\u00e9s gouvernementales et aux responsables d\u2019Efficacit\u00e9 Manitoba. Si vous avez des questions au sujet de la collecte de renseignements, communiquez avec Efficacit\u00e9 Manitoba au 1-204-944-8181.<\/p>\n\n\n\n<p>2.1 Pour certaines fonctionnalit\u00e9s de l\u2019examen virtuel de la consommation d\u2019\u00e9nergie, vous devrez d\u2019abord vous inscrire et cr\u00e9er des identifiants de connexion. L\u2019inscription et l\u2019acc\u00e8s \u00e0 ces fonctionnalit\u00e9s sont facultatifs et volontaires. Le cas \u00e9ch\u00e9ant, il vous incombe exclusivement d\u2019utiliser et de pr\u00e9server la confidentialit\u00e9 de ces identifiants (comme le num\u00e9ro d\u2019identification, le mot de passe ou tout autre code d\u2019acc\u00e8s) qui peuvent \u00eatre n\u00e9cessaires pour acc\u00e9der \u00e0 cette partie du site Web et\/ou l\u2019utiliser.<\/p>\n\n\n\n<p>2.2 Si vous nous communiquez votre ou vos adresses \u00e9lectroniques et\/ou votre ou vos num\u00e9ros de t\u00e9l\u00e9phone mobile, nous recueillerons ces informations afin que nous puissions vous r\u00e9pondre. Veuillez noter que les renseignements de nature d\u00e9licate (comme les renseignements personnels de nature d\u00e9licate) ne doivent pas \u00eatre envoy\u00e9s par courriel, par message texte (SMS) ou message multim\u00e9dia (MMS) ni par Internet. Nous ne vous demandons pas de renseignements personnels par courriel, sauf en r\u00e9ponse \u00e0 une demande de votre demande. Si vous recevez un courriel ou un message SMS\/MMS qui semble provenir d\u2019Efficacit\u00e9 Manitoba et qui vous demande des renseignements personnels, veuillez ne pas r\u00e9pondre avant de communiquer avec nous pour en v\u00e9rifier l\u2019authenticit\u00e9. Si vous avez des questions sur la fa\u00e7on dont vos renseignements personnels sont trait\u00e9s, veuillez communiquer avec nous \u00e0 l\u2019adresse <a href=\"mailto:energyteam@efficiencyMB.ca\">energyteam@efficiencyMB.ca<\/a>. Si vous d\u00e9cidez que vous ne souhaitez plus recevoir de courriel ou de message SMS\/MMS de notre part, il vous suffit de vous d\u00e9sabonner de toutes les listes de diffusion.<\/p>\n\n\n\n<h3 class=\"wp-block-heading is-style-hero-heading-grey\">3.0 Responsabilit\u00e9<\/h3>\n\n\n\n<p>3.1 Efficacit\u00e9 Manitoba n\u2019accepte aucune responsabilit\u00e9 de quelque nature que ce soit d\u00e9coulant de l\u2019utilisation du contenu divulgu\u00e9 ou disponible sur le site de l\u2019examen virtuel de la consommation d\u2019\u00e9nergie, ni aucune responsabilit\u00e9 d\u00e9coulant de votre confiance ou de celle d\u2019un tiers \u00e0 l\u2019\u00e9gard de ce contenu. Si vous ou un tiers utilisez le contenu de l\u2019examen virtuel de la consommation d\u2019\u00e9nergie ou vous y fiez, vous le faites enti\u00e8rement \u00e0 vos propres risques.<\/p>\n\n\n\n<p>3.2 Efficacit\u00e9 Manitoba n\u2019offre aucune garantie, expresse ou implicite, quant \u00e0 l\u2019utilisation d\u2019un produit, d\u2019une am\u00e9lioration ou d\u2019un processus, et n\u2019assume aucune responsabilit\u00e9 \u00e0 cet \u00e9gard. Par cons\u00e9quent, il vous incombe de faire preuve de toute diligence raisonnable que vous jugez appropri\u00e9e \u00e0 l\u2019\u00e9gard des services pour lesquels vous signez un contrat.<\/p>\n\n\n\n<p>3.3 Efficacit\u00e9 Manitoba n\u2019est pas le concepteur de l\u2019examen virtuel de la consommation d\u2019\u00e9nergie et ne fait aucune recommandation ni ne donne aucune garantie, expresse ou implicite, quant \u00e0 l\u2019aptitude, \u00e0 la qualit\u00e9 des pratiques de conception ou \u00e0 la capacit\u00e9 de l\u2019examen virtuel de la consommation d\u2019\u00e9nergie ou de son utilisation.<\/p>\n\n\n\n<p>3.4 Par les pr\u00e9sentes, le client ou la cliente indemnise et d\u00e9gage de toute responsabilit\u00e9 Efficacit\u00e9 Manitoba, ses administrateurs, ses dirigeants, ses agents et ses employ\u00e9s de tous dommages, de toutes d\u00e9penses et de tous co\u00fbts li\u00e9s aux blessures ou au d\u00e9c\u00e8s de toute personne, aux dommages ou \u00e0 la destruction de biens et \u00e0 toute perte \u00e9conomique subie par toute personne en raison de l\u2019utilisation de l\u2019examen virtuel de la consommation d\u2019\u00e9nergie.<\/p>\n\n\n\n<p>3.5 Efficacit\u00e9 Manitoba et ses agents ne sont pas responsables des probl\u00e8mes de nature technique li\u00e9s \u00e0 l\u2019utilisation de l\u2019examen virtuel de la consommation d\u2019\u00e9nergie ou qui en d\u00e9coulent, y compris les erreurs, les d\u00e9fauts, les interruptions ou les corruptions, ou les d\u00e9faillances techniques de tout r\u00e9seau ou ligne t\u00e9l\u00e9phonique, de tout syst\u00e8me informatique en ligne, de tout serveur, de tout fournisseur d\u2019acc\u00e8s, de tout \u00e9quipement informatique ou de tout logiciel et Efficacit\u00e9 Manitoba n\u2019est pas responsable des dommages caus\u00e9s \u00e0 votre ordinateur ou \u00e0 votre r\u00e9seau informatique, ou \u00e0 ceux d\u2019une autre personne, en lien avec l\u2019utilisation de l\u2019examen virtuel de la consommation d\u2019\u00e9nergie ou qui en d\u00e9coulent; y compris le t\u00e9l\u00e9chargement de documents vers l\u2019examen virtuel de la consommation d\u2019\u00e9nergie ou \u00e0 partir de cet examen.<\/p>\n\n\n\n<p>3.6 L\u2019examen virtuel de la consommation d\u2019\u00e9nergie peut contenir des liens vers des sites Web exploit\u00e9s par des parties autres qu\u2019Efficacit\u00e9 Manitoba. Ces liens sont fournis \u00e0 titre de r\u00e9f\u00e9rence seulement et Efficacit\u00e9 Manitoba ne contr\u00f4le pas ces sites Web et n\u2019est pas responsable de leur contenu. L\u2019inclusion par Efficacit\u00e9 Manitoba de liens vers ces sites Web ne signifie pas qu\u2019elle approuve le contenu de ces sites ni qu\u2019elle est associ\u00e9e \u00e0 leurs exploitants.<\/p>\n<\/div><\/div>\n\n\n\n<div style=\"height:100px\" aria-hidden=\"true\" class=\"wp-block-spacer\"><\/div>\n","protected":false},"excerpt":{"rendered":"<p>EXAMEN VIRTUEL DE LA CONSOMMATION D&rsquo;\u00c9NERGIE Conditions g\u00e9n\u00e9rales Veuillez lire les conditions g\u00e9n\u00e9rales relatives \u00e0 l\u2019examen virtuel de la consommation d\u2019\u00e9nergie d\u2019Efficacit\u00e9 Manitoba. En utilisant ce site et l\u2019outil d\u2019examen virtuel de la consommation d\u2019\u00e9nergie, vous acceptez les conditions g\u00e9n\u00e9rales \u00e9nonc\u00e9es ci-dessous. Si vous n\u2019acceptez pas l\u2019une ou l\u2019autre de ces conditions g\u00e9n\u00e9rales, veuillez quittercontinue-reading<\/p>\n","protected":false},"author":6,"featured_media":10679,"parent":13098,"menu_order":0,"comment_status":"closed","ping_status":"closed","template":"","meta":{"_acf_changed":false,"footnotes":""},"class_list":["post-13349","page","type-page","status-publish","has-post-thumbnail","hentry","page_cat-exclude-algolia-search"],"acf":[],"yoast_head":"<!-- This site is optimized with the Yoast SEO plugin v27.3 - https:\/\/yoast.com\/product\/yoast-seo-wordpress\/ -->\n<title>Conditions g\u00e9n\u00e9rales &#8212; Efficiency Manitoba<\/title>\n<meta name=\"robots\" content=\"index, follow, max-snippet:-1, max-image-preview:large, max-video-preview:-1\" \/>\n<link rel=\"canonical\" href=\"https:\/\/efficiencymb.ca\/fr\/examen-virtuel-de-la-consommation-denergie\/conditions-generales\/\" \/>\n<meta property=\"og:locale\" content=\"fr_FR\" \/>\n<meta property=\"og:type\" content=\"article\" \/>\n<meta property=\"og:title\" content=\"Conditions g\u00e9n\u00e9rales &#8212; Efficiency Manitoba\" \/>\n<meta property=\"og:description\" content=\"EXAMEN VIRTUEL DE LA CONSOMMATION D&rsquo;\u00c9NERGIE Conditions g\u00e9n\u00e9rales Veuillez lire les conditions g\u00e9n\u00e9rales relatives \u00e0 l\u2019examen virtuel de la consommation d\u2019\u00e9nergie d\u2019Efficacit\u00e9 Manitoba. En utilisant ce site et l\u2019outil d\u2019examen virtuel de la consommation d\u2019\u00e9nergie, vous acceptez les conditions g\u00e9n\u00e9rales \u00e9nonc\u00e9es ci-dessous. Si vous n\u2019acceptez pas l\u2019une ou l\u2019autre de ces conditions g\u00e9n\u00e9rales, veuillez quittercontinue-reading\" \/>\n<meta property=\"og:url\" content=\"https:\/\/efficiencymb.ca\/fr\/examen-virtuel-de-la-consommation-denergie\/conditions-generales\/\" \/>\n<meta property=\"og:site_name\" content=\"Efficiency Manitoba\" \/>\n<meta property=\"article:modified_time\" content=\"2023-06-08T01:29:40+00:00\" \/>\n<meta property=\"og:image\" content=\"https:\/\/efficiencymb.ca\/wp-content\/uploads\/Efficiency-Manitoba-Virtual-Energy-Review.jpeg\" \/>\n\t<meta property=\"og:image:width\" content=\"2400\" \/>\n\t<meta property=\"og:image:height\" content=\"1350\" \/>\n\t<meta property=\"og:image:type\" content=\"image\/jpeg\" \/>\n<meta name=\"twitter:card\" content=\"summary_large_image\" \/>\n<meta name=\"twitter:label1\" content=\"Dur\u00e9e de lecture estim\u00e9e\" \/>\n\t<meta name=\"twitter:data1\" content=\"5 minutes\" \/>\n<script type=\"application\/ld+json\" class=\"yoast-schema-graph\">{\"@context\":\"https:\\\/\\\/schema.org\",\"@graph\":[{\"@type\":\"WebPage\",\"@id\":\"https:\\\/\\\/efficiencymb.ca\\\/fr\\\/examen-virtuel-de-la-consommation-denergie\\\/conditions-generales\\\/\",\"url\":\"https:\\\/\\\/efficiencymb.ca\\\/fr\\\/examen-virtuel-de-la-consommation-denergie\\\/conditions-generales\\\/\",\"name\":\"Conditions g\u00e9n\u00e9rales &#8212; Efficiency Manitoba\",\"isPartOf\":{\"@id\":\"https:\\\/\\\/efficiencymb.ca\\\/#website\"},\"primaryImageOfPage\":{\"@id\":\"https:\\\/\\\/efficiencymb.ca\\\/fr\\\/examen-virtuel-de-la-consommation-denergie\\\/conditions-generales\\\/#primaryimage\"},\"image\":{\"@id\":\"https:\\\/\\\/efficiencymb.ca\\\/fr\\\/examen-virtuel-de-la-consommation-denergie\\\/conditions-generales\\\/#primaryimage\"},\"thumbnailUrl\":\"https:\\\/\\\/efficiencymb.ca\\\/wp-content\\\/uploads\\\/Efficiency-Manitoba-Virtual-Energy-Review.jpeg\",\"datePublished\":\"2021-06-09T12:52:24+00:00\",\"dateModified\":\"2023-06-08T01:29:40+00:00\",\"breadcrumb\":{\"@id\":\"https:\\\/\\\/efficiencymb.ca\\\/fr\\\/examen-virtuel-de-la-consommation-denergie\\\/conditions-generales\\\/#breadcrumb\"},\"inLanguage\":\"fr-FR\",\"potentialAction\":[{\"@type\":\"ReadAction\",\"target\":[\"https:\\\/\\\/efficiencymb.ca\\\/fr\\\/examen-virtuel-de-la-consommation-denergie\\\/conditions-generales\\\/\"]}]},{\"@type\":\"ImageObject\",\"inLanguage\":\"fr-FR\",\"@id\":\"https:\\\/\\\/efficiencymb.ca\\\/fr\\\/examen-virtuel-de-la-consommation-denergie\\\/conditions-generales\\\/#primaryimage\",\"url\":\"https:\\\/\\\/efficiencymb.ca\\\/wp-content\\\/uploads\\\/Efficiency-Manitoba-Virtual-Energy-Review.jpeg\",\"contentUrl\":\"https:\\\/\\\/efficiencymb.ca\\\/wp-content\\\/uploads\\\/Efficiency-Manitoba-Virtual-Energy-Review.jpeg\",\"width\":2400,\"height\":1350,\"caption\":\"Personne utilisant un ordinateur portable\"},{\"@type\":\"BreadcrumbList\",\"@id\":\"https:\\\/\\\/efficiencymb.ca\\\/fr\\\/examen-virtuel-de-la-consommation-denergie\\\/conditions-generales\\\/#breadcrumb\",\"itemListElement\":[{\"@type\":\"ListItem\",\"position\":1,\"name\":\"Home\",\"item\":\"https:\\\/\\\/efficiencymb.ca\\\/fr\\\/\"},{\"@type\":\"ListItem\",\"position\":2,\"name\":\"Examen Virtuel De La Consommation D\u2019\u00e9nergie\",\"item\":\"https:\\\/\\\/efficiencymb.ca\\\/fr\\\/examen-virtuel-de-la-consommation-denergie\\\/\"},{\"@type\":\"ListItem\",\"position\":3,\"name\":\"Conditions g\u00e9n\u00e9rales\"}]},{\"@type\":\"WebSite\",\"@id\":\"https:\\\/\\\/efficiencymb.ca\\\/#website\",\"url\":\"https:\\\/\\\/efficiencymb.ca\\\/\",\"name\":\"Efficiency Manitoba\",\"description\":\"\",\"publisher\":{\"@id\":\"https:\\\/\\\/efficiencymb.ca\\\/#organization\"},\"potentialAction\":[{\"@type\":\"SearchAction\",\"target\":{\"@type\":\"EntryPoint\",\"urlTemplate\":\"https:\\\/\\\/efficiencymb.ca\\\/?s={search_term_string}\"},\"query-input\":{\"@type\":\"PropertyValueSpecification\",\"valueRequired\":true,\"valueName\":\"search_term_string\"}}],\"inLanguage\":\"fr-FR\"},{\"@type\":\"Organization\",\"@id\":\"https:\\\/\\\/efficiencymb.ca\\\/#organization\",\"name\":\"Efficiency Manitoba\",\"url\":\"https:\\\/\\\/efficiencymb.ca\\\/\",\"logo\":{\"@type\":\"ImageObject\",\"inLanguage\":\"fr-FR\",\"@id\":\"https:\\\/\\\/efficiencymb.ca\\\/#\\\/schema\\\/logo\\\/image\\\/\",\"url\":\"https:\\\/\\\/efficiencymb.ca\\\/wp-content\\\/uploads\\\/em-logo-white-en.png\",\"contentUrl\":\"https:\\\/\\\/efficiencymb.ca\\\/wp-content\\\/uploads\\\/em-logo-white-en.png\",\"width\":388,\"height\":91,\"caption\":\"Efficiency Manitoba\"},\"image\":{\"@id\":\"https:\\\/\\\/efficiencymb.ca\\\/#\\\/schema\\\/logo\\\/image\\\/\"}}]}<\/script>\n<!-- \/ Yoast SEO plugin. -->","yoast_head_json":{"title":"Conditions g\u00e9n\u00e9rales &#8212; Efficiency Manitoba","robots":{"index":"index","follow":"follow","max-snippet":"max-snippet:-1","max-image-preview":"max-image-preview:large","max-video-preview":"max-video-preview:-1"},"canonical":"https:\/\/efficiencymb.ca\/fr\/examen-virtuel-de-la-consommation-denergie\/conditions-generales\/","og_locale":"fr_FR","og_type":"article","og_title":"Conditions g\u00e9n\u00e9rales &#8212; Efficiency Manitoba","og_description":"EXAMEN VIRTUEL DE LA CONSOMMATION D&rsquo;\u00c9NERGIE Conditions g\u00e9n\u00e9rales Veuillez lire les conditions g\u00e9n\u00e9rales relatives \u00e0 l\u2019examen virtuel de la consommation d\u2019\u00e9nergie d\u2019Efficacit\u00e9 Manitoba. En utilisant ce site et l\u2019outil d\u2019examen virtuel de la consommation d\u2019\u00e9nergie, vous acceptez les conditions g\u00e9n\u00e9rales \u00e9nonc\u00e9es ci-dessous. Si vous n\u2019acceptez pas l\u2019une ou l\u2019autre de ces conditions g\u00e9n\u00e9rales, veuillez quittercontinue-reading","og_url":"https:\/\/efficiencymb.ca\/fr\/examen-virtuel-de-la-consommation-denergie\/conditions-generales\/","og_site_name":"Efficiency Manitoba","article_modified_time":"2023-06-08T01:29:40+00:00","og_image":[{"width":2400,"height":1350,"url":"https:\/\/efficiencymb.ca\/wp-content\/uploads\/Efficiency-Manitoba-Virtual-Energy-Review.jpeg","type":"image\/jpeg"}],"twitter_card":"summary_large_image","twitter_misc":{"Dur\u00e9e de lecture estim\u00e9e":"5 minutes"},"schema":{"@context":"https:\/\/schema.org","@graph":[{"@type":"WebPage","@id":"https:\/\/efficiencymb.ca\/fr\/examen-virtuel-de-la-consommation-denergie\/conditions-generales\/","url":"https:\/\/efficiencymb.ca\/fr\/examen-virtuel-de-la-consommation-denergie\/conditions-generales\/","name":"Conditions g\u00e9n\u00e9rales &#8212; Efficiency Manitoba","isPartOf":{"@id":"https:\/\/efficiencymb.ca\/#website"},"primaryImageOfPage":{"@id":"https:\/\/efficiencymb.ca\/fr\/examen-virtuel-de-la-consommation-denergie\/conditions-generales\/#primaryimage"},"image":{"@id":"https:\/\/efficiencymb.ca\/fr\/examen-virtuel-de-la-consommation-denergie\/conditions-generales\/#primaryimage"},"thumbnailUrl":"https:\/\/efficiencymb.ca\/wp-content\/uploads\/Efficiency-Manitoba-Virtual-Energy-Review.jpeg","datePublished":"2021-06-09T12:52:24+00:00","dateModified":"2023-06-08T01:29:40+00:00","breadcrumb":{"@id":"https:\/\/efficiencymb.ca\/fr\/examen-virtuel-de-la-consommation-denergie\/conditions-generales\/#breadcrumb"},"inLanguage":"fr-FR","potentialAction":[{"@type":"ReadAction","target":["https:\/\/efficiencymb.ca\/fr\/examen-virtuel-de-la-consommation-denergie\/conditions-generales\/"]}]},{"@type":"ImageObject","inLanguage":"fr-FR","@id":"https:\/\/efficiencymb.ca\/fr\/examen-virtuel-de-la-consommation-denergie\/conditions-generales\/#primaryimage","url":"https:\/\/efficiencymb.ca\/wp-content\/uploads\/Efficiency-Manitoba-Virtual-Energy-Review.jpeg","contentUrl":"https:\/\/efficiencymb.ca\/wp-content\/uploads\/Efficiency-Manitoba-Virtual-Energy-Review.jpeg","width":2400,"height":1350,"caption":"Personne utilisant un ordinateur portable"},{"@type":"BreadcrumbList","@id":"https:\/\/efficiencymb.ca\/fr\/examen-virtuel-de-la-consommation-denergie\/conditions-generales\/#breadcrumb","itemListElement":[{"@type":"ListItem","position":1,"name":"Home","item":"https:\/\/efficiencymb.ca\/fr\/"},{"@type":"ListItem","position":2,"name":"Examen Virtuel De La Consommation D\u2019\u00e9nergie","item":"https:\/\/efficiencymb.ca\/fr\/examen-virtuel-de-la-consommation-denergie\/"},{"@type":"ListItem","position":3,"name":"Conditions g\u00e9n\u00e9rales"}]},{"@type":"WebSite","@id":"https:\/\/efficiencymb.ca\/#website","url":"https:\/\/efficiencymb.ca\/","name":"Efficiency Manitoba","description":"","publisher":{"@id":"https:\/\/efficiencymb.ca\/#organization"},"potentialAction":[{"@type":"SearchAction","target":{"@type":"EntryPoint","urlTemplate":"https:\/\/efficiencymb.ca\/?s={search_term_string}"},"query-input":{"@type":"PropertyValueSpecification","valueRequired":true,"valueName":"search_term_string"}}],"inLanguage":"fr-FR"},{"@type":"Organization","@id":"https:\/\/efficiencymb.ca\/#organization","name":"Efficiency Manitoba","url":"https:\/\/efficiencymb.ca\/","logo":{"@type":"ImageObject","inLanguage":"fr-FR","@id":"https:\/\/efficiencymb.ca\/#\/schema\/logo\/image\/","url":"https:\/\/efficiencymb.ca\/wp-content\/uploads\/em-logo-white-en.png","contentUrl":"https:\/\/efficiencymb.ca\/wp-content\/uploads\/em-logo-white-en.png","width":388,"height":91,"caption":"Efficiency Manitoba"},"image":{"@id":"https:\/\/efficiencymb.ca\/#\/schema\/logo\/image\/"}}]}},"_links":{"self":[{"href":"https:\/\/efficiencymb.ca\/fr\/wp-json\/wp\/v2\/pages\/13349","targetHints":{"allow":["GET"]}}],"collection":[{"href":"https:\/\/efficiencymb.ca\/fr\/wp-json\/wp\/v2\/pages"}],"about":[{"href":"https:\/\/efficiencymb.ca\/fr\/wp-json\/wp\/v2\/types\/page"}],"author":[{"embeddable":true,"href":"https:\/\/efficiencymb.ca\/fr\/wp-json\/wp\/v2\/users\/6"}],"replies":[{"embeddable":true,"href":"https:\/\/efficiencymb.ca\/fr\/wp-json\/wp\/v2\/comments?post=13349"}],"version-history":[{"count":10,"href":"https:\/\/efficiencymb.ca\/fr\/wp-json\/wp\/v2\/pages\/13349\/revisions"}],"predecessor-version":[{"id":27089,"href":"https:\/\/efficiencymb.ca\/fr\/wp-json\/wp\/v2\/pages\/13349\/revisions\/27089"}],"up":[{"embeddable":true,"href":"https:\/\/efficiencymb.ca\/fr\/wp-json\/wp\/v2\/pages\/13098"}],"wp:featuredmedia":[{"embeddable":true,"href":"https:\/\/efficiencymb.ca\/fr\/wp-json\/wp\/v2\/media\/10679"}],"wp:attachment":[{"href":"https:\/\/efficiencymb.ca\/fr\/wp-json\/wp\/v2\/media?parent=13349"}],"curies":[{"name":"wp","href":"https:\/\/api.w.org\/{rel}","templated":true}]}}