{"id":13345,"date":"2021-03-01T15:57:41","date_gmt":"2021-03-01T15:57:41","guid":{"rendered":"https:\/\/efficiencymb.ca\/publicmeeting-thankyou\/"},"modified":"2025-10-29T12:02:42","modified_gmt":"2025-10-29T17:02:42","slug":"publicmeeting-thankyou","status":"publish","type":"page","link":"https:\/\/efficiencymb.ca\/fr\/publicmeeting-thankyou\/","title":{"rendered":"ASSEMBL\u00c9E PUBLIQUE ANNUELLE 2025\u00a0"},"content":{"rendered":"\n<div class=\"wp-block-group container is-style-content-wide\"><div class=\"wp-block-group__inner-container is-layout-flow wp-block-group-is-layout-flow\">\n<h1 class=\"wp-block-heading has-text-align-center is-style-hero-heading\"><strong>Merci pour votre inscription<\/strong>!<\/h1>\n\n\n\n<p class=\"has-text-align-center has-medium-font-size\">Et voil\u00e0! Vous pourrez visionner la pr\u00e9sentation de notre assembl\u00e9e publique annuelle \u00e0 compter du 19\u00a0novembre 2025. Nous vous enverrons un lien par courriel d\u00e8s qu\u2019il sera accessible. <\/p>\n<\/div><\/div>\n\n\n\n<div style=\"height:100px\" aria-hidden=\"true\" class=\"wp-block-spacer\"><\/div>\n\n\n\n<figure class=\"wp-block-image size-full\"><img loading=\"lazy\" decoding=\"async\" width=\"2000\" height=\"400\" src=\"https:\/\/efficiencymb.ca\/wp-content\/uploads\/bg-two-tone-green@2x.png\" alt=\"\" class=\"wp-image-592\" srcset=\"https:\/\/efficiencymb.ca\/wp-content\/uploads\/bg-two-tone-green@2x.png 2000w, https:\/\/efficiencymb.ca\/wp-content\/uploads\/bg-two-tone-green@2x-479x96.png 479w, https:\/\/efficiencymb.ca\/wp-content\/uploads\/bg-two-tone-green@2x-1024x205.png 1024w, https:\/\/efficiencymb.ca\/wp-content\/uploads\/bg-two-tone-green@2x-768x154.png 768w, https:\/\/efficiencymb.ca\/wp-content\/uploads\/bg-two-tone-green@2x-1536x307.png 1536w\" sizes=\"auto, (max-width: 2000px) 100vw, 2000px\" \/><\/figure>\n","protected":false},"excerpt":{"rendered":"<p>Merci pour votre inscription! Et voil\u00e0! Vous pourrez visionner la pr\u00e9sentation de notre assembl\u00e9e publique annuelle \u00e0 compter du 19\u00a0novembre 2025. Nous vous enverrons un lien par courriel d\u00e8s qu\u2019il sera accessible.<\/p>\n","protected":false},"author":6,"featured_media":8314,"parent":0,"menu_order":0,"comment_status":"closed","ping_status":"closed","template":"","meta":{"_acf_changed":false,"footnotes":""},"class_list":["post-13345","page","type-page","status-publish","has-post-thumbnail","hentry","page_cat-exclude-algolia-search"],"acf":[],"yoast_head":"<!-- This site is optimized with the Yoast SEO plugin v27.3 - https:\/\/yoast.com\/product\/yoast-seo-wordpress\/ -->\n<title>ASSEMBL\u00c9E PUBLIQUE ANNUELLE 2025\u00a0 &#8212; Efficiency Manitoba<\/title>\n<meta name=\"robots\" content=\"index, follow, max-snippet:-1, max-image-preview:large, max-video-preview:-1\" \/>\n<link rel=\"canonical\" href=\"https:\/\/efficiencymb.ca\/fr\/publicmeeting-thankyou\/\" \/>\n<meta property=\"og:locale\" content=\"fr_FR\" \/>\n<meta property=\"og:type\" content=\"article\" \/>\n<meta property=\"og:title\" content=\"ASSEMBL\u00c9E PUBLIQUE ANNUELLE 2025\u00a0 &#8212; Efficiency Manitoba\" \/>\n<meta property=\"og:description\" content=\"Merci pour votre inscription! Et voil\u00e0! Vous pourrez visionner la pr\u00e9sentation de notre assembl\u00e9e publique annuelle \u00e0 compter du 19\u00a0novembre 2025. Nous vous enverrons un lien par courriel d\u00e8s qu\u2019il sera accessible.\" \/>\n<meta property=\"og:url\" content=\"https:\/\/efficiencymb.ca\/fr\/publicmeeting-thankyou\/\" \/>\n<meta property=\"og:site_name\" content=\"Efficiency Manitoba\" \/>\n<meta property=\"article:modified_time\" content=\"2025-10-29T17:02:42+00:00\" \/>\n<meta property=\"og:image\" content=\"https:\/\/efficiencymb.ca\/wp-content\/uploads\/GettyImages-1217123258-scaled.jpg\" \/>\n\t<meta property=\"og:image:width\" content=\"6720\" \/>\n\t<meta property=\"og:image:height\" content=\"4480\" \/>\n\t<meta property=\"og:image:type\" content=\"image\/jpeg\" \/>\n<meta name=\"twitter:card\" content=\"summary_large_image\" \/>\n<meta name=\"twitter:label1\" content=\"Dur\u00e9e de lecture estim\u00e9e\" \/>\n\t<meta name=\"twitter:data1\" content=\"1 minute\" \/>\n<script type=\"application\/ld+json\" class=\"yoast-schema-graph\">{\"@context\":\"https:\\\/\\\/schema.org\",\"@graph\":[{\"@type\":\"WebPage\",\"@id\":\"https:\\\/\\\/efficiencymb.ca\\\/fr\\\/publicmeeting-thankyou\\\/\",\"url\":\"https:\\\/\\\/efficiencymb.ca\\\/fr\\\/publicmeeting-thankyou\\\/\",\"name\":\"ASSEMBL\u00c9E PUBLIQUE ANNUELLE 2025\u00a0 &#8212; Efficiency Manitoba\",\"isPartOf\":{\"@id\":\"https:\\\/\\\/efficiencymb.ca\\\/#website\"},\"primaryImageOfPage\":{\"@id\":\"https:\\\/\\\/efficiencymb.ca\\\/fr\\\/publicmeeting-thankyou\\\/#primaryimage\"},\"image\":{\"@id\":\"https:\\\/\\\/efficiencymb.ca\\\/fr\\\/publicmeeting-thankyou\\\/#primaryimage\"},\"thumbnailUrl\":\"https:\\\/\\\/efficiencymb.ca\\\/wp-content\\\/uploads\\\/GettyImages-1217123258-scaled.jpg\",\"datePublished\":\"2021-03-01T15:57:41+00:00\",\"dateModified\":\"2025-10-29T17:02:42+00:00\",\"breadcrumb\":{\"@id\":\"https:\\\/\\\/efficiencymb.ca\\\/fr\\\/publicmeeting-thankyou\\\/#breadcrumb\"},\"inLanguage\":\"fr-FR\",\"potentialAction\":[{\"@type\":\"ReadAction\",\"target\":[\"https:\\\/\\\/efficiencymb.ca\\\/fr\\\/publicmeeting-thankyou\\\/\"]}]},{\"@type\":\"ImageObject\",\"inLanguage\":\"fr-FR\",\"@id\":\"https:\\\/\\\/efficiencymb.ca\\\/fr\\\/publicmeeting-thankyou\\\/#primaryimage\",\"url\":\"https:\\\/\\\/efficiencymb.ca\\\/wp-content\\\/uploads\\\/GettyImages-1217123258-scaled.jpg\",\"contentUrl\":\"https:\\\/\\\/efficiencymb.ca\\\/wp-content\\\/uploads\\\/GettyImages-1217123258-scaled.jpg\",\"width\":6720,\"height\":4480,\"caption\":\"Woman working at home having a video conference with colleagues\"},{\"@type\":\"BreadcrumbList\",\"@id\":\"https:\\\/\\\/efficiencymb.ca\\\/fr\\\/publicmeeting-thankyou\\\/#breadcrumb\",\"itemListElement\":[{\"@type\":\"ListItem\",\"position\":1,\"name\":\"Home\",\"item\":\"https:\\\/\\\/efficiencymb.ca\\\/fr\\\/\"},{\"@type\":\"ListItem\",\"position\":2,\"name\":\"ASSEMBL\u00c9E PUBLIQUE ANNUELLE 2025\u00a0\"}]},{\"@type\":\"WebSite\",\"@id\":\"https:\\\/\\\/efficiencymb.ca\\\/#website\",\"url\":\"https:\\\/\\\/efficiencymb.ca\\\/\",\"name\":\"Efficiency Manitoba\",\"description\":\"\",\"publisher\":{\"@id\":\"https:\\\/\\\/efficiencymb.ca\\\/#organization\"},\"potentialAction\":[{\"@type\":\"SearchAction\",\"target\":{\"@type\":\"EntryPoint\",\"urlTemplate\":\"https:\\\/\\\/efficiencymb.ca\\\/?s={search_term_string}\"},\"query-input\":{\"@type\":\"PropertyValueSpecification\",\"valueRequired\":true,\"valueName\":\"search_term_string\"}}],\"inLanguage\":\"fr-FR\"},{\"@type\":\"Organization\",\"@id\":\"https:\\\/\\\/efficiencymb.ca\\\/#organization\",\"name\":\"Efficiency Manitoba\",\"url\":\"https:\\\/\\\/efficiencymb.ca\\\/\",\"logo\":{\"@type\":\"ImageObject\",\"inLanguage\":\"fr-FR\",\"@id\":\"https:\\\/\\\/efficiencymb.ca\\\/#\\\/schema\\\/logo\\\/image\\\/\",\"url\":\"https:\\\/\\\/efficiencymb.ca\\\/wp-content\\\/uploads\\\/em-logo-white-en.png\",\"contentUrl\":\"https:\\\/\\\/efficiencymb.ca\\\/wp-content\\\/uploads\\\/em-logo-white-en.png\",\"width\":388,\"height\":91,\"caption\":\"Efficiency Manitoba\"},\"image\":{\"@id\":\"https:\\\/\\\/efficiencymb.ca\\\/#\\\/schema\\\/logo\\\/image\\\/\"}}]}<\/script>\n<!-- \/ Yoast SEO plugin. -->","yoast_head_json":{"title":"ASSEMBL\u00c9E PUBLIQUE ANNUELLE 2025\u00a0 &#8212; Efficiency Manitoba","robots":{"index":"index","follow":"follow","max-snippet":"max-snippet:-1","max-image-preview":"max-image-preview:large","max-video-preview":"max-video-preview:-1"},"canonical":"https:\/\/efficiencymb.ca\/fr\/publicmeeting-thankyou\/","og_locale":"fr_FR","og_type":"article","og_title":"ASSEMBL\u00c9E PUBLIQUE ANNUELLE 2025\u00a0 &#8212; Efficiency Manitoba","og_description":"Merci pour votre inscription! Et voil\u00e0! Vous pourrez visionner la pr\u00e9sentation de notre assembl\u00e9e publique annuelle \u00e0 compter du 19\u00a0novembre 2025. Nous vous enverrons un lien par courriel d\u00e8s qu\u2019il sera accessible.","og_url":"https:\/\/efficiencymb.ca\/fr\/publicmeeting-thankyou\/","og_site_name":"Efficiency Manitoba","article_modified_time":"2025-10-29T17:02:42+00:00","og_image":[{"width":6720,"height":4480,"url":"https:\/\/efficiencymb.ca\/wp-content\/uploads\/GettyImages-1217123258-scaled.jpg","type":"image\/jpeg"}],"twitter_card":"summary_large_image","twitter_misc":{"Dur\u00e9e de lecture estim\u00e9e":"1 minute"},"schema":{"@context":"https:\/\/schema.org","@graph":[{"@type":"WebPage","@id":"https:\/\/efficiencymb.ca\/fr\/publicmeeting-thankyou\/","url":"https:\/\/efficiencymb.ca\/fr\/publicmeeting-thankyou\/","name":"ASSEMBL\u00c9E PUBLIQUE ANNUELLE 2025\u00a0 &#8212; Efficiency Manitoba","isPartOf":{"@id":"https:\/\/efficiencymb.ca\/#website"},"primaryImageOfPage":{"@id":"https:\/\/efficiencymb.ca\/fr\/publicmeeting-thankyou\/#primaryimage"},"image":{"@id":"https:\/\/efficiencymb.ca\/fr\/publicmeeting-thankyou\/#primaryimage"},"thumbnailUrl":"https:\/\/efficiencymb.ca\/wp-content\/uploads\/GettyImages-1217123258-scaled.jpg","datePublished":"2021-03-01T15:57:41+00:00","dateModified":"2025-10-29T17:02:42+00:00","breadcrumb":{"@id":"https:\/\/efficiencymb.ca\/fr\/publicmeeting-thankyou\/#breadcrumb"},"inLanguage":"fr-FR","potentialAction":[{"@type":"ReadAction","target":["https:\/\/efficiencymb.ca\/fr\/publicmeeting-thankyou\/"]}]},{"@type":"ImageObject","inLanguage":"fr-FR","@id":"https:\/\/efficiencymb.ca\/fr\/publicmeeting-thankyou\/#primaryimage","url":"https:\/\/efficiencymb.ca\/wp-content\/uploads\/GettyImages-1217123258-scaled.jpg","contentUrl":"https:\/\/efficiencymb.ca\/wp-content\/uploads\/GettyImages-1217123258-scaled.jpg","width":6720,"height":4480,"caption":"Woman working at home having a video conference with colleagues"},{"@type":"BreadcrumbList","@id":"https:\/\/efficiencymb.ca\/fr\/publicmeeting-thankyou\/#breadcrumb","itemListElement":[{"@type":"ListItem","position":1,"name":"Home","item":"https:\/\/efficiencymb.ca\/fr\/"},{"@type":"ListItem","position":2,"name":"ASSEMBL\u00c9E PUBLIQUE ANNUELLE 2025\u00a0"}]},{"@type":"WebSite","@id":"https:\/\/efficiencymb.ca\/#website","url":"https:\/\/efficiencymb.ca\/","name":"Efficiency Manitoba","description":"","publisher":{"@id":"https:\/\/efficiencymb.ca\/#organization"},"potentialAction":[{"@type":"SearchAction","target":{"@type":"EntryPoint","urlTemplate":"https:\/\/efficiencymb.ca\/?s={search_term_string}"},"query-input":{"@type":"PropertyValueSpecification","valueRequired":true,"valueName":"search_term_string"}}],"inLanguage":"fr-FR"},{"@type":"Organization","@id":"https:\/\/efficiencymb.ca\/#organization","name":"Efficiency Manitoba","url":"https:\/\/efficiencymb.ca\/","logo":{"@type":"ImageObject","inLanguage":"fr-FR","@id":"https:\/\/efficiencymb.ca\/#\/schema\/logo\/image\/","url":"https:\/\/efficiencymb.ca\/wp-content\/uploads\/em-logo-white-en.png","contentUrl":"https:\/\/efficiencymb.ca\/wp-content\/uploads\/em-logo-white-en.png","width":388,"height":91,"caption":"Efficiency Manitoba"},"image":{"@id":"https:\/\/efficiencymb.ca\/#\/schema\/logo\/image\/"}}]}},"_links":{"self":[{"href":"https:\/\/efficiencymb.ca\/fr\/wp-json\/wp\/v2\/pages\/13345","targetHints":{"allow":["GET"]}}],"collection":[{"href":"https:\/\/efficiencymb.ca\/fr\/wp-json\/wp\/v2\/pages"}],"about":[{"href":"https:\/\/efficiencymb.ca\/fr\/wp-json\/wp\/v2\/types\/page"}],"author":[{"embeddable":true,"href":"https:\/\/efficiencymb.ca\/fr\/wp-json\/wp\/v2\/users\/6"}],"replies":[{"embeddable":true,"href":"https:\/\/efficiencymb.ca\/fr\/wp-json\/wp\/v2\/comments?post=13345"}],"version-history":[{"count":5,"href":"https:\/\/efficiencymb.ca\/fr\/wp-json\/wp\/v2\/pages\/13345\/revisions"}],"predecessor-version":[{"id":82427,"href":"https:\/\/efficiencymb.ca\/fr\/wp-json\/wp\/v2\/pages\/13345\/revisions\/82427"}],"wp:featuredmedia":[{"embeddable":true,"href":"https:\/\/efficiencymb.ca\/fr\/wp-json\/wp\/v2\/media\/8314"}],"wp:attachment":[{"href":"https:\/\/efficiencymb.ca\/fr\/wp-json\/wp\/v2\/media?parent=13345"}],"curies":[{"name":"wp","href":"https:\/\/api.w.org\/{rel}","templated":true}]}}