{"id":13335,"date":"2020-07-15T14:37:10","date_gmt":"2020-07-15T14:37:10","guid":{"rendered":"https:\/\/efficiencymb.ca\/opportunities\/"},"modified":"2023-07-17T14:13:38","modified_gmt":"2023-07-17T19:13:38","slug":"possibilites","status":"publish","type":"page","link":"https:\/\/efficiencymb.ca\/fr\/possibilites\/","title":{"rendered":"Possibilit\u00e9s d&rsquo;approvisionnement"},"content":{"rendered":"\n<div class=\"wp-block-group is-style-content-wide\"><div class=\"wp-block-group__inner-container is-layout-flow wp-block-group-is-layout-flow\">\n<p class=\"has-text-align-center has-normal-font-size\">Efficacit\u00e9 Manitoba s&rsquo;engage \u00e0 travailler avec des vendeurs et des fournisseurs de services qui nous aident \u00e0 atteindre nos objectifs d&rsquo;efficacit\u00e9 et \u00e0 offrir une valeur r\u00e9elle \u00e0 la population manitobaine. Pour faciliter cette collaboration, nous avons \u00e9labor\u00e9 un processus d&rsquo;approvisionnement public conforme aux accords commerciaux qui est transparent, concurrentiel et non discriminatoire.&nbsp;<\/p>\n\n\n\n<div style=\"height:50px\" aria-hidden=\"true\" class=\"wp-block-spacer\"><\/div>\n\n\n\n<h2 class=\"wp-block-heading has-text-align-center is-style-hero-heading-grey\">POSSIBILIT\u00c9S ACTUELLES<\/h2>\n\n\n\n<p class=\"has-text-align-center\"><a href=\"\/opportunities\/\">Veuillez consulter la version anglaise de notre site pour voir les possibilit\u00e9s d&rsquo;approvisionnement actuelles<\/a>.<\/p>\n\n\n\n<h3 class=\"wp-block-heading has-text-align-center\">Aimeriez-vous fournir des services \u00e0 Efficacit\u00e9 Manitoba?<\/h3>\n\n\n\n<p class=\"has-text-align-center\">Toutes nos possibilit\u00e9s actuelles sont disponibles sur <a href=\"https:\/\/www.merx.com\/\">MERX.com<\/a>. Veuillez chercher Efficacit\u00e9 Manitoba dans la section <a href=\"https:\/\/www.merx.com\/public\/solicitations\/open?language=FR\">Appels d&rsquo;offres canadiens<\/a>.<\/p>\n\n\n\n<div style=\"height:50px\" aria-hidden=\"true\" class=\"wp-block-spacer\"><\/div>\n<\/div><\/div>\n\n\n\n<div class=\"wp-block-group is-style-content-wide\"><div class=\"wp-block-group__inner-container is-layout-flow wp-block-group-is-layout-flow\">\n<h2 class=\"wp-block-heading has-text-align-center is-style-hero-heading\">COMMUNIQUEZ AVEC NOUS<\/h2>\n\n\n\n<div class=\"wp-block-columns connect-container is-layout-flex wp-container-core-columns-is-layout-9d6595d7 wp-block-columns-is-layout-flex\">\n<div class=\"wp-block-column connect-column is-layout-flow wp-block-column-is-layout-flow\"><div class=\"wp-block-image\">\n<figure class=\"aligncenter size-thumbnail\"><img decoding=\"async\" src=\"https:\/\/efficiencymb.ca\/wp-content\/uploads\/ic-circle-xl-speech-bubble-duo@2x-150x150.png\" alt=\"\" class=\"wp-image-574\"\/><\/figure>\n<\/div>\n\n\n<h3 class=\"wp-block-heading has-text-align-center feature-title\">SUIVEZ-NOUS<\/h3>\n\n\n\n<p class=\"has-text-align-center\">Suivez-nous et joignez-vous \u00e0 la conversation.<br><a href=\"https:\/\/www.instagram.com\/efficiencymb\/\" target=\"_blank\" rel=\"noreferrer noopener\">#efficiencyMB<\/a><\/p>\n\n\n\n<p class=\"has-text-align-center has-small-font-size\"><em>(en anglais)<\/em><\/p>\n\n\n\n<ul class=\"social-list wp-block-list\">\n<li>                         <a class=\"social-icon icon-facebook-green square\" href=\"https:\/\/www.facebook.com\/efficiencyMB\"><\/a>                         <a href=\"https:\/\/www.facebook.com\/efficiencyMB\" target=\"_blank\" rel=\"noreferrer noopener\">Facebook<\/a>                     <\/li>\n\n\n\n<li>                         <a class=\"social-icon icon-instagram-green square\" href=\"https:\/\/www.instagram.com\/efficiencymb\/\"><\/a>                         <a href=\"https:\/\/www.instagram.com\/efficiencymb\/\" target=\"_blank\" rel=\"noreferrer noopener\">Instagram<\/a>                               <\/li>\n\n\n\n<li>                         <a class=\"social-icon icon-linkedin-green square\" href=\"https:\/\/ca.linkedin.com\/company\/efficiencymb\"><\/a>                         <a href=\"https:\/\/ca.linkedin.com\/company\/efficiencymb\" target=\"_blank\" rel=\"noreferrer noopener\">LinkedIn<\/a>                     <\/li>\n\n\n\n<li><a href=\"https:\/\/ca.linkedin.com\/company\/efficiencymb\"><\/a><a href=\"https:\/\/ca.linkedin.com\/company\/efficiencymb\"><\/a><a href=\"https:\/\/ca.linkedin.com\/company\/efficiencymb\"><\/a>                         <a class=\"social-icon icon-youtube-green square\" href=\"https:\/\/ca.linkedin.com\/company\/efficiencymb\"><\/a>                         <a href=\"https:\/\/www.youtube.com\/@efficiencyMB\" target=\"_blank\" rel=\"noreferrer noopener\">YouTube<\/a>                     <\/li>\n<\/ul>\n<\/div>\n\n\n\n<div class=\"wp-block-column is-layout-flow wp-block-column-is-layout-flow\"><div class=\"wp-block-image\">\n<figure class=\"aligncenter size-thumbnail\"><img decoding=\"async\" src=\"https:\/\/efficiencymb.ca\/wp-content\/uploads\/ic-circle-xl-laptop@2x-150x150.png\" alt=\"\" class=\"wp-image-3027\"\/><\/figure>\n<\/div>\n\n\n<h3 class=\"wp-block-heading has-text-align-center feature-title\">ENVOYEZ-NOUS UN COURRIEL<\/h3>\n\n\n\n<p class=\"has-text-align-center\"><a href=\"mailto:EnergyTeam@efficiencymb.ca\">Envoyez un courriel<\/a>&nbsp;\u00e0 notre \u00e9quipe si vous avez des questions sur l\u2019efficacit\u00e9 \u00e9nerg\u00e9tique.<\/p>\n<\/div>\n\n\n\n<div class=\"wp-block-column is-layout-flow wp-block-column-is-layout-flow\"><div class=\"wp-block-image\">\n<figure class=\"aligncenter size-thumbnail\"><img decoding=\"async\" src=\"https:\/\/efficiencymb.ca\/wp-content\/uploads\/ic-circle-xl-smartphone@2x-150x150.png\" alt=\"\" class=\"wp-image-573\"\/><\/figure>\n<\/div>\n\n\n<h3 class=\"wp-block-heading has-text-align-center feature-title\">APPELEZ-NOUS<\/h3>\n\n\n\n<p><strong>Vous voulez nous parler directement?<\/strong><\/p>\n\n\n\n<p>Appelez-nous. Nos heures d\u2019ouverture sont du lundi au vendredi, de 9&nbsp;h \u00e0 17&nbsp;h, sauf les jours f\u00e9ri\u00e9s.<\/p>\n\n\n\n<p>T\u00e9l\u00e9phone&nbsp;: <a href=\"tel:+12049448181\">204 944-8181<\/a><br>Num\u00e9ro sans frais : <br><a href=\"tel:+18449448181\">1 844 944-8181<\/a><\/p>\n<\/div>\n<\/div>\n<\/div><\/div>\n\n\n\n<div style=\"height:100px\" aria-hidden=\"true\" class=\"wp-block-spacer\"><\/div>\n","protected":false},"excerpt":{"rendered":"<p>Efficacit\u00e9 Manitoba s&rsquo;engage \u00e0 travailler avec des vendeurs et des fournisseurs de services qui nous aident \u00e0 atteindre nos objectifs d&rsquo;efficacit\u00e9 et \u00e0 offrir une valeur r\u00e9elle \u00e0 la population manitobaine. Pour faciliter cette collaboration, nous avons \u00e9labor\u00e9 un processus d&rsquo;approvisionnement public conforme aux accords commerciaux qui est transparent, concurrentiel et non discriminatoire.&nbsp; POSSIBILIT\u00c9S ACTUELLEScontinue-reading<\/p>\n","protected":false},"author":10,"featured_media":77609,"parent":0,"menu_order":0,"comment_status":"closed","ping_status":"closed","template":"","meta":{"_acf_changed":false,"footnotes":""},"class_list":["post-13335","page","type-page","status-publish","has-post-thumbnail","hentry"],"acf":[],"yoast_head":"<!-- This site is optimized with the Yoast SEO plugin v27.3 - https:\/\/yoast.com\/product\/yoast-seo-wordpress\/ -->\n<title>Possibilit\u00e9s d&#039;approvisionnement &#8212; Efficiency Manitoba<\/title>\n<meta name=\"robots\" content=\"index, follow, max-snippet:-1, max-image-preview:large, max-video-preview:-1\" \/>\n<link rel=\"canonical\" href=\"https:\/\/efficiencymb.ca\/fr\/possibilites\/\" \/>\n<meta property=\"og:locale\" content=\"fr_FR\" \/>\n<meta property=\"og:type\" content=\"article\" \/>\n<meta property=\"og:title\" content=\"Possibilit\u00e9s d&#039;approvisionnement &#8212; Efficiency Manitoba\" \/>\n<meta property=\"og:description\" content=\"Efficacit\u00e9 Manitoba s&rsquo;engage \u00e0 travailler avec des vendeurs et des fournisseurs de services qui nous aident \u00e0 atteindre nos objectifs d&rsquo;efficacit\u00e9 et \u00e0 offrir une valeur r\u00e9elle \u00e0 la population manitobaine. Pour faciliter cette collaboration, nous avons \u00e9labor\u00e9 un processus d&rsquo;approvisionnement public conforme aux accords commerciaux qui est transparent, concurrentiel et non discriminatoire.&nbsp; POSSIBILIT\u00c9S ACTUELLEScontinue-reading\" \/>\n<meta property=\"og:url\" content=\"https:\/\/efficiencymb.ca\/fr\/possibilites\/\" \/>\n<meta property=\"og:site_name\" content=\"Efficiency Manitoba\" \/>\n<meta property=\"article:modified_time\" content=\"2023-07-17T19:13:38+00:00\" \/>\n<meta property=\"og:image\" content=\"https:\/\/efficiencymb.ca\/wp-content\/uploads\/2020\/02\/banner-about_2x.jpg\" \/>\n\t<meta property=\"og:image:width\" content=\"2400\" \/>\n\t<meta property=\"og:image:height\" content=\"1350\" \/>\n\t<meta property=\"og:image:type\" content=\"image\/jpeg\" \/>\n<meta name=\"twitter:card\" content=\"summary_large_image\" \/>\n<meta name=\"twitter:label1\" content=\"Dur\u00e9e de lecture estim\u00e9e\" \/>\n\t<meta name=\"twitter:data1\" content=\"1 minute\" \/>\n<script type=\"application\/ld+json\" class=\"yoast-schema-graph\">{\"@context\":\"https:\\\/\\\/schema.org\",\"@graph\":[{\"@type\":\"WebPage\",\"@id\":\"https:\\\/\\\/efficiencymb.ca\\\/fr\\\/possibilites\\\/\",\"url\":\"https:\\\/\\\/efficiencymb.ca\\\/fr\\\/possibilites\\\/\",\"name\":\"Possibilit\u00e9s d'approvisionnement &#8212; Efficiency Manitoba\",\"isPartOf\":{\"@id\":\"https:\\\/\\\/efficiencymb.ca\\\/#website\"},\"primaryImageOfPage\":{\"@id\":\"https:\\\/\\\/efficiencymb.ca\\\/fr\\\/possibilites\\\/#primaryimage\"},\"image\":{\"@id\":\"https:\\\/\\\/efficiencymb.ca\\\/fr\\\/possibilites\\\/#primaryimage\"},\"thumbnailUrl\":\"https:\\\/\\\/efficiencymb.ca\\\/wp-content\\\/uploads\\\/Efficiency-Manitoba-banner-image.jpg\",\"datePublished\":\"2020-07-15T14:37:10+00:00\",\"dateModified\":\"2023-07-17T19:13:38+00:00\",\"breadcrumb\":{\"@id\":\"https:\\\/\\\/efficiencymb.ca\\\/fr\\\/possibilites\\\/#breadcrumb\"},\"inLanguage\":\"fr-FR\",\"potentialAction\":[{\"@type\":\"ReadAction\",\"target\":[\"https:\\\/\\\/efficiencymb.ca\\\/fr\\\/possibilites\\\/\"]}]},{\"@type\":\"ImageObject\",\"inLanguage\":\"fr-FR\",\"@id\":\"https:\\\/\\\/efficiencymb.ca\\\/fr\\\/possibilites\\\/#primaryimage\",\"url\":\"https:\\\/\\\/efficiencymb.ca\\\/wp-content\\\/uploads\\\/Efficiency-Manitoba-banner-image.jpg\",\"contentUrl\":\"https:\\\/\\\/efficiencymb.ca\\\/wp-content\\\/uploads\\\/Efficiency-Manitoba-banner-image.jpg\",\"width\":1920,\"height\":1080},{\"@type\":\"BreadcrumbList\",\"@id\":\"https:\\\/\\\/efficiencymb.ca\\\/fr\\\/possibilites\\\/#breadcrumb\",\"itemListElement\":[{\"@type\":\"ListItem\",\"position\":1,\"name\":\"Home\",\"item\":\"https:\\\/\\\/efficiencymb.ca\\\/fr\\\/\"},{\"@type\":\"ListItem\",\"position\":2,\"name\":\"Possibilit\u00e9s d&#8217;approvisionnement\"}]},{\"@type\":\"WebSite\",\"@id\":\"https:\\\/\\\/efficiencymb.ca\\\/#website\",\"url\":\"https:\\\/\\\/efficiencymb.ca\\\/\",\"name\":\"Efficiency Manitoba\",\"description\":\"\",\"publisher\":{\"@id\":\"https:\\\/\\\/efficiencymb.ca\\\/#organization\"},\"potentialAction\":[{\"@type\":\"SearchAction\",\"target\":{\"@type\":\"EntryPoint\",\"urlTemplate\":\"https:\\\/\\\/efficiencymb.ca\\\/?s={search_term_string}\"},\"query-input\":{\"@type\":\"PropertyValueSpecification\",\"valueRequired\":true,\"valueName\":\"search_term_string\"}}],\"inLanguage\":\"fr-FR\"},{\"@type\":\"Organization\",\"@id\":\"https:\\\/\\\/efficiencymb.ca\\\/#organization\",\"name\":\"Efficiency Manitoba\",\"url\":\"https:\\\/\\\/efficiencymb.ca\\\/\",\"logo\":{\"@type\":\"ImageObject\",\"inLanguage\":\"fr-FR\",\"@id\":\"https:\\\/\\\/efficiencymb.ca\\\/#\\\/schema\\\/logo\\\/image\\\/\",\"url\":\"https:\\\/\\\/efficiencymb.ca\\\/wp-content\\\/uploads\\\/em-logo-white-en.png\",\"contentUrl\":\"https:\\\/\\\/efficiencymb.ca\\\/wp-content\\\/uploads\\\/em-logo-white-en.png\",\"width\":388,\"height\":91,\"caption\":\"Efficiency Manitoba\"},\"image\":{\"@id\":\"https:\\\/\\\/efficiencymb.ca\\\/#\\\/schema\\\/logo\\\/image\\\/\"}}]}<\/script>\n<!-- \/ Yoast SEO plugin. -->","yoast_head_json":{"title":"Possibilit\u00e9s d'approvisionnement &#8212; Efficiency Manitoba","robots":{"index":"index","follow":"follow","max-snippet":"max-snippet:-1","max-image-preview":"max-image-preview:large","max-video-preview":"max-video-preview:-1"},"canonical":"https:\/\/efficiencymb.ca\/fr\/possibilites\/","og_locale":"fr_FR","og_type":"article","og_title":"Possibilit\u00e9s d'approvisionnement &#8212; Efficiency Manitoba","og_description":"Efficacit\u00e9 Manitoba s&rsquo;engage \u00e0 travailler avec des vendeurs et des fournisseurs de services qui nous aident \u00e0 atteindre nos objectifs d&rsquo;efficacit\u00e9 et \u00e0 offrir une valeur r\u00e9elle \u00e0 la population manitobaine. Pour faciliter cette collaboration, nous avons \u00e9labor\u00e9 un processus d&rsquo;approvisionnement public conforme aux accords commerciaux qui est transparent, concurrentiel et non discriminatoire.&nbsp; POSSIBILIT\u00c9S ACTUELLEScontinue-reading","og_url":"https:\/\/efficiencymb.ca\/fr\/possibilites\/","og_site_name":"Efficiency Manitoba","article_modified_time":"2023-07-17T19:13:38+00:00","og_image":[{"width":2400,"height":1350,"url":"https:\/\/efficiencymb.ca\/wp-content\/uploads\/2020\/02\/banner-about_2x.jpg","type":"image\/jpeg"}],"twitter_card":"summary_large_image","twitter_misc":{"Dur\u00e9e de lecture estim\u00e9e":"1 minute"},"schema":{"@context":"https:\/\/schema.org","@graph":[{"@type":"WebPage","@id":"https:\/\/efficiencymb.ca\/fr\/possibilites\/","url":"https:\/\/efficiencymb.ca\/fr\/possibilites\/","name":"Possibilit\u00e9s d'approvisionnement &#8212; Efficiency Manitoba","isPartOf":{"@id":"https:\/\/efficiencymb.ca\/#website"},"primaryImageOfPage":{"@id":"https:\/\/efficiencymb.ca\/fr\/possibilites\/#primaryimage"},"image":{"@id":"https:\/\/efficiencymb.ca\/fr\/possibilites\/#primaryimage"},"thumbnailUrl":"https:\/\/efficiencymb.ca\/wp-content\/uploads\/Efficiency-Manitoba-banner-image.jpg","datePublished":"2020-07-15T14:37:10+00:00","dateModified":"2023-07-17T19:13:38+00:00","breadcrumb":{"@id":"https:\/\/efficiencymb.ca\/fr\/possibilites\/#breadcrumb"},"inLanguage":"fr-FR","potentialAction":[{"@type":"ReadAction","target":["https:\/\/efficiencymb.ca\/fr\/possibilites\/"]}]},{"@type":"ImageObject","inLanguage":"fr-FR","@id":"https:\/\/efficiencymb.ca\/fr\/possibilites\/#primaryimage","url":"https:\/\/efficiencymb.ca\/wp-content\/uploads\/Efficiency-Manitoba-banner-image.jpg","contentUrl":"https:\/\/efficiencymb.ca\/wp-content\/uploads\/Efficiency-Manitoba-banner-image.jpg","width":1920,"height":1080},{"@type":"BreadcrumbList","@id":"https:\/\/efficiencymb.ca\/fr\/possibilites\/#breadcrumb","itemListElement":[{"@type":"ListItem","position":1,"name":"Home","item":"https:\/\/efficiencymb.ca\/fr\/"},{"@type":"ListItem","position":2,"name":"Possibilit\u00e9s d&#8217;approvisionnement"}]},{"@type":"WebSite","@id":"https:\/\/efficiencymb.ca\/#website","url":"https:\/\/efficiencymb.ca\/","name":"Efficiency Manitoba","description":"","publisher":{"@id":"https:\/\/efficiencymb.ca\/#organization"},"potentialAction":[{"@type":"SearchAction","target":{"@type":"EntryPoint","urlTemplate":"https:\/\/efficiencymb.ca\/?s={search_term_string}"},"query-input":{"@type":"PropertyValueSpecification","valueRequired":true,"valueName":"search_term_string"}}],"inLanguage":"fr-FR"},{"@type":"Organization","@id":"https:\/\/efficiencymb.ca\/#organization","name":"Efficiency Manitoba","url":"https:\/\/efficiencymb.ca\/","logo":{"@type":"ImageObject","inLanguage":"fr-FR","@id":"https:\/\/efficiencymb.ca\/#\/schema\/logo\/image\/","url":"https:\/\/efficiencymb.ca\/wp-content\/uploads\/em-logo-white-en.png","contentUrl":"https:\/\/efficiencymb.ca\/wp-content\/uploads\/em-logo-white-en.png","width":388,"height":91,"caption":"Efficiency Manitoba"},"image":{"@id":"https:\/\/efficiencymb.ca\/#\/schema\/logo\/image\/"}}]}},"_links":{"self":[{"href":"https:\/\/efficiencymb.ca\/fr\/wp-json\/wp\/v2\/pages\/13335","targetHints":{"allow":["GET"]}}],"collection":[{"href":"https:\/\/efficiencymb.ca\/fr\/wp-json\/wp\/v2\/pages"}],"about":[{"href":"https:\/\/efficiencymb.ca\/fr\/wp-json\/wp\/v2\/types\/page"}],"author":[{"embeddable":true,"href":"https:\/\/efficiencymb.ca\/fr\/wp-json\/wp\/v2\/users\/10"}],"replies":[{"embeddable":true,"href":"https:\/\/efficiencymb.ca\/fr\/wp-json\/wp\/v2\/comments?post=13335"}],"version-history":[{"count":8,"href":"https:\/\/efficiencymb.ca\/fr\/wp-json\/wp\/v2\/pages\/13335\/revisions"}],"predecessor-version":[{"id":55012,"href":"https:\/\/efficiencymb.ca\/fr\/wp-json\/wp\/v2\/pages\/13335\/revisions\/55012"}],"wp:featuredmedia":[{"embeddable":true,"href":"https:\/\/efficiencymb.ca\/fr\/wp-json\/wp\/v2\/media\/77609"}],"wp:attachment":[{"href":"https:\/\/efficiencymb.ca\/fr\/wp-json\/wp\/v2\/media?parent=13335"}],"curies":[{"name":"wp","href":"https:\/\/api.w.org\/{rel}","templated":true}]}}