{"id":13276,"date":"2020-03-04T22:32:20","date_gmt":"2020-03-04T22:32:20","guid":{"rendered":"https:\/\/efficiencymb.ca\/business\/new-construction\/"},"modified":"2024-08-30T11:30:08","modified_gmt":"2024-08-30T16:30:08","slug":"haute-performance","status":"publish","type":"page","link":"https:\/\/efficiencymb.ca\/fr\/business\/haute-performance\/","title":{"rendered":"B\u00e2timents \u00e0 haut rendement \u00e9nerg\u00e9tique"},"content":{"rendered":"\r\n\t<div class=\"category-block wp-block-columns wp-block-columns-2 container\">\r\n\t\t\t\t\t<div class=\"wp-block-column\">\r\n\t\t\t<div>\r\n\t\t\t\t<h2 class=\"has-text-align-left\"><a href=\"https:\/\/efficiencymb.ca\/fr\/business\/programme-2-2-pour-les-nouveaux-batiments\/\">Programme pour les nouveaux b\u00e2timents<\/a><\/h2>\r\n\t\t\t\t<p>Incitatifs pour la conception et la construction de nouveaux b\u00e2timents et annexes commerciaux \u00e0 haute efficacit\u00e9 \u00e9nerg\u00e9tique.<\/p>\r\n\t\t\t<\/div>\r\n\t\t\t                <figure class=\"\">\r\n                    <img decoding=\"async\" class=\"acf-figure-image\" \r\n            src=\"https:\/\/efficiencymb.ca\/wp-content\/uploads\/new-building-banner.jpg\"\r\n            srcset=\"https:\/\/efficiencymb.ca\/wp-content\/uploads\/new-building-banner.jpg 1200w, https:\/\/efficiencymb.ca\/wp-content\/uploads\/new-building-banner-479x269.jpg 479w, https:\/\/efficiencymb.ca\/wp-content\/uploads\/new-building-banner-1024x576.jpg 1024w, https:\/\/efficiencymb.ca\/wp-content\/uploads\/new-building-banner-768x432.jpg 768w\"\r\n            sizes=\"(max-width: 1200px) 100vw, 1200px\" \r\n            alt=\"Ouvriers sur un chantier avec une grue\"\r\n        \/>\r\n                        <\/figure>\r\n            \t\t<\/div>\r\n\t\t\t\t\t<div class=\"wp-block-column\">\r\n\t\t\t<div>\r\n\t\t\t\t<h2 class=\"has-text-align-left\"><a href=\"https:\/\/efficiencymb.ca\/fr\/business\/renovations-ecoenergetiques-en-profondeur\/\">PROGRAMME DE R\u00c9NOVATION \u00c9CO\u00c9NERG\u00c9TIQUE MAJEURE DANS LE SECTEUR COMMERCIAL<\/a><\/h2>\r\n\t\t\t\t<p>Nous offrons des mesures incitatives pour vous aider \u00e0 entreprendre d\u2019importantes r\u00e9novations \u00e9co\u00e9nerg\u00e9tiques dans votre immeuble commercial, vous permettant ainsi&#8230;<\/p>\r\n\t\t\t<\/div>\r\n\t\t\t                <figure class=\"\">\r\n                    <img decoding=\"async\" class=\"acf-figure-image\" \r\n            src=\"https:\/\/efficiencymb.ca\/wp-content\/uploads\/Deep-energy-retrofit-category-image.jpg\"\r\n            srcset=\"https:\/\/efficiencymb.ca\/wp-content\/uploads\/Deep-energy-retrofit-category-image.jpg 1920w, https:\/\/efficiencymb.ca\/wp-content\/uploads\/Deep-energy-retrofit-category-image-479x269.jpg 479w, https:\/\/efficiencymb.ca\/wp-content\/uploads\/Deep-energy-retrofit-category-image-1024x576.jpg 1024w, https:\/\/efficiencymb.ca\/wp-content\/uploads\/Deep-energy-retrofit-category-image-768x432.jpg 768w, https:\/\/efficiencymb.ca\/wp-content\/uploads\/Deep-energy-retrofit-category-image-1536x864.jpg 1536w\"\r\n            sizes=\"(max-width: 1920px) 100vw, 1920px\" \r\n            alt=\"\"\r\n        \/>\r\n                        <\/figure>\r\n            \t\t<\/div>\r\n\t\t<\/div>\r\n\n\n\n<div style=\"height:100px\" aria-hidden=\"true\" class=\"wp-block-spacer\"><\/div>\n\n\n\n<div class=\"wp-block-group sub-carousel has-background\" style=\"background-color:#f4f3f3\"><div class=\"wp-block-group__inner-container is-layout-flow wp-block-group-is-layout-flow\">\n<div style=\"height:100px\" aria-hidden=\"true\" class=\"wp-block-spacer\"><\/div>\n\n\n\n<h2 class=\"wp-block-heading has-text-align-center hero-title text-center\" id=\"trucs-astuces-et-conseils\"><strong>TRUCS, ASTUCES ET CONSEILS<\/strong><\/h2>\n\n\n\n<div class=\"featured-post-block\">\n\t<div class=\"featured-post-block-items\" data-slidesToShow=\"2\" data-auto=\"\" data-autoplayspeed=\"\">\n\t\t\t\t\t<div class=\"featured-post-block-item\">\n\t\t\t\t<div class=\"featured-post-block-item-img\">\n\t\t\t\t\t<a class=\"featured-post-block-item-more\" href=\"https:\/\/efficiencymb.ca\/fr\/articles\/tout-savoir-sur-les-thermopompes-geothermiques\/\"><img loading=\"lazy\" decoding=\"async\" width=\"2400\" height=\"1350\" src=\"https:\/\/efficiencymb.ca\/wp-content\/uploads\/all-about-heat-pumps-1219408987-scaled-e1631758197106.jpg\" class=\"attachment-post-thumbnail size-post-thumbnail wp-post-image\" alt=\"Tout savoir sur les thermopompes g\u00e9othermiques\" srcset=\"https:\/\/efficiencymb.ca\/wp-content\/uploads\/all-about-heat-pumps-1219408987-scaled-e1631758197106.jpg 2400w, https:\/\/efficiencymb.ca\/wp-content\/uploads\/all-about-heat-pumps-1219408987-scaled-e1631758197106-479x269.jpg 479w, https:\/\/efficiencymb.ca\/wp-content\/uploads\/all-about-heat-pumps-1219408987-scaled-e1631758197106-1024x576.jpg 1024w, https:\/\/efficiencymb.ca\/wp-content\/uploads\/all-about-heat-pumps-1219408987-scaled-e1631758197106-768x432.jpg 768w, https:\/\/efficiencymb.ca\/wp-content\/uploads\/all-about-heat-pumps-1219408987-scaled-e1631758197106-1536x864.jpg 1536w, https:\/\/efficiencymb.ca\/wp-content\/uploads\/all-about-heat-pumps-1219408987-scaled-e1631758197106-2048x1152.jpg 2048w, https:\/\/efficiencymb.ca\/wp-content\/uploads\/all-about-heat-pumps-1219408987-scaled-e1631758197106-1920x1080.jpg 1920w\" sizes=\"auto, (max-width: 2400px) 100vw, 2400px\" \/><\/a>\n\t\t\t\t<\/div>\n\t\t\t\t<div class=\"featured-post-block-item-content\">\n\t\t\t\t\t<h3 class=\"wp-block-getwid-template-post-title\"><a href=\"https:\/\/efficiencymb.ca\/fr\/articles\/tout-savoir-sur-les-thermopompes-geothermiques\/\">Tout savoir sur les thermopompes g\u00e9othermiques<\/a><\/h3>\n\t\t\t\t\t<div class=\"featured-post-block-item-excerpt\">\n\t\t\t\t\t\tQue vous construisiez un nouveau b\u00e2timent ou que vous remplaciez un syst\u00e8me de chauffage et de refroidissement existant, envisagez l\u2019installation d\u2019une thermopompe g\u00e9othermique, l\u2019un des syst\u00e8mes de chauffage et de\u2026\t\t\t\t\t<\/div>\n\t\t\t\t\t<!-- <a class=\"featured-post-block-item-more\" href=\"\"><\/a> -->\n\t\t\t\t\t<a class=\"featured-post-block-item-more\" href=\"https:\/\/efficiencymb.ca\/fr\/articles\/tout-savoir-sur-les-thermopompes-geothermiques\/\" aria-label=\"Poursuivre la lecture... Tout savoir sur les thermopompes g\u00e9othermiques\">Poursuivre la lecture&#8230;<\/a>\n\t\t\t\t<\/div>\n\t\t\t<\/div>\n\t\t\t\t\t<div class=\"featured-post-block-item\">\n\t\t\t\t<div class=\"featured-post-block-item-img\">\n\t\t\t\t\t<a class=\"featured-post-block-item-more\" href=\"https:\/\/efficiencymb.ca\/fr\/articles\/trouver-des-facons-deconomiser\/\"><img loading=\"lazy\" decoding=\"async\" width=\"2400\" height=\"1350\" src=\"https:\/\/efficiencymb.ca\/wp-content\/uploads\/Identifying_Ways_to_Save_301310061-1.jpg\" class=\"attachment-post-thumbnail size-post-thumbnail wp-post-image\" alt=\"Trouver des fa\u00e7ons d\u2019\u00e9conomiser\" srcset=\"https:\/\/efficiencymb.ca\/wp-content\/uploads\/Identifying_Ways_to_Save_301310061-1.jpg 2400w, https:\/\/efficiencymb.ca\/wp-content\/uploads\/Identifying_Ways_to_Save_301310061-1-479x269.jpg 479w, https:\/\/efficiencymb.ca\/wp-content\/uploads\/Identifying_Ways_to_Save_301310061-1-1024x576.jpg 1024w, https:\/\/efficiencymb.ca\/wp-content\/uploads\/Identifying_Ways_to_Save_301310061-1-768x432.jpg 768w, https:\/\/efficiencymb.ca\/wp-content\/uploads\/Identifying_Ways_to_Save_301310061-1-1536x864.jpg 1536w, https:\/\/efficiencymb.ca\/wp-content\/uploads\/Identifying_Ways_to_Save_301310061-1-2048x1152.jpg 2048w, https:\/\/efficiencymb.ca\/wp-content\/uploads\/Identifying_Ways_to_Save_301310061-1-1920x1080.jpg 1920w\" sizes=\"auto, (max-width: 2400px) 100vw, 2400px\" \/><\/a>\n\t\t\t\t<\/div>\n\t\t\t\t<div class=\"featured-post-block-item-content\">\n\t\t\t\t\t<h3 class=\"wp-block-getwid-template-post-title\"><a href=\"https:\/\/efficiencymb.ca\/fr\/articles\/trouver-des-facons-deconomiser\/\">Trouver des fa\u00e7ons d\u2019\u00e9conomiser<\/a><\/h3>\n\t\t\t\t\t<div class=\"featured-post-block-item-excerpt\">\n\t\t\t\t\t\tLorsqu\u2019il s\u2019agit d\u2019am\u00e9liorer le r\u00e9sultat net de votre entreprise, savoir comment trouver des fa\u00e7ons d\u2019\u00e9conomiser de l\u2019\u00e9nergie peut se r\u00e9v\u00e9ler une d\u00e9marche ardue. \u00c0 Efficacit\u00e9 Manitoba, nous voulons vous simplifier\u2026\t\t\t\t\t<\/div>\n\t\t\t\t\t<!-- <a class=\"featured-post-block-item-more\" href=\"\"><\/a> -->\n\t\t\t\t\t<a class=\"featured-post-block-item-more\" href=\"https:\/\/efficiencymb.ca\/fr\/articles\/trouver-des-facons-deconomiser\/\" aria-label=\"Poursuivre la lecture... Trouver des fa\u00e7ons d\u2019\u00e9conomiser\">Poursuivre la lecture&#8230;<\/a>\n\t\t\t\t<\/div>\n\t\t\t<\/div>\n\t\t\t\t\t<div class=\"featured-post-block-item\">\n\t\t\t\t<div class=\"featured-post-block-item-img\">\n\t\t\t\t\t<a class=\"featured-post-block-item-more\" href=\"https:\/\/efficiencymb.ca\/fr\/articles\/cool-your-refrigeration-energy-use\/\"><img loading=\"lazy\" decoding=\"async\" width=\"2400\" height=\"1350\" src=\"https:\/\/efficiencymb.ca\/wp-content\/uploads\/Cool-your-refrigeration-energy-use-scaled-e1745247536417.jpg\" class=\"attachment-post-thumbnail size-post-thumbnail wp-post-image\" alt=\"Refroidir votre consommation d\u2019\u00e9nergie frigorifique\" srcset=\"https:\/\/efficiencymb.ca\/wp-content\/uploads\/Cool-your-refrigeration-energy-use-scaled-e1745247536417.jpg 2400w, https:\/\/efficiencymb.ca\/wp-content\/uploads\/Cool-your-refrigeration-energy-use-scaled-e1745247536417-479x269.jpg 479w, https:\/\/efficiencymb.ca\/wp-content\/uploads\/Cool-your-refrigeration-energy-use-scaled-e1745247536417-1024x576.jpg 1024w, https:\/\/efficiencymb.ca\/wp-content\/uploads\/Cool-your-refrigeration-energy-use-scaled-e1745247536417-768x432.jpg 768w, https:\/\/efficiencymb.ca\/wp-content\/uploads\/Cool-your-refrigeration-energy-use-scaled-e1745247536417-1536x864.jpg 1536w, https:\/\/efficiencymb.ca\/wp-content\/uploads\/Cool-your-refrigeration-energy-use-scaled-e1745247536417-2048x1152.jpg 2048w, https:\/\/efficiencymb.ca\/wp-content\/uploads\/Cool-your-refrigeration-energy-use-scaled-e1745247536417-1920x1080.jpg 1920w\" sizes=\"auto, (max-width: 2400px) 100vw, 2400px\" \/><\/a>\n\t\t\t\t<\/div>\n\t\t\t\t<div class=\"featured-post-block-item-content\">\n\t\t\t\t\t<h3 class=\"wp-block-getwid-template-post-title\"><a href=\"https:\/\/efficiencymb.ca\/fr\/articles\/cool-your-refrigeration-energy-use\/\">Refroidir votre consommation d\u2019\u00e9nergie frigorifique<\/a><\/h3>\n\t\t\t\t\t<div class=\"featured-post-block-item-excerpt\">\n\t\t\t\t\t\tSi vous exploitez une \u00e9picerie, un d\u00e9panneur ou un restaurant, vous savez \u00e0 quel point votre facture \u00e9nerg\u00e9tique globale peut \u00eatre \u00e9lev\u00e9e, surtout en ce qui concerne les appareils de\u2026\t\t\t\t\t<\/div>\n\t\t\t\t\t<!-- <a class=\"featured-post-block-item-more\" href=\"\"><\/a> -->\n\t\t\t\t\t<a class=\"featured-post-block-item-more\" href=\"https:\/\/efficiencymb.ca\/fr\/articles\/cool-your-refrigeration-energy-use\/\" aria-label=\"Poursuivre la lecture... Refroidir votre consommation d\u2019\u00e9nergie frigorifique\">Poursuivre la lecture&#8230;<\/a>\n\t\t\t\t<\/div>\n\t\t\t<\/div>\n\t\t\t\t\t<div class=\"featured-post-block-item\">\n\t\t\t\t<div class=\"featured-post-block-item-img\">\n\t\t\t\t\t<a class=\"featured-post-block-item-more\" href=\"https:\/\/efficiencymb.ca\/fr\/articles\/save-energy-at-work-this-fall\/\"><img loading=\"lazy\" decoding=\"async\" width=\"2400\" height=\"1350\" src=\"https:\/\/efficiencymb.ca\/wp-content\/uploads\/2020\/03\/banner-blog-fall-tips-2019-commercial_2x.jpg\" class=\"attachment-post-thumbnail size-post-thumbnail wp-post-image\" alt=\"Cet automne, \u00e9conomisez de l\u2019\u00e9nergie au travail\" srcset=\"https:\/\/efficiencymb.ca\/wp-content\/uploads\/2020\/03\/banner-blog-fall-tips-2019-commercial_2x.jpg 2400w, https:\/\/efficiencymb.ca\/wp-content\/uploads\/2020\/03\/banner-blog-fall-tips-2019-commercial_2x-479x269.jpg 479w, https:\/\/efficiencymb.ca\/wp-content\/uploads\/2020\/03\/banner-blog-fall-tips-2019-commercial_2x-1024x576.jpg 1024w, https:\/\/efficiencymb.ca\/wp-content\/uploads\/2020\/03\/banner-blog-fall-tips-2019-commercial_2x-768x432.jpg 768w, https:\/\/efficiencymb.ca\/wp-content\/uploads\/2020\/03\/banner-blog-fall-tips-2019-commercial_2x-1536x864.jpg 1536w, https:\/\/efficiencymb.ca\/wp-content\/uploads\/2020\/03\/banner-blog-fall-tips-2019-commercial_2x-2048x1152.jpg 2048w, https:\/\/efficiencymb.ca\/wp-content\/uploads\/2020\/03\/banner-blog-fall-tips-2019-commercial_2x-1920x1080.jpg 1920w\" sizes=\"auto, (max-width: 2400px) 100vw, 2400px\" \/><\/a>\n\t\t\t\t<\/div>\n\t\t\t\t<div class=\"featured-post-block-item-content\">\n\t\t\t\t\t<h3 class=\"wp-block-getwid-template-post-title\"><a href=\"https:\/\/efficiencymb.ca\/fr\/articles\/save-energy-at-work-this-fall\/\">Cet automne, \u00e9conomisez de l\u2019\u00e9nergie au travail<\/a><\/h3>\n\t\t\t\t\t<div class=\"featured-post-block-item-excerpt\">\n\t\t\t\t\t\tL\u2019automne est une saison synonyme de changement, des feuilles se parant de rouge et d\u2019or aux bernaches prenant leur envol pour le sud. C\u2019est le parfait moment pour r\u00e9fl\u00e9chir \u00e0\u2026\t\t\t\t\t<\/div>\n\t\t\t\t\t<!-- <a class=\"featured-post-block-item-more\" href=\"\"><\/a> -->\n\t\t\t\t\t<a class=\"featured-post-block-item-more\" href=\"https:\/\/efficiencymb.ca\/fr\/articles\/save-energy-at-work-this-fall\/\" aria-label=\"Poursuivre la lecture... Cet automne, \u00e9conomisez de l\u2019\u00e9nergie au travail\">Poursuivre la lecture&#8230;<\/a>\n\t\t\t\t<\/div>\n\t\t\t<\/div>\n\t\t\t<\/div>\n<\/div>\n\n\n\n<div style=\"height:100px\" aria-hidden=\"true\" class=\"wp-block-spacer\"><\/div>\n<\/div><\/div>\n","protected":false},"excerpt":{"rendered":"<p>TRUCS, ASTUCES ET CONSEILS<\/p>\n","protected":false},"author":10,"featured_media":3089,"parent":13103,"menu_order":0,"comment_status":"closed","ping_status":"closed","template":"","meta":{"_acf_changed":false,"footnotes":""},"class_list":["post-13276","page","type-page","status-publish","has-post-thumbnail","hentry","page_cat-programs"],"acf":[],"yoast_head":"<!-- This site is optimized with the Yoast SEO plugin v27.3 - https:\/\/yoast.com\/product\/yoast-seo-wordpress\/ -->\n<title>B\u00e2timents \u00e0 haut rendement \u00e9nerg\u00e9tique &#8212; Efficiency Manitoba<\/title>\n<meta name=\"robots\" content=\"index, follow, max-snippet:-1, max-image-preview:large, max-video-preview:-1\" \/>\n<link rel=\"canonical\" href=\"https:\/\/efficiencymb.ca\/fr\/business\/haute-performance\/\" \/>\n<meta property=\"og:locale\" content=\"fr_FR\" \/>\n<meta property=\"og:type\" content=\"article\" \/>\n<meta property=\"og:title\" content=\"B\u00e2timents \u00e0 haut rendement \u00e9nerg\u00e9tique &#8212; Efficiency Manitoba\" \/>\n<meta property=\"og:description\" content=\"TRUCS, ASTUCES ET CONSEILS\" \/>\n<meta property=\"og:url\" content=\"https:\/\/efficiencymb.ca\/fr\/business\/haute-performance\/\" \/>\n<meta property=\"og:site_name\" content=\"Efficiency Manitoba\" \/>\n<meta property=\"article:modified_time\" content=\"2024-08-30T16:30:08+00:00\" \/>\n<meta property=\"og:image\" content=\"https:\/\/efficiencymb.ca\/wp-content\/uploads\/new-construction-banner.jpg\" \/>\n\t<meta property=\"og:image:width\" content=\"2400\" \/>\n\t<meta property=\"og:image:height\" content=\"1350\" \/>\n\t<meta property=\"og:image:type\" content=\"image\/jpeg\" \/>\n<meta name=\"twitter:card\" content=\"summary_large_image\" \/>\n<meta name=\"twitter:label1\" content=\"Dur\u00e9e de lecture estim\u00e9e\" \/>\n\t<meta name=\"twitter:data1\" content=\"1 minute\" \/>\n<script type=\"application\/ld+json\" class=\"yoast-schema-graph\">{\"@context\":\"https:\\\/\\\/schema.org\",\"@graph\":[{\"@type\":\"WebPage\",\"@id\":\"https:\\\/\\\/efficiencymb.ca\\\/fr\\\/business\\\/haute-performance\\\/\",\"url\":\"https:\\\/\\\/efficiencymb.ca\\\/fr\\\/business\\\/haute-performance\\\/\",\"name\":\"B\u00e2timents \u00e0 haut rendement \u00e9nerg\u00e9tique &#8212; Efficiency Manitoba\",\"isPartOf\":{\"@id\":\"https:\\\/\\\/efficiencymb.ca\\\/#website\"},\"primaryImageOfPage\":{\"@id\":\"https:\\\/\\\/efficiencymb.ca\\\/fr\\\/business\\\/haute-performance\\\/#primaryimage\"},\"image\":{\"@id\":\"https:\\\/\\\/efficiencymb.ca\\\/fr\\\/business\\\/haute-performance\\\/#primaryimage\"},\"thumbnailUrl\":\"https:\\\/\\\/efficiencymb.ca\\\/wp-content\\\/uploads\\\/new-construction-banner.jpg\",\"datePublished\":\"2020-03-04T22:32:20+00:00\",\"dateModified\":\"2024-08-30T16:30:08+00:00\",\"breadcrumb\":{\"@id\":\"https:\\\/\\\/efficiencymb.ca\\\/fr\\\/business\\\/haute-performance\\\/#breadcrumb\"},\"inLanguage\":\"fr-FR\",\"potentialAction\":[{\"@type\":\"ReadAction\",\"target\":[\"https:\\\/\\\/efficiencymb.ca\\\/fr\\\/business\\\/haute-performance\\\/\"]}]},{\"@type\":\"ImageObject\",\"inLanguage\":\"fr-FR\",\"@id\":\"https:\\\/\\\/efficiencymb.ca\\\/fr\\\/business\\\/haute-performance\\\/#primaryimage\",\"url\":\"https:\\\/\\\/efficiencymb.ca\\\/wp-content\\\/uploads\\\/new-construction-banner.jpg\",\"contentUrl\":\"https:\\\/\\\/efficiencymb.ca\\\/wp-content\\\/uploads\\\/new-construction-banner.jpg\",\"width\":2400,\"height\":1350,\"caption\":\"Commer\u00e7ants accueillant des hommes d'affaires\"},{\"@type\":\"BreadcrumbList\",\"@id\":\"https:\\\/\\\/efficiencymb.ca\\\/fr\\\/business\\\/haute-performance\\\/#breadcrumb\",\"itemListElement\":[{\"@type\":\"ListItem\",\"position\":1,\"name\":\"Home\",\"item\":\"https:\\\/\\\/efficiencymb.ca\\\/fr\\\/\"},{\"@type\":\"ListItem\",\"position\":2,\"name\":\"MON ENTREPRISE\",\"item\":\"https:\\\/\\\/efficiencymb.ca\\\/fr\\\/business\\\/\"},{\"@type\":\"ListItem\",\"position\":3,\"name\":\"B\u00e2timents \u00e0 haut rendement \u00e9nerg\u00e9tique\"}]},{\"@type\":\"WebSite\",\"@id\":\"https:\\\/\\\/efficiencymb.ca\\\/#website\",\"url\":\"https:\\\/\\\/efficiencymb.ca\\\/\",\"name\":\"Efficiency Manitoba\",\"description\":\"\",\"publisher\":{\"@id\":\"https:\\\/\\\/efficiencymb.ca\\\/#organization\"},\"potentialAction\":[{\"@type\":\"SearchAction\",\"target\":{\"@type\":\"EntryPoint\",\"urlTemplate\":\"https:\\\/\\\/efficiencymb.ca\\\/?s={search_term_string}\"},\"query-input\":{\"@type\":\"PropertyValueSpecification\",\"valueRequired\":true,\"valueName\":\"search_term_string\"}}],\"inLanguage\":\"fr-FR\"},{\"@type\":\"Organization\",\"@id\":\"https:\\\/\\\/efficiencymb.ca\\\/#organization\",\"name\":\"Efficiency Manitoba\",\"url\":\"https:\\\/\\\/efficiencymb.ca\\\/\",\"logo\":{\"@type\":\"ImageObject\",\"inLanguage\":\"fr-FR\",\"@id\":\"https:\\\/\\\/efficiencymb.ca\\\/#\\\/schema\\\/logo\\\/image\\\/\",\"url\":\"https:\\\/\\\/efficiencymb.ca\\\/wp-content\\\/uploads\\\/em-logo-white-en.png\",\"contentUrl\":\"https:\\\/\\\/efficiencymb.ca\\\/wp-content\\\/uploads\\\/em-logo-white-en.png\",\"width\":388,\"height\":91,\"caption\":\"Efficiency Manitoba\"},\"image\":{\"@id\":\"https:\\\/\\\/efficiencymb.ca\\\/#\\\/schema\\\/logo\\\/image\\\/\"}}]}<\/script>\n<!-- \/ Yoast SEO plugin. -->","yoast_head_json":{"title":"B\u00e2timents \u00e0 haut rendement \u00e9nerg\u00e9tique &#8212; Efficiency Manitoba","robots":{"index":"index","follow":"follow","max-snippet":"max-snippet:-1","max-image-preview":"max-image-preview:large","max-video-preview":"max-video-preview:-1"},"canonical":"https:\/\/efficiencymb.ca\/fr\/business\/haute-performance\/","og_locale":"fr_FR","og_type":"article","og_title":"B\u00e2timents \u00e0 haut rendement \u00e9nerg\u00e9tique &#8212; Efficiency Manitoba","og_description":"TRUCS, ASTUCES ET CONSEILS","og_url":"https:\/\/efficiencymb.ca\/fr\/business\/haute-performance\/","og_site_name":"Efficiency Manitoba","article_modified_time":"2024-08-30T16:30:08+00:00","og_image":[{"width":2400,"height":1350,"url":"https:\/\/efficiencymb.ca\/wp-content\/uploads\/new-construction-banner.jpg","type":"image\/jpeg"}],"twitter_card":"summary_large_image","twitter_misc":{"Dur\u00e9e de lecture estim\u00e9e":"1 minute"},"schema":{"@context":"https:\/\/schema.org","@graph":[{"@type":"WebPage","@id":"https:\/\/efficiencymb.ca\/fr\/business\/haute-performance\/","url":"https:\/\/efficiencymb.ca\/fr\/business\/haute-performance\/","name":"B\u00e2timents \u00e0 haut rendement \u00e9nerg\u00e9tique &#8212; Efficiency Manitoba","isPartOf":{"@id":"https:\/\/efficiencymb.ca\/#website"},"primaryImageOfPage":{"@id":"https:\/\/efficiencymb.ca\/fr\/business\/haute-performance\/#primaryimage"},"image":{"@id":"https:\/\/efficiencymb.ca\/fr\/business\/haute-performance\/#primaryimage"},"thumbnailUrl":"https:\/\/efficiencymb.ca\/wp-content\/uploads\/new-construction-banner.jpg","datePublished":"2020-03-04T22:32:20+00:00","dateModified":"2024-08-30T16:30:08+00:00","breadcrumb":{"@id":"https:\/\/efficiencymb.ca\/fr\/business\/haute-performance\/#breadcrumb"},"inLanguage":"fr-FR","potentialAction":[{"@type":"ReadAction","target":["https:\/\/efficiencymb.ca\/fr\/business\/haute-performance\/"]}]},{"@type":"ImageObject","inLanguage":"fr-FR","@id":"https:\/\/efficiencymb.ca\/fr\/business\/haute-performance\/#primaryimage","url":"https:\/\/efficiencymb.ca\/wp-content\/uploads\/new-construction-banner.jpg","contentUrl":"https:\/\/efficiencymb.ca\/wp-content\/uploads\/new-construction-banner.jpg","width":2400,"height":1350,"caption":"Commer\u00e7ants accueillant des hommes d'affaires"},{"@type":"BreadcrumbList","@id":"https:\/\/efficiencymb.ca\/fr\/business\/haute-performance\/#breadcrumb","itemListElement":[{"@type":"ListItem","position":1,"name":"Home","item":"https:\/\/efficiencymb.ca\/fr\/"},{"@type":"ListItem","position":2,"name":"MON ENTREPRISE","item":"https:\/\/efficiencymb.ca\/fr\/business\/"},{"@type":"ListItem","position":3,"name":"B\u00e2timents \u00e0 haut rendement \u00e9nerg\u00e9tique"}]},{"@type":"WebSite","@id":"https:\/\/efficiencymb.ca\/#website","url":"https:\/\/efficiencymb.ca\/","name":"Efficiency Manitoba","description":"","publisher":{"@id":"https:\/\/efficiencymb.ca\/#organization"},"potentialAction":[{"@type":"SearchAction","target":{"@type":"EntryPoint","urlTemplate":"https:\/\/efficiencymb.ca\/?s={search_term_string}"},"query-input":{"@type":"PropertyValueSpecification","valueRequired":true,"valueName":"search_term_string"}}],"inLanguage":"fr-FR"},{"@type":"Organization","@id":"https:\/\/efficiencymb.ca\/#organization","name":"Efficiency Manitoba","url":"https:\/\/efficiencymb.ca\/","logo":{"@type":"ImageObject","inLanguage":"fr-FR","@id":"https:\/\/efficiencymb.ca\/#\/schema\/logo\/image\/","url":"https:\/\/efficiencymb.ca\/wp-content\/uploads\/em-logo-white-en.png","contentUrl":"https:\/\/efficiencymb.ca\/wp-content\/uploads\/em-logo-white-en.png","width":388,"height":91,"caption":"Efficiency Manitoba"},"image":{"@id":"https:\/\/efficiencymb.ca\/#\/schema\/logo\/image\/"}}]}},"_links":{"self":[{"href":"https:\/\/efficiencymb.ca\/fr\/wp-json\/wp\/v2\/pages\/13276","targetHints":{"allow":["GET"]}}],"collection":[{"href":"https:\/\/efficiencymb.ca\/fr\/wp-json\/wp\/v2\/pages"}],"about":[{"href":"https:\/\/efficiencymb.ca\/fr\/wp-json\/wp\/v2\/types\/page"}],"author":[{"embeddable":true,"href":"https:\/\/efficiencymb.ca\/fr\/wp-json\/wp\/v2\/users\/10"}],"replies":[{"embeddable":true,"href":"https:\/\/efficiencymb.ca\/fr\/wp-json\/wp\/v2\/comments?post=13276"}],"version-history":[{"count":13,"href":"https:\/\/efficiencymb.ca\/fr\/wp-json\/wp\/v2\/pages\/13276\/revisions"}],"predecessor-version":[{"id":67061,"href":"https:\/\/efficiencymb.ca\/fr\/wp-json\/wp\/v2\/pages\/13276\/revisions\/67061"}],"up":[{"embeddable":true,"href":"https:\/\/efficiencymb.ca\/fr\/wp-json\/wp\/v2\/pages\/13103"}],"wp:featuredmedia":[{"embeddable":true,"href":"https:\/\/efficiencymb.ca\/fr\/wp-json\/wp\/v2\/media\/3089"}],"wp:attachment":[{"href":"https:\/\/efficiencymb.ca\/fr\/wp-json\/wp\/v2\/media?parent=13276"}],"curies":[{"name":"wp","href":"https:\/\/api.w.org\/{rel}","templated":true}]}}